{"id":9988,"date":"2021-02-11T17:19:50","date_gmt":"2021-02-11T17:19:51","guid":{"rendered":"https:\/\/chemitool.com\/?post_type=product&#038;p=9988"},"modified":"2021-05-13T14:46:46","modified_gmt":"2021-05-13T14:46:46","slug":"aparelho-de-soldar-tig315p","status":"publish","type":"product","link":"https:\/\/chemitool.com\/pt-pt\/products\/welding\/tig-pt-pt\/aparelho-de-soldar-tig315p\/","title":{"rendered":"APARELHO DE SOLDAR TIG315P"},"content":{"rendered":"<p><strong>VANTAGENS<\/strong><\/p>\n<ul>\n<li>Alimenta\u00e7\u00e3o trif\u00e1sica<\/li>\n<li>Pot\u00eancia IGBT<\/li>\n<li>Corrente continua (DC) ou alternada (AC)<\/li>\n<li>Fun\u00e7\u00f5es de <em>HOT START<\/em> e <em>ARC FORCE<\/em><\/li>\n<li>Boa ventila\u00e7\u00e3o e arrefecimento<\/li>\n<li>Excelente desempenho de arranque<\/li>\n<li>Prote\u00e7\u00e3o IP21<\/li>\n<\/ul>\n<p><strong>ACESS\u00d3RIOS \u00a0INCLUIDOS<\/strong><\/p>\n<ul>\n<li>Tocha<\/li>\n<li>Mangueira<\/li>\n<li>Alicate de Massa<\/li>\n<\/ul>\n<p><img class=\"alignnone size-full wp-image-9898\" src=\"https:\/\/chemitool.com\/wp-content\/uploads\/2021\/02\/icones-soldadura-62.png\" alt=\"\" width=\"104\" height=\"102\" \/>\u00a0<img class=\"alignnone size-full wp-image-9916\" src=\"https:\/\/chemitool.com\/wp-content\/uploads\/2021\/02\/icones-soldadura-63.png\" alt=\"\" width=\"104\" height=\"102\" \/><img class=\"alignnone size-full wp-image-10177\" src=\"https:\/\/chemitool.com\/wp-content\/uploads\/2021\/02\/com-descricao-60.png\" alt=\"\" width=\"104\" height=\"102\" \/><img class=\"alignnone size-full wp-image-10174\" src=\"https:\/\/chemitool.com\/wp-content\/uploads\/2021\/02\/com-descricao-40.png\" alt=\"\" width=\"104\" height=\"102\" \/> <img class=\"alignnone size-full wp-image-10146\" src=\"https:\/\/chemitool.com\/wp-content\/uploads\/2021\/02\/com-descricao-38.png\" alt=\"\" width=\"104\" height=\"102\" \/><img class=\"alignnone size-full wp-image-9970\" src=\"https:\/\/chemitool.com\/wp-content\/uploads\/2021\/02\/icones-soldadura-39.png\" alt=\"\" width=\"104\" height=\"102\" \/><img class=\"alignnone size-full wp-image-9973\" src=\"https:\/\/chemitool.com\/wp-content\/uploads\/2021\/02\/icones-soldadura-33.png\" alt=\"\" width=\"104\" height=\"102\" \/><img class=\"alignnone size-full wp-image-9895\" src=\"https:\/\/chemitool.com\/wp-content\/uploads\/2021\/02\/icones-soldadura-05.png\" alt=\"\" width=\"104\" height=\"102\" \/> <img class=\"alignnone size-full wp-image-9892\" src=\"https:\/\/chemitool.com\/wp-content\/uploads\/2021\/02\/icones-soldadura-04-1.png\" alt=\"\" width=\"104\" height=\"102\" \/><\/p>\n","protected":false},"excerpt":{"rendered":"<p><b class=\"sap-label\">SAP:<\/b> <span class=\"codesap-label\">CHTIG315PACDC<\/span><\/p>\n<p>Aparelho de Soldar TIG315P <em>CHEMITOOL <\/em>com tecnologia inverter IGBT para soldadura MMA e TIG. Indicado para todos os materiais, proporcionando excelentes resultados de soldadura em corrente alternada (AC) para soldar alum\u00ednio e ligas leves, ou em corrente cont\u00ednua (DC) para soldadura de a\u00e7os ao carbono, inoxid\u00e1veis e outros metais ferrosos.<\/p>\n","protected":false},"featured_media":9993,"template":"","meta":[],"product_cat":[1461,1706],"product_tag":[],"yoast_head":"<!-- This site is optimized with the Yoast SEO plugin v17.4 - https:\/\/yoast.com\/wordpress\/plugins\/seo\/ -->\n<title>APARELHO DE SOLDAR TIG315P &ndash; Chemitool<\/title>\n<meta name=\"description\" content=\"SAP: CHTIG315PACDC  Aparelho de Soldar TIG315P CHEMITOOL com tecnologia inverter IGBT para soldadura MMA e TIG. Indicado para todos os materiais, proporcionando excelentes resultados de soldadura em corrente alternada (AC) para soldar alum\u00ednio e ligas leves, ou em corrente cont\u00ednua (DC) para soldadura de a\u00e7os ao carbono, inoxid\u00e1veis e outros metais ferrosos.\" \/>\n<meta name=\"robots\" content=\"index, follow, max-snippet:-1, max-image-preview:large, max-video-preview:-1\" \/>\n<link rel=\"canonical\" href=\"https:\/\/chemitool.com\/pt-pt\/products\/welding\/tig-pt-pt\/aparelho-de-soldar-tig315p\/\" \/>\n<meta property=\"og:locale\" content=\"pt_PT\" \/>\n<meta property=\"og:type\" content=\"article\" \/>\n<meta property=\"og:title\" content=\"APARELHO DE SOLDAR TIG315P &ndash; Chemitool\" \/>\n<meta property=\"og:description\" content=\"SAP: CHTIG315PACDC  Aparelho de Soldar TIG315P CHEMITOOL com tecnologia inverter IGBT para soldadura MMA e TIG. Indicado para todos os materiais, proporcionando excelentes resultados de soldadura em corrente alternada (AC) para soldar alum\u00ednio e ligas leves, ou em corrente cont\u00ednua (DC) para soldadura de a\u00e7os ao carbono, inoxid\u00e1veis e outros metais ferrosos.\" \/>\n<meta property=\"og:url\" content=\"https:\/\/chemitool.com\/pt-pt\/products\/welding\/tig-pt-pt\/aparelho-de-soldar-tig315p\/\" \/>\n<meta property=\"og:site_name\" content=\"Chemitool\" \/>\n<meta property=\"article:publisher\" content=\"https:\/\/www.facebook.com\/chemitool\" \/>\n<meta property=\"article:modified_time\" content=\"2021-05-13T14:46:46+00:00\" \/>\n<meta property=\"og:image\" content=\"https:\/\/chemitool.com\/wp-content\/uploads\/2021\/02\/TIG315P_1.png\" \/>\n\t<meta property=\"og:image:width\" content=\"800\" \/>\n\t<meta property=\"og:image:height\" content=\"800\" \/>\n<meta name=\"twitter:card\" content=\"summary_large_image\" \/>\n<meta name=\"twitter:label1\" content=\"Tempo estimado de leitura\" \/>\n\t<meta name=\"twitter:data1\" content=\"2 minutos\" \/>\n<script type=\"application\/ld+json\" class=\"yoast-schema-graph\">{\"@context\":\"https:\/\/schema.org\",\"@graph\":[{\"@type\":\"Organization\",\"@id\":\"https:\/\/chemitool.com\/#organization\",\"name\":\"Chemitool\",\"url\":\"https:\/\/chemitool.com\/\",\"sameAs\":[\"https:\/\/www.facebook.com\/chemitool\",\"https:\/\/www.instagram.com\/chemitool\/\"],\"logo\":{\"@type\":\"ImageObject\",\"@id\":\"https:\/\/chemitool.com\/#logo\",\"inLanguage\":\"pt-PT\",\"url\":\"https:\/\/chemitool.com\/wp-content\/uploads\/2020\/10\/logo_chemitool.png\",\"contentUrl\":\"https:\/\/chemitool.com\/wp-content\/uploads\/2020\/10\/logo_chemitool.png\",\"width\":400,\"height\":400,\"caption\":\"Chemitool\"},\"image\":{\"@id\":\"https:\/\/chemitool.com\/#logo\"}},{\"@type\":\"WebSite\",\"@id\":\"https:\/\/chemitool.com\/#website\",\"url\":\"https:\/\/chemitool.com\/\",\"name\":\"Chemitool\",\"description\":\"Chemitool - hardware and tools\",\"publisher\":{\"@id\":\"https:\/\/chemitool.com\/#organization\"},\"potentialAction\":[{\"@type\":\"SearchAction\",\"target\":{\"@type\":\"EntryPoint\",\"urlTemplate\":\"https:\/\/chemitool.com\/?s={search_term_string}\"},\"query-input\":\"required name=search_term_string\"}],\"inLanguage\":\"pt-PT\"},{\"@type\":\"ImageObject\",\"@id\":\"https:\/\/chemitool.com\/pt-pt\/products\/welding\/tig-pt-pt\/aparelho-de-soldar-tig315p\/#primaryimage\",\"inLanguage\":\"pt-PT\",\"url\":\"https:\/\/chemitool.com\/wp-content\/uploads\/2021\/02\/TIG315P_1.png\",\"contentUrl\":\"https:\/\/chemitool.com\/wp-content\/uploads\/2021\/02\/TIG315P_1.png\",\"width\":800,\"height\":800},{\"@type\":\"WebPage\",\"@id\":\"https:\/\/chemitool.com\/pt-pt\/products\/welding\/tig-pt-pt\/aparelho-de-soldar-tig315p\/#webpage\",\"url\":\"https:\/\/chemitool.com\/pt-pt\/products\/welding\/tig-pt-pt\/aparelho-de-soldar-tig315p\/\",\"name\":\"APARELHO DE SOLDAR TIG315P &ndash; Chemitool\",\"isPartOf\":{\"@id\":\"https:\/\/chemitool.com\/#website\"},\"primaryImageOfPage\":{\"@id\":\"https:\/\/chemitool.com\/pt-pt\/products\/welding\/tig-pt-pt\/aparelho-de-soldar-tig315p\/#primaryimage\"},\"datePublished\":\"2021-02-11T17:19:51+00:00\",\"dateModified\":\"2021-05-13T14:46:46+00:00\",\"description\":\"SAP: CHTIG315PACDC Aparelho de Soldar TIG315P CHEMITOOL com tecnologia inverter IGBT para soldadura MMA e TIG. Indicado para todos os materiais, proporcionando excelentes resultados de soldadura em corrente alternada (AC) para soldar alum\\u00ednio e ligas leves, ou em corrente cont\\u00ednua (DC) para soldadura de a\\u00e7os ao carbono, inoxid\\u00e1veis e outros metais ferrosos.\",\"breadcrumb\":{\"@id\":\"https:\/\/chemitool.com\/pt-pt\/products\/welding\/tig-pt-pt\/aparelho-de-soldar-tig315p\/#breadcrumb\"},\"inLanguage\":\"pt-PT\",\"potentialAction\":[{\"@type\":\"ReadAction\",\"target\":[\"https:\/\/chemitool.com\/pt-pt\/products\/welding\/tig-pt-pt\/aparelho-de-soldar-tig315p\/\"]}]},{\"@type\":\"BreadcrumbList\",\"@id\":\"https:\/\/chemitool.com\/pt-pt\/products\/welding\/tig-pt-pt\/aparelho-de-soldar-tig315p\/#breadcrumb\",\"itemListElement\":[{\"@type\":\"ListItem\",\"position\":1,\"name\":\"Home\",\"item\":\"https:\/\/chemitool.com\/pt-pt\/\"},{\"@type\":\"ListItem\",\"position\":2,\"name\":\"Produtos\",\"item\":\"https:\/\/chemitool.com\/pt-pt\/produtos\/\"},{\"@type\":\"ListItem\",\"position\":3,\"name\":\"Welding\",\"item\":\"https:\/\/chemitool.com\/pt-pt\/categoria-produto\/welding\/\"},{\"@type\":\"ListItem\",\"position\":4,\"name\":\"TIG\",\"item\":\"https:\/\/chemitool.com\/pt-pt\/categoria-produto\/welding\/tig-pt-pt\/\"},{\"@type\":\"ListItem\",\"position\":5,\"name\":\"APARELHO DE SOLDAR TIG315P\"}]}]}<\/script>\n<!-- \/ Yoast SEO plugin. -->","yoast_head_json":{"title":"APARELHO DE SOLDAR TIG315P &ndash; Chemitool","description":"SAP: CHTIG315PACDC  Aparelho de Soldar TIG315P CHEMITOOL com tecnologia inverter IGBT para soldadura MMA e TIG. Indicado para todos os materiais, proporcionando excelentes resultados de soldadura em corrente alternada (AC) para soldar alum\u00ednio e ligas leves, ou em corrente cont\u00ednua (DC) para soldadura de a\u00e7os ao carbono, inoxid\u00e1veis e outros metais ferrosos.","robots":{"index":"index","follow":"follow","max-snippet":"max-snippet:-1","max-image-preview":"max-image-preview:large","max-video-preview":"max-video-preview:-1"},"canonical":"https:\/\/chemitool.com\/pt-pt\/products\/welding\/tig-pt-pt\/aparelho-de-soldar-tig315p\/","og_locale":"pt_PT","og_type":"article","og_title":"APARELHO DE SOLDAR TIG315P &ndash; Chemitool","og_description":"SAP: CHTIG315PACDC  Aparelho de Soldar TIG315P CHEMITOOL com tecnologia inverter IGBT para soldadura MMA e TIG. Indicado para todos os materiais, proporcionando excelentes resultados de soldadura em corrente alternada (AC) para soldar alum\u00ednio e ligas leves, ou em corrente cont\u00ednua (DC) para soldadura de a\u00e7os ao carbono, inoxid\u00e1veis e outros metais ferrosos.","og_url":"https:\/\/chemitool.com\/pt-pt\/products\/welding\/tig-pt-pt\/aparelho-de-soldar-tig315p\/","og_site_name":"Chemitool","article_publisher":"https:\/\/www.facebook.com\/chemitool","article_modified_time":"2021-05-13T14:46:46+00:00","og_image":[{"width":800,"height":800,"url":"https:\/\/chemitool.com\/wp-content\/uploads\/2021\/02\/TIG315P_1.png","type":"image\/png"}],"twitter_card":"summary_large_image","twitter_misc":{"Tempo estimado de leitura":"2 minutos"},"schema":{"@context":"https:\/\/schema.org","@graph":[{"@type":"Organization","@id":"https:\/\/chemitool.com\/#organization","name":"Chemitool","url":"https:\/\/chemitool.com\/","sameAs":["https:\/\/www.facebook.com\/chemitool","https:\/\/www.instagram.com\/chemitool\/"],"logo":{"@type":"ImageObject","@id":"https:\/\/chemitool.com\/#logo","inLanguage":"pt-PT","url":"https:\/\/chemitool.com\/wp-content\/uploads\/2020\/10\/logo_chemitool.png","contentUrl":"https:\/\/chemitool.com\/wp-content\/uploads\/2020\/10\/logo_chemitool.png","width":400,"height":400,"caption":"Chemitool"},"image":{"@id":"https:\/\/chemitool.com\/#logo"}},{"@type":"WebSite","@id":"https:\/\/chemitool.com\/#website","url":"https:\/\/chemitool.com\/","name":"Chemitool","description":"Chemitool - hardware and tools","publisher":{"@id":"https:\/\/chemitool.com\/#organization"},"potentialAction":[{"@type":"SearchAction","target":{"@type":"EntryPoint","urlTemplate":"https:\/\/chemitool.com\/?s={search_term_string}"},"query-input":"required name=search_term_string"}],"inLanguage":"pt-PT"},{"@type":"ImageObject","@id":"https:\/\/chemitool.com\/pt-pt\/products\/welding\/tig-pt-pt\/aparelho-de-soldar-tig315p\/#primaryimage","inLanguage":"pt-PT","url":"https:\/\/chemitool.com\/wp-content\/uploads\/2021\/02\/TIG315P_1.png","contentUrl":"https:\/\/chemitool.com\/wp-content\/uploads\/2021\/02\/TIG315P_1.png","width":800,"height":800},{"@type":"WebPage","@id":"https:\/\/chemitool.com\/pt-pt\/products\/welding\/tig-pt-pt\/aparelho-de-soldar-tig315p\/#webpage","url":"https:\/\/chemitool.com\/pt-pt\/products\/welding\/tig-pt-pt\/aparelho-de-soldar-tig315p\/","name":"APARELHO DE SOLDAR TIG315P &ndash; Chemitool","isPartOf":{"@id":"https:\/\/chemitool.com\/#website"},"primaryImageOfPage":{"@id":"https:\/\/chemitool.com\/pt-pt\/products\/welding\/tig-pt-pt\/aparelho-de-soldar-tig315p\/#primaryimage"},"datePublished":"2021-02-11T17:19:51+00:00","dateModified":"2021-05-13T14:46:46+00:00","description":"SAP: CHTIG315PACDC Aparelho de Soldar TIG315P CHEMITOOL com tecnologia inverter IGBT para soldadura MMA e TIG. Indicado para todos os materiais, proporcionando excelentes resultados de soldadura em corrente alternada (AC) para soldar alum\u00ednio e ligas leves, ou em corrente cont\u00ednua (DC) para soldadura de a\u00e7os ao carbono, inoxid\u00e1veis e outros metais ferrosos.","breadcrumb":{"@id":"https:\/\/chemitool.com\/pt-pt\/products\/welding\/tig-pt-pt\/aparelho-de-soldar-tig315p\/#breadcrumb"},"inLanguage":"pt-PT","potentialAction":[{"@type":"ReadAction","target":["https:\/\/chemitool.com\/pt-pt\/products\/welding\/tig-pt-pt\/aparelho-de-soldar-tig315p\/"]}]},{"@type":"BreadcrumbList","@id":"https:\/\/chemitool.com\/pt-pt\/products\/welding\/tig-pt-pt\/aparelho-de-soldar-tig315p\/#breadcrumb","itemListElement":[{"@type":"ListItem","position":1,"name":"Home","item":"https:\/\/chemitool.com\/pt-pt\/"},{"@type":"ListItem","position":2,"name":"Produtos","item":"https:\/\/chemitool.com\/pt-pt\/produtos\/"},{"@type":"ListItem","position":3,"name":"Welding","item":"https:\/\/chemitool.com\/pt-pt\/categoria-produto\/welding\/"},{"@type":"ListItem","position":4,"name":"TIG","item":"https:\/\/chemitool.com\/pt-pt\/categoria-produto\/welding\/tig-pt-pt\/"},{"@type":"ListItem","position":5,"name":"APARELHO DE SOLDAR TIG315P"}]}]}},"_links":{"self":[{"href":"https:\/\/chemitool.com\/pt-pt\/wp-json\/wp\/v2\/product\/9988"}],"collection":[{"href":"https:\/\/chemitool.com\/pt-pt\/wp-json\/wp\/v2\/product"}],"about":[{"href":"https:\/\/chemitool.com\/pt-pt\/wp-json\/wp\/v2\/types\/product"}],"wp:featuredmedia":[{"embeddable":true,"href":"https:\/\/chemitool.com\/pt-pt\/wp-json\/wp\/v2\/media\/9993"}],"wp:attachment":[{"href":"https:\/\/chemitool.com\/pt-pt\/wp-json\/wp\/v2\/media?parent=9988"}],"wp:term":[{"taxonomy":"product_cat","embeddable":true,"href":"https:\/\/chemitool.com\/pt-pt\/wp-json\/wp\/v2\/product_cat?post=9988"},{"taxonomy":"product_tag","embeddable":true,"href":"https:\/\/chemitool.com\/pt-pt\/wp-json\/wp\/v2\/product_tag?post=9988"}],"curies":[{"name":"wp","href":"https:\/\/api.w.org\/{rel}","templated":true}]}}