{"id":9330,"date":"2021-01-27T17:12:39","date_gmt":"2021-01-27T17:12:40","guid":{"rendered":"https:\/\/chemitool.com\/?post_type=product&#038;p=9330"},"modified":"2021-05-13T14:53:22","modified_gmt":"2021-05-13T14:53:22","slug":"selante-acrilico-arenoso-chemiacryl","status":"publish","type":"product","link":"https:\/\/chemitool.com\/pt-pt\/products\/chemicals\/selantes\/selante-acrilico-arenoso-chemiacryl\/","title":{"rendered":"SELANTE ACR\u00cdLICO ARENOSO CHEMIACRYL"},"content":{"rendered":"<p><strong>VANTAGENS<\/strong><\/p>\n<ul>\n<li>Aplica\u00e7\u00e3o interior e exterior<\/li>\n<li>Para juntas de baixo movimento<\/li>\n<li>Resistente \u00e0 luz solar, raios U.V, chuva e neve<\/li>\n<li>Pode ser pintado<\/li>\n<li>Inodoro<\/li>\n<li>Cont\u00e9m fungicida<\/li>\n<\/ul>\n<p><strong>INDICA\u00c7\u00d5ES<\/strong><\/p>\n<p>Para obter uma ades\u00e3o perfeita, as superf\u00edcies devem estar limpas e sem vest\u00edgios de poeira, graxa, \u00f3leo, \u00e1gua ou ferrugem. Para limpar, use solventes org\u00e2nicos (\u00e1lcool, acetona ou MEK) at\u00e9 que toda a sujidade seja completamente eliminada. Nunca use sabonetes, detergentes ou \u00e1gua.<br \/>\nArmazenar o produto num local fresco, seco e bem ventilado a uma temperatura entre 5\u00baC e 25\u00baC. Manter o produto longe de fontes de calor e humidade.<\/p>\n","protected":false},"excerpt":{"rendered":"<p><b class=\"sap-label\">SAP:<\/b> <span class=\"codesap-label\">CH14020001<\/span><\/p>\n<p><em>Selante Acr\u00edlico Arenoso CHEMIACRYL<\/em> \u00e9 indicado para uso universal em juntas de baixo movimento.<\/p>\n","protected":false},"featured_media":9341,"template":"","meta":[],"product_cat":[109,1530],"product_tag":[118],"yoast_head":"<!-- This site is optimized with the Yoast SEO plugin v17.4 - https:\/\/yoast.com\/wordpress\/plugins\/seo\/ -->\n<title>SELANTE ACR\u00cdLICO ARENOSO CHEMIACRYL &ndash; Chemitool<\/title>\n<meta name=\"description\" content=\"SAP: CH14020001  Selante Acr\u00edlico Arenoso CHEMIACRYL \u00e9 indicado para uso universal em juntas de baixo movimento.\" \/>\n<meta name=\"robots\" content=\"index, follow, max-snippet:-1, max-image-preview:large, max-video-preview:-1\" \/>\n<link rel=\"canonical\" href=\"https:\/\/chemitool.com\/pt-pt\/products\/chemicals\/selantes\/selante-acrilico-arenoso-chemiacryl\/\" \/>\n<meta property=\"og:locale\" content=\"pt_PT\" \/>\n<meta property=\"og:type\" content=\"article\" \/>\n<meta property=\"og:title\" content=\"SELANTE ACR\u00cdLICO ARENOSO CHEMIACRYL &ndash; Chemitool\" \/>\n<meta property=\"og:description\" content=\"SAP: CH14020001  Selante Acr\u00edlico Arenoso CHEMIACRYL \u00e9 indicado para uso universal em juntas de baixo movimento.\" \/>\n<meta property=\"og:url\" content=\"https:\/\/chemitool.com\/pt-pt\/products\/chemicals\/selantes\/selante-acrilico-arenoso-chemiacryl\/\" \/>\n<meta property=\"og:site_name\" content=\"Chemitool\" \/>\n<meta property=\"article:publisher\" content=\"https:\/\/www.facebook.com\/chemitool\" \/>\n<meta property=\"article:modified_time\" content=\"2021-05-13T14:53:22+00:00\" \/>\n<meta property=\"og:image\" content=\"https:\/\/chemitool.com\/wp-content\/uploads\/2021\/01\/CH14020001_sandy_acrylic_sealant_chemitool.png\" \/>\n\t<meta property=\"og:image:width\" content=\"800\" \/>\n\t<meta property=\"og:image:height\" content=\"800\" \/>\n<meta name=\"twitter:card\" content=\"summary_large_image\" \/>\n<meta name=\"twitter:label1\" content=\"Tempo estimado de leitura\" \/>\n\t<meta name=\"twitter:data1\" content=\"1 minuto\" \/>\n<script type=\"application\/ld+json\" class=\"yoast-schema-graph\">{\"@context\":\"https:\/\/schema.org\",\"@graph\":[{\"@type\":\"Organization\",\"@id\":\"https:\/\/chemitool.com\/#organization\",\"name\":\"Chemitool\",\"url\":\"https:\/\/chemitool.com\/\",\"sameAs\":[\"https:\/\/www.facebook.com\/chemitool\",\"https:\/\/www.instagram.com\/chemitool\/\"],\"logo\":{\"@type\":\"ImageObject\",\"@id\":\"https:\/\/chemitool.com\/#logo\",\"inLanguage\":\"pt-PT\",\"url\":\"https:\/\/chemitool.com\/wp-content\/uploads\/2020\/10\/logo_chemitool.png\",\"contentUrl\":\"https:\/\/chemitool.com\/wp-content\/uploads\/2020\/10\/logo_chemitool.png\",\"width\":400,\"height\":400,\"caption\":\"Chemitool\"},\"image\":{\"@id\":\"https:\/\/chemitool.com\/#logo\"}},{\"@type\":\"WebSite\",\"@id\":\"https:\/\/chemitool.com\/#website\",\"url\":\"https:\/\/chemitool.com\/\",\"name\":\"Chemitool\",\"description\":\"Chemitool - hardware and tools\",\"publisher\":{\"@id\":\"https:\/\/chemitool.com\/#organization\"},\"potentialAction\":[{\"@type\":\"SearchAction\",\"target\":{\"@type\":\"EntryPoint\",\"urlTemplate\":\"https:\/\/chemitool.com\/?s={search_term_string}\"},\"query-input\":\"required name=search_term_string\"}],\"inLanguage\":\"pt-PT\"},{\"@type\":\"ImageObject\",\"@id\":\"https:\/\/chemitool.com\/pt-pt\/products\/chemicals\/selantes\/selante-acrilico-arenoso-chemiacryl\/#primaryimage\",\"inLanguage\":\"pt-PT\",\"url\":\"https:\/\/chemitool.com\/wp-content\/uploads\/2021\/01\/CH14020001_sandy_acrylic_sealant_chemitool.png\",\"contentUrl\":\"https:\/\/chemitool.com\/wp-content\/uploads\/2021\/01\/CH14020001_sandy_acrylic_sealant_chemitool.png\",\"width\":800,\"height\":800},{\"@type\":\"WebPage\",\"@id\":\"https:\/\/chemitool.com\/pt-pt\/products\/chemicals\/selantes\/selante-acrilico-arenoso-chemiacryl\/#webpage\",\"url\":\"https:\/\/chemitool.com\/pt-pt\/products\/chemicals\/selantes\/selante-acrilico-arenoso-chemiacryl\/\",\"name\":\"SELANTE ACR\\u00cdLICO ARENOSO CHEMIACRYL &ndash; Chemitool\",\"isPartOf\":{\"@id\":\"https:\/\/chemitool.com\/#website\"},\"primaryImageOfPage\":{\"@id\":\"https:\/\/chemitool.com\/pt-pt\/products\/chemicals\/selantes\/selante-acrilico-arenoso-chemiacryl\/#primaryimage\"},\"datePublished\":\"2021-01-27T17:12:40+00:00\",\"dateModified\":\"2021-05-13T14:53:22+00:00\",\"description\":\"SAP: CH14020001 Selante Acr\\u00edlico Arenoso CHEMIACRYL \\u00e9 indicado para uso universal em juntas de baixo movimento.\",\"breadcrumb\":{\"@id\":\"https:\/\/chemitool.com\/pt-pt\/products\/chemicals\/selantes\/selante-acrilico-arenoso-chemiacryl\/#breadcrumb\"},\"inLanguage\":\"pt-PT\",\"potentialAction\":[{\"@type\":\"ReadAction\",\"target\":[\"https:\/\/chemitool.com\/pt-pt\/products\/chemicals\/selantes\/selante-acrilico-arenoso-chemiacryl\/\"]}]},{\"@type\":\"BreadcrumbList\",\"@id\":\"https:\/\/chemitool.com\/pt-pt\/products\/chemicals\/selantes\/selante-acrilico-arenoso-chemiacryl\/#breadcrumb\",\"itemListElement\":[{\"@type\":\"ListItem\",\"position\":1,\"name\":\"Home\",\"item\":\"https:\/\/chemitool.com\/pt-pt\/\"},{\"@type\":\"ListItem\",\"position\":2,\"name\":\"Produtos\",\"item\":\"https:\/\/chemitool.com\/pt-pt\/produtos\/\"},{\"@type\":\"ListItem\",\"position\":3,\"name\":\"Chemicals\",\"item\":\"https:\/\/chemitool.com\/product-category\/chemical-products\/\"},{\"@type\":\"ListItem\",\"position\":4,\"name\":\"SELANTE ACR\\u00cdLICO ARENOSO CHEMIACRYL\"}]}]}<\/script>\n<!-- \/ Yoast SEO plugin. -->","yoast_head_json":{"title":"SELANTE ACR\u00cdLICO ARENOSO CHEMIACRYL &ndash; Chemitool","description":"SAP: CH14020001  Selante Acr\u00edlico Arenoso CHEMIACRYL \u00e9 indicado para uso universal em juntas de baixo movimento.","robots":{"index":"index","follow":"follow","max-snippet":"max-snippet:-1","max-image-preview":"max-image-preview:large","max-video-preview":"max-video-preview:-1"},"canonical":"https:\/\/chemitool.com\/pt-pt\/products\/chemicals\/selantes\/selante-acrilico-arenoso-chemiacryl\/","og_locale":"pt_PT","og_type":"article","og_title":"SELANTE ACR\u00cdLICO ARENOSO CHEMIACRYL &ndash; Chemitool","og_description":"SAP: CH14020001  Selante Acr\u00edlico Arenoso CHEMIACRYL \u00e9 indicado para uso universal em juntas de baixo movimento.","og_url":"https:\/\/chemitool.com\/pt-pt\/products\/chemicals\/selantes\/selante-acrilico-arenoso-chemiacryl\/","og_site_name":"Chemitool","article_publisher":"https:\/\/www.facebook.com\/chemitool","article_modified_time":"2021-05-13T14:53:22+00:00","og_image":[{"width":800,"height":800,"url":"https:\/\/chemitool.com\/wp-content\/uploads\/2021\/01\/CH14020001_sandy_acrylic_sealant_chemitool.png","type":"image\/png"}],"twitter_card":"summary_large_image","twitter_misc":{"Tempo estimado de leitura":"1 minuto"},"schema":{"@context":"https:\/\/schema.org","@graph":[{"@type":"Organization","@id":"https:\/\/chemitool.com\/#organization","name":"Chemitool","url":"https:\/\/chemitool.com\/","sameAs":["https:\/\/www.facebook.com\/chemitool","https:\/\/www.instagram.com\/chemitool\/"],"logo":{"@type":"ImageObject","@id":"https:\/\/chemitool.com\/#logo","inLanguage":"pt-PT","url":"https:\/\/chemitool.com\/wp-content\/uploads\/2020\/10\/logo_chemitool.png","contentUrl":"https:\/\/chemitool.com\/wp-content\/uploads\/2020\/10\/logo_chemitool.png","width":400,"height":400,"caption":"Chemitool"},"image":{"@id":"https:\/\/chemitool.com\/#logo"}},{"@type":"WebSite","@id":"https:\/\/chemitool.com\/#website","url":"https:\/\/chemitool.com\/","name":"Chemitool","description":"Chemitool - hardware and tools","publisher":{"@id":"https:\/\/chemitool.com\/#organization"},"potentialAction":[{"@type":"SearchAction","target":{"@type":"EntryPoint","urlTemplate":"https:\/\/chemitool.com\/?s={search_term_string}"},"query-input":"required name=search_term_string"}],"inLanguage":"pt-PT"},{"@type":"ImageObject","@id":"https:\/\/chemitool.com\/pt-pt\/products\/chemicals\/selantes\/selante-acrilico-arenoso-chemiacryl\/#primaryimage","inLanguage":"pt-PT","url":"https:\/\/chemitool.com\/wp-content\/uploads\/2021\/01\/CH14020001_sandy_acrylic_sealant_chemitool.png","contentUrl":"https:\/\/chemitool.com\/wp-content\/uploads\/2021\/01\/CH14020001_sandy_acrylic_sealant_chemitool.png","width":800,"height":800},{"@type":"WebPage","@id":"https:\/\/chemitool.com\/pt-pt\/products\/chemicals\/selantes\/selante-acrilico-arenoso-chemiacryl\/#webpage","url":"https:\/\/chemitool.com\/pt-pt\/products\/chemicals\/selantes\/selante-acrilico-arenoso-chemiacryl\/","name":"SELANTE ACR\u00cdLICO ARENOSO CHEMIACRYL &ndash; Chemitool","isPartOf":{"@id":"https:\/\/chemitool.com\/#website"},"primaryImageOfPage":{"@id":"https:\/\/chemitool.com\/pt-pt\/products\/chemicals\/selantes\/selante-acrilico-arenoso-chemiacryl\/#primaryimage"},"datePublished":"2021-01-27T17:12:40+00:00","dateModified":"2021-05-13T14:53:22+00:00","description":"SAP: CH14020001 Selante Acr\u00edlico Arenoso CHEMIACRYL \u00e9 indicado para uso universal em juntas de baixo movimento.","breadcrumb":{"@id":"https:\/\/chemitool.com\/pt-pt\/products\/chemicals\/selantes\/selante-acrilico-arenoso-chemiacryl\/#breadcrumb"},"inLanguage":"pt-PT","potentialAction":[{"@type":"ReadAction","target":["https:\/\/chemitool.com\/pt-pt\/products\/chemicals\/selantes\/selante-acrilico-arenoso-chemiacryl\/"]}]},{"@type":"BreadcrumbList","@id":"https:\/\/chemitool.com\/pt-pt\/products\/chemicals\/selantes\/selante-acrilico-arenoso-chemiacryl\/#breadcrumb","itemListElement":[{"@type":"ListItem","position":1,"name":"Home","item":"https:\/\/chemitool.com\/pt-pt\/"},{"@type":"ListItem","position":2,"name":"Produtos","item":"https:\/\/chemitool.com\/pt-pt\/produtos\/"},{"@type":"ListItem","position":3,"name":"Chemicals","item":"https:\/\/chemitool.com\/product-category\/chemical-products\/"},{"@type":"ListItem","position":4,"name":"SELANTE ACR\u00cdLICO ARENOSO CHEMIACRYL"}]}]}},"_links":{"self":[{"href":"https:\/\/chemitool.com\/pt-pt\/wp-json\/wp\/v2\/product\/9330"}],"collection":[{"href":"https:\/\/chemitool.com\/pt-pt\/wp-json\/wp\/v2\/product"}],"about":[{"href":"https:\/\/chemitool.com\/pt-pt\/wp-json\/wp\/v2\/types\/product"}],"wp:featuredmedia":[{"embeddable":true,"href":"https:\/\/chemitool.com\/pt-pt\/wp-json\/wp\/v2\/media\/9341"}],"wp:attachment":[{"href":"https:\/\/chemitool.com\/pt-pt\/wp-json\/wp\/v2\/media?parent=9330"}],"wp:term":[{"taxonomy":"product_cat","embeddable":true,"href":"https:\/\/chemitool.com\/pt-pt\/wp-json\/wp\/v2\/product_cat?post=9330"},{"taxonomy":"product_tag","embeddable":true,"href":"https:\/\/chemitool.com\/pt-pt\/wp-json\/wp\/v2\/product_tag?post=9330"}],"curies":[{"name":"wp","href":"https:\/\/api.w.org\/{rel}","templated":true}]}}