{"id":8767,"date":"2020-10-12T11:12:44","date_gmt":"2020-10-12T11:12:44","guid":{"rendered":"https:\/\/chemitool.com\/products\/sem categoria\/gel-para-maos-a-base-de-alcool-chemiclean\/"},"modified":"2020-10-12T11:12:44","modified_gmt":"2020-10-12T11:12:44","slug":"gel-para-maos-a-base-de-alcool-chemiclean","status":"publish","type":"product","link":"https:\/\/chemitool.com\/pt-pt\/products\/chemicals\/limpeza-e-manutencao\/higiene-de-maos\/gel-para-maos-a-base-de-alcool-chemiclean\/","title":{"rendered":"GEL PARA M\u00c3OS \u00c0 BASE DE \u00c1LCOOL CHEMICLEAN"},"content":{"rendered":"<p><strong>VANTAGENS<\/strong><\/p>\n<ul>\n<li>Eficaz contra a maioria das bact\u00e9rias, fungos e v\u00edrus<\/li>\n<li>Limpa e desinfeta<\/li>\n<li>Deixa a pele suave<\/li>\n<li>Indicado para m\u00e3os<\/li>\n<li>N\u00e3o necessita enxaguamento<\/li>\n<\/ul>\n","protected":false},"excerpt":{"rendered":"<p>O <em>Gel para M\u00e3os \u00e0 base de \u00c1lcool CHEMICLEAN<\/em> \u00e9 indicado para desinfe\u00e7\u00e3o imediata das m\u00e3os.<\/p>\n","protected":false},"featured_media":8752,"template":"","meta":[],"product_cat":[109,1556,4232],"product_tag":[3679,2874],"yoast_head":"<!-- This site is optimized with the Yoast SEO plugin v17.4 - https:\/\/yoast.com\/wordpress\/plugins\/seo\/ -->\n<title>GEL PARA M\u00c3OS \u00c0 BASE DE \u00c1LCOOL CHEMICLEAN &ndash; Chemitool<\/title>\n<meta name=\"description\" content=\"O Gel para M\u00e3os \u00e0 base de \u00c1lcool CHEMICLEAN \u00e9 indicado para desinfe\u00e7\u00e3o imediata das m\u00e3os.\" \/>\n<meta name=\"robots\" content=\"index, follow, max-snippet:-1, max-image-preview:large, max-video-preview:-1\" \/>\n<link rel=\"canonical\" href=\"https:\/\/chemitool.com\/pt-pt\/products\/chemicals\/limpeza-e-manutencao\/higiene-de-maos\/gel-para-maos-a-base-de-alcool-chemiclean\/\" \/>\n<meta property=\"og:locale\" content=\"pt_PT\" \/>\n<meta property=\"og:type\" content=\"article\" \/>\n<meta property=\"og:title\" content=\"GEL PARA M\u00c3OS \u00c0 BASE DE \u00c1LCOOL CHEMICLEAN &ndash; Chemitool\" \/>\n<meta property=\"og:description\" content=\"O Gel para M\u00e3os \u00e0 base de \u00c1lcool CHEMICLEAN \u00e9 indicado para desinfe\u00e7\u00e3o imediata das m\u00e3os.\" \/>\n<meta property=\"og:url\" content=\"https:\/\/chemitool.com\/pt-pt\/products\/chemicals\/limpeza-e-manutencao\/higiene-de-maos\/gel-para-maos-a-base-de-alcool-chemiclean\/\" \/>\n<meta property=\"og:site_name\" content=\"Chemitool\" \/>\n<meta property=\"article:publisher\" content=\"https:\/\/www.facebook.com\/chemitool\" \/>\n<meta property=\"og:image\" content=\"https:\/\/chemitool.com\/wp-content\/uploads\/2020\/10\/chemitool_sanitizer-ALL.jpg\" \/>\n\t<meta property=\"og:image:width\" content=\"1892\" \/>\n\t<meta property=\"og:image:height\" content=\"2268\" \/>\n<meta name=\"twitter:card\" content=\"summary_large_image\" \/>\n<script type=\"application\/ld+json\" class=\"yoast-schema-graph\">{\"@context\":\"https:\/\/schema.org\",\"@graph\":[{\"@type\":\"Organization\",\"@id\":\"https:\/\/chemitool.com\/#organization\",\"name\":\"Chemitool\",\"url\":\"https:\/\/chemitool.com\/\",\"sameAs\":[\"https:\/\/www.facebook.com\/chemitool\",\"https:\/\/www.instagram.com\/chemitool\/\"],\"logo\":{\"@type\":\"ImageObject\",\"@id\":\"https:\/\/chemitool.com\/#logo\",\"inLanguage\":\"pt-PT\",\"url\":\"https:\/\/chemitool.com\/wp-content\/uploads\/2020\/10\/logo_chemitool.png\",\"contentUrl\":\"https:\/\/chemitool.com\/wp-content\/uploads\/2020\/10\/logo_chemitool.png\",\"width\":400,\"height\":400,\"caption\":\"Chemitool\"},\"image\":{\"@id\":\"https:\/\/chemitool.com\/#logo\"}},{\"@type\":\"WebSite\",\"@id\":\"https:\/\/chemitool.com\/#website\",\"url\":\"https:\/\/chemitool.com\/\",\"name\":\"Chemitool\",\"description\":\"Chemitool - hardware and tools\",\"publisher\":{\"@id\":\"https:\/\/chemitool.com\/#organization\"},\"potentialAction\":[{\"@type\":\"SearchAction\",\"target\":{\"@type\":\"EntryPoint\",\"urlTemplate\":\"https:\/\/chemitool.com\/?s={search_term_string}\"},\"query-input\":\"required name=search_term_string\"}],\"inLanguage\":\"pt-PT\"},{\"@type\":\"ImageObject\",\"@id\":\"https:\/\/chemitool.com\/pt-pt\/products\/chemicals\/limpeza-e-manutencao\/higiene-de-maos\/gel-para-maos-a-base-de-alcool-chemiclean\/#primaryimage\",\"inLanguage\":\"pt-PT\",\"url\":\"https:\/\/chemitool.com\/wp-content\/uploads\/2020\/10\/chemitool_sanitizer-ALL.jpg\",\"contentUrl\":\"https:\/\/chemitool.com\/wp-content\/uploads\/2020\/10\/chemitool_sanitizer-ALL.jpg\",\"width\":1892,\"height\":2268},{\"@type\":\"WebPage\",\"@id\":\"https:\/\/chemitool.com\/pt-pt\/products\/chemicals\/limpeza-e-manutencao\/higiene-de-maos\/gel-para-maos-a-base-de-alcool-chemiclean\/#webpage\",\"url\":\"https:\/\/chemitool.com\/pt-pt\/products\/chemicals\/limpeza-e-manutencao\/higiene-de-maos\/gel-para-maos-a-base-de-alcool-chemiclean\/\",\"name\":\"GEL PARA M\\u00c3OS \\u00c0 BASE DE \\u00c1LCOOL CHEMICLEAN &ndash; Chemitool\",\"isPartOf\":{\"@id\":\"https:\/\/chemitool.com\/#website\"},\"primaryImageOfPage\":{\"@id\":\"https:\/\/chemitool.com\/pt-pt\/products\/chemicals\/limpeza-e-manutencao\/higiene-de-maos\/gel-para-maos-a-base-de-alcool-chemiclean\/#primaryimage\"},\"datePublished\":\"2020-10-12T11:12:44+00:00\",\"dateModified\":\"2020-10-12T11:12:44+00:00\",\"description\":\"O Gel para M\\u00e3os \\u00e0 base de \\u00c1lcool CHEMICLEAN \\u00e9 indicado para desinfe\\u00e7\\u00e3o imediata das m\\u00e3os.\",\"breadcrumb\":{\"@id\":\"https:\/\/chemitool.com\/pt-pt\/products\/chemicals\/limpeza-e-manutencao\/higiene-de-maos\/gel-para-maos-a-base-de-alcool-chemiclean\/#breadcrumb\"},\"inLanguage\":\"pt-PT\",\"potentialAction\":[{\"@type\":\"ReadAction\",\"target\":[\"https:\/\/chemitool.com\/pt-pt\/products\/chemicals\/limpeza-e-manutencao\/higiene-de-maos\/gel-para-maos-a-base-de-alcool-chemiclean\/\"]}]},{\"@type\":\"BreadcrumbList\",\"@id\":\"https:\/\/chemitool.com\/pt-pt\/products\/chemicals\/limpeza-e-manutencao\/higiene-de-maos\/gel-para-maos-a-base-de-alcool-chemiclean\/#breadcrumb\",\"itemListElement\":[{\"@type\":\"ListItem\",\"position\":1,\"name\":\"Home\",\"item\":\"https:\/\/chemitool.com\/pt-pt\/\"},{\"@type\":\"ListItem\",\"position\":2,\"name\":\"Produtos\",\"item\":\"https:\/\/chemitool.com\/pt-pt\/produtos\/\"},{\"@type\":\"ListItem\",\"position\":3,\"name\":\"Chemicals\",\"item\":\"https:\/\/chemitool.com\/pt-pt\/categoria-produto\/chemicals\/\"},{\"@type\":\"ListItem\",\"position\":4,\"name\":\"Limpeza e Manuten\\u00e7\\u00e3o\",\"item\":\"https:\/\/chemitool.com\/pt-pt\/categoria-produto\/chemicals\/limpeza-e-manutencao\/\"},{\"@type\":\"ListItem\",\"position\":5,\"name\":\"Higiene de m\\u00e3os\",\"item\":\"https:\/\/chemitool.com\/pt-pt\/categoria-produto\/chemicals\/limpeza-e-manutencao\/higiene-de-maos\/\"},{\"@type\":\"ListItem\",\"position\":6,\"name\":\"GEL PARA M\\u00c3OS \\u00c0 BASE DE \\u00c1LCOOL CHEMICLEAN\"}]}]}<\/script>\n<!-- \/ Yoast SEO plugin. -->","yoast_head_json":{"title":"GEL PARA M\u00c3OS \u00c0 BASE DE \u00c1LCOOL CHEMICLEAN &ndash; Chemitool","description":"O Gel para M\u00e3os \u00e0 base de \u00c1lcool CHEMICLEAN \u00e9 indicado para desinfe\u00e7\u00e3o imediata das m\u00e3os.","robots":{"index":"index","follow":"follow","max-snippet":"max-snippet:-1","max-image-preview":"max-image-preview:large","max-video-preview":"max-video-preview:-1"},"canonical":"https:\/\/chemitool.com\/pt-pt\/products\/chemicals\/limpeza-e-manutencao\/higiene-de-maos\/gel-para-maos-a-base-de-alcool-chemiclean\/","og_locale":"pt_PT","og_type":"article","og_title":"GEL PARA M\u00c3OS \u00c0 BASE DE \u00c1LCOOL CHEMICLEAN &ndash; Chemitool","og_description":"O Gel para M\u00e3os \u00e0 base de \u00c1lcool CHEMICLEAN \u00e9 indicado para desinfe\u00e7\u00e3o imediata das m\u00e3os.","og_url":"https:\/\/chemitool.com\/pt-pt\/products\/chemicals\/limpeza-e-manutencao\/higiene-de-maos\/gel-para-maos-a-base-de-alcool-chemiclean\/","og_site_name":"Chemitool","article_publisher":"https:\/\/www.facebook.com\/chemitool","og_image":[{"width":1892,"height":2268,"url":"https:\/\/chemitool.com\/wp-content\/uploads\/2020\/10\/chemitool_sanitizer-ALL.jpg","type":"image\/jpeg"}],"twitter_card":"summary_large_image","schema":{"@context":"https:\/\/schema.org","@graph":[{"@type":"Organization","@id":"https:\/\/chemitool.com\/#organization","name":"Chemitool","url":"https:\/\/chemitool.com\/","sameAs":["https:\/\/www.facebook.com\/chemitool","https:\/\/www.instagram.com\/chemitool\/"],"logo":{"@type":"ImageObject","@id":"https:\/\/chemitool.com\/#logo","inLanguage":"pt-PT","url":"https:\/\/chemitool.com\/wp-content\/uploads\/2020\/10\/logo_chemitool.png","contentUrl":"https:\/\/chemitool.com\/wp-content\/uploads\/2020\/10\/logo_chemitool.png","width":400,"height":400,"caption":"Chemitool"},"image":{"@id":"https:\/\/chemitool.com\/#logo"}},{"@type":"WebSite","@id":"https:\/\/chemitool.com\/#website","url":"https:\/\/chemitool.com\/","name":"Chemitool","description":"Chemitool - hardware and tools","publisher":{"@id":"https:\/\/chemitool.com\/#organization"},"potentialAction":[{"@type":"SearchAction","target":{"@type":"EntryPoint","urlTemplate":"https:\/\/chemitool.com\/?s={search_term_string}"},"query-input":"required name=search_term_string"}],"inLanguage":"pt-PT"},{"@type":"ImageObject","@id":"https:\/\/chemitool.com\/pt-pt\/products\/chemicals\/limpeza-e-manutencao\/higiene-de-maos\/gel-para-maos-a-base-de-alcool-chemiclean\/#primaryimage","inLanguage":"pt-PT","url":"https:\/\/chemitool.com\/wp-content\/uploads\/2020\/10\/chemitool_sanitizer-ALL.jpg","contentUrl":"https:\/\/chemitool.com\/wp-content\/uploads\/2020\/10\/chemitool_sanitizer-ALL.jpg","width":1892,"height":2268},{"@type":"WebPage","@id":"https:\/\/chemitool.com\/pt-pt\/products\/chemicals\/limpeza-e-manutencao\/higiene-de-maos\/gel-para-maos-a-base-de-alcool-chemiclean\/#webpage","url":"https:\/\/chemitool.com\/pt-pt\/products\/chemicals\/limpeza-e-manutencao\/higiene-de-maos\/gel-para-maos-a-base-de-alcool-chemiclean\/","name":"GEL PARA M\u00c3OS \u00c0 BASE DE \u00c1LCOOL CHEMICLEAN &ndash; Chemitool","isPartOf":{"@id":"https:\/\/chemitool.com\/#website"},"primaryImageOfPage":{"@id":"https:\/\/chemitool.com\/pt-pt\/products\/chemicals\/limpeza-e-manutencao\/higiene-de-maos\/gel-para-maos-a-base-de-alcool-chemiclean\/#primaryimage"},"datePublished":"2020-10-12T11:12:44+00:00","dateModified":"2020-10-12T11:12:44+00:00","description":"O Gel para M\u00e3os \u00e0 base de \u00c1lcool CHEMICLEAN \u00e9 indicado para desinfe\u00e7\u00e3o imediata das m\u00e3os.","breadcrumb":{"@id":"https:\/\/chemitool.com\/pt-pt\/products\/chemicals\/limpeza-e-manutencao\/higiene-de-maos\/gel-para-maos-a-base-de-alcool-chemiclean\/#breadcrumb"},"inLanguage":"pt-PT","potentialAction":[{"@type":"ReadAction","target":["https:\/\/chemitool.com\/pt-pt\/products\/chemicals\/limpeza-e-manutencao\/higiene-de-maos\/gel-para-maos-a-base-de-alcool-chemiclean\/"]}]},{"@type":"BreadcrumbList","@id":"https:\/\/chemitool.com\/pt-pt\/products\/chemicals\/limpeza-e-manutencao\/higiene-de-maos\/gel-para-maos-a-base-de-alcool-chemiclean\/#breadcrumb","itemListElement":[{"@type":"ListItem","position":1,"name":"Home","item":"https:\/\/chemitool.com\/pt-pt\/"},{"@type":"ListItem","position":2,"name":"Produtos","item":"https:\/\/chemitool.com\/pt-pt\/produtos\/"},{"@type":"ListItem","position":3,"name":"Chemicals","item":"https:\/\/chemitool.com\/pt-pt\/categoria-produto\/chemicals\/"},{"@type":"ListItem","position":4,"name":"Limpeza e Manuten\u00e7\u00e3o","item":"https:\/\/chemitool.com\/pt-pt\/categoria-produto\/chemicals\/limpeza-e-manutencao\/"},{"@type":"ListItem","position":5,"name":"Higiene de m\u00e3os","item":"https:\/\/chemitool.com\/pt-pt\/categoria-produto\/chemicals\/limpeza-e-manutencao\/higiene-de-maos\/"},{"@type":"ListItem","position":6,"name":"GEL PARA M\u00c3OS \u00c0 BASE DE \u00c1LCOOL CHEMICLEAN"}]}]}},"_links":{"self":[{"href":"https:\/\/chemitool.com\/pt-pt\/wp-json\/wp\/v2\/product\/8767"}],"collection":[{"href":"https:\/\/chemitool.com\/pt-pt\/wp-json\/wp\/v2\/product"}],"about":[{"href":"https:\/\/chemitool.com\/pt-pt\/wp-json\/wp\/v2\/types\/product"}],"wp:featuredmedia":[{"embeddable":true,"href":"https:\/\/chemitool.com\/pt-pt\/wp-json\/wp\/v2\/media\/8752"}],"wp:attachment":[{"href":"https:\/\/chemitool.com\/pt-pt\/wp-json\/wp\/v2\/media?parent=8767"}],"wp:term":[{"taxonomy":"product_cat","embeddable":true,"href":"https:\/\/chemitool.com\/pt-pt\/wp-json\/wp\/v2\/product_cat?post=8767"},{"taxonomy":"product_tag","embeddable":true,"href":"https:\/\/chemitool.com\/pt-pt\/wp-json\/wp\/v2\/product_tag?post=8767"}],"curies":[{"name":"wp","href":"https:\/\/api.w.org\/{rel}","templated":true}]}}