{"id":7907,"date":"2020-09-28T13:07:35","date_gmt":"2020-09-28T13:07:35","guid":{"rendered":"https:\/\/chemitool.com\/products\/sem%20categoria\/pasta-lava-maos-chemiclean\/"},"modified":"2025-09-19T16:50:30","modified_gmt":"2025-09-19T16:50:30","slug":"pasta-lava-maos-chemiclean","status":"publish","type":"product","link":"https:\/\/chemitool.com\/pt-pt\/products\/chemicals\/limpeza-e-manutencao\/higiene-de-maos\/pasta-lava-maos-chemiclean\/","title":{"rendered":"PASTA LAVA M\u00c3OS CHEMICLEAN"},"content":{"rendered":"<p><strong>VANTAGENS<\/strong><\/p>\n<ul>\n<li>Elevado poder de limpeza com alto poder desengordurante<\/li>\n<li>Com subst\u00e2ncias emolientes e hidratantes. Deixa a pele suave.<\/li>\n<li>Sem micropl\u00e1sticos<\/li>\n<li>N\u00e3o entope as tubagens dos drenos<\/li>\n<li>Cor- Avel\u00e3<\/li>\n<li>Aroma a lim\u00e3o<\/li>\n<li>Sem solventes<\/li>\n<li>Isento de silicone<\/li>\n<li>Indicado para uso profissional<\/li>\n<li>PH 6,5<\/li>\n<li>Testado dermatologicamente<\/li>\n<\/ul>\n","protected":false},"excerpt":{"rendered":"<p><em>Pasta Lava M\u00e3os CHEMICLEAN<\/em> com microesferas vegetais e minerais, de cor avel\u00e3 e com aroma a lim\u00e3o, ideal para qualquer tipo de sujidade dif\u00edcil. Possui agentes de lavagem especialmente concebidos para remover todos os tipos de sujidade, lava as suas m\u00e3os enquanto preserva o equil\u00edbrio hidrolip\u00eddico normal da pele.<\/p>\n","protected":false},"featured_media":31632,"template":"","meta":[],"product_cat":[109,1556,4232],"product_tag":[4819,4820],"yoast_head":"<!-- This site is optimized with the Yoast SEO plugin v17.4 - https:\/\/yoast.com\/wordpress\/plugins\/seo\/ -->\n<title>PASTA LAVA M\u00c3OS CHEMICLEAN &ndash; Chemitool<\/title>\n<meta name=\"description\" content=\"Pasta Lava M\u00e3os CHEMICLEAN com microesferas vegetais e minerais, de cor avel\u00e3 e com aroma a lim\u00e3o, ideal para qualquer tipo de sujidade dif\u00edcil. Possui agentes de lavagem especialmente concebidos para remover todos os tipos de sujidade, lava as suas m\u00e3os enquanto preserva o equil\u00edbrio hidrolip\u00eddico normal da pele.\" \/>\n<meta name=\"robots\" content=\"index, follow, max-snippet:-1, max-image-preview:large, max-video-preview:-1\" \/>\n<link rel=\"canonical\" href=\"https:\/\/chemitool.com\/pt-pt\/products\/chemicals\/limpeza-e-manutencao\/higiene-de-maos\/pasta-lava-maos-chemiclean\/\" \/>\n<meta property=\"og:locale\" content=\"pt_PT\" \/>\n<meta property=\"og:type\" content=\"article\" \/>\n<meta property=\"og:title\" content=\"PASTA LAVA M\u00c3OS CHEMICLEAN &ndash; Chemitool\" \/>\n<meta property=\"og:description\" content=\"Pasta Lava M\u00e3os CHEMICLEAN com microesferas vegetais e minerais, de cor avel\u00e3 e com aroma a lim\u00e3o, ideal para qualquer tipo de sujidade dif\u00edcil. Possui agentes de lavagem especialmente concebidos para remover todos os tipos de sujidade, lava as suas m\u00e3os enquanto preserva o equil\u00edbrio hidrolip\u00eddico normal da pele.\" \/>\n<meta property=\"og:url\" content=\"https:\/\/chemitool.com\/pt-pt\/products\/chemicals\/limpeza-e-manutencao\/higiene-de-maos\/pasta-lava-maos-chemiclean\/\" \/>\n<meta property=\"og:site_name\" content=\"Chemitool\" \/>\n<meta property=\"article:publisher\" content=\"https:\/\/www.facebook.com\/chemitool\" \/>\n<meta property=\"article:modified_time\" content=\"2025-09-19T16:50:30+00:00\" \/>\n<meta property=\"og:image\" content=\"https:\/\/chemitool.com\/wp-content\/uploads\/2020\/09\/CH24000002.png\" \/>\n\t<meta property=\"og:image:width\" content=\"800\" \/>\n\t<meta property=\"og:image:height\" content=\"800\" \/>\n<meta name=\"twitter:card\" content=\"summary_large_image\" \/>\n<script type=\"application\/ld+json\" class=\"yoast-schema-graph\">{\"@context\":\"https:\/\/schema.org\",\"@graph\":[{\"@type\":\"Organization\",\"@id\":\"https:\/\/chemitool.com\/#organization\",\"name\":\"Chemitool\",\"url\":\"https:\/\/chemitool.com\/\",\"sameAs\":[\"https:\/\/www.facebook.com\/chemitool\",\"https:\/\/www.instagram.com\/chemitool\/\"],\"logo\":{\"@type\":\"ImageObject\",\"@id\":\"https:\/\/chemitool.com\/#logo\",\"inLanguage\":\"pt-PT\",\"url\":\"https:\/\/chemitool.com\/wp-content\/uploads\/2020\/10\/logo_chemitool.png\",\"contentUrl\":\"https:\/\/chemitool.com\/wp-content\/uploads\/2020\/10\/logo_chemitool.png\",\"width\":400,\"height\":400,\"caption\":\"Chemitool\"},\"image\":{\"@id\":\"https:\/\/chemitool.com\/#logo\"}},{\"@type\":\"WebSite\",\"@id\":\"https:\/\/chemitool.com\/#website\",\"url\":\"https:\/\/chemitool.com\/\",\"name\":\"Chemitool\",\"description\":\"Chemitool - hardware and tools\",\"publisher\":{\"@id\":\"https:\/\/chemitool.com\/#organization\"},\"potentialAction\":[{\"@type\":\"SearchAction\",\"target\":{\"@type\":\"EntryPoint\",\"urlTemplate\":\"https:\/\/chemitool.com\/?s={search_term_string}\"},\"query-input\":\"required name=search_term_string\"}],\"inLanguage\":\"pt-PT\"},{\"@type\":\"ImageObject\",\"@id\":\"https:\/\/chemitool.com\/pt-pt\/products\/chemicals\/limpeza-e-manutencao\/higiene-de-maos\/pasta-lava-maos-chemiclean\/#primaryimage\",\"inLanguage\":\"pt-PT\",\"url\":\"https:\/\/chemitool.com\/wp-content\/uploads\/2020\/09\/CH24000002.png\",\"contentUrl\":\"https:\/\/chemitool.com\/wp-content\/uploads\/2020\/09\/CH24000002.png\",\"width\":800,\"height\":800},{\"@type\":\"WebPage\",\"@id\":\"https:\/\/chemitool.com\/pt-pt\/products\/chemicals\/limpeza-e-manutencao\/higiene-de-maos\/pasta-lava-maos-chemiclean\/#webpage\",\"url\":\"https:\/\/chemitool.com\/pt-pt\/products\/chemicals\/limpeza-e-manutencao\/higiene-de-maos\/pasta-lava-maos-chemiclean\/\",\"name\":\"PASTA LAVA M\\u00c3OS CHEMICLEAN &ndash; Chemitool\",\"isPartOf\":{\"@id\":\"https:\/\/chemitool.com\/#website\"},\"primaryImageOfPage\":{\"@id\":\"https:\/\/chemitool.com\/pt-pt\/products\/chemicals\/limpeza-e-manutencao\/higiene-de-maos\/pasta-lava-maos-chemiclean\/#primaryimage\"},\"datePublished\":\"2020-09-28T13:07:35+00:00\",\"dateModified\":\"2025-09-19T16:50:30+00:00\",\"description\":\"Pasta Lava M\\u00e3os CHEMICLEAN com microesferas vegetais e minerais, de cor avel\\u00e3 e com aroma a lim\\u00e3o, ideal para qualquer tipo de sujidade dif\\u00edcil. Possui agentes de lavagem especialmente concebidos para remover todos os tipos de sujidade, lava as suas m\\u00e3os enquanto preserva o equil\\u00edbrio hidrolip\\u00eddico normal da pele.\",\"breadcrumb\":{\"@id\":\"https:\/\/chemitool.com\/pt-pt\/products\/chemicals\/limpeza-e-manutencao\/higiene-de-maos\/pasta-lava-maos-chemiclean\/#breadcrumb\"},\"inLanguage\":\"pt-PT\",\"potentialAction\":[{\"@type\":\"ReadAction\",\"target\":[\"https:\/\/chemitool.com\/pt-pt\/products\/chemicals\/limpeza-e-manutencao\/higiene-de-maos\/pasta-lava-maos-chemiclean\/\"]}]},{\"@type\":\"BreadcrumbList\",\"@id\":\"https:\/\/chemitool.com\/pt-pt\/products\/chemicals\/limpeza-e-manutencao\/higiene-de-maos\/pasta-lava-maos-chemiclean\/#breadcrumb\",\"itemListElement\":[{\"@type\":\"ListItem\",\"position\":1,\"name\":\"Home\",\"item\":\"https:\/\/chemitool.com\/pt-pt\/\"},{\"@type\":\"ListItem\",\"position\":2,\"name\":\"Produtos\",\"item\":\"https:\/\/chemitool.com\/pt-pt\/produtos\/\"},{\"@type\":\"ListItem\",\"position\":3,\"name\":\"Chemicals\",\"item\":\"https:\/\/chemitool.com\/product-category\/chemical-products\/\"},{\"@type\":\"ListItem\",\"position\":4,\"name\":\"PASTA LAVA M\\u00c3OS CHEMICLEAN\"}]}]}<\/script>\n<!-- \/ Yoast SEO plugin. -->","yoast_head_json":{"title":"PASTA LAVA M\u00c3OS CHEMICLEAN &ndash; Chemitool","description":"Pasta Lava M\u00e3os CHEMICLEAN com microesferas vegetais e minerais, de cor avel\u00e3 e com aroma a lim\u00e3o, ideal para qualquer tipo de sujidade dif\u00edcil. Possui agentes de lavagem especialmente concebidos para remover todos os tipos de sujidade, lava as suas m\u00e3os enquanto preserva o equil\u00edbrio hidrolip\u00eddico normal da pele.","robots":{"index":"index","follow":"follow","max-snippet":"max-snippet:-1","max-image-preview":"max-image-preview:large","max-video-preview":"max-video-preview:-1"},"canonical":"https:\/\/chemitool.com\/pt-pt\/products\/chemicals\/limpeza-e-manutencao\/higiene-de-maos\/pasta-lava-maos-chemiclean\/","og_locale":"pt_PT","og_type":"article","og_title":"PASTA LAVA M\u00c3OS CHEMICLEAN &ndash; Chemitool","og_description":"Pasta Lava M\u00e3os CHEMICLEAN com microesferas vegetais e minerais, de cor avel\u00e3 e com aroma a lim\u00e3o, ideal para qualquer tipo de sujidade dif\u00edcil. Possui agentes de lavagem especialmente concebidos para remover todos os tipos de sujidade, lava as suas m\u00e3os enquanto preserva o equil\u00edbrio hidrolip\u00eddico normal da pele.","og_url":"https:\/\/chemitool.com\/pt-pt\/products\/chemicals\/limpeza-e-manutencao\/higiene-de-maos\/pasta-lava-maos-chemiclean\/","og_site_name":"Chemitool","article_publisher":"https:\/\/www.facebook.com\/chemitool","article_modified_time":"2025-09-19T16:50:30+00:00","og_image":[{"width":800,"height":800,"url":"https:\/\/chemitool.com\/wp-content\/uploads\/2020\/09\/CH24000002.png","type":"image\/png"}],"twitter_card":"summary_large_image","schema":{"@context":"https:\/\/schema.org","@graph":[{"@type":"Organization","@id":"https:\/\/chemitool.com\/#organization","name":"Chemitool","url":"https:\/\/chemitool.com\/","sameAs":["https:\/\/www.facebook.com\/chemitool","https:\/\/www.instagram.com\/chemitool\/"],"logo":{"@type":"ImageObject","@id":"https:\/\/chemitool.com\/#logo","inLanguage":"pt-PT","url":"https:\/\/chemitool.com\/wp-content\/uploads\/2020\/10\/logo_chemitool.png","contentUrl":"https:\/\/chemitool.com\/wp-content\/uploads\/2020\/10\/logo_chemitool.png","width":400,"height":400,"caption":"Chemitool"},"image":{"@id":"https:\/\/chemitool.com\/#logo"}},{"@type":"WebSite","@id":"https:\/\/chemitool.com\/#website","url":"https:\/\/chemitool.com\/","name":"Chemitool","description":"Chemitool - hardware and tools","publisher":{"@id":"https:\/\/chemitool.com\/#organization"},"potentialAction":[{"@type":"SearchAction","target":{"@type":"EntryPoint","urlTemplate":"https:\/\/chemitool.com\/?s={search_term_string}"},"query-input":"required name=search_term_string"}],"inLanguage":"pt-PT"},{"@type":"ImageObject","@id":"https:\/\/chemitool.com\/pt-pt\/products\/chemicals\/limpeza-e-manutencao\/higiene-de-maos\/pasta-lava-maos-chemiclean\/#primaryimage","inLanguage":"pt-PT","url":"https:\/\/chemitool.com\/wp-content\/uploads\/2020\/09\/CH24000002.png","contentUrl":"https:\/\/chemitool.com\/wp-content\/uploads\/2020\/09\/CH24000002.png","width":800,"height":800},{"@type":"WebPage","@id":"https:\/\/chemitool.com\/pt-pt\/products\/chemicals\/limpeza-e-manutencao\/higiene-de-maos\/pasta-lava-maos-chemiclean\/#webpage","url":"https:\/\/chemitool.com\/pt-pt\/products\/chemicals\/limpeza-e-manutencao\/higiene-de-maos\/pasta-lava-maos-chemiclean\/","name":"PASTA LAVA M\u00c3OS CHEMICLEAN &ndash; Chemitool","isPartOf":{"@id":"https:\/\/chemitool.com\/#website"},"primaryImageOfPage":{"@id":"https:\/\/chemitool.com\/pt-pt\/products\/chemicals\/limpeza-e-manutencao\/higiene-de-maos\/pasta-lava-maos-chemiclean\/#primaryimage"},"datePublished":"2020-09-28T13:07:35+00:00","dateModified":"2025-09-19T16:50:30+00:00","description":"Pasta Lava M\u00e3os CHEMICLEAN com microesferas vegetais e minerais, de cor avel\u00e3 e com aroma a lim\u00e3o, ideal para qualquer tipo de sujidade dif\u00edcil. Possui agentes de lavagem especialmente concebidos para remover todos os tipos de sujidade, lava as suas m\u00e3os enquanto preserva o equil\u00edbrio hidrolip\u00eddico normal da pele.","breadcrumb":{"@id":"https:\/\/chemitool.com\/pt-pt\/products\/chemicals\/limpeza-e-manutencao\/higiene-de-maos\/pasta-lava-maos-chemiclean\/#breadcrumb"},"inLanguage":"pt-PT","potentialAction":[{"@type":"ReadAction","target":["https:\/\/chemitool.com\/pt-pt\/products\/chemicals\/limpeza-e-manutencao\/higiene-de-maos\/pasta-lava-maos-chemiclean\/"]}]},{"@type":"BreadcrumbList","@id":"https:\/\/chemitool.com\/pt-pt\/products\/chemicals\/limpeza-e-manutencao\/higiene-de-maos\/pasta-lava-maos-chemiclean\/#breadcrumb","itemListElement":[{"@type":"ListItem","position":1,"name":"Home","item":"https:\/\/chemitool.com\/pt-pt\/"},{"@type":"ListItem","position":2,"name":"Produtos","item":"https:\/\/chemitool.com\/pt-pt\/produtos\/"},{"@type":"ListItem","position":3,"name":"Chemicals","item":"https:\/\/chemitool.com\/product-category\/chemical-products\/"},{"@type":"ListItem","position":4,"name":"PASTA LAVA M\u00c3OS CHEMICLEAN"}]}]}},"_links":{"self":[{"href":"https:\/\/chemitool.com\/pt-pt\/wp-json\/wp\/v2\/product\/7907"}],"collection":[{"href":"https:\/\/chemitool.com\/pt-pt\/wp-json\/wp\/v2\/product"}],"about":[{"href":"https:\/\/chemitool.com\/pt-pt\/wp-json\/wp\/v2\/types\/product"}],"wp:featuredmedia":[{"embeddable":true,"href":"https:\/\/chemitool.com\/pt-pt\/wp-json\/wp\/v2\/media\/31632"}],"wp:attachment":[{"href":"https:\/\/chemitool.com\/pt-pt\/wp-json\/wp\/v2\/media?parent=7907"}],"wp:term":[{"taxonomy":"product_cat","embeddable":true,"href":"https:\/\/chemitool.com\/pt-pt\/wp-json\/wp\/v2\/product_cat?post=7907"},{"taxonomy":"product_tag","embeddable":true,"href":"https:\/\/chemitool.com\/pt-pt\/wp-json\/wp\/v2\/product_tag?post=7907"}],"curies":[{"name":"wp","href":"https:\/\/api.w.org\/{rel}","templated":true}]}}