{"id":6608,"date":"2020-09-11T17:12:52","date_gmt":"2020-09-11T17:12:52","guid":{"rendered":"https:\/\/chemitool.com\/products\/sem%20categoria\/spray-higienizante-alcool-90-chemisol\/"},"modified":"2021-05-13T14:58:23","modified_gmt":"2021-05-13T14:58:23","slug":"spray-higienizante-alcool-90-chemiclean","status":"publish","type":"product","link":"https:\/\/chemitool.com\/pt-pt\/products\/chemicals\/limpeza-e-manutencao\/desinfecao\/spray-higienizante-alcool-90-chemiclean\/","title":{"rendered":"SPRAY HIGIENIZANTE \u00c1LCOOL 90% CHEMICLEAN"},"content":{"rendered":"<p><strong>VANTAGENS<\/strong><\/p>\n<ul>\n<li>Spray com grau de pureza de 90%<\/li>\n<li>Incolor e l\u00edmpido, n\u00e3o cont\u00e9m corantes ou perfumes<\/li>\n<li>F\u00e1cil de usar<\/li>\n<li>Limpa em profundidade removendo todos os tipos de sujidade (riscos e impress\u00f5es digitais das superf\u00edcies)<\/li>\n<li>Evapora rapidamente, sem deixar res\u00edduos<\/li>\n<\/ul>\n<p><strong>INDICA\u00c7\u00d5ES<\/strong><\/p>\n<p>Armazenar o produto num local seco, com temperatura entre 0\u00b0C e 45\u00b0C. Depois de usar, manter o recipiente fechado. Se mantido na embalagem original, o produto pode ser conservado durante 24 meses, sem perder propriedades. A validade do produto n\u00e3o expira. Mantenha fora do alcance de crian\u00e7as.<\/p>\n<p>&nbsp;<\/p>\n","protected":false},"excerpt":{"rendered":"<p><b class=\"sap-label\">SAP:<\/b> <span class=\"codesap-label\">CHC030110<\/span><\/p>\n<p><em>Spray Higienizante \u00c1lcool 90% CHEMICLEAN <\/em>com grau de pureza de 90% \u00e9 adequado para limpeza, desengordurante ou solvente.<\/p>\n","protected":false},"featured_media":7869,"template":"","meta":[],"product_cat":[109,1556,4202],"product_tag":[],"yoast_head":"<!-- This site is optimized with the Yoast SEO plugin v17.4 - https:\/\/yoast.com\/wordpress\/plugins\/seo\/ -->\n<title>SPRAY HIGIENIZANTE \u00c1LCOOL 90% CHEMICLEAN &ndash; Chemitool<\/title>\n<meta name=\"description\" content=\"SAP: CHC030110  Spray Higienizante \u00c1lcool 90% CHEMICLEAN com grau de pureza de 90% \u00e9 adequado para limpeza, desengordurante ou solvente.\" \/>\n<meta name=\"robots\" content=\"index, follow, max-snippet:-1, max-image-preview:large, max-video-preview:-1\" \/>\n<link rel=\"canonical\" href=\"https:\/\/chemitool.com\/pt-pt\/products\/chemicals\/limpeza-e-manutencao\/desinfecao\/spray-higienizante-alcool-90-chemiclean\/\" \/>\n<meta property=\"og:locale\" content=\"pt_PT\" \/>\n<meta property=\"og:type\" content=\"article\" \/>\n<meta property=\"og:title\" content=\"SPRAY HIGIENIZANTE \u00c1LCOOL 90% CHEMICLEAN &ndash; Chemitool\" \/>\n<meta property=\"og:description\" content=\"SAP: CHC030110  Spray Higienizante \u00c1lcool 90% CHEMICLEAN com grau de pureza de 90% \u00e9 adequado para limpeza, desengordurante ou solvente.\" \/>\n<meta property=\"og:url\" content=\"https:\/\/chemitool.com\/pt-pt\/products\/chemicals\/limpeza-e-manutencao\/desinfecao\/spray-higienizante-alcool-90-chemiclean\/\" \/>\n<meta property=\"og:site_name\" content=\"Chemitool\" \/>\n<meta property=\"article:publisher\" content=\"https:\/\/www.facebook.com\/chemitool\" \/>\n<meta property=\"article:modified_time\" content=\"2021-05-13T14:58:23+00:00\" \/>\n<meta property=\"og:image\" content=\"https:\/\/chemitool.com\/wp-content\/uploads\/2020\/09\/CHEMICLEAN-ALCOOL90.png\" \/>\n\t<meta property=\"og:image:width\" content=\"800\" \/>\n\t<meta property=\"og:image:height\" content=\"800\" \/>\n<meta name=\"twitter:card\" content=\"summary_large_image\" \/>\n<script type=\"application\/ld+json\" class=\"yoast-schema-graph\">{\"@context\":\"https:\/\/schema.org\",\"@graph\":[{\"@type\":\"Organization\",\"@id\":\"https:\/\/chemitool.com\/#organization\",\"name\":\"Chemitool\",\"url\":\"https:\/\/chemitool.com\/\",\"sameAs\":[\"https:\/\/www.facebook.com\/chemitool\",\"https:\/\/www.instagram.com\/chemitool\/\"],\"logo\":{\"@type\":\"ImageObject\",\"@id\":\"https:\/\/chemitool.com\/#logo\",\"inLanguage\":\"pt-PT\",\"url\":\"https:\/\/chemitool.com\/wp-content\/uploads\/2020\/10\/logo_chemitool.png\",\"contentUrl\":\"https:\/\/chemitool.com\/wp-content\/uploads\/2020\/10\/logo_chemitool.png\",\"width\":400,\"height\":400,\"caption\":\"Chemitool\"},\"image\":{\"@id\":\"https:\/\/chemitool.com\/#logo\"}},{\"@type\":\"WebSite\",\"@id\":\"https:\/\/chemitool.com\/#website\",\"url\":\"https:\/\/chemitool.com\/\",\"name\":\"Chemitool\",\"description\":\"Chemitool - hardware and tools\",\"publisher\":{\"@id\":\"https:\/\/chemitool.com\/#organization\"},\"potentialAction\":[{\"@type\":\"SearchAction\",\"target\":{\"@type\":\"EntryPoint\",\"urlTemplate\":\"https:\/\/chemitool.com\/?s={search_term_string}\"},\"query-input\":\"required name=search_term_string\"}],\"inLanguage\":\"pt-PT\"},{\"@type\":\"ImageObject\",\"@id\":\"https:\/\/chemitool.com\/pt-pt\/products\/chemicals\/limpeza-e-manutencao\/desinfecao\/spray-higienizante-alcool-90-chemiclean\/#primaryimage\",\"inLanguage\":\"pt-PT\",\"url\":\"https:\/\/chemitool.com\/wp-content\/uploads\/2020\/09\/CHEMICLEAN-ALCOOL90.png\",\"contentUrl\":\"https:\/\/chemitool.com\/wp-content\/uploads\/2020\/09\/CHEMICLEAN-ALCOOL90.png\",\"width\":800,\"height\":800},{\"@type\":\"WebPage\",\"@id\":\"https:\/\/chemitool.com\/pt-pt\/products\/chemicals\/limpeza-e-manutencao\/desinfecao\/spray-higienizante-alcool-90-chemiclean\/#webpage\",\"url\":\"https:\/\/chemitool.com\/pt-pt\/products\/chemicals\/limpeza-e-manutencao\/desinfecao\/spray-higienizante-alcool-90-chemiclean\/\",\"name\":\"SPRAY HIGIENIZANTE \\u00c1LCOOL 90% CHEMICLEAN &ndash; Chemitool\",\"isPartOf\":{\"@id\":\"https:\/\/chemitool.com\/#website\"},\"primaryImageOfPage\":{\"@id\":\"https:\/\/chemitool.com\/pt-pt\/products\/chemicals\/limpeza-e-manutencao\/desinfecao\/spray-higienizante-alcool-90-chemiclean\/#primaryimage\"},\"datePublished\":\"2020-09-11T17:12:52+00:00\",\"dateModified\":\"2021-05-13T14:58:23+00:00\",\"description\":\"SAP: CHC030110 Spray Higienizante \\u00c1lcool 90% CHEMICLEAN com grau de pureza de 90% \\u00e9 adequado para limpeza, desengordurante ou solvente.\",\"breadcrumb\":{\"@id\":\"https:\/\/chemitool.com\/pt-pt\/products\/chemicals\/limpeza-e-manutencao\/desinfecao\/spray-higienizante-alcool-90-chemiclean\/#breadcrumb\"},\"inLanguage\":\"pt-PT\",\"potentialAction\":[{\"@type\":\"ReadAction\",\"target\":[\"https:\/\/chemitool.com\/pt-pt\/products\/chemicals\/limpeza-e-manutencao\/desinfecao\/spray-higienizante-alcool-90-chemiclean\/\"]}]},{\"@type\":\"BreadcrumbList\",\"@id\":\"https:\/\/chemitool.com\/pt-pt\/products\/chemicals\/limpeza-e-manutencao\/desinfecao\/spray-higienizante-alcool-90-chemiclean\/#breadcrumb\",\"itemListElement\":[{\"@type\":\"ListItem\",\"position\":1,\"name\":\"Home\",\"item\":\"https:\/\/chemitool.com\/pt-pt\/\"},{\"@type\":\"ListItem\",\"position\":2,\"name\":\"Produtos\",\"item\":\"https:\/\/chemitool.com\/pt-pt\/produtos\/\"},{\"@type\":\"ListItem\",\"position\":3,\"name\":\"Chemicals\",\"item\":\"https:\/\/chemitool.com\/pt-pt\/categoria-produto\/chemicals\/\"},{\"@type\":\"ListItem\",\"position\":4,\"name\":\"Limpeza e Manuten\\u00e7\\u00e3o\",\"item\":\"https:\/\/chemitool.com\/pt-pt\/categoria-produto\/chemicals\/limpeza-e-manutencao\/\"},{\"@type\":\"ListItem\",\"position\":5,\"name\":\"Desinfe\\u00e7\\u00e3o\",\"item\":\"https:\/\/chemitool.com\/pt-pt\/categoria-produto\/chemicals\/limpeza-e-manutencao\/desinfecao\/\"},{\"@type\":\"ListItem\",\"position\":6,\"name\":\"SPRAY HIGIENIZANTE \\u00c1LCOOL 90% CHEMICLEAN\"}]}]}<\/script>\n<!-- \/ Yoast SEO plugin. -->","yoast_head_json":{"title":"SPRAY HIGIENIZANTE \u00c1LCOOL 90% CHEMICLEAN &ndash; Chemitool","description":"SAP: CHC030110  Spray Higienizante \u00c1lcool 90% CHEMICLEAN com grau de pureza de 90% \u00e9 adequado para limpeza, desengordurante ou solvente.","robots":{"index":"index","follow":"follow","max-snippet":"max-snippet:-1","max-image-preview":"max-image-preview:large","max-video-preview":"max-video-preview:-1"},"canonical":"https:\/\/chemitool.com\/pt-pt\/products\/chemicals\/limpeza-e-manutencao\/desinfecao\/spray-higienizante-alcool-90-chemiclean\/","og_locale":"pt_PT","og_type":"article","og_title":"SPRAY HIGIENIZANTE \u00c1LCOOL 90% CHEMICLEAN &ndash; Chemitool","og_description":"SAP: CHC030110  Spray Higienizante \u00c1lcool 90% CHEMICLEAN com grau de pureza de 90% \u00e9 adequado para limpeza, desengordurante ou solvente.","og_url":"https:\/\/chemitool.com\/pt-pt\/products\/chemicals\/limpeza-e-manutencao\/desinfecao\/spray-higienizante-alcool-90-chemiclean\/","og_site_name":"Chemitool","article_publisher":"https:\/\/www.facebook.com\/chemitool","article_modified_time":"2021-05-13T14:58:23+00:00","og_image":[{"width":800,"height":800,"url":"https:\/\/chemitool.com\/wp-content\/uploads\/2020\/09\/CHEMICLEAN-ALCOOL90.png","type":"image\/png"}],"twitter_card":"summary_large_image","schema":{"@context":"https:\/\/schema.org","@graph":[{"@type":"Organization","@id":"https:\/\/chemitool.com\/#organization","name":"Chemitool","url":"https:\/\/chemitool.com\/","sameAs":["https:\/\/www.facebook.com\/chemitool","https:\/\/www.instagram.com\/chemitool\/"],"logo":{"@type":"ImageObject","@id":"https:\/\/chemitool.com\/#logo","inLanguage":"pt-PT","url":"https:\/\/chemitool.com\/wp-content\/uploads\/2020\/10\/logo_chemitool.png","contentUrl":"https:\/\/chemitool.com\/wp-content\/uploads\/2020\/10\/logo_chemitool.png","width":400,"height":400,"caption":"Chemitool"},"image":{"@id":"https:\/\/chemitool.com\/#logo"}},{"@type":"WebSite","@id":"https:\/\/chemitool.com\/#website","url":"https:\/\/chemitool.com\/","name":"Chemitool","description":"Chemitool - hardware and tools","publisher":{"@id":"https:\/\/chemitool.com\/#organization"},"potentialAction":[{"@type":"SearchAction","target":{"@type":"EntryPoint","urlTemplate":"https:\/\/chemitool.com\/?s={search_term_string}"},"query-input":"required name=search_term_string"}],"inLanguage":"pt-PT"},{"@type":"ImageObject","@id":"https:\/\/chemitool.com\/pt-pt\/products\/chemicals\/limpeza-e-manutencao\/desinfecao\/spray-higienizante-alcool-90-chemiclean\/#primaryimage","inLanguage":"pt-PT","url":"https:\/\/chemitool.com\/wp-content\/uploads\/2020\/09\/CHEMICLEAN-ALCOOL90.png","contentUrl":"https:\/\/chemitool.com\/wp-content\/uploads\/2020\/09\/CHEMICLEAN-ALCOOL90.png","width":800,"height":800},{"@type":"WebPage","@id":"https:\/\/chemitool.com\/pt-pt\/products\/chemicals\/limpeza-e-manutencao\/desinfecao\/spray-higienizante-alcool-90-chemiclean\/#webpage","url":"https:\/\/chemitool.com\/pt-pt\/products\/chemicals\/limpeza-e-manutencao\/desinfecao\/spray-higienizante-alcool-90-chemiclean\/","name":"SPRAY HIGIENIZANTE \u00c1LCOOL 90% CHEMICLEAN &ndash; Chemitool","isPartOf":{"@id":"https:\/\/chemitool.com\/#website"},"primaryImageOfPage":{"@id":"https:\/\/chemitool.com\/pt-pt\/products\/chemicals\/limpeza-e-manutencao\/desinfecao\/spray-higienizante-alcool-90-chemiclean\/#primaryimage"},"datePublished":"2020-09-11T17:12:52+00:00","dateModified":"2021-05-13T14:58:23+00:00","description":"SAP: CHC030110 Spray Higienizante \u00c1lcool 90% CHEMICLEAN com grau de pureza de 90% \u00e9 adequado para limpeza, desengordurante ou solvente.","breadcrumb":{"@id":"https:\/\/chemitool.com\/pt-pt\/products\/chemicals\/limpeza-e-manutencao\/desinfecao\/spray-higienizante-alcool-90-chemiclean\/#breadcrumb"},"inLanguage":"pt-PT","potentialAction":[{"@type":"ReadAction","target":["https:\/\/chemitool.com\/pt-pt\/products\/chemicals\/limpeza-e-manutencao\/desinfecao\/spray-higienizante-alcool-90-chemiclean\/"]}]},{"@type":"BreadcrumbList","@id":"https:\/\/chemitool.com\/pt-pt\/products\/chemicals\/limpeza-e-manutencao\/desinfecao\/spray-higienizante-alcool-90-chemiclean\/#breadcrumb","itemListElement":[{"@type":"ListItem","position":1,"name":"Home","item":"https:\/\/chemitool.com\/pt-pt\/"},{"@type":"ListItem","position":2,"name":"Produtos","item":"https:\/\/chemitool.com\/pt-pt\/produtos\/"},{"@type":"ListItem","position":3,"name":"Chemicals","item":"https:\/\/chemitool.com\/pt-pt\/categoria-produto\/chemicals\/"},{"@type":"ListItem","position":4,"name":"Limpeza e Manuten\u00e7\u00e3o","item":"https:\/\/chemitool.com\/pt-pt\/categoria-produto\/chemicals\/limpeza-e-manutencao\/"},{"@type":"ListItem","position":5,"name":"Desinfe\u00e7\u00e3o","item":"https:\/\/chemitool.com\/pt-pt\/categoria-produto\/chemicals\/limpeza-e-manutencao\/desinfecao\/"},{"@type":"ListItem","position":6,"name":"SPRAY HIGIENIZANTE \u00c1LCOOL 90% CHEMICLEAN"}]}]}},"_links":{"self":[{"href":"https:\/\/chemitool.com\/pt-pt\/wp-json\/wp\/v2\/product\/6608"}],"collection":[{"href":"https:\/\/chemitool.com\/pt-pt\/wp-json\/wp\/v2\/product"}],"about":[{"href":"https:\/\/chemitool.com\/pt-pt\/wp-json\/wp\/v2\/types\/product"}],"wp:featuredmedia":[{"embeddable":true,"href":"https:\/\/chemitool.com\/pt-pt\/wp-json\/wp\/v2\/media\/7869"}],"wp:attachment":[{"href":"https:\/\/chemitool.com\/pt-pt\/wp-json\/wp\/v2\/media?parent=6608"}],"wp:term":[{"taxonomy":"product_cat","embeddable":true,"href":"https:\/\/chemitool.com\/pt-pt\/wp-json\/wp\/v2\/product_cat?post=6608"},{"taxonomy":"product_tag","embeddable":true,"href":"https:\/\/chemitool.com\/pt-pt\/wp-json\/wp\/v2\/product_tag?post=6608"}],"curies":[{"name":"wp","href":"https:\/\/api.w.org\/{rel}","templated":true}]}}