{"id":5720,"date":"2020-09-02T14:38:02","date_gmt":"2020-09-02T14:38:02","guid":{"rendered":"https:\/\/chemitool.com\/products\/sem%20categoria\/lamela-perno-misto\/"},"modified":"2020-11-09T11:12:27","modified_gmt":"2020-11-09T11:12:27","slug":"lamela-de-perno-mista","status":"publish","type":"product","link":"https:\/\/chemitool.com\/pt-pt\/products\/cutting\/abrasivos-flexiveis\/lamelas-de-perno\/lamela-de-perno-mista\/","title":{"rendered":"LAMELA DE PERNO MISTA"},"content":{"rendered":"<p><strong>VANTAGENS<\/strong><\/p>\n<ul>\n<li>Alta rentabilidade<\/li>\n<li>Adapta\u00e7\u00e3o aos contornos<\/li>\n<li>Desbaste a frio e baixa carga t\u00e9rmica<\/li>\n<li>Pouca vibra\u00e7\u00e3o e ru\u00eddo<\/li>\n<li>Acabamento acetinado<\/li>\n<li>N\u00e3o deixa marcas<\/li>\n<li>N\u00e3o entope<\/li>\n<li>Altamente resistente<\/li>\n<li>Longa vida \u00fatil da ferramenta<\/li>\n<\/ul>\n<p>A <em>Lamela de Perno Mista CHEMITOOL<\/em> possui um elevado efeito de lixamento gra\u00e7as \u00e0 jun\u00e7\u00e3o de material Tecido N\u00e3o Tecido (Scotch), disposto em abas, com material abrasivo \u00d3xido de Alum\u00ednio A. Proporciona um excelente efeito de acabamento para trabalhos de rebarbar, limpeza e retifica\u00e7\u00e3o. Indicado para uso em superf\u00edcies de alum\u00ednio, lat\u00e3o, cobre, n\u00edquel, a\u00e7o inoxid\u00e1vel (INOX) e tit\u00e2nio, cer\u00e2mica, vidro e pl\u00e1stico. Para uso com uma m\u00e1quina de eixo flex\u00edvel e rebarbadoras retas.<\/p>\n","protected":false},"excerpt":{"rendered":"<p><em>A Lamela de Perno Mista CHEMITOOL<\/em>\u00a0\u00e9 composta por \u00d3xido de Alum\u00ednio A + Tecido N\u00e3o Tecido (Scotch) e apropriada para dar um acabamento uniforme, acetinado e sem deixar marcas.<\/p>\n","protected":false},"featured_media":9116,"template":"","meta":[],"product_cat":[1422,1485,1444],"product_tag":[],"yoast_head":"<!-- This site is optimized with the Yoast SEO plugin v17.4 - https:\/\/yoast.com\/wordpress\/plugins\/seo\/ -->\n<title>LAMELA DE PERNO MISTA &ndash; Chemitool<\/title>\n<meta name=\"description\" content=\"A Lamela de Perno Mista CHEMITOOL\u00a0\u00e9 composta por \u00d3xido de Alum\u00ednio A + Tecido N\u00e3o Tecido (Scotch) e apropriada para dar um acabamento uniforme, acetinado e sem deixar marcas.\" \/>\n<meta name=\"robots\" content=\"index, follow, max-snippet:-1, max-image-preview:large, max-video-preview:-1\" \/>\n<link rel=\"canonical\" href=\"https:\/\/chemitool.com\/pt-pt\/products\/cutting\/abrasivos-flexiveis\/lamelas-de-perno\/lamela-de-perno-mista\/\" \/>\n<meta property=\"og:locale\" content=\"pt_PT\" \/>\n<meta property=\"og:type\" content=\"article\" \/>\n<meta property=\"og:title\" content=\"LAMELA DE PERNO MISTA &ndash; Chemitool\" \/>\n<meta property=\"og:description\" content=\"A Lamela de Perno Mista CHEMITOOL\u00a0\u00e9 composta por \u00d3xido de Alum\u00ednio A + Tecido N\u00e3o Tecido (Scotch) e apropriada para dar um acabamento uniforme, acetinado e sem deixar marcas.\" \/>\n<meta property=\"og:url\" content=\"https:\/\/chemitool.com\/pt-pt\/products\/cutting\/abrasivos-flexiveis\/lamelas-de-perno\/lamela-de-perno-mista\/\" \/>\n<meta property=\"og:site_name\" content=\"Chemitool\" \/>\n<meta property=\"article:publisher\" content=\"https:\/\/www.facebook.com\/chemitool\" \/>\n<meta property=\"article:modified_time\" content=\"2020-11-09T11:12:27+00:00\" \/>\n<meta property=\"og:image\" content=\"https:\/\/chemitool.com\/wp-content\/uploads\/2020\/09\/mixed-shaft-mounted-flap-wheel-1.png\" \/>\n\t<meta property=\"og:image:width\" content=\"800\" \/>\n\t<meta property=\"og:image:height\" content=\"800\" \/>\n<meta name=\"twitter:card\" content=\"summary_large_image\" \/>\n<meta name=\"twitter:label1\" content=\"Tempo estimado de leitura\" \/>\n\t<meta name=\"twitter:data1\" content=\"1 minuto\" \/>\n<script type=\"application\/ld+json\" class=\"yoast-schema-graph\">{\"@context\":\"https:\/\/schema.org\",\"@graph\":[{\"@type\":\"Organization\",\"@id\":\"https:\/\/chemitool.com\/#organization\",\"name\":\"Chemitool\",\"url\":\"https:\/\/chemitool.com\/\",\"sameAs\":[\"https:\/\/www.facebook.com\/chemitool\",\"https:\/\/www.instagram.com\/chemitool\/\"],\"logo\":{\"@type\":\"ImageObject\",\"@id\":\"https:\/\/chemitool.com\/#logo\",\"inLanguage\":\"pt-PT\",\"url\":\"https:\/\/chemitool.com\/wp-content\/uploads\/2020\/10\/logo_chemitool.png\",\"contentUrl\":\"https:\/\/chemitool.com\/wp-content\/uploads\/2020\/10\/logo_chemitool.png\",\"width\":400,\"height\":400,\"caption\":\"Chemitool\"},\"image\":{\"@id\":\"https:\/\/chemitool.com\/#logo\"}},{\"@type\":\"WebSite\",\"@id\":\"https:\/\/chemitool.com\/#website\",\"url\":\"https:\/\/chemitool.com\/\",\"name\":\"Chemitool\",\"description\":\"Chemitool - hardware and tools\",\"publisher\":{\"@id\":\"https:\/\/chemitool.com\/#organization\"},\"potentialAction\":[{\"@type\":\"SearchAction\",\"target\":{\"@type\":\"EntryPoint\",\"urlTemplate\":\"https:\/\/chemitool.com\/?s={search_term_string}\"},\"query-input\":\"required name=search_term_string\"}],\"inLanguage\":\"pt-PT\"},{\"@type\":\"ImageObject\",\"@id\":\"https:\/\/chemitool.com\/pt-pt\/products\/cutting\/abrasivos-flexiveis\/lamelas-de-perno\/lamela-de-perno-mista\/#primaryimage\",\"inLanguage\":\"pt-PT\",\"url\":\"https:\/\/chemitool.com\/wp-content\/uploads\/2020\/09\/CHA10040.png\",\"contentUrl\":\"https:\/\/chemitool.com\/wp-content\/uploads\/2020\/09\/CHA10040.png\",\"width\":800,\"height\":800},{\"@type\":\"WebPage\",\"@id\":\"https:\/\/chemitool.com\/pt-pt\/products\/cutting\/abrasivos-flexiveis\/lamelas-de-perno\/lamela-de-perno-mista\/#webpage\",\"url\":\"https:\/\/chemitool.com\/pt-pt\/products\/cutting\/abrasivos-flexiveis\/lamelas-de-perno\/lamela-de-perno-mista\/\",\"name\":\"LAMELA DE PERNO MISTA &ndash; Chemitool\",\"isPartOf\":{\"@id\":\"https:\/\/chemitool.com\/#website\"},\"primaryImageOfPage\":{\"@id\":\"https:\/\/chemitool.com\/pt-pt\/products\/cutting\/abrasivos-flexiveis\/lamelas-de-perno\/lamela-de-perno-mista\/#primaryimage\"},\"datePublished\":\"2020-09-02T14:38:02+00:00\",\"dateModified\":\"2020-11-09T11:12:27+00:00\",\"description\":\"A Lamela de Perno Mista CHEMITOOL\\u00a0\\u00e9 composta por \\u00d3xido de Alum\\u00ednio A + Tecido N\\u00e3o Tecido (Scotch) e apropriada para dar um acabamento uniforme, acetinado e sem deixar marcas.\",\"breadcrumb\":{\"@id\":\"https:\/\/chemitool.com\/pt-pt\/products\/cutting\/abrasivos-flexiveis\/lamelas-de-perno\/lamela-de-perno-mista\/#breadcrumb\"},\"inLanguage\":\"pt-PT\",\"potentialAction\":[{\"@type\":\"ReadAction\",\"target\":[\"https:\/\/chemitool.com\/pt-pt\/products\/cutting\/abrasivos-flexiveis\/lamelas-de-perno\/lamela-de-perno-mista\/\"]}]},{\"@type\":\"BreadcrumbList\",\"@id\":\"https:\/\/chemitool.com\/pt-pt\/products\/cutting\/abrasivos-flexiveis\/lamelas-de-perno\/lamela-de-perno-mista\/#breadcrumb\",\"itemListElement\":[{\"@type\":\"ListItem\",\"position\":1,\"name\":\"Home\",\"item\":\"https:\/\/chemitool.com\/pt-pt\/\"},{\"@type\":\"ListItem\",\"position\":2,\"name\":\"Produtos\",\"item\":\"https:\/\/chemitool.com\/pt-pt\/produtos\/\"},{\"@type\":\"ListItem\",\"position\":3,\"name\":\"Cutting\",\"item\":\"https:\/\/chemitool.com\/pt-pt\/categoria-produto\/cutting\/\"},{\"@type\":\"ListItem\",\"position\":4,\"name\":\"Abrasivos Flex\\u00edveis\",\"item\":\"https:\/\/chemitool.com\/pt-pt\/categoria-produto\/cutting\/abrasivos-flexiveis\/\"},{\"@type\":\"ListItem\",\"position\":5,\"name\":\"Lamelas de Perno\",\"item\":\"https:\/\/chemitool.com\/pt-pt\/categoria-produto\/cutting\/abrasivos-flexiveis\/lamelas-de-perno\/\"},{\"@type\":\"ListItem\",\"position\":6,\"name\":\"LAMELA DE PERNO MISTA\"}]}]}<\/script>\n<!-- \/ Yoast SEO plugin. -->","yoast_head_json":{"title":"LAMELA DE PERNO MISTA &ndash; Chemitool","description":"A Lamela de Perno Mista CHEMITOOL\u00a0\u00e9 composta por \u00d3xido de Alum\u00ednio A + Tecido N\u00e3o Tecido (Scotch) e apropriada para dar um acabamento uniforme, acetinado e sem deixar marcas.","robots":{"index":"index","follow":"follow","max-snippet":"max-snippet:-1","max-image-preview":"max-image-preview:large","max-video-preview":"max-video-preview:-1"},"canonical":"https:\/\/chemitool.com\/pt-pt\/products\/cutting\/abrasivos-flexiveis\/lamelas-de-perno\/lamela-de-perno-mista\/","og_locale":"pt_PT","og_type":"article","og_title":"LAMELA DE PERNO MISTA &ndash; Chemitool","og_description":"A Lamela de Perno Mista CHEMITOOL\u00a0\u00e9 composta por \u00d3xido de Alum\u00ednio A + Tecido N\u00e3o Tecido (Scotch) e apropriada para dar um acabamento uniforme, acetinado e sem deixar marcas.","og_url":"https:\/\/chemitool.com\/pt-pt\/products\/cutting\/abrasivos-flexiveis\/lamelas-de-perno\/lamela-de-perno-mista\/","og_site_name":"Chemitool","article_publisher":"https:\/\/www.facebook.com\/chemitool","article_modified_time":"2020-11-09T11:12:27+00:00","og_image":[{"width":800,"height":800,"url":"https:\/\/chemitool.com\/wp-content\/uploads\/2020\/09\/mixed-shaft-mounted-flap-wheel-1.png","type":"image\/png"}],"twitter_card":"summary_large_image","twitter_misc":{"Tempo estimado de leitura":"1 minuto"},"schema":{"@context":"https:\/\/schema.org","@graph":[{"@type":"Organization","@id":"https:\/\/chemitool.com\/#organization","name":"Chemitool","url":"https:\/\/chemitool.com\/","sameAs":["https:\/\/www.facebook.com\/chemitool","https:\/\/www.instagram.com\/chemitool\/"],"logo":{"@type":"ImageObject","@id":"https:\/\/chemitool.com\/#logo","inLanguage":"pt-PT","url":"https:\/\/chemitool.com\/wp-content\/uploads\/2020\/10\/logo_chemitool.png","contentUrl":"https:\/\/chemitool.com\/wp-content\/uploads\/2020\/10\/logo_chemitool.png","width":400,"height":400,"caption":"Chemitool"},"image":{"@id":"https:\/\/chemitool.com\/#logo"}},{"@type":"WebSite","@id":"https:\/\/chemitool.com\/#website","url":"https:\/\/chemitool.com\/","name":"Chemitool","description":"Chemitool - hardware and tools","publisher":{"@id":"https:\/\/chemitool.com\/#organization"},"potentialAction":[{"@type":"SearchAction","target":{"@type":"EntryPoint","urlTemplate":"https:\/\/chemitool.com\/?s={search_term_string}"},"query-input":"required name=search_term_string"}],"inLanguage":"pt-PT"},{"@type":"ImageObject","@id":"https:\/\/chemitool.com\/pt-pt\/products\/cutting\/abrasivos-flexiveis\/lamelas-de-perno\/lamela-de-perno-mista\/#primaryimage","inLanguage":"pt-PT","url":"https:\/\/chemitool.com\/wp-content\/uploads\/2020\/09\/CHA10040.png","contentUrl":"https:\/\/chemitool.com\/wp-content\/uploads\/2020\/09\/CHA10040.png","width":800,"height":800},{"@type":"WebPage","@id":"https:\/\/chemitool.com\/pt-pt\/products\/cutting\/abrasivos-flexiveis\/lamelas-de-perno\/lamela-de-perno-mista\/#webpage","url":"https:\/\/chemitool.com\/pt-pt\/products\/cutting\/abrasivos-flexiveis\/lamelas-de-perno\/lamela-de-perno-mista\/","name":"LAMELA DE PERNO MISTA &ndash; Chemitool","isPartOf":{"@id":"https:\/\/chemitool.com\/#website"},"primaryImageOfPage":{"@id":"https:\/\/chemitool.com\/pt-pt\/products\/cutting\/abrasivos-flexiveis\/lamelas-de-perno\/lamela-de-perno-mista\/#primaryimage"},"datePublished":"2020-09-02T14:38:02+00:00","dateModified":"2020-11-09T11:12:27+00:00","description":"A Lamela de Perno Mista CHEMITOOL\u00a0\u00e9 composta por \u00d3xido de Alum\u00ednio A + Tecido N\u00e3o Tecido (Scotch) e apropriada para dar um acabamento uniforme, acetinado e sem deixar marcas.","breadcrumb":{"@id":"https:\/\/chemitool.com\/pt-pt\/products\/cutting\/abrasivos-flexiveis\/lamelas-de-perno\/lamela-de-perno-mista\/#breadcrumb"},"inLanguage":"pt-PT","potentialAction":[{"@type":"ReadAction","target":["https:\/\/chemitool.com\/pt-pt\/products\/cutting\/abrasivos-flexiveis\/lamelas-de-perno\/lamela-de-perno-mista\/"]}]},{"@type":"BreadcrumbList","@id":"https:\/\/chemitool.com\/pt-pt\/products\/cutting\/abrasivos-flexiveis\/lamelas-de-perno\/lamela-de-perno-mista\/#breadcrumb","itemListElement":[{"@type":"ListItem","position":1,"name":"Home","item":"https:\/\/chemitool.com\/pt-pt\/"},{"@type":"ListItem","position":2,"name":"Produtos","item":"https:\/\/chemitool.com\/pt-pt\/produtos\/"},{"@type":"ListItem","position":3,"name":"Cutting","item":"https:\/\/chemitool.com\/pt-pt\/categoria-produto\/cutting\/"},{"@type":"ListItem","position":4,"name":"Abrasivos Flex\u00edveis","item":"https:\/\/chemitool.com\/pt-pt\/categoria-produto\/cutting\/abrasivos-flexiveis\/"},{"@type":"ListItem","position":5,"name":"Lamelas de Perno","item":"https:\/\/chemitool.com\/pt-pt\/categoria-produto\/cutting\/abrasivos-flexiveis\/lamelas-de-perno\/"},{"@type":"ListItem","position":6,"name":"LAMELA DE PERNO MISTA"}]}]}},"_links":{"self":[{"href":"https:\/\/chemitool.com\/pt-pt\/wp-json\/wp\/v2\/product\/5720"}],"collection":[{"href":"https:\/\/chemitool.com\/pt-pt\/wp-json\/wp\/v2\/product"}],"about":[{"href":"https:\/\/chemitool.com\/pt-pt\/wp-json\/wp\/v2\/types\/product"}],"wp:featuredmedia":[{"embeddable":true,"href":"https:\/\/chemitool.com\/pt-pt\/wp-json\/wp\/v2\/media\/9116"}],"wp:attachment":[{"href":"https:\/\/chemitool.com\/pt-pt\/wp-json\/wp\/v2\/media?parent=5720"}],"wp:term":[{"taxonomy":"product_cat","embeddable":true,"href":"https:\/\/chemitool.com\/pt-pt\/wp-json\/wp\/v2\/product_cat?post=5720"},{"taxonomy":"product_tag","embeddable":true,"href":"https:\/\/chemitool.com\/pt-pt\/wp-json\/wp\/v2\/product_tag?post=5720"}],"curies":[{"name":"wp","href":"https:\/\/api.w.org\/{rel}","templated":true}]}}