{"id":5713,"date":"2020-09-02T14:17:51","date_gmt":"2020-09-02T14:17:51","guid":{"rendered":"https:\/\/chemitool.com\/products\/sem%20categoria\/rolo-de-lixa-misto\/"},"modified":"2020-11-09T11:28:39","modified_gmt":"2020-11-09T11:28:39","slug":"rolo-de-lixa-misto","status":"publish","type":"product","link":"https:\/\/chemitool.com\/pt-pt\/products\/cutting\/abrasivos-flexiveis\/rolos-de-lixa\/rolo-de-lixa-misto\/","title":{"rendered":"ROLO DE LIXA MISTO"},"content":{"rendered":"<p><strong>VANTAGENS<\/strong><\/p>\n<ul>\n<li>Flexibilidade<\/li>\n<li>Excelente adapta\u00e7\u00e3o aos contornos<\/li>\n<li>Desbaste a frio e baixa carga t\u00e9rmica<\/li>\n<li>N\u00e3o entope a ferramenta<\/li>\n<li>Altamente resistente<\/li>\n<li>Longa vida \u00fatil da ferramenta<\/li>\n<\/ul>\n<p>O <em>Rolo de Lixa Misto CHEMITOOL<\/em> \u00e9 de composi\u00e7\u00e3o mista, intercalando lamelas de lixa de \u00d3xido de Alum\u00ednio A e Tecido N\u00e3o Tecido (Scotch). Esta estrutura facilita a remo\u00e7\u00e3o de material e proporciona um acabamento superficial grosso. Devido \u00e0 sua flexibilidade, as lamelas permitem uma excelente adapta\u00e7\u00e3o aos contornos da pe\u00e7a de trabalho proporcionando uma qualidade superficial superior e uniforme. Indicado para limpeza, remo\u00e7\u00e3o de rugosidades, rebarbar, acabamento superficial e estrutura\u00e7\u00e3o (acabamento mate, fosco e acetinado).<br \/>Para um melhor desempenho, recomendamos o uso a uma velocidade de 15-30 m\/s. Assim, \u00e9 garantido o compromisso ideal entre a taxa de remo\u00e7\u00e3o do material, a qualidade da superf\u00edcie, a carga t\u00e9rmica na pe\u00e7a de trabalho e o desgaste da ferramenta.<\/p>\n","protected":false},"excerpt":{"rendered":"<p>O<em> Rolo de Lixa Misto CHEMITOOL <\/em>\u00e9 composto por \u00d3xido de Alum\u00ednio A + Tecido N\u00e3o Tecido (Scotch) e \u00e9 indicado para opera\u00e7\u00f5es que necessitem de desbaste e acabamento na mesma opera\u00e7\u00e3o.<\/p>\n","protected":false},"featured_media":9125,"template":"","meta":[],"product_cat":[1422,1485,1446],"product_tag":[],"yoast_head":"<!-- This site is optimized with the Yoast SEO plugin v17.4 - https:\/\/yoast.com\/wordpress\/plugins\/seo\/ -->\n<title>ROLO DE LIXA MISTO &ndash; Chemitool<\/title>\n<meta name=\"description\" content=\"O Rolo de Lixa Misto CHEMITOOL \u00e9 composto por \u00d3xido de Alum\u00ednio A + Tecido N\u00e3o Tecido (Scotch) e \u00e9 indicado para opera\u00e7\u00f5es que necessitem de desbaste e acabamento na mesma opera\u00e7\u00e3o.\" \/>\n<meta name=\"robots\" content=\"index, follow, max-snippet:-1, max-image-preview:large, max-video-preview:-1\" \/>\n<link rel=\"canonical\" href=\"https:\/\/chemitool.com\/pt-pt\/products\/cutting\/abrasivos-flexiveis\/rolos-de-lixa\/rolo-de-lixa-misto\/\" \/>\n<meta property=\"og:locale\" content=\"pt_PT\" \/>\n<meta property=\"og:type\" content=\"article\" \/>\n<meta property=\"og:title\" content=\"ROLO DE LIXA MISTO &ndash; Chemitool\" \/>\n<meta property=\"og:description\" content=\"O Rolo de Lixa Misto CHEMITOOL \u00e9 composto por \u00d3xido de Alum\u00ednio A + Tecido N\u00e3o Tecido (Scotch) e \u00e9 indicado para opera\u00e7\u00f5es que necessitem de desbaste e acabamento na mesma opera\u00e7\u00e3o.\" \/>\n<meta property=\"og:url\" content=\"https:\/\/chemitool.com\/pt-pt\/products\/cutting\/abrasivos-flexiveis\/rolos-de-lixa\/rolo-de-lixa-misto\/\" \/>\n<meta property=\"og:site_name\" content=\"Chemitool\" \/>\n<meta property=\"article:publisher\" content=\"https:\/\/www.facebook.com\/chemitool\" \/>\n<meta property=\"article:modified_time\" content=\"2020-11-09T11:28:39+00:00\" \/>\n<meta property=\"og:image\" content=\"https:\/\/chemitool.com\/wp-content\/uploads\/2020\/09\/mixed-drum-1.png\" \/>\n\t<meta property=\"og:image:width\" content=\"800\" \/>\n\t<meta property=\"og:image:height\" content=\"800\" \/>\n<meta name=\"twitter:card\" content=\"summary_large_image\" \/>\n<meta name=\"twitter:label1\" content=\"Tempo estimado de leitura\" \/>\n\t<meta name=\"twitter:data1\" content=\"1 minuto\" \/>\n<script type=\"application\/ld+json\" class=\"yoast-schema-graph\">{\"@context\":\"https:\/\/schema.org\",\"@graph\":[{\"@type\":\"Organization\",\"@id\":\"https:\/\/chemitool.com\/#organization\",\"name\":\"Chemitool\",\"url\":\"https:\/\/chemitool.com\/\",\"sameAs\":[\"https:\/\/www.facebook.com\/chemitool\",\"https:\/\/www.instagram.com\/chemitool\/\"],\"logo\":{\"@type\":\"ImageObject\",\"@id\":\"https:\/\/chemitool.com\/#logo\",\"inLanguage\":\"pt-PT\",\"url\":\"https:\/\/chemitool.com\/wp-content\/uploads\/2020\/10\/logo_chemitool.png\",\"contentUrl\":\"https:\/\/chemitool.com\/wp-content\/uploads\/2020\/10\/logo_chemitool.png\",\"width\":400,\"height\":400,\"caption\":\"Chemitool\"},\"image\":{\"@id\":\"https:\/\/chemitool.com\/#logo\"}},{\"@type\":\"WebSite\",\"@id\":\"https:\/\/chemitool.com\/#website\",\"url\":\"https:\/\/chemitool.com\/\",\"name\":\"Chemitool\",\"description\":\"Chemitool - hardware and tools\",\"publisher\":{\"@id\":\"https:\/\/chemitool.com\/#organization\"},\"potentialAction\":[{\"@type\":\"SearchAction\",\"target\":{\"@type\":\"EntryPoint\",\"urlTemplate\":\"https:\/\/chemitool.com\/?s={search_term_string}\"},\"query-input\":\"required name=search_term_string\"}],\"inLanguage\":\"pt-PT\"},{\"@type\":\"ImageObject\",\"@id\":\"https:\/\/chemitool.com\/pt-pt\/products\/cutting\/abrasivos-flexiveis\/rolos-de-lixa\/rolo-de-lixa-misto\/#primaryimage\",\"inLanguage\":\"pt-PT\",\"url\":\"https:\/\/chemitool.com\/wp-content\/uploads\/2020\/09\/CHA1103120100.png\",\"contentUrl\":\"https:\/\/chemitool.com\/wp-content\/uploads\/2020\/09\/CHA1103120100.png\",\"width\":800,\"height\":800},{\"@type\":\"WebPage\",\"@id\":\"https:\/\/chemitool.com\/pt-pt\/products\/cutting\/abrasivos-flexiveis\/rolos-de-lixa\/rolo-de-lixa-misto\/#webpage\",\"url\":\"https:\/\/chemitool.com\/pt-pt\/products\/cutting\/abrasivos-flexiveis\/rolos-de-lixa\/rolo-de-lixa-misto\/\",\"name\":\"ROLO DE LIXA MISTO &ndash; Chemitool\",\"isPartOf\":{\"@id\":\"https:\/\/chemitool.com\/#website\"},\"primaryImageOfPage\":{\"@id\":\"https:\/\/chemitool.com\/pt-pt\/products\/cutting\/abrasivos-flexiveis\/rolos-de-lixa\/rolo-de-lixa-misto\/#primaryimage\"},\"datePublished\":\"2020-09-02T14:17:51+00:00\",\"dateModified\":\"2020-11-09T11:28:39+00:00\",\"description\":\"O Rolo de Lixa Misto CHEMITOOL \\u00e9 composto por \\u00d3xido de Alum\\u00ednio A + Tecido N\\u00e3o Tecido (Scotch) e \\u00e9 indicado para opera\\u00e7\\u00f5es que necessitem de desbaste e acabamento na mesma opera\\u00e7\\u00e3o.\",\"breadcrumb\":{\"@id\":\"https:\/\/chemitool.com\/pt-pt\/products\/cutting\/abrasivos-flexiveis\/rolos-de-lixa\/rolo-de-lixa-misto\/#breadcrumb\"},\"inLanguage\":\"pt-PT\",\"potentialAction\":[{\"@type\":\"ReadAction\",\"target\":[\"https:\/\/chemitool.com\/pt-pt\/products\/cutting\/abrasivos-flexiveis\/rolos-de-lixa\/rolo-de-lixa-misto\/\"]}]},{\"@type\":\"BreadcrumbList\",\"@id\":\"https:\/\/chemitool.com\/pt-pt\/products\/cutting\/abrasivos-flexiveis\/rolos-de-lixa\/rolo-de-lixa-misto\/#breadcrumb\",\"itemListElement\":[{\"@type\":\"ListItem\",\"position\":1,\"name\":\"Home\",\"item\":\"https:\/\/chemitool.com\/pt-pt\/\"},{\"@type\":\"ListItem\",\"position\":2,\"name\":\"Produtos\",\"item\":\"https:\/\/chemitool.com\/pt-pt\/produtos\/\"},{\"@type\":\"ListItem\",\"position\":3,\"name\":\"Cutting\",\"item\":\"https:\/\/chemitool.com\/pt-pt\/categoria-produto\/cutting\/\"},{\"@type\":\"ListItem\",\"position\":4,\"name\":\"Abrasivos Flex\\u00edveis\",\"item\":\"https:\/\/chemitool.com\/pt-pt\/categoria-produto\/cutting\/abrasivos-flexiveis\/\"},{\"@type\":\"ListItem\",\"position\":5,\"name\":\"Rolos de lixa e n\\u00e3o-tecido\",\"item\":\"https:\/\/chemitool.com\/pt-pt\/categoria-produto\/cutting\/abrasivos-flexiveis\/rolos-de-lixa\/\"},{\"@type\":\"ListItem\",\"position\":6,\"name\":\"ROLO DE LIXA MISTO\"}]}]}<\/script>\n<!-- \/ Yoast SEO plugin. -->","yoast_head_json":{"title":"ROLO DE LIXA MISTO &ndash; Chemitool","description":"O Rolo de Lixa Misto CHEMITOOL \u00e9 composto por \u00d3xido de Alum\u00ednio A + Tecido N\u00e3o Tecido (Scotch) e \u00e9 indicado para opera\u00e7\u00f5es que necessitem de desbaste e acabamento na mesma opera\u00e7\u00e3o.","robots":{"index":"index","follow":"follow","max-snippet":"max-snippet:-1","max-image-preview":"max-image-preview:large","max-video-preview":"max-video-preview:-1"},"canonical":"https:\/\/chemitool.com\/pt-pt\/products\/cutting\/abrasivos-flexiveis\/rolos-de-lixa\/rolo-de-lixa-misto\/","og_locale":"pt_PT","og_type":"article","og_title":"ROLO DE LIXA MISTO &ndash; Chemitool","og_description":"O Rolo de Lixa Misto CHEMITOOL \u00e9 composto por \u00d3xido de Alum\u00ednio A + Tecido N\u00e3o Tecido (Scotch) e \u00e9 indicado para opera\u00e7\u00f5es que necessitem de desbaste e acabamento na mesma opera\u00e7\u00e3o.","og_url":"https:\/\/chemitool.com\/pt-pt\/products\/cutting\/abrasivos-flexiveis\/rolos-de-lixa\/rolo-de-lixa-misto\/","og_site_name":"Chemitool","article_publisher":"https:\/\/www.facebook.com\/chemitool","article_modified_time":"2020-11-09T11:28:39+00:00","og_image":[{"width":800,"height":800,"url":"https:\/\/chemitool.com\/wp-content\/uploads\/2020\/09\/mixed-drum-1.png","type":"image\/png"}],"twitter_card":"summary_large_image","twitter_misc":{"Tempo estimado de leitura":"1 minuto"},"schema":{"@context":"https:\/\/schema.org","@graph":[{"@type":"Organization","@id":"https:\/\/chemitool.com\/#organization","name":"Chemitool","url":"https:\/\/chemitool.com\/","sameAs":["https:\/\/www.facebook.com\/chemitool","https:\/\/www.instagram.com\/chemitool\/"],"logo":{"@type":"ImageObject","@id":"https:\/\/chemitool.com\/#logo","inLanguage":"pt-PT","url":"https:\/\/chemitool.com\/wp-content\/uploads\/2020\/10\/logo_chemitool.png","contentUrl":"https:\/\/chemitool.com\/wp-content\/uploads\/2020\/10\/logo_chemitool.png","width":400,"height":400,"caption":"Chemitool"},"image":{"@id":"https:\/\/chemitool.com\/#logo"}},{"@type":"WebSite","@id":"https:\/\/chemitool.com\/#website","url":"https:\/\/chemitool.com\/","name":"Chemitool","description":"Chemitool - hardware and tools","publisher":{"@id":"https:\/\/chemitool.com\/#organization"},"potentialAction":[{"@type":"SearchAction","target":{"@type":"EntryPoint","urlTemplate":"https:\/\/chemitool.com\/?s={search_term_string}"},"query-input":"required name=search_term_string"}],"inLanguage":"pt-PT"},{"@type":"ImageObject","@id":"https:\/\/chemitool.com\/pt-pt\/products\/cutting\/abrasivos-flexiveis\/rolos-de-lixa\/rolo-de-lixa-misto\/#primaryimage","inLanguage":"pt-PT","url":"https:\/\/chemitool.com\/wp-content\/uploads\/2020\/09\/CHA1103120100.png","contentUrl":"https:\/\/chemitool.com\/wp-content\/uploads\/2020\/09\/CHA1103120100.png","width":800,"height":800},{"@type":"WebPage","@id":"https:\/\/chemitool.com\/pt-pt\/products\/cutting\/abrasivos-flexiveis\/rolos-de-lixa\/rolo-de-lixa-misto\/#webpage","url":"https:\/\/chemitool.com\/pt-pt\/products\/cutting\/abrasivos-flexiveis\/rolos-de-lixa\/rolo-de-lixa-misto\/","name":"ROLO DE LIXA MISTO &ndash; Chemitool","isPartOf":{"@id":"https:\/\/chemitool.com\/#website"},"primaryImageOfPage":{"@id":"https:\/\/chemitool.com\/pt-pt\/products\/cutting\/abrasivos-flexiveis\/rolos-de-lixa\/rolo-de-lixa-misto\/#primaryimage"},"datePublished":"2020-09-02T14:17:51+00:00","dateModified":"2020-11-09T11:28:39+00:00","description":"O Rolo de Lixa Misto CHEMITOOL \u00e9 composto por \u00d3xido de Alum\u00ednio A + Tecido N\u00e3o Tecido (Scotch) e \u00e9 indicado para opera\u00e7\u00f5es que necessitem de desbaste e acabamento na mesma opera\u00e7\u00e3o.","breadcrumb":{"@id":"https:\/\/chemitool.com\/pt-pt\/products\/cutting\/abrasivos-flexiveis\/rolos-de-lixa\/rolo-de-lixa-misto\/#breadcrumb"},"inLanguage":"pt-PT","potentialAction":[{"@type":"ReadAction","target":["https:\/\/chemitool.com\/pt-pt\/products\/cutting\/abrasivos-flexiveis\/rolos-de-lixa\/rolo-de-lixa-misto\/"]}]},{"@type":"BreadcrumbList","@id":"https:\/\/chemitool.com\/pt-pt\/products\/cutting\/abrasivos-flexiveis\/rolos-de-lixa\/rolo-de-lixa-misto\/#breadcrumb","itemListElement":[{"@type":"ListItem","position":1,"name":"Home","item":"https:\/\/chemitool.com\/pt-pt\/"},{"@type":"ListItem","position":2,"name":"Produtos","item":"https:\/\/chemitool.com\/pt-pt\/produtos\/"},{"@type":"ListItem","position":3,"name":"Cutting","item":"https:\/\/chemitool.com\/pt-pt\/categoria-produto\/cutting\/"},{"@type":"ListItem","position":4,"name":"Abrasivos Flex\u00edveis","item":"https:\/\/chemitool.com\/pt-pt\/categoria-produto\/cutting\/abrasivos-flexiveis\/"},{"@type":"ListItem","position":5,"name":"Rolos de lixa e n\u00e3o-tecido","item":"https:\/\/chemitool.com\/pt-pt\/categoria-produto\/cutting\/abrasivos-flexiveis\/rolos-de-lixa\/"},{"@type":"ListItem","position":6,"name":"ROLO DE LIXA MISTO"}]}]}},"_links":{"self":[{"href":"https:\/\/chemitool.com\/pt-pt\/wp-json\/wp\/v2\/product\/5713"}],"collection":[{"href":"https:\/\/chemitool.com\/pt-pt\/wp-json\/wp\/v2\/product"}],"about":[{"href":"https:\/\/chemitool.com\/pt-pt\/wp-json\/wp\/v2\/types\/product"}],"wp:featuredmedia":[{"embeddable":true,"href":"https:\/\/chemitool.com\/pt-pt\/wp-json\/wp\/v2\/media\/9125"}],"wp:attachment":[{"href":"https:\/\/chemitool.com\/pt-pt\/wp-json\/wp\/v2\/media?parent=5713"}],"wp:term":[{"taxonomy":"product_cat","embeddable":true,"href":"https:\/\/chemitool.com\/pt-pt\/wp-json\/wp\/v2\/product_cat?post=5713"},{"taxonomy":"product_tag","embeddable":true,"href":"https:\/\/chemitool.com\/pt-pt\/wp-json\/wp\/v2\/product_tag?post=5713"}],"curies":[{"name":"wp","href":"https:\/\/api.w.org\/{rel}","templated":true}]}}