{"id":5697,"date":"2020-09-02T10:32:27","date_gmt":"2020-09-02T10:32:27","guid":{"rendered":"https:\/\/chemitool.com\/products\/sem%20categoria\/pratos-discos-fibra\/"},"modified":"2020-11-09T16:44:41","modified_gmt":"2020-11-09T16:44:41","slug":"prato-de-suporte-de-discos-de-lixa","status":"publish","type":"product","link":"https:\/\/chemitool.com\/pt-pt\/products\/cutting\/abrasivos-flexiveis\/discos-de-lixa\/prato-de-suporte-de-discos-de-lixa\/","title":{"rendered":"PRATO DE SUPORTE DE DISCOS DE LIXA"},"content":{"rendered":"<p><strong>VANTAGENS<\/strong><\/p>\n<ul>\n<li>Alta performance<\/li>\n<li>Superf\u00edcie plana<\/li>\n<li>Altamente resistente<\/li>\n<li>Ligeiramente flex\u00edvel<\/li>\n<li>Vida \u00fatil longa da ferramenta<\/li>\n<\/ul>\n<p>O <em>Prato de Suporte de Discos de Lixa CHEMITOOL <\/em>\u00e9 ideal para trabalhos de polimento fino devido \u00e0 superf\u00edcie plana. O prato est\u00e1 altamente preparado para o uso em trabalho intensivo oferecendo resist\u00eancia (mesmo a altas temperaturas) e uma vida \u00fatil muito longa. \u00c9 feito de uma bio borracha de densidade m\u00e9dia, muito resistente e ligeiramente flex\u00edvel.<\/p>\n","protected":false},"excerpt":{"rendered":"<p><em>O Prato de Suporte de Discos de Lixa CHEMITOOL <\/em>\u00e9 feito para apoiar os discos de fibra durante os processos de lixar, rebarbar e de acabamento.<\/p>\n","protected":false},"featured_media":12727,"template":"","meta":[],"product_cat":[1422,1485,1442],"product_tag":[1476],"yoast_head":"<!-- This site is optimized with the Yoast SEO plugin v17.4 - https:\/\/yoast.com\/wordpress\/plugins\/seo\/ -->\n<title>PRATO DE SUPORTE DE DISCOS DE LIXA &ndash; Chemitool<\/title>\n<meta name=\"description\" content=\"O Prato de Suporte de Discos de Lixa CHEMITOOL \u00e9 feito para apoiar os discos de fibra durante os processos de lixar, rebarbar e de acabamento.\" \/>\n<meta name=\"robots\" content=\"index, follow, max-snippet:-1, max-image-preview:large, max-video-preview:-1\" \/>\n<link rel=\"canonical\" href=\"https:\/\/chemitool.com\/pt-pt\/products\/cutting\/abrasivos-flexiveis\/discos-de-lixa\/prato-de-suporte-de-discos-de-lixa\/\" \/>\n<meta property=\"og:locale\" content=\"pt_PT\" \/>\n<meta property=\"og:type\" content=\"article\" \/>\n<meta property=\"og:title\" content=\"PRATO DE SUPORTE DE DISCOS DE LIXA &ndash; Chemitool\" \/>\n<meta property=\"og:description\" content=\"O Prato de Suporte de Discos de Lixa CHEMITOOL \u00e9 feito para apoiar os discos de fibra durante os processos de lixar, rebarbar e de acabamento.\" \/>\n<meta property=\"og:url\" content=\"https:\/\/chemitool.com\/pt-pt\/products\/cutting\/abrasivos-flexiveis\/discos-de-lixa\/prato-de-suporte-de-discos-de-lixa\/\" \/>\n<meta property=\"og:site_name\" content=\"Chemitool\" \/>\n<meta property=\"article:publisher\" content=\"https:\/\/www.facebook.com\/chemitool\" \/>\n<meta property=\"article:modified_time\" content=\"2020-11-09T16:44:41+00:00\" \/>\n<meta property=\"og:image\" content=\"https:\/\/chemitool.com\/wp-content\/uploads\/2020\/09\/fibre-disc-pad2.png\" \/>\n\t<meta property=\"og:image:width\" content=\"800\" \/>\n\t<meta property=\"og:image:height\" content=\"800\" \/>\n<meta name=\"twitter:card\" content=\"summary_large_image\" \/>\n<script type=\"application\/ld+json\" class=\"yoast-schema-graph\">{\"@context\":\"https:\/\/schema.org\",\"@graph\":[{\"@type\":\"Organization\",\"@id\":\"https:\/\/chemitool.com\/#organization\",\"name\":\"Chemitool\",\"url\":\"https:\/\/chemitool.com\/\",\"sameAs\":[\"https:\/\/www.facebook.com\/chemitool\",\"https:\/\/www.instagram.com\/chemitool\/\"],\"logo\":{\"@type\":\"ImageObject\",\"@id\":\"https:\/\/chemitool.com\/#logo\",\"inLanguage\":\"pt-PT\",\"url\":\"https:\/\/chemitool.com\/wp-content\/uploads\/2020\/10\/logo_chemitool.png\",\"contentUrl\":\"https:\/\/chemitool.com\/wp-content\/uploads\/2020\/10\/logo_chemitool.png\",\"width\":400,\"height\":400,\"caption\":\"Chemitool\"},\"image\":{\"@id\":\"https:\/\/chemitool.com\/#logo\"}},{\"@type\":\"WebSite\",\"@id\":\"https:\/\/chemitool.com\/#website\",\"url\":\"https:\/\/chemitool.com\/\",\"name\":\"Chemitool\",\"description\":\"Chemitool - hardware and tools\",\"publisher\":{\"@id\":\"https:\/\/chemitool.com\/#organization\"},\"potentialAction\":[{\"@type\":\"SearchAction\",\"target\":{\"@type\":\"EntryPoint\",\"urlTemplate\":\"https:\/\/chemitool.com\/?s={search_term_string}\"},\"query-input\":\"required name=search_term_string\"}],\"inLanguage\":\"pt-PT\"},{\"@type\":\"ImageObject\",\"@id\":\"https:\/\/chemitool.com\/pt-pt\/products\/cutting\/abrasivos-flexiveis\/discos-de-lixa\/prato-de-suporte-de-discos-de-lixa\/#primaryimage\",\"inLanguage\":\"pt-PT\",\"url\":\"https:\/\/chemitool.com\/wp-content\/uploads\/2020\/09\/CHA0500115100.png\",\"contentUrl\":\"https:\/\/chemitool.com\/wp-content\/uploads\/2020\/09\/CHA0500115100.png\",\"width\":800,\"height\":800},{\"@type\":\"WebPage\",\"@id\":\"https:\/\/chemitool.com\/pt-pt\/products\/cutting\/abrasivos-flexiveis\/discos-de-lixa\/prato-de-suporte-de-discos-de-lixa\/#webpage\",\"url\":\"https:\/\/chemitool.com\/pt-pt\/products\/cutting\/abrasivos-flexiveis\/discos-de-lixa\/prato-de-suporte-de-discos-de-lixa\/\",\"name\":\"PRATO DE SUPORTE DE DISCOS DE LIXA &ndash; Chemitool\",\"isPartOf\":{\"@id\":\"https:\/\/chemitool.com\/#website\"},\"primaryImageOfPage\":{\"@id\":\"https:\/\/chemitool.com\/pt-pt\/products\/cutting\/abrasivos-flexiveis\/discos-de-lixa\/prato-de-suporte-de-discos-de-lixa\/#primaryimage\"},\"datePublished\":\"2020-09-02T10:32:27+00:00\",\"dateModified\":\"2020-11-09T16:44:41+00:00\",\"description\":\"O Prato de Suporte de Discos de Lixa CHEMITOOL \\u00e9 feito para apoiar os discos de fibra durante os processos de lixar, rebarbar e de acabamento.\",\"breadcrumb\":{\"@id\":\"https:\/\/chemitool.com\/pt-pt\/products\/cutting\/abrasivos-flexiveis\/discos-de-lixa\/prato-de-suporte-de-discos-de-lixa\/#breadcrumb\"},\"inLanguage\":\"pt-PT\",\"potentialAction\":[{\"@type\":\"ReadAction\",\"target\":[\"https:\/\/chemitool.com\/pt-pt\/products\/cutting\/abrasivos-flexiveis\/discos-de-lixa\/prato-de-suporte-de-discos-de-lixa\/\"]}]},{\"@type\":\"BreadcrumbList\",\"@id\":\"https:\/\/chemitool.com\/pt-pt\/products\/cutting\/abrasivos-flexiveis\/discos-de-lixa\/prato-de-suporte-de-discos-de-lixa\/#breadcrumb\",\"itemListElement\":[{\"@type\":\"ListItem\",\"position\":1,\"name\":\"Home\",\"item\":\"https:\/\/chemitool.com\/pt-pt\/\"},{\"@type\":\"ListItem\",\"position\":2,\"name\":\"Produtos\",\"item\":\"https:\/\/chemitool.com\/pt-pt\/produtos\/\"},{\"@type\":\"ListItem\",\"position\":3,\"name\":\"Cutting\",\"item\":\"https:\/\/chemitool.com\/pt-pt\/categoria-produto\/cutting\/\"},{\"@type\":\"ListItem\",\"position\":4,\"name\":\"Abrasivos Flex\\u00edveis\",\"item\":\"https:\/\/chemitool.com\/pt-pt\/categoria-produto\/cutting\/abrasivos-flexiveis\/\"},{\"@type\":\"ListItem\",\"position\":5,\"name\":\"Discos de Lixa\",\"item\":\"https:\/\/chemitool.com\/pt-pt\/categoria-produto\/cutting\/abrasivos-flexiveis\/discos-de-lixa\/\"},{\"@type\":\"ListItem\",\"position\":6,\"name\":\"PRATO DE SUPORTE DE DISCOS DE LIXA\"}]}]}<\/script>\n<!-- \/ Yoast SEO plugin. -->","yoast_head_json":{"title":"PRATO DE SUPORTE DE DISCOS DE LIXA &ndash; Chemitool","description":"O Prato de Suporte de Discos de Lixa CHEMITOOL \u00e9 feito para apoiar os discos de fibra durante os processos de lixar, rebarbar e de acabamento.","robots":{"index":"index","follow":"follow","max-snippet":"max-snippet:-1","max-image-preview":"max-image-preview:large","max-video-preview":"max-video-preview:-1"},"canonical":"https:\/\/chemitool.com\/pt-pt\/products\/cutting\/abrasivos-flexiveis\/discos-de-lixa\/prato-de-suporte-de-discos-de-lixa\/","og_locale":"pt_PT","og_type":"article","og_title":"PRATO DE SUPORTE DE DISCOS DE LIXA &ndash; Chemitool","og_description":"O Prato de Suporte de Discos de Lixa CHEMITOOL \u00e9 feito para apoiar os discos de fibra durante os processos de lixar, rebarbar e de acabamento.","og_url":"https:\/\/chemitool.com\/pt-pt\/products\/cutting\/abrasivos-flexiveis\/discos-de-lixa\/prato-de-suporte-de-discos-de-lixa\/","og_site_name":"Chemitool","article_publisher":"https:\/\/www.facebook.com\/chemitool","article_modified_time":"2020-11-09T16:44:41+00:00","og_image":[{"width":800,"height":800,"url":"https:\/\/chemitool.com\/wp-content\/uploads\/2020\/09\/fibre-disc-pad2.png","type":"image\/png"}],"twitter_card":"summary_large_image","schema":{"@context":"https:\/\/schema.org","@graph":[{"@type":"Organization","@id":"https:\/\/chemitool.com\/#organization","name":"Chemitool","url":"https:\/\/chemitool.com\/","sameAs":["https:\/\/www.facebook.com\/chemitool","https:\/\/www.instagram.com\/chemitool\/"],"logo":{"@type":"ImageObject","@id":"https:\/\/chemitool.com\/#logo","inLanguage":"pt-PT","url":"https:\/\/chemitool.com\/wp-content\/uploads\/2020\/10\/logo_chemitool.png","contentUrl":"https:\/\/chemitool.com\/wp-content\/uploads\/2020\/10\/logo_chemitool.png","width":400,"height":400,"caption":"Chemitool"},"image":{"@id":"https:\/\/chemitool.com\/#logo"}},{"@type":"WebSite","@id":"https:\/\/chemitool.com\/#website","url":"https:\/\/chemitool.com\/","name":"Chemitool","description":"Chemitool - hardware and tools","publisher":{"@id":"https:\/\/chemitool.com\/#organization"},"potentialAction":[{"@type":"SearchAction","target":{"@type":"EntryPoint","urlTemplate":"https:\/\/chemitool.com\/?s={search_term_string}"},"query-input":"required name=search_term_string"}],"inLanguage":"pt-PT"},{"@type":"ImageObject","@id":"https:\/\/chemitool.com\/pt-pt\/products\/cutting\/abrasivos-flexiveis\/discos-de-lixa\/prato-de-suporte-de-discos-de-lixa\/#primaryimage","inLanguage":"pt-PT","url":"https:\/\/chemitool.com\/wp-content\/uploads\/2020\/09\/CHA0500115100.png","contentUrl":"https:\/\/chemitool.com\/wp-content\/uploads\/2020\/09\/CHA0500115100.png","width":800,"height":800},{"@type":"WebPage","@id":"https:\/\/chemitool.com\/pt-pt\/products\/cutting\/abrasivos-flexiveis\/discos-de-lixa\/prato-de-suporte-de-discos-de-lixa\/#webpage","url":"https:\/\/chemitool.com\/pt-pt\/products\/cutting\/abrasivos-flexiveis\/discos-de-lixa\/prato-de-suporte-de-discos-de-lixa\/","name":"PRATO DE SUPORTE DE DISCOS DE LIXA &ndash; Chemitool","isPartOf":{"@id":"https:\/\/chemitool.com\/#website"},"primaryImageOfPage":{"@id":"https:\/\/chemitool.com\/pt-pt\/products\/cutting\/abrasivos-flexiveis\/discos-de-lixa\/prato-de-suporte-de-discos-de-lixa\/#primaryimage"},"datePublished":"2020-09-02T10:32:27+00:00","dateModified":"2020-11-09T16:44:41+00:00","description":"O Prato de Suporte de Discos de Lixa CHEMITOOL \u00e9 feito para apoiar os discos de fibra durante os processos de lixar, rebarbar e de acabamento.","breadcrumb":{"@id":"https:\/\/chemitool.com\/pt-pt\/products\/cutting\/abrasivos-flexiveis\/discos-de-lixa\/prato-de-suporte-de-discos-de-lixa\/#breadcrumb"},"inLanguage":"pt-PT","potentialAction":[{"@type":"ReadAction","target":["https:\/\/chemitool.com\/pt-pt\/products\/cutting\/abrasivos-flexiveis\/discos-de-lixa\/prato-de-suporte-de-discos-de-lixa\/"]}]},{"@type":"BreadcrumbList","@id":"https:\/\/chemitool.com\/pt-pt\/products\/cutting\/abrasivos-flexiveis\/discos-de-lixa\/prato-de-suporte-de-discos-de-lixa\/#breadcrumb","itemListElement":[{"@type":"ListItem","position":1,"name":"Home","item":"https:\/\/chemitool.com\/pt-pt\/"},{"@type":"ListItem","position":2,"name":"Produtos","item":"https:\/\/chemitool.com\/pt-pt\/produtos\/"},{"@type":"ListItem","position":3,"name":"Cutting","item":"https:\/\/chemitool.com\/pt-pt\/categoria-produto\/cutting\/"},{"@type":"ListItem","position":4,"name":"Abrasivos Flex\u00edveis","item":"https:\/\/chemitool.com\/pt-pt\/categoria-produto\/cutting\/abrasivos-flexiveis\/"},{"@type":"ListItem","position":5,"name":"Discos de Lixa","item":"https:\/\/chemitool.com\/pt-pt\/categoria-produto\/cutting\/abrasivos-flexiveis\/discos-de-lixa\/"},{"@type":"ListItem","position":6,"name":"PRATO DE SUPORTE DE DISCOS DE LIXA"}]}]}},"_links":{"self":[{"href":"https:\/\/chemitool.com\/pt-pt\/wp-json\/wp\/v2\/product\/5697"}],"collection":[{"href":"https:\/\/chemitool.com\/pt-pt\/wp-json\/wp\/v2\/product"}],"about":[{"href":"https:\/\/chemitool.com\/pt-pt\/wp-json\/wp\/v2\/types\/product"}],"wp:featuredmedia":[{"embeddable":true,"href":"https:\/\/chemitool.com\/pt-pt\/wp-json\/wp\/v2\/media\/12727"}],"wp:attachment":[{"href":"https:\/\/chemitool.com\/pt-pt\/wp-json\/wp\/v2\/media?parent=5697"}],"wp:term":[{"taxonomy":"product_cat","embeddable":true,"href":"https:\/\/chemitool.com\/pt-pt\/wp-json\/wp\/v2\/product_cat?post=5697"},{"taxonomy":"product_tag","embeddable":true,"href":"https:\/\/chemitool.com\/pt-pt\/wp-json\/wp\/v2\/product_tag?post=5697"}],"curies":[{"name":"wp","href":"https:\/\/api.w.org\/{rel}","templated":true}]}}