{"id":5694,"date":"2020-09-02T10:08:02","date_gmt":"2020-09-02T10:08:02","guid":{"rendered":"https:\/\/chemitool.com\/products\/sem%20categoria\/disco-de-lixa-grao-zirconio\/"},"modified":"2020-11-09T15:17:03","modified_gmt":"2020-11-09T15:17:03","slug":"disco-de-lixa-zirconio","status":"publish","type":"product","link":"https:\/\/chemitool.com\/pt-pt\/products\/cutting\/abrasivos-flexiveis\/discos-de-lixa\/disco-de-lixa-zirconio\/","title":{"rendered":"DISCO DE LIXA ZIRC\u00d3NIO"},"content":{"rendered":"<p><strong>VANTAGENS<\/strong><\/p>\n<ul>\n<li>Alta performance<\/li>\n<li>Acabamento superficial de alta qualidade<\/li>\n<li>Excelente adapta\u00e7\u00e3o aos contornos<\/li>\n<li>Grande estabilidade e seguran\u00e7a de trabalho<\/li>\n<li>Longa vida \u00fatil da ferramenta<\/li>\n<\/ul>\n<p>O<em> Disco de Lixa Gr\u00e3o Zirc\u00f3nio Alum\u00ednio Z CHEMITOOL<\/em> garante uma elevada remo\u00e7\u00e3o do material em gr\u00e3os mais grossos e uma boa qualidade de polimento da superf\u00edcie em gr\u00e3os mais finos. Para um rebarbar mais est\u00e1vel, este disco \u00e9 dotado de uma base de apoio em fibra vulcanizada (colada com resina sint\u00e9tica). Indicado para nivelar e rebarbar arestas, trabalhos de superf\u00edcie, trabalho em cord\u00f5es de soldadura e desbaste fino e grosso. Para usar com o <a href=\"https:\/\/chemitool.com\/pt-pt\/products\/corte\/abrasivos-flexiveis\/discos-de-lixa\/prato-suporte-discos-fibra\/\"><em><u>Prato de Suporte de Discos de Fibra CHEMITOOL<\/u><\/em><\/a>.<\/p>\n","protected":false},"excerpt":{"rendered":"<p>O <em>Disco de Lixa Gr\u00e3o Zirc\u00f3nio Alum\u00ednio Z CHEMITOOL <\/em>\u00e9 indicado para trabalhos de desbaste grosso garantindo uma \u00f3tima remo\u00e7\u00e3o de material.<\/p>\n","protected":false},"featured_media":9152,"template":"","meta":[],"product_cat":[1422,1485,1442],"product_tag":[1476],"yoast_head":"<!-- This site is optimized with the Yoast SEO plugin v17.4 - https:\/\/yoast.com\/wordpress\/plugins\/seo\/ -->\n<title>DISCO DE LIXA ZIRC\u00d3NIO &ndash; Chemitool<\/title>\n<meta name=\"description\" content=\"O Disco de Lixa Gr\u00e3o Zirc\u00f3nio Alum\u00ednio Z CHEMITOOL \u00e9 indicado para trabalhos de desbaste grosso garantindo uma \u00f3tima remo\u00e7\u00e3o de material.\" \/>\n<meta name=\"robots\" content=\"index, follow, max-snippet:-1, max-image-preview:large, max-video-preview:-1\" \/>\n<link rel=\"canonical\" href=\"https:\/\/chemitool.com\/pt-pt\/products\/cutting\/abrasivos-flexiveis\/discos-de-lixa\/disco-de-lixa-zirconio\/\" \/>\n<meta property=\"og:locale\" content=\"pt_PT\" \/>\n<meta property=\"og:type\" content=\"article\" \/>\n<meta property=\"og:title\" content=\"DISCO DE LIXA ZIRC\u00d3NIO &ndash; Chemitool\" \/>\n<meta property=\"og:description\" content=\"O Disco de Lixa Gr\u00e3o Zirc\u00f3nio Alum\u00ednio Z CHEMITOOL \u00e9 indicado para trabalhos de desbaste grosso garantindo uma \u00f3tima remo\u00e7\u00e3o de material.\" \/>\n<meta property=\"og:url\" content=\"https:\/\/chemitool.com\/pt-pt\/products\/cutting\/abrasivos-flexiveis\/discos-de-lixa\/disco-de-lixa-zirconio\/\" \/>\n<meta property=\"og:site_name\" content=\"Chemitool\" \/>\n<meta property=\"article:publisher\" content=\"https:\/\/www.facebook.com\/chemitool\" \/>\n<meta property=\"article:modified_time\" content=\"2020-11-09T15:17:03+00:00\" \/>\n<meta property=\"og:image\" content=\"https:\/\/chemitool.com\/wp-content\/uploads\/2020\/09\/zirconia-alumina-fibre-disc-1.png\" \/>\n\t<meta property=\"og:image:width\" content=\"800\" \/>\n\t<meta property=\"og:image:height\" content=\"800\" \/>\n<meta name=\"twitter:card\" content=\"summary_large_image\" \/>\n<meta name=\"twitter:label1\" content=\"Tempo estimado de leitura\" \/>\n\t<meta name=\"twitter:data1\" content=\"1 minuto\" \/>\n<script type=\"application\/ld+json\" class=\"yoast-schema-graph\">{\"@context\":\"https:\/\/schema.org\",\"@graph\":[{\"@type\":\"Organization\",\"@id\":\"https:\/\/chemitool.com\/#organization\",\"name\":\"Chemitool\",\"url\":\"https:\/\/chemitool.com\/\",\"sameAs\":[\"https:\/\/www.facebook.com\/chemitool\",\"https:\/\/www.instagram.com\/chemitool\/\"],\"logo\":{\"@type\":\"ImageObject\",\"@id\":\"https:\/\/chemitool.com\/#logo\",\"inLanguage\":\"pt-PT\",\"url\":\"https:\/\/chemitool.com\/wp-content\/uploads\/2020\/10\/logo_chemitool.png\",\"contentUrl\":\"https:\/\/chemitool.com\/wp-content\/uploads\/2020\/10\/logo_chemitool.png\",\"width\":400,\"height\":400,\"caption\":\"Chemitool\"},\"image\":{\"@id\":\"https:\/\/chemitool.com\/#logo\"}},{\"@type\":\"WebSite\",\"@id\":\"https:\/\/chemitool.com\/#website\",\"url\":\"https:\/\/chemitool.com\/\",\"name\":\"Chemitool\",\"description\":\"Chemitool - hardware and tools\",\"publisher\":{\"@id\":\"https:\/\/chemitool.com\/#organization\"},\"potentialAction\":[{\"@type\":\"SearchAction\",\"target\":{\"@type\":\"EntryPoint\",\"urlTemplate\":\"https:\/\/chemitool.com\/?s={search_term_string}\"},\"query-input\":\"required name=search_term_string\"}],\"inLanguage\":\"pt-PT\"},{\"@type\":\"ImageObject\",\"@id\":\"https:\/\/chemitool.com\/pt-pt\/products\/cutting\/abrasivos-flexiveis\/discos-de-lixa\/disco-de-lixa-zirconio\/#primaryimage\",\"inLanguage\":\"pt-PT\",\"url\":\"https:\/\/chemitool.com\/wp-content\/uploads\/2020\/09\/CHA0501.png\",\"contentUrl\":\"https:\/\/chemitool.com\/wp-content\/uploads\/2020\/09\/CHA0501.png\",\"width\":800,\"height\":800},{\"@type\":\"WebPage\",\"@id\":\"https:\/\/chemitool.com\/pt-pt\/products\/cutting\/abrasivos-flexiveis\/discos-de-lixa\/disco-de-lixa-zirconio\/#webpage\",\"url\":\"https:\/\/chemitool.com\/pt-pt\/products\/cutting\/abrasivos-flexiveis\/discos-de-lixa\/disco-de-lixa-zirconio\/\",\"name\":\"DISCO DE LIXA ZIRC\\u00d3NIO &ndash; Chemitool\",\"isPartOf\":{\"@id\":\"https:\/\/chemitool.com\/#website\"},\"primaryImageOfPage\":{\"@id\":\"https:\/\/chemitool.com\/pt-pt\/products\/cutting\/abrasivos-flexiveis\/discos-de-lixa\/disco-de-lixa-zirconio\/#primaryimage\"},\"datePublished\":\"2020-09-02T10:08:02+00:00\",\"dateModified\":\"2020-11-09T15:17:03+00:00\",\"description\":\"O Disco de Lixa Gr\\u00e3o Zirc\\u00f3nio Alum\\u00ednio Z CHEMITOOL \\u00e9 indicado para trabalhos de desbaste grosso garantindo uma \\u00f3tima remo\\u00e7\\u00e3o de material.\",\"breadcrumb\":{\"@id\":\"https:\/\/chemitool.com\/pt-pt\/products\/cutting\/abrasivos-flexiveis\/discos-de-lixa\/disco-de-lixa-zirconio\/#breadcrumb\"},\"inLanguage\":\"pt-PT\",\"potentialAction\":[{\"@type\":\"ReadAction\",\"target\":[\"https:\/\/chemitool.com\/pt-pt\/products\/cutting\/abrasivos-flexiveis\/discos-de-lixa\/disco-de-lixa-zirconio\/\"]}]},{\"@type\":\"BreadcrumbList\",\"@id\":\"https:\/\/chemitool.com\/pt-pt\/products\/cutting\/abrasivos-flexiveis\/discos-de-lixa\/disco-de-lixa-zirconio\/#breadcrumb\",\"itemListElement\":[{\"@type\":\"ListItem\",\"position\":1,\"name\":\"Home\",\"item\":\"https:\/\/chemitool.com\/pt-pt\/\"},{\"@type\":\"ListItem\",\"position\":2,\"name\":\"Produtos\",\"item\":\"https:\/\/chemitool.com\/pt-pt\/produtos\/\"},{\"@type\":\"ListItem\",\"position\":3,\"name\":\"Cutting\",\"item\":\"https:\/\/chemitool.com\/pt-pt\/categoria-produto\/cutting\/\"},{\"@type\":\"ListItem\",\"position\":4,\"name\":\"Abrasivos Flex\\u00edveis\",\"item\":\"https:\/\/chemitool.com\/pt-pt\/categoria-produto\/cutting\/abrasivos-flexiveis\/\"},{\"@type\":\"ListItem\",\"position\":5,\"name\":\"Discos de Lixa\",\"item\":\"https:\/\/chemitool.com\/pt-pt\/categoria-produto\/cutting\/abrasivos-flexiveis\/discos-de-lixa\/\"},{\"@type\":\"ListItem\",\"position\":6,\"name\":\"DISCO DE LIXA ZIRC\\u00d3NIO\"}]}]}<\/script>\n<!-- \/ Yoast SEO plugin. -->","yoast_head_json":{"title":"DISCO DE LIXA ZIRC\u00d3NIO &ndash; Chemitool","description":"O Disco de Lixa Gr\u00e3o Zirc\u00f3nio Alum\u00ednio Z CHEMITOOL \u00e9 indicado para trabalhos de desbaste grosso garantindo uma \u00f3tima remo\u00e7\u00e3o de material.","robots":{"index":"index","follow":"follow","max-snippet":"max-snippet:-1","max-image-preview":"max-image-preview:large","max-video-preview":"max-video-preview:-1"},"canonical":"https:\/\/chemitool.com\/pt-pt\/products\/cutting\/abrasivos-flexiveis\/discos-de-lixa\/disco-de-lixa-zirconio\/","og_locale":"pt_PT","og_type":"article","og_title":"DISCO DE LIXA ZIRC\u00d3NIO &ndash; Chemitool","og_description":"O Disco de Lixa Gr\u00e3o Zirc\u00f3nio Alum\u00ednio Z CHEMITOOL \u00e9 indicado para trabalhos de desbaste grosso garantindo uma \u00f3tima remo\u00e7\u00e3o de material.","og_url":"https:\/\/chemitool.com\/pt-pt\/products\/cutting\/abrasivos-flexiveis\/discos-de-lixa\/disco-de-lixa-zirconio\/","og_site_name":"Chemitool","article_publisher":"https:\/\/www.facebook.com\/chemitool","article_modified_time":"2020-11-09T15:17:03+00:00","og_image":[{"width":800,"height":800,"url":"https:\/\/chemitool.com\/wp-content\/uploads\/2020\/09\/zirconia-alumina-fibre-disc-1.png","type":"image\/png"}],"twitter_card":"summary_large_image","twitter_misc":{"Tempo estimado de leitura":"1 minuto"},"schema":{"@context":"https:\/\/schema.org","@graph":[{"@type":"Organization","@id":"https:\/\/chemitool.com\/#organization","name":"Chemitool","url":"https:\/\/chemitool.com\/","sameAs":["https:\/\/www.facebook.com\/chemitool","https:\/\/www.instagram.com\/chemitool\/"],"logo":{"@type":"ImageObject","@id":"https:\/\/chemitool.com\/#logo","inLanguage":"pt-PT","url":"https:\/\/chemitool.com\/wp-content\/uploads\/2020\/10\/logo_chemitool.png","contentUrl":"https:\/\/chemitool.com\/wp-content\/uploads\/2020\/10\/logo_chemitool.png","width":400,"height":400,"caption":"Chemitool"},"image":{"@id":"https:\/\/chemitool.com\/#logo"}},{"@type":"WebSite","@id":"https:\/\/chemitool.com\/#website","url":"https:\/\/chemitool.com\/","name":"Chemitool","description":"Chemitool - hardware and tools","publisher":{"@id":"https:\/\/chemitool.com\/#organization"},"potentialAction":[{"@type":"SearchAction","target":{"@type":"EntryPoint","urlTemplate":"https:\/\/chemitool.com\/?s={search_term_string}"},"query-input":"required name=search_term_string"}],"inLanguage":"pt-PT"},{"@type":"ImageObject","@id":"https:\/\/chemitool.com\/pt-pt\/products\/cutting\/abrasivos-flexiveis\/discos-de-lixa\/disco-de-lixa-zirconio\/#primaryimage","inLanguage":"pt-PT","url":"https:\/\/chemitool.com\/wp-content\/uploads\/2020\/09\/CHA0501.png","contentUrl":"https:\/\/chemitool.com\/wp-content\/uploads\/2020\/09\/CHA0501.png","width":800,"height":800},{"@type":"WebPage","@id":"https:\/\/chemitool.com\/pt-pt\/products\/cutting\/abrasivos-flexiveis\/discos-de-lixa\/disco-de-lixa-zirconio\/#webpage","url":"https:\/\/chemitool.com\/pt-pt\/products\/cutting\/abrasivos-flexiveis\/discos-de-lixa\/disco-de-lixa-zirconio\/","name":"DISCO DE LIXA ZIRC\u00d3NIO &ndash; Chemitool","isPartOf":{"@id":"https:\/\/chemitool.com\/#website"},"primaryImageOfPage":{"@id":"https:\/\/chemitool.com\/pt-pt\/products\/cutting\/abrasivos-flexiveis\/discos-de-lixa\/disco-de-lixa-zirconio\/#primaryimage"},"datePublished":"2020-09-02T10:08:02+00:00","dateModified":"2020-11-09T15:17:03+00:00","description":"O Disco de Lixa Gr\u00e3o Zirc\u00f3nio Alum\u00ednio Z CHEMITOOL \u00e9 indicado para trabalhos de desbaste grosso garantindo uma \u00f3tima remo\u00e7\u00e3o de material.","breadcrumb":{"@id":"https:\/\/chemitool.com\/pt-pt\/products\/cutting\/abrasivos-flexiveis\/discos-de-lixa\/disco-de-lixa-zirconio\/#breadcrumb"},"inLanguage":"pt-PT","potentialAction":[{"@type":"ReadAction","target":["https:\/\/chemitool.com\/pt-pt\/products\/cutting\/abrasivos-flexiveis\/discos-de-lixa\/disco-de-lixa-zirconio\/"]}]},{"@type":"BreadcrumbList","@id":"https:\/\/chemitool.com\/pt-pt\/products\/cutting\/abrasivos-flexiveis\/discos-de-lixa\/disco-de-lixa-zirconio\/#breadcrumb","itemListElement":[{"@type":"ListItem","position":1,"name":"Home","item":"https:\/\/chemitool.com\/pt-pt\/"},{"@type":"ListItem","position":2,"name":"Produtos","item":"https:\/\/chemitool.com\/pt-pt\/produtos\/"},{"@type":"ListItem","position":3,"name":"Cutting","item":"https:\/\/chemitool.com\/pt-pt\/categoria-produto\/cutting\/"},{"@type":"ListItem","position":4,"name":"Abrasivos Flex\u00edveis","item":"https:\/\/chemitool.com\/pt-pt\/categoria-produto\/cutting\/abrasivos-flexiveis\/"},{"@type":"ListItem","position":5,"name":"Discos de Lixa","item":"https:\/\/chemitool.com\/pt-pt\/categoria-produto\/cutting\/abrasivos-flexiveis\/discos-de-lixa\/"},{"@type":"ListItem","position":6,"name":"DISCO DE LIXA ZIRC\u00d3NIO"}]}]}},"_links":{"self":[{"href":"https:\/\/chemitool.com\/pt-pt\/wp-json\/wp\/v2\/product\/5694"}],"collection":[{"href":"https:\/\/chemitool.com\/pt-pt\/wp-json\/wp\/v2\/product"}],"about":[{"href":"https:\/\/chemitool.com\/pt-pt\/wp-json\/wp\/v2\/types\/product"}],"wp:featuredmedia":[{"embeddable":true,"href":"https:\/\/chemitool.com\/pt-pt\/wp-json\/wp\/v2\/media\/9152"}],"wp:attachment":[{"href":"https:\/\/chemitool.com\/pt-pt\/wp-json\/wp\/v2\/media?parent=5694"}],"wp:term":[{"taxonomy":"product_cat","embeddable":true,"href":"https:\/\/chemitool.com\/pt-pt\/wp-json\/wp\/v2\/product_cat?post=5694"},{"taxonomy":"product_tag","embeddable":true,"href":"https:\/\/chemitool.com\/pt-pt\/wp-json\/wp\/v2\/product_tag?post=5694"}],"curies":[{"name":"wp","href":"https:\/\/api.w.org\/{rel}","templated":true}]}}