{"id":5603,"date":"2020-07-23T10:45:54","date_gmt":"2020-07-23T10:45:54","guid":{"rendered":"https:\/\/chemitool.com\/products\/sem%20categoria\/disco-de-lamelas-ceramico-all-round\/"},"modified":"2020-11-09T15:24:22","modified_gmt":"2020-11-09T15:24:22","slug":"disco-de-lamelas-all-round-ceramico","status":"publish","type":"product","link":"https:\/\/chemitool.com\/pt-pt\/products\/cutting\/discos-de-lamelas\/discos-de-lamelas-all-round\/disco-de-lamelas-all-round-ceramico\/","title":{"rendered":"DISCO DE LAMELAS ALL-ROUND CER\u00c2MICO"},"content":{"rendered":"<p><strong>VANTAGENS<\/strong><\/p>\n<ul>\n<li>Disco curvo e formato radial<\/li>\n<li>Para trabalhos em geometria<\/li>\n<li>Desbaste r\u00e1pido e agressivo<\/li>\n<li>Polimento perfeito em v\u00e1rios \u00e2ngulos<\/li>\n<li>Grande estabilidade e seguran\u00e7a de trabalho<\/li>\n<li>Longa vida \u00fatil da ferramenta<\/li>\n<\/ul>\n<p>O <em>Disco de Lamelas ALL-ROUND Gr\u00e3o Cer\u00e2mico CHEMITOOL <\/em>permite chegar aos cantos das pe\u00e7as soldadas, gra\u00e7as ao seu design <em>ALL-ROUND<\/em>. Esta inova\u00e7\u00e3o consiste num disco curvo com um formato radial que permite uma remo\u00e7\u00e3o \u00f3tima e precisa dos cord\u00f5es de soldadura. Este formato oferece-lhe imensas vantagens quando se trata de uma pe\u00e7a de trabalho com cantos, fazendo um polimento perfeito em v\u00e1rios \u00e2ngulos. O seu gr\u00e3o cer\u00e2mico garante um desbaste refrigerado em materiais com baixa condutibilidade t\u00e9rmica. Para resultados excelentes, sugerimos a utiliza\u00e7\u00e3o de uma rebarbadora angular.<\/p>\n<p>Os discos de lamelas<em> CHEMITOOL <\/em>cumprem as normas Europeias (EN 13743).<\/p>\n","protected":false},"excerpt":{"rendered":"<p>O<em> Disco de Lamelas ALL-ROUND Gr\u00e3o Cer\u00e2mico CHEMITOOL <\/em>\u00e9 perfeito para trabalhos que exijam um grande desbaste, especialmente de acabamento fino da superf\u00edcie. Com a inova\u00e7\u00e3o <em>ALL-ROUND<\/em> este disco permite trabalhar cord\u00f5es de soldadura e aproveitar totalmente o material abrasivo.<\/p>\n","protected":false},"featured_media":9155,"template":"","meta":[],"product_cat":[1422,1448,1492],"product_tag":[1478],"yoast_head":"<!-- This site is optimized with the Yoast SEO plugin v17.4 - https:\/\/yoast.com\/wordpress\/plugins\/seo\/ -->\n<title>DISCO DE LAMELAS ALL-ROUND CER\u00c2MICO &ndash; Chemitool<\/title>\n<meta name=\"description\" content=\"O Disco de Lamelas ALL-ROUND Gr\u00e3o Cer\u00e2mico CHEMITOOL \u00e9 perfeito para trabalhos que exijam um grande desbaste, especialmente de acabamento fino da superf\u00edcie. Com a inova\u00e7\u00e3o ALL-ROUND este disco permite trabalhar cord\u00f5es de soldadura e aproveitar totalmente o material abrasivo.\" \/>\n<meta name=\"robots\" content=\"index, follow, max-snippet:-1, max-image-preview:large, max-video-preview:-1\" \/>\n<link rel=\"canonical\" href=\"https:\/\/chemitool.com\/pt-pt\/products\/cutting\/discos-de-lamelas\/discos-de-lamelas-all-round\/disco-de-lamelas-all-round-ceramico\/\" \/>\n<meta property=\"og:locale\" content=\"pt_PT\" \/>\n<meta property=\"og:type\" content=\"article\" \/>\n<meta property=\"og:title\" content=\"DISCO DE LAMELAS ALL-ROUND CER\u00c2MICO &ndash; Chemitool\" \/>\n<meta property=\"og:description\" content=\"O Disco de Lamelas ALL-ROUND Gr\u00e3o Cer\u00e2mico CHEMITOOL \u00e9 perfeito para trabalhos que exijam um grande desbaste, especialmente de acabamento fino da superf\u00edcie. Com a inova\u00e7\u00e3o ALL-ROUND este disco permite trabalhar cord\u00f5es de soldadura e aproveitar totalmente o material abrasivo.\" \/>\n<meta property=\"og:url\" content=\"https:\/\/chemitool.com\/pt-pt\/products\/cutting\/discos-de-lamelas\/discos-de-lamelas-all-round\/disco-de-lamelas-all-round-ceramico\/\" \/>\n<meta property=\"og:site_name\" content=\"Chemitool\" \/>\n<meta property=\"article:publisher\" content=\"https:\/\/www.facebook.com\/chemitool\" \/>\n<meta property=\"article:modified_time\" content=\"2020-11-09T15:24:22+00:00\" \/>\n<meta property=\"og:image\" content=\"https:\/\/chemitool.com\/wp-content\/uploads\/2020\/07\/allround-ceram-2.png\" \/>\n\t<meta property=\"og:image:width\" content=\"800\" \/>\n\t<meta property=\"og:image:height\" content=\"800\" \/>\n<meta name=\"twitter:card\" content=\"summary_large_image\" \/>\n<meta name=\"twitter:label1\" content=\"Tempo estimado de leitura\" \/>\n\t<meta name=\"twitter:data1\" content=\"1 minuto\" \/>\n<script type=\"application\/ld+json\" class=\"yoast-schema-graph\">{\"@context\":\"https:\/\/schema.org\",\"@graph\":[{\"@type\":\"Organization\",\"@id\":\"https:\/\/chemitool.com\/#organization\",\"name\":\"Chemitool\",\"url\":\"https:\/\/chemitool.com\/\",\"sameAs\":[\"https:\/\/www.facebook.com\/chemitool\",\"https:\/\/www.instagram.com\/chemitool\/\"],\"logo\":{\"@type\":\"ImageObject\",\"@id\":\"https:\/\/chemitool.com\/#logo\",\"inLanguage\":\"pt-PT\",\"url\":\"https:\/\/chemitool.com\/wp-content\/uploads\/2020\/10\/logo_chemitool.png\",\"contentUrl\":\"https:\/\/chemitool.com\/wp-content\/uploads\/2020\/10\/logo_chemitool.png\",\"width\":400,\"height\":400,\"caption\":\"Chemitool\"},\"image\":{\"@id\":\"https:\/\/chemitool.com\/#logo\"}},{\"@type\":\"WebSite\",\"@id\":\"https:\/\/chemitool.com\/#website\",\"url\":\"https:\/\/chemitool.com\/\",\"name\":\"Chemitool\",\"description\":\"Chemitool - hardware and tools\",\"publisher\":{\"@id\":\"https:\/\/chemitool.com\/#organization\"},\"potentialAction\":[{\"@type\":\"SearchAction\",\"target\":{\"@type\":\"EntryPoint\",\"urlTemplate\":\"https:\/\/chemitool.com\/?s={search_term_string}\"},\"query-input\":\"required name=search_term_string\"}],\"inLanguage\":\"pt-PT\"},{\"@type\":\"ImageObject\",\"@id\":\"https:\/\/chemitool.com\/pt-pt\/products\/cutting\/discos-de-lamelas\/discos-de-lamelas-all-round\/disco-de-lamelas-all-round-ceramico\/#primaryimage\",\"inLanguage\":\"pt-PT\",\"url\":\"https:\/\/chemitool.com\/wp-content\/uploads\/2020\/07\/CHA0206.png\",\"contentUrl\":\"https:\/\/chemitool.com\/wp-content\/uploads\/2020\/07\/CHA0206.png\",\"width\":800,\"height\":800},{\"@type\":\"WebPage\",\"@id\":\"https:\/\/chemitool.com\/pt-pt\/products\/cutting\/discos-de-lamelas\/discos-de-lamelas-all-round\/disco-de-lamelas-all-round-ceramico\/#webpage\",\"url\":\"https:\/\/chemitool.com\/pt-pt\/products\/cutting\/discos-de-lamelas\/discos-de-lamelas-all-round\/disco-de-lamelas-all-round-ceramico\/\",\"name\":\"DISCO DE LAMELAS ALL-ROUND CER\\u00c2MICO &ndash; Chemitool\",\"isPartOf\":{\"@id\":\"https:\/\/chemitool.com\/#website\"},\"primaryImageOfPage\":{\"@id\":\"https:\/\/chemitool.com\/pt-pt\/products\/cutting\/discos-de-lamelas\/discos-de-lamelas-all-round\/disco-de-lamelas-all-round-ceramico\/#primaryimage\"},\"datePublished\":\"2020-07-23T10:45:54+00:00\",\"dateModified\":\"2020-11-09T15:24:22+00:00\",\"description\":\"O Disco de Lamelas ALL-ROUND Gr\\u00e3o Cer\\u00e2mico CHEMITOOL \\u00e9 perfeito para trabalhos que exijam um grande desbaste, especialmente de acabamento fino da superf\\u00edcie. Com a inova\\u00e7\\u00e3o ALL-ROUND este disco permite trabalhar cord\\u00f5es de soldadura e aproveitar totalmente o material abrasivo.\",\"breadcrumb\":{\"@id\":\"https:\/\/chemitool.com\/pt-pt\/products\/cutting\/discos-de-lamelas\/discos-de-lamelas-all-round\/disco-de-lamelas-all-round-ceramico\/#breadcrumb\"},\"inLanguage\":\"pt-PT\",\"potentialAction\":[{\"@type\":\"ReadAction\",\"target\":[\"https:\/\/chemitool.com\/pt-pt\/products\/cutting\/discos-de-lamelas\/discos-de-lamelas-all-round\/disco-de-lamelas-all-round-ceramico\/\"]}]},{\"@type\":\"BreadcrumbList\",\"@id\":\"https:\/\/chemitool.com\/pt-pt\/products\/cutting\/discos-de-lamelas\/discos-de-lamelas-all-round\/disco-de-lamelas-all-round-ceramico\/#breadcrumb\",\"itemListElement\":[{\"@type\":\"ListItem\",\"position\":1,\"name\":\"Home\",\"item\":\"https:\/\/chemitool.com\/pt-pt\/\"},{\"@type\":\"ListItem\",\"position\":2,\"name\":\"Produtos\",\"item\":\"https:\/\/chemitool.com\/pt-pt\/produtos\/\"},{\"@type\":\"ListItem\",\"position\":3,\"name\":\"Cutting\",\"item\":\"https:\/\/chemitool.com\/pt-pt\/categoria-produto\/cutting\/\"},{\"@type\":\"ListItem\",\"position\":4,\"name\":\"DISCO DE LAMELAS ALL-ROUND CER\\u00c2MICO\"}]}]}<\/script>\n<!-- \/ Yoast SEO plugin. -->","yoast_head_json":{"title":"DISCO DE LAMELAS ALL-ROUND CER\u00c2MICO &ndash; Chemitool","description":"O Disco de Lamelas ALL-ROUND Gr\u00e3o Cer\u00e2mico CHEMITOOL \u00e9 perfeito para trabalhos que exijam um grande desbaste, especialmente de acabamento fino da superf\u00edcie. Com a inova\u00e7\u00e3o ALL-ROUND este disco permite trabalhar cord\u00f5es de soldadura e aproveitar totalmente o material abrasivo.","robots":{"index":"index","follow":"follow","max-snippet":"max-snippet:-1","max-image-preview":"max-image-preview:large","max-video-preview":"max-video-preview:-1"},"canonical":"https:\/\/chemitool.com\/pt-pt\/products\/cutting\/discos-de-lamelas\/discos-de-lamelas-all-round\/disco-de-lamelas-all-round-ceramico\/","og_locale":"pt_PT","og_type":"article","og_title":"DISCO DE LAMELAS ALL-ROUND CER\u00c2MICO &ndash; Chemitool","og_description":"O Disco de Lamelas ALL-ROUND Gr\u00e3o Cer\u00e2mico CHEMITOOL \u00e9 perfeito para trabalhos que exijam um grande desbaste, especialmente de acabamento fino da superf\u00edcie. Com a inova\u00e7\u00e3o ALL-ROUND este disco permite trabalhar cord\u00f5es de soldadura e aproveitar totalmente o material abrasivo.","og_url":"https:\/\/chemitool.com\/pt-pt\/products\/cutting\/discos-de-lamelas\/discos-de-lamelas-all-round\/disco-de-lamelas-all-round-ceramico\/","og_site_name":"Chemitool","article_publisher":"https:\/\/www.facebook.com\/chemitool","article_modified_time":"2020-11-09T15:24:22+00:00","og_image":[{"width":800,"height":800,"url":"https:\/\/chemitool.com\/wp-content\/uploads\/2020\/07\/allround-ceram-2.png","type":"image\/png"}],"twitter_card":"summary_large_image","twitter_misc":{"Tempo estimado de leitura":"1 minuto"},"schema":{"@context":"https:\/\/schema.org","@graph":[{"@type":"Organization","@id":"https:\/\/chemitool.com\/#organization","name":"Chemitool","url":"https:\/\/chemitool.com\/","sameAs":["https:\/\/www.facebook.com\/chemitool","https:\/\/www.instagram.com\/chemitool\/"],"logo":{"@type":"ImageObject","@id":"https:\/\/chemitool.com\/#logo","inLanguage":"pt-PT","url":"https:\/\/chemitool.com\/wp-content\/uploads\/2020\/10\/logo_chemitool.png","contentUrl":"https:\/\/chemitool.com\/wp-content\/uploads\/2020\/10\/logo_chemitool.png","width":400,"height":400,"caption":"Chemitool"},"image":{"@id":"https:\/\/chemitool.com\/#logo"}},{"@type":"WebSite","@id":"https:\/\/chemitool.com\/#website","url":"https:\/\/chemitool.com\/","name":"Chemitool","description":"Chemitool - hardware and tools","publisher":{"@id":"https:\/\/chemitool.com\/#organization"},"potentialAction":[{"@type":"SearchAction","target":{"@type":"EntryPoint","urlTemplate":"https:\/\/chemitool.com\/?s={search_term_string}"},"query-input":"required name=search_term_string"}],"inLanguage":"pt-PT"},{"@type":"ImageObject","@id":"https:\/\/chemitool.com\/pt-pt\/products\/cutting\/discos-de-lamelas\/discos-de-lamelas-all-round\/disco-de-lamelas-all-round-ceramico\/#primaryimage","inLanguage":"pt-PT","url":"https:\/\/chemitool.com\/wp-content\/uploads\/2020\/07\/CHA0206.png","contentUrl":"https:\/\/chemitool.com\/wp-content\/uploads\/2020\/07\/CHA0206.png","width":800,"height":800},{"@type":"WebPage","@id":"https:\/\/chemitool.com\/pt-pt\/products\/cutting\/discos-de-lamelas\/discos-de-lamelas-all-round\/disco-de-lamelas-all-round-ceramico\/#webpage","url":"https:\/\/chemitool.com\/pt-pt\/products\/cutting\/discos-de-lamelas\/discos-de-lamelas-all-round\/disco-de-lamelas-all-round-ceramico\/","name":"DISCO DE LAMELAS ALL-ROUND CER\u00c2MICO &ndash; Chemitool","isPartOf":{"@id":"https:\/\/chemitool.com\/#website"},"primaryImageOfPage":{"@id":"https:\/\/chemitool.com\/pt-pt\/products\/cutting\/discos-de-lamelas\/discos-de-lamelas-all-round\/disco-de-lamelas-all-round-ceramico\/#primaryimage"},"datePublished":"2020-07-23T10:45:54+00:00","dateModified":"2020-11-09T15:24:22+00:00","description":"O Disco de Lamelas ALL-ROUND Gr\u00e3o Cer\u00e2mico CHEMITOOL \u00e9 perfeito para trabalhos que exijam um grande desbaste, especialmente de acabamento fino da superf\u00edcie. Com a inova\u00e7\u00e3o ALL-ROUND este disco permite trabalhar cord\u00f5es de soldadura e aproveitar totalmente o material abrasivo.","breadcrumb":{"@id":"https:\/\/chemitool.com\/pt-pt\/products\/cutting\/discos-de-lamelas\/discos-de-lamelas-all-round\/disco-de-lamelas-all-round-ceramico\/#breadcrumb"},"inLanguage":"pt-PT","potentialAction":[{"@type":"ReadAction","target":["https:\/\/chemitool.com\/pt-pt\/products\/cutting\/discos-de-lamelas\/discos-de-lamelas-all-round\/disco-de-lamelas-all-round-ceramico\/"]}]},{"@type":"BreadcrumbList","@id":"https:\/\/chemitool.com\/pt-pt\/products\/cutting\/discos-de-lamelas\/discos-de-lamelas-all-round\/disco-de-lamelas-all-round-ceramico\/#breadcrumb","itemListElement":[{"@type":"ListItem","position":1,"name":"Home","item":"https:\/\/chemitool.com\/pt-pt\/"},{"@type":"ListItem","position":2,"name":"Produtos","item":"https:\/\/chemitool.com\/pt-pt\/produtos\/"},{"@type":"ListItem","position":3,"name":"Cutting","item":"https:\/\/chemitool.com\/pt-pt\/categoria-produto\/cutting\/"},{"@type":"ListItem","position":4,"name":"DISCO DE LAMELAS ALL-ROUND CER\u00c2MICO"}]}]}},"_links":{"self":[{"href":"https:\/\/chemitool.com\/pt-pt\/wp-json\/wp\/v2\/product\/5603"}],"collection":[{"href":"https:\/\/chemitool.com\/pt-pt\/wp-json\/wp\/v2\/product"}],"about":[{"href":"https:\/\/chemitool.com\/pt-pt\/wp-json\/wp\/v2\/types\/product"}],"wp:featuredmedia":[{"embeddable":true,"href":"https:\/\/chemitool.com\/pt-pt\/wp-json\/wp\/v2\/media\/9155"}],"wp:attachment":[{"href":"https:\/\/chemitool.com\/pt-pt\/wp-json\/wp\/v2\/media?parent=5603"}],"wp:term":[{"taxonomy":"product_cat","embeddable":true,"href":"https:\/\/chemitool.com\/pt-pt\/wp-json\/wp\/v2\/product_cat?post=5603"},{"taxonomy":"product_tag","embeddable":true,"href":"https:\/\/chemitool.com\/pt-pt\/wp-json\/wp\/v2\/product_tag?post=5603"}],"curies":[{"name":"wp","href":"https:\/\/api.w.org\/{rel}","templated":true}]}}