{"id":5599,"date":"2020-07-23T10:45:53","date_gmt":"2020-07-23T10:45:53","guid":{"rendered":"https:\/\/chemitool.com\/products\/sem%20categoria\/disco-de-lamelas-de-aluminio-powerfrost\/"},"modified":"2020-11-09T15:40:56","modified_gmt":"2020-11-09T15:40:56","slug":"zirkonia-aluminium","status":"publish","type":"product","link":"https:\/\/chemitool.com\/pt-pt\/products\/cutting\/discos-de-lamelas\/discos-de-lamelas-powergrinding\/zirkonia-aluminium\/","title":{"rendered":"ZIRKONIA ALUMINIUM"},"content":{"rendered":"<p><strong>VANTAGENS<\/strong><\/p>\n<ul>\n<li>Tecnologia POWERFROST<\/li>\n<li>Formato c\u00f3nico<\/li>\n<li>Desbaste agressivo<\/li>\n<li>R\u00e1pido arrefecimento<\/li>\n<li>Grande estabilidade e seguran\u00e7a de trabalho<\/li>\n<li>Longa vida \u00fatil da ferramenta<\/li>\n<\/ul>\n<p>O <em>Disco de Lamelas de Zirc\u00f3nio de Alum\u00ednio Z CHEMITOOL<\/em> garante uma grande durabilidade e firmeza no momento de polimento dos materiais. A mistura de gr\u00e3o abrasivo em Zirc\u00f3nio Alum\u00ednio Z e \u00d3xido de Alum\u00ednio A semi-fri\u00e1vel permite uma remo\u00e7\u00e3o excelente em aplica\u00e7\u00f5es de alum\u00ednio.<br \/>Adequado para remover descolora\u00e7\u00e3o, material e imperfei\u00e7\u00f5es em alum\u00ednio.<br \/>Gra\u00e7as ao seu formato c\u00f3nico, o <em>Disco de Lamelas de Zirc\u00f3nio de Alum\u00ednio Z CHEMITOOL<\/em>\u00a0tem uma \u00e1rea de desbaste mais estreita para eliminar cord\u00f5es de solda, chanfragem e rebarba\u00e7\u00e3o. Para aproveitar ao m\u00e1ximo as lamelas abrasivas dever\u00e1 trabalhar num \u00e2ngulo de contacto com a superf\u00edcie de 10\u00b0 a 25\u00b0.<\/p>\n<p>Os discos de lamelas<em> CHEMITOOL <\/em>cumprem as normas Europeias (EN 13743).<\/p>\n","protected":false},"excerpt":{"rendered":"<p><em>O Disco de Lamelas de Zirc\u00f3nio de Alum\u00ednio Z CHEMITOOL <\/em>\u00e9 excelente a remover materiais acumulados em superf\u00edcies de alum\u00ednio. Possui a tecnologia <em>POWERFROST<\/em> para garantir o r\u00e1pido arrefecimento do disco e da pe\u00e7a de alum\u00ednio a trabalhar.<\/p>\n","protected":false},"featured_media":9165,"template":"","meta":[],"product_cat":[1422,1448,1493],"product_tag":[1478],"yoast_head":"<!-- This site is optimized with the Yoast SEO plugin v17.4 - https:\/\/yoast.com\/wordpress\/plugins\/seo\/ -->\n<title>ZIRKONIA ALUMINIUM &ndash; Chemitool<\/title>\n<meta name=\"description\" content=\"O Disco de Lamelas de Zirc\u00f3nio de Alum\u00ednio Z CHEMITOOL \u00e9 excelente a remover materiais acumulados em superf\u00edcies de alum\u00ednio. Possui a tecnologia POWERFROST para garantir o r\u00e1pido arrefecimento do disco e da pe\u00e7a de alum\u00ednio a trabalhar.\" \/>\n<meta name=\"robots\" content=\"index, follow, max-snippet:-1, max-image-preview:large, max-video-preview:-1\" \/>\n<link rel=\"canonical\" href=\"https:\/\/chemitool.com\/pt-pt\/products\/cutting\/discos-de-lamelas\/discos-de-lamelas-powergrinding\/zirkonia-aluminium\/\" \/>\n<meta property=\"og:locale\" content=\"pt_PT\" \/>\n<meta property=\"og:type\" content=\"article\" \/>\n<meta property=\"og:title\" content=\"ZIRKONIA ALUMINIUM &ndash; Chemitool\" \/>\n<meta property=\"og:description\" content=\"O Disco de Lamelas de Zirc\u00f3nio de Alum\u00ednio Z CHEMITOOL \u00e9 excelente a remover materiais acumulados em superf\u00edcies de alum\u00ednio. Possui a tecnologia POWERFROST para garantir o r\u00e1pido arrefecimento do disco e da pe\u00e7a de alum\u00ednio a trabalhar.\" \/>\n<meta property=\"og:url\" content=\"https:\/\/chemitool.com\/pt-pt\/products\/cutting\/discos-de-lamelas\/discos-de-lamelas-powergrinding\/zirkonia-aluminium\/\" \/>\n<meta property=\"og:site_name\" content=\"Chemitool\" \/>\n<meta property=\"article:publisher\" content=\"https:\/\/www.facebook.com\/chemitool\" \/>\n<meta property=\"article:modified_time\" content=\"2020-11-09T15:40:56+00:00\" \/>\n<meta property=\"og:image\" content=\"https:\/\/chemitool.com\/wp-content\/uploads\/2020\/07\/powerfrost-alu-2.png\" \/>\n\t<meta property=\"og:image:width\" content=\"800\" \/>\n\t<meta property=\"og:image:height\" content=\"800\" \/>\n<meta name=\"twitter:card\" content=\"summary_large_image\" \/>\n<meta name=\"twitter:label1\" content=\"Tempo estimado de leitura\" \/>\n\t<meta name=\"twitter:data1\" content=\"1 minuto\" \/>\n<script type=\"application\/ld+json\" class=\"yoast-schema-graph\">{\"@context\":\"https:\/\/schema.org\",\"@graph\":[{\"@type\":\"Organization\",\"@id\":\"https:\/\/chemitool.com\/#organization\",\"name\":\"Chemitool\",\"url\":\"https:\/\/chemitool.com\/\",\"sameAs\":[\"https:\/\/www.facebook.com\/chemitool\",\"https:\/\/www.instagram.com\/chemitool\/\"],\"logo\":{\"@type\":\"ImageObject\",\"@id\":\"https:\/\/chemitool.com\/#logo\",\"inLanguage\":\"pt-PT\",\"url\":\"https:\/\/chemitool.com\/wp-content\/uploads\/2020\/10\/logo_chemitool.png\",\"contentUrl\":\"https:\/\/chemitool.com\/wp-content\/uploads\/2020\/10\/logo_chemitool.png\",\"width\":400,\"height\":400,\"caption\":\"Chemitool\"},\"image\":{\"@id\":\"https:\/\/chemitool.com\/#logo\"}},{\"@type\":\"WebSite\",\"@id\":\"https:\/\/chemitool.com\/#website\",\"url\":\"https:\/\/chemitool.com\/\",\"name\":\"Chemitool\",\"description\":\"Chemitool - hardware and tools\",\"publisher\":{\"@id\":\"https:\/\/chemitool.com\/#organization\"},\"potentialAction\":[{\"@type\":\"SearchAction\",\"target\":{\"@type\":\"EntryPoint\",\"urlTemplate\":\"https:\/\/chemitool.com\/?s={search_term_string}\"},\"query-input\":\"required name=search_term_string\"}],\"inLanguage\":\"pt-PT\"},{\"@type\":\"ImageObject\",\"@id\":\"https:\/\/chemitool.com\/pt-pt\/products\/cutting\/discos-de-lamelas\/discos-de-lamelas-powergrinding\/zirkonia-aluminium\/#primaryimage\",\"inLanguage\":\"pt-PT\",\"url\":\"https:\/\/chemitool.com\/wp-content\/uploads\/2020\/07\/CHA0210.png\",\"contentUrl\":\"https:\/\/chemitool.com\/wp-content\/uploads\/2020\/07\/CHA0210.png\",\"width\":800,\"height\":800},{\"@type\":\"WebPage\",\"@id\":\"https:\/\/chemitool.com\/pt-pt\/products\/cutting\/discos-de-lamelas\/discos-de-lamelas-powergrinding\/zirkonia-aluminium\/#webpage\",\"url\":\"https:\/\/chemitool.com\/pt-pt\/products\/cutting\/discos-de-lamelas\/discos-de-lamelas-powergrinding\/zirkonia-aluminium\/\",\"name\":\"ZIRKONIA ALUMINIUM &ndash; Chemitool\",\"isPartOf\":{\"@id\":\"https:\/\/chemitool.com\/#website\"},\"primaryImageOfPage\":{\"@id\":\"https:\/\/chemitool.com\/pt-pt\/products\/cutting\/discos-de-lamelas\/discos-de-lamelas-powergrinding\/zirkonia-aluminium\/#primaryimage\"},\"datePublished\":\"2020-07-23T10:45:53+00:00\",\"dateModified\":\"2020-11-09T15:40:56+00:00\",\"description\":\"O Disco de Lamelas de Zirc\\u00f3nio de Alum\\u00ednio Z CHEMITOOL \\u00e9 excelente a remover materiais acumulados em superf\\u00edcies de alum\\u00ednio. Possui a tecnologia POWERFROST para garantir o r\\u00e1pido arrefecimento do disco e da pe\\u00e7a de alum\\u00ednio a trabalhar.\",\"breadcrumb\":{\"@id\":\"https:\/\/chemitool.com\/pt-pt\/products\/cutting\/discos-de-lamelas\/discos-de-lamelas-powergrinding\/zirkonia-aluminium\/#breadcrumb\"},\"inLanguage\":\"pt-PT\",\"potentialAction\":[{\"@type\":\"ReadAction\",\"target\":[\"https:\/\/chemitool.com\/pt-pt\/products\/cutting\/discos-de-lamelas\/discos-de-lamelas-powergrinding\/zirkonia-aluminium\/\"]}]},{\"@type\":\"BreadcrumbList\",\"@id\":\"https:\/\/chemitool.com\/pt-pt\/products\/cutting\/discos-de-lamelas\/discos-de-lamelas-powergrinding\/zirkonia-aluminium\/#breadcrumb\",\"itemListElement\":[{\"@type\":\"ListItem\",\"position\":1,\"name\":\"Home\",\"item\":\"https:\/\/chemitool.com\/pt-pt\/\"},{\"@type\":\"ListItem\",\"position\":2,\"name\":\"Produtos\",\"item\":\"https:\/\/chemitool.com\/pt-pt\/produtos\/\"},{\"@type\":\"ListItem\",\"position\":3,\"name\":\"Cutting\",\"item\":\"https:\/\/chemitool.com\/pt-pt\/categoria-produto\/cutting\/\"},{\"@type\":\"ListItem\",\"position\":4,\"name\":\"ZIRKONIA ALUMINIUM\"}]}]}<\/script>\n<!-- \/ Yoast SEO plugin. -->","yoast_head_json":{"title":"ZIRKONIA ALUMINIUM &ndash; Chemitool","description":"O Disco de Lamelas de Zirc\u00f3nio de Alum\u00ednio Z CHEMITOOL \u00e9 excelente a remover materiais acumulados em superf\u00edcies de alum\u00ednio. Possui a tecnologia POWERFROST para garantir o r\u00e1pido arrefecimento do disco e da pe\u00e7a de alum\u00ednio a trabalhar.","robots":{"index":"index","follow":"follow","max-snippet":"max-snippet:-1","max-image-preview":"max-image-preview:large","max-video-preview":"max-video-preview:-1"},"canonical":"https:\/\/chemitool.com\/pt-pt\/products\/cutting\/discos-de-lamelas\/discos-de-lamelas-powergrinding\/zirkonia-aluminium\/","og_locale":"pt_PT","og_type":"article","og_title":"ZIRKONIA ALUMINIUM &ndash; Chemitool","og_description":"O Disco de Lamelas de Zirc\u00f3nio de Alum\u00ednio Z CHEMITOOL \u00e9 excelente a remover materiais acumulados em superf\u00edcies de alum\u00ednio. Possui a tecnologia POWERFROST para garantir o r\u00e1pido arrefecimento do disco e da pe\u00e7a de alum\u00ednio a trabalhar.","og_url":"https:\/\/chemitool.com\/pt-pt\/products\/cutting\/discos-de-lamelas\/discos-de-lamelas-powergrinding\/zirkonia-aluminium\/","og_site_name":"Chemitool","article_publisher":"https:\/\/www.facebook.com\/chemitool","article_modified_time":"2020-11-09T15:40:56+00:00","og_image":[{"width":800,"height":800,"url":"https:\/\/chemitool.com\/wp-content\/uploads\/2020\/07\/powerfrost-alu-2.png","type":"image\/png"}],"twitter_card":"summary_large_image","twitter_misc":{"Tempo estimado de leitura":"1 minuto"},"schema":{"@context":"https:\/\/schema.org","@graph":[{"@type":"Organization","@id":"https:\/\/chemitool.com\/#organization","name":"Chemitool","url":"https:\/\/chemitool.com\/","sameAs":["https:\/\/www.facebook.com\/chemitool","https:\/\/www.instagram.com\/chemitool\/"],"logo":{"@type":"ImageObject","@id":"https:\/\/chemitool.com\/#logo","inLanguage":"pt-PT","url":"https:\/\/chemitool.com\/wp-content\/uploads\/2020\/10\/logo_chemitool.png","contentUrl":"https:\/\/chemitool.com\/wp-content\/uploads\/2020\/10\/logo_chemitool.png","width":400,"height":400,"caption":"Chemitool"},"image":{"@id":"https:\/\/chemitool.com\/#logo"}},{"@type":"WebSite","@id":"https:\/\/chemitool.com\/#website","url":"https:\/\/chemitool.com\/","name":"Chemitool","description":"Chemitool - hardware and tools","publisher":{"@id":"https:\/\/chemitool.com\/#organization"},"potentialAction":[{"@type":"SearchAction","target":{"@type":"EntryPoint","urlTemplate":"https:\/\/chemitool.com\/?s={search_term_string}"},"query-input":"required name=search_term_string"}],"inLanguage":"pt-PT"},{"@type":"ImageObject","@id":"https:\/\/chemitool.com\/pt-pt\/products\/cutting\/discos-de-lamelas\/discos-de-lamelas-powergrinding\/zirkonia-aluminium\/#primaryimage","inLanguage":"pt-PT","url":"https:\/\/chemitool.com\/wp-content\/uploads\/2020\/07\/CHA0210.png","contentUrl":"https:\/\/chemitool.com\/wp-content\/uploads\/2020\/07\/CHA0210.png","width":800,"height":800},{"@type":"WebPage","@id":"https:\/\/chemitool.com\/pt-pt\/products\/cutting\/discos-de-lamelas\/discos-de-lamelas-powergrinding\/zirkonia-aluminium\/#webpage","url":"https:\/\/chemitool.com\/pt-pt\/products\/cutting\/discos-de-lamelas\/discos-de-lamelas-powergrinding\/zirkonia-aluminium\/","name":"ZIRKONIA ALUMINIUM &ndash; Chemitool","isPartOf":{"@id":"https:\/\/chemitool.com\/#website"},"primaryImageOfPage":{"@id":"https:\/\/chemitool.com\/pt-pt\/products\/cutting\/discos-de-lamelas\/discos-de-lamelas-powergrinding\/zirkonia-aluminium\/#primaryimage"},"datePublished":"2020-07-23T10:45:53+00:00","dateModified":"2020-11-09T15:40:56+00:00","description":"O Disco de Lamelas de Zirc\u00f3nio de Alum\u00ednio Z CHEMITOOL \u00e9 excelente a remover materiais acumulados em superf\u00edcies de alum\u00ednio. Possui a tecnologia POWERFROST para garantir o r\u00e1pido arrefecimento do disco e da pe\u00e7a de alum\u00ednio a trabalhar.","breadcrumb":{"@id":"https:\/\/chemitool.com\/pt-pt\/products\/cutting\/discos-de-lamelas\/discos-de-lamelas-powergrinding\/zirkonia-aluminium\/#breadcrumb"},"inLanguage":"pt-PT","potentialAction":[{"@type":"ReadAction","target":["https:\/\/chemitool.com\/pt-pt\/products\/cutting\/discos-de-lamelas\/discos-de-lamelas-powergrinding\/zirkonia-aluminium\/"]}]},{"@type":"BreadcrumbList","@id":"https:\/\/chemitool.com\/pt-pt\/products\/cutting\/discos-de-lamelas\/discos-de-lamelas-powergrinding\/zirkonia-aluminium\/#breadcrumb","itemListElement":[{"@type":"ListItem","position":1,"name":"Home","item":"https:\/\/chemitool.com\/pt-pt\/"},{"@type":"ListItem","position":2,"name":"Produtos","item":"https:\/\/chemitool.com\/pt-pt\/produtos\/"},{"@type":"ListItem","position":3,"name":"Cutting","item":"https:\/\/chemitool.com\/pt-pt\/categoria-produto\/cutting\/"},{"@type":"ListItem","position":4,"name":"ZIRKONIA ALUMINIUM"}]}]}},"_links":{"self":[{"href":"https:\/\/chemitool.com\/pt-pt\/wp-json\/wp\/v2\/product\/5599"}],"collection":[{"href":"https:\/\/chemitool.com\/pt-pt\/wp-json\/wp\/v2\/product"}],"about":[{"href":"https:\/\/chemitool.com\/pt-pt\/wp-json\/wp\/v2\/types\/product"}],"wp:featuredmedia":[{"embeddable":true,"href":"https:\/\/chemitool.com\/pt-pt\/wp-json\/wp\/v2\/media\/9165"}],"wp:attachment":[{"href":"https:\/\/chemitool.com\/pt-pt\/wp-json\/wp\/v2\/media?parent=5599"}],"wp:term":[{"taxonomy":"product_cat","embeddable":true,"href":"https:\/\/chemitool.com\/pt-pt\/wp-json\/wp\/v2\/product_cat?post=5599"},{"taxonomy":"product_tag","embeddable":true,"href":"https:\/\/chemitool.com\/pt-pt\/wp-json\/wp\/v2\/product_tag?post=5599"}],"curies":[{"name":"wp","href":"https:\/\/api.w.org\/{rel}","templated":true}]}}