{"id":5593,"date":"2020-07-23T10:45:52","date_gmt":"2020-07-23T10:45:52","guid":{"rendered":"https:\/\/chemitool.com\/products\/sem%20categoria\/disco-de-lamelas-ceramico\/"},"modified":"2020-11-09T15:56:43","modified_gmt":"2020-11-09T15:56:43","slug":"disco-de-lamelas-ceramico","status":"publish","type":"product","link":"https:\/\/chemitool.com\/pt-pt\/products\/cutting\/discos-de-lamelas\/discos-de-lamelas-standard\/disco-de-lamelas-ceramico\/","title":{"rendered":"DISCO DE LAMELAS CER\u00c2MICO"},"content":{"rendered":"<p><strong>VANTAGENS<\/strong><\/p>\n<ul>\n<li>Alta performance<\/li>\n<li>Desbaste agressivo<\/li>\n<li>R\u00e1pido arrefecimento<\/li>\n<li>Estabilidade durante o processo de polimento<\/li>\n<li>Pouca vibra\u00e7\u00e3o<\/li>\n<li>Multimateriais<\/li>\n<li>Longa vida \u00fatil da ferramenta<\/li>\n<\/ul>\n<p>O <em>Disco de Lamelas Gr\u00e3o Cer\u00e2mico CHEMITOOL <\/em>garante uma elevada remo\u00e7\u00e3o do material em gr\u00e3os mais grossos e uma boa qualidade de polimento da superf\u00edcie em gr\u00e3os mais finos, sem desgastar o disco. Os seus auxiliares de arrefecimento permitem a utiliza\u00e7\u00e3o tamb\u00e9m em superf\u00edcies de inox e a\u00e7o macio. A estabilidade durante o processo de polimento \u00e9 garantida devido ao material de apoio que \u00e9 composto por fibra vulcanizada.<br \/>O <em>Disco de Lamelas Gr\u00e3o Cer\u00e2mico CHEMITOOL<\/em> de formato c\u00f3nico tem uma \u00e1rea de desbaste mais estreita tamb\u00e9m para eliminar cord\u00f5es de soldadura, chanfrar e rebarbar. Para aproveitar ao m\u00e1ximo as lamelas abrasivas dever\u00e1 trabalhar num \u00e2ngulo de contacto com a superf\u00edcie de 10\u00b0 a 25\u00b0.<\/p>\n","protected":false},"excerpt":{"rendered":"<p><em>O Disco de Lamelas Gr\u00e3o Cer\u00e2mico CHEMITOOL <\/em>\u00e9 excelente a remover materiais acumulados em superf\u00edcies de metal, incluindo inox.<\/p>\n","protected":false},"featured_media":9171,"template":"","meta":[],"product_cat":[1422,1448,1494],"product_tag":[1478],"yoast_head":"<!-- This site is optimized with the Yoast SEO plugin v17.4 - https:\/\/yoast.com\/wordpress\/plugins\/seo\/ -->\n<title>DISCO DE LAMELAS CER\u00c2MICO &ndash; Chemitool<\/title>\n<meta name=\"description\" content=\"O Disco de Lamelas Gr\u00e3o Cer\u00e2mico CHEMITOOL \u00e9 excelente a remover materiais acumulados em superf\u00edcies de metal, incluindo inox.\" \/>\n<meta name=\"robots\" content=\"index, follow, max-snippet:-1, max-image-preview:large, max-video-preview:-1\" \/>\n<link rel=\"canonical\" href=\"https:\/\/chemitool.com\/pt-pt\/products\/cutting\/discos-de-lamelas\/discos-de-lamelas-standard\/disco-de-lamelas-ceramico\/\" \/>\n<meta property=\"og:locale\" content=\"pt_PT\" \/>\n<meta property=\"og:type\" content=\"article\" \/>\n<meta property=\"og:title\" content=\"DISCO DE LAMELAS CER\u00c2MICO &ndash; Chemitool\" \/>\n<meta property=\"og:description\" content=\"O Disco de Lamelas Gr\u00e3o Cer\u00e2mico CHEMITOOL \u00e9 excelente a remover materiais acumulados em superf\u00edcies de metal, incluindo inox.\" \/>\n<meta property=\"og:url\" content=\"https:\/\/chemitool.com\/pt-pt\/products\/cutting\/discos-de-lamelas\/discos-de-lamelas-standard\/disco-de-lamelas-ceramico\/\" \/>\n<meta property=\"og:site_name\" content=\"Chemitool\" \/>\n<meta property=\"article:publisher\" content=\"https:\/\/www.facebook.com\/chemitool\" \/>\n<meta property=\"article:modified_time\" content=\"2020-11-09T15:56:43+00:00\" \/>\n<meta property=\"og:image\" content=\"https:\/\/chemitool.com\/wp-content\/uploads\/2020\/07\/flap-ceram-2.png\" \/>\n\t<meta property=\"og:image:width\" content=\"800\" \/>\n\t<meta property=\"og:image:height\" content=\"800\" \/>\n<meta name=\"twitter:card\" content=\"summary_large_image\" \/>\n<meta name=\"twitter:label1\" content=\"Tempo estimado de leitura\" \/>\n\t<meta name=\"twitter:data1\" content=\"1 minuto\" \/>\n<script type=\"application\/ld+json\" class=\"yoast-schema-graph\">{\"@context\":\"https:\/\/schema.org\",\"@graph\":[{\"@type\":\"Organization\",\"@id\":\"https:\/\/chemitool.com\/#organization\",\"name\":\"Chemitool\",\"url\":\"https:\/\/chemitool.com\/\",\"sameAs\":[\"https:\/\/www.facebook.com\/chemitool\",\"https:\/\/www.instagram.com\/chemitool\/\"],\"logo\":{\"@type\":\"ImageObject\",\"@id\":\"https:\/\/chemitool.com\/#logo\",\"inLanguage\":\"pt-PT\",\"url\":\"https:\/\/chemitool.com\/wp-content\/uploads\/2020\/10\/logo_chemitool.png\",\"contentUrl\":\"https:\/\/chemitool.com\/wp-content\/uploads\/2020\/10\/logo_chemitool.png\",\"width\":400,\"height\":400,\"caption\":\"Chemitool\"},\"image\":{\"@id\":\"https:\/\/chemitool.com\/#logo\"}},{\"@type\":\"WebSite\",\"@id\":\"https:\/\/chemitool.com\/#website\",\"url\":\"https:\/\/chemitool.com\/\",\"name\":\"Chemitool\",\"description\":\"Chemitool - hardware and tools\",\"publisher\":{\"@id\":\"https:\/\/chemitool.com\/#organization\"},\"potentialAction\":[{\"@type\":\"SearchAction\",\"target\":{\"@type\":\"EntryPoint\",\"urlTemplate\":\"https:\/\/chemitool.com\/?s={search_term_string}\"},\"query-input\":\"required name=search_term_string\"}],\"inLanguage\":\"pt-PT\"},{\"@type\":\"ImageObject\",\"@id\":\"https:\/\/chemitool.com\/pt-pt\/products\/cutting\/discos-de-lamelas\/discos-de-lamelas-standard\/disco-de-lamelas-ceramico\/#primaryimage\",\"inLanguage\":\"pt-PT\",\"url\":\"https:\/\/chemitool.com\/wp-content\/uploads\/2020\/07\/CHA0203.png\",\"contentUrl\":\"https:\/\/chemitool.com\/wp-content\/uploads\/2020\/07\/CHA0203.png\",\"width\":800,\"height\":800},{\"@type\":\"WebPage\",\"@id\":\"https:\/\/chemitool.com\/pt-pt\/products\/cutting\/discos-de-lamelas\/discos-de-lamelas-standard\/disco-de-lamelas-ceramico\/#webpage\",\"url\":\"https:\/\/chemitool.com\/pt-pt\/products\/cutting\/discos-de-lamelas\/discos-de-lamelas-standard\/disco-de-lamelas-ceramico\/\",\"name\":\"DISCO DE LAMELAS CER\\u00c2MICO &ndash; Chemitool\",\"isPartOf\":{\"@id\":\"https:\/\/chemitool.com\/#website\"},\"primaryImageOfPage\":{\"@id\":\"https:\/\/chemitool.com\/pt-pt\/products\/cutting\/discos-de-lamelas\/discos-de-lamelas-standard\/disco-de-lamelas-ceramico\/#primaryimage\"},\"datePublished\":\"2020-07-23T10:45:52+00:00\",\"dateModified\":\"2020-11-09T15:56:43+00:00\",\"description\":\"O Disco de Lamelas Gr\\u00e3o Cer\\u00e2mico CHEMITOOL \\u00e9 excelente a remover materiais acumulados em superf\\u00edcies de metal, incluindo inox.\",\"breadcrumb\":{\"@id\":\"https:\/\/chemitool.com\/pt-pt\/products\/cutting\/discos-de-lamelas\/discos-de-lamelas-standard\/disco-de-lamelas-ceramico\/#breadcrumb\"},\"inLanguage\":\"pt-PT\",\"potentialAction\":[{\"@type\":\"ReadAction\",\"target\":[\"https:\/\/chemitool.com\/pt-pt\/products\/cutting\/discos-de-lamelas\/discos-de-lamelas-standard\/disco-de-lamelas-ceramico\/\"]}]},{\"@type\":\"BreadcrumbList\",\"@id\":\"https:\/\/chemitool.com\/pt-pt\/products\/cutting\/discos-de-lamelas\/discos-de-lamelas-standard\/disco-de-lamelas-ceramico\/#breadcrumb\",\"itemListElement\":[{\"@type\":\"ListItem\",\"position\":1,\"name\":\"Home\",\"item\":\"https:\/\/chemitool.com\/pt-pt\/\"},{\"@type\":\"ListItem\",\"position\":2,\"name\":\"Produtos\",\"item\":\"https:\/\/chemitool.com\/pt-pt\/produtos\/\"},{\"@type\":\"ListItem\",\"position\":3,\"name\":\"Cutting\",\"item\":\"https:\/\/chemitool.com\/pt-pt\/categoria-produto\/cutting\/\"},{\"@type\":\"ListItem\",\"position\":4,\"name\":\"DISCO DE LAMELAS CER\\u00c2MICO\"}]}]}<\/script>\n<!-- \/ Yoast SEO plugin. -->","yoast_head_json":{"title":"DISCO DE LAMELAS CER\u00c2MICO &ndash; Chemitool","description":"O Disco de Lamelas Gr\u00e3o Cer\u00e2mico CHEMITOOL \u00e9 excelente a remover materiais acumulados em superf\u00edcies de metal, incluindo inox.","robots":{"index":"index","follow":"follow","max-snippet":"max-snippet:-1","max-image-preview":"max-image-preview:large","max-video-preview":"max-video-preview:-1"},"canonical":"https:\/\/chemitool.com\/pt-pt\/products\/cutting\/discos-de-lamelas\/discos-de-lamelas-standard\/disco-de-lamelas-ceramico\/","og_locale":"pt_PT","og_type":"article","og_title":"DISCO DE LAMELAS CER\u00c2MICO &ndash; Chemitool","og_description":"O Disco de Lamelas Gr\u00e3o Cer\u00e2mico CHEMITOOL \u00e9 excelente a remover materiais acumulados em superf\u00edcies de metal, incluindo inox.","og_url":"https:\/\/chemitool.com\/pt-pt\/products\/cutting\/discos-de-lamelas\/discos-de-lamelas-standard\/disco-de-lamelas-ceramico\/","og_site_name":"Chemitool","article_publisher":"https:\/\/www.facebook.com\/chemitool","article_modified_time":"2020-11-09T15:56:43+00:00","og_image":[{"width":800,"height":800,"url":"https:\/\/chemitool.com\/wp-content\/uploads\/2020\/07\/flap-ceram-2.png","type":"image\/png"}],"twitter_card":"summary_large_image","twitter_misc":{"Tempo estimado de leitura":"1 minuto"},"schema":{"@context":"https:\/\/schema.org","@graph":[{"@type":"Organization","@id":"https:\/\/chemitool.com\/#organization","name":"Chemitool","url":"https:\/\/chemitool.com\/","sameAs":["https:\/\/www.facebook.com\/chemitool","https:\/\/www.instagram.com\/chemitool\/"],"logo":{"@type":"ImageObject","@id":"https:\/\/chemitool.com\/#logo","inLanguage":"pt-PT","url":"https:\/\/chemitool.com\/wp-content\/uploads\/2020\/10\/logo_chemitool.png","contentUrl":"https:\/\/chemitool.com\/wp-content\/uploads\/2020\/10\/logo_chemitool.png","width":400,"height":400,"caption":"Chemitool"},"image":{"@id":"https:\/\/chemitool.com\/#logo"}},{"@type":"WebSite","@id":"https:\/\/chemitool.com\/#website","url":"https:\/\/chemitool.com\/","name":"Chemitool","description":"Chemitool - hardware and tools","publisher":{"@id":"https:\/\/chemitool.com\/#organization"},"potentialAction":[{"@type":"SearchAction","target":{"@type":"EntryPoint","urlTemplate":"https:\/\/chemitool.com\/?s={search_term_string}"},"query-input":"required name=search_term_string"}],"inLanguage":"pt-PT"},{"@type":"ImageObject","@id":"https:\/\/chemitool.com\/pt-pt\/products\/cutting\/discos-de-lamelas\/discos-de-lamelas-standard\/disco-de-lamelas-ceramico\/#primaryimage","inLanguage":"pt-PT","url":"https:\/\/chemitool.com\/wp-content\/uploads\/2020\/07\/CHA0203.png","contentUrl":"https:\/\/chemitool.com\/wp-content\/uploads\/2020\/07\/CHA0203.png","width":800,"height":800},{"@type":"WebPage","@id":"https:\/\/chemitool.com\/pt-pt\/products\/cutting\/discos-de-lamelas\/discos-de-lamelas-standard\/disco-de-lamelas-ceramico\/#webpage","url":"https:\/\/chemitool.com\/pt-pt\/products\/cutting\/discos-de-lamelas\/discos-de-lamelas-standard\/disco-de-lamelas-ceramico\/","name":"DISCO DE LAMELAS CER\u00c2MICO &ndash; Chemitool","isPartOf":{"@id":"https:\/\/chemitool.com\/#website"},"primaryImageOfPage":{"@id":"https:\/\/chemitool.com\/pt-pt\/products\/cutting\/discos-de-lamelas\/discos-de-lamelas-standard\/disco-de-lamelas-ceramico\/#primaryimage"},"datePublished":"2020-07-23T10:45:52+00:00","dateModified":"2020-11-09T15:56:43+00:00","description":"O Disco de Lamelas Gr\u00e3o Cer\u00e2mico CHEMITOOL \u00e9 excelente a remover materiais acumulados em superf\u00edcies de metal, incluindo inox.","breadcrumb":{"@id":"https:\/\/chemitool.com\/pt-pt\/products\/cutting\/discos-de-lamelas\/discos-de-lamelas-standard\/disco-de-lamelas-ceramico\/#breadcrumb"},"inLanguage":"pt-PT","potentialAction":[{"@type":"ReadAction","target":["https:\/\/chemitool.com\/pt-pt\/products\/cutting\/discos-de-lamelas\/discos-de-lamelas-standard\/disco-de-lamelas-ceramico\/"]}]},{"@type":"BreadcrumbList","@id":"https:\/\/chemitool.com\/pt-pt\/products\/cutting\/discos-de-lamelas\/discos-de-lamelas-standard\/disco-de-lamelas-ceramico\/#breadcrumb","itemListElement":[{"@type":"ListItem","position":1,"name":"Home","item":"https:\/\/chemitool.com\/pt-pt\/"},{"@type":"ListItem","position":2,"name":"Produtos","item":"https:\/\/chemitool.com\/pt-pt\/produtos\/"},{"@type":"ListItem","position":3,"name":"Cutting","item":"https:\/\/chemitool.com\/pt-pt\/categoria-produto\/cutting\/"},{"@type":"ListItem","position":4,"name":"DISCO DE LAMELAS CER\u00c2MICO"}]}]}},"_links":{"self":[{"href":"https:\/\/chemitool.com\/pt-pt\/wp-json\/wp\/v2\/product\/5593"}],"collection":[{"href":"https:\/\/chemitool.com\/pt-pt\/wp-json\/wp\/v2\/product"}],"about":[{"href":"https:\/\/chemitool.com\/pt-pt\/wp-json\/wp\/v2\/types\/product"}],"wp:featuredmedia":[{"embeddable":true,"href":"https:\/\/chemitool.com\/pt-pt\/wp-json\/wp\/v2\/media\/9171"}],"wp:attachment":[{"href":"https:\/\/chemitool.com\/pt-pt\/wp-json\/wp\/v2\/media?parent=5593"}],"wp:term":[{"taxonomy":"product_cat","embeddable":true,"href":"https:\/\/chemitool.com\/pt-pt\/wp-json\/wp\/v2\/product_cat?post=5593"},{"taxonomy":"product_tag","embeddable":true,"href":"https:\/\/chemitool.com\/pt-pt\/wp-json\/wp\/v2\/product_tag?post=5593"}],"curies":[{"name":"wp","href":"https:\/\/api.w.org\/{rel}","templated":true}]}}