{"id":5589,"date":"2020-07-23T10:45:54","date_gmt":"2020-07-23T10:45:54","guid":{"rendered":"https:\/\/chemitool.com\/products\/sem%20categoria\/disco-de-lamelas-nonwoven\/"},"modified":"2025-07-15T13:55:46","modified_gmt":"2025-07-15T13:55:46","slug":"disco-de-lamelas-nao-tecido","status":"publish","type":"product","link":"https:\/\/chemitool.com\/pt-pt\/products\/cutting\/discos-de-lamelas\/discos-de-lamelas-standard\/disco-de-lamelas-nao-tecido\/","title":{"rendered":"DISCO DE LAMELAS N\u00c3O-TECIDO"},"content":{"rendered":"<p><strong>VANTAGENS<\/strong><\/p>\n<ul>\n<li>Alta qualidade superficial<\/li>\n<li>Flexibilidade<\/li>\n<li>Adapta\u00e7\u00e3o aos contornos<\/li>\n<li>Longa vida \u00fatil da ferramenta<\/li>\n<\/ul>\n<p>O <em>Disco de Lamelas N\u00e3o-Tecido CHEMITOOL <\/em>\u00e9 distinguido pelas suas cores consoante o tipo de gr\u00e3o que possui. O disco amarelo apresenta um gr\u00e3o mais grosso, o vermelho um gr\u00e3o m\u00e9dio e o azul um gr\u00e3o muito fino. Seja para chanfrar ou rebarbar, os\u00a0<em>Discos de Lamelas N\u00e3o-Tecido CHEMITOOL <\/em>oferecem um processo r\u00e1pido de trabalho e alta efici\u00eancia.<\/p>\n<p>Os discos de lamelas<em> CHEMITOOL <\/em>cumprem as normas Europeias (EN 13743).<\/p>\n","protected":false},"excerpt":{"rendered":"<p><em>O Disco de Lamelas N\u00e3o-Tecido CHEMITOOL <\/em>\u00e9 destinado a aplica\u00e7\u00f5es de desbaste universais de trabalho grosso a fino.<\/p>\n","protected":false},"featured_media":9162,"template":"","meta":[],"product_cat":[1422,1448,1494],"product_tag":[1474],"yoast_head":"<!-- This site is optimized with the Yoast SEO plugin v17.4 - https:\/\/yoast.com\/wordpress\/plugins\/seo\/ -->\n<title>DISCO DE LAMELAS N\u00c3O-TECIDO &ndash; Chemitool<\/title>\n<meta name=\"description\" content=\"O Disco de Lamelas N\u00e3o-Tecido CHEMITOOL \u00e9 destinado a aplica\u00e7\u00f5es de desbaste universais de trabalho grosso a fino.\" \/>\n<meta name=\"robots\" content=\"index, follow, max-snippet:-1, max-image-preview:large, max-video-preview:-1\" \/>\n<link rel=\"canonical\" href=\"https:\/\/chemitool.com\/pt-pt\/products\/cutting\/discos-de-lamelas\/discos-de-lamelas-standard\/disco-de-lamelas-nao-tecido\/\" \/>\n<meta property=\"og:locale\" content=\"pt_PT\" \/>\n<meta property=\"og:type\" content=\"article\" \/>\n<meta property=\"og:title\" content=\"DISCO DE LAMELAS N\u00c3O-TECIDO &ndash; Chemitool\" \/>\n<meta property=\"og:description\" content=\"O Disco de Lamelas N\u00e3o-Tecido CHEMITOOL \u00e9 destinado a aplica\u00e7\u00f5es de desbaste universais de trabalho grosso a fino.\" \/>\n<meta property=\"og:url\" content=\"https:\/\/chemitool.com\/pt-pt\/products\/cutting\/discos-de-lamelas\/discos-de-lamelas-standard\/disco-de-lamelas-nao-tecido\/\" \/>\n<meta property=\"og:site_name\" content=\"Chemitool\" \/>\n<meta property=\"article:publisher\" content=\"https:\/\/www.facebook.com\/chemitool\" \/>\n<meta property=\"article:modified_time\" content=\"2025-07-15T13:55:46+00:00\" \/>\n<meta property=\"og:image\" content=\"https:\/\/chemitool.com\/wp-content\/uploads\/2020\/07\/CHA0207.png\" \/>\n\t<meta property=\"og:image:width\" content=\"800\" \/>\n\t<meta property=\"og:image:height\" content=\"800\" \/>\n<meta name=\"twitter:card\" content=\"summary_large_image\" \/>\n<script type=\"application\/ld+json\" class=\"yoast-schema-graph\">{\"@context\":\"https:\/\/schema.org\",\"@graph\":[{\"@type\":\"Organization\",\"@id\":\"https:\/\/chemitool.com\/#organization\",\"name\":\"Chemitool\",\"url\":\"https:\/\/chemitool.com\/\",\"sameAs\":[\"https:\/\/www.facebook.com\/chemitool\",\"https:\/\/www.instagram.com\/chemitool\/\"],\"logo\":{\"@type\":\"ImageObject\",\"@id\":\"https:\/\/chemitool.com\/#logo\",\"inLanguage\":\"pt-PT\",\"url\":\"https:\/\/chemitool.com\/wp-content\/uploads\/2020\/10\/logo_chemitool.png\",\"contentUrl\":\"https:\/\/chemitool.com\/wp-content\/uploads\/2020\/10\/logo_chemitool.png\",\"width\":400,\"height\":400,\"caption\":\"Chemitool\"},\"image\":{\"@id\":\"https:\/\/chemitool.com\/#logo\"}},{\"@type\":\"WebSite\",\"@id\":\"https:\/\/chemitool.com\/#website\",\"url\":\"https:\/\/chemitool.com\/\",\"name\":\"Chemitool\",\"description\":\"Chemitool - hardware and tools\",\"publisher\":{\"@id\":\"https:\/\/chemitool.com\/#organization\"},\"potentialAction\":[{\"@type\":\"SearchAction\",\"target\":{\"@type\":\"EntryPoint\",\"urlTemplate\":\"https:\/\/chemitool.com\/?s={search_term_string}\"},\"query-input\":\"required name=search_term_string\"}],\"inLanguage\":\"pt-PT\"},{\"@type\":\"ImageObject\",\"@id\":\"https:\/\/chemitool.com\/pt-pt\/products\/cutting\/discos-de-lamelas\/discos-de-lamelas-standard\/disco-de-lamelas-nao-tecido\/#primaryimage\",\"inLanguage\":\"pt-PT\",\"url\":\"https:\/\/chemitool.com\/wp-content\/uploads\/2020\/07\/CHA0207.png\",\"contentUrl\":\"https:\/\/chemitool.com\/wp-content\/uploads\/2020\/07\/CHA0207.png\",\"width\":800,\"height\":800},{\"@type\":\"WebPage\",\"@id\":\"https:\/\/chemitool.com\/pt-pt\/products\/cutting\/discos-de-lamelas\/discos-de-lamelas-standard\/disco-de-lamelas-nao-tecido\/#webpage\",\"url\":\"https:\/\/chemitool.com\/pt-pt\/products\/cutting\/discos-de-lamelas\/discos-de-lamelas-standard\/disco-de-lamelas-nao-tecido\/\",\"name\":\"DISCO DE LAMELAS N\\u00c3O-TECIDO &ndash; Chemitool\",\"isPartOf\":{\"@id\":\"https:\/\/chemitool.com\/#website\"},\"primaryImageOfPage\":{\"@id\":\"https:\/\/chemitool.com\/pt-pt\/products\/cutting\/discos-de-lamelas\/discos-de-lamelas-standard\/disco-de-lamelas-nao-tecido\/#primaryimage\"},\"datePublished\":\"2020-07-23T10:45:54+00:00\",\"dateModified\":\"2025-07-15T13:55:46+00:00\",\"description\":\"O Disco de Lamelas N\\u00e3o-Tecido CHEMITOOL \\u00e9 destinado a aplica\\u00e7\\u00f5es de desbaste universais de trabalho grosso a fino.\",\"breadcrumb\":{\"@id\":\"https:\/\/chemitool.com\/pt-pt\/products\/cutting\/discos-de-lamelas\/discos-de-lamelas-standard\/disco-de-lamelas-nao-tecido\/#breadcrumb\"},\"inLanguage\":\"pt-PT\",\"potentialAction\":[{\"@type\":\"ReadAction\",\"target\":[\"https:\/\/chemitool.com\/pt-pt\/products\/cutting\/discos-de-lamelas\/discos-de-lamelas-standard\/disco-de-lamelas-nao-tecido\/\"]}]},{\"@type\":\"BreadcrumbList\",\"@id\":\"https:\/\/chemitool.com\/pt-pt\/products\/cutting\/discos-de-lamelas\/discos-de-lamelas-standard\/disco-de-lamelas-nao-tecido\/#breadcrumb\",\"itemListElement\":[{\"@type\":\"ListItem\",\"position\":1,\"name\":\"Home\",\"item\":\"https:\/\/chemitool.com\/pt-pt\/\"},{\"@type\":\"ListItem\",\"position\":2,\"name\":\"Produtos\",\"item\":\"https:\/\/chemitool.com\/pt-pt\/produtos\/\"},{\"@type\":\"ListItem\",\"position\":3,\"name\":\"Cutting\",\"item\":\"https:\/\/chemitool.com\/product-category\/cutting\/\"},{\"@type\":\"ListItem\",\"position\":4,\"name\":\"DISCO DE LAMELAS N\\u00c3O-TECIDO\"}]}]}<\/script>\n<!-- \/ Yoast SEO plugin. -->","yoast_head_json":{"title":"DISCO DE LAMELAS N\u00c3O-TECIDO &ndash; Chemitool","description":"O Disco de Lamelas N\u00e3o-Tecido CHEMITOOL \u00e9 destinado a aplica\u00e7\u00f5es de desbaste universais de trabalho grosso a fino.","robots":{"index":"index","follow":"follow","max-snippet":"max-snippet:-1","max-image-preview":"max-image-preview:large","max-video-preview":"max-video-preview:-1"},"canonical":"https:\/\/chemitool.com\/pt-pt\/products\/cutting\/discos-de-lamelas\/discos-de-lamelas-standard\/disco-de-lamelas-nao-tecido\/","og_locale":"pt_PT","og_type":"article","og_title":"DISCO DE LAMELAS N\u00c3O-TECIDO &ndash; Chemitool","og_description":"O Disco de Lamelas N\u00e3o-Tecido CHEMITOOL \u00e9 destinado a aplica\u00e7\u00f5es de desbaste universais de trabalho grosso a fino.","og_url":"https:\/\/chemitool.com\/pt-pt\/products\/cutting\/discos-de-lamelas\/discos-de-lamelas-standard\/disco-de-lamelas-nao-tecido\/","og_site_name":"Chemitool","article_publisher":"https:\/\/www.facebook.com\/chemitool","article_modified_time":"2025-07-15T13:55:46+00:00","og_image":[{"width":800,"height":800,"url":"https:\/\/chemitool.com\/wp-content\/uploads\/2020\/07\/CHA0207.png","type":"image\/png"}],"twitter_card":"summary_large_image","schema":{"@context":"https:\/\/schema.org","@graph":[{"@type":"Organization","@id":"https:\/\/chemitool.com\/#organization","name":"Chemitool","url":"https:\/\/chemitool.com\/","sameAs":["https:\/\/www.facebook.com\/chemitool","https:\/\/www.instagram.com\/chemitool\/"],"logo":{"@type":"ImageObject","@id":"https:\/\/chemitool.com\/#logo","inLanguage":"pt-PT","url":"https:\/\/chemitool.com\/wp-content\/uploads\/2020\/10\/logo_chemitool.png","contentUrl":"https:\/\/chemitool.com\/wp-content\/uploads\/2020\/10\/logo_chemitool.png","width":400,"height":400,"caption":"Chemitool"},"image":{"@id":"https:\/\/chemitool.com\/#logo"}},{"@type":"WebSite","@id":"https:\/\/chemitool.com\/#website","url":"https:\/\/chemitool.com\/","name":"Chemitool","description":"Chemitool - hardware and tools","publisher":{"@id":"https:\/\/chemitool.com\/#organization"},"potentialAction":[{"@type":"SearchAction","target":{"@type":"EntryPoint","urlTemplate":"https:\/\/chemitool.com\/?s={search_term_string}"},"query-input":"required name=search_term_string"}],"inLanguage":"pt-PT"},{"@type":"ImageObject","@id":"https:\/\/chemitool.com\/pt-pt\/products\/cutting\/discos-de-lamelas\/discos-de-lamelas-standard\/disco-de-lamelas-nao-tecido\/#primaryimage","inLanguage":"pt-PT","url":"https:\/\/chemitool.com\/wp-content\/uploads\/2020\/07\/CHA0207.png","contentUrl":"https:\/\/chemitool.com\/wp-content\/uploads\/2020\/07\/CHA0207.png","width":800,"height":800},{"@type":"WebPage","@id":"https:\/\/chemitool.com\/pt-pt\/products\/cutting\/discos-de-lamelas\/discos-de-lamelas-standard\/disco-de-lamelas-nao-tecido\/#webpage","url":"https:\/\/chemitool.com\/pt-pt\/products\/cutting\/discos-de-lamelas\/discos-de-lamelas-standard\/disco-de-lamelas-nao-tecido\/","name":"DISCO DE LAMELAS N\u00c3O-TECIDO &ndash; Chemitool","isPartOf":{"@id":"https:\/\/chemitool.com\/#website"},"primaryImageOfPage":{"@id":"https:\/\/chemitool.com\/pt-pt\/products\/cutting\/discos-de-lamelas\/discos-de-lamelas-standard\/disco-de-lamelas-nao-tecido\/#primaryimage"},"datePublished":"2020-07-23T10:45:54+00:00","dateModified":"2025-07-15T13:55:46+00:00","description":"O Disco de Lamelas N\u00e3o-Tecido CHEMITOOL \u00e9 destinado a aplica\u00e7\u00f5es de desbaste universais de trabalho grosso a fino.","breadcrumb":{"@id":"https:\/\/chemitool.com\/pt-pt\/products\/cutting\/discos-de-lamelas\/discos-de-lamelas-standard\/disco-de-lamelas-nao-tecido\/#breadcrumb"},"inLanguage":"pt-PT","potentialAction":[{"@type":"ReadAction","target":["https:\/\/chemitool.com\/pt-pt\/products\/cutting\/discos-de-lamelas\/discos-de-lamelas-standard\/disco-de-lamelas-nao-tecido\/"]}]},{"@type":"BreadcrumbList","@id":"https:\/\/chemitool.com\/pt-pt\/products\/cutting\/discos-de-lamelas\/discos-de-lamelas-standard\/disco-de-lamelas-nao-tecido\/#breadcrumb","itemListElement":[{"@type":"ListItem","position":1,"name":"Home","item":"https:\/\/chemitool.com\/pt-pt\/"},{"@type":"ListItem","position":2,"name":"Produtos","item":"https:\/\/chemitool.com\/pt-pt\/produtos\/"},{"@type":"ListItem","position":3,"name":"Cutting","item":"https:\/\/chemitool.com\/product-category\/cutting\/"},{"@type":"ListItem","position":4,"name":"DISCO DE LAMELAS N\u00c3O-TECIDO"}]}]}},"_links":{"self":[{"href":"https:\/\/chemitool.com\/pt-pt\/wp-json\/wp\/v2\/product\/5589"}],"collection":[{"href":"https:\/\/chemitool.com\/pt-pt\/wp-json\/wp\/v2\/product"}],"about":[{"href":"https:\/\/chemitool.com\/pt-pt\/wp-json\/wp\/v2\/types\/product"}],"wp:featuredmedia":[{"embeddable":true,"href":"https:\/\/chemitool.com\/pt-pt\/wp-json\/wp\/v2\/media\/9162"}],"wp:attachment":[{"href":"https:\/\/chemitool.com\/pt-pt\/wp-json\/wp\/v2\/media?parent=5589"}],"wp:term":[{"taxonomy":"product_cat","embeddable":true,"href":"https:\/\/chemitool.com\/pt-pt\/wp-json\/wp\/v2\/product_cat?post=5589"},{"taxonomy":"product_tag","embeddable":true,"href":"https:\/\/chemitool.com\/pt-pt\/wp-json\/wp\/v2\/product_tag?post=5589"}],"curies":[{"name":"wp","href":"https:\/\/api.w.org\/{rel}","templated":true}]}}