{"id":5583,"date":"2020-07-23T10:45:50","date_gmt":"2020-07-23T10:45:50","guid":{"rendered":"https:\/\/chemitool.com\/products\/sem%20categoria\/discos-de-velcro\/"},"modified":"2024-12-11T14:02:28","modified_gmt":"2024-12-11T14:02:28","slug":"discos-de-lixa-autoaderentes-progrip-red","status":"publish","type":"product","link":"https:\/\/chemitool.com\/pt-pt\/products\/cutting\/abrasivos-flexiveis\/discos-de-lixa-autoaderentes-progrip\/discos-de-lixa-autoaderentes-progrip-red\/","title":{"rendered":"DISCOS DE LIXA AUTOADERENTES PROGRIP RED"},"content":{"rendered":"<p><strong>VANTAGENS<\/strong><\/p>\n<ul>\n<li>Excelente desempenho abrasivo<\/li>\n<li>Flexibilidade<\/li>\n<li>Adapta\u00e7\u00e3o aos contornos<\/li>\n<li>Baixa dispers\u00e3o de p\u00f3<\/li>\n<li>R\u00e1pida substitui\u00e7\u00e3o do disco<\/li>\n<li>Baixa possibilidade de entupir<\/li>\n<li>Longa vida \u00fatil da ferramenta<\/li>\n<\/ul>\n<p>Os <em>Discos de Lixa Autoaderentes\u00a0CHEMITOOL<\/em> s\u00e3o fabricados com gr\u00e3o de corindo mineral \u00e0 base de \u00d3xido de Alum\u00ednio A. Gra\u00e7as aos furos de suc\u00e7\u00e3o dos discos e da qualidade da resina sint\u00e9tica usada para fixar o gr\u00e3o abrasivo, o p\u00f3 n\u00e3o dispersa. A sua flexibilidade proporciona um trabalho uniforme, sem deixar marcas. Adequado para desbastar, para acabamento, limpeza e desbaste fino. A <em>CHEMITOOL <\/em>disponibiliza 4 tipos de discos de lixa autoaderentes diferentes: sem furos, com 6, 8 ou 15 furos.<\/p>\n<p>Para usar com o <a href=\"https:\/\/chemitool.com\/pt-pt\/products\/corte\/abrasivos-flexiveis\/discos-de-velcro\/prato-suporte-de-discos-de-lixa-autoaderentes\/\"><em><u>Prato de Suporte de Discos de Lixa Autoaderentes CHEMITOOL<\/u>.<\/em><\/a><\/p>\n","protected":false},"excerpt":{"rendered":"<p>Os <em>Discos de Lixa Autoaderentes\u00a0CHEMITOOL<\/em> s\u00e3o\u00a0um abrasivo de \u00d3xido de Alum\u00ednio A utilizado para grandes trabalhos de desbaste grosso e fino em metal, madeira, pl\u00e1stico e pintura.<\/p>\n","protected":false},"featured_media":32471,"template":"","meta":[],"product_cat":[1422,1443],"product_tag":[4894],"yoast_head":"<!-- This site is optimized with the Yoast SEO plugin v17.4 - https:\/\/yoast.com\/wordpress\/plugins\/seo\/ -->\n<title>DISCOS DE LIXA AUTOADERENTES PROGRIP RED &ndash; Chemitool<\/title>\n<meta name=\"description\" content=\"Os Discos de Lixa Autoaderentes\u00a0CHEMITOOL s\u00e3o\u00a0um abrasivo de \u00d3xido de Alum\u00ednio A utilizado para grandes trabalhos de desbaste grosso e fino em metal, madeira, pl\u00e1stico e pintura.\" \/>\n<meta name=\"robots\" content=\"index, follow, max-snippet:-1, max-image-preview:large, max-video-preview:-1\" \/>\n<link rel=\"canonical\" href=\"https:\/\/chemitool.com\/pt-pt\/products\/cutting\/abrasivos-flexiveis\/discos-de-lixa-autoaderentes-progrip\/discos-de-lixa-autoaderentes-progrip-red\/\" \/>\n<meta property=\"og:locale\" content=\"pt_PT\" \/>\n<meta property=\"og:type\" content=\"article\" \/>\n<meta property=\"og:title\" content=\"DISCOS DE LIXA AUTOADERENTES PROGRIP RED &ndash; Chemitool\" \/>\n<meta property=\"og:description\" content=\"Os Discos de Lixa Autoaderentes\u00a0CHEMITOOL s\u00e3o\u00a0um abrasivo de \u00d3xido de Alum\u00ednio A utilizado para grandes trabalhos de desbaste grosso e fino em metal, madeira, pl\u00e1stico e pintura.\" \/>\n<meta property=\"og:url\" content=\"https:\/\/chemitool.com\/pt-pt\/products\/cutting\/abrasivos-flexiveis\/discos-de-lixa-autoaderentes-progrip\/discos-de-lixa-autoaderentes-progrip-red\/\" \/>\n<meta property=\"og:site_name\" content=\"Chemitool\" \/>\n<meta property=\"article:publisher\" content=\"https:\/\/www.facebook.com\/chemitool\" \/>\n<meta property=\"article:modified_time\" content=\"2024-12-11T14:02:28+00:00\" \/>\n<meta property=\"og:image\" content=\"https:\/\/chemitool.com\/wp-content\/uploads\/2020\/07\/CHA15011-2.png\" \/>\n\t<meta property=\"og:image:width\" content=\"800\" \/>\n\t<meta property=\"og:image:height\" content=\"800\" \/>\n<meta name=\"twitter:card\" content=\"summary_large_image\" \/>\n<meta name=\"twitter:label1\" content=\"Tempo estimado de leitura\" \/>\n\t<meta name=\"twitter:data1\" content=\"1 minuto\" \/>\n<script type=\"application\/ld+json\" class=\"yoast-schema-graph\">{\"@context\":\"https:\/\/schema.org\",\"@graph\":[{\"@type\":\"Organization\",\"@id\":\"https:\/\/chemitool.com\/#organization\",\"name\":\"Chemitool\",\"url\":\"https:\/\/chemitool.com\/\",\"sameAs\":[\"https:\/\/www.facebook.com\/chemitool\",\"https:\/\/www.instagram.com\/chemitool\/\"],\"logo\":{\"@type\":\"ImageObject\",\"@id\":\"https:\/\/chemitool.com\/#logo\",\"inLanguage\":\"pt-PT\",\"url\":\"https:\/\/chemitool.com\/wp-content\/uploads\/2020\/10\/logo_chemitool.png\",\"contentUrl\":\"https:\/\/chemitool.com\/wp-content\/uploads\/2020\/10\/logo_chemitool.png\",\"width\":400,\"height\":400,\"caption\":\"Chemitool\"},\"image\":{\"@id\":\"https:\/\/chemitool.com\/#logo\"}},{\"@type\":\"WebSite\",\"@id\":\"https:\/\/chemitool.com\/#website\",\"url\":\"https:\/\/chemitool.com\/\",\"name\":\"Chemitool\",\"description\":\"Chemitool - hardware and tools\",\"publisher\":{\"@id\":\"https:\/\/chemitool.com\/#organization\"},\"potentialAction\":[{\"@type\":\"SearchAction\",\"target\":{\"@type\":\"EntryPoint\",\"urlTemplate\":\"https:\/\/chemitool.com\/?s={search_term_string}\"},\"query-input\":\"required name=search_term_string\"}],\"inLanguage\":\"pt-PT\"},{\"@type\":\"ImageObject\",\"@id\":\"https:\/\/chemitool.com\/pt-pt\/products\/cutting\/abrasivos-flexiveis\/discos-de-lixa-autoaderentes-progrip\/discos-de-lixa-autoaderentes-progrip-red\/#primaryimage\",\"inLanguage\":\"pt-PT\",\"url\":\"https:\/\/chemitool.com\/wp-content\/uploads\/2020\/07\/CHA15011-2.png\",\"contentUrl\":\"https:\/\/chemitool.com\/wp-content\/uploads\/2020\/07\/CHA15011-2.png\",\"width\":800,\"height\":800},{\"@type\":\"WebPage\",\"@id\":\"https:\/\/chemitool.com\/pt-pt\/products\/cutting\/abrasivos-flexiveis\/discos-de-lixa-autoaderentes-progrip\/discos-de-lixa-autoaderentes-progrip-red\/#webpage\",\"url\":\"https:\/\/chemitool.com\/pt-pt\/products\/cutting\/abrasivos-flexiveis\/discos-de-lixa-autoaderentes-progrip\/discos-de-lixa-autoaderentes-progrip-red\/\",\"name\":\"DISCOS DE LIXA AUTOADERENTES PROGRIP RED &ndash; Chemitool\",\"isPartOf\":{\"@id\":\"https:\/\/chemitool.com\/#website\"},\"primaryImageOfPage\":{\"@id\":\"https:\/\/chemitool.com\/pt-pt\/products\/cutting\/abrasivos-flexiveis\/discos-de-lixa-autoaderentes-progrip\/discos-de-lixa-autoaderentes-progrip-red\/#primaryimage\"},\"datePublished\":\"2020-07-23T10:45:50+00:00\",\"dateModified\":\"2024-12-11T14:02:28+00:00\",\"description\":\"Os Discos de Lixa Autoaderentes\\u00a0CHEMITOOL s\\u00e3o\\u00a0um abrasivo de \\u00d3xido de Alum\\u00ednio A utilizado para grandes trabalhos de desbaste grosso e fino em metal, madeira, pl\\u00e1stico e pintura.\",\"breadcrumb\":{\"@id\":\"https:\/\/chemitool.com\/pt-pt\/products\/cutting\/abrasivos-flexiveis\/discos-de-lixa-autoaderentes-progrip\/discos-de-lixa-autoaderentes-progrip-red\/#breadcrumb\"},\"inLanguage\":\"pt-PT\",\"potentialAction\":[{\"@type\":\"ReadAction\",\"target\":[\"https:\/\/chemitool.com\/pt-pt\/products\/cutting\/abrasivos-flexiveis\/discos-de-lixa-autoaderentes-progrip\/discos-de-lixa-autoaderentes-progrip-red\/\"]}]},{\"@type\":\"BreadcrumbList\",\"@id\":\"https:\/\/chemitool.com\/pt-pt\/products\/cutting\/abrasivos-flexiveis\/discos-de-lixa-autoaderentes-progrip\/discos-de-lixa-autoaderentes-progrip-red\/#breadcrumb\",\"itemListElement\":[{\"@type\":\"ListItem\",\"position\":1,\"name\":\"Home\",\"item\":\"https:\/\/chemitool.com\/pt-pt\/\"},{\"@type\":\"ListItem\",\"position\":2,\"name\":\"Produtos\",\"item\":\"https:\/\/chemitool.com\/pt-pt\/produtos\/\"},{\"@type\":\"ListItem\",\"position\":3,\"name\":\"Cutting\",\"item\":\"https:\/\/chemitool.com\/pt-pt\/categoria-produto\/cutting\/\"},{\"@type\":\"ListItem\",\"position\":4,\"name\":\"Abrasivos Flex\\u00edveis\",\"item\":\"https:\/\/chemitool.com\/pt-pt\/categoria-produto\/cutting\/abrasivos-flexiveis\/\"},{\"@type\":\"ListItem\",\"position\":5,\"name\":\"Discos de Lixa Autoaderentes Progrip\",\"item\":\"https:\/\/chemitool.com\/pt-pt\/categoria-produto\/cutting\/abrasivos-flexiveis\/discos-de-lixa-autoaderentes-progrip\/\"},{\"@type\":\"ListItem\",\"position\":6,\"name\":\"DISCOS DE LIXA AUTOADERENTES PROGRIP RED\"}]}]}<\/script>\n<!-- \/ Yoast SEO plugin. -->","yoast_head_json":{"title":"DISCOS DE LIXA AUTOADERENTES PROGRIP RED &ndash; Chemitool","description":"Os Discos de Lixa Autoaderentes\u00a0CHEMITOOL s\u00e3o\u00a0um abrasivo de \u00d3xido de Alum\u00ednio A utilizado para grandes trabalhos de desbaste grosso e fino em metal, madeira, pl\u00e1stico e pintura.","robots":{"index":"index","follow":"follow","max-snippet":"max-snippet:-1","max-image-preview":"max-image-preview:large","max-video-preview":"max-video-preview:-1"},"canonical":"https:\/\/chemitool.com\/pt-pt\/products\/cutting\/abrasivos-flexiveis\/discos-de-lixa-autoaderentes-progrip\/discos-de-lixa-autoaderentes-progrip-red\/","og_locale":"pt_PT","og_type":"article","og_title":"DISCOS DE LIXA AUTOADERENTES PROGRIP RED &ndash; Chemitool","og_description":"Os Discos de Lixa Autoaderentes\u00a0CHEMITOOL s\u00e3o\u00a0um abrasivo de \u00d3xido de Alum\u00ednio A utilizado para grandes trabalhos de desbaste grosso e fino em metal, madeira, pl\u00e1stico e pintura.","og_url":"https:\/\/chemitool.com\/pt-pt\/products\/cutting\/abrasivos-flexiveis\/discos-de-lixa-autoaderentes-progrip\/discos-de-lixa-autoaderentes-progrip-red\/","og_site_name":"Chemitool","article_publisher":"https:\/\/www.facebook.com\/chemitool","article_modified_time":"2024-12-11T14:02:28+00:00","og_image":[{"width":800,"height":800,"url":"https:\/\/chemitool.com\/wp-content\/uploads\/2020\/07\/CHA15011-2.png","type":"image\/png"}],"twitter_card":"summary_large_image","twitter_misc":{"Tempo estimado de leitura":"1 minuto"},"schema":{"@context":"https:\/\/schema.org","@graph":[{"@type":"Organization","@id":"https:\/\/chemitool.com\/#organization","name":"Chemitool","url":"https:\/\/chemitool.com\/","sameAs":["https:\/\/www.facebook.com\/chemitool","https:\/\/www.instagram.com\/chemitool\/"],"logo":{"@type":"ImageObject","@id":"https:\/\/chemitool.com\/#logo","inLanguage":"pt-PT","url":"https:\/\/chemitool.com\/wp-content\/uploads\/2020\/10\/logo_chemitool.png","contentUrl":"https:\/\/chemitool.com\/wp-content\/uploads\/2020\/10\/logo_chemitool.png","width":400,"height":400,"caption":"Chemitool"},"image":{"@id":"https:\/\/chemitool.com\/#logo"}},{"@type":"WebSite","@id":"https:\/\/chemitool.com\/#website","url":"https:\/\/chemitool.com\/","name":"Chemitool","description":"Chemitool - hardware and tools","publisher":{"@id":"https:\/\/chemitool.com\/#organization"},"potentialAction":[{"@type":"SearchAction","target":{"@type":"EntryPoint","urlTemplate":"https:\/\/chemitool.com\/?s={search_term_string}"},"query-input":"required name=search_term_string"}],"inLanguage":"pt-PT"},{"@type":"ImageObject","@id":"https:\/\/chemitool.com\/pt-pt\/products\/cutting\/abrasivos-flexiveis\/discos-de-lixa-autoaderentes-progrip\/discos-de-lixa-autoaderentes-progrip-red\/#primaryimage","inLanguage":"pt-PT","url":"https:\/\/chemitool.com\/wp-content\/uploads\/2020\/07\/CHA15011-2.png","contentUrl":"https:\/\/chemitool.com\/wp-content\/uploads\/2020\/07\/CHA15011-2.png","width":800,"height":800},{"@type":"WebPage","@id":"https:\/\/chemitool.com\/pt-pt\/products\/cutting\/abrasivos-flexiveis\/discos-de-lixa-autoaderentes-progrip\/discos-de-lixa-autoaderentes-progrip-red\/#webpage","url":"https:\/\/chemitool.com\/pt-pt\/products\/cutting\/abrasivos-flexiveis\/discos-de-lixa-autoaderentes-progrip\/discos-de-lixa-autoaderentes-progrip-red\/","name":"DISCOS DE LIXA AUTOADERENTES PROGRIP RED &ndash; Chemitool","isPartOf":{"@id":"https:\/\/chemitool.com\/#website"},"primaryImageOfPage":{"@id":"https:\/\/chemitool.com\/pt-pt\/products\/cutting\/abrasivos-flexiveis\/discos-de-lixa-autoaderentes-progrip\/discos-de-lixa-autoaderentes-progrip-red\/#primaryimage"},"datePublished":"2020-07-23T10:45:50+00:00","dateModified":"2024-12-11T14:02:28+00:00","description":"Os Discos de Lixa Autoaderentes\u00a0CHEMITOOL s\u00e3o\u00a0um abrasivo de \u00d3xido de Alum\u00ednio A utilizado para grandes trabalhos de desbaste grosso e fino em metal, madeira, pl\u00e1stico e pintura.","breadcrumb":{"@id":"https:\/\/chemitool.com\/pt-pt\/products\/cutting\/abrasivos-flexiveis\/discos-de-lixa-autoaderentes-progrip\/discos-de-lixa-autoaderentes-progrip-red\/#breadcrumb"},"inLanguage":"pt-PT","potentialAction":[{"@type":"ReadAction","target":["https:\/\/chemitool.com\/pt-pt\/products\/cutting\/abrasivos-flexiveis\/discos-de-lixa-autoaderentes-progrip\/discos-de-lixa-autoaderentes-progrip-red\/"]}]},{"@type":"BreadcrumbList","@id":"https:\/\/chemitool.com\/pt-pt\/products\/cutting\/abrasivos-flexiveis\/discos-de-lixa-autoaderentes-progrip\/discos-de-lixa-autoaderentes-progrip-red\/#breadcrumb","itemListElement":[{"@type":"ListItem","position":1,"name":"Home","item":"https:\/\/chemitool.com\/pt-pt\/"},{"@type":"ListItem","position":2,"name":"Produtos","item":"https:\/\/chemitool.com\/pt-pt\/produtos\/"},{"@type":"ListItem","position":3,"name":"Cutting","item":"https:\/\/chemitool.com\/pt-pt\/categoria-produto\/cutting\/"},{"@type":"ListItem","position":4,"name":"Abrasivos Flex\u00edveis","item":"https:\/\/chemitool.com\/pt-pt\/categoria-produto\/cutting\/abrasivos-flexiveis\/"},{"@type":"ListItem","position":5,"name":"Discos de Lixa Autoaderentes Progrip","item":"https:\/\/chemitool.com\/pt-pt\/categoria-produto\/cutting\/abrasivos-flexiveis\/discos-de-lixa-autoaderentes-progrip\/"},{"@type":"ListItem","position":6,"name":"DISCOS DE LIXA AUTOADERENTES PROGRIP RED"}]}]}},"_links":{"self":[{"href":"https:\/\/chemitool.com\/pt-pt\/wp-json\/wp\/v2\/product\/5583"}],"collection":[{"href":"https:\/\/chemitool.com\/pt-pt\/wp-json\/wp\/v2\/product"}],"about":[{"href":"https:\/\/chemitool.com\/pt-pt\/wp-json\/wp\/v2\/types\/product"}],"wp:featuredmedia":[{"embeddable":true,"href":"https:\/\/chemitool.com\/pt-pt\/wp-json\/wp\/v2\/media\/32471"}],"wp:attachment":[{"href":"https:\/\/chemitool.com\/pt-pt\/wp-json\/wp\/v2\/media?parent=5583"}],"wp:term":[{"taxonomy":"product_cat","embeddable":true,"href":"https:\/\/chemitool.com\/pt-pt\/wp-json\/wp\/v2\/product_cat?post=5583"},{"taxonomy":"product_tag","embeddable":true,"href":"https:\/\/chemitool.com\/pt-pt\/wp-json\/wp\/v2\/product_tag?post=5583"}],"curies":[{"name":"wp","href":"https:\/\/api.w.org\/{rel}","templated":true}]}}