{"id":5569,"date":"2020-07-23T10:45:48","date_gmt":"2020-07-23T10:45:48","guid":{"rendered":"https:\/\/chemitool.com\/products\/sem%20categoria\/disco-corte-metal\/"},"modified":"2020-11-09T17:20:25","modified_gmt":"2020-11-09T17:20:25","slug":"disco-corte-metal","status":"publish","type":"product","link":"https:\/\/chemitool.com\/pt-pt\/products\/cutting\/abrasivos-rigidos\/discos-de-corte\/disco-corte-metal\/","title":{"rendered":"DISCO CORTE METAL"},"content":{"rendered":"<p><strong>VANTAGENS<\/strong><\/p>\n<ul>\n<li>Para todo o tipo de metais<\/li>\n<li>Alto desempenho de corte<\/li>\n<li>Grande estabilidade e seguran\u00e7a de trabalho<\/li>\n<li>Resist\u00eancia \u00e0 quebra<\/li>\n<li>Longa vida \u00fatil da ferramenta<\/li>\n<\/ul>\n<p>O <em>Disco de Corte de Metal CHEMITOOL <\/em>\u00e9 composto por \u00d3xido de Alum\u00ednio A de alta qualidade com resina fen\u00f3lica avan\u00e7ada, para aplica\u00e7\u00f5es mais dif\u00edceis oferecendo sempre bons resultados de corte. Indicado para aplica\u00e7\u00f5es mais exigentes. <br \/>Garante m\u00e1xima estabilidade e seguran\u00e7a de trabalho, gra\u00e7as \u00e0 rede de fibra de vidro fabricada com precis\u00e3o.<\/p>\n<p>Os discos de corte <em>CHEMITOOL<\/em> cumprem as normas Europeias (EN 12413).<\/p>\n","protected":false},"excerpt":{"rendered":"<p>O<em> Disco de Corte de Metal CHEMITOOL<\/em>\u00a0garante um grande desempenho de corte, sempre com a m\u00e1xima seguran\u00e7a. Indicado para trabalhos profissionais de corte em metal.<\/p>\n","protected":false},"featured_media":9216,"template":"","meta":[],"product_cat":[1422,1424,1423],"product_tag":[1425],"yoast_head":"<!-- This site is optimized with the Yoast SEO plugin v17.4 - https:\/\/yoast.com\/wordpress\/plugins\/seo\/ -->\n<title>DISCO CORTE METAL &ndash; Chemitool<\/title>\n<meta name=\"description\" content=\"O Disco de Corte de Metal CHEMITOOL\u00a0garante um grande desempenho de corte, sempre com a m\u00e1xima seguran\u00e7a. Indicado para trabalhos profissionais de corte em metal.\" \/>\n<meta name=\"robots\" content=\"index, follow, max-snippet:-1, max-image-preview:large, max-video-preview:-1\" \/>\n<link rel=\"canonical\" href=\"https:\/\/chemitool.com\/pt-pt\/products\/cutting\/abrasivos-rigidos\/discos-de-corte\/disco-corte-metal\/\" \/>\n<meta property=\"og:locale\" content=\"pt_PT\" \/>\n<meta property=\"og:type\" content=\"article\" \/>\n<meta property=\"og:title\" content=\"DISCO CORTE METAL &ndash; Chemitool\" \/>\n<meta property=\"og:description\" content=\"O Disco de Corte de Metal CHEMITOOL\u00a0garante um grande desempenho de corte, sempre com a m\u00e1xima seguran\u00e7a. Indicado para trabalhos profissionais de corte em metal.\" \/>\n<meta property=\"og:url\" content=\"https:\/\/chemitool.com\/pt-pt\/products\/cutting\/abrasivos-rigidos\/discos-de-corte\/disco-corte-metal\/\" \/>\n<meta property=\"og:site_name\" content=\"Chemitool\" \/>\n<meta property=\"article:publisher\" content=\"https:\/\/www.facebook.com\/chemitool\" \/>\n<meta property=\"article:modified_time\" content=\"2020-11-09T17:20:25+00:00\" \/>\n<meta property=\"og:image\" content=\"https:\/\/chemitool.com\/wp-content\/uploads\/2020\/07\/corte-metal-3.png\" \/>\n\t<meta property=\"og:image:width\" content=\"800\" \/>\n\t<meta property=\"og:image:height\" content=\"800\" \/>\n<meta name=\"twitter:card\" content=\"summary_large_image\" \/>\n<script type=\"application\/ld+json\" class=\"yoast-schema-graph\">{\"@context\":\"https:\/\/schema.org\",\"@graph\":[{\"@type\":\"Organization\",\"@id\":\"https:\/\/chemitool.com\/#organization\",\"name\":\"Chemitool\",\"url\":\"https:\/\/chemitool.com\/\",\"sameAs\":[\"https:\/\/www.facebook.com\/chemitool\",\"https:\/\/www.instagram.com\/chemitool\/\"],\"logo\":{\"@type\":\"ImageObject\",\"@id\":\"https:\/\/chemitool.com\/#logo\",\"inLanguage\":\"pt-PT\",\"url\":\"https:\/\/chemitool.com\/wp-content\/uploads\/2020\/10\/logo_chemitool.png\",\"contentUrl\":\"https:\/\/chemitool.com\/wp-content\/uploads\/2020\/10\/logo_chemitool.png\",\"width\":400,\"height\":400,\"caption\":\"Chemitool\"},\"image\":{\"@id\":\"https:\/\/chemitool.com\/#logo\"}},{\"@type\":\"WebSite\",\"@id\":\"https:\/\/chemitool.com\/#website\",\"url\":\"https:\/\/chemitool.com\/\",\"name\":\"Chemitool\",\"description\":\"Chemitool - hardware and tools\",\"publisher\":{\"@id\":\"https:\/\/chemitool.com\/#organization\"},\"potentialAction\":[{\"@type\":\"SearchAction\",\"target\":{\"@type\":\"EntryPoint\",\"urlTemplate\":\"https:\/\/chemitool.com\/?s={search_term_string}\"},\"query-input\":\"required name=search_term_string\"}],\"inLanguage\":\"pt-PT\"},{\"@type\":\"ImageObject\",\"@id\":\"https:\/\/chemitool.com\/pt-pt\/products\/cutting\/abrasivos-rigidos\/discos-de-corte\/disco-corte-metal\/#primaryimage\",\"inLanguage\":\"pt-PT\",\"url\":\"https:\/\/chemitool.com\/wp-content\/uploads\/2020\/07\/CHA0102.png\",\"contentUrl\":\"https:\/\/chemitool.com\/wp-content\/uploads\/2020\/07\/CHA0102.png\",\"width\":800,\"height\":800},{\"@type\":\"WebPage\",\"@id\":\"https:\/\/chemitool.com\/pt-pt\/products\/cutting\/abrasivos-rigidos\/discos-de-corte\/disco-corte-metal\/#webpage\",\"url\":\"https:\/\/chemitool.com\/pt-pt\/products\/cutting\/abrasivos-rigidos\/discos-de-corte\/disco-corte-metal\/\",\"name\":\"DISCO CORTE METAL &ndash; Chemitool\",\"isPartOf\":{\"@id\":\"https:\/\/chemitool.com\/#website\"},\"primaryImageOfPage\":{\"@id\":\"https:\/\/chemitool.com\/pt-pt\/products\/cutting\/abrasivos-rigidos\/discos-de-corte\/disco-corte-metal\/#primaryimage\"},\"datePublished\":\"2020-07-23T10:45:48+00:00\",\"dateModified\":\"2020-11-09T17:20:25+00:00\",\"description\":\"O Disco de Corte de Metal CHEMITOOL\\u00a0garante um grande desempenho de corte, sempre com a m\\u00e1xima seguran\\u00e7a. Indicado para trabalhos profissionais de corte em metal.\",\"breadcrumb\":{\"@id\":\"https:\/\/chemitool.com\/pt-pt\/products\/cutting\/abrasivos-rigidos\/discos-de-corte\/disco-corte-metal\/#breadcrumb\"},\"inLanguage\":\"pt-PT\",\"potentialAction\":[{\"@type\":\"ReadAction\",\"target\":[\"https:\/\/chemitool.com\/pt-pt\/products\/cutting\/abrasivos-rigidos\/discos-de-corte\/disco-corte-metal\/\"]}]},{\"@type\":\"BreadcrumbList\",\"@id\":\"https:\/\/chemitool.com\/pt-pt\/products\/cutting\/abrasivos-rigidos\/discos-de-corte\/disco-corte-metal\/#breadcrumb\",\"itemListElement\":[{\"@type\":\"ListItem\",\"position\":1,\"name\":\"Home\",\"item\":\"https:\/\/chemitool.com\/pt-pt\/\"},{\"@type\":\"ListItem\",\"position\":2,\"name\":\"Produtos\",\"item\":\"https:\/\/chemitool.com\/pt-pt\/produtos\/\"},{\"@type\":\"ListItem\",\"position\":3,\"name\":\"Cutting\",\"item\":\"https:\/\/chemitool.com\/pt-pt\/categoria-produto\/cutting\/\"},{\"@type\":\"ListItem\",\"position\":4,\"name\":\"Abrasivos R\\u00edgidos\",\"item\":\"https:\/\/chemitool.com\/pt-pt\/categoria-produto\/cutting\/abrasivos-rigidos\/\"},{\"@type\":\"ListItem\",\"position\":5,\"name\":\"Discos de Corte\",\"item\":\"https:\/\/chemitool.com\/pt-pt\/categoria-produto\/cutting\/abrasivos-rigidos\/discos-de-corte\/\"},{\"@type\":\"ListItem\",\"position\":6,\"name\":\"DISCO CORTE METAL\"}]}]}<\/script>\n<!-- \/ Yoast SEO plugin. -->","yoast_head_json":{"title":"DISCO CORTE METAL &ndash; Chemitool","description":"O Disco de Corte de Metal CHEMITOOL\u00a0garante um grande desempenho de corte, sempre com a m\u00e1xima seguran\u00e7a. Indicado para trabalhos profissionais de corte em metal.","robots":{"index":"index","follow":"follow","max-snippet":"max-snippet:-1","max-image-preview":"max-image-preview:large","max-video-preview":"max-video-preview:-1"},"canonical":"https:\/\/chemitool.com\/pt-pt\/products\/cutting\/abrasivos-rigidos\/discos-de-corte\/disco-corte-metal\/","og_locale":"pt_PT","og_type":"article","og_title":"DISCO CORTE METAL &ndash; Chemitool","og_description":"O Disco de Corte de Metal CHEMITOOL\u00a0garante um grande desempenho de corte, sempre com a m\u00e1xima seguran\u00e7a. Indicado para trabalhos profissionais de corte em metal.","og_url":"https:\/\/chemitool.com\/pt-pt\/products\/cutting\/abrasivos-rigidos\/discos-de-corte\/disco-corte-metal\/","og_site_name":"Chemitool","article_publisher":"https:\/\/www.facebook.com\/chemitool","article_modified_time":"2020-11-09T17:20:25+00:00","og_image":[{"width":800,"height":800,"url":"https:\/\/chemitool.com\/wp-content\/uploads\/2020\/07\/corte-metal-3.png","type":"image\/png"}],"twitter_card":"summary_large_image","schema":{"@context":"https:\/\/schema.org","@graph":[{"@type":"Organization","@id":"https:\/\/chemitool.com\/#organization","name":"Chemitool","url":"https:\/\/chemitool.com\/","sameAs":["https:\/\/www.facebook.com\/chemitool","https:\/\/www.instagram.com\/chemitool\/"],"logo":{"@type":"ImageObject","@id":"https:\/\/chemitool.com\/#logo","inLanguage":"pt-PT","url":"https:\/\/chemitool.com\/wp-content\/uploads\/2020\/10\/logo_chemitool.png","contentUrl":"https:\/\/chemitool.com\/wp-content\/uploads\/2020\/10\/logo_chemitool.png","width":400,"height":400,"caption":"Chemitool"},"image":{"@id":"https:\/\/chemitool.com\/#logo"}},{"@type":"WebSite","@id":"https:\/\/chemitool.com\/#website","url":"https:\/\/chemitool.com\/","name":"Chemitool","description":"Chemitool - hardware and tools","publisher":{"@id":"https:\/\/chemitool.com\/#organization"},"potentialAction":[{"@type":"SearchAction","target":{"@type":"EntryPoint","urlTemplate":"https:\/\/chemitool.com\/?s={search_term_string}"},"query-input":"required name=search_term_string"}],"inLanguage":"pt-PT"},{"@type":"ImageObject","@id":"https:\/\/chemitool.com\/pt-pt\/products\/cutting\/abrasivos-rigidos\/discos-de-corte\/disco-corte-metal\/#primaryimage","inLanguage":"pt-PT","url":"https:\/\/chemitool.com\/wp-content\/uploads\/2020\/07\/CHA0102.png","contentUrl":"https:\/\/chemitool.com\/wp-content\/uploads\/2020\/07\/CHA0102.png","width":800,"height":800},{"@type":"WebPage","@id":"https:\/\/chemitool.com\/pt-pt\/products\/cutting\/abrasivos-rigidos\/discos-de-corte\/disco-corte-metal\/#webpage","url":"https:\/\/chemitool.com\/pt-pt\/products\/cutting\/abrasivos-rigidos\/discos-de-corte\/disco-corte-metal\/","name":"DISCO CORTE METAL &ndash; Chemitool","isPartOf":{"@id":"https:\/\/chemitool.com\/#website"},"primaryImageOfPage":{"@id":"https:\/\/chemitool.com\/pt-pt\/products\/cutting\/abrasivos-rigidos\/discos-de-corte\/disco-corte-metal\/#primaryimage"},"datePublished":"2020-07-23T10:45:48+00:00","dateModified":"2020-11-09T17:20:25+00:00","description":"O Disco de Corte de Metal CHEMITOOL\u00a0garante um grande desempenho de corte, sempre com a m\u00e1xima seguran\u00e7a. Indicado para trabalhos profissionais de corte em metal.","breadcrumb":{"@id":"https:\/\/chemitool.com\/pt-pt\/products\/cutting\/abrasivos-rigidos\/discos-de-corte\/disco-corte-metal\/#breadcrumb"},"inLanguage":"pt-PT","potentialAction":[{"@type":"ReadAction","target":["https:\/\/chemitool.com\/pt-pt\/products\/cutting\/abrasivos-rigidos\/discos-de-corte\/disco-corte-metal\/"]}]},{"@type":"BreadcrumbList","@id":"https:\/\/chemitool.com\/pt-pt\/products\/cutting\/abrasivos-rigidos\/discos-de-corte\/disco-corte-metal\/#breadcrumb","itemListElement":[{"@type":"ListItem","position":1,"name":"Home","item":"https:\/\/chemitool.com\/pt-pt\/"},{"@type":"ListItem","position":2,"name":"Produtos","item":"https:\/\/chemitool.com\/pt-pt\/produtos\/"},{"@type":"ListItem","position":3,"name":"Cutting","item":"https:\/\/chemitool.com\/pt-pt\/categoria-produto\/cutting\/"},{"@type":"ListItem","position":4,"name":"Abrasivos R\u00edgidos","item":"https:\/\/chemitool.com\/pt-pt\/categoria-produto\/cutting\/abrasivos-rigidos\/"},{"@type":"ListItem","position":5,"name":"Discos de Corte","item":"https:\/\/chemitool.com\/pt-pt\/categoria-produto\/cutting\/abrasivos-rigidos\/discos-de-corte\/"},{"@type":"ListItem","position":6,"name":"DISCO CORTE METAL"}]}]}},"_links":{"self":[{"href":"https:\/\/chemitool.com\/pt-pt\/wp-json\/wp\/v2\/product\/5569"}],"collection":[{"href":"https:\/\/chemitool.com\/pt-pt\/wp-json\/wp\/v2\/product"}],"about":[{"href":"https:\/\/chemitool.com\/pt-pt\/wp-json\/wp\/v2\/types\/product"}],"wp:featuredmedia":[{"embeddable":true,"href":"https:\/\/chemitool.com\/pt-pt\/wp-json\/wp\/v2\/media\/9216"}],"wp:attachment":[{"href":"https:\/\/chemitool.com\/pt-pt\/wp-json\/wp\/v2\/media?parent=5569"}],"wp:term":[{"taxonomy":"product_cat","embeddable":true,"href":"https:\/\/chemitool.com\/pt-pt\/wp-json\/wp\/v2\/product_cat?post=5569"},{"taxonomy":"product_tag","embeddable":true,"href":"https:\/\/chemitool.com\/pt-pt\/wp-json\/wp\/v2\/product_tag?post=5569"}],"curies":[{"name":"wp","href":"https:\/\/api.w.org\/{rel}","templated":true}]}}