{"id":4999,"date":"2020-05-27T09:43:14","date_gmt":"2020-05-27T09:43:14","guid":{"rendered":"https:\/\/chemitool.com\/products\/sem%20categoria\/chemisol-lubrificating-oil-with-ptfe-spray\/"},"modified":"2021-11-03T16:49:24","modified_gmt":"2021-11-03T16:49:24","slug":"spray-oleo-lubrificante-teflon-chemisol","status":"publish","type":"product","link":"https:\/\/chemitool.com\/pt-pt\/products\/chemicals\/sprays-pt\/industria-alimentar\/spray-oleo-lubrificante-teflon-chemisol\/","title":{"rendered":"SPRAY \u00d3LEO LUBRIFICANTE TEFLON CHEMISOL"},"content":{"rendered":"<p><strong>VANTAGENS<\/strong><\/p>\n<ul>\n<li>Produto registado na NSF<em>*<\/em><\/li>\n<li>Estabilidade mec\u00e2nica e t\u00e9rmica extraordin\u00e1ria<\/li>\n<li>Excelentes propriedades penetrantes<\/li>\n<li>Fator de fric\u00e7\u00e3o muito baixo, desgaste m\u00ednimo<\/li>\n<li>Excelente ader\u00eancia<\/li>\n<li>Evita desgaste e colagem<\/li>\n<li>Resistente \u00e0s influ\u00eancias climat\u00e9ricas<\/li>\n<li>Resistente a \u00e1cidos fracos e base<\/li>\n<li>Estrutura fina (dimens\u00e3o de part\u00edcula de aproximadamente 5 micr\u00f3metros)<\/li>\n<li>Repelente de \u00e1gua<\/li>\n<li>Pulveriza\u00e7\u00e3o direta<\/li>\n<\/ul>\n<p><strong>INDICA\u00c7\u00d5ES<\/strong><\/p>\n<p>O spray deve estar \u00e0 temperatura ambiente. A melhor temperatura de utiliza\u00e7\u00e3o deve ser de 5\u00b0C a 30\u00b0C.<br \/>Antes de usar, agitar a lata de spray por 2 minutos e pulverizar uma amostra. Dist\u00e2ncia da superf\u00edcie a ser tratada deve ser de aproximadamente 25 a 30 cent\u00edmetros.<\/p>\n<p><em>* Registo National Sanitation Foundation NSF-H1, n\u00famero 139848.<\/em><\/p>\n","protected":false},"excerpt":{"rendered":"<p><b class=\"sap-label\">SAP:<\/b> <span class=\"codesap-label\">CHC010103<\/span><\/p>\n<p><em>Spray \u00d3leo Lubrificante Teflon CHEMISOL<\/em> \u00e9 um spray de alta qualidade indicado para lubrificar pe\u00e7as mec\u00e2nicas de metal e pl\u00e1stico, sujeitas a uma forte press\u00e3o. Recomendado para utiliza\u00e7\u00e3o na ind\u00fastria alimentar de acordo com o registo H1 na NSF.<\/p>\n","protected":false},"featured_media":4679,"template":"","meta":[],"product_cat":[109,1217,1244],"product_tag":[146],"yoast_head":"<!-- This site is optimized with the Yoast SEO plugin v17.4 - https:\/\/yoast.com\/wordpress\/plugins\/seo\/ -->\n<title>SPRAY \u00d3LEO LUBRIFICANTE TEFLON CHEMISOL &ndash; Chemitool<\/title>\n<meta name=\"description\" content=\"SAP: CHC010103  Spray \u00d3leo Lubrificante Teflon CHEMISOL \u00e9 um spray de alta qualidade indicado para lubrificar pe\u00e7as mec\u00e2nicas de metal e pl\u00e1stico, sujeitas a uma forte press\u00e3o. Recomendado para utiliza\u00e7\u00e3o na ind\u00fastria alimentar de acordo com o registo H1 na NSF.\" \/>\n<meta name=\"robots\" content=\"index, follow, max-snippet:-1, max-image-preview:large, max-video-preview:-1\" \/>\n<link rel=\"canonical\" href=\"https:\/\/chemitool.com\/pt-pt\/products\/chemicals\/sprays-pt\/industria-alimentar\/spray-oleo-lubrificante-teflon-chemisol\/\" \/>\n<meta property=\"og:locale\" content=\"pt_PT\" \/>\n<meta property=\"og:type\" content=\"article\" \/>\n<meta property=\"og:title\" content=\"SPRAY \u00d3LEO LUBRIFICANTE TEFLON CHEMISOL &ndash; Chemitool\" \/>\n<meta property=\"og:description\" content=\"SAP: CHC010103  Spray \u00d3leo Lubrificante Teflon CHEMISOL \u00e9 um spray de alta qualidade indicado para lubrificar pe\u00e7as mec\u00e2nicas de metal e pl\u00e1stico, sujeitas a uma forte press\u00e3o. Recomendado para utiliza\u00e7\u00e3o na ind\u00fastria alimentar de acordo com o registo H1 na NSF.\" \/>\n<meta property=\"og:url\" content=\"https:\/\/chemitool.com\/pt-pt\/products\/chemicals\/sprays-pt\/industria-alimentar\/spray-oleo-lubrificante-teflon-chemisol\/\" \/>\n<meta property=\"og:site_name\" content=\"Chemitool\" \/>\n<meta property=\"article:publisher\" content=\"https:\/\/www.facebook.com\/chemitool\" \/>\n<meta property=\"article:modified_time\" content=\"2021-11-03T16:49:24+00:00\" \/>\n<meta property=\"og:image\" content=\"https:\/\/chemitool.com\/wp-content\/uploads\/2020\/04\/PTFE-OIL-ALIMENTAR.png\" \/>\n\t<meta property=\"og:image:width\" content=\"800\" \/>\n\t<meta property=\"og:image:height\" content=\"800\" \/>\n<meta name=\"twitter:card\" content=\"summary_large_image\" \/>\n<meta name=\"twitter:label1\" content=\"Tempo estimado de leitura\" \/>\n\t<meta name=\"twitter:data1\" content=\"1 minuto\" \/>\n<script type=\"application\/ld+json\" class=\"yoast-schema-graph\">{\"@context\":\"https:\/\/schema.org\",\"@graph\":[{\"@type\":\"Organization\",\"@id\":\"https:\/\/chemitool.com\/#organization\",\"name\":\"Chemitool\",\"url\":\"https:\/\/chemitool.com\/\",\"sameAs\":[\"https:\/\/www.facebook.com\/chemitool\",\"https:\/\/www.instagram.com\/chemitool\/\"],\"logo\":{\"@type\":\"ImageObject\",\"@id\":\"https:\/\/chemitool.com\/#logo\",\"inLanguage\":\"pt-PT\",\"url\":\"https:\/\/chemitool.com\/wp-content\/uploads\/2020\/10\/logo_chemitool.png\",\"contentUrl\":\"https:\/\/chemitool.com\/wp-content\/uploads\/2020\/10\/logo_chemitool.png\",\"width\":400,\"height\":400,\"caption\":\"Chemitool\"},\"image\":{\"@id\":\"https:\/\/chemitool.com\/#logo\"}},{\"@type\":\"WebSite\",\"@id\":\"https:\/\/chemitool.com\/#website\",\"url\":\"https:\/\/chemitool.com\/\",\"name\":\"Chemitool\",\"description\":\"Chemitool - hardware and tools\",\"publisher\":{\"@id\":\"https:\/\/chemitool.com\/#organization\"},\"potentialAction\":[{\"@type\":\"SearchAction\",\"target\":{\"@type\":\"EntryPoint\",\"urlTemplate\":\"https:\/\/chemitool.com\/?s={search_term_string}\"},\"query-input\":\"required name=search_term_string\"}],\"inLanguage\":\"pt-PT\"},{\"@type\":\"ImageObject\",\"@id\":\"https:\/\/chemitool.com\/pt-pt\/products\/chemicals\/sprays-pt\/industria-alimentar\/spray-oleo-lubrificante-teflon-chemisol\/#primaryimage\",\"inLanguage\":\"pt-PT\",\"url\":\"https:\/\/chemitool.com\/wp-content\/uploads\/2020\/04\/PTFE-OIL-ALIMENTAR.png\",\"contentUrl\":\"https:\/\/chemitool.com\/wp-content\/uploads\/2020\/04\/PTFE-OIL-ALIMENTAR.png\",\"width\":800,\"height\":800},{\"@type\":\"WebPage\",\"@id\":\"https:\/\/chemitool.com\/pt-pt\/products\/chemicals\/sprays-pt\/industria-alimentar\/spray-oleo-lubrificante-teflon-chemisol\/#webpage\",\"url\":\"https:\/\/chemitool.com\/pt-pt\/products\/chemicals\/sprays-pt\/industria-alimentar\/spray-oleo-lubrificante-teflon-chemisol\/\",\"name\":\"SPRAY \\u00d3LEO LUBRIFICANTE TEFLON CHEMISOL &ndash; Chemitool\",\"isPartOf\":{\"@id\":\"https:\/\/chemitool.com\/#website\"},\"primaryImageOfPage\":{\"@id\":\"https:\/\/chemitool.com\/pt-pt\/products\/chemicals\/sprays-pt\/industria-alimentar\/spray-oleo-lubrificante-teflon-chemisol\/#primaryimage\"},\"datePublished\":\"2020-05-27T09:43:14+00:00\",\"dateModified\":\"2021-11-03T16:49:24+00:00\",\"description\":\"SAP: CHC010103 Spray \\u00d3leo Lubrificante Teflon CHEMISOL \\u00e9 um spray de alta qualidade indicado para lubrificar pe\\u00e7as mec\\u00e2nicas de metal e pl\\u00e1stico, sujeitas a uma forte press\\u00e3o. Recomendado para utiliza\\u00e7\\u00e3o na ind\\u00fastria alimentar de acordo com o registo H1 na NSF.\",\"breadcrumb\":{\"@id\":\"https:\/\/chemitool.com\/pt-pt\/products\/chemicals\/sprays-pt\/industria-alimentar\/spray-oleo-lubrificante-teflon-chemisol\/#breadcrumb\"},\"inLanguage\":\"pt-PT\",\"potentialAction\":[{\"@type\":\"ReadAction\",\"target\":[\"https:\/\/chemitool.com\/pt-pt\/products\/chemicals\/sprays-pt\/industria-alimentar\/spray-oleo-lubrificante-teflon-chemisol\/\"]}]},{\"@type\":\"BreadcrumbList\",\"@id\":\"https:\/\/chemitool.com\/pt-pt\/products\/chemicals\/sprays-pt\/industria-alimentar\/spray-oleo-lubrificante-teflon-chemisol\/#breadcrumb\",\"itemListElement\":[{\"@type\":\"ListItem\",\"position\":1,\"name\":\"Home\",\"item\":\"https:\/\/chemitool.com\/pt-pt\/\"},{\"@type\":\"ListItem\",\"position\":2,\"name\":\"Produtos\",\"item\":\"https:\/\/chemitool.com\/pt-pt\/produtos\/\"},{\"@type\":\"ListItem\",\"position\":3,\"name\":\"Chemicals\",\"item\":\"https:\/\/chemitool.com\/pt-pt\/categoria-produto\/chemicals\/\"},{\"@type\":\"ListItem\",\"position\":4,\"name\":\"Sprays\",\"item\":\"https:\/\/chemitool.com\/pt-pt\/categoria-produto\/chemicals\/sprays-pt\/\"},{\"@type\":\"ListItem\",\"position\":5,\"name\":\"Ind\\u00fastria Alimentar\",\"item\":\"https:\/\/chemitool.com\/pt-pt\/categoria-produto\/chemicals\/sprays-pt\/industria-alimentar\/\"},{\"@type\":\"ListItem\",\"position\":6,\"name\":\"SPRAY \\u00d3LEO LUBRIFICANTE TEFLON CHEMISOL\"}]}]}<\/script>\n<!-- \/ Yoast SEO plugin. -->","yoast_head_json":{"title":"SPRAY \u00d3LEO LUBRIFICANTE TEFLON CHEMISOL &ndash; Chemitool","description":"SAP: CHC010103  Spray \u00d3leo Lubrificante Teflon CHEMISOL \u00e9 um spray de alta qualidade indicado para lubrificar pe\u00e7as mec\u00e2nicas de metal e pl\u00e1stico, sujeitas a uma forte press\u00e3o. Recomendado para utiliza\u00e7\u00e3o na ind\u00fastria alimentar de acordo com o registo H1 na NSF.","robots":{"index":"index","follow":"follow","max-snippet":"max-snippet:-1","max-image-preview":"max-image-preview:large","max-video-preview":"max-video-preview:-1"},"canonical":"https:\/\/chemitool.com\/pt-pt\/products\/chemicals\/sprays-pt\/industria-alimentar\/spray-oleo-lubrificante-teflon-chemisol\/","og_locale":"pt_PT","og_type":"article","og_title":"SPRAY \u00d3LEO LUBRIFICANTE TEFLON CHEMISOL &ndash; Chemitool","og_description":"SAP: CHC010103  Spray \u00d3leo Lubrificante Teflon CHEMISOL \u00e9 um spray de alta qualidade indicado para lubrificar pe\u00e7as mec\u00e2nicas de metal e pl\u00e1stico, sujeitas a uma forte press\u00e3o. Recomendado para utiliza\u00e7\u00e3o na ind\u00fastria alimentar de acordo com o registo H1 na NSF.","og_url":"https:\/\/chemitool.com\/pt-pt\/products\/chemicals\/sprays-pt\/industria-alimentar\/spray-oleo-lubrificante-teflon-chemisol\/","og_site_name":"Chemitool","article_publisher":"https:\/\/www.facebook.com\/chemitool","article_modified_time":"2021-11-03T16:49:24+00:00","og_image":[{"width":800,"height":800,"url":"https:\/\/chemitool.com\/wp-content\/uploads\/2020\/04\/PTFE-OIL-ALIMENTAR.png","type":"image\/png"}],"twitter_card":"summary_large_image","twitter_misc":{"Tempo estimado de leitura":"1 minuto"},"schema":{"@context":"https:\/\/schema.org","@graph":[{"@type":"Organization","@id":"https:\/\/chemitool.com\/#organization","name":"Chemitool","url":"https:\/\/chemitool.com\/","sameAs":["https:\/\/www.facebook.com\/chemitool","https:\/\/www.instagram.com\/chemitool\/"],"logo":{"@type":"ImageObject","@id":"https:\/\/chemitool.com\/#logo","inLanguage":"pt-PT","url":"https:\/\/chemitool.com\/wp-content\/uploads\/2020\/10\/logo_chemitool.png","contentUrl":"https:\/\/chemitool.com\/wp-content\/uploads\/2020\/10\/logo_chemitool.png","width":400,"height":400,"caption":"Chemitool"},"image":{"@id":"https:\/\/chemitool.com\/#logo"}},{"@type":"WebSite","@id":"https:\/\/chemitool.com\/#website","url":"https:\/\/chemitool.com\/","name":"Chemitool","description":"Chemitool - hardware and tools","publisher":{"@id":"https:\/\/chemitool.com\/#organization"},"potentialAction":[{"@type":"SearchAction","target":{"@type":"EntryPoint","urlTemplate":"https:\/\/chemitool.com\/?s={search_term_string}"},"query-input":"required name=search_term_string"}],"inLanguage":"pt-PT"},{"@type":"ImageObject","@id":"https:\/\/chemitool.com\/pt-pt\/products\/chemicals\/sprays-pt\/industria-alimentar\/spray-oleo-lubrificante-teflon-chemisol\/#primaryimage","inLanguage":"pt-PT","url":"https:\/\/chemitool.com\/wp-content\/uploads\/2020\/04\/PTFE-OIL-ALIMENTAR.png","contentUrl":"https:\/\/chemitool.com\/wp-content\/uploads\/2020\/04\/PTFE-OIL-ALIMENTAR.png","width":800,"height":800},{"@type":"WebPage","@id":"https:\/\/chemitool.com\/pt-pt\/products\/chemicals\/sprays-pt\/industria-alimentar\/spray-oleo-lubrificante-teflon-chemisol\/#webpage","url":"https:\/\/chemitool.com\/pt-pt\/products\/chemicals\/sprays-pt\/industria-alimentar\/spray-oleo-lubrificante-teflon-chemisol\/","name":"SPRAY \u00d3LEO LUBRIFICANTE TEFLON CHEMISOL &ndash; Chemitool","isPartOf":{"@id":"https:\/\/chemitool.com\/#website"},"primaryImageOfPage":{"@id":"https:\/\/chemitool.com\/pt-pt\/products\/chemicals\/sprays-pt\/industria-alimentar\/spray-oleo-lubrificante-teflon-chemisol\/#primaryimage"},"datePublished":"2020-05-27T09:43:14+00:00","dateModified":"2021-11-03T16:49:24+00:00","description":"SAP: CHC010103 Spray \u00d3leo Lubrificante Teflon CHEMISOL \u00e9 um spray de alta qualidade indicado para lubrificar pe\u00e7as mec\u00e2nicas de metal e pl\u00e1stico, sujeitas a uma forte press\u00e3o. Recomendado para utiliza\u00e7\u00e3o na ind\u00fastria alimentar de acordo com o registo H1 na NSF.","breadcrumb":{"@id":"https:\/\/chemitool.com\/pt-pt\/products\/chemicals\/sprays-pt\/industria-alimentar\/spray-oleo-lubrificante-teflon-chemisol\/#breadcrumb"},"inLanguage":"pt-PT","potentialAction":[{"@type":"ReadAction","target":["https:\/\/chemitool.com\/pt-pt\/products\/chemicals\/sprays-pt\/industria-alimentar\/spray-oleo-lubrificante-teflon-chemisol\/"]}]},{"@type":"BreadcrumbList","@id":"https:\/\/chemitool.com\/pt-pt\/products\/chemicals\/sprays-pt\/industria-alimentar\/spray-oleo-lubrificante-teflon-chemisol\/#breadcrumb","itemListElement":[{"@type":"ListItem","position":1,"name":"Home","item":"https:\/\/chemitool.com\/pt-pt\/"},{"@type":"ListItem","position":2,"name":"Produtos","item":"https:\/\/chemitool.com\/pt-pt\/produtos\/"},{"@type":"ListItem","position":3,"name":"Chemicals","item":"https:\/\/chemitool.com\/pt-pt\/categoria-produto\/chemicals\/"},{"@type":"ListItem","position":4,"name":"Sprays","item":"https:\/\/chemitool.com\/pt-pt\/categoria-produto\/chemicals\/sprays-pt\/"},{"@type":"ListItem","position":5,"name":"Ind\u00fastria Alimentar","item":"https:\/\/chemitool.com\/pt-pt\/categoria-produto\/chemicals\/sprays-pt\/industria-alimentar\/"},{"@type":"ListItem","position":6,"name":"SPRAY \u00d3LEO LUBRIFICANTE TEFLON CHEMISOL"}]}]}},"_links":{"self":[{"href":"https:\/\/chemitool.com\/pt-pt\/wp-json\/wp\/v2\/product\/4999"}],"collection":[{"href":"https:\/\/chemitool.com\/pt-pt\/wp-json\/wp\/v2\/product"}],"about":[{"href":"https:\/\/chemitool.com\/pt-pt\/wp-json\/wp\/v2\/types\/product"}],"wp:featuredmedia":[{"embeddable":true,"href":"https:\/\/chemitool.com\/pt-pt\/wp-json\/wp\/v2\/media\/4679"}],"wp:attachment":[{"href":"https:\/\/chemitool.com\/pt-pt\/wp-json\/wp\/v2\/media?parent=4999"}],"wp:term":[{"taxonomy":"product_cat","embeddable":true,"href":"https:\/\/chemitool.com\/pt-pt\/wp-json\/wp\/v2\/product_cat?post=4999"},{"taxonomy":"product_tag","embeddable":true,"href":"https:\/\/chemitool.com\/pt-pt\/wp-json\/wp\/v2\/product_tag?post=4999"}],"curies":[{"name":"wp","href":"https:\/\/api.w.org\/{rel}","templated":true}]}}