{"id":44733,"date":"2026-01-12T10:45:39","date_gmt":"2026-01-12T10:45:41","guid":{"rendered":"https:\/\/chemitool.com\/?post_type=product&#038;p=44733"},"modified":"2026-01-13T11:02:44","modified_gmt":"2026-01-13T11:02:44","slug":"nivel-de-aluminio-magnetico","status":"publish","type":"product","link":"https:\/\/chemitool.com\/pt-pt\/products\/tools\/medicao-e-nivelacao\/nivel-de-aluminio-magnetico\/","title":{"rendered":"NIVEL DE ALUM\u00cdNIO MAGN\u00c9TICO"},"content":{"rendered":"<ul>\n<li>Estrutura em aluminio de alta qualidade<\/li>\n<li>Mostradores de alta transpar\u00eancia<\/li>\n<li>Batentes laterais anti-choque<\/li>\n<li>Base magn\u00e9tica<\/li>\n<li>1 Bolha<\/li>\n<\/ul>\n<p><strong>CAMPOS DE APLICA\u00c7\u00c3O<\/strong><\/p>\n<ul>\n<li>Ind\u00fastria e Constru\u00e7\u00e3o Civil<\/li>\n<\/ul>\n","protected":false},"excerpt":{"rendered":"<p><em>N\u00edvel de Alum\u00ednio Magn\u00e9tico CHEMITOOL<\/em>, fabricado em alum\u00ednio de alta qualidade.<br data-start=\"241\" data-end=\"244\" \/>Equipado com uma bolha central, possui batentes laterais anti-choque, base magn\u00e9tica e precis\u00e3o de nivelamento de 1 mm\/m.<\/p>\n","protected":false},"featured_media":44719,"template":"","meta":[],"product_cat":[1455,5169],"product_tag":[5427],"yoast_head":"<!-- This site is optimized with the Yoast SEO plugin v17.4 - https:\/\/yoast.com\/wordpress\/plugins\/seo\/ -->\n<title>NIVEL DE ALUM\u00cdNIO MAGN\u00c9TICO &ndash; Chemitool<\/title>\n<meta name=\"description\" content=\"N\u00edvel de Alum\u00ednio Magn\u00e9tico CHEMITOOL, fabricado em alum\u00ednio de alta qualidade.Equipado com uma bolha central, possui batentes laterais anti-choque, base magn\u00e9tica e precis\u00e3o de nivelamento de 1 mm\/m.\" \/>\n<meta name=\"robots\" content=\"index, follow, max-snippet:-1, max-image-preview:large, max-video-preview:-1\" \/>\n<link rel=\"canonical\" href=\"https:\/\/chemitool.com\/pt-pt\/products\/tools\/measuring-and-levelling\/magnetic-aluminium-level\/\" \/>\n<meta property=\"og:locale\" content=\"pt_PT\" \/>\n<meta property=\"og:type\" content=\"article\" \/>\n<meta property=\"og:title\" content=\"NIVEL DE ALUM\u00cdNIO MAGN\u00c9TICO &ndash; Chemitool\" \/>\n<meta property=\"og:description\" content=\"N\u00edvel de Alum\u00ednio Magn\u00e9tico CHEMITOOL, fabricado em alum\u00ednio de alta qualidade.Equipado com uma bolha central, possui batentes laterais anti-choque, base magn\u00e9tica e precis\u00e3o de nivelamento de 1 mm\/m.\" \/>\n<meta property=\"og:url\" content=\"https:\/\/chemitool.com\/products\/tools\/measuring-and-levelling\/magnetic-aluminium-level\/\" \/>\n<meta property=\"og:site_name\" content=\"Chemitool\" \/>\n<meta property=\"article:publisher\" content=\"https:\/\/www.facebook.com\/chemitool\" \/>\n<meta property=\"article:modified_time\" content=\"2026-01-13T11:02:44+00:00\" \/>\n<meta property=\"og:image\" content=\"https:\/\/chemitool.com\/wp-content\/uploads\/2026\/01\/CHT501022000100_1_WEB.png\" \/>\n\t<meta property=\"og:image:width\" content=\"800\" \/>\n\t<meta property=\"og:image:height\" content=\"800\" \/>\n<meta name=\"twitter:card\" content=\"summary_large_image\" \/>\n<script type=\"application\/ld+json\" class=\"yoast-schema-graph\">{\"@context\":\"https:\/\/schema.org\",\"@graph\":[{\"@type\":\"Organization\",\"@id\":\"https:\/\/chemitool.com\/#organization\",\"name\":\"Chemitool\",\"url\":\"https:\/\/chemitool.com\/\",\"sameAs\":[\"https:\/\/www.facebook.com\/chemitool\",\"https:\/\/www.instagram.com\/chemitool\/\"],\"logo\":{\"@type\":\"ImageObject\",\"@id\":\"https:\/\/chemitool.com\/#logo\",\"inLanguage\":\"pt-PT\",\"url\":\"https:\/\/chemitool.com\/wp-content\/uploads\/2020\/10\/logo_chemitool.png\",\"contentUrl\":\"https:\/\/chemitool.com\/wp-content\/uploads\/2020\/10\/logo_chemitool.png\",\"width\":400,\"height\":400,\"caption\":\"Chemitool\"},\"image\":{\"@id\":\"https:\/\/chemitool.com\/#logo\"}},{\"@type\":\"WebSite\",\"@id\":\"https:\/\/chemitool.com\/#website\",\"url\":\"https:\/\/chemitool.com\/\",\"name\":\"Chemitool\",\"description\":\"Chemitool - hardware and tools\",\"publisher\":{\"@id\":\"https:\/\/chemitool.com\/#organization\"},\"potentialAction\":[{\"@type\":\"SearchAction\",\"target\":{\"@type\":\"EntryPoint\",\"urlTemplate\":\"https:\/\/chemitool.com\/?s={search_term_string}\"},\"query-input\":\"required name=search_term_string\"}],\"inLanguage\":\"pt-PT\"},{\"@type\":\"ImageObject\",\"@id\":\"https:\/\/chemitool.com\/products\/tools\/measuring-and-levelling\/magnetic-aluminium-level\/#primaryimage\",\"inLanguage\":\"pt-PT\",\"url\":\"https:\/\/chemitool.com\/wp-content\/uploads\/2026\/01\/CHT501022000100_1_WEB.png\",\"contentUrl\":\"https:\/\/chemitool.com\/wp-content\/uploads\/2026\/01\/CHT501022000100_1_WEB.png\",\"width\":800,\"height\":800},{\"@type\":\"WebPage\",\"@id\":\"https:\/\/chemitool.com\/products\/tools\/measuring-and-levelling\/magnetic-aluminium-level\/#webpage\",\"url\":\"https:\/\/chemitool.com\/products\/tools\/measuring-and-levelling\/magnetic-aluminium-level\/\",\"name\":\"NIVEL DE ALUM\\u00cdNIO MAGN\\u00c9TICO &ndash; Chemitool\",\"isPartOf\":{\"@id\":\"https:\/\/chemitool.com\/#website\"},\"primaryImageOfPage\":{\"@id\":\"https:\/\/chemitool.com\/products\/tools\/measuring-and-levelling\/magnetic-aluminium-level\/#primaryimage\"},\"datePublished\":\"2026-01-12T10:45:41+00:00\",\"dateModified\":\"2026-01-13T11:02:44+00:00\",\"description\":\"N\\u00edvel de Alum\\u00ednio Magn\\u00e9tico CHEMITOOL, fabricado em alum\\u00ednio de alta qualidade.Equipado com uma bolha central, possui batentes laterais anti-choque, base magn\\u00e9tica e precis\\u00e3o de nivelamento de 1 mm\/m.\",\"breadcrumb\":{\"@id\":\"https:\/\/chemitool.com\/products\/tools\/measuring-and-levelling\/magnetic-aluminium-level\/#breadcrumb\"},\"inLanguage\":\"pt-PT\",\"potentialAction\":[{\"@type\":\"ReadAction\",\"target\":[\"https:\/\/chemitool.com\/products\/tools\/measuring-and-levelling\/magnetic-aluminium-level\/\"]}]},{\"@type\":\"BreadcrumbList\",\"@id\":\"https:\/\/chemitool.com\/products\/tools\/measuring-and-levelling\/magnetic-aluminium-level\/#breadcrumb\",\"itemListElement\":[{\"@type\":\"ListItem\",\"position\":1,\"name\":\"Home\",\"item\":\"https:\/\/chemitool.com\/pt-pt\/\"},{\"@type\":\"ListItem\",\"position\":2,\"name\":\"Produtos\",\"item\":\"https:\/\/chemitool.com\/pt-pt\/produtos\/\"},{\"@type\":\"ListItem\",\"position\":3,\"name\":\"Tools\",\"item\":\"https:\/\/chemitool.com\/product-category\/tools\/\"},{\"@type\":\"ListItem\",\"position\":4,\"name\":\"NIVEL DE ALUM\\u00cdNIO MAGN\\u00c9TICO\"}]}]}<\/script>\n<!-- \/ Yoast SEO plugin. -->","yoast_head_json":{"title":"NIVEL DE ALUM\u00cdNIO MAGN\u00c9TICO &ndash; Chemitool","description":"N\u00edvel de Alum\u00ednio Magn\u00e9tico CHEMITOOL, fabricado em alum\u00ednio de alta qualidade.Equipado com uma bolha central, possui batentes laterais anti-choque, base magn\u00e9tica e precis\u00e3o de nivelamento de 1 mm\/m.","robots":{"index":"index","follow":"follow","max-snippet":"max-snippet:-1","max-image-preview":"max-image-preview:large","max-video-preview":"max-video-preview:-1"},"canonical":"https:\/\/chemitool.com\/pt-pt\/products\/tools\/measuring-and-levelling\/magnetic-aluminium-level\/","og_locale":"pt_PT","og_type":"article","og_title":"NIVEL DE ALUM\u00cdNIO MAGN\u00c9TICO &ndash; Chemitool","og_description":"N\u00edvel de Alum\u00ednio Magn\u00e9tico CHEMITOOL, fabricado em alum\u00ednio de alta qualidade.Equipado com uma bolha central, possui batentes laterais anti-choque, base magn\u00e9tica e precis\u00e3o de nivelamento de 1 mm\/m.","og_url":"https:\/\/chemitool.com\/products\/tools\/measuring-and-levelling\/magnetic-aluminium-level\/","og_site_name":"Chemitool","article_publisher":"https:\/\/www.facebook.com\/chemitool","article_modified_time":"2026-01-13T11:02:44+00:00","og_image":[{"width":800,"height":800,"url":"https:\/\/chemitool.com\/wp-content\/uploads\/2026\/01\/CHT501022000100_1_WEB.png","type":"image\/png"}],"twitter_card":"summary_large_image","schema":{"@context":"https:\/\/schema.org","@graph":[{"@type":"Organization","@id":"https:\/\/chemitool.com\/#organization","name":"Chemitool","url":"https:\/\/chemitool.com\/","sameAs":["https:\/\/www.facebook.com\/chemitool","https:\/\/www.instagram.com\/chemitool\/"],"logo":{"@type":"ImageObject","@id":"https:\/\/chemitool.com\/#logo","inLanguage":"pt-PT","url":"https:\/\/chemitool.com\/wp-content\/uploads\/2020\/10\/logo_chemitool.png","contentUrl":"https:\/\/chemitool.com\/wp-content\/uploads\/2020\/10\/logo_chemitool.png","width":400,"height":400,"caption":"Chemitool"},"image":{"@id":"https:\/\/chemitool.com\/#logo"}},{"@type":"WebSite","@id":"https:\/\/chemitool.com\/#website","url":"https:\/\/chemitool.com\/","name":"Chemitool","description":"Chemitool - hardware and tools","publisher":{"@id":"https:\/\/chemitool.com\/#organization"},"potentialAction":[{"@type":"SearchAction","target":{"@type":"EntryPoint","urlTemplate":"https:\/\/chemitool.com\/?s={search_term_string}"},"query-input":"required name=search_term_string"}],"inLanguage":"pt-PT"},{"@type":"ImageObject","@id":"https:\/\/chemitool.com\/products\/tools\/measuring-and-levelling\/magnetic-aluminium-level\/#primaryimage","inLanguage":"pt-PT","url":"https:\/\/chemitool.com\/wp-content\/uploads\/2026\/01\/CHT501022000100_1_WEB.png","contentUrl":"https:\/\/chemitool.com\/wp-content\/uploads\/2026\/01\/CHT501022000100_1_WEB.png","width":800,"height":800},{"@type":"WebPage","@id":"https:\/\/chemitool.com\/products\/tools\/measuring-and-levelling\/magnetic-aluminium-level\/#webpage","url":"https:\/\/chemitool.com\/products\/tools\/measuring-and-levelling\/magnetic-aluminium-level\/","name":"NIVEL DE ALUM\u00cdNIO MAGN\u00c9TICO &ndash; Chemitool","isPartOf":{"@id":"https:\/\/chemitool.com\/#website"},"primaryImageOfPage":{"@id":"https:\/\/chemitool.com\/products\/tools\/measuring-and-levelling\/magnetic-aluminium-level\/#primaryimage"},"datePublished":"2026-01-12T10:45:41+00:00","dateModified":"2026-01-13T11:02:44+00:00","description":"N\u00edvel de Alum\u00ednio Magn\u00e9tico CHEMITOOL, fabricado em alum\u00ednio de alta qualidade.Equipado com uma bolha central, possui batentes laterais anti-choque, base magn\u00e9tica e precis\u00e3o de nivelamento de 1 mm\/m.","breadcrumb":{"@id":"https:\/\/chemitool.com\/products\/tools\/measuring-and-levelling\/magnetic-aluminium-level\/#breadcrumb"},"inLanguage":"pt-PT","potentialAction":[{"@type":"ReadAction","target":["https:\/\/chemitool.com\/products\/tools\/measuring-and-levelling\/magnetic-aluminium-level\/"]}]},{"@type":"BreadcrumbList","@id":"https:\/\/chemitool.com\/products\/tools\/measuring-and-levelling\/magnetic-aluminium-level\/#breadcrumb","itemListElement":[{"@type":"ListItem","position":1,"name":"Home","item":"https:\/\/chemitool.com\/pt-pt\/"},{"@type":"ListItem","position":2,"name":"Produtos","item":"https:\/\/chemitool.com\/pt-pt\/produtos\/"},{"@type":"ListItem","position":3,"name":"Tools","item":"https:\/\/chemitool.com\/product-category\/tools\/"},{"@type":"ListItem","position":4,"name":"NIVEL DE ALUM\u00cdNIO MAGN\u00c9TICO"}]}]}},"_links":{"self":[{"href":"https:\/\/chemitool.com\/pt-pt\/wp-json\/wp\/v2\/product\/44733"}],"collection":[{"href":"https:\/\/chemitool.com\/pt-pt\/wp-json\/wp\/v2\/product"}],"about":[{"href":"https:\/\/chemitool.com\/pt-pt\/wp-json\/wp\/v2\/types\/product"}],"wp:featuredmedia":[{"embeddable":true,"href":"https:\/\/chemitool.com\/pt-pt\/wp-json\/wp\/v2\/media\/44719"}],"wp:attachment":[{"href":"https:\/\/chemitool.com\/pt-pt\/wp-json\/wp\/v2\/media?parent=44733"}],"wp:term":[{"taxonomy":"product_cat","embeddable":true,"href":"https:\/\/chemitool.com\/pt-pt\/wp-json\/wp\/v2\/product_cat?post=44733"},{"taxonomy":"product_tag","embeddable":true,"href":"https:\/\/chemitool.com\/pt-pt\/wp-json\/wp\/v2\/product_tag?post=44733"}],"curies":[{"name":"wp","href":"https:\/\/api.w.org\/{rel}","templated":true}]}}