{"id":44630,"date":"2026-01-06T09:59:00","date_gmt":"2026-01-06T09:59:04","guid":{"rendered":"https:\/\/chemitool.com\/?post_type=product&#038;p=44630"},"modified":"2026-01-06T10:14:07","modified_gmt":"2026-01-06T10:14:07","slug":"macarico-com-isqueiro-funcao-360o","status":"publish","type":"product","link":"https:\/\/chemitool.com\/pt-pt\/products\/agro-pt-pt\/acessorios-outdoor\/macarico-com-isqueiro-funcao-360o\/","title":{"rendered":"MA\u00c7ARICO COM ISQUEIRO &#8211; FUN\u00c7\u00c3O 360\u00ba"},"content":{"rendered":"<ul>\n<li>Exterior<\/li>\n<li>Com Isqueiro<\/li>\n<li>G\u00e1s butano<\/li>\n<\/ul>\n<p>Este aparelho s\u00f3 deve ser utilizado com os cartuchos de butano 190 gr. De acordo com a norma EN417. Pode ser perigoso tentar encaixar outros tipos de cartuchos de g\u00e1s. Use apenas numa \u00e1rea bem ventilada.<\/p>\n","protected":false},"excerpt":{"rendered":"<p><b class=\"sap-label\">SAP:<\/b> CHG00101000003<\/p>\n<p><em>Ma\u00e7arico com Isqueiro com Fun\u00e7\u00e3o 360\u00ba CHEMITOOL<\/em> de acendimento autom\u00e1tico, compat\u00edvel com g\u00e1s butano. Possui v\u00e1lvula de lat\u00e3o e corpo em pl\u00e1stico resistente, oferecendo uma pot\u00eancia de <strong data-start=\"264\" data-end=\"274\">3,5 kW<\/strong> e um tempo de trabalho superior a <strong data-start=\"309\" data-end=\"319\">1 hora<\/strong>.<br data-start=\"320\" data-end=\"323\" data-is-only-node=\"\" \/>Inclui a <strong data-start=\"332\" data-end=\"347\">fun\u00e7\u00e3o 360\u00ba<\/strong>, que permite utilizar o ma\u00e7arico em qualquer posi\u00e7\u00e3o, garantindo total controlo da chama e evitando desajustes ou perdas de estabilidade, tornando-o vers\u00e1til e seguro para diversas aplica\u00e7\u00f5es.<\/p>\n","protected":false},"featured_media":44637,"template":"","meta":[],"product_cat":[3655,4157],"product_tag":[],"yoast_head":"<!-- This site is optimized with the Yoast SEO plugin v17.4 - https:\/\/yoast.com\/wordpress\/plugins\/seo\/ -->\n<title>MA\u00c7ARICO COM ISQUEIRO - FUN\u00c7\u00c3O 360\u00ba &ndash; Chemitool<\/title>\n<meta name=\"description\" content=\"SAP: CHG00101000003  Ma\u00e7arico com Isqueiro com Fun\u00e7\u00e3o 360\u00ba CHEMITOOL de acendimento autom\u00e1tico, compat\u00edvel com g\u00e1s butano. Possui v\u00e1lvula de lat\u00e3o e corpo em pl\u00e1stico resistente, oferecendo uma pot\u00eancia de 3,5 kW e um tempo de trabalho superior a 1 hora.Inclui a fun\u00e7\u00e3o 360\u00ba, que permite utilizar o ma\u00e7arico em qualquer posi\u00e7\u00e3o, garantindo total controlo da chama e evitando desajustes ou perdas de estabilidade, tornando-o vers\u00e1til e seguro para diversas aplica\u00e7\u00f5es.\" \/>\n<meta name=\"robots\" content=\"index, follow, max-snippet:-1, max-image-preview:large, max-video-preview:-1\" \/>\n<link rel=\"canonical\" href=\"https:\/\/chemitool.com\/pt-pt\/products\/agro\/outdoor-accessories\/blow-torch-with-lighter-360o-function\/\" \/>\n<meta property=\"og:locale\" content=\"pt_PT\" \/>\n<meta property=\"og:type\" content=\"article\" \/>\n<meta property=\"og:title\" content=\"MA\u00c7ARICO COM ISQUEIRO - FUN\u00c7\u00c3O 360\u00ba &ndash; Chemitool\" \/>\n<meta property=\"og:description\" content=\"SAP: CHG00101000003  Ma\u00e7arico com Isqueiro com Fun\u00e7\u00e3o 360\u00ba CHEMITOOL de acendimento autom\u00e1tico, compat\u00edvel com g\u00e1s butano. Possui v\u00e1lvula de lat\u00e3o e corpo em pl\u00e1stico resistente, oferecendo uma pot\u00eancia de 3,5 kW e um tempo de trabalho superior a 1 hora.Inclui a fun\u00e7\u00e3o 360\u00ba, que permite utilizar o ma\u00e7arico em qualquer posi\u00e7\u00e3o, garantindo total controlo da chama e evitando desajustes ou perdas de estabilidade, tornando-o vers\u00e1til e seguro para diversas aplica\u00e7\u00f5es.\" \/>\n<meta property=\"og:url\" content=\"https:\/\/chemitool.com\/products\/agro\/outdoor-accessories\/blow-torch-with-lighter-360o-function\/\" \/>\n<meta property=\"og:site_name\" content=\"Chemitool\" \/>\n<meta property=\"article:publisher\" content=\"https:\/\/www.facebook.com\/chemitool\" \/>\n<meta property=\"article:modified_time\" content=\"2026-01-06T10:14:07+00:00\" \/>\n<meta property=\"og:image\" content=\"https:\/\/chemitool.com\/wp-content\/uploads\/2026\/01\/CHG00101000003_1_WEB.png\" \/>\n\t<meta property=\"og:image:width\" content=\"800\" \/>\n\t<meta property=\"og:image:height\" content=\"800\" \/>\n<meta name=\"twitter:card\" content=\"summary_large_image\" \/>\n<script type=\"application\/ld+json\" class=\"yoast-schema-graph\">{\"@context\":\"https:\/\/schema.org\",\"@graph\":[{\"@type\":\"Organization\",\"@id\":\"https:\/\/chemitool.com\/#organization\",\"name\":\"Chemitool\",\"url\":\"https:\/\/chemitool.com\/\",\"sameAs\":[\"https:\/\/www.facebook.com\/chemitool\",\"https:\/\/www.instagram.com\/chemitool\/\"],\"logo\":{\"@type\":\"ImageObject\",\"@id\":\"https:\/\/chemitool.com\/#logo\",\"inLanguage\":\"pt-PT\",\"url\":\"https:\/\/chemitool.com\/wp-content\/uploads\/2020\/10\/logo_chemitool.png\",\"contentUrl\":\"https:\/\/chemitool.com\/wp-content\/uploads\/2020\/10\/logo_chemitool.png\",\"width\":400,\"height\":400,\"caption\":\"Chemitool\"},\"image\":{\"@id\":\"https:\/\/chemitool.com\/#logo\"}},{\"@type\":\"WebSite\",\"@id\":\"https:\/\/chemitool.com\/#website\",\"url\":\"https:\/\/chemitool.com\/\",\"name\":\"Chemitool\",\"description\":\"Chemitool - hardware and tools\",\"publisher\":{\"@id\":\"https:\/\/chemitool.com\/#organization\"},\"potentialAction\":[{\"@type\":\"SearchAction\",\"target\":{\"@type\":\"EntryPoint\",\"urlTemplate\":\"https:\/\/chemitool.com\/?s={search_term_string}\"},\"query-input\":\"required name=search_term_string\"}],\"inLanguage\":\"pt-PT\"},{\"@type\":\"ImageObject\",\"@id\":\"https:\/\/chemitool.com\/products\/agro\/outdoor-accessories\/blow-torch-with-lighter-360o-function\/#primaryimage\",\"inLanguage\":\"pt-PT\",\"url\":\"https:\/\/chemitool.com\/wp-content\/uploads\/2026\/01\/CHG00101000003_1_WEB.png\",\"contentUrl\":\"https:\/\/chemitool.com\/wp-content\/uploads\/2026\/01\/CHG00101000003_1_WEB.png\",\"width\":800,\"height\":800},{\"@type\":\"WebPage\",\"@id\":\"https:\/\/chemitool.com\/products\/agro\/outdoor-accessories\/blow-torch-with-lighter-360o-function\/#webpage\",\"url\":\"https:\/\/chemitool.com\/products\/agro\/outdoor-accessories\/blow-torch-with-lighter-360o-function\/\",\"name\":\"MA\\u00c7ARICO COM ISQUEIRO - FUN\\u00c7\\u00c3O 360\\u00ba &ndash; Chemitool\",\"isPartOf\":{\"@id\":\"https:\/\/chemitool.com\/#website\"},\"primaryImageOfPage\":{\"@id\":\"https:\/\/chemitool.com\/products\/agro\/outdoor-accessories\/blow-torch-with-lighter-360o-function\/#primaryimage\"},\"datePublished\":\"2026-01-06T09:59:04+00:00\",\"dateModified\":\"2026-01-06T10:14:07+00:00\",\"description\":\"SAP: CHG00101000003 Ma\\u00e7arico com Isqueiro com Fun\\u00e7\\u00e3o 360\\u00ba CHEMITOOL de acendimento autom\\u00e1tico, compat\\u00edvel com g\\u00e1s butano. Possui v\\u00e1lvula de lat\\u00e3o e corpo em pl\\u00e1stico resistente, oferecendo uma pot\\u00eancia de 3,5 kW e um tempo de trabalho superior a 1 hora.Inclui a fun\\u00e7\\u00e3o 360\\u00ba, que permite utilizar o ma\\u00e7arico em qualquer posi\\u00e7\\u00e3o, garantindo total controlo da chama e evitando desajustes ou perdas de estabilidade, tornando-o vers\\u00e1til e seguro para diversas aplica\\u00e7\\u00f5es.\",\"breadcrumb\":{\"@id\":\"https:\/\/chemitool.com\/products\/agro\/outdoor-accessories\/blow-torch-with-lighter-360o-function\/#breadcrumb\"},\"inLanguage\":\"pt-PT\",\"potentialAction\":[{\"@type\":\"ReadAction\",\"target\":[\"https:\/\/chemitool.com\/products\/agro\/outdoor-accessories\/blow-torch-with-lighter-360o-function\/\"]}]},{\"@type\":\"BreadcrumbList\",\"@id\":\"https:\/\/chemitool.com\/products\/agro\/outdoor-accessories\/blow-torch-with-lighter-360o-function\/#breadcrumb\",\"itemListElement\":[{\"@type\":\"ListItem\",\"position\":1,\"name\":\"Home\",\"item\":\"https:\/\/chemitool.com\/pt-pt\/\"},{\"@type\":\"ListItem\",\"position\":2,\"name\":\"Produtos\",\"item\":\"https:\/\/chemitool.com\/pt-pt\/produtos\/\"},{\"@type\":\"ListItem\",\"position\":3,\"name\":\"Agro\",\"item\":\"https:\/\/chemitool.com\/product-category\/agro\/\"},{\"@type\":\"ListItem\",\"position\":4,\"name\":\"MA\\u00c7ARICO COM ISQUEIRO &#8211; FUN\\u00c7\\u00c3O 360\\u00ba\"}]}]}<\/script>\n<!-- \/ Yoast SEO plugin. -->","yoast_head_json":{"title":"MA\u00c7ARICO COM ISQUEIRO - FUN\u00c7\u00c3O 360\u00ba &ndash; Chemitool","description":"SAP: CHG00101000003  Ma\u00e7arico com Isqueiro com Fun\u00e7\u00e3o 360\u00ba CHEMITOOL de acendimento autom\u00e1tico, compat\u00edvel com g\u00e1s butano. Possui v\u00e1lvula de lat\u00e3o e corpo em pl\u00e1stico resistente, oferecendo uma pot\u00eancia de 3,5 kW e um tempo de trabalho superior a 1 hora.Inclui a fun\u00e7\u00e3o 360\u00ba, que permite utilizar o ma\u00e7arico em qualquer posi\u00e7\u00e3o, garantindo total controlo da chama e evitando desajustes ou perdas de estabilidade, tornando-o vers\u00e1til e seguro para diversas aplica\u00e7\u00f5es.","robots":{"index":"index","follow":"follow","max-snippet":"max-snippet:-1","max-image-preview":"max-image-preview:large","max-video-preview":"max-video-preview:-1"},"canonical":"https:\/\/chemitool.com\/pt-pt\/products\/agro\/outdoor-accessories\/blow-torch-with-lighter-360o-function\/","og_locale":"pt_PT","og_type":"article","og_title":"MA\u00c7ARICO COM ISQUEIRO - FUN\u00c7\u00c3O 360\u00ba &ndash; Chemitool","og_description":"SAP: CHG00101000003  Ma\u00e7arico com Isqueiro com Fun\u00e7\u00e3o 360\u00ba CHEMITOOL de acendimento autom\u00e1tico, compat\u00edvel com g\u00e1s butano. Possui v\u00e1lvula de lat\u00e3o e corpo em pl\u00e1stico resistente, oferecendo uma pot\u00eancia de 3,5 kW e um tempo de trabalho superior a 1 hora.Inclui a fun\u00e7\u00e3o 360\u00ba, que permite utilizar o ma\u00e7arico em qualquer posi\u00e7\u00e3o, garantindo total controlo da chama e evitando desajustes ou perdas de estabilidade, tornando-o vers\u00e1til e seguro para diversas aplica\u00e7\u00f5es.","og_url":"https:\/\/chemitool.com\/products\/agro\/outdoor-accessories\/blow-torch-with-lighter-360o-function\/","og_site_name":"Chemitool","article_publisher":"https:\/\/www.facebook.com\/chemitool","article_modified_time":"2026-01-06T10:14:07+00:00","og_image":[{"width":800,"height":800,"url":"https:\/\/chemitool.com\/wp-content\/uploads\/2026\/01\/CHG00101000003_1_WEB.png","type":"image\/png"}],"twitter_card":"summary_large_image","schema":{"@context":"https:\/\/schema.org","@graph":[{"@type":"Organization","@id":"https:\/\/chemitool.com\/#organization","name":"Chemitool","url":"https:\/\/chemitool.com\/","sameAs":["https:\/\/www.facebook.com\/chemitool","https:\/\/www.instagram.com\/chemitool\/"],"logo":{"@type":"ImageObject","@id":"https:\/\/chemitool.com\/#logo","inLanguage":"pt-PT","url":"https:\/\/chemitool.com\/wp-content\/uploads\/2020\/10\/logo_chemitool.png","contentUrl":"https:\/\/chemitool.com\/wp-content\/uploads\/2020\/10\/logo_chemitool.png","width":400,"height":400,"caption":"Chemitool"},"image":{"@id":"https:\/\/chemitool.com\/#logo"}},{"@type":"WebSite","@id":"https:\/\/chemitool.com\/#website","url":"https:\/\/chemitool.com\/","name":"Chemitool","description":"Chemitool - hardware and tools","publisher":{"@id":"https:\/\/chemitool.com\/#organization"},"potentialAction":[{"@type":"SearchAction","target":{"@type":"EntryPoint","urlTemplate":"https:\/\/chemitool.com\/?s={search_term_string}"},"query-input":"required name=search_term_string"}],"inLanguage":"pt-PT"},{"@type":"ImageObject","@id":"https:\/\/chemitool.com\/products\/agro\/outdoor-accessories\/blow-torch-with-lighter-360o-function\/#primaryimage","inLanguage":"pt-PT","url":"https:\/\/chemitool.com\/wp-content\/uploads\/2026\/01\/CHG00101000003_1_WEB.png","contentUrl":"https:\/\/chemitool.com\/wp-content\/uploads\/2026\/01\/CHG00101000003_1_WEB.png","width":800,"height":800},{"@type":"WebPage","@id":"https:\/\/chemitool.com\/products\/agro\/outdoor-accessories\/blow-torch-with-lighter-360o-function\/#webpage","url":"https:\/\/chemitool.com\/products\/agro\/outdoor-accessories\/blow-torch-with-lighter-360o-function\/","name":"MA\u00c7ARICO COM ISQUEIRO - FUN\u00c7\u00c3O 360\u00ba &ndash; Chemitool","isPartOf":{"@id":"https:\/\/chemitool.com\/#website"},"primaryImageOfPage":{"@id":"https:\/\/chemitool.com\/products\/agro\/outdoor-accessories\/blow-torch-with-lighter-360o-function\/#primaryimage"},"datePublished":"2026-01-06T09:59:04+00:00","dateModified":"2026-01-06T10:14:07+00:00","description":"SAP: CHG00101000003 Ma\u00e7arico com Isqueiro com Fun\u00e7\u00e3o 360\u00ba CHEMITOOL de acendimento autom\u00e1tico, compat\u00edvel com g\u00e1s butano. Possui v\u00e1lvula de lat\u00e3o e corpo em pl\u00e1stico resistente, oferecendo uma pot\u00eancia de 3,5 kW e um tempo de trabalho superior a 1 hora.Inclui a fun\u00e7\u00e3o 360\u00ba, que permite utilizar o ma\u00e7arico em qualquer posi\u00e7\u00e3o, garantindo total controlo da chama e evitando desajustes ou perdas de estabilidade, tornando-o vers\u00e1til e seguro para diversas aplica\u00e7\u00f5es.","breadcrumb":{"@id":"https:\/\/chemitool.com\/products\/agro\/outdoor-accessories\/blow-torch-with-lighter-360o-function\/#breadcrumb"},"inLanguage":"pt-PT","potentialAction":[{"@type":"ReadAction","target":["https:\/\/chemitool.com\/products\/agro\/outdoor-accessories\/blow-torch-with-lighter-360o-function\/"]}]},{"@type":"BreadcrumbList","@id":"https:\/\/chemitool.com\/products\/agro\/outdoor-accessories\/blow-torch-with-lighter-360o-function\/#breadcrumb","itemListElement":[{"@type":"ListItem","position":1,"name":"Home","item":"https:\/\/chemitool.com\/pt-pt\/"},{"@type":"ListItem","position":2,"name":"Produtos","item":"https:\/\/chemitool.com\/pt-pt\/produtos\/"},{"@type":"ListItem","position":3,"name":"Agro","item":"https:\/\/chemitool.com\/product-category\/agro\/"},{"@type":"ListItem","position":4,"name":"MA\u00c7ARICO COM ISQUEIRO &#8211; FUN\u00c7\u00c3O 360\u00ba"}]}]}},"_links":{"self":[{"href":"https:\/\/chemitool.com\/pt-pt\/wp-json\/wp\/v2\/product\/44630"}],"collection":[{"href":"https:\/\/chemitool.com\/pt-pt\/wp-json\/wp\/v2\/product"}],"about":[{"href":"https:\/\/chemitool.com\/pt-pt\/wp-json\/wp\/v2\/types\/product"}],"wp:featuredmedia":[{"embeddable":true,"href":"https:\/\/chemitool.com\/pt-pt\/wp-json\/wp\/v2\/media\/44637"}],"wp:attachment":[{"href":"https:\/\/chemitool.com\/pt-pt\/wp-json\/wp\/v2\/media?parent=44630"}],"wp:term":[{"taxonomy":"product_cat","embeddable":true,"href":"https:\/\/chemitool.com\/pt-pt\/wp-json\/wp\/v2\/product_cat?post=44630"},{"taxonomy":"product_tag","embeddable":true,"href":"https:\/\/chemitool.com\/pt-pt\/wp-json\/wp\/v2\/product_tag?post=44630"}],"curies":[{"name":"wp","href":"https:\/\/api.w.org\/{rel}","templated":true}]}}