{"id":44249,"date":"2025-10-24T16:26:44","date_gmt":"2025-10-24T16:26:45","guid":{"rendered":"https:\/\/chemitool.com\/?post_type=product&#038;p=44249"},"modified":"2025-10-24T16:52:14","modified_gmt":"2025-10-24T16:52:14","slug":"alicate-de-cravar-perfis","status":"publish","type":"product","link":"https:\/\/chemitool.com\/pt-pt\/products\/tools\/ferramenta-manual\/alicate-de-cravar-perfis\/","title":{"rendered":"ALICATE DE CRAVAR PERFIS"},"content":{"rendered":"<p><strong>VANTAGENS<\/strong><\/p>\n<ul>\n<li>Espessura m\u00e1xima do perfil de 0,8mm<\/li>\n<li>Economia de tempo<\/li>\n<li>Opera\u00e7\u00e3o monomanual<\/li>\n<li>Pega anti-deslizante<\/li>\n<li>Leve<\/li>\n<\/ul>\n","protected":false},"excerpt":{"rendered":"<p><em>Alicate de Cravar Perfis CHEMITOOL<\/em> \u00e9 essencial para unir perfis e chapas met\u00e1licas habitualmente utilizados em sistemas de constru\u00e7\u00e3o em gesso cartonado. A crava\u00e7\u00e3o r\u00e1pida simplifica a instala\u00e7\u00e3o, mantendo as pe\u00e7as unidas para marca\u00e7\u00e3o e alinhamento antes do aparafusamento final. De f\u00e1cil utiliza\u00e7\u00e3o, permite uma montagem segura das estruturas met\u00e1licas e possibilita o descravamento para eventuais ajustes antes das fixa\u00e7\u00f5es definitivas.<\/p>\n","protected":false},"featured_media":44217,"template":"","meta":[],"product_cat":[5424],"product_tag":[],"yoast_head":"<!-- This site is optimized with the Yoast SEO plugin v17.4 - https:\/\/yoast.com\/wordpress\/plugins\/seo\/ -->\n<title>ALICATE DE CRAVAR PERFIS &ndash; Chemitool<\/title>\n<meta name=\"description\" content=\"Alicate de Cravar Perfis CHEMITOOL \u00e9 essencial para unir perfis e chapas met\u00e1licas habitualmente utilizados em sistemas de constru\u00e7\u00e3o em gesso cartonado. A crava\u00e7\u00e3o r\u00e1pida simplifica a instala\u00e7\u00e3o, mantendo as pe\u00e7as unidas para marca\u00e7\u00e3o e alinhamento antes do aparafusamento final. De f\u00e1cil utiliza\u00e7\u00e3o, permite uma montagem segura das estruturas met\u00e1licas e possibilita o descravamento para eventuais ajustes antes das fixa\u00e7\u00f5es definitivas.\" \/>\n<meta name=\"robots\" content=\"index, follow, max-snippet:-1, max-image-preview:large, max-video-preview:-1\" \/>\n<link rel=\"canonical\" href=\"https:\/\/chemitool.com\/pt-pt\/products\/tools\/hand-tools\/stud-crimper\/\" \/>\n<meta property=\"og:locale\" content=\"pt_PT\" \/>\n<meta property=\"og:type\" content=\"article\" \/>\n<meta property=\"og:title\" content=\"ALICATE DE CRAVAR PERFIS &ndash; Chemitool\" \/>\n<meta property=\"og:description\" content=\"Alicate de Cravar Perfis CHEMITOOL \u00e9 essencial para unir perfis e chapas met\u00e1licas habitualmente utilizados em sistemas de constru\u00e7\u00e3o em gesso cartonado. A crava\u00e7\u00e3o r\u00e1pida simplifica a instala\u00e7\u00e3o, mantendo as pe\u00e7as unidas para marca\u00e7\u00e3o e alinhamento antes do aparafusamento final. De f\u00e1cil utiliza\u00e7\u00e3o, permite uma montagem segura das estruturas met\u00e1licas e possibilita o descravamento para eventuais ajustes antes das fixa\u00e7\u00f5es definitivas.\" \/>\n<meta property=\"og:url\" content=\"https:\/\/chemitool.com\/products\/tools\/hand-tools\/stud-crimper\/\" \/>\n<meta property=\"og:site_name\" content=\"Chemitool\" \/>\n<meta property=\"article:publisher\" content=\"https:\/\/www.facebook.com\/chemitool\" \/>\n<meta property=\"article:modified_time\" content=\"2025-10-24T16:52:14+00:00\" \/>\n<meta property=\"og:image\" content=\"https:\/\/chemitool.com\/wp-content\/uploads\/2025\/10\/CHT20040200010009_WEB.png\" \/>\n\t<meta property=\"og:image:width\" content=\"800\" \/>\n\t<meta property=\"og:image:height\" content=\"800\" \/>\n<meta name=\"twitter:card\" content=\"summary_large_image\" \/>\n<script type=\"application\/ld+json\" class=\"yoast-schema-graph\">{\"@context\":\"https:\/\/schema.org\",\"@graph\":[{\"@type\":\"Organization\",\"@id\":\"https:\/\/chemitool.com\/#organization\",\"name\":\"Chemitool\",\"url\":\"https:\/\/chemitool.com\/\",\"sameAs\":[\"https:\/\/www.facebook.com\/chemitool\",\"https:\/\/www.instagram.com\/chemitool\/\"],\"logo\":{\"@type\":\"ImageObject\",\"@id\":\"https:\/\/chemitool.com\/#logo\",\"inLanguage\":\"pt-PT\",\"url\":\"https:\/\/chemitool.com\/wp-content\/uploads\/2020\/10\/logo_chemitool.png\",\"contentUrl\":\"https:\/\/chemitool.com\/wp-content\/uploads\/2020\/10\/logo_chemitool.png\",\"width\":400,\"height\":400,\"caption\":\"Chemitool\"},\"image\":{\"@id\":\"https:\/\/chemitool.com\/#logo\"}},{\"@type\":\"WebSite\",\"@id\":\"https:\/\/chemitool.com\/#website\",\"url\":\"https:\/\/chemitool.com\/\",\"name\":\"Chemitool\",\"description\":\"Chemitool - hardware and tools\",\"publisher\":{\"@id\":\"https:\/\/chemitool.com\/#organization\"},\"potentialAction\":[{\"@type\":\"SearchAction\",\"target\":{\"@type\":\"EntryPoint\",\"urlTemplate\":\"https:\/\/chemitool.com\/?s={search_term_string}\"},\"query-input\":\"required name=search_term_string\"}],\"inLanguage\":\"pt-PT\"},{\"@type\":\"ImageObject\",\"@id\":\"https:\/\/chemitool.com\/products\/tools\/hand-tools\/stud-crimper\/#primaryimage\",\"inLanguage\":\"pt-PT\",\"url\":\"https:\/\/chemitool.com\/wp-content\/uploads\/2025\/10\/CHT20040200010009_WEB.png\",\"contentUrl\":\"https:\/\/chemitool.com\/wp-content\/uploads\/2025\/10\/CHT20040200010009_WEB.png\",\"width\":800,\"height\":800},{\"@type\":\"WebPage\",\"@id\":\"https:\/\/chemitool.com\/products\/tools\/hand-tools\/stud-crimper\/#webpage\",\"url\":\"https:\/\/chemitool.com\/products\/tools\/hand-tools\/stud-crimper\/\",\"name\":\"ALICATE DE CRAVAR PERFIS &ndash; Chemitool\",\"isPartOf\":{\"@id\":\"https:\/\/chemitool.com\/#website\"},\"primaryImageOfPage\":{\"@id\":\"https:\/\/chemitool.com\/products\/tools\/hand-tools\/stud-crimper\/#primaryimage\"},\"datePublished\":\"2025-10-24T16:26:45+00:00\",\"dateModified\":\"2025-10-24T16:52:14+00:00\",\"description\":\"Alicate de Cravar Perfis CHEMITOOL \\u00e9 essencial para unir perfis e chapas met\\u00e1licas habitualmente utilizados em sistemas de constru\\u00e7\\u00e3o em gesso cartonado. A crava\\u00e7\\u00e3o r\\u00e1pida simplifica a instala\\u00e7\\u00e3o, mantendo as pe\\u00e7as unidas para marca\\u00e7\\u00e3o e alinhamento antes do aparafusamento final. De f\\u00e1cil utiliza\\u00e7\\u00e3o, permite uma montagem segura das estruturas met\\u00e1licas e possibilita o descravamento para eventuais ajustes antes das fixa\\u00e7\\u00f5es definitivas.\",\"breadcrumb\":{\"@id\":\"https:\/\/chemitool.com\/products\/tools\/hand-tools\/stud-crimper\/#breadcrumb\"},\"inLanguage\":\"pt-PT\",\"potentialAction\":[{\"@type\":\"ReadAction\",\"target\":[\"https:\/\/chemitool.com\/products\/tools\/hand-tools\/stud-crimper\/\"]}]},{\"@type\":\"BreadcrumbList\",\"@id\":\"https:\/\/chemitool.com\/products\/tools\/hand-tools\/stud-crimper\/#breadcrumb\",\"itemListElement\":[{\"@type\":\"ListItem\",\"position\":1,\"name\":\"Home\",\"item\":\"https:\/\/chemitool.com\/pt-pt\/\"},{\"@type\":\"ListItem\",\"position\":2,\"name\":\"Produtos\",\"item\":\"https:\/\/chemitool.com\/pt-pt\/produtos\/\"},{\"@type\":\"ListItem\",\"position\":3,\"name\":\"Tools\",\"item\":\"https:\/\/chemitool.com\/pt-pt\/categoria-produto\/tools\/\"},{\"@type\":\"ListItem\",\"position\":4,\"name\":\"Hand Tools\",\"item\":\"https:\/\/chemitool.com\/product-category\/tools\/hand-tools\/\"},{\"@type\":\"ListItem\",\"position\":5,\"name\":\"ALICATE DE CRAVAR PERFIS\"}]}]}<\/script>\n<!-- \/ Yoast SEO plugin. -->","yoast_head_json":{"title":"ALICATE DE CRAVAR PERFIS &ndash; Chemitool","description":"Alicate de Cravar Perfis CHEMITOOL \u00e9 essencial para unir perfis e chapas met\u00e1licas habitualmente utilizados em sistemas de constru\u00e7\u00e3o em gesso cartonado. A crava\u00e7\u00e3o r\u00e1pida simplifica a instala\u00e7\u00e3o, mantendo as pe\u00e7as unidas para marca\u00e7\u00e3o e alinhamento antes do aparafusamento final. De f\u00e1cil utiliza\u00e7\u00e3o, permite uma montagem segura das estruturas met\u00e1licas e possibilita o descravamento para eventuais ajustes antes das fixa\u00e7\u00f5es definitivas.","robots":{"index":"index","follow":"follow","max-snippet":"max-snippet:-1","max-image-preview":"max-image-preview:large","max-video-preview":"max-video-preview:-1"},"canonical":"https:\/\/chemitool.com\/pt-pt\/products\/tools\/hand-tools\/stud-crimper\/","og_locale":"pt_PT","og_type":"article","og_title":"ALICATE DE CRAVAR PERFIS &ndash; Chemitool","og_description":"Alicate de Cravar Perfis CHEMITOOL \u00e9 essencial para unir perfis e chapas met\u00e1licas habitualmente utilizados em sistemas de constru\u00e7\u00e3o em gesso cartonado. A crava\u00e7\u00e3o r\u00e1pida simplifica a instala\u00e7\u00e3o, mantendo as pe\u00e7as unidas para marca\u00e7\u00e3o e alinhamento antes do aparafusamento final. De f\u00e1cil utiliza\u00e7\u00e3o, permite uma montagem segura das estruturas met\u00e1licas e possibilita o descravamento para eventuais ajustes antes das fixa\u00e7\u00f5es definitivas.","og_url":"https:\/\/chemitool.com\/products\/tools\/hand-tools\/stud-crimper\/","og_site_name":"Chemitool","article_publisher":"https:\/\/www.facebook.com\/chemitool","article_modified_time":"2025-10-24T16:52:14+00:00","og_image":[{"width":800,"height":800,"url":"https:\/\/chemitool.com\/wp-content\/uploads\/2025\/10\/CHT20040200010009_WEB.png","type":"image\/png"}],"twitter_card":"summary_large_image","schema":{"@context":"https:\/\/schema.org","@graph":[{"@type":"Organization","@id":"https:\/\/chemitool.com\/#organization","name":"Chemitool","url":"https:\/\/chemitool.com\/","sameAs":["https:\/\/www.facebook.com\/chemitool","https:\/\/www.instagram.com\/chemitool\/"],"logo":{"@type":"ImageObject","@id":"https:\/\/chemitool.com\/#logo","inLanguage":"pt-PT","url":"https:\/\/chemitool.com\/wp-content\/uploads\/2020\/10\/logo_chemitool.png","contentUrl":"https:\/\/chemitool.com\/wp-content\/uploads\/2020\/10\/logo_chemitool.png","width":400,"height":400,"caption":"Chemitool"},"image":{"@id":"https:\/\/chemitool.com\/#logo"}},{"@type":"WebSite","@id":"https:\/\/chemitool.com\/#website","url":"https:\/\/chemitool.com\/","name":"Chemitool","description":"Chemitool - hardware and tools","publisher":{"@id":"https:\/\/chemitool.com\/#organization"},"potentialAction":[{"@type":"SearchAction","target":{"@type":"EntryPoint","urlTemplate":"https:\/\/chemitool.com\/?s={search_term_string}"},"query-input":"required name=search_term_string"}],"inLanguage":"pt-PT"},{"@type":"ImageObject","@id":"https:\/\/chemitool.com\/products\/tools\/hand-tools\/stud-crimper\/#primaryimage","inLanguage":"pt-PT","url":"https:\/\/chemitool.com\/wp-content\/uploads\/2025\/10\/CHT20040200010009_WEB.png","contentUrl":"https:\/\/chemitool.com\/wp-content\/uploads\/2025\/10\/CHT20040200010009_WEB.png","width":800,"height":800},{"@type":"WebPage","@id":"https:\/\/chemitool.com\/products\/tools\/hand-tools\/stud-crimper\/#webpage","url":"https:\/\/chemitool.com\/products\/tools\/hand-tools\/stud-crimper\/","name":"ALICATE DE CRAVAR PERFIS &ndash; Chemitool","isPartOf":{"@id":"https:\/\/chemitool.com\/#website"},"primaryImageOfPage":{"@id":"https:\/\/chemitool.com\/products\/tools\/hand-tools\/stud-crimper\/#primaryimage"},"datePublished":"2025-10-24T16:26:45+00:00","dateModified":"2025-10-24T16:52:14+00:00","description":"Alicate de Cravar Perfis CHEMITOOL \u00e9 essencial para unir perfis e chapas met\u00e1licas habitualmente utilizados em sistemas de constru\u00e7\u00e3o em gesso cartonado. A crava\u00e7\u00e3o r\u00e1pida simplifica a instala\u00e7\u00e3o, mantendo as pe\u00e7as unidas para marca\u00e7\u00e3o e alinhamento antes do aparafusamento final. De f\u00e1cil utiliza\u00e7\u00e3o, permite uma montagem segura das estruturas met\u00e1licas e possibilita o descravamento para eventuais ajustes antes das fixa\u00e7\u00f5es definitivas.","breadcrumb":{"@id":"https:\/\/chemitool.com\/products\/tools\/hand-tools\/stud-crimper\/#breadcrumb"},"inLanguage":"pt-PT","potentialAction":[{"@type":"ReadAction","target":["https:\/\/chemitool.com\/products\/tools\/hand-tools\/stud-crimper\/"]}]},{"@type":"BreadcrumbList","@id":"https:\/\/chemitool.com\/products\/tools\/hand-tools\/stud-crimper\/#breadcrumb","itemListElement":[{"@type":"ListItem","position":1,"name":"Home","item":"https:\/\/chemitool.com\/pt-pt\/"},{"@type":"ListItem","position":2,"name":"Produtos","item":"https:\/\/chemitool.com\/pt-pt\/produtos\/"},{"@type":"ListItem","position":3,"name":"Tools","item":"https:\/\/chemitool.com\/pt-pt\/categoria-produto\/tools\/"},{"@type":"ListItem","position":4,"name":"Hand Tools","item":"https:\/\/chemitool.com\/product-category\/tools\/hand-tools\/"},{"@type":"ListItem","position":5,"name":"ALICATE DE CRAVAR PERFIS"}]}]}},"_links":{"self":[{"href":"https:\/\/chemitool.com\/pt-pt\/wp-json\/wp\/v2\/product\/44249"}],"collection":[{"href":"https:\/\/chemitool.com\/pt-pt\/wp-json\/wp\/v2\/product"}],"about":[{"href":"https:\/\/chemitool.com\/pt-pt\/wp-json\/wp\/v2\/types\/product"}],"wp:featuredmedia":[{"embeddable":true,"href":"https:\/\/chemitool.com\/pt-pt\/wp-json\/wp\/v2\/media\/44217"}],"wp:attachment":[{"href":"https:\/\/chemitool.com\/pt-pt\/wp-json\/wp\/v2\/media?parent=44249"}],"wp:term":[{"taxonomy":"product_cat","embeddable":true,"href":"https:\/\/chemitool.com\/pt-pt\/wp-json\/wp\/v2\/product_cat?post=44249"},{"taxonomy":"product_tag","embeddable":true,"href":"https:\/\/chemitool.com\/pt-pt\/wp-json\/wp\/v2\/product_tag?post=44249"}],"curies":[{"name":"wp","href":"https:\/\/api.w.org\/{rel}","templated":true}]}}