{"id":43767,"date":"2025-09-25T15:39:49","date_gmt":"2025-09-25T15:39:50","guid":{"rendered":"https:\/\/chemitool.com\/?post_type=product&#038;p=43767"},"modified":"2025-09-25T16:16:48","modified_gmt":"2025-09-25T16:16:48","slug":"grosa-paralela","status":"publish","type":"product","link":"https:\/\/chemitool.com\/pt-pt\/products\/cutting\/limas-e-grosas\/grosas\/grosa-paralela\/","title":{"rendered":"GROSA PARALELA"},"content":{"rendered":"<p><strong>VANTAGENS<\/strong><\/p>\n<ul>\n<li>Punho bimat\u00e9ria (ergon\u00f3mico e antiderrapante)<\/li>\n<li>Dispon\u00edvel em Grosso<\/li>\n<li>Comprimentos dispon\u00edveis de 150 a 250mm<\/li>\n<li>Alta rentabilidade<\/li>\n<li>Longa vida \u00fatil da ferramenta<\/li>\n<\/ul>\n","protected":false},"excerpt":{"rendered":"<p><em>Grosa Paralela CHEMITOOL<\/em> \u00e9 uma ferramenta especialmente usada para trabalhos de retifica\u00e7\u00e3o e desbaste em outras pe\u00e7as. A grosa Paralela tem um formato retangular, com corte em tr\u00eas lados, ideal para trabalhos de superf\u00edcies planas.<\/p>\n","protected":false},"featured_media":43777,"template":"","meta":[],"product_cat":[5411,5405,1422],"product_tag":[5420],"yoast_head":"<!-- This site is optimized with the Yoast SEO plugin v17.4 - https:\/\/yoast.com\/wordpress\/plugins\/seo\/ -->\n<title>GROSA PARALELA &ndash; Chemitool<\/title>\n<meta name=\"description\" content=\"Grosa Paralela CHEMITOOL \u00e9 uma ferramenta especialmente usada para trabalhos de retifica\u00e7\u00e3o e desbaste em outras pe\u00e7as. A grosa Paralela tem um formato retangular, com corte em tr\u00eas lados, ideal para trabalhos de superf\u00edcies planas.\" \/>\n<meta name=\"robots\" content=\"index, follow, max-snippet:-1, max-image-preview:large, max-video-preview:-1\" \/>\n<link rel=\"canonical\" href=\"https:\/\/chemitool.com\/pt-pt\/products\/cutting\/files-and-rasps\/rasps\/parallel-rasp-file\/\" \/>\n<meta property=\"og:locale\" content=\"pt_PT\" \/>\n<meta property=\"og:type\" content=\"article\" \/>\n<meta property=\"og:title\" content=\"GROSA PARALELA &ndash; Chemitool\" \/>\n<meta property=\"og:description\" content=\"Grosa Paralela CHEMITOOL \u00e9 uma ferramenta especialmente usada para trabalhos de retifica\u00e7\u00e3o e desbaste em outras pe\u00e7as. A grosa Paralela tem um formato retangular, com corte em tr\u00eas lados, ideal para trabalhos de superf\u00edcies planas.\" \/>\n<meta property=\"og:url\" content=\"https:\/\/chemitool.com\/products\/cutting\/files-and-rasps\/rasps\/parallel-rasp-file\/\" \/>\n<meta property=\"og:site_name\" content=\"Chemitool\" \/>\n<meta property=\"article:publisher\" content=\"https:\/\/www.facebook.com\/chemitool\" \/>\n<meta property=\"article:modified_time\" content=\"2025-09-25T16:16:48+00:00\" \/>\n<meta property=\"og:image\" content=\"https:\/\/chemitool.com\/wp-content\/uploads\/2025\/09\/CHA310201200000_WEB.png\" \/>\n\t<meta property=\"og:image:width\" content=\"800\" \/>\n\t<meta property=\"og:image:height\" content=\"800\" \/>\n<meta name=\"twitter:card\" content=\"summary_large_image\" \/>\n<script type=\"application\/ld+json\" class=\"yoast-schema-graph\">{\"@context\":\"https:\/\/schema.org\",\"@graph\":[{\"@type\":\"Organization\",\"@id\":\"https:\/\/chemitool.com\/#organization\",\"name\":\"Chemitool\",\"url\":\"https:\/\/chemitool.com\/\",\"sameAs\":[\"https:\/\/www.facebook.com\/chemitool\",\"https:\/\/www.instagram.com\/chemitool\/\"],\"logo\":{\"@type\":\"ImageObject\",\"@id\":\"https:\/\/chemitool.com\/#logo\",\"inLanguage\":\"pt-PT\",\"url\":\"https:\/\/chemitool.com\/wp-content\/uploads\/2020\/10\/logo_chemitool.png\",\"contentUrl\":\"https:\/\/chemitool.com\/wp-content\/uploads\/2020\/10\/logo_chemitool.png\",\"width\":400,\"height\":400,\"caption\":\"Chemitool\"},\"image\":{\"@id\":\"https:\/\/chemitool.com\/#logo\"}},{\"@type\":\"WebSite\",\"@id\":\"https:\/\/chemitool.com\/#website\",\"url\":\"https:\/\/chemitool.com\/\",\"name\":\"Chemitool\",\"description\":\"Chemitool - hardware and tools\",\"publisher\":{\"@id\":\"https:\/\/chemitool.com\/#organization\"},\"potentialAction\":[{\"@type\":\"SearchAction\",\"target\":{\"@type\":\"EntryPoint\",\"urlTemplate\":\"https:\/\/chemitool.com\/?s={search_term_string}\"},\"query-input\":\"required name=search_term_string\"}],\"inLanguage\":\"pt-PT\"},{\"@type\":\"ImageObject\",\"@id\":\"https:\/\/chemitool.com\/products\/cutting\/files-and-rasps\/rasps\/parallel-rasp-file\/#primaryimage\",\"inLanguage\":\"pt-PT\",\"url\":\"https:\/\/chemitool.com\/wp-content\/uploads\/2025\/09\/CHA310201200000_WEB.png\",\"contentUrl\":\"https:\/\/chemitool.com\/wp-content\/uploads\/2025\/09\/CHA310201200000_WEB.png\",\"width\":800,\"height\":800},{\"@type\":\"WebPage\",\"@id\":\"https:\/\/chemitool.com\/products\/cutting\/files-and-rasps\/rasps\/parallel-rasp-file\/#webpage\",\"url\":\"https:\/\/chemitool.com\/products\/cutting\/files-and-rasps\/rasps\/parallel-rasp-file\/\",\"name\":\"GROSA PARALELA &ndash; Chemitool\",\"isPartOf\":{\"@id\":\"https:\/\/chemitool.com\/#website\"},\"primaryImageOfPage\":{\"@id\":\"https:\/\/chemitool.com\/products\/cutting\/files-and-rasps\/rasps\/parallel-rasp-file\/#primaryimage\"},\"datePublished\":\"2025-09-25T15:39:50+00:00\",\"dateModified\":\"2025-09-25T16:16:48+00:00\",\"description\":\"Grosa Paralela CHEMITOOL \\u00e9 uma ferramenta especialmente usada para trabalhos de retifica\\u00e7\\u00e3o e desbaste em outras pe\\u00e7as. A grosa Paralela tem um formato retangular, com corte em tr\\u00eas lados, ideal para trabalhos de superf\\u00edcies planas.\",\"breadcrumb\":{\"@id\":\"https:\/\/chemitool.com\/products\/cutting\/files-and-rasps\/rasps\/parallel-rasp-file\/#breadcrumb\"},\"inLanguage\":\"pt-PT\",\"potentialAction\":[{\"@type\":\"ReadAction\",\"target\":[\"https:\/\/chemitool.com\/products\/cutting\/files-and-rasps\/rasps\/parallel-rasp-file\/\"]}]},{\"@type\":\"BreadcrumbList\",\"@id\":\"https:\/\/chemitool.com\/products\/cutting\/files-and-rasps\/rasps\/parallel-rasp-file\/#breadcrumb\",\"itemListElement\":[{\"@type\":\"ListItem\",\"position\":1,\"name\":\"Home\",\"item\":\"https:\/\/chemitool.com\/pt-pt\/\"},{\"@type\":\"ListItem\",\"position\":2,\"name\":\"Produtos\",\"item\":\"https:\/\/chemitool.com\/pt-pt\/produtos\/\"},{\"@type\":\"ListItem\",\"position\":3,\"name\":\"Cutting\",\"item\":\"https:\/\/chemitool.com\/product-category\/cutting\/\"},{\"@type\":\"ListItem\",\"position\":4,\"name\":\"GROSA PARALELA\"}]}]}<\/script>\n<!-- \/ Yoast SEO plugin. -->","yoast_head_json":{"title":"GROSA PARALELA &ndash; Chemitool","description":"Grosa Paralela CHEMITOOL \u00e9 uma ferramenta especialmente usada para trabalhos de retifica\u00e7\u00e3o e desbaste em outras pe\u00e7as. A grosa Paralela tem um formato retangular, com corte em tr\u00eas lados, ideal para trabalhos de superf\u00edcies planas.","robots":{"index":"index","follow":"follow","max-snippet":"max-snippet:-1","max-image-preview":"max-image-preview:large","max-video-preview":"max-video-preview:-1"},"canonical":"https:\/\/chemitool.com\/pt-pt\/products\/cutting\/files-and-rasps\/rasps\/parallel-rasp-file\/","og_locale":"pt_PT","og_type":"article","og_title":"GROSA PARALELA &ndash; Chemitool","og_description":"Grosa Paralela CHEMITOOL \u00e9 uma ferramenta especialmente usada para trabalhos de retifica\u00e7\u00e3o e desbaste em outras pe\u00e7as. A grosa Paralela tem um formato retangular, com corte em tr\u00eas lados, ideal para trabalhos de superf\u00edcies planas.","og_url":"https:\/\/chemitool.com\/products\/cutting\/files-and-rasps\/rasps\/parallel-rasp-file\/","og_site_name":"Chemitool","article_publisher":"https:\/\/www.facebook.com\/chemitool","article_modified_time":"2025-09-25T16:16:48+00:00","og_image":[{"width":800,"height":800,"url":"https:\/\/chemitool.com\/wp-content\/uploads\/2025\/09\/CHA310201200000_WEB.png","type":"image\/png"}],"twitter_card":"summary_large_image","schema":{"@context":"https:\/\/schema.org","@graph":[{"@type":"Organization","@id":"https:\/\/chemitool.com\/#organization","name":"Chemitool","url":"https:\/\/chemitool.com\/","sameAs":["https:\/\/www.facebook.com\/chemitool","https:\/\/www.instagram.com\/chemitool\/"],"logo":{"@type":"ImageObject","@id":"https:\/\/chemitool.com\/#logo","inLanguage":"pt-PT","url":"https:\/\/chemitool.com\/wp-content\/uploads\/2020\/10\/logo_chemitool.png","contentUrl":"https:\/\/chemitool.com\/wp-content\/uploads\/2020\/10\/logo_chemitool.png","width":400,"height":400,"caption":"Chemitool"},"image":{"@id":"https:\/\/chemitool.com\/#logo"}},{"@type":"WebSite","@id":"https:\/\/chemitool.com\/#website","url":"https:\/\/chemitool.com\/","name":"Chemitool","description":"Chemitool - hardware and tools","publisher":{"@id":"https:\/\/chemitool.com\/#organization"},"potentialAction":[{"@type":"SearchAction","target":{"@type":"EntryPoint","urlTemplate":"https:\/\/chemitool.com\/?s={search_term_string}"},"query-input":"required name=search_term_string"}],"inLanguage":"pt-PT"},{"@type":"ImageObject","@id":"https:\/\/chemitool.com\/products\/cutting\/files-and-rasps\/rasps\/parallel-rasp-file\/#primaryimage","inLanguage":"pt-PT","url":"https:\/\/chemitool.com\/wp-content\/uploads\/2025\/09\/CHA310201200000_WEB.png","contentUrl":"https:\/\/chemitool.com\/wp-content\/uploads\/2025\/09\/CHA310201200000_WEB.png","width":800,"height":800},{"@type":"WebPage","@id":"https:\/\/chemitool.com\/products\/cutting\/files-and-rasps\/rasps\/parallel-rasp-file\/#webpage","url":"https:\/\/chemitool.com\/products\/cutting\/files-and-rasps\/rasps\/parallel-rasp-file\/","name":"GROSA PARALELA &ndash; Chemitool","isPartOf":{"@id":"https:\/\/chemitool.com\/#website"},"primaryImageOfPage":{"@id":"https:\/\/chemitool.com\/products\/cutting\/files-and-rasps\/rasps\/parallel-rasp-file\/#primaryimage"},"datePublished":"2025-09-25T15:39:50+00:00","dateModified":"2025-09-25T16:16:48+00:00","description":"Grosa Paralela CHEMITOOL \u00e9 uma ferramenta especialmente usada para trabalhos de retifica\u00e7\u00e3o e desbaste em outras pe\u00e7as. A grosa Paralela tem um formato retangular, com corte em tr\u00eas lados, ideal para trabalhos de superf\u00edcies planas.","breadcrumb":{"@id":"https:\/\/chemitool.com\/products\/cutting\/files-and-rasps\/rasps\/parallel-rasp-file\/#breadcrumb"},"inLanguage":"pt-PT","potentialAction":[{"@type":"ReadAction","target":["https:\/\/chemitool.com\/products\/cutting\/files-and-rasps\/rasps\/parallel-rasp-file\/"]}]},{"@type":"BreadcrumbList","@id":"https:\/\/chemitool.com\/products\/cutting\/files-and-rasps\/rasps\/parallel-rasp-file\/#breadcrumb","itemListElement":[{"@type":"ListItem","position":1,"name":"Home","item":"https:\/\/chemitool.com\/pt-pt\/"},{"@type":"ListItem","position":2,"name":"Produtos","item":"https:\/\/chemitool.com\/pt-pt\/produtos\/"},{"@type":"ListItem","position":3,"name":"Cutting","item":"https:\/\/chemitool.com\/product-category\/cutting\/"},{"@type":"ListItem","position":4,"name":"GROSA PARALELA"}]}]}},"_links":{"self":[{"href":"https:\/\/chemitool.com\/pt-pt\/wp-json\/wp\/v2\/product\/43767"}],"collection":[{"href":"https:\/\/chemitool.com\/pt-pt\/wp-json\/wp\/v2\/product"}],"about":[{"href":"https:\/\/chemitool.com\/pt-pt\/wp-json\/wp\/v2\/types\/product"}],"wp:featuredmedia":[{"embeddable":true,"href":"https:\/\/chemitool.com\/pt-pt\/wp-json\/wp\/v2\/media\/43777"}],"wp:attachment":[{"href":"https:\/\/chemitool.com\/pt-pt\/wp-json\/wp\/v2\/media?parent=43767"}],"wp:term":[{"taxonomy":"product_cat","embeddable":true,"href":"https:\/\/chemitool.com\/pt-pt\/wp-json\/wp\/v2\/product_cat?post=43767"},{"taxonomy":"product_tag","embeddable":true,"href":"https:\/\/chemitool.com\/pt-pt\/wp-json\/wp\/v2\/product_tag?post=43767"}],"curies":[{"name":"wp","href":"https:\/\/api.w.org\/{rel}","templated":true}]}}