{"id":4364,"date":"2020-04-28T09:01:40","date_gmt":"2020-04-28T09:01:40","guid":{"rendered":"https:\/\/chemitool.com\/products\/sem%20categoria\/vedante-ms-polimero-cristal-chemihyb\/"},"modified":"2023-05-02T10:23:45","modified_gmt":"2023-05-02T10:23:45","slug":"chemihyb-sealbond-35ms-cristal","status":"publish","type":"product","link":"https:\/\/chemitool.com\/pt-pt\/products\/chemicals\/vedantes-e-colas\/ms-polimero\/chemihyb-sealbond-35ms-cristal\/","title":{"rendered":"CHEMIHYB SEAL&#038;BOND 35MS CRISTAL"},"content":{"rendered":"<p><strong>VANTAGENS<\/strong><\/p>\n<ul>\n<li>Qualidade Profissional<\/li>\n<li>Cristalino<\/li>\n<li>Excelente ades\u00e3o em v\u00e1rios tipos de substratos<\/li>\n<li>\u00c9 aplic\u00e1vel em superf\u00edcies h\u00famidas garantindo uma correta ader\u00eancia<\/li>\n<li>Impede a forma\u00e7\u00e3o de bolor<\/li>\n<li>Grande resist\u00eancia aos raios UV, altera\u00e7\u00f5es de temperatura e ao envelhecimento<\/li>\n<li>Cura r\u00e1pida<\/li>\n<li>Sem odor, livre de solventes e isocianatos<\/li>\n<li>Resist\u00eancia ao envelhecimento<\/li>\n<li>Utiliza\u00e7\u00e3o interior e exterior<\/li>\n<li>Elasticidade permanente<\/li>\n<li>Permanece est\u00e1vel \u00e0s condi\u00e7\u00f5es atmosf\u00e9ricas, sem envelhecer<\/li>\n<\/ul>\n<p><strong>INDICA\u00c7\u00d5ES<\/strong><\/p>\n<p>\u00c9 recomendado realizar testes de ader\u00eancia antes da aplica\u00e7\u00e3o.<br \/>\nArmazenar num ambiente fresco, seco e bem ventilado, entre os +5\u00b0C e + 40\u00b0C, afastado de fontes de calor e humidade. Validade 24 meses se armazenado nas condi\u00e7\u00f5es recomendadas, pois pode reduzir o prazo.<\/p>\n","protected":false},"excerpt":{"rendered":"<p><b class=\"sap-label\">SAP:<\/b> <span class=\"codesap-label\">CH03510000<\/span><br \/>\n<em>CHEMIHYB SEAL&amp;BOND 35MS CRISTAL<\/em> \u00e9 um adesivo el\u00e1stico transparente \u00e0 base de MS Pol\u00edmeros de alta qualidade, para tornar invis\u00edvel juntas entre diferentes materiais e a colagem na maioria dos substratos utilizados na constru\u00e7\u00e3o, ind\u00fastria autom\u00f3vel, ind\u00fastria naval, etc.<\/p>\n","protected":false},"featured_media":32516,"template":"","meta":[],"product_cat":[109,1221,3631],"product_tag":[119],"yoast_head":"<!-- This site is optimized with the Yoast SEO plugin v17.4 - https:\/\/yoast.com\/wordpress\/plugins\/seo\/ -->\n<title>CHEMIHYB SEAL&amp;BOND 35MS CRISTAL &ndash; Chemitool<\/title>\n<meta name=\"description\" content=\"SAP: CH03510000 CHEMIHYB SEAL&amp;BOND 35MS CRISTAL \u00e9 um adesivo el\u00e1stico transparente \u00e0 base de MS Pol\u00edmeros de alta qualidade, para tornar invis\u00edvel juntas entre diferentes materiais e a colagem na maioria dos substratos utilizados na constru\u00e7\u00e3o, ind\u00fastria autom\u00f3vel, ind\u00fastria naval, etc.\" \/>\n<meta name=\"robots\" content=\"index, follow, max-snippet:-1, max-image-preview:large, max-video-preview:-1\" \/>\n<link rel=\"canonical\" href=\"https:\/\/chemitool.com\/pt-pt\/products\/chemical-products\/adhesives\/ms-polymer\/chemihyb-sealbond-35ms-cristal\/\" \/>\n<meta property=\"og:locale\" content=\"pt_PT\" \/>\n<meta property=\"og:type\" content=\"article\" \/>\n<meta property=\"og:title\" content=\"CHEMIHYB SEAL&amp;BOND 35MS CRISTAL &ndash; Chemitool\" \/>\n<meta property=\"og:description\" content=\"SAP: CH03510000 CHEMIHYB SEAL&amp;BOND 35MS CRISTAL \u00e9 um adesivo el\u00e1stico transparente \u00e0 base de MS Pol\u00edmeros de alta qualidade, para tornar invis\u00edvel juntas entre diferentes materiais e a colagem na maioria dos substratos utilizados na constru\u00e7\u00e3o, ind\u00fastria autom\u00f3vel, ind\u00fastria naval, etc.\" \/>\n<meta property=\"og:url\" content=\"https:\/\/chemitool.com\/products\/chemical-products\/adhesives\/ms-polymer\/chemihyb-sealbond-35ms-cristal\/\" \/>\n<meta property=\"og:site_name\" content=\"Chemitool\" \/>\n<meta property=\"article:publisher\" content=\"https:\/\/www.facebook.com\/chemitool\" \/>\n<meta property=\"article:modified_time\" content=\"2023-05-02T10:23:45+00:00\" \/>\n<meta property=\"og:image\" content=\"https:\/\/chemitool.com\/wp-content\/uploads\/2020\/04\/CH030-1.png\" \/>\n\t<meta property=\"og:image:width\" content=\"800\" \/>\n\t<meta property=\"og:image:height\" content=\"800\" \/>\n<meta name=\"twitter:card\" content=\"summary_large_image\" \/>\n<meta name=\"twitter:label1\" content=\"Tempo estimado de leitura\" \/>\n\t<meta name=\"twitter:data1\" content=\"1 minuto\" \/>\n<script type=\"application\/ld+json\" class=\"yoast-schema-graph\">{\"@context\":\"https:\/\/schema.org\",\"@graph\":[{\"@type\":\"Organization\",\"@id\":\"https:\/\/chemitool.com\/#organization\",\"name\":\"Chemitool\",\"url\":\"https:\/\/chemitool.com\/\",\"sameAs\":[\"https:\/\/www.facebook.com\/chemitool\",\"https:\/\/www.instagram.com\/chemitool\/\"],\"logo\":{\"@type\":\"ImageObject\",\"@id\":\"https:\/\/chemitool.com\/#logo\",\"inLanguage\":\"pt-PT\",\"url\":\"https:\/\/chemitool.com\/wp-content\/uploads\/2020\/10\/logo_chemitool.png\",\"contentUrl\":\"https:\/\/chemitool.com\/wp-content\/uploads\/2020\/10\/logo_chemitool.png\",\"width\":400,\"height\":400,\"caption\":\"Chemitool\"},\"image\":{\"@id\":\"https:\/\/chemitool.com\/#logo\"}},{\"@type\":\"WebSite\",\"@id\":\"https:\/\/chemitool.com\/#website\",\"url\":\"https:\/\/chemitool.com\/\",\"name\":\"Chemitool\",\"description\":\"Chemitool - hardware and tools\",\"publisher\":{\"@id\":\"https:\/\/chemitool.com\/#organization\"},\"potentialAction\":[{\"@type\":\"SearchAction\",\"target\":{\"@type\":\"EntryPoint\",\"urlTemplate\":\"https:\/\/chemitool.com\/?s={search_term_string}\"},\"query-input\":\"required name=search_term_string\"}],\"inLanguage\":\"pt-PT\"},{\"@type\":\"ImageObject\",\"@id\":\"https:\/\/chemitool.com\/products\/chemical-products\/adhesives\/ms-polymer\/chemihyb-sealbond-35ms-cristal\/#primaryimage\",\"inLanguage\":\"pt-PT\",\"url\":\"https:\/\/chemitool.com\/wp-content\/uploads\/2020\/04\/CH030-1.png\",\"contentUrl\":\"https:\/\/chemitool.com\/wp-content\/uploads\/2020\/04\/CH030-1.png\",\"width\":800,\"height\":800},{\"@type\":\"WebPage\",\"@id\":\"https:\/\/chemitool.com\/products\/chemical-products\/adhesives\/ms-polymer\/chemihyb-sealbond-35ms-cristal\/#webpage\",\"url\":\"https:\/\/chemitool.com\/products\/chemical-products\/adhesives\/ms-polymer\/chemihyb-sealbond-35ms-cristal\/\",\"name\":\"CHEMIHYB SEAL&BOND 35MS CRISTAL &ndash; Chemitool\",\"isPartOf\":{\"@id\":\"https:\/\/chemitool.com\/#website\"},\"primaryImageOfPage\":{\"@id\":\"https:\/\/chemitool.com\/products\/chemical-products\/adhesives\/ms-polymer\/chemihyb-sealbond-35ms-cristal\/#primaryimage\"},\"datePublished\":\"2020-04-28T09:01:40+00:00\",\"dateModified\":\"2023-05-02T10:23:45+00:00\",\"description\":\"SAP: CH03510000 CHEMIHYB SEAL&amp;BOND 35MS CRISTAL \\u00e9 um adesivo el\\u00e1stico transparente \\u00e0 base de MS Pol\\u00edmeros de alta qualidade, para tornar invis\\u00edvel juntas entre diferentes materiais e a colagem na maioria dos substratos utilizados na constru\\u00e7\\u00e3o, ind\\u00fastria autom\\u00f3vel, ind\\u00fastria naval, etc.\",\"breadcrumb\":{\"@id\":\"https:\/\/chemitool.com\/products\/chemical-products\/adhesives\/ms-polymer\/chemihyb-sealbond-35ms-cristal\/#breadcrumb\"},\"inLanguage\":\"pt-PT\",\"potentialAction\":[{\"@type\":\"ReadAction\",\"target\":[\"https:\/\/chemitool.com\/products\/chemical-products\/adhesives\/ms-polymer\/chemihyb-sealbond-35ms-cristal\/\"]}]},{\"@type\":\"BreadcrumbList\",\"@id\":\"https:\/\/chemitool.com\/products\/chemical-products\/adhesives\/ms-polymer\/chemihyb-sealbond-35ms-cristal\/#breadcrumb\",\"itemListElement\":[{\"@type\":\"ListItem\",\"position\":1,\"name\":\"Home\",\"item\":\"https:\/\/chemitool.com\/pt-pt\/\"},{\"@type\":\"ListItem\",\"position\":2,\"name\":\"Produtos\",\"item\":\"https:\/\/chemitool.com\/pt-pt\/produtos\/\"},{\"@type\":\"ListItem\",\"position\":3,\"name\":\"Chemicals\",\"item\":\"https:\/\/chemitool.com\/product-category\/chemical-products\/\"},{\"@type\":\"ListItem\",\"position\":4,\"name\":\"CHEMIHYB SEAL&#038;BOND 35MS CRISTAL\"}]}]}<\/script>\n<!-- \/ Yoast SEO plugin. -->","yoast_head_json":{"title":"CHEMIHYB SEAL&BOND 35MS CRISTAL &ndash; Chemitool","description":"SAP: CH03510000 CHEMIHYB SEAL&amp;BOND 35MS CRISTAL \u00e9 um adesivo el\u00e1stico transparente \u00e0 base de MS Pol\u00edmeros de alta qualidade, para tornar invis\u00edvel juntas entre diferentes materiais e a colagem na maioria dos substratos utilizados na constru\u00e7\u00e3o, ind\u00fastria autom\u00f3vel, ind\u00fastria naval, etc.","robots":{"index":"index","follow":"follow","max-snippet":"max-snippet:-1","max-image-preview":"max-image-preview:large","max-video-preview":"max-video-preview:-1"},"canonical":"https:\/\/chemitool.com\/pt-pt\/products\/chemical-products\/adhesives\/ms-polymer\/chemihyb-sealbond-35ms-cristal\/","og_locale":"pt_PT","og_type":"article","og_title":"CHEMIHYB SEAL&BOND 35MS CRISTAL &ndash; Chemitool","og_description":"SAP: CH03510000 CHEMIHYB SEAL&amp;BOND 35MS CRISTAL \u00e9 um adesivo el\u00e1stico transparente \u00e0 base de MS Pol\u00edmeros de alta qualidade, para tornar invis\u00edvel juntas entre diferentes materiais e a colagem na maioria dos substratos utilizados na constru\u00e7\u00e3o, ind\u00fastria autom\u00f3vel, ind\u00fastria naval, etc.","og_url":"https:\/\/chemitool.com\/products\/chemical-products\/adhesives\/ms-polymer\/chemihyb-sealbond-35ms-cristal\/","og_site_name":"Chemitool","article_publisher":"https:\/\/www.facebook.com\/chemitool","article_modified_time":"2023-05-02T10:23:45+00:00","og_image":[{"width":800,"height":800,"url":"https:\/\/chemitool.com\/wp-content\/uploads\/2020\/04\/CH030-1.png","type":"image\/png"}],"twitter_card":"summary_large_image","twitter_misc":{"Tempo estimado de leitura":"1 minuto"},"schema":{"@context":"https:\/\/schema.org","@graph":[{"@type":"Organization","@id":"https:\/\/chemitool.com\/#organization","name":"Chemitool","url":"https:\/\/chemitool.com\/","sameAs":["https:\/\/www.facebook.com\/chemitool","https:\/\/www.instagram.com\/chemitool\/"],"logo":{"@type":"ImageObject","@id":"https:\/\/chemitool.com\/#logo","inLanguage":"pt-PT","url":"https:\/\/chemitool.com\/wp-content\/uploads\/2020\/10\/logo_chemitool.png","contentUrl":"https:\/\/chemitool.com\/wp-content\/uploads\/2020\/10\/logo_chemitool.png","width":400,"height":400,"caption":"Chemitool"},"image":{"@id":"https:\/\/chemitool.com\/#logo"}},{"@type":"WebSite","@id":"https:\/\/chemitool.com\/#website","url":"https:\/\/chemitool.com\/","name":"Chemitool","description":"Chemitool - hardware and tools","publisher":{"@id":"https:\/\/chemitool.com\/#organization"},"potentialAction":[{"@type":"SearchAction","target":{"@type":"EntryPoint","urlTemplate":"https:\/\/chemitool.com\/?s={search_term_string}"},"query-input":"required name=search_term_string"}],"inLanguage":"pt-PT"},{"@type":"ImageObject","@id":"https:\/\/chemitool.com\/products\/chemical-products\/adhesives\/ms-polymer\/chemihyb-sealbond-35ms-cristal\/#primaryimage","inLanguage":"pt-PT","url":"https:\/\/chemitool.com\/wp-content\/uploads\/2020\/04\/CH030-1.png","contentUrl":"https:\/\/chemitool.com\/wp-content\/uploads\/2020\/04\/CH030-1.png","width":800,"height":800},{"@type":"WebPage","@id":"https:\/\/chemitool.com\/products\/chemical-products\/adhesives\/ms-polymer\/chemihyb-sealbond-35ms-cristal\/#webpage","url":"https:\/\/chemitool.com\/products\/chemical-products\/adhesives\/ms-polymer\/chemihyb-sealbond-35ms-cristal\/","name":"CHEMIHYB SEAL&BOND 35MS CRISTAL &ndash; Chemitool","isPartOf":{"@id":"https:\/\/chemitool.com\/#website"},"primaryImageOfPage":{"@id":"https:\/\/chemitool.com\/products\/chemical-products\/adhesives\/ms-polymer\/chemihyb-sealbond-35ms-cristal\/#primaryimage"},"datePublished":"2020-04-28T09:01:40+00:00","dateModified":"2023-05-02T10:23:45+00:00","description":"SAP: CH03510000 CHEMIHYB SEAL&amp;BOND 35MS CRISTAL \u00e9 um adesivo el\u00e1stico transparente \u00e0 base de MS Pol\u00edmeros de alta qualidade, para tornar invis\u00edvel juntas entre diferentes materiais e a colagem na maioria dos substratos utilizados na constru\u00e7\u00e3o, ind\u00fastria autom\u00f3vel, ind\u00fastria naval, etc.","breadcrumb":{"@id":"https:\/\/chemitool.com\/products\/chemical-products\/adhesives\/ms-polymer\/chemihyb-sealbond-35ms-cristal\/#breadcrumb"},"inLanguage":"pt-PT","potentialAction":[{"@type":"ReadAction","target":["https:\/\/chemitool.com\/products\/chemical-products\/adhesives\/ms-polymer\/chemihyb-sealbond-35ms-cristal\/"]}]},{"@type":"BreadcrumbList","@id":"https:\/\/chemitool.com\/products\/chemical-products\/adhesives\/ms-polymer\/chemihyb-sealbond-35ms-cristal\/#breadcrumb","itemListElement":[{"@type":"ListItem","position":1,"name":"Home","item":"https:\/\/chemitool.com\/pt-pt\/"},{"@type":"ListItem","position":2,"name":"Produtos","item":"https:\/\/chemitool.com\/pt-pt\/produtos\/"},{"@type":"ListItem","position":3,"name":"Chemicals","item":"https:\/\/chemitool.com\/product-category\/chemical-products\/"},{"@type":"ListItem","position":4,"name":"CHEMIHYB SEAL&#038;BOND 35MS CRISTAL"}]}]}},"_links":{"self":[{"href":"https:\/\/chemitool.com\/pt-pt\/wp-json\/wp\/v2\/product\/4364"}],"collection":[{"href":"https:\/\/chemitool.com\/pt-pt\/wp-json\/wp\/v2\/product"}],"about":[{"href":"https:\/\/chemitool.com\/pt-pt\/wp-json\/wp\/v2\/types\/product"}],"wp:featuredmedia":[{"embeddable":true,"href":"https:\/\/chemitool.com\/pt-pt\/wp-json\/wp\/v2\/media\/32516"}],"wp:attachment":[{"href":"https:\/\/chemitool.com\/pt-pt\/wp-json\/wp\/v2\/media?parent=4364"}],"wp:term":[{"taxonomy":"product_cat","embeddable":true,"href":"https:\/\/chemitool.com\/pt-pt\/wp-json\/wp\/v2\/product_cat?post=4364"},{"taxonomy":"product_tag","embeddable":true,"href":"https:\/\/chemitool.com\/pt-pt\/wp-json\/wp\/v2\/product_tag?post=4364"}],"curies":[{"name":"wp","href":"https:\/\/api.w.org\/{rel}","templated":true}]}}