{"id":43521,"date":"2025-09-22T16:46:37","date_gmt":"2025-09-22T16:46:40","guid":{"rendered":"https:\/\/chemitool.com\/?post_type=product&#038;p=43521"},"modified":"2025-09-23T13:40:33","modified_gmt":"2025-09-23T13:40:33","slug":"lima-mecanica-com-punho-bimateria","status":"publish","type":"product","link":"https:\/\/chemitool.com\/pt-pt\/products\/cutting\/limas-e-grosas\/lima-mecanica-com-punho-bimateria\/","title":{"rendered":"LIMA MEC\u00c2NICA COM PUNHO BIMAT\u00c9RIA"},"content":{"rendered":"<p><strong>VANTAGENS<\/strong><\/p>\n<ul>\n<li>Punho bimat\u00e9ria (ergon\u00f3mico e antiderrapante)<\/li>\n<li>Dispon\u00edvel em Bastarda, Regular e Mur\u00e7a<\/li>\n<li>Comprimentos dispon\u00edveis de 75 a 250mm<\/li>\n<li>Alta rentabilidade<\/li>\n<li>Longa vida \u00fatil da ferramenta<\/li>\n<\/ul>\n<p>A lima mec\u00e2nica CHEMITOOL \u00e9 adequada para as mais diversas utiliza\u00e7\u00f5es, sendo importante salientar que cada acabamento apresenta caracter\u00edsticas pr\u00f3prias quanto \u00e0 utiliza\u00e7\u00e3o e ao resultado final.<\/p>\n<p>Na CHEMITOOL, est\u00e3o dispon\u00edveis os seguintes acabamentos:<\/p>\n<ul>\n<li><strong>Bastarda:<\/strong> Ideal para remover uma grande quantidade de material.<\/li>\n<li><strong>Segundo Corte\/Regular:<\/strong> Indicada para desbaste mais fino, quando o objetivo \u00e9 aproximar a pe\u00e7a trabalhada da forma desejada.<\/li>\n<li><strong>Mur\u00e7a:<\/strong> Acabamento perfeito.<\/li>\n<\/ul>\n<p>Dispon\u00edveis nos seguintes formatos:<\/p>\n<ul>\n<li><strong>Paralela:<\/strong> formato retangular, com corte em tr\u00eas lados, ideal para trabalhos em superf\u00edcies planas.<\/li>\n<li><strong>Redonda:<\/strong> formato circular com corte circunferencial, ideal para trabalhos em raios e perfis com raios internos.<\/li>\n<li><strong>Triangular: <\/strong>formato triangular afunilada, com corte nos tr\u00eas lados, ideal para trabalhos em perfis angulares.<\/li>\n<li><strong>Meia-Cana:<\/strong> formato de meia cana, com corte em ambas as faces, ideal para trabalhos em raios e formas c\u00f4ncavas.<\/li>\n<li><strong>Quadrada:<\/strong> formato quadrado, com cortante nos quatro lados, ideal para trabalhos em perfis angulares.<\/li>\n<li><strong>Redonda Motosserra:<\/strong> formato circular, com corte em toda a circunfer\u00eancia, indicada para afiar correntes de motosserra.<\/li>\n<li><strong>Delgada:<\/strong> formato retangular, ligeiramente afunilada, ideal para trabalhos em fechaduras.<\/li>\n<\/ul>\n","protected":false},"excerpt":{"rendered":"<p><em>Lima Mec\u00e2nica com Punho Bimat\u00e9ria CHEMITOOL<\/em> \u00e9 uma ferramenta especialmente usada para trabalhos de retifica\u00e7\u00e3o e desbaste em outras pe\u00e7as. As diferentes formas e acabamento das limas, faz com que sejam destinadas a um trabalho espec\u00edfico.<\/p>\n","protected":false},"featured_media":43486,"template":"","meta":[],"product_cat":[5405,1422],"product_tag":[5414],"yoast_head":"<!-- This site is optimized with the Yoast SEO plugin v17.4 - https:\/\/yoast.com\/wordpress\/plugins\/seo\/ -->\n<title>LIMA MEC\u00c2NICA COM PUNHO BIMAT\u00c9RIA &ndash; Chemitool<\/title>\n<meta name=\"description\" content=\"Lima Mec\u00e2nica com Punho Bimat\u00e9ria CHEMITOOL \u00e9 uma ferramenta especialmente usada para trabalhos de retifica\u00e7\u00e3o e desbaste em outras pe\u00e7as. As diferentes formas e acabamento das limas, faz com que sejam destinadas a um trabalho espec\u00edfico.\" \/>\n<meta name=\"robots\" content=\"index, follow, max-snippet:-1, max-image-preview:large, max-video-preview:-1\" \/>\n<link rel=\"canonical\" href=\"https:\/\/chemitool.com\/pt-pt\/products\/cutting\/files-and-rasps\/machinist-file-with-bi-material-handle\/\" \/>\n<meta property=\"og:locale\" content=\"pt_PT\" \/>\n<meta property=\"og:type\" content=\"article\" \/>\n<meta property=\"og:title\" content=\"LIMA MEC\u00c2NICA COM PUNHO BIMAT\u00c9RIA &ndash; Chemitool\" \/>\n<meta property=\"og:description\" content=\"Lima Mec\u00e2nica com Punho Bimat\u00e9ria CHEMITOOL \u00e9 uma ferramenta especialmente usada para trabalhos de retifica\u00e7\u00e3o e desbaste em outras pe\u00e7as. As diferentes formas e acabamento das limas, faz com que sejam destinadas a um trabalho espec\u00edfico.\" \/>\n<meta property=\"og:url\" content=\"https:\/\/chemitool.com\/products\/cutting\/files-and-rasps\/machinist-file-with-bi-material-handle\/\" \/>\n<meta property=\"og:site_name\" content=\"Chemitool\" \/>\n<meta property=\"article:publisher\" content=\"https:\/\/www.facebook.com\/chemitool\" \/>\n<meta property=\"article:modified_time\" content=\"2025-09-23T13:40:33+00:00\" \/>\n<meta property=\"og:image\" content=\"https:\/\/chemitool.com\/wp-content\/uploads\/2025\/09\/Limas_mecanicas-2.png\" \/>\n\t<meta property=\"og:image:width\" content=\"800\" \/>\n\t<meta property=\"og:image:height\" content=\"800\" \/>\n<meta name=\"twitter:card\" content=\"summary_large_image\" \/>\n<meta name=\"twitter:label1\" content=\"Tempo estimado de leitura\" \/>\n\t<meta name=\"twitter:data1\" content=\"1 minuto\" \/>\n<script type=\"application\/ld+json\" class=\"yoast-schema-graph\">{\"@context\":\"https:\/\/schema.org\",\"@graph\":[{\"@type\":\"Organization\",\"@id\":\"https:\/\/chemitool.com\/#organization\",\"name\":\"Chemitool\",\"url\":\"https:\/\/chemitool.com\/\",\"sameAs\":[\"https:\/\/www.facebook.com\/chemitool\",\"https:\/\/www.instagram.com\/chemitool\/\"],\"logo\":{\"@type\":\"ImageObject\",\"@id\":\"https:\/\/chemitool.com\/#logo\",\"inLanguage\":\"pt-PT\",\"url\":\"https:\/\/chemitool.com\/wp-content\/uploads\/2020\/10\/logo_chemitool.png\",\"contentUrl\":\"https:\/\/chemitool.com\/wp-content\/uploads\/2020\/10\/logo_chemitool.png\",\"width\":400,\"height\":400,\"caption\":\"Chemitool\"},\"image\":{\"@id\":\"https:\/\/chemitool.com\/#logo\"}},{\"@type\":\"WebSite\",\"@id\":\"https:\/\/chemitool.com\/#website\",\"url\":\"https:\/\/chemitool.com\/\",\"name\":\"Chemitool\",\"description\":\"Chemitool - hardware and tools\",\"publisher\":{\"@id\":\"https:\/\/chemitool.com\/#organization\"},\"potentialAction\":[{\"@type\":\"SearchAction\",\"target\":{\"@type\":\"EntryPoint\",\"urlTemplate\":\"https:\/\/chemitool.com\/?s={search_term_string}\"},\"query-input\":\"required name=search_term_string\"}],\"inLanguage\":\"pt-PT\"},{\"@type\":\"ImageObject\",\"@id\":\"https:\/\/chemitool.com\/products\/cutting\/files-and-rasps\/machinist-file-with-bi-material-handle\/#primaryimage\",\"inLanguage\":\"pt-PT\",\"url\":\"https:\/\/chemitool.com\/wp-content\/uploads\/2025\/09\/Limas_mecanicas-2.png\",\"contentUrl\":\"https:\/\/chemitool.com\/wp-content\/uploads\/2025\/09\/Limas_mecanicas-2.png\",\"width\":800,\"height\":800},{\"@type\":\"WebPage\",\"@id\":\"https:\/\/chemitool.com\/products\/cutting\/files-and-rasps\/machinist-file-with-bi-material-handle\/#webpage\",\"url\":\"https:\/\/chemitool.com\/products\/cutting\/files-and-rasps\/machinist-file-with-bi-material-handle\/\",\"name\":\"LIMA MEC\\u00c2NICA COM PUNHO BIMAT\\u00c9RIA &ndash; Chemitool\",\"isPartOf\":{\"@id\":\"https:\/\/chemitool.com\/#website\"},\"primaryImageOfPage\":{\"@id\":\"https:\/\/chemitool.com\/products\/cutting\/files-and-rasps\/machinist-file-with-bi-material-handle\/#primaryimage\"},\"datePublished\":\"2025-09-22T16:46:40+00:00\",\"dateModified\":\"2025-09-23T13:40:33+00:00\",\"description\":\"Lima Mec\\u00e2nica com Punho Bimat\\u00e9ria CHEMITOOL \\u00e9 uma ferramenta especialmente usada para trabalhos de retifica\\u00e7\\u00e3o e desbaste em outras pe\\u00e7as. As diferentes formas e acabamento das limas, faz com que sejam destinadas a um trabalho espec\\u00edfico.\",\"breadcrumb\":{\"@id\":\"https:\/\/chemitool.com\/products\/cutting\/files-and-rasps\/machinist-file-with-bi-material-handle\/#breadcrumb\"},\"inLanguage\":\"pt-PT\",\"potentialAction\":[{\"@type\":\"ReadAction\",\"target\":[\"https:\/\/chemitool.com\/products\/cutting\/files-and-rasps\/machinist-file-with-bi-material-handle\/\"]}]},{\"@type\":\"BreadcrumbList\",\"@id\":\"https:\/\/chemitool.com\/products\/cutting\/files-and-rasps\/machinist-file-with-bi-material-handle\/#breadcrumb\",\"itemListElement\":[{\"@type\":\"ListItem\",\"position\":1,\"name\":\"Home\",\"item\":\"https:\/\/chemitool.com\/pt-pt\/\"},{\"@type\":\"ListItem\",\"position\":2,\"name\":\"Produtos\",\"item\":\"https:\/\/chemitool.com\/pt-pt\/produtos\/\"},{\"@type\":\"ListItem\",\"position\":3,\"name\":\"Cutting\",\"item\":\"https:\/\/chemitool.com\/product-category\/cutting\/\"},{\"@type\":\"ListItem\",\"position\":4,\"name\":\"LIMA MEC\\u00c2NICA COM PUNHO BIMAT\\u00c9RIA\"}]}]}<\/script>\n<!-- \/ Yoast SEO plugin. -->","yoast_head_json":{"title":"LIMA MEC\u00c2NICA COM PUNHO BIMAT\u00c9RIA &ndash; Chemitool","description":"Lima Mec\u00e2nica com Punho Bimat\u00e9ria CHEMITOOL \u00e9 uma ferramenta especialmente usada para trabalhos de retifica\u00e7\u00e3o e desbaste em outras pe\u00e7as. As diferentes formas e acabamento das limas, faz com que sejam destinadas a um trabalho espec\u00edfico.","robots":{"index":"index","follow":"follow","max-snippet":"max-snippet:-1","max-image-preview":"max-image-preview:large","max-video-preview":"max-video-preview:-1"},"canonical":"https:\/\/chemitool.com\/pt-pt\/products\/cutting\/files-and-rasps\/machinist-file-with-bi-material-handle\/","og_locale":"pt_PT","og_type":"article","og_title":"LIMA MEC\u00c2NICA COM PUNHO BIMAT\u00c9RIA &ndash; Chemitool","og_description":"Lima Mec\u00e2nica com Punho Bimat\u00e9ria CHEMITOOL \u00e9 uma ferramenta especialmente usada para trabalhos de retifica\u00e7\u00e3o e desbaste em outras pe\u00e7as. As diferentes formas e acabamento das limas, faz com que sejam destinadas a um trabalho espec\u00edfico.","og_url":"https:\/\/chemitool.com\/products\/cutting\/files-and-rasps\/machinist-file-with-bi-material-handle\/","og_site_name":"Chemitool","article_publisher":"https:\/\/www.facebook.com\/chemitool","article_modified_time":"2025-09-23T13:40:33+00:00","og_image":[{"width":800,"height":800,"url":"https:\/\/chemitool.com\/wp-content\/uploads\/2025\/09\/Limas_mecanicas-2.png","type":"image\/png"}],"twitter_card":"summary_large_image","twitter_misc":{"Tempo estimado de leitura":"1 minuto"},"schema":{"@context":"https:\/\/schema.org","@graph":[{"@type":"Organization","@id":"https:\/\/chemitool.com\/#organization","name":"Chemitool","url":"https:\/\/chemitool.com\/","sameAs":["https:\/\/www.facebook.com\/chemitool","https:\/\/www.instagram.com\/chemitool\/"],"logo":{"@type":"ImageObject","@id":"https:\/\/chemitool.com\/#logo","inLanguage":"pt-PT","url":"https:\/\/chemitool.com\/wp-content\/uploads\/2020\/10\/logo_chemitool.png","contentUrl":"https:\/\/chemitool.com\/wp-content\/uploads\/2020\/10\/logo_chemitool.png","width":400,"height":400,"caption":"Chemitool"},"image":{"@id":"https:\/\/chemitool.com\/#logo"}},{"@type":"WebSite","@id":"https:\/\/chemitool.com\/#website","url":"https:\/\/chemitool.com\/","name":"Chemitool","description":"Chemitool - hardware and tools","publisher":{"@id":"https:\/\/chemitool.com\/#organization"},"potentialAction":[{"@type":"SearchAction","target":{"@type":"EntryPoint","urlTemplate":"https:\/\/chemitool.com\/?s={search_term_string}"},"query-input":"required name=search_term_string"}],"inLanguage":"pt-PT"},{"@type":"ImageObject","@id":"https:\/\/chemitool.com\/products\/cutting\/files-and-rasps\/machinist-file-with-bi-material-handle\/#primaryimage","inLanguage":"pt-PT","url":"https:\/\/chemitool.com\/wp-content\/uploads\/2025\/09\/Limas_mecanicas-2.png","contentUrl":"https:\/\/chemitool.com\/wp-content\/uploads\/2025\/09\/Limas_mecanicas-2.png","width":800,"height":800},{"@type":"WebPage","@id":"https:\/\/chemitool.com\/products\/cutting\/files-and-rasps\/machinist-file-with-bi-material-handle\/#webpage","url":"https:\/\/chemitool.com\/products\/cutting\/files-and-rasps\/machinist-file-with-bi-material-handle\/","name":"LIMA MEC\u00c2NICA COM PUNHO BIMAT\u00c9RIA &ndash; Chemitool","isPartOf":{"@id":"https:\/\/chemitool.com\/#website"},"primaryImageOfPage":{"@id":"https:\/\/chemitool.com\/products\/cutting\/files-and-rasps\/machinist-file-with-bi-material-handle\/#primaryimage"},"datePublished":"2025-09-22T16:46:40+00:00","dateModified":"2025-09-23T13:40:33+00:00","description":"Lima Mec\u00e2nica com Punho Bimat\u00e9ria CHEMITOOL \u00e9 uma ferramenta especialmente usada para trabalhos de retifica\u00e7\u00e3o e desbaste em outras pe\u00e7as. As diferentes formas e acabamento das limas, faz com que sejam destinadas a um trabalho espec\u00edfico.","breadcrumb":{"@id":"https:\/\/chemitool.com\/products\/cutting\/files-and-rasps\/machinist-file-with-bi-material-handle\/#breadcrumb"},"inLanguage":"pt-PT","potentialAction":[{"@type":"ReadAction","target":["https:\/\/chemitool.com\/products\/cutting\/files-and-rasps\/machinist-file-with-bi-material-handle\/"]}]},{"@type":"BreadcrumbList","@id":"https:\/\/chemitool.com\/products\/cutting\/files-and-rasps\/machinist-file-with-bi-material-handle\/#breadcrumb","itemListElement":[{"@type":"ListItem","position":1,"name":"Home","item":"https:\/\/chemitool.com\/pt-pt\/"},{"@type":"ListItem","position":2,"name":"Produtos","item":"https:\/\/chemitool.com\/pt-pt\/produtos\/"},{"@type":"ListItem","position":3,"name":"Cutting","item":"https:\/\/chemitool.com\/product-category\/cutting\/"},{"@type":"ListItem","position":4,"name":"LIMA MEC\u00c2NICA COM PUNHO BIMAT\u00c9RIA"}]}]}},"_links":{"self":[{"href":"https:\/\/chemitool.com\/pt-pt\/wp-json\/wp\/v2\/product\/43521"}],"collection":[{"href":"https:\/\/chemitool.com\/pt-pt\/wp-json\/wp\/v2\/product"}],"about":[{"href":"https:\/\/chemitool.com\/pt-pt\/wp-json\/wp\/v2\/types\/product"}],"wp:featuredmedia":[{"embeddable":true,"href":"https:\/\/chemitool.com\/pt-pt\/wp-json\/wp\/v2\/media\/43486"}],"wp:attachment":[{"href":"https:\/\/chemitool.com\/pt-pt\/wp-json\/wp\/v2\/media?parent=43521"}],"wp:term":[{"taxonomy":"product_cat","embeddable":true,"href":"https:\/\/chemitool.com\/pt-pt\/wp-json\/wp\/v2\/product_cat?post=43521"},{"taxonomy":"product_tag","embeddable":true,"href":"https:\/\/chemitool.com\/pt-pt\/wp-json\/wp\/v2\/product_tag?post=43521"}],"curies":[{"name":"wp","href":"https:\/\/api.w.org\/{rel}","templated":true}]}}