{"id":43271,"date":"2025-09-18T15:47:41","date_gmt":"2025-09-18T15:47:43","guid":{"rendered":"https:\/\/chemitool.com\/?post_type=product&#038;p=43271"},"modified":"2025-09-19T16:29:52","modified_gmt":"2025-09-19T16:29:52","slug":"chemiclean-sabonete-liquido","status":"publish","type":"product","link":"https:\/\/chemitool.com\/pt-pt\/products\/chemicals\/limpeza-e-manutencao\/higiene-de-maos\/chemiclean-sabonete-liquido\/","title":{"rendered":"CHEMICLEAN SABONETE L\u00cdQUIDO"},"content":{"rendered":"<p><strong>VANTAGENS<\/strong><\/p>\n<ul>\n<li>Alto poder de limpeza<\/li>\n<li>Cor perola<\/li>\n<li>Perfume suave<\/li>\n<li>pH neutro<\/li>\n<\/ul>\n","protected":false},"excerpt":{"rendered":"<p><b class=\"sap-label\">SAP:<\/b> <span class=\"codesap-label\">CH24000010<\/span><\/p>\n<p><em>Sabonete L\u00edquido CHEMICLEAN<\/em> \u00e9 um produto de limpeza de m\u00e3os suave, formulado para higienizar a pele, deixando-a limpa e hidratada. Esta f\u00f3rmula assegura a elimina\u00e7\u00e3o da gordura e da sujidade, deixando uma fragr\u00e2ncia agrad\u00e1vel que desaparece rapidamente das m\u00e3os ap\u00f3s a lavagem.<\/p>\n","protected":false},"featured_media":43376,"template":"","meta":[],"product_cat":[109,1556,4232],"product_tag":[4819,5387],"yoast_head":"<!-- This site is optimized with the Yoast SEO plugin v17.4 - https:\/\/yoast.com\/wordpress\/plugins\/seo\/ -->\n<title>CHEMICLEAN SABONETE L\u00cdQUIDO &ndash; Chemitool<\/title>\n<meta name=\"description\" content=\"SAP: CH24000010  Sabonete L\u00edquido CHEMICLEAN \u00e9 um produto de limpeza de m\u00e3os suave, formulado para higienizar a pele, deixando-a limpa e hidratada. Esta f\u00f3rmula assegura a elimina\u00e7\u00e3o da gordura e da sujidade, deixando uma fragr\u00e2ncia agrad\u00e1vel que desaparece rapidamente das m\u00e3os ap\u00f3s a lavagem.\" \/>\n<meta name=\"robots\" content=\"index, follow, max-snippet:-1, max-image-preview:large, max-video-preview:-1\" \/>\n<link rel=\"canonical\" href=\"https:\/\/chemitool.com\/pt-pt\/products\/chemicals\/limpeza-e-manutencao\/higiene-de-maos\/chemiclean-sabonete-liquido\/\" \/>\n<meta property=\"og:locale\" content=\"pt_PT\" \/>\n<meta property=\"og:type\" content=\"article\" \/>\n<meta property=\"og:title\" content=\"CHEMICLEAN SABONETE L\u00cdQUIDO &ndash; Chemitool\" \/>\n<meta property=\"og:description\" content=\"SAP: CH24000010  Sabonete L\u00edquido CHEMICLEAN \u00e9 um produto de limpeza de m\u00e3os suave, formulado para higienizar a pele, deixando-a limpa e hidratada. Esta f\u00f3rmula assegura a elimina\u00e7\u00e3o da gordura e da sujidade, deixando uma fragr\u00e2ncia agrad\u00e1vel que desaparece rapidamente das m\u00e3os ap\u00f3s a lavagem.\" \/>\n<meta property=\"og:url\" content=\"https:\/\/chemitool.com\/pt-pt\/products\/chemicals\/limpeza-e-manutencao\/higiene-de-maos\/chemiclean-sabonete-liquido\/\" \/>\n<meta property=\"og:site_name\" content=\"Chemitool\" \/>\n<meta property=\"article:publisher\" content=\"https:\/\/www.facebook.com\/chemitool\" \/>\n<meta property=\"article:modified_time\" content=\"2025-09-19T16:29:52+00:00\" \/>\n<meta property=\"og:image\" content=\"https:\/\/chemitool.com\/wp-content\/uploads\/2025\/09\/CH24000010_1_WEB.png\" \/>\n\t<meta property=\"og:image:width\" content=\"800\" \/>\n\t<meta property=\"og:image:height\" content=\"800\" \/>\n<meta name=\"twitter:card\" content=\"summary_large_image\" \/>\n<script type=\"application\/ld+json\" class=\"yoast-schema-graph\">{\"@context\":\"https:\/\/schema.org\",\"@graph\":[{\"@type\":\"Organization\",\"@id\":\"https:\/\/chemitool.com\/#organization\",\"name\":\"Chemitool\",\"url\":\"https:\/\/chemitool.com\/\",\"sameAs\":[\"https:\/\/www.facebook.com\/chemitool\",\"https:\/\/www.instagram.com\/chemitool\/\"],\"logo\":{\"@type\":\"ImageObject\",\"@id\":\"https:\/\/chemitool.com\/#logo\",\"inLanguage\":\"pt-PT\",\"url\":\"https:\/\/chemitool.com\/wp-content\/uploads\/2020\/10\/logo_chemitool.png\",\"contentUrl\":\"https:\/\/chemitool.com\/wp-content\/uploads\/2020\/10\/logo_chemitool.png\",\"width\":400,\"height\":400,\"caption\":\"Chemitool\"},\"image\":{\"@id\":\"https:\/\/chemitool.com\/#logo\"}},{\"@type\":\"WebSite\",\"@id\":\"https:\/\/chemitool.com\/#website\",\"url\":\"https:\/\/chemitool.com\/\",\"name\":\"Chemitool\",\"description\":\"Chemitool - hardware and tools\",\"publisher\":{\"@id\":\"https:\/\/chemitool.com\/#organization\"},\"potentialAction\":[{\"@type\":\"SearchAction\",\"target\":{\"@type\":\"EntryPoint\",\"urlTemplate\":\"https:\/\/chemitool.com\/?s={search_term_string}\"},\"query-input\":\"required name=search_term_string\"}],\"inLanguage\":\"pt-PT\"},{\"@type\":\"ImageObject\",\"@id\":\"https:\/\/chemitool.com\/pt-pt\/products\/chemicals\/limpeza-e-manutencao\/higiene-de-maos\/chemiclean-sabonete-liquido\/#primaryimage\",\"inLanguage\":\"pt-PT\",\"url\":\"https:\/\/chemitool.com\/wp-content\/uploads\/2025\/09\/CH24000010_1_WEB.png\",\"contentUrl\":\"https:\/\/chemitool.com\/wp-content\/uploads\/2025\/09\/CH24000010_1_WEB.png\",\"width\":800,\"height\":800},{\"@type\":\"WebPage\",\"@id\":\"https:\/\/chemitool.com\/pt-pt\/products\/chemicals\/limpeza-e-manutencao\/higiene-de-maos\/chemiclean-sabonete-liquido\/#webpage\",\"url\":\"https:\/\/chemitool.com\/pt-pt\/products\/chemicals\/limpeza-e-manutencao\/higiene-de-maos\/chemiclean-sabonete-liquido\/\",\"name\":\"CHEMICLEAN SABONETE L\\u00cdQUIDO &ndash; Chemitool\",\"isPartOf\":{\"@id\":\"https:\/\/chemitool.com\/#website\"},\"primaryImageOfPage\":{\"@id\":\"https:\/\/chemitool.com\/pt-pt\/products\/chemicals\/limpeza-e-manutencao\/higiene-de-maos\/chemiclean-sabonete-liquido\/#primaryimage\"},\"datePublished\":\"2025-09-18T15:47:43+00:00\",\"dateModified\":\"2025-09-19T16:29:52+00:00\",\"description\":\"SAP: CH24000010 Sabonete L\\u00edquido CHEMICLEAN \\u00e9 um produto de limpeza de m\\u00e3os suave, formulado para higienizar a pele, deixando-a limpa e hidratada. Esta f\\u00f3rmula assegura a elimina\\u00e7\\u00e3o da gordura e da sujidade, deixando uma fragr\\u00e2ncia agrad\\u00e1vel que desaparece rapidamente das m\\u00e3os ap\\u00f3s a lavagem.\",\"breadcrumb\":{\"@id\":\"https:\/\/chemitool.com\/pt-pt\/products\/chemicals\/limpeza-e-manutencao\/higiene-de-maos\/chemiclean-sabonete-liquido\/#breadcrumb\"},\"inLanguage\":\"pt-PT\",\"potentialAction\":[{\"@type\":\"ReadAction\",\"target\":[\"https:\/\/chemitool.com\/pt-pt\/products\/chemicals\/limpeza-e-manutencao\/higiene-de-maos\/chemiclean-sabonete-liquido\/\"]}]},{\"@type\":\"BreadcrumbList\",\"@id\":\"https:\/\/chemitool.com\/pt-pt\/products\/chemicals\/limpeza-e-manutencao\/higiene-de-maos\/chemiclean-sabonete-liquido\/#breadcrumb\",\"itemListElement\":[{\"@type\":\"ListItem\",\"position\":1,\"name\":\"Home\",\"item\":\"https:\/\/chemitool.com\/pt-pt\/\"},{\"@type\":\"ListItem\",\"position\":2,\"name\":\"Produtos\",\"item\":\"https:\/\/chemitool.com\/pt-pt\/produtos\/\"},{\"@type\":\"ListItem\",\"position\":3,\"name\":\"Chemicals\",\"item\":\"https:\/\/chemitool.com\/product-category\/chemical-products\/\"},{\"@type\":\"ListItem\",\"position\":4,\"name\":\"CHEMICLEAN SABONETE L\\u00cdQUIDO\"}]}]}<\/script>\n<!-- \/ Yoast SEO plugin. -->","yoast_head_json":{"title":"CHEMICLEAN SABONETE L\u00cdQUIDO &ndash; Chemitool","description":"SAP: CH24000010  Sabonete L\u00edquido CHEMICLEAN \u00e9 um produto de limpeza de m\u00e3os suave, formulado para higienizar a pele, deixando-a limpa e hidratada. Esta f\u00f3rmula assegura a elimina\u00e7\u00e3o da gordura e da sujidade, deixando uma fragr\u00e2ncia agrad\u00e1vel que desaparece rapidamente das m\u00e3os ap\u00f3s a lavagem.","robots":{"index":"index","follow":"follow","max-snippet":"max-snippet:-1","max-image-preview":"max-image-preview:large","max-video-preview":"max-video-preview:-1"},"canonical":"https:\/\/chemitool.com\/pt-pt\/products\/chemicals\/limpeza-e-manutencao\/higiene-de-maos\/chemiclean-sabonete-liquido\/","og_locale":"pt_PT","og_type":"article","og_title":"CHEMICLEAN SABONETE L\u00cdQUIDO &ndash; Chemitool","og_description":"SAP: CH24000010  Sabonete L\u00edquido CHEMICLEAN \u00e9 um produto de limpeza de m\u00e3os suave, formulado para higienizar a pele, deixando-a limpa e hidratada. Esta f\u00f3rmula assegura a elimina\u00e7\u00e3o da gordura e da sujidade, deixando uma fragr\u00e2ncia agrad\u00e1vel que desaparece rapidamente das m\u00e3os ap\u00f3s a lavagem.","og_url":"https:\/\/chemitool.com\/pt-pt\/products\/chemicals\/limpeza-e-manutencao\/higiene-de-maos\/chemiclean-sabonete-liquido\/","og_site_name":"Chemitool","article_publisher":"https:\/\/www.facebook.com\/chemitool","article_modified_time":"2025-09-19T16:29:52+00:00","og_image":[{"width":800,"height":800,"url":"https:\/\/chemitool.com\/wp-content\/uploads\/2025\/09\/CH24000010_1_WEB.png","type":"image\/png"}],"twitter_card":"summary_large_image","schema":{"@context":"https:\/\/schema.org","@graph":[{"@type":"Organization","@id":"https:\/\/chemitool.com\/#organization","name":"Chemitool","url":"https:\/\/chemitool.com\/","sameAs":["https:\/\/www.facebook.com\/chemitool","https:\/\/www.instagram.com\/chemitool\/"],"logo":{"@type":"ImageObject","@id":"https:\/\/chemitool.com\/#logo","inLanguage":"pt-PT","url":"https:\/\/chemitool.com\/wp-content\/uploads\/2020\/10\/logo_chemitool.png","contentUrl":"https:\/\/chemitool.com\/wp-content\/uploads\/2020\/10\/logo_chemitool.png","width":400,"height":400,"caption":"Chemitool"},"image":{"@id":"https:\/\/chemitool.com\/#logo"}},{"@type":"WebSite","@id":"https:\/\/chemitool.com\/#website","url":"https:\/\/chemitool.com\/","name":"Chemitool","description":"Chemitool - hardware and tools","publisher":{"@id":"https:\/\/chemitool.com\/#organization"},"potentialAction":[{"@type":"SearchAction","target":{"@type":"EntryPoint","urlTemplate":"https:\/\/chemitool.com\/?s={search_term_string}"},"query-input":"required name=search_term_string"}],"inLanguage":"pt-PT"},{"@type":"ImageObject","@id":"https:\/\/chemitool.com\/pt-pt\/products\/chemicals\/limpeza-e-manutencao\/higiene-de-maos\/chemiclean-sabonete-liquido\/#primaryimage","inLanguage":"pt-PT","url":"https:\/\/chemitool.com\/wp-content\/uploads\/2025\/09\/CH24000010_1_WEB.png","contentUrl":"https:\/\/chemitool.com\/wp-content\/uploads\/2025\/09\/CH24000010_1_WEB.png","width":800,"height":800},{"@type":"WebPage","@id":"https:\/\/chemitool.com\/pt-pt\/products\/chemicals\/limpeza-e-manutencao\/higiene-de-maos\/chemiclean-sabonete-liquido\/#webpage","url":"https:\/\/chemitool.com\/pt-pt\/products\/chemicals\/limpeza-e-manutencao\/higiene-de-maos\/chemiclean-sabonete-liquido\/","name":"CHEMICLEAN SABONETE L\u00cdQUIDO &ndash; Chemitool","isPartOf":{"@id":"https:\/\/chemitool.com\/#website"},"primaryImageOfPage":{"@id":"https:\/\/chemitool.com\/pt-pt\/products\/chemicals\/limpeza-e-manutencao\/higiene-de-maos\/chemiclean-sabonete-liquido\/#primaryimage"},"datePublished":"2025-09-18T15:47:43+00:00","dateModified":"2025-09-19T16:29:52+00:00","description":"SAP: CH24000010 Sabonete L\u00edquido CHEMICLEAN \u00e9 um produto de limpeza de m\u00e3os suave, formulado para higienizar a pele, deixando-a limpa e hidratada. Esta f\u00f3rmula assegura a elimina\u00e7\u00e3o da gordura e da sujidade, deixando uma fragr\u00e2ncia agrad\u00e1vel que desaparece rapidamente das m\u00e3os ap\u00f3s a lavagem.","breadcrumb":{"@id":"https:\/\/chemitool.com\/pt-pt\/products\/chemicals\/limpeza-e-manutencao\/higiene-de-maos\/chemiclean-sabonete-liquido\/#breadcrumb"},"inLanguage":"pt-PT","potentialAction":[{"@type":"ReadAction","target":["https:\/\/chemitool.com\/pt-pt\/products\/chemicals\/limpeza-e-manutencao\/higiene-de-maos\/chemiclean-sabonete-liquido\/"]}]},{"@type":"BreadcrumbList","@id":"https:\/\/chemitool.com\/pt-pt\/products\/chemicals\/limpeza-e-manutencao\/higiene-de-maos\/chemiclean-sabonete-liquido\/#breadcrumb","itemListElement":[{"@type":"ListItem","position":1,"name":"Home","item":"https:\/\/chemitool.com\/pt-pt\/"},{"@type":"ListItem","position":2,"name":"Produtos","item":"https:\/\/chemitool.com\/pt-pt\/produtos\/"},{"@type":"ListItem","position":3,"name":"Chemicals","item":"https:\/\/chemitool.com\/product-category\/chemical-products\/"},{"@type":"ListItem","position":4,"name":"CHEMICLEAN SABONETE L\u00cdQUIDO"}]}]}},"_links":{"self":[{"href":"https:\/\/chemitool.com\/pt-pt\/wp-json\/wp\/v2\/product\/43271"}],"collection":[{"href":"https:\/\/chemitool.com\/pt-pt\/wp-json\/wp\/v2\/product"}],"about":[{"href":"https:\/\/chemitool.com\/pt-pt\/wp-json\/wp\/v2\/types\/product"}],"wp:featuredmedia":[{"embeddable":true,"href":"https:\/\/chemitool.com\/pt-pt\/wp-json\/wp\/v2\/media\/43376"}],"wp:attachment":[{"href":"https:\/\/chemitool.com\/pt-pt\/wp-json\/wp\/v2\/media?parent=43271"}],"wp:term":[{"taxonomy":"product_cat","embeddable":true,"href":"https:\/\/chemitool.com\/pt-pt\/wp-json\/wp\/v2\/product_cat?post=43271"},{"taxonomy":"product_tag","embeddable":true,"href":"https:\/\/chemitool.com\/pt-pt\/wp-json\/wp\/v2\/product_tag?post=43271"}],"curies":[{"name":"wp","href":"https:\/\/api.w.org\/{rel}","templated":true}]}}