{"id":42524,"date":"2025-07-02T16:38:59","date_gmt":"2025-07-02T16:38:59","guid":{"rendered":"https:\/\/chemitool.com\/?post_type=product&#038;p=42524"},"modified":"2025-07-02T16:58:39","modified_gmt":"2025-07-02T16:58:39","slug":"sapatilha-de-seguranca-sebring-s1ps-sr-fo-hro-esd-preto-cinzento","status":"publish","type":"product","link":"https:\/\/chemitool.com\/pt-pt\/products\/safety\/calcado-de-seguranca\/sapatilhas\/sebring-pt\/sapatilha-de-seguranca-sebring-s1ps-sr-fo-hro-esd-preto-cinzento\/","title":{"rendered":"SAPATILHA DE SEGURAN\u00c7A SEBRING S1PS SR FO HRO ESD &#8211; Preto\/Cinzento"},"content":{"rendered":"<ul>\n<li>Biqueira em fibra de vidro<\/li>\n<li>Palmilha antiperfura\u00e7\u00e3o n\u00e3o met\u00e1lica<\/li>\n<li>Sola antiest\u00e1tica com absor\u00e7\u00e3o de impacto no calcanhar<\/li>\n<li>Sola resistente a \u00f3leos e hidrocarbonetos<\/li>\n<li>Sola HRO \u2013 resistente ao calor por contacto at\u00e9 300\u00baC<\/li>\n<\/ul>\n<p><img class=\"alignnone size-full wp-image-42360\" src=\"https:\/\/chemitool.com\/wp-content\/uploads\/2025\/07\/Artboard-1-copy-73.png\" alt=\"\" width=\"105\" height=\"119\" \/><\/p>\n","protected":false},"excerpt":{"rendered":"<p>A<em> Sapatilha de Seguran\u00e7a SEBRING S1PS SR FO HRO ESD CHEMITOOL<\/em>, \u00e9 uma das mais leves do mercado, ideal para longos turnos. A biqueira em fibra de vidro e a palmilha antiperfura\u00e7\u00e3o ultraleve, n\u00e3o met\u00e1lica, garantem m\u00e1xima seguran\u00e7a contra perfura\u00e7\u00f5es de objetos com di\u00e2metro igual ou superior a 3 mm. A parte superior \u00e9 feita de tecido respir\u00e1vel com refor\u00e7os em TPU, oferecendo maior flexibilidade e ventila\u00e7\u00e3o cont\u00ednua. A palmilha ergon\u00f3mica proporciona apoio ao metatarso e ao arco longitudinal, aliviando a press\u00e3o e diminuindo a fadiga, ao mesmo tempo que absorve a transpira\u00e7\u00e3o e mant\u00e9m os p\u00e9s secos. A sola em EVA e borracha assegura excelente ader\u00eancia e absor\u00e7\u00e3o de impactos.<\/p>\n","protected":false},"featured_media":42477,"template":"","meta":[],"product_cat":[5333,1453,3035,4286],"product_tag":[],"yoast_head":"<!-- This site is optimized with the Yoast SEO plugin v17.4 - https:\/\/yoast.com\/wordpress\/plugins\/seo\/ -->\n<title>SAPATILHA DE SEGURAN\u00c7A SEBRING S1PS SR FO HRO ESD - Preto\/Cinzento &ndash; Chemitool<\/title>\n<meta name=\"description\" content=\"A Sapatilha de Seguran\u00e7a SEBRING S1PS SR FO HRO ESD CHEMITOOL, \u00e9 uma das mais leves do mercado, ideal para longos turnos. A biqueira em fibra de vidro e a palmilha antiperfura\u00e7\u00e3o ultraleve, n\u00e3o met\u00e1lica, garantem m\u00e1xima seguran\u00e7a contra perfura\u00e7\u00f5es de objetos com di\u00e2metro igual ou superior a 3 mm. A parte superior \u00e9 feita de tecido respir\u00e1vel com refor\u00e7os em TPU, oferecendo maior flexibilidade e ventila\u00e7\u00e3o cont\u00ednua. A palmilha ergon\u00f3mica proporciona apoio ao metatarso e ao arco longitudinal, aliviando a press\u00e3o e diminuindo a fadiga, ao mesmo tempo que absorve a transpira\u00e7\u00e3o e mant\u00e9m os p\u00e9s secos. A sola em EVA e borracha assegura excelente ader\u00eancia e absor\u00e7\u00e3o de impactos.\" \/>\n<meta name=\"robots\" content=\"index, follow, max-snippet:-1, max-image-preview:large, max-video-preview:-1\" \/>\n<link rel=\"canonical\" href=\"https:\/\/chemitool.com\/pt-pt\/products\/safety\/calcado-de-seguranca\/sapatilhas\/sebring-pt\/sapatilha-de-seguranca-sebring-s1ps-sr-fo-hro-esd-preto-cinzento\/\" \/>\n<meta property=\"og:locale\" content=\"pt_PT\" \/>\n<meta property=\"og:type\" content=\"article\" \/>\n<meta property=\"og:title\" content=\"SAPATILHA DE SEGURAN\u00c7A SEBRING S1PS SR FO HRO ESD - Preto\/Cinzento &ndash; Chemitool\" \/>\n<meta property=\"og:description\" content=\"A Sapatilha de Seguran\u00e7a SEBRING S1PS SR FO HRO ESD CHEMITOOL, \u00e9 uma das mais leves do mercado, ideal para longos turnos. A biqueira em fibra de vidro e a palmilha antiperfura\u00e7\u00e3o ultraleve, n\u00e3o met\u00e1lica, garantem m\u00e1xima seguran\u00e7a contra perfura\u00e7\u00f5es de objetos com di\u00e2metro igual ou superior a 3 mm. A parte superior \u00e9 feita de tecido respir\u00e1vel com refor\u00e7os em TPU, oferecendo maior flexibilidade e ventila\u00e7\u00e3o cont\u00ednua. A palmilha ergon\u00f3mica proporciona apoio ao metatarso e ao arco longitudinal, aliviando a press\u00e3o e diminuindo a fadiga, ao mesmo tempo que absorve a transpira\u00e7\u00e3o e mant\u00e9m os p\u00e9s secos. A sola em EVA e borracha assegura excelente ader\u00eancia e absor\u00e7\u00e3o de impactos.\" \/>\n<meta property=\"og:url\" content=\"https:\/\/chemitool.com\/pt-pt\/products\/safety\/calcado-de-seguranca\/sapatilhas\/sebring-pt\/sapatilha-de-seguranca-sebring-s1ps-sr-fo-hro-esd-preto-cinzento\/\" \/>\n<meta property=\"og:site_name\" content=\"Chemitool\" \/>\n<meta property=\"article:publisher\" content=\"https:\/\/www.facebook.com\/chemitool\" \/>\n<meta property=\"article:modified_time\" content=\"2025-07-02T16:58:39+00:00\" \/>\n<meta property=\"og:image\" content=\"https:\/\/chemitool.com\/wp-content\/uploads\/2025\/07\/CHS01060700_1_WEB.png\" \/>\n\t<meta property=\"og:image:width\" content=\"800\" \/>\n\t<meta property=\"og:image:height\" content=\"800\" \/>\n<meta name=\"twitter:card\" content=\"summary_large_image\" \/>\n<script type=\"application\/ld+json\" class=\"yoast-schema-graph\">{\"@context\":\"https:\/\/schema.org\",\"@graph\":[{\"@type\":\"Organization\",\"@id\":\"https:\/\/chemitool.com\/#organization\",\"name\":\"Chemitool\",\"url\":\"https:\/\/chemitool.com\/\",\"sameAs\":[\"https:\/\/www.facebook.com\/chemitool\",\"https:\/\/www.instagram.com\/chemitool\/\"],\"logo\":{\"@type\":\"ImageObject\",\"@id\":\"https:\/\/chemitool.com\/#logo\",\"inLanguage\":\"pt-PT\",\"url\":\"https:\/\/chemitool.com\/wp-content\/uploads\/2020\/10\/logo_chemitool.png\",\"contentUrl\":\"https:\/\/chemitool.com\/wp-content\/uploads\/2020\/10\/logo_chemitool.png\",\"width\":400,\"height\":400,\"caption\":\"Chemitool\"},\"image\":{\"@id\":\"https:\/\/chemitool.com\/#logo\"}},{\"@type\":\"WebSite\",\"@id\":\"https:\/\/chemitool.com\/#website\",\"url\":\"https:\/\/chemitool.com\/\",\"name\":\"Chemitool\",\"description\":\"Chemitool - hardware and tools\",\"publisher\":{\"@id\":\"https:\/\/chemitool.com\/#organization\"},\"potentialAction\":[{\"@type\":\"SearchAction\",\"target\":{\"@type\":\"EntryPoint\",\"urlTemplate\":\"https:\/\/chemitool.com\/?s={search_term_string}\"},\"query-input\":\"required name=search_term_string\"}],\"inLanguage\":\"pt-PT\"},{\"@type\":\"ImageObject\",\"@id\":\"https:\/\/chemitool.com\/pt-pt\/products\/safety\/calcado-de-seguranca\/sapatilhas\/sebring-pt\/sapatilha-de-seguranca-sebring-s1ps-sr-fo-hro-esd-preto-cinzento\/#primaryimage\",\"inLanguage\":\"pt-PT\",\"url\":\"https:\/\/chemitool.com\/wp-content\/uploads\/2025\/07\/CHS01060700_1_WEB.png\",\"contentUrl\":\"https:\/\/chemitool.com\/wp-content\/uploads\/2025\/07\/CHS01060700_1_WEB.png\",\"width\":800,\"height\":800},{\"@type\":\"WebPage\",\"@id\":\"https:\/\/chemitool.com\/pt-pt\/products\/safety\/calcado-de-seguranca\/sapatilhas\/sebring-pt\/sapatilha-de-seguranca-sebring-s1ps-sr-fo-hro-esd-preto-cinzento\/#webpage\",\"url\":\"https:\/\/chemitool.com\/pt-pt\/products\/safety\/calcado-de-seguranca\/sapatilhas\/sebring-pt\/sapatilha-de-seguranca-sebring-s1ps-sr-fo-hro-esd-preto-cinzento\/\",\"name\":\"SAPATILHA DE SEGURAN\\u00c7A SEBRING S1PS SR FO HRO ESD - Preto\/Cinzento &ndash; Chemitool\",\"isPartOf\":{\"@id\":\"https:\/\/chemitool.com\/#website\"},\"primaryImageOfPage\":{\"@id\":\"https:\/\/chemitool.com\/pt-pt\/products\/safety\/calcado-de-seguranca\/sapatilhas\/sebring-pt\/sapatilha-de-seguranca-sebring-s1ps-sr-fo-hro-esd-preto-cinzento\/#primaryimage\"},\"datePublished\":\"2025-07-02T16:38:59+00:00\",\"dateModified\":\"2025-07-02T16:58:39+00:00\",\"description\":\"A Sapatilha de Seguran\\u00e7a SEBRING S1PS SR FO HRO ESD CHEMITOOL, \\u00e9 uma das mais leves do mercado, ideal para longos turnos. A biqueira em fibra de vidro e a palmilha antiperfura\\u00e7\\u00e3o ultraleve, n\\u00e3o met\\u00e1lica, garantem m\\u00e1xima seguran\\u00e7a contra perfura\\u00e7\\u00f5es de objetos com di\\u00e2metro igual ou superior a 3 mm. A parte superior \\u00e9 feita de tecido respir\\u00e1vel com refor\\u00e7os em TPU, oferecendo maior flexibilidade e ventila\\u00e7\\u00e3o cont\\u00ednua. A palmilha ergon\\u00f3mica proporciona apoio ao metatarso e ao arco longitudinal, aliviando a press\\u00e3o e diminuindo a fadiga, ao mesmo tempo que absorve a transpira\\u00e7\\u00e3o e mant\\u00e9m os p\\u00e9s secos. A sola em EVA e borracha assegura excelente ader\\u00eancia e absor\\u00e7\\u00e3o de impactos.\",\"breadcrumb\":{\"@id\":\"https:\/\/chemitool.com\/pt-pt\/products\/safety\/calcado-de-seguranca\/sapatilhas\/sebring-pt\/sapatilha-de-seguranca-sebring-s1ps-sr-fo-hro-esd-preto-cinzento\/#breadcrumb\"},\"inLanguage\":\"pt-PT\",\"potentialAction\":[{\"@type\":\"ReadAction\",\"target\":[\"https:\/\/chemitool.com\/pt-pt\/products\/safety\/calcado-de-seguranca\/sapatilhas\/sebring-pt\/sapatilha-de-seguranca-sebring-s1ps-sr-fo-hro-esd-preto-cinzento\/\"]}]},{\"@type\":\"BreadcrumbList\",\"@id\":\"https:\/\/chemitool.com\/pt-pt\/products\/safety\/calcado-de-seguranca\/sapatilhas\/sebring-pt\/sapatilha-de-seguranca-sebring-s1ps-sr-fo-hro-esd-preto-cinzento\/#breadcrumb\",\"itemListElement\":[{\"@type\":\"ListItem\",\"position\":1,\"name\":\"Home\",\"item\":\"https:\/\/chemitool.com\/pt-pt\/\"},{\"@type\":\"ListItem\",\"position\":2,\"name\":\"Produtos\",\"item\":\"https:\/\/chemitool.com\/pt-pt\/produtos\/\"},{\"@type\":\"ListItem\",\"position\":3,\"name\":\"Safety\",\"item\":\"https:\/\/chemitool.com\/product-category\/safety\/\"},{\"@type\":\"ListItem\",\"position\":4,\"name\":\"SAPATILHA DE SEGURAN\\u00c7A SEBRING S1PS SR FO HRO ESD &#8211; Preto\/Cinzento\"}]}]}<\/script>\n<!-- \/ Yoast SEO plugin. -->","yoast_head_json":{"title":"SAPATILHA DE SEGURAN\u00c7A SEBRING S1PS SR FO HRO ESD - Preto\/Cinzento &ndash; Chemitool","description":"A Sapatilha de Seguran\u00e7a SEBRING S1PS SR FO HRO ESD CHEMITOOL, \u00e9 uma das mais leves do mercado, ideal para longos turnos. A biqueira em fibra de vidro e a palmilha antiperfura\u00e7\u00e3o ultraleve, n\u00e3o met\u00e1lica, garantem m\u00e1xima seguran\u00e7a contra perfura\u00e7\u00f5es de objetos com di\u00e2metro igual ou superior a 3 mm. A parte superior \u00e9 feita de tecido respir\u00e1vel com refor\u00e7os em TPU, oferecendo maior flexibilidade e ventila\u00e7\u00e3o cont\u00ednua. A palmilha ergon\u00f3mica proporciona apoio ao metatarso e ao arco longitudinal, aliviando a press\u00e3o e diminuindo a fadiga, ao mesmo tempo que absorve a transpira\u00e7\u00e3o e mant\u00e9m os p\u00e9s secos. A sola em EVA e borracha assegura excelente ader\u00eancia e absor\u00e7\u00e3o de impactos.","robots":{"index":"index","follow":"follow","max-snippet":"max-snippet:-1","max-image-preview":"max-image-preview:large","max-video-preview":"max-video-preview:-1"},"canonical":"https:\/\/chemitool.com\/pt-pt\/products\/safety\/calcado-de-seguranca\/sapatilhas\/sebring-pt\/sapatilha-de-seguranca-sebring-s1ps-sr-fo-hro-esd-preto-cinzento\/","og_locale":"pt_PT","og_type":"article","og_title":"SAPATILHA DE SEGURAN\u00c7A SEBRING S1PS SR FO HRO ESD - Preto\/Cinzento &ndash; Chemitool","og_description":"A Sapatilha de Seguran\u00e7a SEBRING S1PS SR FO HRO ESD CHEMITOOL, \u00e9 uma das mais leves do mercado, ideal para longos turnos. A biqueira em fibra de vidro e a palmilha antiperfura\u00e7\u00e3o ultraleve, n\u00e3o met\u00e1lica, garantem m\u00e1xima seguran\u00e7a contra perfura\u00e7\u00f5es de objetos com di\u00e2metro igual ou superior a 3 mm. A parte superior \u00e9 feita de tecido respir\u00e1vel com refor\u00e7os em TPU, oferecendo maior flexibilidade e ventila\u00e7\u00e3o cont\u00ednua. A palmilha ergon\u00f3mica proporciona apoio ao metatarso e ao arco longitudinal, aliviando a press\u00e3o e diminuindo a fadiga, ao mesmo tempo que absorve a transpira\u00e7\u00e3o e mant\u00e9m os p\u00e9s secos. A sola em EVA e borracha assegura excelente ader\u00eancia e absor\u00e7\u00e3o de impactos.","og_url":"https:\/\/chemitool.com\/pt-pt\/products\/safety\/calcado-de-seguranca\/sapatilhas\/sebring-pt\/sapatilha-de-seguranca-sebring-s1ps-sr-fo-hro-esd-preto-cinzento\/","og_site_name":"Chemitool","article_publisher":"https:\/\/www.facebook.com\/chemitool","article_modified_time":"2025-07-02T16:58:39+00:00","og_image":[{"width":800,"height":800,"url":"https:\/\/chemitool.com\/wp-content\/uploads\/2025\/07\/CHS01060700_1_WEB.png","type":"image\/png"}],"twitter_card":"summary_large_image","schema":{"@context":"https:\/\/schema.org","@graph":[{"@type":"Organization","@id":"https:\/\/chemitool.com\/#organization","name":"Chemitool","url":"https:\/\/chemitool.com\/","sameAs":["https:\/\/www.facebook.com\/chemitool","https:\/\/www.instagram.com\/chemitool\/"],"logo":{"@type":"ImageObject","@id":"https:\/\/chemitool.com\/#logo","inLanguage":"pt-PT","url":"https:\/\/chemitool.com\/wp-content\/uploads\/2020\/10\/logo_chemitool.png","contentUrl":"https:\/\/chemitool.com\/wp-content\/uploads\/2020\/10\/logo_chemitool.png","width":400,"height":400,"caption":"Chemitool"},"image":{"@id":"https:\/\/chemitool.com\/#logo"}},{"@type":"WebSite","@id":"https:\/\/chemitool.com\/#website","url":"https:\/\/chemitool.com\/","name":"Chemitool","description":"Chemitool - hardware and tools","publisher":{"@id":"https:\/\/chemitool.com\/#organization"},"potentialAction":[{"@type":"SearchAction","target":{"@type":"EntryPoint","urlTemplate":"https:\/\/chemitool.com\/?s={search_term_string}"},"query-input":"required name=search_term_string"}],"inLanguage":"pt-PT"},{"@type":"ImageObject","@id":"https:\/\/chemitool.com\/pt-pt\/products\/safety\/calcado-de-seguranca\/sapatilhas\/sebring-pt\/sapatilha-de-seguranca-sebring-s1ps-sr-fo-hro-esd-preto-cinzento\/#primaryimage","inLanguage":"pt-PT","url":"https:\/\/chemitool.com\/wp-content\/uploads\/2025\/07\/CHS01060700_1_WEB.png","contentUrl":"https:\/\/chemitool.com\/wp-content\/uploads\/2025\/07\/CHS01060700_1_WEB.png","width":800,"height":800},{"@type":"WebPage","@id":"https:\/\/chemitool.com\/pt-pt\/products\/safety\/calcado-de-seguranca\/sapatilhas\/sebring-pt\/sapatilha-de-seguranca-sebring-s1ps-sr-fo-hro-esd-preto-cinzento\/#webpage","url":"https:\/\/chemitool.com\/pt-pt\/products\/safety\/calcado-de-seguranca\/sapatilhas\/sebring-pt\/sapatilha-de-seguranca-sebring-s1ps-sr-fo-hro-esd-preto-cinzento\/","name":"SAPATILHA DE SEGURAN\u00c7A SEBRING S1PS SR FO HRO ESD - Preto\/Cinzento &ndash; Chemitool","isPartOf":{"@id":"https:\/\/chemitool.com\/#website"},"primaryImageOfPage":{"@id":"https:\/\/chemitool.com\/pt-pt\/products\/safety\/calcado-de-seguranca\/sapatilhas\/sebring-pt\/sapatilha-de-seguranca-sebring-s1ps-sr-fo-hro-esd-preto-cinzento\/#primaryimage"},"datePublished":"2025-07-02T16:38:59+00:00","dateModified":"2025-07-02T16:58:39+00:00","description":"A Sapatilha de Seguran\u00e7a SEBRING S1PS SR FO HRO ESD CHEMITOOL, \u00e9 uma das mais leves do mercado, ideal para longos turnos. A biqueira em fibra de vidro e a palmilha antiperfura\u00e7\u00e3o ultraleve, n\u00e3o met\u00e1lica, garantem m\u00e1xima seguran\u00e7a contra perfura\u00e7\u00f5es de objetos com di\u00e2metro igual ou superior a 3 mm. A parte superior \u00e9 feita de tecido respir\u00e1vel com refor\u00e7os em TPU, oferecendo maior flexibilidade e ventila\u00e7\u00e3o cont\u00ednua. A palmilha ergon\u00f3mica proporciona apoio ao metatarso e ao arco longitudinal, aliviando a press\u00e3o e diminuindo a fadiga, ao mesmo tempo que absorve a transpira\u00e7\u00e3o e mant\u00e9m os p\u00e9s secos. A sola em EVA e borracha assegura excelente ader\u00eancia e absor\u00e7\u00e3o de impactos.","breadcrumb":{"@id":"https:\/\/chemitool.com\/pt-pt\/products\/safety\/calcado-de-seguranca\/sapatilhas\/sebring-pt\/sapatilha-de-seguranca-sebring-s1ps-sr-fo-hro-esd-preto-cinzento\/#breadcrumb"},"inLanguage":"pt-PT","potentialAction":[{"@type":"ReadAction","target":["https:\/\/chemitool.com\/pt-pt\/products\/safety\/calcado-de-seguranca\/sapatilhas\/sebring-pt\/sapatilha-de-seguranca-sebring-s1ps-sr-fo-hro-esd-preto-cinzento\/"]}]},{"@type":"BreadcrumbList","@id":"https:\/\/chemitool.com\/pt-pt\/products\/safety\/calcado-de-seguranca\/sapatilhas\/sebring-pt\/sapatilha-de-seguranca-sebring-s1ps-sr-fo-hro-esd-preto-cinzento\/#breadcrumb","itemListElement":[{"@type":"ListItem","position":1,"name":"Home","item":"https:\/\/chemitool.com\/pt-pt\/"},{"@type":"ListItem","position":2,"name":"Produtos","item":"https:\/\/chemitool.com\/pt-pt\/produtos\/"},{"@type":"ListItem","position":3,"name":"Safety","item":"https:\/\/chemitool.com\/product-category\/safety\/"},{"@type":"ListItem","position":4,"name":"SAPATILHA DE SEGURAN\u00c7A SEBRING S1PS SR FO HRO ESD &#8211; Preto\/Cinzento"}]}]}},"_links":{"self":[{"href":"https:\/\/chemitool.com\/pt-pt\/wp-json\/wp\/v2\/product\/42524"}],"collection":[{"href":"https:\/\/chemitool.com\/pt-pt\/wp-json\/wp\/v2\/product"}],"about":[{"href":"https:\/\/chemitool.com\/pt-pt\/wp-json\/wp\/v2\/types\/product"}],"wp:featuredmedia":[{"embeddable":true,"href":"https:\/\/chemitool.com\/pt-pt\/wp-json\/wp\/v2\/media\/42477"}],"wp:attachment":[{"href":"https:\/\/chemitool.com\/pt-pt\/wp-json\/wp\/v2\/media?parent=42524"}],"wp:term":[{"taxonomy":"product_cat","embeddable":true,"href":"https:\/\/chemitool.com\/pt-pt\/wp-json\/wp\/v2\/product_cat?post=42524"},{"taxonomy":"product_tag","embeddable":true,"href":"https:\/\/chemitool.com\/pt-pt\/wp-json\/wp\/v2\/product_tag?post=42524"}],"curies":[{"name":"wp","href":"https:\/\/api.w.org\/{rel}","templated":true}]}}