{"id":41957,"date":"2025-05-05T15:10:04","date_gmt":"2025-05-05T15:10:07","guid":{"rendered":"https:\/\/chemitool.com\/?post_type=product&#038;p=41957"},"modified":"2025-05-05T16:18:52","modified_gmt":"2025-05-05T16:18:52","slug":"aspirador-industrial-cyclone","status":"publish","type":"product","link":"https:\/\/chemitool.com\/pt-pt\/products\/tools\/aspiradores\/aspiradores-solidos-e-liquidos\/aspirador-industrial-cyclone\/","title":{"rendered":"ASPIRADOR INDUSTRIAL CYCLONE"},"content":{"rendered":"<ul>\n<li>Aspirador de s\u00f3lidos e l\u00edquidos<\/li>\n<li>Fun\u00e7\u00e3o soprador<\/li>\n<li>Sistema autom\u00e1tico de limpeza do filtro<\/li>\n<li>Motor eficiente e silencioso<\/li>\n<li>Sistema de filtragem triplo: saco de tecido classe M + separador CYCLONE + filtro HEPA classe M<\/li>\n<li>Tomada para liga\u00e7\u00e3o de ferramentas el\u00e9tricas<\/li>\n<li>Sistema syncro para liga\u00e7\u00e3o de ferramentas pneum\u00e1ticas<\/li>\n<li>Indicador luminoso de alerta para entupimento ou dep\u00f3sito cheio<\/li>\n<li>Sensor de monitoriza\u00e7\u00e3o de aspira\u00e7\u00e3o de l\u00edquidos<\/li>\n<\/ul>\n<p><strong>CAMPOS DE APLICA\u00c7\u00c3O<\/strong><\/p>\n<p>Constru\u00e7\u00e3o em geral:<\/p>\n<ul>\n<li>Carpintaria<\/li>\n<li>Gesso cartonado<\/li>\n<li>Limpeza de fins de obra<\/li>\n<\/ul>\n<p><strong>ACESS\u00d3RIOS INCLU\u00cdDOS<\/strong><\/p>\n<ul>\n<li>Mangueira de pl\u00e1stico<\/li>\n<li>Tubo de metal (2x)<\/li>\n<li>Filtro HEPA lav\u00e1vel<\/li>\n<li>Saco de tecido lav\u00e1vel<\/li>\n<li>Escova s\u00f3lidos e l\u00edquidos<\/li>\n<li>Bocal para fendas<\/li>\n<li>Escova redonda<\/li>\n<li>Adaptador para ferramentas<\/li>\n<\/ul>\n","protected":false},"excerpt":{"rendered":"<p><em>Aspirador Industrial Cyclone CHEMITOOL<\/em> com inovador sistema de limpeza que mant\u00e9m o desempenho durante a limpeza de p\u00f3 em \u00e1reas de constru\u00e7\u00e3o.<\/p>\n","protected":false},"featured_media":41971,"template":"","meta":[],"product_cat":[1455,2505,2553],"product_tag":[4678,4679,3710],"yoast_head":"<!-- This site is optimized with the Yoast SEO plugin v17.4 - https:\/\/yoast.com\/wordpress\/plugins\/seo\/ -->\n<title>ASPIRADOR INDUSTRIAL CYCLONE &ndash; Chemitool<\/title>\n<meta name=\"description\" content=\"Aspirador Industrial Cyclone CHEMITOOL com inovador sistema de limpeza que mant\u00e9m o desempenho durante a limpeza de p\u00f3 em \u00e1reas de constru\u00e7\u00e3o.\" \/>\n<meta name=\"robots\" content=\"index, follow, max-snippet:-1, max-image-preview:large, max-video-preview:-1\" \/>\n<link rel=\"canonical\" href=\"https:\/\/chemitool.com\/pt-pt\/products\/tools\/aspiradores\/aspiradores-solidos-e-liquidos\/aspirador-industrial-cyclone\/\" \/>\n<meta property=\"og:locale\" content=\"pt_PT\" \/>\n<meta property=\"og:type\" content=\"article\" \/>\n<meta property=\"og:title\" content=\"ASPIRADOR INDUSTRIAL CYCLONE &ndash; Chemitool\" \/>\n<meta property=\"og:description\" content=\"Aspirador Industrial Cyclone CHEMITOOL com inovador sistema de limpeza que mant\u00e9m o desempenho durante a limpeza de p\u00f3 em \u00e1reas de constru\u00e7\u00e3o.\" \/>\n<meta property=\"og:url\" content=\"https:\/\/chemitool.com\/pt-pt\/products\/tools\/aspiradores\/aspiradores-solidos-e-liquidos\/aspirador-industrial-cyclone\/\" \/>\n<meta property=\"og:site_name\" content=\"Chemitool\" \/>\n<meta property=\"article:publisher\" content=\"https:\/\/www.facebook.com\/chemitool\" \/>\n<meta property=\"article:modified_time\" content=\"2025-05-05T16:18:52+00:00\" \/>\n<meta property=\"og:image\" content=\"https:\/\/chemitool.com\/wp-content\/uploads\/2025\/05\/CHT10070411640WD0_red_03.jpg\" \/>\n\t<meta property=\"og:image:width\" content=\"1280\" \/>\n\t<meta property=\"og:image:height\" content=\"1266\" \/>\n<meta name=\"twitter:card\" content=\"summary_large_image\" \/>\n<meta name=\"twitter:label1\" content=\"Tempo estimado de leitura\" \/>\n\t<meta name=\"twitter:data1\" content=\"2 minutos\" \/>\n<script type=\"application\/ld+json\" class=\"yoast-schema-graph\">{\"@context\":\"https:\/\/schema.org\",\"@graph\":[{\"@type\":\"Organization\",\"@id\":\"https:\/\/chemitool.com\/#organization\",\"name\":\"Chemitool\",\"url\":\"https:\/\/chemitool.com\/\",\"sameAs\":[\"https:\/\/www.facebook.com\/chemitool\",\"https:\/\/www.instagram.com\/chemitool\/\"],\"logo\":{\"@type\":\"ImageObject\",\"@id\":\"https:\/\/chemitool.com\/#logo\",\"inLanguage\":\"pt-PT\",\"url\":\"https:\/\/chemitool.com\/wp-content\/uploads\/2020\/10\/logo_chemitool.png\",\"contentUrl\":\"https:\/\/chemitool.com\/wp-content\/uploads\/2020\/10\/logo_chemitool.png\",\"width\":400,\"height\":400,\"caption\":\"Chemitool\"},\"image\":{\"@id\":\"https:\/\/chemitool.com\/#logo\"}},{\"@type\":\"WebSite\",\"@id\":\"https:\/\/chemitool.com\/#website\",\"url\":\"https:\/\/chemitool.com\/\",\"name\":\"Chemitool\",\"description\":\"Chemitool - hardware and tools\",\"publisher\":{\"@id\":\"https:\/\/chemitool.com\/#organization\"},\"potentialAction\":[{\"@type\":\"SearchAction\",\"target\":{\"@type\":\"EntryPoint\",\"urlTemplate\":\"https:\/\/chemitool.com\/?s={search_term_string}\"},\"query-input\":\"required name=search_term_string\"}],\"inLanguage\":\"pt-PT\"},{\"@type\":\"ImageObject\",\"@id\":\"https:\/\/chemitool.com\/pt-pt\/products\/tools\/aspiradores\/aspiradores-solidos-e-liquidos\/aspirador-industrial-cyclone\/#primaryimage\",\"inLanguage\":\"pt-PT\",\"url\":\"https:\/\/chemitool.com\/wp-content\/uploads\/2025\/05\/CHT10070411640WD0_red_03.jpg\",\"contentUrl\":\"https:\/\/chemitool.com\/wp-content\/uploads\/2025\/05\/CHT10070411640WD0_red_03.jpg\",\"width\":1280,\"height\":1266},{\"@type\":\"WebPage\",\"@id\":\"https:\/\/chemitool.com\/pt-pt\/products\/tools\/aspiradores\/aspiradores-solidos-e-liquidos\/aspirador-industrial-cyclone\/#webpage\",\"url\":\"https:\/\/chemitool.com\/pt-pt\/products\/tools\/aspiradores\/aspiradores-solidos-e-liquidos\/aspirador-industrial-cyclone\/\",\"name\":\"ASPIRADOR INDUSTRIAL CYCLONE &ndash; Chemitool\",\"isPartOf\":{\"@id\":\"https:\/\/chemitool.com\/#website\"},\"primaryImageOfPage\":{\"@id\":\"https:\/\/chemitool.com\/pt-pt\/products\/tools\/aspiradores\/aspiradores-solidos-e-liquidos\/aspirador-industrial-cyclone\/#primaryimage\"},\"datePublished\":\"2025-05-05T15:10:07+00:00\",\"dateModified\":\"2025-05-05T16:18:52+00:00\",\"description\":\"Aspirador Industrial Cyclone CHEMITOOL com inovador sistema de limpeza que mant\\u00e9m o desempenho durante a limpeza de p\\u00f3 em \\u00e1reas de constru\\u00e7\\u00e3o.\",\"breadcrumb\":{\"@id\":\"https:\/\/chemitool.com\/pt-pt\/products\/tools\/aspiradores\/aspiradores-solidos-e-liquidos\/aspirador-industrial-cyclone\/#breadcrumb\"},\"inLanguage\":\"pt-PT\",\"potentialAction\":[{\"@type\":\"ReadAction\",\"target\":[\"https:\/\/chemitool.com\/pt-pt\/products\/tools\/aspiradores\/aspiradores-solidos-e-liquidos\/aspirador-industrial-cyclone\/\"]}]},{\"@type\":\"BreadcrumbList\",\"@id\":\"https:\/\/chemitool.com\/pt-pt\/products\/tools\/aspiradores\/aspiradores-solidos-e-liquidos\/aspirador-industrial-cyclone\/#breadcrumb\",\"itemListElement\":[{\"@type\":\"ListItem\",\"position\":1,\"name\":\"Home\",\"item\":\"https:\/\/chemitool.com\/pt-pt\/\"},{\"@type\":\"ListItem\",\"position\":2,\"name\":\"Produtos\",\"item\":\"https:\/\/chemitool.com\/pt-pt\/produtos\/\"},{\"@type\":\"ListItem\",\"position\":3,\"name\":\"Tools\",\"item\":\"https:\/\/chemitool.com\/product-category\/tools\/\"},{\"@type\":\"ListItem\",\"position\":4,\"name\":\"ASPIRADOR INDUSTRIAL CYCLONE\"}]}]}<\/script>\n<!-- \/ Yoast SEO plugin. -->","yoast_head_json":{"title":"ASPIRADOR INDUSTRIAL CYCLONE &ndash; Chemitool","description":"Aspirador Industrial Cyclone CHEMITOOL com inovador sistema de limpeza que mant\u00e9m o desempenho durante a limpeza de p\u00f3 em \u00e1reas de constru\u00e7\u00e3o.","robots":{"index":"index","follow":"follow","max-snippet":"max-snippet:-1","max-image-preview":"max-image-preview:large","max-video-preview":"max-video-preview:-1"},"canonical":"https:\/\/chemitool.com\/pt-pt\/products\/tools\/aspiradores\/aspiradores-solidos-e-liquidos\/aspirador-industrial-cyclone\/","og_locale":"pt_PT","og_type":"article","og_title":"ASPIRADOR INDUSTRIAL CYCLONE &ndash; Chemitool","og_description":"Aspirador Industrial Cyclone CHEMITOOL com inovador sistema de limpeza que mant\u00e9m o desempenho durante a limpeza de p\u00f3 em \u00e1reas de constru\u00e7\u00e3o.","og_url":"https:\/\/chemitool.com\/pt-pt\/products\/tools\/aspiradores\/aspiradores-solidos-e-liquidos\/aspirador-industrial-cyclone\/","og_site_name":"Chemitool","article_publisher":"https:\/\/www.facebook.com\/chemitool","article_modified_time":"2025-05-05T16:18:52+00:00","og_image":[{"width":1280,"height":1266,"url":"https:\/\/chemitool.com\/wp-content\/uploads\/2025\/05\/CHT10070411640WD0_red_03.jpg","type":"image\/jpeg"}],"twitter_card":"summary_large_image","twitter_misc":{"Tempo estimado de leitura":"2 minutos"},"schema":{"@context":"https:\/\/schema.org","@graph":[{"@type":"Organization","@id":"https:\/\/chemitool.com\/#organization","name":"Chemitool","url":"https:\/\/chemitool.com\/","sameAs":["https:\/\/www.facebook.com\/chemitool","https:\/\/www.instagram.com\/chemitool\/"],"logo":{"@type":"ImageObject","@id":"https:\/\/chemitool.com\/#logo","inLanguage":"pt-PT","url":"https:\/\/chemitool.com\/wp-content\/uploads\/2020\/10\/logo_chemitool.png","contentUrl":"https:\/\/chemitool.com\/wp-content\/uploads\/2020\/10\/logo_chemitool.png","width":400,"height":400,"caption":"Chemitool"},"image":{"@id":"https:\/\/chemitool.com\/#logo"}},{"@type":"WebSite","@id":"https:\/\/chemitool.com\/#website","url":"https:\/\/chemitool.com\/","name":"Chemitool","description":"Chemitool - hardware and tools","publisher":{"@id":"https:\/\/chemitool.com\/#organization"},"potentialAction":[{"@type":"SearchAction","target":{"@type":"EntryPoint","urlTemplate":"https:\/\/chemitool.com\/?s={search_term_string}"},"query-input":"required name=search_term_string"}],"inLanguage":"pt-PT"},{"@type":"ImageObject","@id":"https:\/\/chemitool.com\/pt-pt\/products\/tools\/aspiradores\/aspiradores-solidos-e-liquidos\/aspirador-industrial-cyclone\/#primaryimage","inLanguage":"pt-PT","url":"https:\/\/chemitool.com\/wp-content\/uploads\/2025\/05\/CHT10070411640WD0_red_03.jpg","contentUrl":"https:\/\/chemitool.com\/wp-content\/uploads\/2025\/05\/CHT10070411640WD0_red_03.jpg","width":1280,"height":1266},{"@type":"WebPage","@id":"https:\/\/chemitool.com\/pt-pt\/products\/tools\/aspiradores\/aspiradores-solidos-e-liquidos\/aspirador-industrial-cyclone\/#webpage","url":"https:\/\/chemitool.com\/pt-pt\/products\/tools\/aspiradores\/aspiradores-solidos-e-liquidos\/aspirador-industrial-cyclone\/","name":"ASPIRADOR INDUSTRIAL CYCLONE &ndash; Chemitool","isPartOf":{"@id":"https:\/\/chemitool.com\/#website"},"primaryImageOfPage":{"@id":"https:\/\/chemitool.com\/pt-pt\/products\/tools\/aspiradores\/aspiradores-solidos-e-liquidos\/aspirador-industrial-cyclone\/#primaryimage"},"datePublished":"2025-05-05T15:10:07+00:00","dateModified":"2025-05-05T16:18:52+00:00","description":"Aspirador Industrial Cyclone CHEMITOOL com inovador sistema de limpeza que mant\u00e9m o desempenho durante a limpeza de p\u00f3 em \u00e1reas de constru\u00e7\u00e3o.","breadcrumb":{"@id":"https:\/\/chemitool.com\/pt-pt\/products\/tools\/aspiradores\/aspiradores-solidos-e-liquidos\/aspirador-industrial-cyclone\/#breadcrumb"},"inLanguage":"pt-PT","potentialAction":[{"@type":"ReadAction","target":["https:\/\/chemitool.com\/pt-pt\/products\/tools\/aspiradores\/aspiradores-solidos-e-liquidos\/aspirador-industrial-cyclone\/"]}]},{"@type":"BreadcrumbList","@id":"https:\/\/chemitool.com\/pt-pt\/products\/tools\/aspiradores\/aspiradores-solidos-e-liquidos\/aspirador-industrial-cyclone\/#breadcrumb","itemListElement":[{"@type":"ListItem","position":1,"name":"Home","item":"https:\/\/chemitool.com\/pt-pt\/"},{"@type":"ListItem","position":2,"name":"Produtos","item":"https:\/\/chemitool.com\/pt-pt\/produtos\/"},{"@type":"ListItem","position":3,"name":"Tools","item":"https:\/\/chemitool.com\/product-category\/tools\/"},{"@type":"ListItem","position":4,"name":"ASPIRADOR INDUSTRIAL CYCLONE"}]}]}},"_links":{"self":[{"href":"https:\/\/chemitool.com\/pt-pt\/wp-json\/wp\/v2\/product\/41957"}],"collection":[{"href":"https:\/\/chemitool.com\/pt-pt\/wp-json\/wp\/v2\/product"}],"about":[{"href":"https:\/\/chemitool.com\/pt-pt\/wp-json\/wp\/v2\/types\/product"}],"wp:featuredmedia":[{"embeddable":true,"href":"https:\/\/chemitool.com\/pt-pt\/wp-json\/wp\/v2\/media\/41971"}],"wp:attachment":[{"href":"https:\/\/chemitool.com\/pt-pt\/wp-json\/wp\/v2\/media?parent=41957"}],"wp:term":[{"taxonomy":"product_cat","embeddable":true,"href":"https:\/\/chemitool.com\/pt-pt\/wp-json\/wp\/v2\/product_cat?post=41957"},{"taxonomy":"product_tag","embeddable":true,"href":"https:\/\/chemitool.com\/pt-pt\/wp-json\/wp\/v2\/product_tag?post=41957"}],"curies":[{"name":"wp","href":"https:\/\/api.w.org\/{rel}","templated":true}]}}