{"id":4185,"date":"2020-04-21T13:23:59","date_gmt":"2020-04-21T13:23:59","guid":{"rendered":"https:\/\/chemitool.com\/products\/sem%20categoria\/spray-multiusos-chemisol\/"},"modified":"2021-11-03T17:06:19","modified_gmt":"2021-11-03T17:06:19","slug":"spray-multiusos-chemisol","status":"publish","type":"product","link":"https:\/\/chemitool.com\/pt-pt\/products\/chemicals\/lubrificacao-pt-pt\/sprays-de-lubrificacao\/spray-multiusos-chemisol\/","title":{"rendered":"SPRAY MULTIUSOS CHEMISOL"},"content":{"rendered":"<p><strong>VANTAGENS<\/strong><\/p>\n<ul>\n<li>Boas propriedades de impregna\u00e7\u00e3o<\/li>\n<li>Repele a humidade<\/li>\n<li>Remove \u00f3leo, gordura, cera, sub camadas e alcatr\u00e3o<\/li>\n<li>Efeito de limpeza<\/li>\n<li>Previne a corros\u00e3o<\/li>\n<li>Pulveriza\u00e7\u00e3o direta<\/li>\n<li>Ap\u00f3s limpeza permanece uma pel\u00edcula protetora<\/li>\n<\/ul>\n<p><strong>INDICA\u00c7\u00d5ES<\/strong><\/p>\n<p>O spray deve estar \u00e0 temperatura ambiente.<br \/>\nA melhor temperatura de utiliza\u00e7\u00e3o \u00e9 entre 5\u00baC e 30\u00b0C.<\/p>\n","protected":false},"excerpt":{"rendered":"<p><b class=\"sap-label\">SAP:<\/b> <span class=\"codesap-label\">CHC050102<\/span><\/p>\n<p><em>Spray Multiusos CHEMISOL <\/em>\u00e9 um lubrificante universal que protege pe\u00e7as met\u00e1licas da corros\u00e3o e ajuda a desoxidar as pe\u00e7as j\u00e1 enferrujadas.<\/p>\n","protected":false},"featured_media":30254,"template":"","meta":[],"product_cat":[109,3984,4308,1217,1246],"product_tag":[142],"yoast_head":"<!-- This site is optimized with the Yoast SEO plugin v17.4 - https:\/\/yoast.com\/wordpress\/plugins\/seo\/ -->\n<title>SPRAY MULTIUSOS CHEMISOL &ndash; Chemitool<\/title>\n<meta name=\"description\" content=\"SAP: CHC050102  Spray Multiusos CHEMISOL \u00e9 um lubrificante universal que protege pe\u00e7as met\u00e1licas da corros\u00e3o e ajuda a desoxidar as pe\u00e7as j\u00e1 enferrujadas.\" \/>\n<meta name=\"robots\" content=\"index, follow, max-snippet:-1, max-image-preview:large, max-video-preview:-1\" \/>\n<link rel=\"canonical\" href=\"https:\/\/chemitool.com\/pt-pt\/products\/chemicals\/lubrificacao-pt-pt\/sprays-de-lubrificacao\/spray-multiusos-chemisol\/\" \/>\n<meta property=\"og:locale\" content=\"pt_PT\" \/>\n<meta property=\"og:type\" content=\"article\" \/>\n<meta property=\"og:title\" content=\"SPRAY MULTIUSOS CHEMISOL &ndash; Chemitool\" \/>\n<meta property=\"og:description\" content=\"SAP: CHC050102  Spray Multiusos CHEMISOL \u00e9 um lubrificante universal que protege pe\u00e7as met\u00e1licas da corros\u00e3o e ajuda a desoxidar as pe\u00e7as j\u00e1 enferrujadas.\" \/>\n<meta property=\"og:url\" content=\"https:\/\/chemitool.com\/pt-pt\/products\/chemicals\/lubrificacao-pt-pt\/sprays-de-lubrificacao\/spray-multiusos-chemisol\/\" \/>\n<meta property=\"og:site_name\" content=\"Chemitool\" \/>\n<meta property=\"article:publisher\" content=\"https:\/\/www.facebook.com\/chemitool\" \/>\n<meta property=\"article:modified_time\" content=\"2021-11-03T17:06:19+00:00\" \/>\n<meta property=\"og:image\" content=\"https:\/\/chemitool.com\/wp-content\/uploads\/2020\/04\/MULTISPRAY.png\" \/>\n\t<meta property=\"og:image:width\" content=\"800\" \/>\n\t<meta property=\"og:image:height\" content=\"800\" \/>\n<meta name=\"twitter:card\" content=\"summary_large_image\" \/>\n<script type=\"application\/ld+json\" class=\"yoast-schema-graph\">{\"@context\":\"https:\/\/schema.org\",\"@graph\":[{\"@type\":\"Organization\",\"@id\":\"https:\/\/chemitool.com\/#organization\",\"name\":\"Chemitool\",\"url\":\"https:\/\/chemitool.com\/\",\"sameAs\":[\"https:\/\/www.facebook.com\/chemitool\",\"https:\/\/www.instagram.com\/chemitool\/\"],\"logo\":{\"@type\":\"ImageObject\",\"@id\":\"https:\/\/chemitool.com\/#logo\",\"inLanguage\":\"pt-PT\",\"url\":\"https:\/\/chemitool.com\/wp-content\/uploads\/2020\/10\/logo_chemitool.png\",\"contentUrl\":\"https:\/\/chemitool.com\/wp-content\/uploads\/2020\/10\/logo_chemitool.png\",\"width\":400,\"height\":400,\"caption\":\"Chemitool\"},\"image\":{\"@id\":\"https:\/\/chemitool.com\/#logo\"}},{\"@type\":\"WebSite\",\"@id\":\"https:\/\/chemitool.com\/#website\",\"url\":\"https:\/\/chemitool.com\/\",\"name\":\"Chemitool\",\"description\":\"Chemitool - hardware and tools\",\"publisher\":{\"@id\":\"https:\/\/chemitool.com\/#organization\"},\"potentialAction\":[{\"@type\":\"SearchAction\",\"target\":{\"@type\":\"EntryPoint\",\"urlTemplate\":\"https:\/\/chemitool.com\/?s={search_term_string}\"},\"query-input\":\"required name=search_term_string\"}],\"inLanguage\":\"pt-PT\"},{\"@type\":\"ImageObject\",\"@id\":\"https:\/\/chemitool.com\/pt-pt\/products\/chemicals\/lubrificacao-pt-pt\/sprays-de-lubrificacao\/spray-multiusos-chemisol\/#primaryimage\",\"inLanguage\":\"pt-PT\",\"url\":\"https:\/\/chemitool.com\/wp-content\/uploads\/2020\/04\/CHC050102_MULTI_SPRAY.png\",\"contentUrl\":\"https:\/\/chemitool.com\/wp-content\/uploads\/2020\/04\/CHC050102_MULTI_SPRAY.png\",\"width\":800,\"height\":800},{\"@type\":\"WebPage\",\"@id\":\"https:\/\/chemitool.com\/pt-pt\/products\/chemicals\/lubrificacao-pt-pt\/sprays-de-lubrificacao\/spray-multiusos-chemisol\/#webpage\",\"url\":\"https:\/\/chemitool.com\/pt-pt\/products\/chemicals\/lubrificacao-pt-pt\/sprays-de-lubrificacao\/spray-multiusos-chemisol\/\",\"name\":\"SPRAY MULTIUSOS CHEMISOL &ndash; Chemitool\",\"isPartOf\":{\"@id\":\"https:\/\/chemitool.com\/#website\"},\"primaryImageOfPage\":{\"@id\":\"https:\/\/chemitool.com\/pt-pt\/products\/chemicals\/lubrificacao-pt-pt\/sprays-de-lubrificacao\/spray-multiusos-chemisol\/#primaryimage\"},\"datePublished\":\"2020-04-21T13:23:59+00:00\",\"dateModified\":\"2021-11-03T17:06:19+00:00\",\"description\":\"SAP: CHC050102 Spray Multiusos CHEMISOL \\u00e9 um lubrificante universal que protege pe\\u00e7as met\\u00e1licas da corros\\u00e3o e ajuda a desoxidar as pe\\u00e7as j\\u00e1 enferrujadas.\",\"breadcrumb\":{\"@id\":\"https:\/\/chemitool.com\/pt-pt\/products\/chemicals\/lubrificacao-pt-pt\/sprays-de-lubrificacao\/spray-multiusos-chemisol\/#breadcrumb\"},\"inLanguage\":\"pt-PT\",\"potentialAction\":[{\"@type\":\"ReadAction\",\"target\":[\"https:\/\/chemitool.com\/pt-pt\/products\/chemicals\/lubrificacao-pt-pt\/sprays-de-lubrificacao\/spray-multiusos-chemisol\/\"]}]},{\"@type\":\"BreadcrumbList\",\"@id\":\"https:\/\/chemitool.com\/pt-pt\/products\/chemicals\/lubrificacao-pt-pt\/sprays-de-lubrificacao\/spray-multiusos-chemisol\/#breadcrumb\",\"itemListElement\":[{\"@type\":\"ListItem\",\"position\":1,\"name\":\"Home\",\"item\":\"https:\/\/chemitool.com\/pt-pt\/\"},{\"@type\":\"ListItem\",\"position\":2,\"name\":\"Produtos\",\"item\":\"https:\/\/chemitool.com\/pt-pt\/produtos\/\"},{\"@type\":\"ListItem\",\"position\":3,\"name\":\"Chemicals\",\"item\":\"https:\/\/chemitool.com\/product-category\/chemical-products\/\"},{\"@type\":\"ListItem\",\"position\":4,\"name\":\"SPRAY MULTIUSOS CHEMISOL\"}]}]}<\/script>\n<!-- \/ Yoast SEO plugin. -->","yoast_head_json":{"title":"SPRAY MULTIUSOS CHEMISOL &ndash; Chemitool","description":"SAP: CHC050102  Spray Multiusos CHEMISOL \u00e9 um lubrificante universal que protege pe\u00e7as met\u00e1licas da corros\u00e3o e ajuda a desoxidar as pe\u00e7as j\u00e1 enferrujadas.","robots":{"index":"index","follow":"follow","max-snippet":"max-snippet:-1","max-image-preview":"max-image-preview:large","max-video-preview":"max-video-preview:-1"},"canonical":"https:\/\/chemitool.com\/pt-pt\/products\/chemicals\/lubrificacao-pt-pt\/sprays-de-lubrificacao\/spray-multiusos-chemisol\/","og_locale":"pt_PT","og_type":"article","og_title":"SPRAY MULTIUSOS CHEMISOL &ndash; Chemitool","og_description":"SAP: CHC050102  Spray Multiusos CHEMISOL \u00e9 um lubrificante universal que protege pe\u00e7as met\u00e1licas da corros\u00e3o e ajuda a desoxidar as pe\u00e7as j\u00e1 enferrujadas.","og_url":"https:\/\/chemitool.com\/pt-pt\/products\/chemicals\/lubrificacao-pt-pt\/sprays-de-lubrificacao\/spray-multiusos-chemisol\/","og_site_name":"Chemitool","article_publisher":"https:\/\/www.facebook.com\/chemitool","article_modified_time":"2021-11-03T17:06:19+00:00","og_image":[{"width":800,"height":800,"url":"https:\/\/chemitool.com\/wp-content\/uploads\/2020\/04\/MULTISPRAY.png","type":"image\/png"}],"twitter_card":"summary_large_image","schema":{"@context":"https:\/\/schema.org","@graph":[{"@type":"Organization","@id":"https:\/\/chemitool.com\/#organization","name":"Chemitool","url":"https:\/\/chemitool.com\/","sameAs":["https:\/\/www.facebook.com\/chemitool","https:\/\/www.instagram.com\/chemitool\/"],"logo":{"@type":"ImageObject","@id":"https:\/\/chemitool.com\/#logo","inLanguage":"pt-PT","url":"https:\/\/chemitool.com\/wp-content\/uploads\/2020\/10\/logo_chemitool.png","contentUrl":"https:\/\/chemitool.com\/wp-content\/uploads\/2020\/10\/logo_chemitool.png","width":400,"height":400,"caption":"Chemitool"},"image":{"@id":"https:\/\/chemitool.com\/#logo"}},{"@type":"WebSite","@id":"https:\/\/chemitool.com\/#website","url":"https:\/\/chemitool.com\/","name":"Chemitool","description":"Chemitool - hardware and tools","publisher":{"@id":"https:\/\/chemitool.com\/#organization"},"potentialAction":[{"@type":"SearchAction","target":{"@type":"EntryPoint","urlTemplate":"https:\/\/chemitool.com\/?s={search_term_string}"},"query-input":"required name=search_term_string"}],"inLanguage":"pt-PT"},{"@type":"ImageObject","@id":"https:\/\/chemitool.com\/pt-pt\/products\/chemicals\/lubrificacao-pt-pt\/sprays-de-lubrificacao\/spray-multiusos-chemisol\/#primaryimage","inLanguage":"pt-PT","url":"https:\/\/chemitool.com\/wp-content\/uploads\/2020\/04\/CHC050102_MULTI_SPRAY.png","contentUrl":"https:\/\/chemitool.com\/wp-content\/uploads\/2020\/04\/CHC050102_MULTI_SPRAY.png","width":800,"height":800},{"@type":"WebPage","@id":"https:\/\/chemitool.com\/pt-pt\/products\/chemicals\/lubrificacao-pt-pt\/sprays-de-lubrificacao\/spray-multiusos-chemisol\/#webpage","url":"https:\/\/chemitool.com\/pt-pt\/products\/chemicals\/lubrificacao-pt-pt\/sprays-de-lubrificacao\/spray-multiusos-chemisol\/","name":"SPRAY MULTIUSOS CHEMISOL &ndash; Chemitool","isPartOf":{"@id":"https:\/\/chemitool.com\/#website"},"primaryImageOfPage":{"@id":"https:\/\/chemitool.com\/pt-pt\/products\/chemicals\/lubrificacao-pt-pt\/sprays-de-lubrificacao\/spray-multiusos-chemisol\/#primaryimage"},"datePublished":"2020-04-21T13:23:59+00:00","dateModified":"2021-11-03T17:06:19+00:00","description":"SAP: CHC050102 Spray Multiusos CHEMISOL \u00e9 um lubrificante universal que protege pe\u00e7as met\u00e1licas da corros\u00e3o e ajuda a desoxidar as pe\u00e7as j\u00e1 enferrujadas.","breadcrumb":{"@id":"https:\/\/chemitool.com\/pt-pt\/products\/chemicals\/lubrificacao-pt-pt\/sprays-de-lubrificacao\/spray-multiusos-chemisol\/#breadcrumb"},"inLanguage":"pt-PT","potentialAction":[{"@type":"ReadAction","target":["https:\/\/chemitool.com\/pt-pt\/products\/chemicals\/lubrificacao-pt-pt\/sprays-de-lubrificacao\/spray-multiusos-chemisol\/"]}]},{"@type":"BreadcrumbList","@id":"https:\/\/chemitool.com\/pt-pt\/products\/chemicals\/lubrificacao-pt-pt\/sprays-de-lubrificacao\/spray-multiusos-chemisol\/#breadcrumb","itemListElement":[{"@type":"ListItem","position":1,"name":"Home","item":"https:\/\/chemitool.com\/pt-pt\/"},{"@type":"ListItem","position":2,"name":"Produtos","item":"https:\/\/chemitool.com\/pt-pt\/produtos\/"},{"@type":"ListItem","position":3,"name":"Chemicals","item":"https:\/\/chemitool.com\/product-category\/chemical-products\/"},{"@type":"ListItem","position":4,"name":"SPRAY MULTIUSOS CHEMISOL"}]}]}},"_links":{"self":[{"href":"https:\/\/chemitool.com\/pt-pt\/wp-json\/wp\/v2\/product\/4185"}],"collection":[{"href":"https:\/\/chemitool.com\/pt-pt\/wp-json\/wp\/v2\/product"}],"about":[{"href":"https:\/\/chemitool.com\/pt-pt\/wp-json\/wp\/v2\/types\/product"}],"wp:featuredmedia":[{"embeddable":true,"href":"https:\/\/chemitool.com\/pt-pt\/wp-json\/wp\/v2\/media\/30254"}],"wp:attachment":[{"href":"https:\/\/chemitool.com\/pt-pt\/wp-json\/wp\/v2\/media?parent=4185"}],"wp:term":[{"taxonomy":"product_cat","embeddable":true,"href":"https:\/\/chemitool.com\/pt-pt\/wp-json\/wp\/v2\/product_cat?post=4185"},{"taxonomy":"product_tag","embeddable":true,"href":"https:\/\/chemitool.com\/pt-pt\/wp-json\/wp\/v2\/product_tag?post=4185"}],"curies":[{"name":"wp","href":"https:\/\/api.w.org\/{rel}","templated":true}]}}