{"id":4183,"date":"2020-04-21T13:43:30","date_gmt":"2020-04-21T13:43:30","guid":{"rendered":"https:\/\/chemitool.com\/products\/sem%20categoria\/oleo-penetrante-mos2-chemisol\/"},"modified":"2021-11-03T17:07:58","modified_gmt":"2021-11-03T17:07:58","slug":"spray-oleo-penetrante-mos2-chemisol","status":"publish","type":"product","link":"https:\/\/chemitool.com\/pt-pt\/products\/chemicals\/lubrificacao-pt-pt\/sprays-de-lubrificacao\/spray-oleo-penetrante-mos2-chemisol\/","title":{"rendered":"SPRAY \u00d3LEO PENETRANTE MoS2 CHEMISOL"},"content":{"rendered":"<p><strong>VANTAGENS<\/strong><\/p>\n<ul>\n<li>Boas propriedades impregnantes<\/li>\n<li>Cont\u00e9m grafite e MoS2<\/li>\n<li>Repele a humidade<\/li>\n<li>Previne a corros\u00e3o<\/li>\n<li>Forte pulveriza\u00e7\u00e3o<\/li>\n<\/ul>\n<p><strong>INDICA\u00c7\u00d5ES<\/strong><\/p>\n<p>O spray deve estar \u00e0 temperatura ambiente.<br \/>\nA melhor temperatura de utiliza\u00e7\u00e3o \u00e9 entre 5\u00baC e 30\u00b0C.<\/p>\n","protected":false},"excerpt":{"rendered":"<p><b class=\"sap-label\">SAP:<\/b> <span class=\"codesap-label\">CHC040104<\/span><\/p>\n<p><em>Spray \u00d3leo Penetrante MoS2 CHEMISOL <\/em>de alta qualidade \u00e9 indicado para soltar\/separar pe\u00e7as oxidadas.<\/p>\n","protected":false},"featured_media":4740,"template":"","meta":[],"product_cat":[109,3984,4308,1217,1246],"product_tag":[142],"yoast_head":"<!-- This site is optimized with the Yoast SEO plugin v17.4 - https:\/\/yoast.com\/wordpress\/plugins\/seo\/ -->\n<title>SPRAY \u00d3LEO PENETRANTE MoS2 CHEMISOL &ndash; Chemitool<\/title>\n<meta name=\"description\" content=\"SAP: CHC040104  Spray \u00d3leo Penetrante MoS2 CHEMISOL de alta qualidade \u00e9 indicado para soltar\/separar pe\u00e7as oxidadas.\" \/>\n<meta name=\"robots\" content=\"index, follow, max-snippet:-1, max-image-preview:large, max-video-preview:-1\" \/>\n<link rel=\"canonical\" href=\"https:\/\/chemitool.com\/pt-pt\/products\/chemicals\/lubrificacao-pt-pt\/sprays-de-lubrificacao\/spray-oleo-penetrante-mos2-chemisol\/\" \/>\n<meta property=\"og:locale\" content=\"pt_PT\" \/>\n<meta property=\"og:type\" content=\"article\" \/>\n<meta property=\"og:title\" content=\"SPRAY \u00d3LEO PENETRANTE MoS2 CHEMISOL &ndash; Chemitool\" \/>\n<meta property=\"og:description\" content=\"SAP: CHC040104  Spray \u00d3leo Penetrante MoS2 CHEMISOL de alta qualidade \u00e9 indicado para soltar\/separar pe\u00e7as oxidadas.\" \/>\n<meta property=\"og:url\" content=\"https:\/\/chemitool.com\/pt-pt\/products\/chemicals\/lubrificacao-pt-pt\/sprays-de-lubrificacao\/spray-oleo-penetrante-mos2-chemisol\/\" \/>\n<meta property=\"og:site_name\" content=\"Chemitool\" \/>\n<meta property=\"article:publisher\" content=\"https:\/\/www.facebook.com\/chemitool\" \/>\n<meta property=\"article:modified_time\" content=\"2021-11-03T17:07:58+00:00\" \/>\n<meta property=\"og:image\" content=\"https:\/\/chemitool.com\/wp-content\/uploads\/2020\/04\/PENETRATING-OIL.png\" \/>\n\t<meta property=\"og:image:width\" content=\"800\" \/>\n\t<meta property=\"og:image:height\" content=\"800\" \/>\n<meta name=\"twitter:card\" content=\"summary_large_image\" \/>\n<script type=\"application\/ld+json\" class=\"yoast-schema-graph\">{\"@context\":\"https:\/\/schema.org\",\"@graph\":[{\"@type\":\"Organization\",\"@id\":\"https:\/\/chemitool.com\/#organization\",\"name\":\"Chemitool\",\"url\":\"https:\/\/chemitool.com\/\",\"sameAs\":[\"https:\/\/www.facebook.com\/chemitool\",\"https:\/\/www.instagram.com\/chemitool\/\"],\"logo\":{\"@type\":\"ImageObject\",\"@id\":\"https:\/\/chemitool.com\/#logo\",\"inLanguage\":\"pt-PT\",\"url\":\"https:\/\/chemitool.com\/wp-content\/uploads\/2020\/10\/logo_chemitool.png\",\"contentUrl\":\"https:\/\/chemitool.com\/wp-content\/uploads\/2020\/10\/logo_chemitool.png\",\"width\":400,\"height\":400,\"caption\":\"Chemitool\"},\"image\":{\"@id\":\"https:\/\/chemitool.com\/#logo\"}},{\"@type\":\"WebSite\",\"@id\":\"https:\/\/chemitool.com\/#website\",\"url\":\"https:\/\/chemitool.com\/\",\"name\":\"Chemitool\",\"description\":\"Chemitool - hardware and tools\",\"publisher\":{\"@id\":\"https:\/\/chemitool.com\/#organization\"},\"potentialAction\":[{\"@type\":\"SearchAction\",\"target\":{\"@type\":\"EntryPoint\",\"urlTemplate\":\"https:\/\/chemitool.com\/?s={search_term_string}\"},\"query-input\":\"required name=search_term_string\"}],\"inLanguage\":\"pt-PT\"},{\"@type\":\"ImageObject\",\"@id\":\"https:\/\/chemitool.com\/pt-pt\/products\/chemicals\/lubrificacao-pt-pt\/sprays-de-lubrificacao\/spray-oleo-penetrante-mos2-chemisol\/#primaryimage\",\"inLanguage\":\"pt-PT\",\"url\":\"https:\/\/chemitool.com\/wp-content\/uploads\/2020\/04\/PENETRATING-OIL.png\",\"contentUrl\":\"https:\/\/chemitool.com\/wp-content\/uploads\/2020\/04\/PENETRATING-OIL.png\",\"width\":800,\"height\":800},{\"@type\":\"WebPage\",\"@id\":\"https:\/\/chemitool.com\/pt-pt\/products\/chemicals\/lubrificacao-pt-pt\/sprays-de-lubrificacao\/spray-oleo-penetrante-mos2-chemisol\/#webpage\",\"url\":\"https:\/\/chemitool.com\/pt-pt\/products\/chemicals\/lubrificacao-pt-pt\/sprays-de-lubrificacao\/spray-oleo-penetrante-mos2-chemisol\/\",\"name\":\"SPRAY \\u00d3LEO PENETRANTE MoS2 CHEMISOL &ndash; Chemitool\",\"isPartOf\":{\"@id\":\"https:\/\/chemitool.com\/#website\"},\"primaryImageOfPage\":{\"@id\":\"https:\/\/chemitool.com\/pt-pt\/products\/chemicals\/lubrificacao-pt-pt\/sprays-de-lubrificacao\/spray-oleo-penetrante-mos2-chemisol\/#primaryimage\"},\"datePublished\":\"2020-04-21T13:43:30+00:00\",\"dateModified\":\"2021-11-03T17:07:58+00:00\",\"description\":\"SAP: CHC040104 Spray \\u00d3leo Penetrante MoS2 CHEMISOL de alta qualidade \\u00e9 indicado para soltar\/separar pe\\u00e7as oxidadas.\",\"breadcrumb\":{\"@id\":\"https:\/\/chemitool.com\/pt-pt\/products\/chemicals\/lubrificacao-pt-pt\/sprays-de-lubrificacao\/spray-oleo-penetrante-mos2-chemisol\/#breadcrumb\"},\"inLanguage\":\"pt-PT\",\"potentialAction\":[{\"@type\":\"ReadAction\",\"target\":[\"https:\/\/chemitool.com\/pt-pt\/products\/chemicals\/lubrificacao-pt-pt\/sprays-de-lubrificacao\/spray-oleo-penetrante-mos2-chemisol\/\"]}]},{\"@type\":\"BreadcrumbList\",\"@id\":\"https:\/\/chemitool.com\/pt-pt\/products\/chemicals\/lubrificacao-pt-pt\/sprays-de-lubrificacao\/spray-oleo-penetrante-mos2-chemisol\/#breadcrumb\",\"itemListElement\":[{\"@type\":\"ListItem\",\"position\":1,\"name\":\"Home\",\"item\":\"https:\/\/chemitool.com\/pt-pt\/\"},{\"@type\":\"ListItem\",\"position\":2,\"name\":\"Produtos\",\"item\":\"https:\/\/chemitool.com\/pt-pt\/produtos\/\"},{\"@type\":\"ListItem\",\"position\":3,\"name\":\"Chemicals\",\"item\":\"https:\/\/chemitool.com\/product-category\/chemical-products\/\"},{\"@type\":\"ListItem\",\"position\":4,\"name\":\"SPRAY \\u00d3LEO PENETRANTE MoS2 CHEMISOL\"}]}]}<\/script>\n<!-- \/ Yoast SEO plugin. -->","yoast_head_json":{"title":"SPRAY \u00d3LEO PENETRANTE MoS2 CHEMISOL &ndash; Chemitool","description":"SAP: CHC040104  Spray \u00d3leo Penetrante MoS2 CHEMISOL de alta qualidade \u00e9 indicado para soltar\/separar pe\u00e7as oxidadas.","robots":{"index":"index","follow":"follow","max-snippet":"max-snippet:-1","max-image-preview":"max-image-preview:large","max-video-preview":"max-video-preview:-1"},"canonical":"https:\/\/chemitool.com\/pt-pt\/products\/chemicals\/lubrificacao-pt-pt\/sprays-de-lubrificacao\/spray-oleo-penetrante-mos2-chemisol\/","og_locale":"pt_PT","og_type":"article","og_title":"SPRAY \u00d3LEO PENETRANTE MoS2 CHEMISOL &ndash; Chemitool","og_description":"SAP: CHC040104  Spray \u00d3leo Penetrante MoS2 CHEMISOL de alta qualidade \u00e9 indicado para soltar\/separar pe\u00e7as oxidadas.","og_url":"https:\/\/chemitool.com\/pt-pt\/products\/chemicals\/lubrificacao-pt-pt\/sprays-de-lubrificacao\/spray-oleo-penetrante-mos2-chemisol\/","og_site_name":"Chemitool","article_publisher":"https:\/\/www.facebook.com\/chemitool","article_modified_time":"2021-11-03T17:07:58+00:00","og_image":[{"width":800,"height":800,"url":"https:\/\/chemitool.com\/wp-content\/uploads\/2020\/04\/PENETRATING-OIL.png","type":"image\/png"}],"twitter_card":"summary_large_image","schema":{"@context":"https:\/\/schema.org","@graph":[{"@type":"Organization","@id":"https:\/\/chemitool.com\/#organization","name":"Chemitool","url":"https:\/\/chemitool.com\/","sameAs":["https:\/\/www.facebook.com\/chemitool","https:\/\/www.instagram.com\/chemitool\/"],"logo":{"@type":"ImageObject","@id":"https:\/\/chemitool.com\/#logo","inLanguage":"pt-PT","url":"https:\/\/chemitool.com\/wp-content\/uploads\/2020\/10\/logo_chemitool.png","contentUrl":"https:\/\/chemitool.com\/wp-content\/uploads\/2020\/10\/logo_chemitool.png","width":400,"height":400,"caption":"Chemitool"},"image":{"@id":"https:\/\/chemitool.com\/#logo"}},{"@type":"WebSite","@id":"https:\/\/chemitool.com\/#website","url":"https:\/\/chemitool.com\/","name":"Chemitool","description":"Chemitool - hardware and tools","publisher":{"@id":"https:\/\/chemitool.com\/#organization"},"potentialAction":[{"@type":"SearchAction","target":{"@type":"EntryPoint","urlTemplate":"https:\/\/chemitool.com\/?s={search_term_string}"},"query-input":"required name=search_term_string"}],"inLanguage":"pt-PT"},{"@type":"ImageObject","@id":"https:\/\/chemitool.com\/pt-pt\/products\/chemicals\/lubrificacao-pt-pt\/sprays-de-lubrificacao\/spray-oleo-penetrante-mos2-chemisol\/#primaryimage","inLanguage":"pt-PT","url":"https:\/\/chemitool.com\/wp-content\/uploads\/2020\/04\/PENETRATING-OIL.png","contentUrl":"https:\/\/chemitool.com\/wp-content\/uploads\/2020\/04\/PENETRATING-OIL.png","width":800,"height":800},{"@type":"WebPage","@id":"https:\/\/chemitool.com\/pt-pt\/products\/chemicals\/lubrificacao-pt-pt\/sprays-de-lubrificacao\/spray-oleo-penetrante-mos2-chemisol\/#webpage","url":"https:\/\/chemitool.com\/pt-pt\/products\/chemicals\/lubrificacao-pt-pt\/sprays-de-lubrificacao\/spray-oleo-penetrante-mos2-chemisol\/","name":"SPRAY \u00d3LEO PENETRANTE MoS2 CHEMISOL &ndash; Chemitool","isPartOf":{"@id":"https:\/\/chemitool.com\/#website"},"primaryImageOfPage":{"@id":"https:\/\/chemitool.com\/pt-pt\/products\/chemicals\/lubrificacao-pt-pt\/sprays-de-lubrificacao\/spray-oleo-penetrante-mos2-chemisol\/#primaryimage"},"datePublished":"2020-04-21T13:43:30+00:00","dateModified":"2021-11-03T17:07:58+00:00","description":"SAP: CHC040104 Spray \u00d3leo Penetrante MoS2 CHEMISOL de alta qualidade \u00e9 indicado para soltar\/separar pe\u00e7as oxidadas.","breadcrumb":{"@id":"https:\/\/chemitool.com\/pt-pt\/products\/chemicals\/lubrificacao-pt-pt\/sprays-de-lubrificacao\/spray-oleo-penetrante-mos2-chemisol\/#breadcrumb"},"inLanguage":"pt-PT","potentialAction":[{"@type":"ReadAction","target":["https:\/\/chemitool.com\/pt-pt\/products\/chemicals\/lubrificacao-pt-pt\/sprays-de-lubrificacao\/spray-oleo-penetrante-mos2-chemisol\/"]}]},{"@type":"BreadcrumbList","@id":"https:\/\/chemitool.com\/pt-pt\/products\/chemicals\/lubrificacao-pt-pt\/sprays-de-lubrificacao\/spray-oleo-penetrante-mos2-chemisol\/#breadcrumb","itemListElement":[{"@type":"ListItem","position":1,"name":"Home","item":"https:\/\/chemitool.com\/pt-pt\/"},{"@type":"ListItem","position":2,"name":"Produtos","item":"https:\/\/chemitool.com\/pt-pt\/produtos\/"},{"@type":"ListItem","position":3,"name":"Chemicals","item":"https:\/\/chemitool.com\/product-category\/chemical-products\/"},{"@type":"ListItem","position":4,"name":"SPRAY \u00d3LEO PENETRANTE MoS2 CHEMISOL"}]}]}},"_links":{"self":[{"href":"https:\/\/chemitool.com\/pt-pt\/wp-json\/wp\/v2\/product\/4183"}],"collection":[{"href":"https:\/\/chemitool.com\/pt-pt\/wp-json\/wp\/v2\/product"}],"about":[{"href":"https:\/\/chemitool.com\/pt-pt\/wp-json\/wp\/v2\/types\/product"}],"wp:featuredmedia":[{"embeddable":true,"href":"https:\/\/chemitool.com\/pt-pt\/wp-json\/wp\/v2\/media\/4740"}],"wp:attachment":[{"href":"https:\/\/chemitool.com\/pt-pt\/wp-json\/wp\/v2\/media?parent=4183"}],"wp:term":[{"taxonomy":"product_cat","embeddable":true,"href":"https:\/\/chemitool.com\/pt-pt\/wp-json\/wp\/v2\/product_cat?post=4183"},{"taxonomy":"product_tag","embeddable":true,"href":"https:\/\/chemitool.com\/pt-pt\/wp-json\/wp\/v2\/product_tag?post=4183"}],"curies":[{"name":"wp","href":"https:\/\/api.w.org\/{rel}","templated":true}]}}