{"id":41508,"date":"2025-02-13T17:07:02","date_gmt":"2025-02-13T17:07:02","guid":{"rendered":"https:\/\/chemitool.com\/?post_type=product&#038;p=41508"},"modified":"2025-02-14T09:47:32","modified_gmt":"2025-02-14T09:47:32","slug":"silicone-neutro-ultimate-ays-chemisil","status":"publish","type":"product","link":"https:\/\/chemitool.com\/pt-pt\/products\/chemicals\/silicones-pt\/silicone-neutro-ultimate-ays-chemisil\/","title":{"rendered":"SILICONE NEUTRO ULTIMATE AYS CHEMISIL"},"content":{"rendered":"<p><strong>VANTAGENS<\/strong><\/p>\n<ul>\n<li>Elasticidade permanente e excelente ader\u00eancia a todos os materiais de constru\u00e7\u00e3o.<\/li>\n<li>Excelentes propriedades mec\u00e2nicas.<\/li>\n<li>Resistente aos efeitos atmosf\u00e9ricos, raios U.V. e ao envelhecimento.<\/li>\n<li>Resistente a v\u00e1rios produtos qu\u00edmicos.<\/li>\n<li>N\u00e3o causa corros\u00e3o.<\/li>\n<li>N\u00e3o escorre em juntas verticais.<\/li>\n<li>Evita a forma\u00e7\u00e3o de bolor no silicone devido \u00e0 mistura especial.<\/li>\n<li>Cumpre com a norma ISO 11 600.<\/li>\n<li>Com propriedades fungicidas.<\/li>\n<\/ul>\n<p><strong>APLICA\u00c7\u00d5ES<\/strong><\/p>\n<p>Utilizado no isolamento e veda\u00e7\u00e3o de juntas de constru\u00e7\u00e3o, juntas de cozinhas e sanit\u00e1rias, juntas de estanquicidade, de isolamento para a instala\u00e7\u00e3o de vidro em molduras de madeira, alum\u00ednio ou PVC, para vidra\u00e7as, para selar c\u00fapulas ligeiras de telhados, juntas finais entre caixilhos de janelas, peitoris e paredes, caixilhos de persianas e clarab\u00f3ias e para a selagem de juntas de dilata\u00e7\u00e3o.<\/p>\n<p>Adequado para aplica\u00e7\u00f5es sanit\u00e1rias em ambientes com humidade elevada como casas de banho, chuveiros, cozinhas e c\u00e2maras frigor\u00edficas, pois impede a forma\u00e7\u00e3o de bolores.<\/p>\n","protected":false},"excerpt":{"rendered":"<p><em>Silicone Neutro Ultimate AYS CHEMISIL<\/em> \u00e9 um selante monocomponente de base Alcoxy, que cura em contacto com a humidade atmosf\u00e9rica, adequado para aplica\u00e7\u00f5es sanit\u00e1rias.<\/p>\n","protected":false},"featured_media":41504,"template":"","meta":[],"product_cat":[109,1219],"product_tag":[111],"yoast_head":"<!-- This site is optimized with the Yoast SEO plugin v17.4 - https:\/\/yoast.com\/wordpress\/plugins\/seo\/ -->\n<title>SILICONE NEUTRO ULTIMATE AYS CHEMISIL &ndash; Chemitool<\/title>\n<meta name=\"description\" content=\"Silicone Neutro Ultimate AYS CHEMISIL \u00e9 um selante monocomponente de base Alcoxy, que cura em contacto com a humidade atmosf\u00e9rica, adequado para aplica\u00e7\u00f5es sanit\u00e1rias.\" \/>\n<meta name=\"robots\" content=\"index, follow, max-snippet:-1, max-image-preview:large, max-video-preview:-1\" \/>\n<link rel=\"canonical\" href=\"https:\/\/chemitool.com\/pt-pt\/products\/chemical-products\/silicones\/chemisil-neutral-ultimate-ays-silicone\/\" \/>\n<meta property=\"og:locale\" content=\"pt_PT\" \/>\n<meta property=\"og:type\" content=\"article\" \/>\n<meta property=\"og:title\" content=\"SILICONE NEUTRO ULTIMATE AYS CHEMISIL &ndash; Chemitool\" \/>\n<meta property=\"og:description\" content=\"Silicone Neutro Ultimate AYS CHEMISIL \u00e9 um selante monocomponente de base Alcoxy, que cura em contacto com a humidade atmosf\u00e9rica, adequado para aplica\u00e7\u00f5es sanit\u00e1rias.\" \/>\n<meta property=\"og:url\" content=\"https:\/\/chemitool.com\/products\/chemical-products\/silicones\/chemisil-neutral-ultimate-ays-silicone\/\" \/>\n<meta property=\"og:site_name\" content=\"Chemitool\" \/>\n<meta property=\"article:publisher\" content=\"https:\/\/www.facebook.com\/chemitool\" \/>\n<meta property=\"article:modified_time\" content=\"2025-02-14T09:47:32+00:00\" \/>\n<meta property=\"og:image\" content=\"https:\/\/chemitool.com\/wp-content\/uploads\/2025\/02\/AYS.png\" \/>\n\t<meta property=\"og:image:width\" content=\"800\" \/>\n\t<meta property=\"og:image:height\" content=\"800\" \/>\n<meta name=\"twitter:card\" content=\"summary_large_image\" \/>\n<meta name=\"twitter:label1\" content=\"Tempo estimado de leitura\" \/>\n\t<meta name=\"twitter:data1\" content=\"1 minuto\" \/>\n<script type=\"application\/ld+json\" class=\"yoast-schema-graph\">{\"@context\":\"https:\/\/schema.org\",\"@graph\":[{\"@type\":\"Organization\",\"@id\":\"https:\/\/chemitool.com\/#organization\",\"name\":\"Chemitool\",\"url\":\"https:\/\/chemitool.com\/\",\"sameAs\":[\"https:\/\/www.facebook.com\/chemitool\",\"https:\/\/www.instagram.com\/chemitool\/\"],\"logo\":{\"@type\":\"ImageObject\",\"@id\":\"https:\/\/chemitool.com\/#logo\",\"inLanguage\":\"pt-PT\",\"url\":\"https:\/\/chemitool.com\/wp-content\/uploads\/2020\/10\/logo_chemitool.png\",\"contentUrl\":\"https:\/\/chemitool.com\/wp-content\/uploads\/2020\/10\/logo_chemitool.png\",\"width\":400,\"height\":400,\"caption\":\"Chemitool\"},\"image\":{\"@id\":\"https:\/\/chemitool.com\/#logo\"}},{\"@type\":\"WebSite\",\"@id\":\"https:\/\/chemitool.com\/#website\",\"url\":\"https:\/\/chemitool.com\/\",\"name\":\"Chemitool\",\"description\":\"Chemitool - hardware and tools\",\"publisher\":{\"@id\":\"https:\/\/chemitool.com\/#organization\"},\"potentialAction\":[{\"@type\":\"SearchAction\",\"target\":{\"@type\":\"EntryPoint\",\"urlTemplate\":\"https:\/\/chemitool.com\/?s={search_term_string}\"},\"query-input\":\"required name=search_term_string\"}],\"inLanguage\":\"pt-PT\"},{\"@type\":\"ImageObject\",\"@id\":\"https:\/\/chemitool.com\/products\/chemical-products\/silicones\/chemisil-neutral-ultimate-ays-silicone\/#primaryimage\",\"inLanguage\":\"pt-PT\",\"url\":\"https:\/\/chemitool.com\/wp-content\/uploads\/2025\/02\/AYS.png\",\"contentUrl\":\"https:\/\/chemitool.com\/wp-content\/uploads\/2025\/02\/AYS.png\",\"width\":800,\"height\":800},{\"@type\":\"WebPage\",\"@id\":\"https:\/\/chemitool.com\/products\/chemical-products\/silicones\/chemisil-neutral-ultimate-ays-silicone\/#webpage\",\"url\":\"https:\/\/chemitool.com\/products\/chemical-products\/silicones\/chemisil-neutral-ultimate-ays-silicone\/\",\"name\":\"SILICONE NEUTRO ULTIMATE AYS CHEMISIL &ndash; Chemitool\",\"isPartOf\":{\"@id\":\"https:\/\/chemitool.com\/#website\"},\"primaryImageOfPage\":{\"@id\":\"https:\/\/chemitool.com\/products\/chemical-products\/silicones\/chemisil-neutral-ultimate-ays-silicone\/#primaryimage\"},\"datePublished\":\"2025-02-13T17:07:02+00:00\",\"dateModified\":\"2025-02-14T09:47:32+00:00\",\"description\":\"Silicone Neutro Ultimate AYS CHEMISIL \\u00e9 um selante monocomponente de base Alcoxy, que cura em contacto com a humidade atmosf\\u00e9rica, adequado para aplica\\u00e7\\u00f5es sanit\\u00e1rias.\",\"breadcrumb\":{\"@id\":\"https:\/\/chemitool.com\/products\/chemical-products\/silicones\/chemisil-neutral-ultimate-ays-silicone\/#breadcrumb\"},\"inLanguage\":\"pt-PT\",\"potentialAction\":[{\"@type\":\"ReadAction\",\"target\":[\"https:\/\/chemitool.com\/products\/chemical-products\/silicones\/chemisil-neutral-ultimate-ays-silicone\/\"]}]},{\"@type\":\"BreadcrumbList\",\"@id\":\"https:\/\/chemitool.com\/products\/chemical-products\/silicones\/chemisil-neutral-ultimate-ays-silicone\/#breadcrumb\",\"itemListElement\":[{\"@type\":\"ListItem\",\"position\":1,\"name\":\"Home\",\"item\":\"https:\/\/chemitool.com\/pt-pt\/\"},{\"@type\":\"ListItem\",\"position\":2,\"name\":\"Produtos\",\"item\":\"https:\/\/chemitool.com\/pt-pt\/produtos\/\"},{\"@type\":\"ListItem\",\"position\":3,\"name\":\"Chemicals\",\"item\":\"https:\/\/chemitool.com\/product-category\/chemical-products\/\"},{\"@type\":\"ListItem\",\"position\":4,\"name\":\"SILICONE NEUTRO ULTIMATE AYS CHEMISIL\"}]}]}<\/script>\n<!-- \/ Yoast SEO plugin. -->","yoast_head_json":{"title":"SILICONE NEUTRO ULTIMATE AYS CHEMISIL &ndash; Chemitool","description":"Silicone Neutro Ultimate AYS CHEMISIL \u00e9 um selante monocomponente de base Alcoxy, que cura em contacto com a humidade atmosf\u00e9rica, adequado para aplica\u00e7\u00f5es sanit\u00e1rias.","robots":{"index":"index","follow":"follow","max-snippet":"max-snippet:-1","max-image-preview":"max-image-preview:large","max-video-preview":"max-video-preview:-1"},"canonical":"https:\/\/chemitool.com\/pt-pt\/products\/chemical-products\/silicones\/chemisil-neutral-ultimate-ays-silicone\/","og_locale":"pt_PT","og_type":"article","og_title":"SILICONE NEUTRO ULTIMATE AYS CHEMISIL &ndash; Chemitool","og_description":"Silicone Neutro Ultimate AYS CHEMISIL \u00e9 um selante monocomponente de base Alcoxy, que cura em contacto com a humidade atmosf\u00e9rica, adequado para aplica\u00e7\u00f5es sanit\u00e1rias.","og_url":"https:\/\/chemitool.com\/products\/chemical-products\/silicones\/chemisil-neutral-ultimate-ays-silicone\/","og_site_name":"Chemitool","article_publisher":"https:\/\/www.facebook.com\/chemitool","article_modified_time":"2025-02-14T09:47:32+00:00","og_image":[{"width":800,"height":800,"url":"https:\/\/chemitool.com\/wp-content\/uploads\/2025\/02\/AYS.png","type":"image\/png"}],"twitter_card":"summary_large_image","twitter_misc":{"Tempo estimado de leitura":"1 minuto"},"schema":{"@context":"https:\/\/schema.org","@graph":[{"@type":"Organization","@id":"https:\/\/chemitool.com\/#organization","name":"Chemitool","url":"https:\/\/chemitool.com\/","sameAs":["https:\/\/www.facebook.com\/chemitool","https:\/\/www.instagram.com\/chemitool\/"],"logo":{"@type":"ImageObject","@id":"https:\/\/chemitool.com\/#logo","inLanguage":"pt-PT","url":"https:\/\/chemitool.com\/wp-content\/uploads\/2020\/10\/logo_chemitool.png","contentUrl":"https:\/\/chemitool.com\/wp-content\/uploads\/2020\/10\/logo_chemitool.png","width":400,"height":400,"caption":"Chemitool"},"image":{"@id":"https:\/\/chemitool.com\/#logo"}},{"@type":"WebSite","@id":"https:\/\/chemitool.com\/#website","url":"https:\/\/chemitool.com\/","name":"Chemitool","description":"Chemitool - hardware and tools","publisher":{"@id":"https:\/\/chemitool.com\/#organization"},"potentialAction":[{"@type":"SearchAction","target":{"@type":"EntryPoint","urlTemplate":"https:\/\/chemitool.com\/?s={search_term_string}"},"query-input":"required name=search_term_string"}],"inLanguage":"pt-PT"},{"@type":"ImageObject","@id":"https:\/\/chemitool.com\/products\/chemical-products\/silicones\/chemisil-neutral-ultimate-ays-silicone\/#primaryimage","inLanguage":"pt-PT","url":"https:\/\/chemitool.com\/wp-content\/uploads\/2025\/02\/AYS.png","contentUrl":"https:\/\/chemitool.com\/wp-content\/uploads\/2025\/02\/AYS.png","width":800,"height":800},{"@type":"WebPage","@id":"https:\/\/chemitool.com\/products\/chemical-products\/silicones\/chemisil-neutral-ultimate-ays-silicone\/#webpage","url":"https:\/\/chemitool.com\/products\/chemical-products\/silicones\/chemisil-neutral-ultimate-ays-silicone\/","name":"SILICONE NEUTRO ULTIMATE AYS CHEMISIL &ndash; Chemitool","isPartOf":{"@id":"https:\/\/chemitool.com\/#website"},"primaryImageOfPage":{"@id":"https:\/\/chemitool.com\/products\/chemical-products\/silicones\/chemisil-neutral-ultimate-ays-silicone\/#primaryimage"},"datePublished":"2025-02-13T17:07:02+00:00","dateModified":"2025-02-14T09:47:32+00:00","description":"Silicone Neutro Ultimate AYS CHEMISIL \u00e9 um selante monocomponente de base Alcoxy, que cura em contacto com a humidade atmosf\u00e9rica, adequado para aplica\u00e7\u00f5es sanit\u00e1rias.","breadcrumb":{"@id":"https:\/\/chemitool.com\/products\/chemical-products\/silicones\/chemisil-neutral-ultimate-ays-silicone\/#breadcrumb"},"inLanguage":"pt-PT","potentialAction":[{"@type":"ReadAction","target":["https:\/\/chemitool.com\/products\/chemical-products\/silicones\/chemisil-neutral-ultimate-ays-silicone\/"]}]},{"@type":"BreadcrumbList","@id":"https:\/\/chemitool.com\/products\/chemical-products\/silicones\/chemisil-neutral-ultimate-ays-silicone\/#breadcrumb","itemListElement":[{"@type":"ListItem","position":1,"name":"Home","item":"https:\/\/chemitool.com\/pt-pt\/"},{"@type":"ListItem","position":2,"name":"Produtos","item":"https:\/\/chemitool.com\/pt-pt\/produtos\/"},{"@type":"ListItem","position":3,"name":"Chemicals","item":"https:\/\/chemitool.com\/product-category\/chemical-products\/"},{"@type":"ListItem","position":4,"name":"SILICONE NEUTRO ULTIMATE AYS CHEMISIL"}]}]}},"_links":{"self":[{"href":"https:\/\/chemitool.com\/pt-pt\/wp-json\/wp\/v2\/product\/41508"}],"collection":[{"href":"https:\/\/chemitool.com\/pt-pt\/wp-json\/wp\/v2\/product"}],"about":[{"href":"https:\/\/chemitool.com\/pt-pt\/wp-json\/wp\/v2\/types\/product"}],"wp:featuredmedia":[{"embeddable":true,"href":"https:\/\/chemitool.com\/pt-pt\/wp-json\/wp\/v2\/media\/41504"}],"wp:attachment":[{"href":"https:\/\/chemitool.com\/pt-pt\/wp-json\/wp\/v2\/media?parent=41508"}],"wp:term":[{"taxonomy":"product_cat","embeddable":true,"href":"https:\/\/chemitool.com\/pt-pt\/wp-json\/wp\/v2\/product_cat?post=41508"},{"taxonomy":"product_tag","embeddable":true,"href":"https:\/\/chemitool.com\/pt-pt\/wp-json\/wp\/v2\/product_tag?post=41508"}],"curies":[{"name":"wp","href":"https:\/\/api.w.org\/{rel}","templated":true}]}}