{"id":41430,"date":"2025-02-05T16:06:35","date_gmt":"2025-02-05T16:06:36","guid":{"rendered":"https:\/\/chemitool.com\/?post_type=product&#038;p=41430"},"modified":"2025-07-31T14:41:45","modified_gmt":"2025-07-31T14:41:45","slug":"absorvedor-de-energia-31-a-sem-conetores","status":"publish","type":"product","link":"https:\/\/chemitool.com\/pt-pt\/products\/safety\/protecao-anti-queda\/absorvedor-de-energia-31-a-sem-conetores\/","title":{"rendered":"ABSORVEDOR DE ENERGIA 31-A SEM CONETORES"},"content":{"rendered":"<p>A vida \u00fatil te\u00f3rica do equipamento \u00e9 de 15 anos a partir da data de fabrica\u00e7\u00e3o.<\/p>\n<p>*Conectores vendidos separadamente.<\/p>\n<p><img class=\"alignnone size-full wp-image-31279\" src=\"https:\/\/chemitool.com\/wp-content\/uploads\/2023\/02\/Prancheta-179.png\" alt=\"\" width=\"106\" height=\"122\" \/><\/p>\n","protected":false},"excerpt":{"rendered":"<p><b class=\"sap-label\">SAP:<\/b> <span class=\"codesap-label\">CHS09040100<\/span><br \/>\n<em>Absorvedor de Energia 31-A sem Conectores CHEMITOOL<\/em> \u00e9 um componente indispens\u00e1vel para formar um sistema antiqueda seguro de preven\u00e7\u00e3o de quedas, capaz de suportar as situa\u00e7\u00f5es de trabalho mais exigentes. Foi concebido para ser ligado a um arn\u00eas de preven\u00e7\u00e3o de quedas atrav\u00e9s de um conector adequado, sem a utiliza\u00e7\u00e3o de cord\u00f5es.<\/p>\n","protected":false},"featured_media":41426,"template":"","meta":[],"product_cat":[1453,3499],"product_tag":[],"yoast_head":"<!-- This site is optimized with the Yoast SEO plugin v17.4 - https:\/\/yoast.com\/wordpress\/plugins\/seo\/ -->\n<title>ABSORVEDOR DE ENERGIA 31-A SEM CONETORES &ndash; Chemitool<\/title>\n<meta name=\"description\" content=\"SAP: CHS09040100 Absorvedor de Energia 31-A sem Conectores CHEMITOOL \u00e9 um componente indispens\u00e1vel para formar um sistema antiqueda seguro de preven\u00e7\u00e3o de quedas, capaz de suportar as situa\u00e7\u00f5es de trabalho mais exigentes. Foi concebido para ser ligado a um arn\u00eas de preven\u00e7\u00e3o de quedas atrav\u00e9s de um conector adequado, sem a utiliza\u00e7\u00e3o de cord\u00f5es.\" \/>\n<meta name=\"robots\" content=\"index, follow, max-snippet:-1, max-image-preview:large, max-video-preview:-1\" \/>\n<link rel=\"canonical\" href=\"https:\/\/chemitool.com\/pt-pt\/products\/safety\/fall-protection\/energy-absorber-31-a-without-connectors\/\" \/>\n<meta property=\"og:locale\" content=\"pt_PT\" \/>\n<meta property=\"og:type\" content=\"article\" \/>\n<meta property=\"og:title\" content=\"ABSORVEDOR DE ENERGIA 31-A SEM CONETORES &ndash; Chemitool\" \/>\n<meta property=\"og:description\" content=\"SAP: CHS09040100 Absorvedor de Energia 31-A sem Conectores CHEMITOOL \u00e9 um componente indispens\u00e1vel para formar um sistema antiqueda seguro de preven\u00e7\u00e3o de quedas, capaz de suportar as situa\u00e7\u00f5es de trabalho mais exigentes. Foi concebido para ser ligado a um arn\u00eas de preven\u00e7\u00e3o de quedas atrav\u00e9s de um conector adequado, sem a utiliza\u00e7\u00e3o de cord\u00f5es.\" \/>\n<meta property=\"og:url\" content=\"https:\/\/chemitool.com\/products\/safety\/fall-protection\/energy-absorber-31-a-without-connectors\/\" \/>\n<meta property=\"og:site_name\" content=\"Chemitool\" \/>\n<meta property=\"article:publisher\" content=\"https:\/\/www.facebook.com\/chemitool\" \/>\n<meta property=\"article:modified_time\" content=\"2025-07-31T14:41:45+00:00\" \/>\n<meta property=\"og:image\" content=\"https:\/\/chemitool.com\/wp-content\/uploads\/2025\/02\/chs09040100_absorvedor_energia_31A_0001_WEB.png\" \/>\n\t<meta property=\"og:image:width\" content=\"800\" \/>\n\t<meta property=\"og:image:height\" content=\"800\" \/>\n<meta name=\"twitter:card\" content=\"summary_large_image\" \/>\n<script type=\"application\/ld+json\" class=\"yoast-schema-graph\">{\"@context\":\"https:\/\/schema.org\",\"@graph\":[{\"@type\":\"Organization\",\"@id\":\"https:\/\/chemitool.com\/#organization\",\"name\":\"Chemitool\",\"url\":\"https:\/\/chemitool.com\/\",\"sameAs\":[\"https:\/\/www.facebook.com\/chemitool\",\"https:\/\/www.instagram.com\/chemitool\/\"],\"logo\":{\"@type\":\"ImageObject\",\"@id\":\"https:\/\/chemitool.com\/#logo\",\"inLanguage\":\"pt-PT\",\"url\":\"https:\/\/chemitool.com\/wp-content\/uploads\/2020\/10\/logo_chemitool.png\",\"contentUrl\":\"https:\/\/chemitool.com\/wp-content\/uploads\/2020\/10\/logo_chemitool.png\",\"width\":400,\"height\":400,\"caption\":\"Chemitool\"},\"image\":{\"@id\":\"https:\/\/chemitool.com\/#logo\"}},{\"@type\":\"WebSite\",\"@id\":\"https:\/\/chemitool.com\/#website\",\"url\":\"https:\/\/chemitool.com\/\",\"name\":\"Chemitool\",\"description\":\"Chemitool - hardware and tools\",\"publisher\":{\"@id\":\"https:\/\/chemitool.com\/#organization\"},\"potentialAction\":[{\"@type\":\"SearchAction\",\"target\":{\"@type\":\"EntryPoint\",\"urlTemplate\":\"https:\/\/chemitool.com\/?s={search_term_string}\"},\"query-input\":\"required name=search_term_string\"}],\"inLanguage\":\"pt-PT\"},{\"@type\":\"ImageObject\",\"@id\":\"https:\/\/chemitool.com\/products\/safety\/fall-protection\/energy-absorber-31-a-without-connectors\/#primaryimage\",\"inLanguage\":\"pt-PT\",\"url\":\"https:\/\/chemitool.com\/wp-content\/uploads\/2025\/02\/chs09040100_absorvedor_energia_31A_0001_WEB.png\",\"contentUrl\":\"https:\/\/chemitool.com\/wp-content\/uploads\/2025\/02\/chs09040100_absorvedor_energia_31A_0001_WEB.png\",\"width\":800,\"height\":800},{\"@type\":\"WebPage\",\"@id\":\"https:\/\/chemitool.com\/products\/safety\/fall-protection\/energy-absorber-31-a-without-connectors\/#webpage\",\"url\":\"https:\/\/chemitool.com\/products\/safety\/fall-protection\/energy-absorber-31-a-without-connectors\/\",\"name\":\"ABSORVEDOR DE ENERGIA 31-A SEM CONETORES &ndash; Chemitool\",\"isPartOf\":{\"@id\":\"https:\/\/chemitool.com\/#website\"},\"primaryImageOfPage\":{\"@id\":\"https:\/\/chemitool.com\/products\/safety\/fall-protection\/energy-absorber-31-a-without-connectors\/#primaryimage\"},\"datePublished\":\"2025-02-05T16:06:36+00:00\",\"dateModified\":\"2025-07-31T14:41:45+00:00\",\"description\":\"SAP: CHS09040100 Absorvedor de Energia 31-A sem Conectores CHEMITOOL \\u00e9 um componente indispens\\u00e1vel para formar um sistema antiqueda seguro de preven\\u00e7\\u00e3o de quedas, capaz de suportar as situa\\u00e7\\u00f5es de trabalho mais exigentes. Foi concebido para ser ligado a um arn\\u00eas de preven\\u00e7\\u00e3o de quedas atrav\\u00e9s de um conector adequado, sem a utiliza\\u00e7\\u00e3o de cord\\u00f5es.\",\"breadcrumb\":{\"@id\":\"https:\/\/chemitool.com\/products\/safety\/fall-protection\/energy-absorber-31-a-without-connectors\/#breadcrumb\"},\"inLanguage\":\"pt-PT\",\"potentialAction\":[{\"@type\":\"ReadAction\",\"target\":[\"https:\/\/chemitool.com\/products\/safety\/fall-protection\/energy-absorber-31-a-without-connectors\/\"]}]},{\"@type\":\"BreadcrumbList\",\"@id\":\"https:\/\/chemitool.com\/products\/safety\/fall-protection\/energy-absorber-31-a-without-connectors\/#breadcrumb\",\"itemListElement\":[{\"@type\":\"ListItem\",\"position\":1,\"name\":\"Home\",\"item\":\"https:\/\/chemitool.com\/pt-pt\/\"},{\"@type\":\"ListItem\",\"position\":2,\"name\":\"Produtos\",\"item\":\"https:\/\/chemitool.com\/pt-pt\/produtos\/\"},{\"@type\":\"ListItem\",\"position\":3,\"name\":\"Safety\",\"item\":\"https:\/\/chemitool.com\/product-category\/safety\/\"},{\"@type\":\"ListItem\",\"position\":4,\"name\":\"ABSORVEDOR DE ENERGIA 31-A SEM CONETORES\"}]}]}<\/script>\n<!-- \/ Yoast SEO plugin. -->","yoast_head_json":{"title":"ABSORVEDOR DE ENERGIA 31-A SEM CONETORES &ndash; Chemitool","description":"SAP: CHS09040100 Absorvedor de Energia 31-A sem Conectores CHEMITOOL \u00e9 um componente indispens\u00e1vel para formar um sistema antiqueda seguro de preven\u00e7\u00e3o de quedas, capaz de suportar as situa\u00e7\u00f5es de trabalho mais exigentes. Foi concebido para ser ligado a um arn\u00eas de preven\u00e7\u00e3o de quedas atrav\u00e9s de um conector adequado, sem a utiliza\u00e7\u00e3o de cord\u00f5es.","robots":{"index":"index","follow":"follow","max-snippet":"max-snippet:-1","max-image-preview":"max-image-preview:large","max-video-preview":"max-video-preview:-1"},"canonical":"https:\/\/chemitool.com\/pt-pt\/products\/safety\/fall-protection\/energy-absorber-31-a-without-connectors\/","og_locale":"pt_PT","og_type":"article","og_title":"ABSORVEDOR DE ENERGIA 31-A SEM CONETORES &ndash; Chemitool","og_description":"SAP: CHS09040100 Absorvedor de Energia 31-A sem Conectores CHEMITOOL \u00e9 um componente indispens\u00e1vel para formar um sistema antiqueda seguro de preven\u00e7\u00e3o de quedas, capaz de suportar as situa\u00e7\u00f5es de trabalho mais exigentes. Foi concebido para ser ligado a um arn\u00eas de preven\u00e7\u00e3o de quedas atrav\u00e9s de um conector adequado, sem a utiliza\u00e7\u00e3o de cord\u00f5es.","og_url":"https:\/\/chemitool.com\/products\/safety\/fall-protection\/energy-absorber-31-a-without-connectors\/","og_site_name":"Chemitool","article_publisher":"https:\/\/www.facebook.com\/chemitool","article_modified_time":"2025-07-31T14:41:45+00:00","og_image":[{"width":800,"height":800,"url":"https:\/\/chemitool.com\/wp-content\/uploads\/2025\/02\/chs09040100_absorvedor_energia_31A_0001_WEB.png","type":"image\/png"}],"twitter_card":"summary_large_image","schema":{"@context":"https:\/\/schema.org","@graph":[{"@type":"Organization","@id":"https:\/\/chemitool.com\/#organization","name":"Chemitool","url":"https:\/\/chemitool.com\/","sameAs":["https:\/\/www.facebook.com\/chemitool","https:\/\/www.instagram.com\/chemitool\/"],"logo":{"@type":"ImageObject","@id":"https:\/\/chemitool.com\/#logo","inLanguage":"pt-PT","url":"https:\/\/chemitool.com\/wp-content\/uploads\/2020\/10\/logo_chemitool.png","contentUrl":"https:\/\/chemitool.com\/wp-content\/uploads\/2020\/10\/logo_chemitool.png","width":400,"height":400,"caption":"Chemitool"},"image":{"@id":"https:\/\/chemitool.com\/#logo"}},{"@type":"WebSite","@id":"https:\/\/chemitool.com\/#website","url":"https:\/\/chemitool.com\/","name":"Chemitool","description":"Chemitool - hardware and tools","publisher":{"@id":"https:\/\/chemitool.com\/#organization"},"potentialAction":[{"@type":"SearchAction","target":{"@type":"EntryPoint","urlTemplate":"https:\/\/chemitool.com\/?s={search_term_string}"},"query-input":"required name=search_term_string"}],"inLanguage":"pt-PT"},{"@type":"ImageObject","@id":"https:\/\/chemitool.com\/products\/safety\/fall-protection\/energy-absorber-31-a-without-connectors\/#primaryimage","inLanguage":"pt-PT","url":"https:\/\/chemitool.com\/wp-content\/uploads\/2025\/02\/chs09040100_absorvedor_energia_31A_0001_WEB.png","contentUrl":"https:\/\/chemitool.com\/wp-content\/uploads\/2025\/02\/chs09040100_absorvedor_energia_31A_0001_WEB.png","width":800,"height":800},{"@type":"WebPage","@id":"https:\/\/chemitool.com\/products\/safety\/fall-protection\/energy-absorber-31-a-without-connectors\/#webpage","url":"https:\/\/chemitool.com\/products\/safety\/fall-protection\/energy-absorber-31-a-without-connectors\/","name":"ABSORVEDOR DE ENERGIA 31-A SEM CONETORES &ndash; Chemitool","isPartOf":{"@id":"https:\/\/chemitool.com\/#website"},"primaryImageOfPage":{"@id":"https:\/\/chemitool.com\/products\/safety\/fall-protection\/energy-absorber-31-a-without-connectors\/#primaryimage"},"datePublished":"2025-02-05T16:06:36+00:00","dateModified":"2025-07-31T14:41:45+00:00","description":"SAP: CHS09040100 Absorvedor de Energia 31-A sem Conectores CHEMITOOL \u00e9 um componente indispens\u00e1vel para formar um sistema antiqueda seguro de preven\u00e7\u00e3o de quedas, capaz de suportar as situa\u00e7\u00f5es de trabalho mais exigentes. Foi concebido para ser ligado a um arn\u00eas de preven\u00e7\u00e3o de quedas atrav\u00e9s de um conector adequado, sem a utiliza\u00e7\u00e3o de cord\u00f5es.","breadcrumb":{"@id":"https:\/\/chemitool.com\/products\/safety\/fall-protection\/energy-absorber-31-a-without-connectors\/#breadcrumb"},"inLanguage":"pt-PT","potentialAction":[{"@type":"ReadAction","target":["https:\/\/chemitool.com\/products\/safety\/fall-protection\/energy-absorber-31-a-without-connectors\/"]}]},{"@type":"BreadcrumbList","@id":"https:\/\/chemitool.com\/products\/safety\/fall-protection\/energy-absorber-31-a-without-connectors\/#breadcrumb","itemListElement":[{"@type":"ListItem","position":1,"name":"Home","item":"https:\/\/chemitool.com\/pt-pt\/"},{"@type":"ListItem","position":2,"name":"Produtos","item":"https:\/\/chemitool.com\/pt-pt\/produtos\/"},{"@type":"ListItem","position":3,"name":"Safety","item":"https:\/\/chemitool.com\/product-category\/safety\/"},{"@type":"ListItem","position":4,"name":"ABSORVEDOR DE ENERGIA 31-A SEM CONETORES"}]}]}},"_links":{"self":[{"href":"https:\/\/chemitool.com\/pt-pt\/wp-json\/wp\/v2\/product\/41430"}],"collection":[{"href":"https:\/\/chemitool.com\/pt-pt\/wp-json\/wp\/v2\/product"}],"about":[{"href":"https:\/\/chemitool.com\/pt-pt\/wp-json\/wp\/v2\/types\/product"}],"wp:featuredmedia":[{"embeddable":true,"href":"https:\/\/chemitool.com\/pt-pt\/wp-json\/wp\/v2\/media\/41426"}],"wp:attachment":[{"href":"https:\/\/chemitool.com\/pt-pt\/wp-json\/wp\/v2\/media?parent=41430"}],"wp:term":[{"taxonomy":"product_cat","embeddable":true,"href":"https:\/\/chemitool.com\/pt-pt\/wp-json\/wp\/v2\/product_cat?post=41430"},{"taxonomy":"product_tag","embeddable":true,"href":"https:\/\/chemitool.com\/pt-pt\/wp-json\/wp\/v2\/product_tag?post=41430"}],"curies":[{"name":"wp","href":"https:\/\/api.w.org\/{rel}","templated":true}]}}