{"id":41385,"date":"2025-02-05T14:58:54","date_gmt":"2025-02-05T14:58:55","guid":{"rendered":"https:\/\/chemitool.com\/?post_type=product&#038;p=41385"},"modified":"2025-02-05T15:52:44","modified_gmt":"2025-02-05T15:52:44","slug":"absorvedor-de-energia-35-a-com-corda-y","status":"publish","type":"product","link":"https:\/\/chemitool.com\/pt-pt\/products\/safety\/protecao-anti-queda\/absorvedor-de-energia-35-a-com-corda-y\/","title":{"rendered":"ABSORVEDOR DE ENERGIA 35-A COM CORDA Y"},"content":{"rendered":"<ul>\n<li>1 conector sim\u00e9trico com sistema de bloqueio manual de rosca<\/li>\n<li>2 conectores direcionais em a\u00e7o com bloqueio de seguran\u00e7a autom\u00e1tico<\/li>\n<li>1 faixa de absor\u00e7\u00e3o de energia rasgada, formada por duas pe\u00e7as t\u00eaxteis entrela\u00e7adas, dobradas e colocadas dentro de um saco t\u00eaxtil<\/li>\n<li>1 corda em Y composta por 2 cabos entran\u00e7ados de poliamida de tr\u00eas fios, com um di\u00e2metro de 14mm e uma elevada resist\u00eancia \u00e0 tra\u00e7\u00e3o<\/li>\n<\/ul>\n<p>A vida \u00fatil te\u00f3rica do equipamento \u00e9 de 15 anos a partir da data de fabrica\u00e7\u00e3o.<\/p>\n<p><img class=\"alignnone size-full wp-image-31279\" src=\"https:\/\/chemitool.com\/wp-content\/uploads\/2023\/02\/Prancheta-179.png\" alt=\"\" width=\"106\" height=\"122\" \/><\/p>\n","protected":false},"excerpt":{"rendered":"<p><b class=\"sap-label\">SAP:<\/b> <span class=\"codesap-label\">CHS09060100<\/span><br \/>\nO <em>Absorvedor de energia 35-A com corda Y CHEMITOOL<\/em> \u00e9 um componente indispens\u00e1vel para formar um sistema antiqueda seguro, capaz de suportar as situa\u00e7\u00f5es de trabalho mais exigentes. Foi concebido para ser ligado a um arn\u00eas antiqueda por meio de um conector apropriado, sem a utiliza\u00e7\u00e3o de cord\u00f5es.<\/p>\n","protected":false},"featured_media":41396,"template":"","meta":[],"product_cat":[1453,3499],"product_tag":[],"yoast_head":"<!-- This site is optimized with the Yoast SEO plugin v17.4 - https:\/\/yoast.com\/wordpress\/plugins\/seo\/ -->\n<title>ABSORVEDOR DE ENERGIA 35-A COM CORDA Y &ndash; Chemitool<\/title>\n<meta name=\"description\" content=\"SAP: CHS09060100 O Absorvedor de energia 35-A com corda Y CHEMITOOL \u00e9 um componente indispens\u00e1vel para formar um sistema antiqueda seguro, capaz de suportar as situa\u00e7\u00f5es de trabalho mais exigentes. Foi concebido para ser ligado a um arn\u00eas antiqueda por meio de um conector apropriado, sem a utiliza\u00e7\u00e3o de cord\u00f5es.\" \/>\n<meta name=\"robots\" content=\"index, follow, max-snippet:-1, max-image-preview:large, max-video-preview:-1\" \/>\n<link rel=\"canonical\" href=\"https:\/\/chemitool.com\/pt-pt\/products\/safety\/protecao-anti-queda\/absorvedor-de-energia-35-a-com-corda-y\/\" \/>\n<meta property=\"og:locale\" content=\"pt_PT\" \/>\n<meta property=\"og:type\" content=\"article\" \/>\n<meta property=\"og:title\" content=\"ABSORVEDOR DE ENERGIA 35-A COM CORDA Y &ndash; Chemitool\" \/>\n<meta property=\"og:description\" content=\"SAP: CHS09060100 O Absorvedor de energia 35-A com corda Y CHEMITOOL \u00e9 um componente indispens\u00e1vel para formar um sistema antiqueda seguro, capaz de suportar as situa\u00e7\u00f5es de trabalho mais exigentes. Foi concebido para ser ligado a um arn\u00eas antiqueda por meio de um conector apropriado, sem a utiliza\u00e7\u00e3o de cord\u00f5es.\" \/>\n<meta property=\"og:url\" content=\"https:\/\/chemitool.com\/pt-pt\/products\/safety\/protecao-anti-queda\/absorvedor-de-energia-35-a-com-corda-y\/\" \/>\n<meta property=\"og:site_name\" content=\"Chemitool\" \/>\n<meta property=\"article:publisher\" content=\"https:\/\/www.facebook.com\/chemitool\" \/>\n<meta property=\"article:modified_time\" content=\"2025-02-05T15:52:44+00:00\" \/>\n<meta property=\"og:image\" content=\"https:\/\/chemitool.com\/wp-content\/uploads\/2025\/02\/CHS09060100_0001_WEB.png\" \/>\n\t<meta property=\"og:image:width\" content=\"800\" \/>\n\t<meta property=\"og:image:height\" content=\"800\" \/>\n<meta name=\"twitter:card\" content=\"summary_large_image\" \/>\n<script type=\"application\/ld+json\" class=\"yoast-schema-graph\">{\"@context\":\"https:\/\/schema.org\",\"@graph\":[{\"@type\":\"Organization\",\"@id\":\"https:\/\/chemitool.com\/#organization\",\"name\":\"Chemitool\",\"url\":\"https:\/\/chemitool.com\/\",\"sameAs\":[\"https:\/\/www.facebook.com\/chemitool\",\"https:\/\/www.instagram.com\/chemitool\/\"],\"logo\":{\"@type\":\"ImageObject\",\"@id\":\"https:\/\/chemitool.com\/#logo\",\"inLanguage\":\"pt-PT\",\"url\":\"https:\/\/chemitool.com\/wp-content\/uploads\/2020\/10\/logo_chemitool.png\",\"contentUrl\":\"https:\/\/chemitool.com\/wp-content\/uploads\/2020\/10\/logo_chemitool.png\",\"width\":400,\"height\":400,\"caption\":\"Chemitool\"},\"image\":{\"@id\":\"https:\/\/chemitool.com\/#logo\"}},{\"@type\":\"WebSite\",\"@id\":\"https:\/\/chemitool.com\/#website\",\"url\":\"https:\/\/chemitool.com\/\",\"name\":\"Chemitool\",\"description\":\"Chemitool - hardware and tools\",\"publisher\":{\"@id\":\"https:\/\/chemitool.com\/#organization\"},\"potentialAction\":[{\"@type\":\"SearchAction\",\"target\":{\"@type\":\"EntryPoint\",\"urlTemplate\":\"https:\/\/chemitool.com\/?s={search_term_string}\"},\"query-input\":\"required name=search_term_string\"}],\"inLanguage\":\"pt-PT\"},{\"@type\":\"ImageObject\",\"@id\":\"https:\/\/chemitool.com\/pt-pt\/products\/safety\/protecao-anti-queda\/absorvedor-de-energia-35-a-com-corda-y\/#primaryimage\",\"inLanguage\":\"pt-PT\",\"url\":\"https:\/\/chemitool.com\/wp-content\/uploads\/2025\/02\/CHS09060100_0001_WEB.png\",\"contentUrl\":\"https:\/\/chemitool.com\/wp-content\/uploads\/2025\/02\/CHS09060100_0001_WEB.png\",\"width\":800,\"height\":800},{\"@type\":\"WebPage\",\"@id\":\"https:\/\/chemitool.com\/pt-pt\/products\/safety\/protecao-anti-queda\/absorvedor-de-energia-35-a-com-corda-y\/#webpage\",\"url\":\"https:\/\/chemitool.com\/pt-pt\/products\/safety\/protecao-anti-queda\/absorvedor-de-energia-35-a-com-corda-y\/\",\"name\":\"ABSORVEDOR DE ENERGIA 35-A COM CORDA Y &ndash; Chemitool\",\"isPartOf\":{\"@id\":\"https:\/\/chemitool.com\/#website\"},\"primaryImageOfPage\":{\"@id\":\"https:\/\/chemitool.com\/pt-pt\/products\/safety\/protecao-anti-queda\/absorvedor-de-energia-35-a-com-corda-y\/#primaryimage\"},\"datePublished\":\"2025-02-05T14:58:55+00:00\",\"dateModified\":\"2025-02-05T15:52:44+00:00\",\"description\":\"SAP: CHS09060100 O Absorvedor de energia 35-A com corda Y CHEMITOOL \\u00e9 um componente indispens\\u00e1vel para formar um sistema antiqueda seguro, capaz de suportar as situa\\u00e7\\u00f5es de trabalho mais exigentes. Foi concebido para ser ligado a um arn\\u00eas antiqueda por meio de um conector apropriado, sem a utiliza\\u00e7\\u00e3o de cord\\u00f5es.\",\"breadcrumb\":{\"@id\":\"https:\/\/chemitool.com\/pt-pt\/products\/safety\/protecao-anti-queda\/absorvedor-de-energia-35-a-com-corda-y\/#breadcrumb\"},\"inLanguage\":\"pt-PT\",\"potentialAction\":[{\"@type\":\"ReadAction\",\"target\":[\"https:\/\/chemitool.com\/pt-pt\/products\/safety\/protecao-anti-queda\/absorvedor-de-energia-35-a-com-corda-y\/\"]}]},{\"@type\":\"BreadcrumbList\",\"@id\":\"https:\/\/chemitool.com\/pt-pt\/products\/safety\/protecao-anti-queda\/absorvedor-de-energia-35-a-com-corda-y\/#breadcrumb\",\"itemListElement\":[{\"@type\":\"ListItem\",\"position\":1,\"name\":\"Home\",\"item\":\"https:\/\/chemitool.com\/pt-pt\/\"},{\"@type\":\"ListItem\",\"position\":2,\"name\":\"Produtos\",\"item\":\"https:\/\/chemitool.com\/pt-pt\/produtos\/\"},{\"@type\":\"ListItem\",\"position\":3,\"name\":\"Safety\",\"item\":\"https:\/\/chemitool.com\/pt-pt\/categoria-produto\/safety\/\"},{\"@type\":\"ListItem\",\"position\":4,\"name\":\"Prote\\u00e7\\u00e3o Antiqueda\",\"item\":\"https:\/\/chemitool.com\/pt-pt\/categoria-produto\/safety\/protecao-anti-queda\/\"},{\"@type\":\"ListItem\",\"position\":5,\"name\":\"ABSORVEDOR DE ENERGIA 35-A COM CORDA Y\"}]}]}<\/script>\n<!-- \/ Yoast SEO plugin. -->","yoast_head_json":{"title":"ABSORVEDOR DE ENERGIA 35-A COM CORDA Y &ndash; Chemitool","description":"SAP: CHS09060100 O Absorvedor de energia 35-A com corda Y CHEMITOOL \u00e9 um componente indispens\u00e1vel para formar um sistema antiqueda seguro, capaz de suportar as situa\u00e7\u00f5es de trabalho mais exigentes. Foi concebido para ser ligado a um arn\u00eas antiqueda por meio de um conector apropriado, sem a utiliza\u00e7\u00e3o de cord\u00f5es.","robots":{"index":"index","follow":"follow","max-snippet":"max-snippet:-1","max-image-preview":"max-image-preview:large","max-video-preview":"max-video-preview:-1"},"canonical":"https:\/\/chemitool.com\/pt-pt\/products\/safety\/protecao-anti-queda\/absorvedor-de-energia-35-a-com-corda-y\/","og_locale":"pt_PT","og_type":"article","og_title":"ABSORVEDOR DE ENERGIA 35-A COM CORDA Y &ndash; Chemitool","og_description":"SAP: CHS09060100 O Absorvedor de energia 35-A com corda Y CHEMITOOL \u00e9 um componente indispens\u00e1vel para formar um sistema antiqueda seguro, capaz de suportar as situa\u00e7\u00f5es de trabalho mais exigentes. Foi concebido para ser ligado a um arn\u00eas antiqueda por meio de um conector apropriado, sem a utiliza\u00e7\u00e3o de cord\u00f5es.","og_url":"https:\/\/chemitool.com\/pt-pt\/products\/safety\/protecao-anti-queda\/absorvedor-de-energia-35-a-com-corda-y\/","og_site_name":"Chemitool","article_publisher":"https:\/\/www.facebook.com\/chemitool","article_modified_time":"2025-02-05T15:52:44+00:00","og_image":[{"width":800,"height":800,"url":"https:\/\/chemitool.com\/wp-content\/uploads\/2025\/02\/CHS09060100_0001_WEB.png","type":"image\/png"}],"twitter_card":"summary_large_image","schema":{"@context":"https:\/\/schema.org","@graph":[{"@type":"Organization","@id":"https:\/\/chemitool.com\/#organization","name":"Chemitool","url":"https:\/\/chemitool.com\/","sameAs":["https:\/\/www.facebook.com\/chemitool","https:\/\/www.instagram.com\/chemitool\/"],"logo":{"@type":"ImageObject","@id":"https:\/\/chemitool.com\/#logo","inLanguage":"pt-PT","url":"https:\/\/chemitool.com\/wp-content\/uploads\/2020\/10\/logo_chemitool.png","contentUrl":"https:\/\/chemitool.com\/wp-content\/uploads\/2020\/10\/logo_chemitool.png","width":400,"height":400,"caption":"Chemitool"},"image":{"@id":"https:\/\/chemitool.com\/#logo"}},{"@type":"WebSite","@id":"https:\/\/chemitool.com\/#website","url":"https:\/\/chemitool.com\/","name":"Chemitool","description":"Chemitool - hardware and tools","publisher":{"@id":"https:\/\/chemitool.com\/#organization"},"potentialAction":[{"@type":"SearchAction","target":{"@type":"EntryPoint","urlTemplate":"https:\/\/chemitool.com\/?s={search_term_string}"},"query-input":"required name=search_term_string"}],"inLanguage":"pt-PT"},{"@type":"ImageObject","@id":"https:\/\/chemitool.com\/pt-pt\/products\/safety\/protecao-anti-queda\/absorvedor-de-energia-35-a-com-corda-y\/#primaryimage","inLanguage":"pt-PT","url":"https:\/\/chemitool.com\/wp-content\/uploads\/2025\/02\/CHS09060100_0001_WEB.png","contentUrl":"https:\/\/chemitool.com\/wp-content\/uploads\/2025\/02\/CHS09060100_0001_WEB.png","width":800,"height":800},{"@type":"WebPage","@id":"https:\/\/chemitool.com\/pt-pt\/products\/safety\/protecao-anti-queda\/absorvedor-de-energia-35-a-com-corda-y\/#webpage","url":"https:\/\/chemitool.com\/pt-pt\/products\/safety\/protecao-anti-queda\/absorvedor-de-energia-35-a-com-corda-y\/","name":"ABSORVEDOR DE ENERGIA 35-A COM CORDA Y &ndash; Chemitool","isPartOf":{"@id":"https:\/\/chemitool.com\/#website"},"primaryImageOfPage":{"@id":"https:\/\/chemitool.com\/pt-pt\/products\/safety\/protecao-anti-queda\/absorvedor-de-energia-35-a-com-corda-y\/#primaryimage"},"datePublished":"2025-02-05T14:58:55+00:00","dateModified":"2025-02-05T15:52:44+00:00","description":"SAP: CHS09060100 O Absorvedor de energia 35-A com corda Y CHEMITOOL \u00e9 um componente indispens\u00e1vel para formar um sistema antiqueda seguro, capaz de suportar as situa\u00e7\u00f5es de trabalho mais exigentes. Foi concebido para ser ligado a um arn\u00eas antiqueda por meio de um conector apropriado, sem a utiliza\u00e7\u00e3o de cord\u00f5es.","breadcrumb":{"@id":"https:\/\/chemitool.com\/pt-pt\/products\/safety\/protecao-anti-queda\/absorvedor-de-energia-35-a-com-corda-y\/#breadcrumb"},"inLanguage":"pt-PT","potentialAction":[{"@type":"ReadAction","target":["https:\/\/chemitool.com\/pt-pt\/products\/safety\/protecao-anti-queda\/absorvedor-de-energia-35-a-com-corda-y\/"]}]},{"@type":"BreadcrumbList","@id":"https:\/\/chemitool.com\/pt-pt\/products\/safety\/protecao-anti-queda\/absorvedor-de-energia-35-a-com-corda-y\/#breadcrumb","itemListElement":[{"@type":"ListItem","position":1,"name":"Home","item":"https:\/\/chemitool.com\/pt-pt\/"},{"@type":"ListItem","position":2,"name":"Produtos","item":"https:\/\/chemitool.com\/pt-pt\/produtos\/"},{"@type":"ListItem","position":3,"name":"Safety","item":"https:\/\/chemitool.com\/pt-pt\/categoria-produto\/safety\/"},{"@type":"ListItem","position":4,"name":"Prote\u00e7\u00e3o Antiqueda","item":"https:\/\/chemitool.com\/pt-pt\/categoria-produto\/safety\/protecao-anti-queda\/"},{"@type":"ListItem","position":5,"name":"ABSORVEDOR DE ENERGIA 35-A COM CORDA Y"}]}]}},"_links":{"self":[{"href":"https:\/\/chemitool.com\/pt-pt\/wp-json\/wp\/v2\/product\/41385"}],"collection":[{"href":"https:\/\/chemitool.com\/pt-pt\/wp-json\/wp\/v2\/product"}],"about":[{"href":"https:\/\/chemitool.com\/pt-pt\/wp-json\/wp\/v2\/types\/product"}],"wp:featuredmedia":[{"embeddable":true,"href":"https:\/\/chemitool.com\/pt-pt\/wp-json\/wp\/v2\/media\/41396"}],"wp:attachment":[{"href":"https:\/\/chemitool.com\/pt-pt\/wp-json\/wp\/v2\/media?parent=41385"}],"wp:term":[{"taxonomy":"product_cat","embeddable":true,"href":"https:\/\/chemitool.com\/pt-pt\/wp-json\/wp\/v2\/product_cat?post=41385"},{"taxonomy":"product_tag","embeddable":true,"href":"https:\/\/chemitool.com\/pt-pt\/wp-json\/wp\/v2\/product_tag?post=41385"}],"curies":[{"name":"wp","href":"https:\/\/api.w.org\/{rel}","templated":true}]}}