{"id":4120,"date":"2020-04-21T09:47:19","date_gmt":"2020-04-21T09:47:19","guid":{"rendered":"https:\/\/chemitool.com\/products\/sem%20categoria\/spray-de-vaselina-chemisol\/"},"modified":"2021-11-03T16:35:36","modified_gmt":"2021-11-03T16:35:36","slug":"spray-de-vaselina-chemisol","status":"publish","type":"product","link":"https:\/\/chemitool.com\/pt-pt\/products\/chemicals\/sprays-pt\/industria-alimentar\/spray-de-vaselina-chemisol\/","title":{"rendered":"SPRAY DE VASELINA CHEMISOL"},"content":{"rendered":"<p><strong>VANTAGENS<\/strong><\/p>\n<ul>\n<li>Produto registado na NSF<em>*<\/em><\/li>\n<li>Repelente de \u00e1gua<\/li>\n<li>Excelente ader\u00eancia<\/li>\n<li>Previne desgaste e colagem<\/li>\n<li>Resistente \u00e0s influ\u00eancias climat\u00e9ricas<\/li>\n<li>Resistente \u00e0 \u00e1gua salgada, \u00e1cidos fracos e base<\/li>\n<li>Excelente preven\u00e7\u00e3o de corros\u00e3o<\/li>\n<li>Pulveriza\u00e7\u00e3o nebulosa<\/li>\n<\/ul>\n<p><strong>INDICA\u00c7\u00d5ES<\/strong><\/p>\n<p>O spray deve estar \u00e0 temperatura ambiente. A melhor temperatura de utiliza\u00e7\u00e3o deve ser de 5\u00b0C a 30\u00b0C.<br \/>\nAntes de usar, agitar a lata de spray por 2 minutos e pulverizar uma amostra. Dist\u00e2ncia da superf\u00edcie a ser tratada deve ser de aproximadamente 25 a 30 cent\u00edmetros.<\/p>\n<p><em>* Registo National Sanitation Foundation NSF-H1, n\u00famero 139848.<\/em><\/p>\n","protected":false},"excerpt":{"rendered":"<p><b class=\"sap-label\">SAP:<\/b> <span class=\"codesap-label\">CHC010101<\/span><\/p>\n<p><em>Spray de Vaselina CHEMISOL<\/em> \u00e9 um lubrificante viscoso, protetor, de alta qualidade. Recomendado para utiliza\u00e7\u00e3o na ind\u00fastria alimentar de acordo com o registo H1 na NSF.<\/p>\n","protected":false},"featured_media":4691,"template":"","meta":[],"product_cat":[109,1217,1244],"product_tag":[146],"yoast_head":"<!-- This site is optimized with the Yoast SEO plugin v17.4 - https:\/\/yoast.com\/wordpress\/plugins\/seo\/ -->\n<title>SPRAY DE VASELINA CHEMISOL &ndash; Chemitool<\/title>\n<meta name=\"description\" content=\"SAP: CHC010101  Spray de Vaselina CHEMISOL \u00e9 um lubrificante viscoso, protetor, de alta qualidade. Recomendado para utiliza\u00e7\u00e3o na ind\u00fastria alimentar de acordo com o registo H1 na NSF.\" \/>\n<meta name=\"robots\" content=\"index, follow, max-snippet:-1, max-image-preview:large, max-video-preview:-1\" \/>\n<link rel=\"canonical\" href=\"https:\/\/chemitool.com\/pt-pt\/products\/chemicals\/sprays-pt\/industria-alimentar\/spray-de-vaselina-chemisol\/\" \/>\n<meta property=\"og:locale\" content=\"pt_PT\" \/>\n<meta property=\"og:type\" content=\"article\" \/>\n<meta property=\"og:title\" content=\"SPRAY DE VASELINA CHEMISOL &ndash; Chemitool\" \/>\n<meta property=\"og:description\" content=\"SAP: CHC010101  Spray de Vaselina CHEMISOL \u00e9 um lubrificante viscoso, protetor, de alta qualidade. Recomendado para utiliza\u00e7\u00e3o na ind\u00fastria alimentar de acordo com o registo H1 na NSF.\" \/>\n<meta property=\"og:url\" content=\"https:\/\/chemitool.com\/pt-pt\/products\/chemicals\/sprays-pt\/industria-alimentar\/spray-de-vaselina-chemisol\/\" \/>\n<meta property=\"og:site_name\" content=\"Chemitool\" \/>\n<meta property=\"article:publisher\" content=\"https:\/\/www.facebook.com\/chemitool\" \/>\n<meta property=\"article:modified_time\" content=\"2021-11-03T16:35:36+00:00\" \/>\n<meta property=\"og:image\" content=\"https:\/\/chemitool.com\/wp-content\/uploads\/2020\/04\/VASELINE-ALIMENTAR.png\" \/>\n\t<meta property=\"og:image:width\" content=\"800\" \/>\n\t<meta property=\"og:image:height\" content=\"800\" \/>\n<meta name=\"twitter:card\" content=\"summary_large_image\" \/>\n<script type=\"application\/ld+json\" class=\"yoast-schema-graph\">{\"@context\":\"https:\/\/schema.org\",\"@graph\":[{\"@type\":\"Organization\",\"@id\":\"https:\/\/chemitool.com\/#organization\",\"name\":\"Chemitool\",\"url\":\"https:\/\/chemitool.com\/\",\"sameAs\":[\"https:\/\/www.facebook.com\/chemitool\",\"https:\/\/www.instagram.com\/chemitool\/\"],\"logo\":{\"@type\":\"ImageObject\",\"@id\":\"https:\/\/chemitool.com\/#logo\",\"inLanguage\":\"pt-PT\",\"url\":\"https:\/\/chemitool.com\/wp-content\/uploads\/2020\/10\/logo_chemitool.png\",\"contentUrl\":\"https:\/\/chemitool.com\/wp-content\/uploads\/2020\/10\/logo_chemitool.png\",\"width\":400,\"height\":400,\"caption\":\"Chemitool\"},\"image\":{\"@id\":\"https:\/\/chemitool.com\/#logo\"}},{\"@type\":\"WebSite\",\"@id\":\"https:\/\/chemitool.com\/#website\",\"url\":\"https:\/\/chemitool.com\/\",\"name\":\"Chemitool\",\"description\":\"Chemitool - hardware and tools\",\"publisher\":{\"@id\":\"https:\/\/chemitool.com\/#organization\"},\"potentialAction\":[{\"@type\":\"SearchAction\",\"target\":{\"@type\":\"EntryPoint\",\"urlTemplate\":\"https:\/\/chemitool.com\/?s={search_term_string}\"},\"query-input\":\"required name=search_term_string\"}],\"inLanguage\":\"pt-PT\"},{\"@type\":\"ImageObject\",\"@id\":\"https:\/\/chemitool.com\/pt-pt\/products\/chemicals\/sprays-pt\/industria-alimentar\/spray-de-vaselina-chemisol\/#primaryimage\",\"inLanguage\":\"pt-PT\",\"url\":\"https:\/\/chemitool.com\/wp-content\/uploads\/2020\/04\/VASELINE-ALIMENTAR.png\",\"contentUrl\":\"https:\/\/chemitool.com\/wp-content\/uploads\/2020\/04\/VASELINE-ALIMENTAR.png\",\"width\":800,\"height\":800},{\"@type\":\"WebPage\",\"@id\":\"https:\/\/chemitool.com\/pt-pt\/products\/chemicals\/sprays-pt\/industria-alimentar\/spray-de-vaselina-chemisol\/#webpage\",\"url\":\"https:\/\/chemitool.com\/pt-pt\/products\/chemicals\/sprays-pt\/industria-alimentar\/spray-de-vaselina-chemisol\/\",\"name\":\"SPRAY DE VASELINA CHEMISOL &ndash; Chemitool\",\"isPartOf\":{\"@id\":\"https:\/\/chemitool.com\/#website\"},\"primaryImageOfPage\":{\"@id\":\"https:\/\/chemitool.com\/pt-pt\/products\/chemicals\/sprays-pt\/industria-alimentar\/spray-de-vaselina-chemisol\/#primaryimage\"},\"datePublished\":\"2020-04-21T09:47:19+00:00\",\"dateModified\":\"2021-11-03T16:35:36+00:00\",\"description\":\"SAP: CHC010101 Spray de Vaselina CHEMISOL \\u00e9 um lubrificante viscoso, protetor, de alta qualidade. Recomendado para utiliza\\u00e7\\u00e3o na ind\\u00fastria alimentar de acordo com o registo H1 na NSF.\",\"breadcrumb\":{\"@id\":\"https:\/\/chemitool.com\/pt-pt\/products\/chemicals\/sprays-pt\/industria-alimentar\/spray-de-vaselina-chemisol\/#breadcrumb\"},\"inLanguage\":\"pt-PT\",\"potentialAction\":[{\"@type\":\"ReadAction\",\"target\":[\"https:\/\/chemitool.com\/pt-pt\/products\/chemicals\/sprays-pt\/industria-alimentar\/spray-de-vaselina-chemisol\/\"]}]},{\"@type\":\"BreadcrumbList\",\"@id\":\"https:\/\/chemitool.com\/pt-pt\/products\/chemicals\/sprays-pt\/industria-alimentar\/spray-de-vaselina-chemisol\/#breadcrumb\",\"itemListElement\":[{\"@type\":\"ListItem\",\"position\":1,\"name\":\"Home\",\"item\":\"https:\/\/chemitool.com\/pt-pt\/\"},{\"@type\":\"ListItem\",\"position\":2,\"name\":\"Produtos\",\"item\":\"https:\/\/chemitool.com\/pt-pt\/produtos\/\"},{\"@type\":\"ListItem\",\"position\":3,\"name\":\"Chemicals\",\"item\":\"https:\/\/chemitool.com\/product-category\/chemical-products\/\"},{\"@type\":\"ListItem\",\"position\":4,\"name\":\"SPRAY DE VASELINA CHEMISOL\"}]}]}<\/script>\n<!-- \/ Yoast SEO plugin. -->","yoast_head_json":{"title":"SPRAY DE VASELINA CHEMISOL &ndash; Chemitool","description":"SAP: CHC010101  Spray de Vaselina CHEMISOL \u00e9 um lubrificante viscoso, protetor, de alta qualidade. Recomendado para utiliza\u00e7\u00e3o na ind\u00fastria alimentar de acordo com o registo H1 na NSF.","robots":{"index":"index","follow":"follow","max-snippet":"max-snippet:-1","max-image-preview":"max-image-preview:large","max-video-preview":"max-video-preview:-1"},"canonical":"https:\/\/chemitool.com\/pt-pt\/products\/chemicals\/sprays-pt\/industria-alimentar\/spray-de-vaselina-chemisol\/","og_locale":"pt_PT","og_type":"article","og_title":"SPRAY DE VASELINA CHEMISOL &ndash; Chemitool","og_description":"SAP: CHC010101  Spray de Vaselina CHEMISOL \u00e9 um lubrificante viscoso, protetor, de alta qualidade. Recomendado para utiliza\u00e7\u00e3o na ind\u00fastria alimentar de acordo com o registo H1 na NSF.","og_url":"https:\/\/chemitool.com\/pt-pt\/products\/chemicals\/sprays-pt\/industria-alimentar\/spray-de-vaselina-chemisol\/","og_site_name":"Chemitool","article_publisher":"https:\/\/www.facebook.com\/chemitool","article_modified_time":"2021-11-03T16:35:36+00:00","og_image":[{"width":800,"height":800,"url":"https:\/\/chemitool.com\/wp-content\/uploads\/2020\/04\/VASELINE-ALIMENTAR.png","type":"image\/png"}],"twitter_card":"summary_large_image","schema":{"@context":"https:\/\/schema.org","@graph":[{"@type":"Organization","@id":"https:\/\/chemitool.com\/#organization","name":"Chemitool","url":"https:\/\/chemitool.com\/","sameAs":["https:\/\/www.facebook.com\/chemitool","https:\/\/www.instagram.com\/chemitool\/"],"logo":{"@type":"ImageObject","@id":"https:\/\/chemitool.com\/#logo","inLanguage":"pt-PT","url":"https:\/\/chemitool.com\/wp-content\/uploads\/2020\/10\/logo_chemitool.png","contentUrl":"https:\/\/chemitool.com\/wp-content\/uploads\/2020\/10\/logo_chemitool.png","width":400,"height":400,"caption":"Chemitool"},"image":{"@id":"https:\/\/chemitool.com\/#logo"}},{"@type":"WebSite","@id":"https:\/\/chemitool.com\/#website","url":"https:\/\/chemitool.com\/","name":"Chemitool","description":"Chemitool - hardware and tools","publisher":{"@id":"https:\/\/chemitool.com\/#organization"},"potentialAction":[{"@type":"SearchAction","target":{"@type":"EntryPoint","urlTemplate":"https:\/\/chemitool.com\/?s={search_term_string}"},"query-input":"required name=search_term_string"}],"inLanguage":"pt-PT"},{"@type":"ImageObject","@id":"https:\/\/chemitool.com\/pt-pt\/products\/chemicals\/sprays-pt\/industria-alimentar\/spray-de-vaselina-chemisol\/#primaryimage","inLanguage":"pt-PT","url":"https:\/\/chemitool.com\/wp-content\/uploads\/2020\/04\/VASELINE-ALIMENTAR.png","contentUrl":"https:\/\/chemitool.com\/wp-content\/uploads\/2020\/04\/VASELINE-ALIMENTAR.png","width":800,"height":800},{"@type":"WebPage","@id":"https:\/\/chemitool.com\/pt-pt\/products\/chemicals\/sprays-pt\/industria-alimentar\/spray-de-vaselina-chemisol\/#webpage","url":"https:\/\/chemitool.com\/pt-pt\/products\/chemicals\/sprays-pt\/industria-alimentar\/spray-de-vaselina-chemisol\/","name":"SPRAY DE VASELINA CHEMISOL &ndash; Chemitool","isPartOf":{"@id":"https:\/\/chemitool.com\/#website"},"primaryImageOfPage":{"@id":"https:\/\/chemitool.com\/pt-pt\/products\/chemicals\/sprays-pt\/industria-alimentar\/spray-de-vaselina-chemisol\/#primaryimage"},"datePublished":"2020-04-21T09:47:19+00:00","dateModified":"2021-11-03T16:35:36+00:00","description":"SAP: CHC010101 Spray de Vaselina CHEMISOL \u00e9 um lubrificante viscoso, protetor, de alta qualidade. Recomendado para utiliza\u00e7\u00e3o na ind\u00fastria alimentar de acordo com o registo H1 na NSF.","breadcrumb":{"@id":"https:\/\/chemitool.com\/pt-pt\/products\/chemicals\/sprays-pt\/industria-alimentar\/spray-de-vaselina-chemisol\/#breadcrumb"},"inLanguage":"pt-PT","potentialAction":[{"@type":"ReadAction","target":["https:\/\/chemitool.com\/pt-pt\/products\/chemicals\/sprays-pt\/industria-alimentar\/spray-de-vaselina-chemisol\/"]}]},{"@type":"BreadcrumbList","@id":"https:\/\/chemitool.com\/pt-pt\/products\/chemicals\/sprays-pt\/industria-alimentar\/spray-de-vaselina-chemisol\/#breadcrumb","itemListElement":[{"@type":"ListItem","position":1,"name":"Home","item":"https:\/\/chemitool.com\/pt-pt\/"},{"@type":"ListItem","position":2,"name":"Produtos","item":"https:\/\/chemitool.com\/pt-pt\/produtos\/"},{"@type":"ListItem","position":3,"name":"Chemicals","item":"https:\/\/chemitool.com\/product-category\/chemical-products\/"},{"@type":"ListItem","position":4,"name":"SPRAY DE VASELINA CHEMISOL"}]}]}},"_links":{"self":[{"href":"https:\/\/chemitool.com\/pt-pt\/wp-json\/wp\/v2\/product\/4120"}],"collection":[{"href":"https:\/\/chemitool.com\/pt-pt\/wp-json\/wp\/v2\/product"}],"about":[{"href":"https:\/\/chemitool.com\/pt-pt\/wp-json\/wp\/v2\/types\/product"}],"wp:featuredmedia":[{"embeddable":true,"href":"https:\/\/chemitool.com\/pt-pt\/wp-json\/wp\/v2\/media\/4691"}],"wp:attachment":[{"href":"https:\/\/chemitool.com\/pt-pt\/wp-json\/wp\/v2\/media?parent=4120"}],"wp:term":[{"taxonomy":"product_cat","embeddable":true,"href":"https:\/\/chemitool.com\/pt-pt\/wp-json\/wp\/v2\/product_cat?post=4120"},{"taxonomy":"product_tag","embeddable":true,"href":"https:\/\/chemitool.com\/pt-pt\/wp-json\/wp\/v2\/product_tag?post=4120"}],"curies":[{"name":"wp","href":"https:\/\/api.w.org\/{rel}","templated":true}]}}