{"id":4114,"date":"2020-04-21T11:35:38","date_gmt":"2020-04-21T11:35:38","guid":{"rendered":"https:\/\/chemitool.com\/products\/sem%20categoria\/spray-de-limpeza-de-carburadores-chemisol\/"},"modified":"2021-11-03T15:39:58","modified_gmt":"2021-11-03T15:39:58","slug":"spray-de-limpeza-de-carburadores-chemisol","status":"publish","type":"product","link":"https:\/\/chemitool.com\/pt-pt\/products\/chemicals\/sprays-pt\/auto\/spray-de-limpeza-de-carburadores-chemisol\/","title":{"rendered":"SPRAY DE LIMPEZA DE CARBURADORES CHEMISOL"},"content":{"rendered":"<p><strong>VANTAGENS<\/strong><\/p>\n<ul>\n<li>Jato direto<\/li>\n<li>Alta dissolu\u00e7\u00e3o<\/li>\n<li>N\u00e3o deixa res\u00edduos<\/li>\n<li>N\u00e3o corrosivo<\/li>\n<\/ul>\n<p><strong>INDICA\u00c7\u00d5ES<\/strong><\/p>\n<p>A superf\u00edcie deve estar limpa, seca e desengordurada. Lixar a superf\u00edcie.<br \/>\nO spray deve estar \u00e0 temperatura ambiente. A melhor temperatura de utiliza\u00e7\u00e3o \u00e9 entre 5\u00b0C e 30\u00b0C. Antes de usar, agitar a lata de spray por 2 minutos e pulverizar uma amostra. Dist\u00e2ncia da superf\u00edcie a ser tratada deve ser de aproximadamente 25 a 30 cent\u00edmetros.<\/p>\n","protected":false},"excerpt":{"rendered":"<p><b class=\"sap-label\">SAP:<\/b> <span class=\"codesap-label\">CHC020201<\/span><\/p>\n<p><em>Spray de Limpeza de Carburadores CHEMISOL<\/em>\u00a0\u00e9 um produto de alta qualidade, indicado para o interior e o exterior de carburadores e v\u00e1lvulas, sem necessidade de desmontagem.<\/p>\n","protected":false},"featured_media":45278,"template":"","meta":[],"product_cat":[109,1217,1238],"product_tag":[145],"yoast_head":"<!-- This site is optimized with the Yoast SEO plugin v17.4 - https:\/\/yoast.com\/wordpress\/plugins\/seo\/ -->\n<title>SPRAY DE LIMPEZA DE CARBURADORES CHEMISOL &ndash; Chemitool<\/title>\n<meta name=\"description\" content=\"SAP: CHC020201  Spray de Limpeza de Carburadores CHEMISOL\u00a0\u00e9 um produto de alta qualidade, indicado para o interior e o exterior de carburadores e v\u00e1lvulas, sem necessidade de desmontagem.\" \/>\n<meta name=\"robots\" content=\"index, follow, max-snippet:-1, max-image-preview:large, max-video-preview:-1\" \/>\n<link rel=\"canonical\" href=\"https:\/\/chemitool.com\/pt-pt\/products\/chemicals\/sprays-pt\/auto\/spray-de-limpeza-de-carburadores-chemisol\/\" \/>\n<meta property=\"og:locale\" content=\"pt_PT\" \/>\n<meta property=\"og:type\" content=\"article\" \/>\n<meta property=\"og:title\" content=\"SPRAY DE LIMPEZA DE CARBURADORES CHEMISOL &ndash; Chemitool\" \/>\n<meta property=\"og:description\" content=\"SAP: CHC020201  Spray de Limpeza de Carburadores CHEMISOL\u00a0\u00e9 um produto de alta qualidade, indicado para o interior e o exterior de carburadores e v\u00e1lvulas, sem necessidade de desmontagem.\" \/>\n<meta property=\"og:url\" content=\"https:\/\/chemitool.com\/pt-pt\/products\/chemicals\/sprays-pt\/auto\/spray-de-limpeza-de-carburadores-chemisol\/\" \/>\n<meta property=\"og:site_name\" content=\"Chemitool\" \/>\n<meta property=\"article:publisher\" content=\"https:\/\/www.facebook.com\/chemitool\" \/>\n<meta property=\"article:modified_time\" content=\"2021-11-03T15:39:58+00:00\" \/>\n<meta property=\"og:image\" content=\"https:\/\/chemitool.com\/wp-content\/uploads\/2020\/04\/CARBURETTOR-CLEANER.png\" \/>\n\t<meta property=\"og:image:width\" content=\"800\" \/>\n\t<meta property=\"og:image:height\" content=\"800\" \/>\n<meta name=\"twitter:card\" content=\"summary_large_image\" \/>\n<script type=\"application\/ld+json\" class=\"yoast-schema-graph\">{\"@context\":\"https:\/\/schema.org\",\"@graph\":[{\"@type\":\"Organization\",\"@id\":\"https:\/\/chemitool.com\/#organization\",\"name\":\"Chemitool\",\"url\":\"https:\/\/chemitool.com\/\",\"sameAs\":[\"https:\/\/www.facebook.com\/chemitool\",\"https:\/\/www.instagram.com\/chemitool\/\"],\"logo\":{\"@type\":\"ImageObject\",\"@id\":\"https:\/\/chemitool.com\/#logo\",\"inLanguage\":\"pt-PT\",\"url\":\"https:\/\/chemitool.com\/wp-content\/uploads\/2020\/10\/logo_chemitool.png\",\"contentUrl\":\"https:\/\/chemitool.com\/wp-content\/uploads\/2020\/10\/logo_chemitool.png\",\"width\":400,\"height\":400,\"caption\":\"Chemitool\"},\"image\":{\"@id\":\"https:\/\/chemitool.com\/#logo\"}},{\"@type\":\"WebSite\",\"@id\":\"https:\/\/chemitool.com\/#website\",\"url\":\"https:\/\/chemitool.com\/\",\"name\":\"Chemitool\",\"description\":\"Chemitool - hardware and tools\",\"publisher\":{\"@id\":\"https:\/\/chemitool.com\/#organization\"},\"potentialAction\":[{\"@type\":\"SearchAction\",\"target\":{\"@type\":\"EntryPoint\",\"urlTemplate\":\"https:\/\/chemitool.com\/?s={search_term_string}\"},\"query-input\":\"required name=search_term_string\"}],\"inLanguage\":\"pt-PT\"},{\"@type\":\"ImageObject\",\"@id\":\"https:\/\/chemitool.com\/pt-pt\/products\/chemicals\/sprays-pt\/auto\/spray-de-limpeza-de-carburadores-chemisol\/#primaryimage\",\"inLanguage\":\"pt-PT\",\"url\":\"https:\/\/chemitool.com\/wp-content\/uploads\/2026\/02\/CHC020201_web.png\",\"contentUrl\":\"https:\/\/chemitool.com\/wp-content\/uploads\/2026\/02\/CHC020201_web.png\",\"width\":800,\"height\":800},{\"@type\":\"WebPage\",\"@id\":\"https:\/\/chemitool.com\/pt-pt\/products\/chemicals\/sprays-pt\/auto\/spray-de-limpeza-de-carburadores-chemisol\/#webpage\",\"url\":\"https:\/\/chemitool.com\/pt-pt\/products\/chemicals\/sprays-pt\/auto\/spray-de-limpeza-de-carburadores-chemisol\/\",\"name\":\"SPRAY DE LIMPEZA DE CARBURADORES CHEMISOL &ndash; Chemitool\",\"isPartOf\":{\"@id\":\"https:\/\/chemitool.com\/#website\"},\"primaryImageOfPage\":{\"@id\":\"https:\/\/chemitool.com\/pt-pt\/products\/chemicals\/sprays-pt\/auto\/spray-de-limpeza-de-carburadores-chemisol\/#primaryimage\"},\"datePublished\":\"2020-04-21T11:35:38+00:00\",\"dateModified\":\"2021-11-03T15:39:58+00:00\",\"description\":\"SAP: CHC020201 Spray de Limpeza de Carburadores CHEMISOL\\u00a0\\u00e9 um produto de alta qualidade, indicado para o interior e o exterior de carburadores e v\\u00e1lvulas, sem necessidade de desmontagem.\",\"breadcrumb\":{\"@id\":\"https:\/\/chemitool.com\/pt-pt\/products\/chemicals\/sprays-pt\/auto\/spray-de-limpeza-de-carburadores-chemisol\/#breadcrumb\"},\"inLanguage\":\"pt-PT\",\"potentialAction\":[{\"@type\":\"ReadAction\",\"target\":[\"https:\/\/chemitool.com\/pt-pt\/products\/chemicals\/sprays-pt\/auto\/spray-de-limpeza-de-carburadores-chemisol\/\"]}]},{\"@type\":\"BreadcrumbList\",\"@id\":\"https:\/\/chemitool.com\/pt-pt\/products\/chemicals\/sprays-pt\/auto\/spray-de-limpeza-de-carburadores-chemisol\/#breadcrumb\",\"itemListElement\":[{\"@type\":\"ListItem\",\"position\":1,\"name\":\"Home\",\"item\":\"https:\/\/chemitool.com\/pt-pt\/\"},{\"@type\":\"ListItem\",\"position\":2,\"name\":\"Produtos\",\"item\":\"https:\/\/chemitool.com\/pt-pt\/produtos\/\"},{\"@type\":\"ListItem\",\"position\":3,\"name\":\"Chemicals\",\"item\":\"https:\/\/chemitool.com\/product-category\/chemical-products\/\"},{\"@type\":\"ListItem\",\"position\":4,\"name\":\"SPRAY DE LIMPEZA DE CARBURADORES CHEMISOL\"}]}]}<\/script>\n<!-- \/ Yoast SEO plugin. -->","yoast_head_json":{"title":"SPRAY DE LIMPEZA DE CARBURADORES CHEMISOL &ndash; Chemitool","description":"SAP: CHC020201  Spray de Limpeza de Carburadores CHEMISOL\u00a0\u00e9 um produto de alta qualidade, indicado para o interior e o exterior de carburadores e v\u00e1lvulas, sem necessidade de desmontagem.","robots":{"index":"index","follow":"follow","max-snippet":"max-snippet:-1","max-image-preview":"max-image-preview:large","max-video-preview":"max-video-preview:-1"},"canonical":"https:\/\/chemitool.com\/pt-pt\/products\/chemicals\/sprays-pt\/auto\/spray-de-limpeza-de-carburadores-chemisol\/","og_locale":"pt_PT","og_type":"article","og_title":"SPRAY DE LIMPEZA DE CARBURADORES CHEMISOL &ndash; Chemitool","og_description":"SAP: CHC020201  Spray de Limpeza de Carburadores CHEMISOL\u00a0\u00e9 um produto de alta qualidade, indicado para o interior e o exterior de carburadores e v\u00e1lvulas, sem necessidade de desmontagem.","og_url":"https:\/\/chemitool.com\/pt-pt\/products\/chemicals\/sprays-pt\/auto\/spray-de-limpeza-de-carburadores-chemisol\/","og_site_name":"Chemitool","article_publisher":"https:\/\/www.facebook.com\/chemitool","article_modified_time":"2021-11-03T15:39:58+00:00","og_image":[{"width":800,"height":800,"url":"https:\/\/chemitool.com\/wp-content\/uploads\/2020\/04\/CARBURETTOR-CLEANER.png","type":"image\/png"}],"twitter_card":"summary_large_image","schema":{"@context":"https:\/\/schema.org","@graph":[{"@type":"Organization","@id":"https:\/\/chemitool.com\/#organization","name":"Chemitool","url":"https:\/\/chemitool.com\/","sameAs":["https:\/\/www.facebook.com\/chemitool","https:\/\/www.instagram.com\/chemitool\/"],"logo":{"@type":"ImageObject","@id":"https:\/\/chemitool.com\/#logo","inLanguage":"pt-PT","url":"https:\/\/chemitool.com\/wp-content\/uploads\/2020\/10\/logo_chemitool.png","contentUrl":"https:\/\/chemitool.com\/wp-content\/uploads\/2020\/10\/logo_chemitool.png","width":400,"height":400,"caption":"Chemitool"},"image":{"@id":"https:\/\/chemitool.com\/#logo"}},{"@type":"WebSite","@id":"https:\/\/chemitool.com\/#website","url":"https:\/\/chemitool.com\/","name":"Chemitool","description":"Chemitool - hardware and tools","publisher":{"@id":"https:\/\/chemitool.com\/#organization"},"potentialAction":[{"@type":"SearchAction","target":{"@type":"EntryPoint","urlTemplate":"https:\/\/chemitool.com\/?s={search_term_string}"},"query-input":"required name=search_term_string"}],"inLanguage":"pt-PT"},{"@type":"ImageObject","@id":"https:\/\/chemitool.com\/pt-pt\/products\/chemicals\/sprays-pt\/auto\/spray-de-limpeza-de-carburadores-chemisol\/#primaryimage","inLanguage":"pt-PT","url":"https:\/\/chemitool.com\/wp-content\/uploads\/2026\/02\/CHC020201_web.png","contentUrl":"https:\/\/chemitool.com\/wp-content\/uploads\/2026\/02\/CHC020201_web.png","width":800,"height":800},{"@type":"WebPage","@id":"https:\/\/chemitool.com\/pt-pt\/products\/chemicals\/sprays-pt\/auto\/spray-de-limpeza-de-carburadores-chemisol\/#webpage","url":"https:\/\/chemitool.com\/pt-pt\/products\/chemicals\/sprays-pt\/auto\/spray-de-limpeza-de-carburadores-chemisol\/","name":"SPRAY DE LIMPEZA DE CARBURADORES CHEMISOL &ndash; Chemitool","isPartOf":{"@id":"https:\/\/chemitool.com\/#website"},"primaryImageOfPage":{"@id":"https:\/\/chemitool.com\/pt-pt\/products\/chemicals\/sprays-pt\/auto\/spray-de-limpeza-de-carburadores-chemisol\/#primaryimage"},"datePublished":"2020-04-21T11:35:38+00:00","dateModified":"2021-11-03T15:39:58+00:00","description":"SAP: CHC020201 Spray de Limpeza de Carburadores CHEMISOL\u00a0\u00e9 um produto de alta qualidade, indicado para o interior e o exterior de carburadores e v\u00e1lvulas, sem necessidade de desmontagem.","breadcrumb":{"@id":"https:\/\/chemitool.com\/pt-pt\/products\/chemicals\/sprays-pt\/auto\/spray-de-limpeza-de-carburadores-chemisol\/#breadcrumb"},"inLanguage":"pt-PT","potentialAction":[{"@type":"ReadAction","target":["https:\/\/chemitool.com\/pt-pt\/products\/chemicals\/sprays-pt\/auto\/spray-de-limpeza-de-carburadores-chemisol\/"]}]},{"@type":"BreadcrumbList","@id":"https:\/\/chemitool.com\/pt-pt\/products\/chemicals\/sprays-pt\/auto\/spray-de-limpeza-de-carburadores-chemisol\/#breadcrumb","itemListElement":[{"@type":"ListItem","position":1,"name":"Home","item":"https:\/\/chemitool.com\/pt-pt\/"},{"@type":"ListItem","position":2,"name":"Produtos","item":"https:\/\/chemitool.com\/pt-pt\/produtos\/"},{"@type":"ListItem","position":3,"name":"Chemicals","item":"https:\/\/chemitool.com\/product-category\/chemical-products\/"},{"@type":"ListItem","position":4,"name":"SPRAY DE LIMPEZA DE CARBURADORES CHEMISOL"}]}]}},"_links":{"self":[{"href":"https:\/\/chemitool.com\/pt-pt\/wp-json\/wp\/v2\/product\/4114"}],"collection":[{"href":"https:\/\/chemitool.com\/pt-pt\/wp-json\/wp\/v2\/product"}],"about":[{"href":"https:\/\/chemitool.com\/pt-pt\/wp-json\/wp\/v2\/types\/product"}],"wp:featuredmedia":[{"embeddable":true,"href":"https:\/\/chemitool.com\/pt-pt\/wp-json\/wp\/v2\/media\/45278"}],"wp:attachment":[{"href":"https:\/\/chemitool.com\/pt-pt\/wp-json\/wp\/v2\/media?parent=4114"}],"wp:term":[{"taxonomy":"product_cat","embeddable":true,"href":"https:\/\/chemitool.com\/pt-pt\/wp-json\/wp\/v2\/product_cat?post=4114"},{"taxonomy":"product_tag","embeddable":true,"href":"https:\/\/chemitool.com\/pt-pt\/wp-json\/wp\/v2\/product_tag?post=4114"}],"curies":[{"name":"wp","href":"https:\/\/api.w.org\/{rel}","templated":true}]}}