{"id":4110,"date":"2020-04-21T11:47:35","date_gmt":"2020-04-21T11:47:35","guid":{"rendered":"https:\/\/chemitool.com\/products\/sem%20categoria\/spray-arranque-rapido-chemisol\/"},"modified":"2021-11-03T15:49:58","modified_gmt":"2021-11-03T15:49:58","slug":"spray-arranque-rapido-chemisol","status":"publish","type":"product","link":"https:\/\/chemitool.com\/pt-pt\/products\/chemicals\/sprays-pt\/auto\/spray-arranque-rapido-chemisol\/","title":{"rendered":"SPRAY ARRANQUE R\u00c1PIDO CHEMISOL"},"content":{"rendered":"<p><strong>VANTAGENS<\/strong><\/p>\n<ul>\n<li>A\u00e7\u00e3o r\u00e1pida<\/li>\n<li>\u00c0 base de \u00e9ter<\/li>\n<li>Padr\u00e3o de pulveriza\u00e7\u00e3o nebuloso<\/li>\n<\/ul>\n<p><strong>INDICA\u00c7\u00d5ES<\/strong><\/p>\n<p>O spray deve estar \u00e0 temperatura ambiente. A melhor temperatura de utiliza\u00e7\u00e3o \u00e9 entre 5\u00b0C e 30\u00b0C.<br \/>\nAntes de usar, agitar a lata de spray por 2 minutos e pulverizar uma amostra. Dist\u00e2ncia da superf\u00edcie a ser tratada deve ser de aproximadamente 25 a 30 cent\u00edmetros.<\/p>\n","protected":false},"excerpt":{"rendered":"<p><b class=\"sap-label\">SAP:<\/b> <span class=\"codesap-label\">CHC020318<\/span><\/p>\n<p><em>Spray Arranque R\u00e1pido CHEMISOL<\/em> \u00e9 um produto de alta qualidade, indicado para arranque de motores de combust\u00e3o interna.<\/p>\n","protected":false},"featured_media":45262,"template":"","meta":[],"product_cat":[109,1217,1238],"product_tag":[145],"yoast_head":"<!-- This site is optimized with the Yoast SEO plugin v17.4 - https:\/\/yoast.com\/wordpress\/plugins\/seo\/ -->\n<title>SPRAY ARRANQUE R\u00c1PIDO CHEMISOL &ndash; Chemitool<\/title>\n<meta name=\"description\" content=\"SAP: CHC020318  Spray Arranque R\u00e1pido CHEMISOL \u00e9 um produto de alta qualidade, indicado para arranque de motores de combust\u00e3o interna.\" \/>\n<meta name=\"robots\" content=\"index, follow, max-snippet:-1, max-image-preview:large, max-video-preview:-1\" \/>\n<link rel=\"canonical\" href=\"https:\/\/chemitool.com\/pt-pt\/products\/chemicals\/sprays-pt\/auto\/spray-arranque-rapido-chemisol\/\" \/>\n<meta property=\"og:locale\" content=\"pt_PT\" \/>\n<meta property=\"og:type\" content=\"article\" \/>\n<meta property=\"og:title\" content=\"SPRAY ARRANQUE R\u00c1PIDO CHEMISOL &ndash; Chemitool\" \/>\n<meta property=\"og:description\" content=\"SAP: CHC020318  Spray Arranque R\u00e1pido CHEMISOL \u00e9 um produto de alta qualidade, indicado para arranque de motores de combust\u00e3o interna.\" \/>\n<meta property=\"og:url\" content=\"https:\/\/chemitool.com\/pt-pt\/products\/chemicals\/sprays-pt\/auto\/spray-arranque-rapido-chemisol\/\" \/>\n<meta property=\"og:site_name\" content=\"Chemitool\" \/>\n<meta property=\"article:publisher\" content=\"https:\/\/www.facebook.com\/chemitool\" \/>\n<meta property=\"article:modified_time\" content=\"2021-11-03T15:49:58+00:00\" \/>\n<meta property=\"og:image\" content=\"https:\/\/chemitool.com\/wp-content\/uploads\/2020\/04\/QUICK-START.png\" \/>\n\t<meta property=\"og:image:width\" content=\"800\" \/>\n\t<meta property=\"og:image:height\" content=\"800\" \/>\n<meta name=\"twitter:card\" content=\"summary_large_image\" \/>\n<script type=\"application\/ld+json\" class=\"yoast-schema-graph\">{\"@context\":\"https:\/\/schema.org\",\"@graph\":[{\"@type\":\"Organization\",\"@id\":\"https:\/\/chemitool.com\/#organization\",\"name\":\"Chemitool\",\"url\":\"https:\/\/chemitool.com\/\",\"sameAs\":[\"https:\/\/www.facebook.com\/chemitool\",\"https:\/\/www.instagram.com\/chemitool\/\"],\"logo\":{\"@type\":\"ImageObject\",\"@id\":\"https:\/\/chemitool.com\/#logo\",\"inLanguage\":\"pt-PT\",\"url\":\"https:\/\/chemitool.com\/wp-content\/uploads\/2020\/10\/logo_chemitool.png\",\"contentUrl\":\"https:\/\/chemitool.com\/wp-content\/uploads\/2020\/10\/logo_chemitool.png\",\"width\":400,\"height\":400,\"caption\":\"Chemitool\"},\"image\":{\"@id\":\"https:\/\/chemitool.com\/#logo\"}},{\"@type\":\"WebSite\",\"@id\":\"https:\/\/chemitool.com\/#website\",\"url\":\"https:\/\/chemitool.com\/\",\"name\":\"Chemitool\",\"description\":\"Chemitool - hardware and tools\",\"publisher\":{\"@id\":\"https:\/\/chemitool.com\/#organization\"},\"potentialAction\":[{\"@type\":\"SearchAction\",\"target\":{\"@type\":\"EntryPoint\",\"urlTemplate\":\"https:\/\/chemitool.com\/?s={search_term_string}\"},\"query-input\":\"required name=search_term_string\"}],\"inLanguage\":\"pt-PT\"},{\"@type\":\"ImageObject\",\"@id\":\"https:\/\/chemitool.com\/pt-pt\/products\/chemicals\/sprays-pt\/auto\/spray-arranque-rapido-chemisol\/#primaryimage\",\"inLanguage\":\"pt-PT\",\"url\":\"https:\/\/chemitool.com\/wp-content\/uploads\/2026\/02\/CHC020318_web.png\",\"contentUrl\":\"https:\/\/chemitool.com\/wp-content\/uploads\/2026\/02\/CHC020318_web.png\",\"width\":800,\"height\":800},{\"@type\":\"WebPage\",\"@id\":\"https:\/\/chemitool.com\/pt-pt\/products\/chemicals\/sprays-pt\/auto\/spray-arranque-rapido-chemisol\/#webpage\",\"url\":\"https:\/\/chemitool.com\/pt-pt\/products\/chemicals\/sprays-pt\/auto\/spray-arranque-rapido-chemisol\/\",\"name\":\"SPRAY ARRANQUE R\\u00c1PIDO CHEMISOL &ndash; Chemitool\",\"isPartOf\":{\"@id\":\"https:\/\/chemitool.com\/#website\"},\"primaryImageOfPage\":{\"@id\":\"https:\/\/chemitool.com\/pt-pt\/products\/chemicals\/sprays-pt\/auto\/spray-arranque-rapido-chemisol\/#primaryimage\"},\"datePublished\":\"2020-04-21T11:47:35+00:00\",\"dateModified\":\"2021-11-03T15:49:58+00:00\",\"description\":\"SAP: CHC020318 Spray Arranque R\\u00e1pido CHEMISOL \\u00e9 um produto de alta qualidade, indicado para arranque de motores de combust\\u00e3o interna.\",\"breadcrumb\":{\"@id\":\"https:\/\/chemitool.com\/pt-pt\/products\/chemicals\/sprays-pt\/auto\/spray-arranque-rapido-chemisol\/#breadcrumb\"},\"inLanguage\":\"pt-PT\",\"potentialAction\":[{\"@type\":\"ReadAction\",\"target\":[\"https:\/\/chemitool.com\/pt-pt\/products\/chemicals\/sprays-pt\/auto\/spray-arranque-rapido-chemisol\/\"]}]},{\"@type\":\"BreadcrumbList\",\"@id\":\"https:\/\/chemitool.com\/pt-pt\/products\/chemicals\/sprays-pt\/auto\/spray-arranque-rapido-chemisol\/#breadcrumb\",\"itemListElement\":[{\"@type\":\"ListItem\",\"position\":1,\"name\":\"Home\",\"item\":\"https:\/\/chemitool.com\/pt-pt\/\"},{\"@type\":\"ListItem\",\"position\":2,\"name\":\"Produtos\",\"item\":\"https:\/\/chemitool.com\/pt-pt\/produtos\/\"},{\"@type\":\"ListItem\",\"position\":3,\"name\":\"Chemicals\",\"item\":\"https:\/\/chemitool.com\/product-category\/chemical-products\/\"},{\"@type\":\"ListItem\",\"position\":4,\"name\":\"SPRAY ARRANQUE R\\u00c1PIDO CHEMISOL\"}]}]}<\/script>\n<!-- \/ Yoast SEO plugin. -->","yoast_head_json":{"title":"SPRAY ARRANQUE R\u00c1PIDO CHEMISOL &ndash; Chemitool","description":"SAP: CHC020318  Spray Arranque R\u00e1pido CHEMISOL \u00e9 um produto de alta qualidade, indicado para arranque de motores de combust\u00e3o interna.","robots":{"index":"index","follow":"follow","max-snippet":"max-snippet:-1","max-image-preview":"max-image-preview:large","max-video-preview":"max-video-preview:-1"},"canonical":"https:\/\/chemitool.com\/pt-pt\/products\/chemicals\/sprays-pt\/auto\/spray-arranque-rapido-chemisol\/","og_locale":"pt_PT","og_type":"article","og_title":"SPRAY ARRANQUE R\u00c1PIDO CHEMISOL &ndash; Chemitool","og_description":"SAP: CHC020318  Spray Arranque R\u00e1pido CHEMISOL \u00e9 um produto de alta qualidade, indicado para arranque de motores de combust\u00e3o interna.","og_url":"https:\/\/chemitool.com\/pt-pt\/products\/chemicals\/sprays-pt\/auto\/spray-arranque-rapido-chemisol\/","og_site_name":"Chemitool","article_publisher":"https:\/\/www.facebook.com\/chemitool","article_modified_time":"2021-11-03T15:49:58+00:00","og_image":[{"width":800,"height":800,"url":"https:\/\/chemitool.com\/wp-content\/uploads\/2020\/04\/QUICK-START.png","type":"image\/png"}],"twitter_card":"summary_large_image","schema":{"@context":"https:\/\/schema.org","@graph":[{"@type":"Organization","@id":"https:\/\/chemitool.com\/#organization","name":"Chemitool","url":"https:\/\/chemitool.com\/","sameAs":["https:\/\/www.facebook.com\/chemitool","https:\/\/www.instagram.com\/chemitool\/"],"logo":{"@type":"ImageObject","@id":"https:\/\/chemitool.com\/#logo","inLanguage":"pt-PT","url":"https:\/\/chemitool.com\/wp-content\/uploads\/2020\/10\/logo_chemitool.png","contentUrl":"https:\/\/chemitool.com\/wp-content\/uploads\/2020\/10\/logo_chemitool.png","width":400,"height":400,"caption":"Chemitool"},"image":{"@id":"https:\/\/chemitool.com\/#logo"}},{"@type":"WebSite","@id":"https:\/\/chemitool.com\/#website","url":"https:\/\/chemitool.com\/","name":"Chemitool","description":"Chemitool - hardware and tools","publisher":{"@id":"https:\/\/chemitool.com\/#organization"},"potentialAction":[{"@type":"SearchAction","target":{"@type":"EntryPoint","urlTemplate":"https:\/\/chemitool.com\/?s={search_term_string}"},"query-input":"required name=search_term_string"}],"inLanguage":"pt-PT"},{"@type":"ImageObject","@id":"https:\/\/chemitool.com\/pt-pt\/products\/chemicals\/sprays-pt\/auto\/spray-arranque-rapido-chemisol\/#primaryimage","inLanguage":"pt-PT","url":"https:\/\/chemitool.com\/wp-content\/uploads\/2026\/02\/CHC020318_web.png","contentUrl":"https:\/\/chemitool.com\/wp-content\/uploads\/2026\/02\/CHC020318_web.png","width":800,"height":800},{"@type":"WebPage","@id":"https:\/\/chemitool.com\/pt-pt\/products\/chemicals\/sprays-pt\/auto\/spray-arranque-rapido-chemisol\/#webpage","url":"https:\/\/chemitool.com\/pt-pt\/products\/chemicals\/sprays-pt\/auto\/spray-arranque-rapido-chemisol\/","name":"SPRAY ARRANQUE R\u00c1PIDO CHEMISOL &ndash; Chemitool","isPartOf":{"@id":"https:\/\/chemitool.com\/#website"},"primaryImageOfPage":{"@id":"https:\/\/chemitool.com\/pt-pt\/products\/chemicals\/sprays-pt\/auto\/spray-arranque-rapido-chemisol\/#primaryimage"},"datePublished":"2020-04-21T11:47:35+00:00","dateModified":"2021-11-03T15:49:58+00:00","description":"SAP: CHC020318 Spray Arranque R\u00e1pido CHEMISOL \u00e9 um produto de alta qualidade, indicado para arranque de motores de combust\u00e3o interna.","breadcrumb":{"@id":"https:\/\/chemitool.com\/pt-pt\/products\/chemicals\/sprays-pt\/auto\/spray-arranque-rapido-chemisol\/#breadcrumb"},"inLanguage":"pt-PT","potentialAction":[{"@type":"ReadAction","target":["https:\/\/chemitool.com\/pt-pt\/products\/chemicals\/sprays-pt\/auto\/spray-arranque-rapido-chemisol\/"]}]},{"@type":"BreadcrumbList","@id":"https:\/\/chemitool.com\/pt-pt\/products\/chemicals\/sprays-pt\/auto\/spray-arranque-rapido-chemisol\/#breadcrumb","itemListElement":[{"@type":"ListItem","position":1,"name":"Home","item":"https:\/\/chemitool.com\/pt-pt\/"},{"@type":"ListItem","position":2,"name":"Produtos","item":"https:\/\/chemitool.com\/pt-pt\/produtos\/"},{"@type":"ListItem","position":3,"name":"Chemicals","item":"https:\/\/chemitool.com\/product-category\/chemical-products\/"},{"@type":"ListItem","position":4,"name":"SPRAY ARRANQUE R\u00c1PIDO CHEMISOL"}]}]}},"_links":{"self":[{"href":"https:\/\/chemitool.com\/pt-pt\/wp-json\/wp\/v2\/product\/4110"}],"collection":[{"href":"https:\/\/chemitool.com\/pt-pt\/wp-json\/wp\/v2\/product"}],"about":[{"href":"https:\/\/chemitool.com\/pt-pt\/wp-json\/wp\/v2\/types\/product"}],"wp:featuredmedia":[{"embeddable":true,"href":"https:\/\/chemitool.com\/pt-pt\/wp-json\/wp\/v2\/media\/45262"}],"wp:attachment":[{"href":"https:\/\/chemitool.com\/pt-pt\/wp-json\/wp\/v2\/media?parent=4110"}],"wp:term":[{"taxonomy":"product_cat","embeddable":true,"href":"https:\/\/chemitool.com\/pt-pt\/wp-json\/wp\/v2\/product_cat?post=4110"},{"taxonomy":"product_tag","embeddable":true,"href":"https:\/\/chemitool.com\/pt-pt\/wp-json\/wp\/v2\/product_tag?post=4110"}],"curies":[{"name":"wp","href":"https:\/\/api.w.org\/{rel}","templated":true}]}}