{"id":40626,"date":"2025-01-02T09:32:24","date_gmt":"2025-01-02T09:32:26","guid":{"rendered":"https:\/\/chemitool.com\/?post_type=product&#038;p=40626"},"modified":"2025-01-02T10:52:03","modified_gmt":"2025-01-02T10:52:03","slug":"calcas-defence","status":"publish","type":"product","link":"https:\/\/chemitool.com\/pt-pt\/products\/safety\/vestuario-tecnico\/soldadura-pt-pt\/calcas-defence\/","title":{"rendered":"CAL\u00c7AS DEFENCE"},"content":{"rendered":"<ul>\n<li>Antiest\u00e1tico, anti\u00e1cido, ign\u00edfugo, resistente ao arco el\u00e9trico<\/li>\n<li>Costuras em cor contrastante duplas e triplas em fio ign\u00edfugo<\/li>\n<li>Cintura elevada na parte traseira para maior cobertura<\/li>\n<\/ul>\n<p><img class=\"alignnone size-full wp-image-40590\" src=\"https:\/\/chemitool.com\/wp-content\/uploads\/2024\/12\/EN-ISO-11611-A1A2-CLASSE1.png\" alt=\"\" width=\"104\" height=\"119\" \/><img class=\"alignnone size-full wp-image-24537\" src=\"https:\/\/chemitool.com\/wp-content\/uploads\/2022\/07\/EN_ISO_11612_ABCDEF.png\" alt=\"\" width=\"105\" height=\"121\" \/><img class=\"alignnone size-full wp-image-24529\" src=\"https:\/\/chemitool.com\/wp-content\/uploads\/2022\/07\/EN-1149-5.png\" alt=\"\" width=\"104\" height=\"119\" \/><img class=\"alignnone size-full wp-image-40593\" src=\"https:\/\/chemitool.com\/wp-content\/uploads\/2024\/12\/EN-13034-TypePB6.png\" alt=\"\" width=\"104\" height=\"119\" \/><img class=\"alignnone size-full wp-image-40596\" src=\"https:\/\/chemitool.com\/wp-content\/uploads\/2024\/12\/IEC-61482-2.png\" alt=\"\" width=\"104\" height=\"119\" \/><\/p>\n","protected":false},"excerpt":{"rendered":"<p>As <em>Cal\u00e7as Defense CHEMITOOL <\/em>antiest\u00e1ticas e ign\u00edfugas, s\u00e3o ideais para soldadores, com resist\u00eancia ao arco el\u00e9trico e produtos qu\u00edmicos. Possuem costuras refor\u00e7adas, cinto elevado na parte traseira para maior cobertura, fecho met\u00e1lico protegido, e bolsos funcionais com paletas e velcro, incluindo bolsos traseiros com bandas refletoras. Todos os acess\u00f3rios vis\u00edveis s\u00e3o resistentes a chamas e n\u00e3o entram em contacto met\u00e1lico direto com a pele.<\/p>\n","protected":false},"featured_media":40663,"template":"","meta":[],"product_cat":[1453,3454,3457,3455],"product_tag":[],"yoast_head":"<!-- This site is optimized with the Yoast SEO plugin v17.4 - https:\/\/yoast.com\/wordpress\/plugins\/seo\/ -->\n<title>CAL\u00c7AS DEFENCE &ndash; Chemitool<\/title>\n<meta name=\"description\" content=\"As Cal\u00e7as Defense CHEMITOOL antiest\u00e1ticas e ign\u00edfugas, s\u00e3o ideais para soldadores, com resist\u00eancia ao arco el\u00e9trico e produtos qu\u00edmicos. Possuem costuras refor\u00e7adas, cinto elevado na parte traseira para maior cobertura, fecho met\u00e1lico protegido, e bolsos funcionais com paletas e velcro, incluindo bolsos traseiros com bandas refletoras. Todos os acess\u00f3rios vis\u00edveis s\u00e3o resistentes a chamas e n\u00e3o entram em contacto met\u00e1lico direto com a pele.\" \/>\n<meta name=\"robots\" content=\"index, follow, max-snippet:-1, max-image-preview:large, max-video-preview:-1\" \/>\n<link rel=\"canonical\" href=\"https:\/\/chemitool.com\/pt-pt\/products\/safety\/technical-clothing\/multi-norm\/trousers-fence\/\" \/>\n<meta property=\"og:locale\" content=\"pt_PT\" \/>\n<meta property=\"og:type\" content=\"article\" \/>\n<meta property=\"og:title\" content=\"CAL\u00c7AS DEFENCE &ndash; Chemitool\" \/>\n<meta property=\"og:description\" content=\"As Cal\u00e7as Defense CHEMITOOL antiest\u00e1ticas e ign\u00edfugas, s\u00e3o ideais para soldadores, com resist\u00eancia ao arco el\u00e9trico e produtos qu\u00edmicos. Possuem costuras refor\u00e7adas, cinto elevado na parte traseira para maior cobertura, fecho met\u00e1lico protegido, e bolsos funcionais com paletas e velcro, incluindo bolsos traseiros com bandas refletoras. Todos os acess\u00f3rios vis\u00edveis s\u00e3o resistentes a chamas e n\u00e3o entram em contacto met\u00e1lico direto com a pele.\" \/>\n<meta property=\"og:url\" content=\"https:\/\/chemitool.com\/products\/safety\/technical-clothing\/multi-norm\/trousers-fence\/\" \/>\n<meta property=\"og:site_name\" content=\"Chemitool\" \/>\n<meta property=\"article:publisher\" content=\"https:\/\/www.facebook.com\/chemitool\" \/>\n<meta property=\"article:modified_time\" content=\"2025-01-02T10:52:03+00:00\" \/>\n<meta property=\"og:image\" content=\"https:\/\/chemitool.com\/wp-content\/uploads\/2025\/01\/CALCAS-DEFENCE-FR-1.png\" \/>\n\t<meta property=\"og:image:width\" content=\"800\" \/>\n\t<meta property=\"og:image:height\" content=\"800\" \/>\n<meta name=\"twitter:card\" content=\"summary_large_image\" \/>\n<script type=\"application\/ld+json\" class=\"yoast-schema-graph\">{\"@context\":\"https:\/\/schema.org\",\"@graph\":[{\"@type\":\"Organization\",\"@id\":\"https:\/\/chemitool.com\/#organization\",\"name\":\"Chemitool\",\"url\":\"https:\/\/chemitool.com\/\",\"sameAs\":[\"https:\/\/www.facebook.com\/chemitool\",\"https:\/\/www.instagram.com\/chemitool\/\"],\"logo\":{\"@type\":\"ImageObject\",\"@id\":\"https:\/\/chemitool.com\/#logo\",\"inLanguage\":\"pt-PT\",\"url\":\"https:\/\/chemitool.com\/wp-content\/uploads\/2020\/10\/logo_chemitool.png\",\"contentUrl\":\"https:\/\/chemitool.com\/wp-content\/uploads\/2020\/10\/logo_chemitool.png\",\"width\":400,\"height\":400,\"caption\":\"Chemitool\"},\"image\":{\"@id\":\"https:\/\/chemitool.com\/#logo\"}},{\"@type\":\"WebSite\",\"@id\":\"https:\/\/chemitool.com\/#website\",\"url\":\"https:\/\/chemitool.com\/\",\"name\":\"Chemitool\",\"description\":\"Chemitool - hardware and tools\",\"publisher\":{\"@id\":\"https:\/\/chemitool.com\/#organization\"},\"potentialAction\":[{\"@type\":\"SearchAction\",\"target\":{\"@type\":\"EntryPoint\",\"urlTemplate\":\"https:\/\/chemitool.com\/?s={search_term_string}\"},\"query-input\":\"required name=search_term_string\"}],\"inLanguage\":\"pt-PT\"},{\"@type\":\"ImageObject\",\"@id\":\"https:\/\/chemitool.com\/products\/safety\/technical-clothing\/multi-norm\/trousers-fence\/#primaryimage\",\"inLanguage\":\"pt-PT\",\"url\":\"https:\/\/chemitool.com\/wp-content\/uploads\/2025\/01\/CALCAS-DEFENCE-FR-1.png\",\"contentUrl\":\"https:\/\/chemitool.com\/wp-content\/uploads\/2025\/01\/CALCAS-DEFENCE-FR-1.png\",\"width\":800,\"height\":800},{\"@type\":\"WebPage\",\"@id\":\"https:\/\/chemitool.com\/products\/safety\/technical-clothing\/multi-norm\/trousers-fence\/#webpage\",\"url\":\"https:\/\/chemitool.com\/products\/safety\/technical-clothing\/multi-norm\/trousers-fence\/\",\"name\":\"CAL\\u00c7AS DEFENCE &ndash; Chemitool\",\"isPartOf\":{\"@id\":\"https:\/\/chemitool.com\/#website\"},\"primaryImageOfPage\":{\"@id\":\"https:\/\/chemitool.com\/products\/safety\/technical-clothing\/multi-norm\/trousers-fence\/#primaryimage\"},\"datePublished\":\"2025-01-02T09:32:26+00:00\",\"dateModified\":\"2025-01-02T10:52:03+00:00\",\"description\":\"As Cal\\u00e7as Defense CHEMITOOL antiest\\u00e1ticas e ign\\u00edfugas, s\\u00e3o ideais para soldadores, com resist\\u00eancia ao arco el\\u00e9trico e produtos qu\\u00edmicos. Possuem costuras refor\\u00e7adas, cinto elevado na parte traseira para maior cobertura, fecho met\\u00e1lico protegido, e bolsos funcionais com paletas e velcro, incluindo bolsos traseiros com bandas refletoras. Todos os acess\\u00f3rios vis\\u00edveis s\\u00e3o resistentes a chamas e n\\u00e3o entram em contacto met\\u00e1lico direto com a pele.\",\"breadcrumb\":{\"@id\":\"https:\/\/chemitool.com\/products\/safety\/technical-clothing\/multi-norm\/trousers-fence\/#breadcrumb\"},\"inLanguage\":\"pt-PT\",\"potentialAction\":[{\"@type\":\"ReadAction\",\"target\":[\"https:\/\/chemitool.com\/products\/safety\/technical-clothing\/multi-norm\/trousers-fence\/\"]}]},{\"@type\":\"BreadcrumbList\",\"@id\":\"https:\/\/chemitool.com\/products\/safety\/technical-clothing\/multi-norm\/trousers-fence\/#breadcrumb\",\"itemListElement\":[{\"@type\":\"ListItem\",\"position\":1,\"name\":\"Home\",\"item\":\"https:\/\/chemitool.com\/pt-pt\/\"},{\"@type\":\"ListItem\",\"position\":2,\"name\":\"Produtos\",\"item\":\"https:\/\/chemitool.com\/pt-pt\/produtos\/\"},{\"@type\":\"ListItem\",\"position\":3,\"name\":\"Safety\",\"item\":\"https:\/\/chemitool.com\/pt-pt\/categoria-produto\/safety\/\"},{\"@type\":\"ListItem\",\"position\":4,\"name\":\"Vestu\\u00e1rio T\\u00e9cnico\",\"item\":\"https:\/\/chemitool.com\/pt-pt\/categoria-produto\/safety\/vestuario-tecnico\/\"},{\"@type\":\"ListItem\",\"position\":5,\"name\":\"Multi-Norma\",\"item\":\"https:\/\/chemitool.com\/pt-pt\/categoria-produto\/safety\/vestuario-tecnico\/multi-norma\/\"},{\"@type\":\"ListItem\",\"position\":6,\"name\":\"CAL\\u00c7AS DEFENCE\"}]}]}<\/script>\n<!-- \/ Yoast SEO plugin. -->","yoast_head_json":{"title":"CAL\u00c7AS DEFENCE &ndash; Chemitool","description":"As Cal\u00e7as Defense CHEMITOOL antiest\u00e1ticas e ign\u00edfugas, s\u00e3o ideais para soldadores, com resist\u00eancia ao arco el\u00e9trico e produtos qu\u00edmicos. Possuem costuras refor\u00e7adas, cinto elevado na parte traseira para maior cobertura, fecho met\u00e1lico protegido, e bolsos funcionais com paletas e velcro, incluindo bolsos traseiros com bandas refletoras. Todos os acess\u00f3rios vis\u00edveis s\u00e3o resistentes a chamas e n\u00e3o entram em contacto met\u00e1lico direto com a pele.","robots":{"index":"index","follow":"follow","max-snippet":"max-snippet:-1","max-image-preview":"max-image-preview:large","max-video-preview":"max-video-preview:-1"},"canonical":"https:\/\/chemitool.com\/pt-pt\/products\/safety\/technical-clothing\/multi-norm\/trousers-fence\/","og_locale":"pt_PT","og_type":"article","og_title":"CAL\u00c7AS DEFENCE &ndash; Chemitool","og_description":"As Cal\u00e7as Defense CHEMITOOL antiest\u00e1ticas e ign\u00edfugas, s\u00e3o ideais para soldadores, com resist\u00eancia ao arco el\u00e9trico e produtos qu\u00edmicos. Possuem costuras refor\u00e7adas, cinto elevado na parte traseira para maior cobertura, fecho met\u00e1lico protegido, e bolsos funcionais com paletas e velcro, incluindo bolsos traseiros com bandas refletoras. Todos os acess\u00f3rios vis\u00edveis s\u00e3o resistentes a chamas e n\u00e3o entram em contacto met\u00e1lico direto com a pele.","og_url":"https:\/\/chemitool.com\/products\/safety\/technical-clothing\/multi-norm\/trousers-fence\/","og_site_name":"Chemitool","article_publisher":"https:\/\/www.facebook.com\/chemitool","article_modified_time":"2025-01-02T10:52:03+00:00","og_image":[{"width":800,"height":800,"url":"https:\/\/chemitool.com\/wp-content\/uploads\/2025\/01\/CALCAS-DEFENCE-FR-1.png","type":"image\/png"}],"twitter_card":"summary_large_image","schema":{"@context":"https:\/\/schema.org","@graph":[{"@type":"Organization","@id":"https:\/\/chemitool.com\/#organization","name":"Chemitool","url":"https:\/\/chemitool.com\/","sameAs":["https:\/\/www.facebook.com\/chemitool","https:\/\/www.instagram.com\/chemitool\/"],"logo":{"@type":"ImageObject","@id":"https:\/\/chemitool.com\/#logo","inLanguage":"pt-PT","url":"https:\/\/chemitool.com\/wp-content\/uploads\/2020\/10\/logo_chemitool.png","contentUrl":"https:\/\/chemitool.com\/wp-content\/uploads\/2020\/10\/logo_chemitool.png","width":400,"height":400,"caption":"Chemitool"},"image":{"@id":"https:\/\/chemitool.com\/#logo"}},{"@type":"WebSite","@id":"https:\/\/chemitool.com\/#website","url":"https:\/\/chemitool.com\/","name":"Chemitool","description":"Chemitool - hardware and tools","publisher":{"@id":"https:\/\/chemitool.com\/#organization"},"potentialAction":[{"@type":"SearchAction","target":{"@type":"EntryPoint","urlTemplate":"https:\/\/chemitool.com\/?s={search_term_string}"},"query-input":"required name=search_term_string"}],"inLanguage":"pt-PT"},{"@type":"ImageObject","@id":"https:\/\/chemitool.com\/products\/safety\/technical-clothing\/multi-norm\/trousers-fence\/#primaryimage","inLanguage":"pt-PT","url":"https:\/\/chemitool.com\/wp-content\/uploads\/2025\/01\/CALCAS-DEFENCE-FR-1.png","contentUrl":"https:\/\/chemitool.com\/wp-content\/uploads\/2025\/01\/CALCAS-DEFENCE-FR-1.png","width":800,"height":800},{"@type":"WebPage","@id":"https:\/\/chemitool.com\/products\/safety\/technical-clothing\/multi-norm\/trousers-fence\/#webpage","url":"https:\/\/chemitool.com\/products\/safety\/technical-clothing\/multi-norm\/trousers-fence\/","name":"CAL\u00c7AS DEFENCE &ndash; Chemitool","isPartOf":{"@id":"https:\/\/chemitool.com\/#website"},"primaryImageOfPage":{"@id":"https:\/\/chemitool.com\/products\/safety\/technical-clothing\/multi-norm\/trousers-fence\/#primaryimage"},"datePublished":"2025-01-02T09:32:26+00:00","dateModified":"2025-01-02T10:52:03+00:00","description":"As Cal\u00e7as Defense CHEMITOOL antiest\u00e1ticas e ign\u00edfugas, s\u00e3o ideais para soldadores, com resist\u00eancia ao arco el\u00e9trico e produtos qu\u00edmicos. Possuem costuras refor\u00e7adas, cinto elevado na parte traseira para maior cobertura, fecho met\u00e1lico protegido, e bolsos funcionais com paletas e velcro, incluindo bolsos traseiros com bandas refletoras. Todos os acess\u00f3rios vis\u00edveis s\u00e3o resistentes a chamas e n\u00e3o entram em contacto met\u00e1lico direto com a pele.","breadcrumb":{"@id":"https:\/\/chemitool.com\/products\/safety\/technical-clothing\/multi-norm\/trousers-fence\/#breadcrumb"},"inLanguage":"pt-PT","potentialAction":[{"@type":"ReadAction","target":["https:\/\/chemitool.com\/products\/safety\/technical-clothing\/multi-norm\/trousers-fence\/"]}]},{"@type":"BreadcrumbList","@id":"https:\/\/chemitool.com\/products\/safety\/technical-clothing\/multi-norm\/trousers-fence\/#breadcrumb","itemListElement":[{"@type":"ListItem","position":1,"name":"Home","item":"https:\/\/chemitool.com\/pt-pt\/"},{"@type":"ListItem","position":2,"name":"Produtos","item":"https:\/\/chemitool.com\/pt-pt\/produtos\/"},{"@type":"ListItem","position":3,"name":"Safety","item":"https:\/\/chemitool.com\/pt-pt\/categoria-produto\/safety\/"},{"@type":"ListItem","position":4,"name":"Vestu\u00e1rio T\u00e9cnico","item":"https:\/\/chemitool.com\/pt-pt\/categoria-produto\/safety\/vestuario-tecnico\/"},{"@type":"ListItem","position":5,"name":"Multi-Norma","item":"https:\/\/chemitool.com\/pt-pt\/categoria-produto\/safety\/vestuario-tecnico\/multi-norma\/"},{"@type":"ListItem","position":6,"name":"CAL\u00c7AS DEFENCE"}]}]}},"_links":{"self":[{"href":"https:\/\/chemitool.com\/pt-pt\/wp-json\/wp\/v2\/product\/40626"}],"collection":[{"href":"https:\/\/chemitool.com\/pt-pt\/wp-json\/wp\/v2\/product"}],"about":[{"href":"https:\/\/chemitool.com\/pt-pt\/wp-json\/wp\/v2\/types\/product"}],"wp:featuredmedia":[{"embeddable":true,"href":"https:\/\/chemitool.com\/pt-pt\/wp-json\/wp\/v2\/media\/40663"}],"wp:attachment":[{"href":"https:\/\/chemitool.com\/pt-pt\/wp-json\/wp\/v2\/media?parent=40626"}],"wp:term":[{"taxonomy":"product_cat","embeddable":true,"href":"https:\/\/chemitool.com\/pt-pt\/wp-json\/wp\/v2\/product_cat?post=40626"},{"taxonomy":"product_tag","embeddable":true,"href":"https:\/\/chemitool.com\/pt-pt\/wp-json\/wp\/v2\/product_tag?post=40626"}],"curies":[{"name":"wp","href":"https:\/\/api.w.org\/{rel}","templated":true}]}}