{"id":40538,"date":"2024-12-18T17:22:00","date_gmt":"2024-12-18T17:22:03","guid":{"rendered":"https:\/\/chemitool.com\/?post_type=product&#038;p=40538"},"modified":"2025-01-02T10:24:28","modified_gmt":"2025-01-02T10:24:28","slug":"casaco-fence","status":"publish","type":"product","link":"https:\/\/chemitool.com\/pt-pt\/products\/safety\/vestuario-tecnico\/soldadura-pt-pt\/casaco-fence\/","title":{"rendered":"CASACO FENCE"},"content":{"rendered":"<ul>\n<li>Antiest\u00e1tico, anti\u00e1cido, ign\u00edfugo, resistente ao arco el\u00e9trico<\/li>\n<li>Costas ajust\u00e1veis com Velcro<\/li>\n<li>Mangas e laterais com costuras duplas refor\u00e7adas<\/li>\n<\/ul>\n<p><img class=\"alignnone size-full wp-image-40590\" src=\"https:\/\/chemitool.com\/wp-content\/uploads\/2024\/12\/EN-ISO-11611-A1A2-CLASSE1.png\" alt=\"\" width=\"104\" height=\"119\" \/><img class=\"alignnone size-full wp-image-24537\" src=\"https:\/\/chemitool.com\/wp-content\/uploads\/2022\/07\/EN_ISO_11612_ABCDEF.png\" alt=\"\" width=\"105\" height=\"121\" \/><img class=\"alignnone size-full wp-image-24529\" src=\"https:\/\/chemitool.com\/wp-content\/uploads\/2022\/07\/EN-1149-5.png\" alt=\"\" width=\"104\" height=\"119\" \/><img class=\"alignnone size-full wp-image-40593\" src=\"https:\/\/chemitool.com\/wp-content\/uploads\/2024\/12\/EN-13034-TypePB6.png\" alt=\"\" width=\"104\" height=\"119\" \/><img class=\"alignnone size-full wp-image-40596\" src=\"https:\/\/chemitool.com\/wp-content\/uploads\/2024\/12\/IEC-61482-2.png\" alt=\"\" width=\"104\" height=\"119\" \/><\/p>\n","protected":false},"excerpt":{"rendered":"<p>O <em>Casaco Fence CHEMITOOL\u00a0<\/em>\u00e9 um casaco antiest\u00e1tico e ign\u00edfugo, ideal para soldadores, com resist\u00eancia ao arco el\u00e9trico e produtos qu\u00edmicos. Apresenta costuras refor\u00e7adas, fecho metalico com prote\u00e7\u00e3o, faixas refletoras, bolso no peito com porta-crach\u00e1 e porta-canetas, bolsos frontais ocultos e patch com certifica\u00e7\u00f5es. Possui bainha e punhos ajust\u00e1veis com velcro, garantindo prote\u00e7\u00e3o extra. Todos os acess\u00f3rios vis\u00edveis s\u00e3o resistentes a chamas e n\u00e3o t\u00eam contacto met\u00e1lico direto com a pele.<\/p>\n","protected":false},"featured_media":40657,"template":"","meta":[],"product_cat":[1453,3454,3457,3455],"product_tag":[],"yoast_head":"<!-- This site is optimized with the Yoast SEO plugin v17.4 - https:\/\/yoast.com\/wordpress\/plugins\/seo\/ -->\n<title>CASACO FENCE &ndash; Chemitool<\/title>\n<meta name=\"description\" content=\"O Casaco Fence CHEMITOOL\u00a0\u00e9 um casaco antiest\u00e1tico e ign\u00edfugo, ideal para soldadores, com resist\u00eancia ao arco el\u00e9trico e produtos qu\u00edmicos. Apresenta costuras refor\u00e7adas, fecho metalico com prote\u00e7\u00e3o, faixas refletoras, bolso no peito com porta-crach\u00e1 e porta-canetas, bolsos frontais ocultos e patch com certifica\u00e7\u00f5es. Possui bainha e punhos ajust\u00e1veis com velcro, garantindo prote\u00e7\u00e3o extra. Todos os acess\u00f3rios vis\u00edveis s\u00e3o resistentes a chamas e n\u00e3o t\u00eam contacto met\u00e1lico direto com a pele.\" \/>\n<meta name=\"robots\" content=\"index, follow, max-snippet:-1, max-image-preview:large, max-video-preview:-1\" \/>\n<link rel=\"canonical\" href=\"https:\/\/chemitool.com\/pt-pt\/products\/safety\/vestuario-tecnico\/soldadura-pt-pt\/casaco-fence\/\" \/>\n<meta property=\"og:locale\" content=\"pt_PT\" \/>\n<meta property=\"og:type\" content=\"article\" \/>\n<meta property=\"og:title\" content=\"CASACO FENCE &ndash; Chemitool\" \/>\n<meta property=\"og:description\" content=\"O Casaco Fence CHEMITOOL\u00a0\u00e9 um casaco antiest\u00e1tico e ign\u00edfugo, ideal para soldadores, com resist\u00eancia ao arco el\u00e9trico e produtos qu\u00edmicos. Apresenta costuras refor\u00e7adas, fecho metalico com prote\u00e7\u00e3o, faixas refletoras, bolso no peito com porta-crach\u00e1 e porta-canetas, bolsos frontais ocultos e patch com certifica\u00e7\u00f5es. Possui bainha e punhos ajust\u00e1veis com velcro, garantindo prote\u00e7\u00e3o extra. Todos os acess\u00f3rios vis\u00edveis s\u00e3o resistentes a chamas e n\u00e3o t\u00eam contacto met\u00e1lico direto com a pele.\" \/>\n<meta property=\"og:url\" content=\"https:\/\/chemitool.com\/pt-pt\/products\/safety\/vestuario-tecnico\/soldadura-pt-pt\/casaco-fence\/\" \/>\n<meta property=\"og:site_name\" content=\"Chemitool\" \/>\n<meta property=\"article:publisher\" content=\"https:\/\/www.facebook.com\/chemitool\" \/>\n<meta property=\"article:modified_time\" content=\"2025-01-02T10:24:28+00:00\" \/>\n<meta property=\"og:image\" content=\"https:\/\/chemitool.com\/wp-content\/uploads\/2025\/01\/FENCE-CASACO-MULTINORMA_1.png\" \/>\n\t<meta property=\"og:image:width\" content=\"800\" \/>\n\t<meta property=\"og:image:height\" content=\"800\" \/>\n<meta name=\"twitter:card\" content=\"summary_large_image\" \/>\n<script type=\"application\/ld+json\" class=\"yoast-schema-graph\">{\"@context\":\"https:\/\/schema.org\",\"@graph\":[{\"@type\":\"Organization\",\"@id\":\"https:\/\/chemitool.com\/#organization\",\"name\":\"Chemitool\",\"url\":\"https:\/\/chemitool.com\/\",\"sameAs\":[\"https:\/\/www.facebook.com\/chemitool\",\"https:\/\/www.instagram.com\/chemitool\/\"],\"logo\":{\"@type\":\"ImageObject\",\"@id\":\"https:\/\/chemitool.com\/#logo\",\"inLanguage\":\"pt-PT\",\"url\":\"https:\/\/chemitool.com\/wp-content\/uploads\/2020\/10\/logo_chemitool.png\",\"contentUrl\":\"https:\/\/chemitool.com\/wp-content\/uploads\/2020\/10\/logo_chemitool.png\",\"width\":400,\"height\":400,\"caption\":\"Chemitool\"},\"image\":{\"@id\":\"https:\/\/chemitool.com\/#logo\"}},{\"@type\":\"WebSite\",\"@id\":\"https:\/\/chemitool.com\/#website\",\"url\":\"https:\/\/chemitool.com\/\",\"name\":\"Chemitool\",\"description\":\"Chemitool - hardware and tools\",\"publisher\":{\"@id\":\"https:\/\/chemitool.com\/#organization\"},\"potentialAction\":[{\"@type\":\"SearchAction\",\"target\":{\"@type\":\"EntryPoint\",\"urlTemplate\":\"https:\/\/chemitool.com\/?s={search_term_string}\"},\"query-input\":\"required name=search_term_string\"}],\"inLanguage\":\"pt-PT\"},{\"@type\":\"ImageObject\",\"@id\":\"https:\/\/chemitool.com\/pt-pt\/products\/safety\/vestuario-tecnico\/soldadura-pt-pt\/casaco-fence\/#primaryimage\",\"inLanguage\":\"pt-PT\",\"url\":\"https:\/\/chemitool.com\/wp-content\/uploads\/2025\/01\/FENCE-CASACO-MULTINORMA_1.png\",\"contentUrl\":\"https:\/\/chemitool.com\/wp-content\/uploads\/2025\/01\/FENCE-CASACO-MULTINORMA_1.png\",\"width\":800,\"height\":800},{\"@type\":\"WebPage\",\"@id\":\"https:\/\/chemitool.com\/pt-pt\/products\/safety\/vestuario-tecnico\/soldadura-pt-pt\/casaco-fence\/#webpage\",\"url\":\"https:\/\/chemitool.com\/pt-pt\/products\/safety\/vestuario-tecnico\/soldadura-pt-pt\/casaco-fence\/\",\"name\":\"CASACO FENCE &ndash; Chemitool\",\"isPartOf\":{\"@id\":\"https:\/\/chemitool.com\/#website\"},\"primaryImageOfPage\":{\"@id\":\"https:\/\/chemitool.com\/pt-pt\/products\/safety\/vestuario-tecnico\/soldadura-pt-pt\/casaco-fence\/#primaryimage\"},\"datePublished\":\"2024-12-18T17:22:03+00:00\",\"dateModified\":\"2025-01-02T10:24:28+00:00\",\"description\":\"O Casaco Fence CHEMITOOL\\u00a0\\u00e9 um casaco antiest\\u00e1tico e ign\\u00edfugo, ideal para soldadores, com resist\\u00eancia ao arco el\\u00e9trico e produtos qu\\u00edmicos. Apresenta costuras refor\\u00e7adas, fecho metalico com prote\\u00e7\\u00e3o, faixas refletoras, bolso no peito com porta-crach\\u00e1 e porta-canetas, bolsos frontais ocultos e patch com certifica\\u00e7\\u00f5es. Possui bainha e punhos ajust\\u00e1veis com velcro, garantindo prote\\u00e7\\u00e3o extra. Todos os acess\\u00f3rios vis\\u00edveis s\\u00e3o resistentes a chamas e n\\u00e3o t\\u00eam contacto met\\u00e1lico direto com a pele.\",\"breadcrumb\":{\"@id\":\"https:\/\/chemitool.com\/pt-pt\/products\/safety\/vestuario-tecnico\/soldadura-pt-pt\/casaco-fence\/#breadcrumb\"},\"inLanguage\":\"pt-PT\",\"potentialAction\":[{\"@type\":\"ReadAction\",\"target\":[\"https:\/\/chemitool.com\/pt-pt\/products\/safety\/vestuario-tecnico\/soldadura-pt-pt\/casaco-fence\/\"]}]},{\"@type\":\"BreadcrumbList\",\"@id\":\"https:\/\/chemitool.com\/pt-pt\/products\/safety\/vestuario-tecnico\/soldadura-pt-pt\/casaco-fence\/#breadcrumb\",\"itemListElement\":[{\"@type\":\"ListItem\",\"position\":1,\"name\":\"Home\",\"item\":\"https:\/\/chemitool.com\/pt-pt\/\"},{\"@type\":\"ListItem\",\"position\":2,\"name\":\"Produtos\",\"item\":\"https:\/\/chemitool.com\/pt-pt\/produtos\/\"},{\"@type\":\"ListItem\",\"position\":3,\"name\":\"Safety\",\"item\":\"https:\/\/chemitool.com\/pt-pt\/categoria-produto\/safety\/\"},{\"@type\":\"ListItem\",\"position\":4,\"name\":\"Vestu\\u00e1rio T\\u00e9cnico\",\"item\":\"https:\/\/chemitool.com\/pt-pt\/categoria-produto\/safety\/vestuario-tecnico\/\"},{\"@type\":\"ListItem\",\"position\":5,\"name\":\"Multi-Norma\",\"item\":\"https:\/\/chemitool.com\/pt-pt\/categoria-produto\/safety\/vestuario-tecnico\/multi-norma\/\"},{\"@type\":\"ListItem\",\"position\":6,\"name\":\"CASACO FENCE\"}]}]}<\/script>\n<!-- \/ Yoast SEO plugin. -->","yoast_head_json":{"title":"CASACO FENCE &ndash; Chemitool","description":"O Casaco Fence CHEMITOOL\u00a0\u00e9 um casaco antiest\u00e1tico e ign\u00edfugo, ideal para soldadores, com resist\u00eancia ao arco el\u00e9trico e produtos qu\u00edmicos. Apresenta costuras refor\u00e7adas, fecho metalico com prote\u00e7\u00e3o, faixas refletoras, bolso no peito com porta-crach\u00e1 e porta-canetas, bolsos frontais ocultos e patch com certifica\u00e7\u00f5es. Possui bainha e punhos ajust\u00e1veis com velcro, garantindo prote\u00e7\u00e3o extra. Todos os acess\u00f3rios vis\u00edveis s\u00e3o resistentes a chamas e n\u00e3o t\u00eam contacto met\u00e1lico direto com a pele.","robots":{"index":"index","follow":"follow","max-snippet":"max-snippet:-1","max-image-preview":"max-image-preview:large","max-video-preview":"max-video-preview:-1"},"canonical":"https:\/\/chemitool.com\/pt-pt\/products\/safety\/vestuario-tecnico\/soldadura-pt-pt\/casaco-fence\/","og_locale":"pt_PT","og_type":"article","og_title":"CASACO FENCE &ndash; Chemitool","og_description":"O Casaco Fence CHEMITOOL\u00a0\u00e9 um casaco antiest\u00e1tico e ign\u00edfugo, ideal para soldadores, com resist\u00eancia ao arco el\u00e9trico e produtos qu\u00edmicos. Apresenta costuras refor\u00e7adas, fecho metalico com prote\u00e7\u00e3o, faixas refletoras, bolso no peito com porta-crach\u00e1 e porta-canetas, bolsos frontais ocultos e patch com certifica\u00e7\u00f5es. Possui bainha e punhos ajust\u00e1veis com velcro, garantindo prote\u00e7\u00e3o extra. Todos os acess\u00f3rios vis\u00edveis s\u00e3o resistentes a chamas e n\u00e3o t\u00eam contacto met\u00e1lico direto com a pele.","og_url":"https:\/\/chemitool.com\/pt-pt\/products\/safety\/vestuario-tecnico\/soldadura-pt-pt\/casaco-fence\/","og_site_name":"Chemitool","article_publisher":"https:\/\/www.facebook.com\/chemitool","article_modified_time":"2025-01-02T10:24:28+00:00","og_image":[{"width":800,"height":800,"url":"https:\/\/chemitool.com\/wp-content\/uploads\/2025\/01\/FENCE-CASACO-MULTINORMA_1.png","type":"image\/png"}],"twitter_card":"summary_large_image","schema":{"@context":"https:\/\/schema.org","@graph":[{"@type":"Organization","@id":"https:\/\/chemitool.com\/#organization","name":"Chemitool","url":"https:\/\/chemitool.com\/","sameAs":["https:\/\/www.facebook.com\/chemitool","https:\/\/www.instagram.com\/chemitool\/"],"logo":{"@type":"ImageObject","@id":"https:\/\/chemitool.com\/#logo","inLanguage":"pt-PT","url":"https:\/\/chemitool.com\/wp-content\/uploads\/2020\/10\/logo_chemitool.png","contentUrl":"https:\/\/chemitool.com\/wp-content\/uploads\/2020\/10\/logo_chemitool.png","width":400,"height":400,"caption":"Chemitool"},"image":{"@id":"https:\/\/chemitool.com\/#logo"}},{"@type":"WebSite","@id":"https:\/\/chemitool.com\/#website","url":"https:\/\/chemitool.com\/","name":"Chemitool","description":"Chemitool - hardware and tools","publisher":{"@id":"https:\/\/chemitool.com\/#organization"},"potentialAction":[{"@type":"SearchAction","target":{"@type":"EntryPoint","urlTemplate":"https:\/\/chemitool.com\/?s={search_term_string}"},"query-input":"required name=search_term_string"}],"inLanguage":"pt-PT"},{"@type":"ImageObject","@id":"https:\/\/chemitool.com\/pt-pt\/products\/safety\/vestuario-tecnico\/soldadura-pt-pt\/casaco-fence\/#primaryimage","inLanguage":"pt-PT","url":"https:\/\/chemitool.com\/wp-content\/uploads\/2025\/01\/FENCE-CASACO-MULTINORMA_1.png","contentUrl":"https:\/\/chemitool.com\/wp-content\/uploads\/2025\/01\/FENCE-CASACO-MULTINORMA_1.png","width":800,"height":800},{"@type":"WebPage","@id":"https:\/\/chemitool.com\/pt-pt\/products\/safety\/vestuario-tecnico\/soldadura-pt-pt\/casaco-fence\/#webpage","url":"https:\/\/chemitool.com\/pt-pt\/products\/safety\/vestuario-tecnico\/soldadura-pt-pt\/casaco-fence\/","name":"CASACO FENCE &ndash; Chemitool","isPartOf":{"@id":"https:\/\/chemitool.com\/#website"},"primaryImageOfPage":{"@id":"https:\/\/chemitool.com\/pt-pt\/products\/safety\/vestuario-tecnico\/soldadura-pt-pt\/casaco-fence\/#primaryimage"},"datePublished":"2024-12-18T17:22:03+00:00","dateModified":"2025-01-02T10:24:28+00:00","description":"O Casaco Fence CHEMITOOL\u00a0\u00e9 um casaco antiest\u00e1tico e ign\u00edfugo, ideal para soldadores, com resist\u00eancia ao arco el\u00e9trico e produtos qu\u00edmicos. Apresenta costuras refor\u00e7adas, fecho metalico com prote\u00e7\u00e3o, faixas refletoras, bolso no peito com porta-crach\u00e1 e porta-canetas, bolsos frontais ocultos e patch com certifica\u00e7\u00f5es. Possui bainha e punhos ajust\u00e1veis com velcro, garantindo prote\u00e7\u00e3o extra. Todos os acess\u00f3rios vis\u00edveis s\u00e3o resistentes a chamas e n\u00e3o t\u00eam contacto met\u00e1lico direto com a pele.","breadcrumb":{"@id":"https:\/\/chemitool.com\/pt-pt\/products\/safety\/vestuario-tecnico\/soldadura-pt-pt\/casaco-fence\/#breadcrumb"},"inLanguage":"pt-PT","potentialAction":[{"@type":"ReadAction","target":["https:\/\/chemitool.com\/pt-pt\/products\/safety\/vestuario-tecnico\/soldadura-pt-pt\/casaco-fence\/"]}]},{"@type":"BreadcrumbList","@id":"https:\/\/chemitool.com\/pt-pt\/products\/safety\/vestuario-tecnico\/soldadura-pt-pt\/casaco-fence\/#breadcrumb","itemListElement":[{"@type":"ListItem","position":1,"name":"Home","item":"https:\/\/chemitool.com\/pt-pt\/"},{"@type":"ListItem","position":2,"name":"Produtos","item":"https:\/\/chemitool.com\/pt-pt\/produtos\/"},{"@type":"ListItem","position":3,"name":"Safety","item":"https:\/\/chemitool.com\/pt-pt\/categoria-produto\/safety\/"},{"@type":"ListItem","position":4,"name":"Vestu\u00e1rio T\u00e9cnico","item":"https:\/\/chemitool.com\/pt-pt\/categoria-produto\/safety\/vestuario-tecnico\/"},{"@type":"ListItem","position":5,"name":"Multi-Norma","item":"https:\/\/chemitool.com\/pt-pt\/categoria-produto\/safety\/vestuario-tecnico\/multi-norma\/"},{"@type":"ListItem","position":6,"name":"CASACO FENCE"}]}]}},"_links":{"self":[{"href":"https:\/\/chemitool.com\/pt-pt\/wp-json\/wp\/v2\/product\/40538"}],"collection":[{"href":"https:\/\/chemitool.com\/pt-pt\/wp-json\/wp\/v2\/product"}],"about":[{"href":"https:\/\/chemitool.com\/pt-pt\/wp-json\/wp\/v2\/types\/product"}],"wp:featuredmedia":[{"embeddable":true,"href":"https:\/\/chemitool.com\/pt-pt\/wp-json\/wp\/v2\/media\/40657"}],"wp:attachment":[{"href":"https:\/\/chemitool.com\/pt-pt\/wp-json\/wp\/v2\/media?parent=40538"}],"wp:term":[{"taxonomy":"product_cat","embeddable":true,"href":"https:\/\/chemitool.com\/pt-pt\/wp-json\/wp\/v2\/product_cat?post=40538"},{"taxonomy":"product_tag","embeddable":true,"href":"https:\/\/chemitool.com\/pt-pt\/wp-json\/wp\/v2\/product_tag?post=40538"}],"curies":[{"name":"wp","href":"https:\/\/api.w.org\/{rel}","templated":true}]}}