{"id":40167,"date":"2024-11-05T17:31:55","date_gmt":"2024-11-05T17:31:56","guid":{"rendered":"https:\/\/chemitool.com\/?post_type=product&#038;p=40167"},"modified":"2024-11-06T17:39:09","modified_gmt":"2024-11-06T17:39:09","slug":"talocha-plastica-basic","status":"publish","type":"product","link":"https:\/\/chemitool.com\/pt-pt\/products\/tools\/ferramentas-construcao\/talochas\/talocha-plastica-basic\/","title":{"rendered":"TALOCHA PL\u00c1STICA BASIC"},"content":{"rendered":"<ul>\n<li>Cabo de pl\u00e1stico aberto, muito leve e inalter\u00e1vel com a passagem do tempo<\/li>\n<li>Para trabalhos com cappotto, aplica\u00e7\u00e3o sate (sistemas isolantes t\u00e9rmicos exteriores) e acabamentos exteriores<\/li>\n<li>Acabamento perfeito<\/li>\n<li>Folha plana e cantos redondos para evitar qualquer marca.<\/li>\n<\/ul>\n<p><strong>CAMPOS DE APLICA\u00c7\u00c3O\u00a0<\/strong><\/p>\n<ul>\n<li>Constru\u00e7\u00e3o geral<\/li>\n<\/ul>\n","protected":false},"excerpt":{"rendered":"<p><em>Talocha Pl\u00e1stica Basic CHEMITOOL <\/em>\u00e9 uma talocha de abs profissional de alta qualidade e resist\u00eancia. Tem uma folha perfeitamente plana para evitar a cria\u00e7\u00e3o de marcas e garantir o acabamento.<\/p>\n","protected":false},"featured_media":40169,"template":"","meta":[],"product_cat":[1455,3836,5058],"product_tag":[],"yoast_head":"<!-- This site is optimized with the Yoast SEO plugin v17.4 - https:\/\/yoast.com\/wordpress\/plugins\/seo\/ -->\n<title>TALOCHA PL\u00c1STICA BASIC &ndash; Chemitool<\/title>\n<meta name=\"description\" content=\"Talocha Pl\u00e1stica Basic CHEMITOOL \u00e9 uma talocha de abs profissional de alta qualidade e resist\u00eancia. Tem uma folha perfeitamente plana para evitar a cria\u00e7\u00e3o de marcas e garantir o acabamento.\" \/>\n<meta name=\"robots\" content=\"index, follow, max-snippet:-1, max-image-preview:large, max-video-preview:-1\" \/>\n<link rel=\"canonical\" href=\"https:\/\/chemitool.com\/pt-pt\/products\/tools\/construction-tools\/floats\/basic-plastic-trowel\/\" \/>\n<meta property=\"og:locale\" content=\"pt_PT\" \/>\n<meta property=\"og:type\" content=\"article\" \/>\n<meta property=\"og:title\" content=\"TALOCHA PL\u00c1STICA BASIC &ndash; Chemitool\" \/>\n<meta property=\"og:description\" content=\"Talocha Pl\u00e1stica Basic CHEMITOOL \u00e9 uma talocha de abs profissional de alta qualidade e resist\u00eancia. Tem uma folha perfeitamente plana para evitar a cria\u00e7\u00e3o de marcas e garantir o acabamento.\" \/>\n<meta property=\"og:url\" content=\"https:\/\/chemitool.com\/products\/tools\/construction-tools\/floats\/basic-plastic-trowel\/\" \/>\n<meta property=\"og:site_name\" content=\"Chemitool\" \/>\n<meta property=\"article:publisher\" content=\"https:\/\/www.facebook.com\/chemitool\" \/>\n<meta property=\"article:modified_time\" content=\"2024-11-06T17:39:09+00:00\" \/>\n<meta property=\"og:image\" content=\"https:\/\/chemitool.com\/wp-content\/uploads\/2024\/11\/CHT200706270025_CHT200706270032_WEB.png\" \/>\n\t<meta property=\"og:image:width\" content=\"800\" \/>\n\t<meta property=\"og:image:height\" content=\"800\" \/>\n<meta name=\"twitter:card\" content=\"summary_large_image\" \/>\n<script type=\"application\/ld+json\" class=\"yoast-schema-graph\">{\"@context\":\"https:\/\/schema.org\",\"@graph\":[{\"@type\":\"Organization\",\"@id\":\"https:\/\/chemitool.com\/#organization\",\"name\":\"Chemitool\",\"url\":\"https:\/\/chemitool.com\/\",\"sameAs\":[\"https:\/\/www.facebook.com\/chemitool\",\"https:\/\/www.instagram.com\/chemitool\/\"],\"logo\":{\"@type\":\"ImageObject\",\"@id\":\"https:\/\/chemitool.com\/#logo\",\"inLanguage\":\"pt-PT\",\"url\":\"https:\/\/chemitool.com\/wp-content\/uploads\/2020\/10\/logo_chemitool.png\",\"contentUrl\":\"https:\/\/chemitool.com\/wp-content\/uploads\/2020\/10\/logo_chemitool.png\",\"width\":400,\"height\":400,\"caption\":\"Chemitool\"},\"image\":{\"@id\":\"https:\/\/chemitool.com\/#logo\"}},{\"@type\":\"WebSite\",\"@id\":\"https:\/\/chemitool.com\/#website\",\"url\":\"https:\/\/chemitool.com\/\",\"name\":\"Chemitool\",\"description\":\"Chemitool - hardware and tools\",\"publisher\":{\"@id\":\"https:\/\/chemitool.com\/#organization\"},\"potentialAction\":[{\"@type\":\"SearchAction\",\"target\":{\"@type\":\"EntryPoint\",\"urlTemplate\":\"https:\/\/chemitool.com\/?s={search_term_string}\"},\"query-input\":\"required name=search_term_string\"}],\"inLanguage\":\"pt-PT\"},{\"@type\":\"ImageObject\",\"@id\":\"https:\/\/chemitool.com\/products\/tools\/construction-tools\/floats\/basic-plastic-trowel\/#primaryimage\",\"inLanguage\":\"pt-PT\",\"url\":\"https:\/\/chemitool.com\/wp-content\/uploads\/2024\/11\/CHT200706270025_CHT200706270032_WEB.png\",\"contentUrl\":\"https:\/\/chemitool.com\/wp-content\/uploads\/2024\/11\/CHT200706270025_CHT200706270032_WEB.png\",\"width\":800,\"height\":800},{\"@type\":\"WebPage\",\"@id\":\"https:\/\/chemitool.com\/products\/tools\/construction-tools\/floats\/basic-plastic-trowel\/#webpage\",\"url\":\"https:\/\/chemitool.com\/products\/tools\/construction-tools\/floats\/basic-plastic-trowel\/\",\"name\":\"TALOCHA PL\\u00c1STICA BASIC &ndash; Chemitool\",\"isPartOf\":{\"@id\":\"https:\/\/chemitool.com\/#website\"},\"primaryImageOfPage\":{\"@id\":\"https:\/\/chemitool.com\/products\/tools\/construction-tools\/floats\/basic-plastic-trowel\/#primaryimage\"},\"datePublished\":\"2024-11-05T17:31:56+00:00\",\"dateModified\":\"2024-11-06T17:39:09+00:00\",\"description\":\"Talocha Pl\\u00e1stica Basic CHEMITOOL \\u00e9 uma talocha de abs profissional de alta qualidade e resist\\u00eancia. Tem uma folha perfeitamente plana para evitar a cria\\u00e7\\u00e3o de marcas e garantir o acabamento.\",\"breadcrumb\":{\"@id\":\"https:\/\/chemitool.com\/products\/tools\/construction-tools\/floats\/basic-plastic-trowel\/#breadcrumb\"},\"inLanguage\":\"pt-PT\",\"potentialAction\":[{\"@type\":\"ReadAction\",\"target\":[\"https:\/\/chemitool.com\/products\/tools\/construction-tools\/floats\/basic-plastic-trowel\/\"]}]},{\"@type\":\"BreadcrumbList\",\"@id\":\"https:\/\/chemitool.com\/products\/tools\/construction-tools\/floats\/basic-plastic-trowel\/#breadcrumb\",\"itemListElement\":[{\"@type\":\"ListItem\",\"position\":1,\"name\":\"Home\",\"item\":\"https:\/\/chemitool.com\/pt-pt\/\"},{\"@type\":\"ListItem\",\"position\":2,\"name\":\"Produtos\",\"item\":\"https:\/\/chemitool.com\/pt-pt\/produtos\/\"},{\"@type\":\"ListItem\",\"position\":3,\"name\":\"Tools\",\"item\":\"https:\/\/chemitool.com\/pt-pt\/categoria-produto\/tools\/\"},{\"@type\":\"ListItem\",\"position\":4,\"name\":\"Escadas e Escadotes\",\"item\":\"https:\/\/chemitool.com\/pt-pt\/categoria-produto\/tools\/escadas-e-escadotes\/\"},{\"@type\":\"ListItem\",\"position\":5,\"name\":\"TALOCHA PL\\u00c1STICA BASIC\"}]}]}<\/script>\n<!-- \/ Yoast SEO plugin. -->","yoast_head_json":{"title":"TALOCHA PL\u00c1STICA BASIC &ndash; Chemitool","description":"Talocha Pl\u00e1stica Basic CHEMITOOL \u00e9 uma talocha de abs profissional de alta qualidade e resist\u00eancia. Tem uma folha perfeitamente plana para evitar a cria\u00e7\u00e3o de marcas e garantir o acabamento.","robots":{"index":"index","follow":"follow","max-snippet":"max-snippet:-1","max-image-preview":"max-image-preview:large","max-video-preview":"max-video-preview:-1"},"canonical":"https:\/\/chemitool.com\/pt-pt\/products\/tools\/construction-tools\/floats\/basic-plastic-trowel\/","og_locale":"pt_PT","og_type":"article","og_title":"TALOCHA PL\u00c1STICA BASIC &ndash; Chemitool","og_description":"Talocha Pl\u00e1stica Basic CHEMITOOL \u00e9 uma talocha de abs profissional de alta qualidade e resist\u00eancia. Tem uma folha perfeitamente plana para evitar a cria\u00e7\u00e3o de marcas e garantir o acabamento.","og_url":"https:\/\/chemitool.com\/products\/tools\/construction-tools\/floats\/basic-plastic-trowel\/","og_site_name":"Chemitool","article_publisher":"https:\/\/www.facebook.com\/chemitool","article_modified_time":"2024-11-06T17:39:09+00:00","og_image":[{"width":800,"height":800,"url":"https:\/\/chemitool.com\/wp-content\/uploads\/2024\/11\/CHT200706270025_CHT200706270032_WEB.png","type":"image\/png"}],"twitter_card":"summary_large_image","schema":{"@context":"https:\/\/schema.org","@graph":[{"@type":"Organization","@id":"https:\/\/chemitool.com\/#organization","name":"Chemitool","url":"https:\/\/chemitool.com\/","sameAs":["https:\/\/www.facebook.com\/chemitool","https:\/\/www.instagram.com\/chemitool\/"],"logo":{"@type":"ImageObject","@id":"https:\/\/chemitool.com\/#logo","inLanguage":"pt-PT","url":"https:\/\/chemitool.com\/wp-content\/uploads\/2020\/10\/logo_chemitool.png","contentUrl":"https:\/\/chemitool.com\/wp-content\/uploads\/2020\/10\/logo_chemitool.png","width":400,"height":400,"caption":"Chemitool"},"image":{"@id":"https:\/\/chemitool.com\/#logo"}},{"@type":"WebSite","@id":"https:\/\/chemitool.com\/#website","url":"https:\/\/chemitool.com\/","name":"Chemitool","description":"Chemitool - hardware and tools","publisher":{"@id":"https:\/\/chemitool.com\/#organization"},"potentialAction":[{"@type":"SearchAction","target":{"@type":"EntryPoint","urlTemplate":"https:\/\/chemitool.com\/?s={search_term_string}"},"query-input":"required name=search_term_string"}],"inLanguage":"pt-PT"},{"@type":"ImageObject","@id":"https:\/\/chemitool.com\/products\/tools\/construction-tools\/floats\/basic-plastic-trowel\/#primaryimage","inLanguage":"pt-PT","url":"https:\/\/chemitool.com\/wp-content\/uploads\/2024\/11\/CHT200706270025_CHT200706270032_WEB.png","contentUrl":"https:\/\/chemitool.com\/wp-content\/uploads\/2024\/11\/CHT200706270025_CHT200706270032_WEB.png","width":800,"height":800},{"@type":"WebPage","@id":"https:\/\/chemitool.com\/products\/tools\/construction-tools\/floats\/basic-plastic-trowel\/#webpage","url":"https:\/\/chemitool.com\/products\/tools\/construction-tools\/floats\/basic-plastic-trowel\/","name":"TALOCHA PL\u00c1STICA BASIC &ndash; Chemitool","isPartOf":{"@id":"https:\/\/chemitool.com\/#website"},"primaryImageOfPage":{"@id":"https:\/\/chemitool.com\/products\/tools\/construction-tools\/floats\/basic-plastic-trowel\/#primaryimage"},"datePublished":"2024-11-05T17:31:56+00:00","dateModified":"2024-11-06T17:39:09+00:00","description":"Talocha Pl\u00e1stica Basic CHEMITOOL \u00e9 uma talocha de abs profissional de alta qualidade e resist\u00eancia. Tem uma folha perfeitamente plana para evitar a cria\u00e7\u00e3o de marcas e garantir o acabamento.","breadcrumb":{"@id":"https:\/\/chemitool.com\/products\/tools\/construction-tools\/floats\/basic-plastic-trowel\/#breadcrumb"},"inLanguage":"pt-PT","potentialAction":[{"@type":"ReadAction","target":["https:\/\/chemitool.com\/products\/tools\/construction-tools\/floats\/basic-plastic-trowel\/"]}]},{"@type":"BreadcrumbList","@id":"https:\/\/chemitool.com\/products\/tools\/construction-tools\/floats\/basic-plastic-trowel\/#breadcrumb","itemListElement":[{"@type":"ListItem","position":1,"name":"Home","item":"https:\/\/chemitool.com\/pt-pt\/"},{"@type":"ListItem","position":2,"name":"Produtos","item":"https:\/\/chemitool.com\/pt-pt\/produtos\/"},{"@type":"ListItem","position":3,"name":"Tools","item":"https:\/\/chemitool.com\/pt-pt\/categoria-produto\/tools\/"},{"@type":"ListItem","position":4,"name":"Escadas e Escadotes","item":"https:\/\/chemitool.com\/pt-pt\/categoria-produto\/tools\/escadas-e-escadotes\/"},{"@type":"ListItem","position":5,"name":"TALOCHA PL\u00c1STICA BASIC"}]}]}},"_links":{"self":[{"href":"https:\/\/chemitool.com\/pt-pt\/wp-json\/wp\/v2\/product\/40167"}],"collection":[{"href":"https:\/\/chemitool.com\/pt-pt\/wp-json\/wp\/v2\/product"}],"about":[{"href":"https:\/\/chemitool.com\/pt-pt\/wp-json\/wp\/v2\/types\/product"}],"wp:featuredmedia":[{"embeddable":true,"href":"https:\/\/chemitool.com\/pt-pt\/wp-json\/wp\/v2\/media\/40169"}],"wp:attachment":[{"href":"https:\/\/chemitool.com\/pt-pt\/wp-json\/wp\/v2\/media?parent=40167"}],"wp:term":[{"taxonomy":"product_cat","embeddable":true,"href":"https:\/\/chemitool.com\/pt-pt\/wp-json\/wp\/v2\/product_cat?post=40167"},{"taxonomy":"product_tag","embeddable":true,"href":"https:\/\/chemitool.com\/pt-pt\/wp-json\/wp\/v2\/product_tag?post=40167"}],"curies":[{"name":"wp","href":"https:\/\/api.w.org\/{rel}","templated":true}]}}