{"id":40164,"date":"2024-11-05T17:06:04","date_gmt":"2024-11-05T17:06:17","guid":{"rendered":"https:\/\/chemitool.com\/?post_type=product&#038;p=40164"},"modified":"2024-11-05T17:58:23","modified_gmt":"2024-11-05T17:58:23","slug":"talocha-plastico-preta","status":"publish","type":"product","link":"https:\/\/chemitool.com\/pt-pt\/products\/tools\/ferramentas-construcao\/talochas\/talocha-plastico-preta\/","title":{"rendered":"TALOCHA PL\u00c1STICO PRETA"},"content":{"rendered":"<ul>\n<li>Acabamento perfeito e planicidade da folha<\/li>\n<li>Cabo de pl\u00e1stico muito leve e ergon\u00f3mico<\/li>\n<li>Base lisa para um melhor acabamento liso<\/li>\n<li>Para trabalhos de acabamento, talochagem ou alisamento de superf\u00edcies de cimento, argamassa e outros materiais<\/li>\n<\/ul>\n<p><strong>CAMPOS DE APLICA\u00c7\u00c3O\u00a0<\/strong><\/p>\n<ul>\n<li>Constru\u00e7\u00e3o geral<\/li>\n<\/ul>\n","protected":false},"excerpt":{"rendered":"<p><b class=\"sap-label\">SAP:<\/b> CHT200705270000<br \/>\n<em>Talocha Pl\u00e1stico Preta CHEMITOOL <\/em>\u00e9 uma talocha retangular profissional com base de poliestireno de alta qualidade e m\u00e1xima dura\u00e7\u00e3o sem deteriora\u00e7\u00e3o.<\/p>\n","protected":false},"featured_media":40145,"template":"","meta":[],"product_cat":[1455,3836,5058],"product_tag":[],"yoast_head":"<!-- This site is optimized with the Yoast SEO plugin v17.4 - https:\/\/yoast.com\/wordpress\/plugins\/seo\/ -->\n<title>TALOCHA PL\u00c1STICO PRETA &ndash; Chemitool<\/title>\n<meta name=\"description\" content=\"SAP: CHT200705270000 Talocha Pl\u00e1stico Preta CHEMITOOL \u00e9 uma talocha retangular profissional com base de poliestireno de alta qualidade e m\u00e1xima dura\u00e7\u00e3o sem deteriora\u00e7\u00e3o.\" \/>\n<meta name=\"robots\" content=\"index, follow, max-snippet:-1, max-image-preview:large, max-video-preview:-1\" \/>\n<link rel=\"canonical\" href=\"https:\/\/chemitool.com\/pt-pt\/products\/tools\/ferramentas-construcao\/talochas\/talocha-plastico-preta\/\" \/>\n<meta property=\"og:locale\" content=\"pt_PT\" \/>\n<meta property=\"og:type\" content=\"article\" \/>\n<meta property=\"og:title\" content=\"TALOCHA PL\u00c1STICO PRETA &ndash; Chemitool\" \/>\n<meta property=\"og:description\" content=\"SAP: CHT200705270000 Talocha Pl\u00e1stico Preta CHEMITOOL \u00e9 uma talocha retangular profissional com base de poliestireno de alta qualidade e m\u00e1xima dura\u00e7\u00e3o sem deteriora\u00e7\u00e3o.\" \/>\n<meta property=\"og:url\" content=\"https:\/\/chemitool.com\/pt-pt\/products\/tools\/ferramentas-construcao\/talochas\/talocha-plastico-preta\/\" \/>\n<meta property=\"og:site_name\" content=\"Chemitool\" \/>\n<meta property=\"article:publisher\" content=\"https:\/\/www.facebook.com\/chemitool\" \/>\n<meta property=\"article:modified_time\" content=\"2024-11-05T17:58:23+00:00\" \/>\n<meta property=\"og:image\" content=\"https:\/\/chemitool.com\/wp-content\/uploads\/2024\/11\/CHT200705270000_WEB.png\" \/>\n\t<meta property=\"og:image:width\" content=\"800\" \/>\n\t<meta property=\"og:image:height\" content=\"800\" \/>\n<meta name=\"twitter:card\" content=\"summary_large_image\" \/>\n<script type=\"application\/ld+json\" class=\"yoast-schema-graph\">{\"@context\":\"https:\/\/schema.org\",\"@graph\":[{\"@type\":\"Organization\",\"@id\":\"https:\/\/chemitool.com\/#organization\",\"name\":\"Chemitool\",\"url\":\"https:\/\/chemitool.com\/\",\"sameAs\":[\"https:\/\/www.facebook.com\/chemitool\",\"https:\/\/www.instagram.com\/chemitool\/\"],\"logo\":{\"@type\":\"ImageObject\",\"@id\":\"https:\/\/chemitool.com\/#logo\",\"inLanguage\":\"pt-PT\",\"url\":\"https:\/\/chemitool.com\/wp-content\/uploads\/2020\/10\/logo_chemitool.png\",\"contentUrl\":\"https:\/\/chemitool.com\/wp-content\/uploads\/2020\/10\/logo_chemitool.png\",\"width\":400,\"height\":400,\"caption\":\"Chemitool\"},\"image\":{\"@id\":\"https:\/\/chemitool.com\/#logo\"}},{\"@type\":\"WebSite\",\"@id\":\"https:\/\/chemitool.com\/#website\",\"url\":\"https:\/\/chemitool.com\/\",\"name\":\"Chemitool\",\"description\":\"Chemitool - hardware and tools\",\"publisher\":{\"@id\":\"https:\/\/chemitool.com\/#organization\"},\"potentialAction\":[{\"@type\":\"SearchAction\",\"target\":{\"@type\":\"EntryPoint\",\"urlTemplate\":\"https:\/\/chemitool.com\/?s={search_term_string}\"},\"query-input\":\"required name=search_term_string\"}],\"inLanguage\":\"pt-PT\"},{\"@type\":\"ImageObject\",\"@id\":\"https:\/\/chemitool.com\/pt-pt\/products\/tools\/ferramentas-construcao\/talochas\/talocha-plastico-preta\/#primaryimage\",\"inLanguage\":\"pt-PT\",\"url\":\"https:\/\/chemitool.com\/wp-content\/uploads\/2024\/11\/CHT200705270000_WEB.png\",\"contentUrl\":\"https:\/\/chemitool.com\/wp-content\/uploads\/2024\/11\/CHT200705270000_WEB.png\",\"width\":800,\"height\":800},{\"@type\":\"WebPage\",\"@id\":\"https:\/\/chemitool.com\/pt-pt\/products\/tools\/ferramentas-construcao\/talochas\/talocha-plastico-preta\/#webpage\",\"url\":\"https:\/\/chemitool.com\/pt-pt\/products\/tools\/ferramentas-construcao\/talochas\/talocha-plastico-preta\/\",\"name\":\"TALOCHA PL\\u00c1STICO PRETA &ndash; Chemitool\",\"isPartOf\":{\"@id\":\"https:\/\/chemitool.com\/#website\"},\"primaryImageOfPage\":{\"@id\":\"https:\/\/chemitool.com\/pt-pt\/products\/tools\/ferramentas-construcao\/talochas\/talocha-plastico-preta\/#primaryimage\"},\"datePublished\":\"2024-11-05T17:06:17+00:00\",\"dateModified\":\"2024-11-05T17:58:23+00:00\",\"description\":\"SAP: CHT200705270000 Talocha Pl\\u00e1stico Preta CHEMITOOL \\u00e9 uma talocha retangular profissional com base de poliestireno de alta qualidade e m\\u00e1xima dura\\u00e7\\u00e3o sem deteriora\\u00e7\\u00e3o.\",\"breadcrumb\":{\"@id\":\"https:\/\/chemitool.com\/pt-pt\/products\/tools\/ferramentas-construcao\/talochas\/talocha-plastico-preta\/#breadcrumb\"},\"inLanguage\":\"pt-PT\",\"potentialAction\":[{\"@type\":\"ReadAction\",\"target\":[\"https:\/\/chemitool.com\/pt-pt\/products\/tools\/ferramentas-construcao\/talochas\/talocha-plastico-preta\/\"]}]},{\"@type\":\"BreadcrumbList\",\"@id\":\"https:\/\/chemitool.com\/pt-pt\/products\/tools\/ferramentas-construcao\/talochas\/talocha-plastico-preta\/#breadcrumb\",\"itemListElement\":[{\"@type\":\"ListItem\",\"position\":1,\"name\":\"Home\",\"item\":\"https:\/\/chemitool.com\/pt-pt\/\"},{\"@type\":\"ListItem\",\"position\":2,\"name\":\"Produtos\",\"item\":\"https:\/\/chemitool.com\/pt-pt\/produtos\/\"},{\"@type\":\"ListItem\",\"position\":3,\"name\":\"Tools\",\"item\":\"https:\/\/chemitool.com\/pt-pt\/categoria-produto\/tools\/\"},{\"@type\":\"ListItem\",\"position\":4,\"name\":\"Escadas e Escadotes\",\"item\":\"https:\/\/chemitool.com\/pt-pt\/categoria-produto\/tools\/escadas-e-escadotes\/\"},{\"@type\":\"ListItem\",\"position\":5,\"name\":\"TALOCHA PL\\u00c1STICO PRETA\"}]}]}<\/script>\n<!-- \/ Yoast SEO plugin. -->","yoast_head_json":{"title":"TALOCHA PL\u00c1STICO PRETA &ndash; Chemitool","description":"SAP: CHT200705270000 Talocha Pl\u00e1stico Preta CHEMITOOL \u00e9 uma talocha retangular profissional com base de poliestireno de alta qualidade e m\u00e1xima dura\u00e7\u00e3o sem deteriora\u00e7\u00e3o.","robots":{"index":"index","follow":"follow","max-snippet":"max-snippet:-1","max-image-preview":"max-image-preview:large","max-video-preview":"max-video-preview:-1"},"canonical":"https:\/\/chemitool.com\/pt-pt\/products\/tools\/ferramentas-construcao\/talochas\/talocha-plastico-preta\/","og_locale":"pt_PT","og_type":"article","og_title":"TALOCHA PL\u00c1STICO PRETA &ndash; Chemitool","og_description":"SAP: CHT200705270000 Talocha Pl\u00e1stico Preta CHEMITOOL \u00e9 uma talocha retangular profissional com base de poliestireno de alta qualidade e m\u00e1xima dura\u00e7\u00e3o sem deteriora\u00e7\u00e3o.","og_url":"https:\/\/chemitool.com\/pt-pt\/products\/tools\/ferramentas-construcao\/talochas\/talocha-plastico-preta\/","og_site_name":"Chemitool","article_publisher":"https:\/\/www.facebook.com\/chemitool","article_modified_time":"2024-11-05T17:58:23+00:00","og_image":[{"width":800,"height":800,"url":"https:\/\/chemitool.com\/wp-content\/uploads\/2024\/11\/CHT200705270000_WEB.png","type":"image\/png"}],"twitter_card":"summary_large_image","schema":{"@context":"https:\/\/schema.org","@graph":[{"@type":"Organization","@id":"https:\/\/chemitool.com\/#organization","name":"Chemitool","url":"https:\/\/chemitool.com\/","sameAs":["https:\/\/www.facebook.com\/chemitool","https:\/\/www.instagram.com\/chemitool\/"],"logo":{"@type":"ImageObject","@id":"https:\/\/chemitool.com\/#logo","inLanguage":"pt-PT","url":"https:\/\/chemitool.com\/wp-content\/uploads\/2020\/10\/logo_chemitool.png","contentUrl":"https:\/\/chemitool.com\/wp-content\/uploads\/2020\/10\/logo_chemitool.png","width":400,"height":400,"caption":"Chemitool"},"image":{"@id":"https:\/\/chemitool.com\/#logo"}},{"@type":"WebSite","@id":"https:\/\/chemitool.com\/#website","url":"https:\/\/chemitool.com\/","name":"Chemitool","description":"Chemitool - hardware and tools","publisher":{"@id":"https:\/\/chemitool.com\/#organization"},"potentialAction":[{"@type":"SearchAction","target":{"@type":"EntryPoint","urlTemplate":"https:\/\/chemitool.com\/?s={search_term_string}"},"query-input":"required name=search_term_string"}],"inLanguage":"pt-PT"},{"@type":"ImageObject","@id":"https:\/\/chemitool.com\/pt-pt\/products\/tools\/ferramentas-construcao\/talochas\/talocha-plastico-preta\/#primaryimage","inLanguage":"pt-PT","url":"https:\/\/chemitool.com\/wp-content\/uploads\/2024\/11\/CHT200705270000_WEB.png","contentUrl":"https:\/\/chemitool.com\/wp-content\/uploads\/2024\/11\/CHT200705270000_WEB.png","width":800,"height":800},{"@type":"WebPage","@id":"https:\/\/chemitool.com\/pt-pt\/products\/tools\/ferramentas-construcao\/talochas\/talocha-plastico-preta\/#webpage","url":"https:\/\/chemitool.com\/pt-pt\/products\/tools\/ferramentas-construcao\/talochas\/talocha-plastico-preta\/","name":"TALOCHA PL\u00c1STICO PRETA &ndash; Chemitool","isPartOf":{"@id":"https:\/\/chemitool.com\/#website"},"primaryImageOfPage":{"@id":"https:\/\/chemitool.com\/pt-pt\/products\/tools\/ferramentas-construcao\/talochas\/talocha-plastico-preta\/#primaryimage"},"datePublished":"2024-11-05T17:06:17+00:00","dateModified":"2024-11-05T17:58:23+00:00","description":"SAP: CHT200705270000 Talocha Pl\u00e1stico Preta CHEMITOOL \u00e9 uma talocha retangular profissional com base de poliestireno de alta qualidade e m\u00e1xima dura\u00e7\u00e3o sem deteriora\u00e7\u00e3o.","breadcrumb":{"@id":"https:\/\/chemitool.com\/pt-pt\/products\/tools\/ferramentas-construcao\/talochas\/talocha-plastico-preta\/#breadcrumb"},"inLanguage":"pt-PT","potentialAction":[{"@type":"ReadAction","target":["https:\/\/chemitool.com\/pt-pt\/products\/tools\/ferramentas-construcao\/talochas\/talocha-plastico-preta\/"]}]},{"@type":"BreadcrumbList","@id":"https:\/\/chemitool.com\/pt-pt\/products\/tools\/ferramentas-construcao\/talochas\/talocha-plastico-preta\/#breadcrumb","itemListElement":[{"@type":"ListItem","position":1,"name":"Home","item":"https:\/\/chemitool.com\/pt-pt\/"},{"@type":"ListItem","position":2,"name":"Produtos","item":"https:\/\/chemitool.com\/pt-pt\/produtos\/"},{"@type":"ListItem","position":3,"name":"Tools","item":"https:\/\/chemitool.com\/pt-pt\/categoria-produto\/tools\/"},{"@type":"ListItem","position":4,"name":"Escadas e Escadotes","item":"https:\/\/chemitool.com\/pt-pt\/categoria-produto\/tools\/escadas-e-escadotes\/"},{"@type":"ListItem","position":5,"name":"TALOCHA PL\u00c1STICO PRETA"}]}]}},"_links":{"self":[{"href":"https:\/\/chemitool.com\/pt-pt\/wp-json\/wp\/v2\/product\/40164"}],"collection":[{"href":"https:\/\/chemitool.com\/pt-pt\/wp-json\/wp\/v2\/product"}],"about":[{"href":"https:\/\/chemitool.com\/pt-pt\/wp-json\/wp\/v2\/types\/product"}],"wp:featuredmedia":[{"embeddable":true,"href":"https:\/\/chemitool.com\/pt-pt\/wp-json\/wp\/v2\/media\/40145"}],"wp:attachment":[{"href":"https:\/\/chemitool.com\/pt-pt\/wp-json\/wp\/v2\/media?parent=40164"}],"wp:term":[{"taxonomy":"product_cat","embeddable":true,"href":"https:\/\/chemitool.com\/pt-pt\/wp-json\/wp\/v2\/product_cat?post=40164"},{"taxonomy":"product_tag","embeddable":true,"href":"https:\/\/chemitool.com\/pt-pt\/wp-json\/wp\/v2\/product_tag?post=40164"}],"curies":[{"name":"wp","href":"https:\/\/api.w.org\/{rel}","templated":true}]}}