{"id":39485,"date":"2024-09-26T13:57:03","date_gmt":"2024-09-26T13:57:12","guid":{"rendered":"https:\/\/chemitool.com\/?post_type=product&#038;p=39485"},"modified":"2024-09-30T10:56:06","modified_gmt":"2024-09-30T10:56:06","slug":"conjunto-brocas-espirais-retificadas-din-338-hsse-g-m35-5-cobalto","status":"publish","type":"product","link":"https:\/\/chemitool.com\/pt-pt\/products\/cutting\/ferramentas-de-perfuracao-metal\/brocas-espirais-metal\/din-338-pt-pt\/conjunto-brocas-espirais-retificadas-din-338-hsse-g-m35-5-cobalto\/","title":{"rendered":"CONJUNTO BROCAS ESPIRAIS RETIFICADAS DIN 338 HSSE-G M35 (5% COBALTO)"},"content":{"rendered":"<p><strong>VANTAGENS<\/strong><\/p>\n<ul>\n<li>Conjunto de 25 e 170 pe\u00e7as<\/li>\n<li>5% Cobalto M35<\/li>\n<li>Acabamento \u00e2mbar<\/li>\n<li>\u00d3tima presta\u00e7\u00e3o em a\u00e7o inoxid\u00e1vel<\/li>\n<li>Dispon\u00edvel do di\u00e2metro 1,0 at\u00e9 13mm<\/li>\n<li>Excelente capacidade de centragem<\/li>\n<li>Resistente \u00e0 quebra<\/li>\n<li>Longa vida \u00fatil da ferramenta<\/li>\n<\/ul>\n<p>A broca HSS <strong>CHEMITOOL<\/strong> \u00e9 produzida totalmente em a\u00e7o r\u00e1pido, com 5% de cobalto para aumentar a resist\u00eancia em metais com uma dureza at\u00e9 1200N\/mm2, em conformidade com a norma DIN 338.<\/p>\n<p>A broca em forma espiral para metal tem como principal caracter\u00edstica, a fura\u00e7\u00e3o, podendo ser utilizada para alargar ou escarear gra\u00e7as ao seu angulo de ataque de 135\u00ba.<\/p>\n<p>A utiliza\u00e7\u00e3o de lubrifica\u00e7\u00e3o no processo de fura\u00e7\u00e3o, aumenta a vida \u00fatil e reduz o aquecimento da broca, n\u00e3o devendo ser descorada esta aplica\u00e7\u00e3o em fura\u00e7\u00f5es de materiais com uma dureza e abras\u00e3o elevada.<\/p>\n<p><img class=\"alignnone wp-image-23608\" src=\"https:\/\/chemitool.com\/wp-content\/uploads\/2022\/06\/Condutividade-300x300.png\" alt=\"\" width=\"60\" height=\"60\" srcset=\"https:\/\/chemitool.com\/wp-content\/uploads\/2022\/06\/Condutividade-300x300.png 300w, https:\/\/chemitool.com\/wp-content\/uploads\/2022\/06\/Condutividade-150x150.png 150w, https:\/\/chemitool.com\/wp-content\/uploads\/2022\/06\/Condutividade-100x100.png 100w, https:\/\/chemitool.com\/wp-content\/uploads\/2022\/06\/Condutividade.png 377w\" sizes=\"(max-width: 60px) 100vw, 60px\" \/><img class=\"alignnone  wp-image-26616\" src=\"https:\/\/chemitool.com\/wp-content\/uploads\/2022\/07\/Prancheta-10_SITE-300x300.png\" alt=\"\" width=\"61\" height=\"61\" srcset=\"https:\/\/chemitool.com\/wp-content\/uploads\/2022\/07\/Prancheta-10_SITE-300x300.png 300w, https:\/\/chemitool.com\/wp-content\/uploads\/2022\/07\/Prancheta-10_SITE-150x150.png 150w, https:\/\/chemitool.com\/wp-content\/uploads\/2022\/07\/Prancheta-10_SITE-768x768.png 768w, https:\/\/chemitool.com\/wp-content\/uploads\/2022\/07\/Prancheta-10_SITE-650x650.png 650w, https:\/\/chemitool.com\/wp-content\/uploads\/2022\/07\/Prancheta-10_SITE-600x600.png 600w, https:\/\/chemitool.com\/wp-content\/uploads\/2022\/07\/Prancheta-10_SITE-100x100.png 100w, https:\/\/chemitool.com\/wp-content\/uploads\/2022\/07\/Prancheta-10_SITE.png 908w\" sizes=\"(max-width: 61px) 100vw, 61px\" \/><img class=\"alignnone wp-image-23605\" src=\"https:\/\/chemitool.com\/wp-content\/uploads\/2022\/06\/CorteMao-300x300.png\" alt=\"\" width=\"60\" height=\"60\" srcset=\"https:\/\/chemitool.com\/wp-content\/uploads\/2022\/06\/CorteMao-300x300.png 300w, https:\/\/chemitool.com\/wp-content\/uploads\/2022\/06\/CorteMao-150x150.png 150w, https:\/\/chemitool.com\/wp-content\/uploads\/2022\/06\/CorteMao-100x100.png 100w, https:\/\/chemitool.com\/wp-content\/uploads\/2022\/06\/CorteMao.png 378w\" sizes=\"(max-width: 60px) 100vw, 60px\" \/><img class=\"alignnone wp-image-21338\" src=\"https:\/\/chemitool.com\/wp-content\/uploads\/2022\/04\/Artboard-3-1-300x300.png\" alt=\"\" width=\"67\" height=\"67\" srcset=\"https:\/\/chemitool.com\/wp-content\/uploads\/2022\/04\/Artboard-3-1-300x300.png 300w, https:\/\/chemitool.com\/wp-content\/uploads\/2022\/04\/Artboard-3-1-150x150.png 150w, https:\/\/chemitool.com\/wp-content\/uploads\/2022\/04\/Artboard-3-1-768x767.png 768w, https:\/\/chemitool.com\/wp-content\/uploads\/2022\/04\/Artboard-3-1-650x650.png 650w, https:\/\/chemitool.com\/wp-content\/uploads\/2022\/04\/Artboard-3-1-600x599.png 600w, https:\/\/chemitool.com\/wp-content\/uploads\/2022\/04\/Artboard-3-1-100x100.png 100w, https:\/\/chemitool.com\/wp-content\/uploads\/2022\/04\/Artboard-3-1.png 801w\" sizes=\"(max-width: 67px) 100vw, 67px\" \/><img class=\"alignnone wp-image-21344\" src=\"https:\/\/chemitool.com\/wp-content\/uploads\/2022\/04\/Artboard-5-1-300x300.png\" alt=\"\" width=\"68\" height=\"68\" srcset=\"https:\/\/chemitool.com\/wp-content\/uploads\/2022\/04\/Artboard-5-1-300x300.png 300w, https:\/\/chemitool.com\/wp-content\/uploads\/2022\/04\/Artboard-5-1-150x150.png 150w, https:\/\/chemitool.com\/wp-content\/uploads\/2022\/04\/Artboard-5-1-768x767.png 768w, https:\/\/chemitool.com\/wp-content\/uploads\/2022\/04\/Artboard-5-1-650x650.png 650w, https:\/\/chemitool.com\/wp-content\/uploads\/2022\/04\/Artboard-5-1-600x599.png 600w, https:\/\/chemitool.com\/wp-content\/uploads\/2022\/04\/Artboard-5-1-100x100.png 100w, https:\/\/chemitool.com\/wp-content\/uploads\/2022\/04\/Artboard-5-1.png 801w\" sizes=\"(max-width: 68px) 100vw, 68px\" \/><img class=\"alignnone wp-image-21341\" src=\"https:\/\/chemitool.com\/wp-content\/uploads\/2022\/04\/Artboard-4-1-300x300.png\" alt=\"\" width=\"64\" height=\"64\" srcset=\"https:\/\/chemitool.com\/wp-content\/uploads\/2022\/04\/Artboard-4-1-300x300.png 300w, https:\/\/chemitool.com\/wp-content\/uploads\/2022\/04\/Artboard-4-1-150x150.png 150w, https:\/\/chemitool.com\/wp-content\/uploads\/2022\/04\/Artboard-4-1-768x767.png 768w, https:\/\/chemitool.com\/wp-content\/uploads\/2022\/04\/Artboard-4-1-650x650.png 650w, https:\/\/chemitool.com\/wp-content\/uploads\/2022\/04\/Artboard-4-1-600x599.png 600w, https:\/\/chemitool.com\/wp-content\/uploads\/2022\/04\/Artboard-4-1-100x100.png 100w, https:\/\/chemitool.com\/wp-content\/uploads\/2022\/04\/Artboard-4-1.png 801w\" sizes=\"(max-width: 64px) 100vw, 64px\" \/><\/p>\n","protected":false},"excerpt":{"rendered":"<p>O <em>Conjunto de Brocas Espirais Retificadas DIN 338 HSSE-G M35 (5% Cobalto) CHEMITOOL<\/em> foi desenvolvido sobre criteriosos processos de fabrico, no sentido de fornecer ao profissional uma excelente rela\u00e7\u00e3o de qualidade e performance na perfura\u00e7\u00e3o de metais.<\/p>\n","protected":false},"featured_media":39499,"template":"","meta":[],"product_cat":[1422,4506,4509,4532],"product_tag":[],"yoast_head":"<!-- This site is optimized with the Yoast SEO plugin v17.4 - https:\/\/yoast.com\/wordpress\/plugins\/seo\/ -->\n<title>CONJUNTO BROCAS ESPIRAIS RETIFICADAS DIN 338 HSSE-G M35 (5% COBALTO) &ndash; Chemitool<\/title>\n<meta name=\"description\" content=\"O Conjunto de Brocas Espirais Retificadas DIN 338 HSSE-G M35 (5% Cobalto) CHEMITOOL foi desenvolvido sobre criteriosos processos de fabrico, no sentido de fornecer ao profissional uma excelente rela\u00e7\u00e3o de qualidade e performance na perfura\u00e7\u00e3o de metais.\" \/>\n<meta name=\"robots\" content=\"index, follow, max-snippet:-1, max-image-preview:large, max-video-preview:-1\" \/>\n<link rel=\"canonical\" href=\"https:\/\/chemitool.com\/pt-pt\/products\/cutting\/ferramentas-de-perfuracao-metal\/brocas-espirais-metal\/din-338-pt-pt\/conjunto-brocas-espirais-retificadas-din-338-hsse-g-m35-5-cobalto\/\" \/>\n<meta property=\"og:locale\" content=\"pt_PT\" \/>\n<meta property=\"og:type\" content=\"article\" \/>\n<meta property=\"og:title\" content=\"CONJUNTO BROCAS ESPIRAIS RETIFICADAS DIN 338 HSSE-G M35 (5% COBALTO) &ndash; Chemitool\" \/>\n<meta property=\"og:description\" content=\"O Conjunto de Brocas Espirais Retificadas DIN 338 HSSE-G M35 (5% Cobalto) CHEMITOOL foi desenvolvido sobre criteriosos processos de fabrico, no sentido de fornecer ao profissional uma excelente rela\u00e7\u00e3o de qualidade e performance na perfura\u00e7\u00e3o de metais.\" \/>\n<meta property=\"og:url\" content=\"https:\/\/chemitool.com\/pt-pt\/products\/cutting\/ferramentas-de-perfuracao-metal\/brocas-espirais-metal\/din-338-pt-pt\/conjunto-brocas-espirais-retificadas-din-338-hsse-g-m35-5-cobalto\/\" \/>\n<meta property=\"og:site_name\" content=\"Chemitool\" \/>\n<meta property=\"article:publisher\" content=\"https:\/\/www.facebook.com\/chemitool\" \/>\n<meta property=\"article:modified_time\" content=\"2024-09-30T10:56:06+00:00\" \/>\n<meta property=\"og:image\" content=\"https:\/\/chemitool.com\/wp-content\/uploads\/2024\/09\/MONTAGEM_HSS-G-M35-SET.png\" \/>\n\t<meta property=\"og:image:width\" content=\"800\" \/>\n\t<meta property=\"og:image:height\" content=\"800\" \/>\n<meta name=\"twitter:card\" content=\"summary_large_image\" \/>\n<meta name=\"twitter:label1\" content=\"Tempo estimado de leitura\" \/>\n\t<meta name=\"twitter:data1\" content=\"1 minuto\" \/>\n<script type=\"application\/ld+json\" class=\"yoast-schema-graph\">{\"@context\":\"https:\/\/schema.org\",\"@graph\":[{\"@type\":\"Organization\",\"@id\":\"https:\/\/chemitool.com\/#organization\",\"name\":\"Chemitool\",\"url\":\"https:\/\/chemitool.com\/\",\"sameAs\":[\"https:\/\/www.facebook.com\/chemitool\",\"https:\/\/www.instagram.com\/chemitool\/\"],\"logo\":{\"@type\":\"ImageObject\",\"@id\":\"https:\/\/chemitool.com\/#logo\",\"inLanguage\":\"pt-PT\",\"url\":\"https:\/\/chemitool.com\/wp-content\/uploads\/2020\/10\/logo_chemitool.png\",\"contentUrl\":\"https:\/\/chemitool.com\/wp-content\/uploads\/2020\/10\/logo_chemitool.png\",\"width\":400,\"height\":400,\"caption\":\"Chemitool\"},\"image\":{\"@id\":\"https:\/\/chemitool.com\/#logo\"}},{\"@type\":\"WebSite\",\"@id\":\"https:\/\/chemitool.com\/#website\",\"url\":\"https:\/\/chemitool.com\/\",\"name\":\"Chemitool\",\"description\":\"Chemitool - hardware and tools\",\"publisher\":{\"@id\":\"https:\/\/chemitool.com\/#organization\"},\"potentialAction\":[{\"@type\":\"SearchAction\",\"target\":{\"@type\":\"EntryPoint\",\"urlTemplate\":\"https:\/\/chemitool.com\/?s={search_term_string}\"},\"query-input\":\"required name=search_term_string\"}],\"inLanguage\":\"pt-PT\"},{\"@type\":\"ImageObject\",\"@id\":\"https:\/\/chemitool.com\/pt-pt\/products\/cutting\/ferramentas-de-perfuracao-metal\/brocas-espirais-metal\/din-338-pt-pt\/conjunto-brocas-espirais-retificadas-din-338-hsse-g-m35-5-cobalto\/#primaryimage\",\"inLanguage\":\"pt-PT\",\"url\":\"https:\/\/chemitool.com\/wp-content\/uploads\/2024\/09\/MONTAGEM_HSS-G-M35-SET.png\",\"contentUrl\":\"https:\/\/chemitool.com\/wp-content\/uploads\/2024\/09\/MONTAGEM_HSS-G-M35-SET.png\",\"width\":800,\"height\":800},{\"@type\":\"WebPage\",\"@id\":\"https:\/\/chemitool.com\/pt-pt\/products\/cutting\/ferramentas-de-perfuracao-metal\/brocas-espirais-metal\/din-338-pt-pt\/conjunto-brocas-espirais-retificadas-din-338-hsse-g-m35-5-cobalto\/#webpage\",\"url\":\"https:\/\/chemitool.com\/pt-pt\/products\/cutting\/ferramentas-de-perfuracao-metal\/brocas-espirais-metal\/din-338-pt-pt\/conjunto-brocas-espirais-retificadas-din-338-hsse-g-m35-5-cobalto\/\",\"name\":\"CONJUNTO BROCAS ESPIRAIS RETIFICADAS DIN 338 HSSE-G M35 (5% COBALTO) &ndash; Chemitool\",\"isPartOf\":{\"@id\":\"https:\/\/chemitool.com\/#website\"},\"primaryImageOfPage\":{\"@id\":\"https:\/\/chemitool.com\/pt-pt\/products\/cutting\/ferramentas-de-perfuracao-metal\/brocas-espirais-metal\/din-338-pt-pt\/conjunto-brocas-espirais-retificadas-din-338-hsse-g-m35-5-cobalto\/#primaryimage\"},\"datePublished\":\"2024-09-26T13:57:12+00:00\",\"dateModified\":\"2024-09-30T10:56:06+00:00\",\"description\":\"O Conjunto de Brocas Espirais Retificadas DIN 338 HSSE-G M35 (5% Cobalto) CHEMITOOL foi desenvolvido sobre criteriosos processos de fabrico, no sentido de fornecer ao profissional uma excelente rela\\u00e7\\u00e3o de qualidade e performance na perfura\\u00e7\\u00e3o de metais.\",\"breadcrumb\":{\"@id\":\"https:\/\/chemitool.com\/pt-pt\/products\/cutting\/ferramentas-de-perfuracao-metal\/brocas-espirais-metal\/din-338-pt-pt\/conjunto-brocas-espirais-retificadas-din-338-hsse-g-m35-5-cobalto\/#breadcrumb\"},\"inLanguage\":\"pt-PT\",\"potentialAction\":[{\"@type\":\"ReadAction\",\"target\":[\"https:\/\/chemitool.com\/pt-pt\/products\/cutting\/ferramentas-de-perfuracao-metal\/brocas-espirais-metal\/din-338-pt-pt\/conjunto-brocas-espirais-retificadas-din-338-hsse-g-m35-5-cobalto\/\"]}]},{\"@type\":\"BreadcrumbList\",\"@id\":\"https:\/\/chemitool.com\/pt-pt\/products\/cutting\/ferramentas-de-perfuracao-metal\/brocas-espirais-metal\/din-338-pt-pt\/conjunto-brocas-espirais-retificadas-din-338-hsse-g-m35-5-cobalto\/#breadcrumb\",\"itemListElement\":[{\"@type\":\"ListItem\",\"position\":1,\"name\":\"Home\",\"item\":\"https:\/\/chemitool.com\/pt-pt\/\"},{\"@type\":\"ListItem\",\"position\":2,\"name\":\"Produtos\",\"item\":\"https:\/\/chemitool.com\/pt-pt\/produtos\/\"},{\"@type\":\"ListItem\",\"position\":3,\"name\":\"Cutting\",\"item\":\"https:\/\/chemitool.com\/pt-pt\/categoria-produto\/cutting\/\"},{\"@type\":\"ListItem\",\"position\":4,\"name\":\"FERRAMENTAS DE PERFURA\\u00c7\\u00c3O METAL\",\"item\":\"https:\/\/chemitool.com\/pt-pt\/categoria-produto\/cutting\/ferramentas-de-perfuracao-metal\/\"},{\"@type\":\"ListItem\",\"position\":5,\"name\":\"BROCAS ESPIRAIS METAL\",\"item\":\"https:\/\/chemitool.com\/pt-pt\/categoria-produto\/cutting\/ferramentas-de-perfuracao-metal\/brocas-espirais-metal\/\"},{\"@type\":\"ListItem\",\"position\":6,\"name\":\"DIN 338\",\"item\":\"https:\/\/chemitool.com\/pt-pt\/categoria-produto\/cutting\/ferramentas-de-perfuracao-metal\/brocas-espirais-metal\/din-338-pt-pt\/\"},{\"@type\":\"ListItem\",\"position\":7,\"name\":\"CONJUNTO BROCAS ESPIRAIS RETIFICADAS DIN 338 HSSE-G M35 (5% COBALTO)\"}]}]}<\/script>\n<!-- \/ Yoast SEO plugin. -->","yoast_head_json":{"title":"CONJUNTO BROCAS ESPIRAIS RETIFICADAS DIN 338 HSSE-G M35 (5% COBALTO) &ndash; Chemitool","description":"O Conjunto de Brocas Espirais Retificadas DIN 338 HSSE-G M35 (5% Cobalto) CHEMITOOL foi desenvolvido sobre criteriosos processos de fabrico, no sentido de fornecer ao profissional uma excelente rela\u00e7\u00e3o de qualidade e performance na perfura\u00e7\u00e3o de metais.","robots":{"index":"index","follow":"follow","max-snippet":"max-snippet:-1","max-image-preview":"max-image-preview:large","max-video-preview":"max-video-preview:-1"},"canonical":"https:\/\/chemitool.com\/pt-pt\/products\/cutting\/ferramentas-de-perfuracao-metal\/brocas-espirais-metal\/din-338-pt-pt\/conjunto-brocas-espirais-retificadas-din-338-hsse-g-m35-5-cobalto\/","og_locale":"pt_PT","og_type":"article","og_title":"CONJUNTO BROCAS ESPIRAIS RETIFICADAS DIN 338 HSSE-G M35 (5% COBALTO) &ndash; Chemitool","og_description":"O Conjunto de Brocas Espirais Retificadas DIN 338 HSSE-G M35 (5% Cobalto) CHEMITOOL foi desenvolvido sobre criteriosos processos de fabrico, no sentido de fornecer ao profissional uma excelente rela\u00e7\u00e3o de qualidade e performance na perfura\u00e7\u00e3o de metais.","og_url":"https:\/\/chemitool.com\/pt-pt\/products\/cutting\/ferramentas-de-perfuracao-metal\/brocas-espirais-metal\/din-338-pt-pt\/conjunto-brocas-espirais-retificadas-din-338-hsse-g-m35-5-cobalto\/","og_site_name":"Chemitool","article_publisher":"https:\/\/www.facebook.com\/chemitool","article_modified_time":"2024-09-30T10:56:06+00:00","og_image":[{"width":800,"height":800,"url":"https:\/\/chemitool.com\/wp-content\/uploads\/2024\/09\/MONTAGEM_HSS-G-M35-SET.png","type":"image\/png"}],"twitter_card":"summary_large_image","twitter_misc":{"Tempo estimado de leitura":"1 minuto"},"schema":{"@context":"https:\/\/schema.org","@graph":[{"@type":"Organization","@id":"https:\/\/chemitool.com\/#organization","name":"Chemitool","url":"https:\/\/chemitool.com\/","sameAs":["https:\/\/www.facebook.com\/chemitool","https:\/\/www.instagram.com\/chemitool\/"],"logo":{"@type":"ImageObject","@id":"https:\/\/chemitool.com\/#logo","inLanguage":"pt-PT","url":"https:\/\/chemitool.com\/wp-content\/uploads\/2020\/10\/logo_chemitool.png","contentUrl":"https:\/\/chemitool.com\/wp-content\/uploads\/2020\/10\/logo_chemitool.png","width":400,"height":400,"caption":"Chemitool"},"image":{"@id":"https:\/\/chemitool.com\/#logo"}},{"@type":"WebSite","@id":"https:\/\/chemitool.com\/#website","url":"https:\/\/chemitool.com\/","name":"Chemitool","description":"Chemitool - hardware and tools","publisher":{"@id":"https:\/\/chemitool.com\/#organization"},"potentialAction":[{"@type":"SearchAction","target":{"@type":"EntryPoint","urlTemplate":"https:\/\/chemitool.com\/?s={search_term_string}"},"query-input":"required name=search_term_string"}],"inLanguage":"pt-PT"},{"@type":"ImageObject","@id":"https:\/\/chemitool.com\/pt-pt\/products\/cutting\/ferramentas-de-perfuracao-metal\/brocas-espirais-metal\/din-338-pt-pt\/conjunto-brocas-espirais-retificadas-din-338-hsse-g-m35-5-cobalto\/#primaryimage","inLanguage":"pt-PT","url":"https:\/\/chemitool.com\/wp-content\/uploads\/2024\/09\/MONTAGEM_HSS-G-M35-SET.png","contentUrl":"https:\/\/chemitool.com\/wp-content\/uploads\/2024\/09\/MONTAGEM_HSS-G-M35-SET.png","width":800,"height":800},{"@type":"WebPage","@id":"https:\/\/chemitool.com\/pt-pt\/products\/cutting\/ferramentas-de-perfuracao-metal\/brocas-espirais-metal\/din-338-pt-pt\/conjunto-brocas-espirais-retificadas-din-338-hsse-g-m35-5-cobalto\/#webpage","url":"https:\/\/chemitool.com\/pt-pt\/products\/cutting\/ferramentas-de-perfuracao-metal\/brocas-espirais-metal\/din-338-pt-pt\/conjunto-brocas-espirais-retificadas-din-338-hsse-g-m35-5-cobalto\/","name":"CONJUNTO BROCAS ESPIRAIS RETIFICADAS DIN 338 HSSE-G M35 (5% COBALTO) &ndash; Chemitool","isPartOf":{"@id":"https:\/\/chemitool.com\/#website"},"primaryImageOfPage":{"@id":"https:\/\/chemitool.com\/pt-pt\/products\/cutting\/ferramentas-de-perfuracao-metal\/brocas-espirais-metal\/din-338-pt-pt\/conjunto-brocas-espirais-retificadas-din-338-hsse-g-m35-5-cobalto\/#primaryimage"},"datePublished":"2024-09-26T13:57:12+00:00","dateModified":"2024-09-30T10:56:06+00:00","description":"O Conjunto de Brocas Espirais Retificadas DIN 338 HSSE-G M35 (5% Cobalto) CHEMITOOL foi desenvolvido sobre criteriosos processos de fabrico, no sentido de fornecer ao profissional uma excelente rela\u00e7\u00e3o de qualidade e performance na perfura\u00e7\u00e3o de metais.","breadcrumb":{"@id":"https:\/\/chemitool.com\/pt-pt\/products\/cutting\/ferramentas-de-perfuracao-metal\/brocas-espirais-metal\/din-338-pt-pt\/conjunto-brocas-espirais-retificadas-din-338-hsse-g-m35-5-cobalto\/#breadcrumb"},"inLanguage":"pt-PT","potentialAction":[{"@type":"ReadAction","target":["https:\/\/chemitool.com\/pt-pt\/products\/cutting\/ferramentas-de-perfuracao-metal\/brocas-espirais-metal\/din-338-pt-pt\/conjunto-brocas-espirais-retificadas-din-338-hsse-g-m35-5-cobalto\/"]}]},{"@type":"BreadcrumbList","@id":"https:\/\/chemitool.com\/pt-pt\/products\/cutting\/ferramentas-de-perfuracao-metal\/brocas-espirais-metal\/din-338-pt-pt\/conjunto-brocas-espirais-retificadas-din-338-hsse-g-m35-5-cobalto\/#breadcrumb","itemListElement":[{"@type":"ListItem","position":1,"name":"Home","item":"https:\/\/chemitool.com\/pt-pt\/"},{"@type":"ListItem","position":2,"name":"Produtos","item":"https:\/\/chemitool.com\/pt-pt\/produtos\/"},{"@type":"ListItem","position":3,"name":"Cutting","item":"https:\/\/chemitool.com\/pt-pt\/categoria-produto\/cutting\/"},{"@type":"ListItem","position":4,"name":"FERRAMENTAS DE PERFURA\u00c7\u00c3O METAL","item":"https:\/\/chemitool.com\/pt-pt\/categoria-produto\/cutting\/ferramentas-de-perfuracao-metal\/"},{"@type":"ListItem","position":5,"name":"BROCAS ESPIRAIS METAL","item":"https:\/\/chemitool.com\/pt-pt\/categoria-produto\/cutting\/ferramentas-de-perfuracao-metal\/brocas-espirais-metal\/"},{"@type":"ListItem","position":6,"name":"DIN 338","item":"https:\/\/chemitool.com\/pt-pt\/categoria-produto\/cutting\/ferramentas-de-perfuracao-metal\/brocas-espirais-metal\/din-338-pt-pt\/"},{"@type":"ListItem","position":7,"name":"CONJUNTO BROCAS ESPIRAIS RETIFICADAS DIN 338 HSSE-G M35 (5% COBALTO)"}]}]}},"_links":{"self":[{"href":"https:\/\/chemitool.com\/pt-pt\/wp-json\/wp\/v2\/product\/39485"}],"collection":[{"href":"https:\/\/chemitool.com\/pt-pt\/wp-json\/wp\/v2\/product"}],"about":[{"href":"https:\/\/chemitool.com\/pt-pt\/wp-json\/wp\/v2\/types\/product"}],"wp:featuredmedia":[{"embeddable":true,"href":"https:\/\/chemitool.com\/pt-pt\/wp-json\/wp\/v2\/media\/39499"}],"wp:attachment":[{"href":"https:\/\/chemitool.com\/pt-pt\/wp-json\/wp\/v2\/media?parent=39485"}],"wp:term":[{"taxonomy":"product_cat","embeddable":true,"href":"https:\/\/chemitool.com\/pt-pt\/wp-json\/wp\/v2\/product_cat?post=39485"},{"taxonomy":"product_tag","embeddable":true,"href":"https:\/\/chemitool.com\/pt-pt\/wp-json\/wp\/v2\/product_tag?post=39485"}],"curies":[{"name":"wp","href":"https:\/\/api.w.org\/{rel}","templated":true}]}}