{"id":39022,"date":"2024-09-13T13:11:21","date_gmt":"2024-09-13T13:11:25","guid":{"rendered":"https:\/\/chemitool.com\/?post_type=product&#038;p=39022"},"modified":"2025-01-13T09:55:43","modified_gmt":"2025-01-13T09:55:43","slug":"folha-de-lixa-de-agua-prowet-flex","status":"publish","type":"product","link":"https:\/\/chemitool.com\/pt-pt\/products\/cutting\/folhas-rolos-abrasivos-de-mao\/folhas-abrasivas\/folha-de-lixa-de-agua-prowet-flex\/","title":{"rendered":"FOLHA DE LIXA DE \u00c1GUA PROWET FLEX"},"content":{"rendered":"<p><strong>VANTAGENS<\/strong><\/p>\n<ul>\n<li>\u00d3tima rela\u00e7\u00e3o qualidade\/valor<\/li>\n<li>F\u00e1cil uso<\/li>\n<li>Formato 230x280mm<\/li>\n<li>\u00c1 prova de \u00e1gua<\/li>\n<li>Uso geral para acabamentos finos<\/li>\n<li>Flexibilidade superior<\/li>\n<li>Resistente ao rasg\u00e3o<\/li>\n<\/ul>\n<p>A folha de lixa de \u00e1gua PROWET FLEX CHEMITOOL, com suporte em latex imperme\u00e1vel \u00e9 apropriada para trabalhos de micro acabamento, sendo tambem um produto de f\u00e1cil adapta\u00e7\u00e3o a contornos e superf\u00edcies curvas.<\/p>\n<p>Este tipo de lixa permite uma lixagem mais agressiva at\u00e9 ao acabamento\/desbaste final, o que a torna ideal para trabalhos de prepara\u00e7\u00e3o\/est\u00e1gio.<\/p>\n","protected":false},"excerpt":{"rendered":"<p>A <em>Folha de Lixa de \u00c1gua PROWET FLEX CHEMITOOL<\/em> \u00e9 especialmente fabricada em \u00f3xido de alum\u00ednio e carboneto de sil\u00edcio de boa qualidade, no sentido de obter um rendimento superior nas aplica\u00e7\u00f5es de lixagem e acabamento em multimaterial, como vernizes, fibra de vidro, pedra e revestimentos de madeira.<\/p>\n","protected":false},"featured_media":40820,"template":"","meta":[],"product_cat":[5274,1422,4943],"product_tag":[],"yoast_head":"<!-- This site is optimized with the Yoast SEO plugin v17.4 - https:\/\/yoast.com\/wordpress\/plugins\/seo\/ -->\n<title>FOLHA DE LIXA DE \u00c1GUA PROWET FLEX &ndash; Chemitool<\/title>\n<meta name=\"description\" content=\"A Folha de Lixa de \u00c1gua PROWET FLEX CHEMITOOL \u00e9 especialmente fabricada em \u00f3xido de alum\u00ednio e carboneto de sil\u00edcio de boa qualidade, no sentido de obter um rendimento superior nas aplica\u00e7\u00f5es de lixagem e acabamento em multimaterial, como vernizes, fibra de vidro, pedra e revestimentos de madeira.\" \/>\n<meta name=\"robots\" content=\"index, follow, max-snippet:-1, max-image-preview:large, max-video-preview:-1\" \/>\n<link rel=\"canonical\" href=\"https:\/\/chemitool.com\/pt-pt\/products\/cutting\/folhas-rolos-abrasivos-de-mao\/folhas-abrasivas\/folha-de-lixa-de-agua-prowet-flex\/\" \/>\n<meta property=\"og:locale\" content=\"pt_PT\" \/>\n<meta property=\"og:type\" content=\"article\" \/>\n<meta property=\"og:title\" content=\"FOLHA DE LIXA DE \u00c1GUA PROWET FLEX &ndash; Chemitool\" \/>\n<meta property=\"og:description\" content=\"A Folha de Lixa de \u00c1gua PROWET FLEX CHEMITOOL \u00e9 especialmente fabricada em \u00f3xido de alum\u00ednio e carboneto de sil\u00edcio de boa qualidade, no sentido de obter um rendimento superior nas aplica\u00e7\u00f5es de lixagem e acabamento em multimaterial, como vernizes, fibra de vidro, pedra e revestimentos de madeira.\" \/>\n<meta property=\"og:url\" content=\"https:\/\/chemitool.com\/pt-pt\/products\/cutting\/folhas-rolos-abrasivos-de-mao\/folhas-abrasivas\/folha-de-lixa-de-agua-prowet-flex\/\" \/>\n<meta property=\"og:site_name\" content=\"Chemitool\" \/>\n<meta property=\"article:publisher\" content=\"https:\/\/www.facebook.com\/chemitool\" \/>\n<meta property=\"article:modified_time\" content=\"2025-01-13T09:55:43+00:00\" \/>\n<meta property=\"og:image\" content=\"https:\/\/chemitool.com\/wp-content\/uploads\/2025\/01\/PROWET-FELX_1.png\" \/>\n\t<meta property=\"og:image:width\" content=\"800\" \/>\n\t<meta property=\"og:image:height\" content=\"800\" \/>\n<meta name=\"twitter:card\" content=\"summary_large_image\" \/>\n<script type=\"application\/ld+json\" class=\"yoast-schema-graph\">{\"@context\":\"https:\/\/schema.org\",\"@graph\":[{\"@type\":\"Organization\",\"@id\":\"https:\/\/chemitool.com\/#organization\",\"name\":\"Chemitool\",\"url\":\"https:\/\/chemitool.com\/\",\"sameAs\":[\"https:\/\/www.facebook.com\/chemitool\",\"https:\/\/www.instagram.com\/chemitool\/\"],\"logo\":{\"@type\":\"ImageObject\",\"@id\":\"https:\/\/chemitool.com\/#logo\",\"inLanguage\":\"pt-PT\",\"url\":\"https:\/\/chemitool.com\/wp-content\/uploads\/2020\/10\/logo_chemitool.png\",\"contentUrl\":\"https:\/\/chemitool.com\/wp-content\/uploads\/2020\/10\/logo_chemitool.png\",\"width\":400,\"height\":400,\"caption\":\"Chemitool\"},\"image\":{\"@id\":\"https:\/\/chemitool.com\/#logo\"}},{\"@type\":\"WebSite\",\"@id\":\"https:\/\/chemitool.com\/#website\",\"url\":\"https:\/\/chemitool.com\/\",\"name\":\"Chemitool\",\"description\":\"Chemitool - hardware and tools\",\"publisher\":{\"@id\":\"https:\/\/chemitool.com\/#organization\"},\"potentialAction\":[{\"@type\":\"SearchAction\",\"target\":{\"@type\":\"EntryPoint\",\"urlTemplate\":\"https:\/\/chemitool.com\/?s={search_term_string}\"},\"query-input\":\"required name=search_term_string\"}],\"inLanguage\":\"pt-PT\"},{\"@type\":\"ImageObject\",\"@id\":\"https:\/\/chemitool.com\/pt-pt\/products\/cutting\/folhas-rolos-abrasivos-de-mao\/folhas-abrasivas\/folha-de-lixa-de-agua-prowet-flex\/#primaryimage\",\"inLanguage\":\"pt-PT\",\"url\":\"https:\/\/chemitool.com\/wp-content\/uploads\/2025\/01\/PROWET-FELX_1.png\",\"contentUrl\":\"https:\/\/chemitool.com\/wp-content\/uploads\/2025\/01\/PROWET-FELX_1.png\",\"width\":800,\"height\":800},{\"@type\":\"WebPage\",\"@id\":\"https:\/\/chemitool.com\/pt-pt\/products\/cutting\/folhas-rolos-abrasivos-de-mao\/folhas-abrasivas\/folha-de-lixa-de-agua-prowet-flex\/#webpage\",\"url\":\"https:\/\/chemitool.com\/pt-pt\/products\/cutting\/folhas-rolos-abrasivos-de-mao\/folhas-abrasivas\/folha-de-lixa-de-agua-prowet-flex\/\",\"name\":\"FOLHA DE LIXA DE \\u00c1GUA PROWET FLEX &ndash; Chemitool\",\"isPartOf\":{\"@id\":\"https:\/\/chemitool.com\/#website\"},\"primaryImageOfPage\":{\"@id\":\"https:\/\/chemitool.com\/pt-pt\/products\/cutting\/folhas-rolos-abrasivos-de-mao\/folhas-abrasivas\/folha-de-lixa-de-agua-prowet-flex\/#primaryimage\"},\"datePublished\":\"2024-09-13T13:11:25+00:00\",\"dateModified\":\"2025-01-13T09:55:43+00:00\",\"description\":\"A Folha de Lixa de \\u00c1gua PROWET FLEX CHEMITOOL \\u00e9 especialmente fabricada em \\u00f3xido de alum\\u00ednio e carboneto de sil\\u00edcio de boa qualidade, no sentido de obter um rendimento superior nas aplica\\u00e7\\u00f5es de lixagem e acabamento em multimaterial, como vernizes, fibra de vidro, pedra e revestimentos de madeira.\",\"breadcrumb\":{\"@id\":\"https:\/\/chemitool.com\/pt-pt\/products\/cutting\/folhas-rolos-abrasivos-de-mao\/folhas-abrasivas\/folha-de-lixa-de-agua-prowet-flex\/#breadcrumb\"},\"inLanguage\":\"pt-PT\",\"potentialAction\":[{\"@type\":\"ReadAction\",\"target\":[\"https:\/\/chemitool.com\/pt-pt\/products\/cutting\/folhas-rolos-abrasivos-de-mao\/folhas-abrasivas\/folha-de-lixa-de-agua-prowet-flex\/\"]}]},{\"@type\":\"BreadcrumbList\",\"@id\":\"https:\/\/chemitool.com\/pt-pt\/products\/cutting\/folhas-rolos-abrasivos-de-mao\/folhas-abrasivas\/folha-de-lixa-de-agua-prowet-flex\/#breadcrumb\",\"itemListElement\":[{\"@type\":\"ListItem\",\"position\":1,\"name\":\"Home\",\"item\":\"https:\/\/chemitool.com\/pt-pt\/\"},{\"@type\":\"ListItem\",\"position\":2,\"name\":\"Produtos\",\"item\":\"https:\/\/chemitool.com\/pt-pt\/produtos\/\"},{\"@type\":\"ListItem\",\"position\":3,\"name\":\"Cutting\",\"item\":\"https:\/\/chemitool.com\/pt-pt\/categoria-produto\/cutting\/\"},{\"@type\":\"ListItem\",\"position\":4,\"name\":\"FOLHAS, ROLOS E ABRASIVOS DE M\\u00c3O\",\"item\":\"https:\/\/chemitool.com\/pt-pt\/categoria-produto\/cutting\/folhas-rolos-abrasivos-de-mao\/\"},{\"@type\":\"ListItem\",\"position\":5,\"name\":\"FOLHAS ABRASIVAS\",\"item\":\"https:\/\/chemitool.com\/pt-pt\/categoria-produto\/cutting\/folhas-rolos-abrasivos-de-mao\/folhas-abrasivas\/\"},{\"@type\":\"ListItem\",\"position\":6,\"name\":\"FOLHA DE LIXA DE \\u00c1GUA PROWET FLEX\"}]}]}<\/script>\n<!-- \/ Yoast SEO plugin. -->","yoast_head_json":{"title":"FOLHA DE LIXA DE \u00c1GUA PROWET FLEX &ndash; Chemitool","description":"A Folha de Lixa de \u00c1gua PROWET FLEX CHEMITOOL \u00e9 especialmente fabricada em \u00f3xido de alum\u00ednio e carboneto de sil\u00edcio de boa qualidade, no sentido de obter um rendimento superior nas aplica\u00e7\u00f5es de lixagem e acabamento em multimaterial, como vernizes, fibra de vidro, pedra e revestimentos de madeira.","robots":{"index":"index","follow":"follow","max-snippet":"max-snippet:-1","max-image-preview":"max-image-preview:large","max-video-preview":"max-video-preview:-1"},"canonical":"https:\/\/chemitool.com\/pt-pt\/products\/cutting\/folhas-rolos-abrasivos-de-mao\/folhas-abrasivas\/folha-de-lixa-de-agua-prowet-flex\/","og_locale":"pt_PT","og_type":"article","og_title":"FOLHA DE LIXA DE \u00c1GUA PROWET FLEX &ndash; Chemitool","og_description":"A Folha de Lixa de \u00c1gua PROWET FLEX CHEMITOOL \u00e9 especialmente fabricada em \u00f3xido de alum\u00ednio e carboneto de sil\u00edcio de boa qualidade, no sentido de obter um rendimento superior nas aplica\u00e7\u00f5es de lixagem e acabamento em multimaterial, como vernizes, fibra de vidro, pedra e revestimentos de madeira.","og_url":"https:\/\/chemitool.com\/pt-pt\/products\/cutting\/folhas-rolos-abrasivos-de-mao\/folhas-abrasivas\/folha-de-lixa-de-agua-prowet-flex\/","og_site_name":"Chemitool","article_publisher":"https:\/\/www.facebook.com\/chemitool","article_modified_time":"2025-01-13T09:55:43+00:00","og_image":[{"width":800,"height":800,"url":"https:\/\/chemitool.com\/wp-content\/uploads\/2025\/01\/PROWET-FELX_1.png","type":"image\/png"}],"twitter_card":"summary_large_image","schema":{"@context":"https:\/\/schema.org","@graph":[{"@type":"Organization","@id":"https:\/\/chemitool.com\/#organization","name":"Chemitool","url":"https:\/\/chemitool.com\/","sameAs":["https:\/\/www.facebook.com\/chemitool","https:\/\/www.instagram.com\/chemitool\/"],"logo":{"@type":"ImageObject","@id":"https:\/\/chemitool.com\/#logo","inLanguage":"pt-PT","url":"https:\/\/chemitool.com\/wp-content\/uploads\/2020\/10\/logo_chemitool.png","contentUrl":"https:\/\/chemitool.com\/wp-content\/uploads\/2020\/10\/logo_chemitool.png","width":400,"height":400,"caption":"Chemitool"},"image":{"@id":"https:\/\/chemitool.com\/#logo"}},{"@type":"WebSite","@id":"https:\/\/chemitool.com\/#website","url":"https:\/\/chemitool.com\/","name":"Chemitool","description":"Chemitool - hardware and tools","publisher":{"@id":"https:\/\/chemitool.com\/#organization"},"potentialAction":[{"@type":"SearchAction","target":{"@type":"EntryPoint","urlTemplate":"https:\/\/chemitool.com\/?s={search_term_string}"},"query-input":"required name=search_term_string"}],"inLanguage":"pt-PT"},{"@type":"ImageObject","@id":"https:\/\/chemitool.com\/pt-pt\/products\/cutting\/folhas-rolos-abrasivos-de-mao\/folhas-abrasivas\/folha-de-lixa-de-agua-prowet-flex\/#primaryimage","inLanguage":"pt-PT","url":"https:\/\/chemitool.com\/wp-content\/uploads\/2025\/01\/PROWET-FELX_1.png","contentUrl":"https:\/\/chemitool.com\/wp-content\/uploads\/2025\/01\/PROWET-FELX_1.png","width":800,"height":800},{"@type":"WebPage","@id":"https:\/\/chemitool.com\/pt-pt\/products\/cutting\/folhas-rolos-abrasivos-de-mao\/folhas-abrasivas\/folha-de-lixa-de-agua-prowet-flex\/#webpage","url":"https:\/\/chemitool.com\/pt-pt\/products\/cutting\/folhas-rolos-abrasivos-de-mao\/folhas-abrasivas\/folha-de-lixa-de-agua-prowet-flex\/","name":"FOLHA DE LIXA DE \u00c1GUA PROWET FLEX &ndash; Chemitool","isPartOf":{"@id":"https:\/\/chemitool.com\/#website"},"primaryImageOfPage":{"@id":"https:\/\/chemitool.com\/pt-pt\/products\/cutting\/folhas-rolos-abrasivos-de-mao\/folhas-abrasivas\/folha-de-lixa-de-agua-prowet-flex\/#primaryimage"},"datePublished":"2024-09-13T13:11:25+00:00","dateModified":"2025-01-13T09:55:43+00:00","description":"A Folha de Lixa de \u00c1gua PROWET FLEX CHEMITOOL \u00e9 especialmente fabricada em \u00f3xido de alum\u00ednio e carboneto de sil\u00edcio de boa qualidade, no sentido de obter um rendimento superior nas aplica\u00e7\u00f5es de lixagem e acabamento em multimaterial, como vernizes, fibra de vidro, pedra e revestimentos de madeira.","breadcrumb":{"@id":"https:\/\/chemitool.com\/pt-pt\/products\/cutting\/folhas-rolos-abrasivos-de-mao\/folhas-abrasivas\/folha-de-lixa-de-agua-prowet-flex\/#breadcrumb"},"inLanguage":"pt-PT","potentialAction":[{"@type":"ReadAction","target":["https:\/\/chemitool.com\/pt-pt\/products\/cutting\/folhas-rolos-abrasivos-de-mao\/folhas-abrasivas\/folha-de-lixa-de-agua-prowet-flex\/"]}]},{"@type":"BreadcrumbList","@id":"https:\/\/chemitool.com\/pt-pt\/products\/cutting\/folhas-rolos-abrasivos-de-mao\/folhas-abrasivas\/folha-de-lixa-de-agua-prowet-flex\/#breadcrumb","itemListElement":[{"@type":"ListItem","position":1,"name":"Home","item":"https:\/\/chemitool.com\/pt-pt\/"},{"@type":"ListItem","position":2,"name":"Produtos","item":"https:\/\/chemitool.com\/pt-pt\/produtos\/"},{"@type":"ListItem","position":3,"name":"Cutting","item":"https:\/\/chemitool.com\/pt-pt\/categoria-produto\/cutting\/"},{"@type":"ListItem","position":4,"name":"FOLHAS, ROLOS E ABRASIVOS DE M\u00c3O","item":"https:\/\/chemitool.com\/pt-pt\/categoria-produto\/cutting\/folhas-rolos-abrasivos-de-mao\/"},{"@type":"ListItem","position":5,"name":"FOLHAS ABRASIVAS","item":"https:\/\/chemitool.com\/pt-pt\/categoria-produto\/cutting\/folhas-rolos-abrasivos-de-mao\/folhas-abrasivas\/"},{"@type":"ListItem","position":6,"name":"FOLHA DE LIXA DE \u00c1GUA PROWET FLEX"}]}]}},"_links":{"self":[{"href":"https:\/\/chemitool.com\/pt-pt\/wp-json\/wp\/v2\/product\/39022"}],"collection":[{"href":"https:\/\/chemitool.com\/pt-pt\/wp-json\/wp\/v2\/product"}],"about":[{"href":"https:\/\/chemitool.com\/pt-pt\/wp-json\/wp\/v2\/types\/product"}],"wp:featuredmedia":[{"embeddable":true,"href":"https:\/\/chemitool.com\/pt-pt\/wp-json\/wp\/v2\/media\/40820"}],"wp:attachment":[{"href":"https:\/\/chemitool.com\/pt-pt\/wp-json\/wp\/v2\/media?parent=39022"}],"wp:term":[{"taxonomy":"product_cat","embeddable":true,"href":"https:\/\/chemitool.com\/pt-pt\/wp-json\/wp\/v2\/product_cat?post=39022"},{"taxonomy":"product_tag","embeddable":true,"href":"https:\/\/chemitool.com\/pt-pt\/wp-json\/wp\/v2\/product_tag?post=39022"}],"curies":[{"name":"wp","href":"https:\/\/api.w.org\/{rel}","templated":true}]}}