{"id":38890,"date":"2024-09-11T09:28:16","date_gmt":"2024-09-11T09:28:17","guid":{"rendered":"https:\/\/chemitool.com\/?post_type=product&#038;p=38890"},"modified":"2025-01-13T22:02:02","modified_gmt":"2025-01-13T22:02:02","slug":"cintas-de-lixa-abrasivas-probelt","status":"publish","type":"product","link":"https:\/\/chemitool.com\/pt-pt\/products\/cutting\/cintas-e-bandas\/cintas-de-lixa-abrasivas-probelt\/","title":{"rendered":"CINTAS DE LIXA ABRASIVAS PROBELT"},"content":{"rendered":"<p><strong>VANTAGENS<\/strong><\/p>\n<ul>\n<li>Excelente rela\u00e7\u00e3o qualidade\/valor<\/li>\n<li>Suporte de fixa\u00e7\u00e3o em S<\/li>\n<li>Di\u00e2metro de 457 a 690mm<\/li>\n<li>Largura de 75 a 100mm<\/li>\n<li>Acabamento uniforme<\/li>\n<li>Uso em ferramentas el\u00e9tricas<\/li>\n<\/ul>\n<p>A <em>Cinta de Lixa Abrasiva Probelt<\/em>, com suporte resistente, pode ser usada nos mais diversos substratos, como madeira, comp\u00f3sitos de madeira, revestimentos e at\u00e9 em gesso cartonado. Este tipo de cinta de lixa, permite que sejam utilizadas para lixagem mais agressiva, bem como em lixagem de prepara\u00e7\u00e3o\/etapas.<\/p>\n","protected":false},"excerpt":{"rendered":"<p>As <em>Cintas de Lixa Abrasivas PROBELT CHEMITOOL<\/em> para M\u00e1quinas port\u00e1teis, foram desenvolvidas especialmente para dar uma extraordin\u00e1ria rentabilidade de trabalho, devido ao seu formato da tela em S (suporte de tela robusto, evitando o rasgamento).<\/p>\n","protected":false},"featured_media":40881,"template":"","meta":[],"product_cat":[5259,1422],"product_tag":[5265,5266],"yoast_head":"<!-- This site is optimized with the Yoast SEO plugin v17.4 - https:\/\/yoast.com\/wordpress\/plugins\/seo\/ -->\n<title>CINTAS DE LIXA ABRASIVAS PROBELT &ndash; Chemitool<\/title>\n<meta name=\"description\" content=\"As Cintas de Lixa Abrasivas PROBELT CHEMITOOL para M\u00e1quinas port\u00e1teis, foram desenvolvidas especialmente para dar uma extraordin\u00e1ria rentabilidade de trabalho, devido ao seu formato da tela em S (suporte de tela robusto, evitando o rasgamento).\" \/>\n<meta name=\"robots\" content=\"index, follow, max-snippet:-1, max-image-preview:large, max-video-preview:-1\" \/>\n<link rel=\"canonical\" href=\"https:\/\/chemitool.com\/pt-pt\/products\/cutting\/cintas-e-bandas\/cintas-de-lixa-abrasivas-probelt\/\" \/>\n<meta property=\"og:locale\" content=\"pt_PT\" \/>\n<meta property=\"og:type\" content=\"article\" \/>\n<meta property=\"og:title\" content=\"CINTAS DE LIXA ABRASIVAS PROBELT &ndash; Chemitool\" \/>\n<meta property=\"og:description\" content=\"As Cintas de Lixa Abrasivas PROBELT CHEMITOOL para M\u00e1quinas port\u00e1teis, foram desenvolvidas especialmente para dar uma extraordin\u00e1ria rentabilidade de trabalho, devido ao seu formato da tela em S (suporte de tela robusto, evitando o rasgamento).\" \/>\n<meta property=\"og:url\" content=\"https:\/\/chemitool.com\/pt-pt\/products\/cutting\/cintas-e-bandas\/cintas-de-lixa-abrasivas-probelt\/\" \/>\n<meta property=\"og:site_name\" content=\"Chemitool\" \/>\n<meta property=\"article:publisher\" content=\"https:\/\/www.facebook.com\/chemitool\" \/>\n<meta property=\"article:modified_time\" content=\"2025-01-13T22:02:02+00:00\" \/>\n<meta property=\"og:image\" content=\"https:\/\/chemitool.com\/wp-content\/uploads\/2025\/01\/CINTAS_LIXA.png\" \/>\n\t<meta property=\"og:image:width\" content=\"800\" \/>\n\t<meta property=\"og:image:height\" content=\"800\" \/>\n<meta name=\"twitter:card\" content=\"summary_large_image\" \/>\n<meta name=\"twitter:label1\" content=\"Tempo estimado de leitura\" \/>\n\t<meta name=\"twitter:data1\" content=\"1 minuto\" \/>\n<script type=\"application\/ld+json\" class=\"yoast-schema-graph\">{\"@context\":\"https:\/\/schema.org\",\"@graph\":[{\"@type\":\"Organization\",\"@id\":\"https:\/\/chemitool.com\/#organization\",\"name\":\"Chemitool\",\"url\":\"https:\/\/chemitool.com\/\",\"sameAs\":[\"https:\/\/www.facebook.com\/chemitool\",\"https:\/\/www.instagram.com\/chemitool\/\"],\"logo\":{\"@type\":\"ImageObject\",\"@id\":\"https:\/\/chemitool.com\/#logo\",\"inLanguage\":\"pt-PT\",\"url\":\"https:\/\/chemitool.com\/wp-content\/uploads\/2020\/10\/logo_chemitool.png\",\"contentUrl\":\"https:\/\/chemitool.com\/wp-content\/uploads\/2020\/10\/logo_chemitool.png\",\"width\":400,\"height\":400,\"caption\":\"Chemitool\"},\"image\":{\"@id\":\"https:\/\/chemitool.com\/#logo\"}},{\"@type\":\"WebSite\",\"@id\":\"https:\/\/chemitool.com\/#website\",\"url\":\"https:\/\/chemitool.com\/\",\"name\":\"Chemitool\",\"description\":\"Chemitool - hardware and tools\",\"publisher\":{\"@id\":\"https:\/\/chemitool.com\/#organization\"},\"potentialAction\":[{\"@type\":\"SearchAction\",\"target\":{\"@type\":\"EntryPoint\",\"urlTemplate\":\"https:\/\/chemitool.com\/?s={search_term_string}\"},\"query-input\":\"required name=search_term_string\"}],\"inLanguage\":\"pt-PT\"},{\"@type\":\"ImageObject\",\"@id\":\"https:\/\/chemitool.com\/pt-pt\/products\/cutting\/cintas-e-bandas\/cintas-de-lixa-abrasivas-probelt\/#primaryimage\",\"inLanguage\":\"pt-PT\",\"url\":\"https:\/\/chemitool.com\/wp-content\/uploads\/2025\/01\/CINTAS_LIXA.png\",\"contentUrl\":\"https:\/\/chemitool.com\/wp-content\/uploads\/2025\/01\/CINTAS_LIXA.png\",\"width\":800,\"height\":800},{\"@type\":\"WebPage\",\"@id\":\"https:\/\/chemitool.com\/pt-pt\/products\/cutting\/cintas-e-bandas\/cintas-de-lixa-abrasivas-probelt\/#webpage\",\"url\":\"https:\/\/chemitool.com\/pt-pt\/products\/cutting\/cintas-e-bandas\/cintas-de-lixa-abrasivas-probelt\/\",\"name\":\"CINTAS DE LIXA ABRASIVAS PROBELT &ndash; Chemitool\",\"isPartOf\":{\"@id\":\"https:\/\/chemitool.com\/#website\"},\"primaryImageOfPage\":{\"@id\":\"https:\/\/chemitool.com\/pt-pt\/products\/cutting\/cintas-e-bandas\/cintas-de-lixa-abrasivas-probelt\/#primaryimage\"},\"datePublished\":\"2024-09-11T09:28:17+00:00\",\"dateModified\":\"2025-01-13T22:02:02+00:00\",\"description\":\"As Cintas de Lixa Abrasivas PROBELT CHEMITOOL para M\\u00e1quinas port\\u00e1teis, foram desenvolvidas especialmente para dar uma extraordin\\u00e1ria rentabilidade de trabalho, devido ao seu formato da tela em S (suporte de tela robusto, evitando o rasgamento).\",\"breadcrumb\":{\"@id\":\"https:\/\/chemitool.com\/pt-pt\/products\/cutting\/cintas-e-bandas\/cintas-de-lixa-abrasivas-probelt\/#breadcrumb\"},\"inLanguage\":\"pt-PT\",\"potentialAction\":[{\"@type\":\"ReadAction\",\"target\":[\"https:\/\/chemitool.com\/pt-pt\/products\/cutting\/cintas-e-bandas\/cintas-de-lixa-abrasivas-probelt\/\"]}]},{\"@type\":\"BreadcrumbList\",\"@id\":\"https:\/\/chemitool.com\/pt-pt\/products\/cutting\/cintas-e-bandas\/cintas-de-lixa-abrasivas-probelt\/#breadcrumb\",\"itemListElement\":[{\"@type\":\"ListItem\",\"position\":1,\"name\":\"Home\",\"item\":\"https:\/\/chemitool.com\/pt-pt\/\"},{\"@type\":\"ListItem\",\"position\":2,\"name\":\"Produtos\",\"item\":\"https:\/\/chemitool.com\/pt-pt\/produtos\/\"},{\"@type\":\"ListItem\",\"position\":3,\"name\":\"Cutting\",\"item\":\"https:\/\/chemitool.com\/pt-pt\/categoria-produto\/cutting\/\"},{\"@type\":\"ListItem\",\"position\":4,\"name\":\"CINTAS E BANDAS\",\"item\":\"https:\/\/chemitool.com\/pt-pt\/categoria-produto\/cutting\/cintas-e-bandas\/\"},{\"@type\":\"ListItem\",\"position\":5,\"name\":\"CINTAS DE LIXA ABRASIVAS PROBELT\"}]}]}<\/script>\n<!-- \/ Yoast SEO plugin. -->","yoast_head_json":{"title":"CINTAS DE LIXA ABRASIVAS PROBELT &ndash; Chemitool","description":"As Cintas de Lixa Abrasivas PROBELT CHEMITOOL para M\u00e1quinas port\u00e1teis, foram desenvolvidas especialmente para dar uma extraordin\u00e1ria rentabilidade de trabalho, devido ao seu formato da tela em S (suporte de tela robusto, evitando o rasgamento).","robots":{"index":"index","follow":"follow","max-snippet":"max-snippet:-1","max-image-preview":"max-image-preview:large","max-video-preview":"max-video-preview:-1"},"canonical":"https:\/\/chemitool.com\/pt-pt\/products\/cutting\/cintas-e-bandas\/cintas-de-lixa-abrasivas-probelt\/","og_locale":"pt_PT","og_type":"article","og_title":"CINTAS DE LIXA ABRASIVAS PROBELT &ndash; Chemitool","og_description":"As Cintas de Lixa Abrasivas PROBELT CHEMITOOL para M\u00e1quinas port\u00e1teis, foram desenvolvidas especialmente para dar uma extraordin\u00e1ria rentabilidade de trabalho, devido ao seu formato da tela em S (suporte de tela robusto, evitando o rasgamento).","og_url":"https:\/\/chemitool.com\/pt-pt\/products\/cutting\/cintas-e-bandas\/cintas-de-lixa-abrasivas-probelt\/","og_site_name":"Chemitool","article_publisher":"https:\/\/www.facebook.com\/chemitool","article_modified_time":"2025-01-13T22:02:02+00:00","og_image":[{"width":800,"height":800,"url":"https:\/\/chemitool.com\/wp-content\/uploads\/2025\/01\/CINTAS_LIXA.png","type":"image\/png"}],"twitter_card":"summary_large_image","twitter_misc":{"Tempo estimado de leitura":"1 minuto"},"schema":{"@context":"https:\/\/schema.org","@graph":[{"@type":"Organization","@id":"https:\/\/chemitool.com\/#organization","name":"Chemitool","url":"https:\/\/chemitool.com\/","sameAs":["https:\/\/www.facebook.com\/chemitool","https:\/\/www.instagram.com\/chemitool\/"],"logo":{"@type":"ImageObject","@id":"https:\/\/chemitool.com\/#logo","inLanguage":"pt-PT","url":"https:\/\/chemitool.com\/wp-content\/uploads\/2020\/10\/logo_chemitool.png","contentUrl":"https:\/\/chemitool.com\/wp-content\/uploads\/2020\/10\/logo_chemitool.png","width":400,"height":400,"caption":"Chemitool"},"image":{"@id":"https:\/\/chemitool.com\/#logo"}},{"@type":"WebSite","@id":"https:\/\/chemitool.com\/#website","url":"https:\/\/chemitool.com\/","name":"Chemitool","description":"Chemitool - hardware and tools","publisher":{"@id":"https:\/\/chemitool.com\/#organization"},"potentialAction":[{"@type":"SearchAction","target":{"@type":"EntryPoint","urlTemplate":"https:\/\/chemitool.com\/?s={search_term_string}"},"query-input":"required name=search_term_string"}],"inLanguage":"pt-PT"},{"@type":"ImageObject","@id":"https:\/\/chemitool.com\/pt-pt\/products\/cutting\/cintas-e-bandas\/cintas-de-lixa-abrasivas-probelt\/#primaryimage","inLanguage":"pt-PT","url":"https:\/\/chemitool.com\/wp-content\/uploads\/2025\/01\/CINTAS_LIXA.png","contentUrl":"https:\/\/chemitool.com\/wp-content\/uploads\/2025\/01\/CINTAS_LIXA.png","width":800,"height":800},{"@type":"WebPage","@id":"https:\/\/chemitool.com\/pt-pt\/products\/cutting\/cintas-e-bandas\/cintas-de-lixa-abrasivas-probelt\/#webpage","url":"https:\/\/chemitool.com\/pt-pt\/products\/cutting\/cintas-e-bandas\/cintas-de-lixa-abrasivas-probelt\/","name":"CINTAS DE LIXA ABRASIVAS PROBELT &ndash; Chemitool","isPartOf":{"@id":"https:\/\/chemitool.com\/#website"},"primaryImageOfPage":{"@id":"https:\/\/chemitool.com\/pt-pt\/products\/cutting\/cintas-e-bandas\/cintas-de-lixa-abrasivas-probelt\/#primaryimage"},"datePublished":"2024-09-11T09:28:17+00:00","dateModified":"2025-01-13T22:02:02+00:00","description":"As Cintas de Lixa Abrasivas PROBELT CHEMITOOL para M\u00e1quinas port\u00e1teis, foram desenvolvidas especialmente para dar uma extraordin\u00e1ria rentabilidade de trabalho, devido ao seu formato da tela em S (suporte de tela robusto, evitando o rasgamento).","breadcrumb":{"@id":"https:\/\/chemitool.com\/pt-pt\/products\/cutting\/cintas-e-bandas\/cintas-de-lixa-abrasivas-probelt\/#breadcrumb"},"inLanguage":"pt-PT","potentialAction":[{"@type":"ReadAction","target":["https:\/\/chemitool.com\/pt-pt\/products\/cutting\/cintas-e-bandas\/cintas-de-lixa-abrasivas-probelt\/"]}]},{"@type":"BreadcrumbList","@id":"https:\/\/chemitool.com\/pt-pt\/products\/cutting\/cintas-e-bandas\/cintas-de-lixa-abrasivas-probelt\/#breadcrumb","itemListElement":[{"@type":"ListItem","position":1,"name":"Home","item":"https:\/\/chemitool.com\/pt-pt\/"},{"@type":"ListItem","position":2,"name":"Produtos","item":"https:\/\/chemitool.com\/pt-pt\/produtos\/"},{"@type":"ListItem","position":3,"name":"Cutting","item":"https:\/\/chemitool.com\/pt-pt\/categoria-produto\/cutting\/"},{"@type":"ListItem","position":4,"name":"CINTAS E BANDAS","item":"https:\/\/chemitool.com\/pt-pt\/categoria-produto\/cutting\/cintas-e-bandas\/"},{"@type":"ListItem","position":5,"name":"CINTAS DE LIXA ABRASIVAS PROBELT"}]}]}},"_links":{"self":[{"href":"https:\/\/chemitool.com\/pt-pt\/wp-json\/wp\/v2\/product\/38890"}],"collection":[{"href":"https:\/\/chemitool.com\/pt-pt\/wp-json\/wp\/v2\/product"}],"about":[{"href":"https:\/\/chemitool.com\/pt-pt\/wp-json\/wp\/v2\/types\/product"}],"wp:featuredmedia":[{"embeddable":true,"href":"https:\/\/chemitool.com\/pt-pt\/wp-json\/wp\/v2\/media\/40881"}],"wp:attachment":[{"href":"https:\/\/chemitool.com\/pt-pt\/wp-json\/wp\/v2\/media?parent=38890"}],"wp:term":[{"taxonomy":"product_cat","embeddable":true,"href":"https:\/\/chemitool.com\/pt-pt\/wp-json\/wp\/v2\/product_cat?post=38890"},{"taxonomy":"product_tag","embeddable":true,"href":"https:\/\/chemitool.com\/pt-pt\/wp-json\/wp\/v2\/product_tag?post=38890"}],"curies":[{"name":"wp","href":"https:\/\/api.w.org\/{rel}","templated":true}]}}