{"id":38699,"date":"2024-09-06T09:29:31","date_gmt":"2024-09-06T09:29:31","guid":{"rendered":"https:\/\/chemitool.com\/?post_type=product&#038;p=38699"},"modified":"2025-01-23T10:48:12","modified_gmt":"2025-01-23T10:48:12","slug":"escova-copo-em-aco-ondulado-probrush","status":"publish","type":"product","link":"https:\/\/chemitool.com\/pt-pt\/products\/cutting\/escovas-industriais\/catrabuchas\/escova-copo-em-aco-ondulado-probrush\/","title":{"rendered":"ESCOVA COPO EM A\u00c7O ONDULADO PROBRUSH"},"content":{"rendered":"<p><strong>VANTAGENS<\/strong><\/p>\n<ul>\n<li>A\u00e7o ondulado de 0,5mm<\/li>\n<li>Dispon\u00edvel em di\u00e2metro 50 e 75mm<\/li>\n<li>Acabamento fino<\/li>\n<li>Ideal para cantos<\/li>\n<li>Alta rentabilidade<\/li>\n<li>Longa vida \u00fatil da ferramenta<\/li>\n<\/ul>\n<p>A <em>escova copo em a\u00e7o ondulado latonado com haste PROBRUSH <\/em><em>CHEMITOOL<\/em> \u00e9 adequada para a limpeza de superf\u00edcies pequenas. A sua caracter\u00edstica com a\u00e7o ondulado latonado, faz com que o acabamento final seja uma remo\u00e7\u00e3o menos agressiva da superf\u00edcie.<\/p>\n<p>Ideal para uso em zonas de dif\u00edcil acesso, visto que possui uma haste para aumentar o alcance dos arames em superf\u00edcies planas e concavas. Sendo altamente flex\u00edvel, faz com que se ajuste ao contorno da pe\u00e7a a trabalhar.<\/p>\n","protected":false},"excerpt":{"rendered":"<p>E<em>scova Copo em A\u00e7o Ondulado Latonado Com Haste PROBRUSH <\/em><em>CHEMITOOL <\/em>proporciona um acabamento suave das superf\u00edcies. Possui arame em a\u00e7o ondulado latonado para aplica\u00e7\u00f5es de limpeza e remo\u00e7\u00e3o fina de tintas, vernizes, oxida\u00e7\u00e3o em metal, pl\u00e1sticos e madeira.<\/p>\n","protected":false},"featured_media":41099,"template":"","meta":[],"product_cat":[1422,1432,1433],"product_tag":[5223,5221,5222],"yoast_head":"<!-- This site is optimized with the Yoast SEO plugin v17.4 - https:\/\/yoast.com\/wordpress\/plugins\/seo\/ -->\n<title>ESCOVA COPO EM A\u00c7O ONDULADO PROBRUSH &ndash; Chemitool<\/title>\n<meta name=\"description\" content=\"Escova Copo em A\u00e7o Ondulado Latonado Com Haste PROBRUSH CHEMITOOL proporciona um acabamento suave das superf\u00edcies. Possui arame em a\u00e7o ondulado latonado para aplica\u00e7\u00f5es de limpeza e remo\u00e7\u00e3o fina de tintas, vernizes, oxida\u00e7\u00e3o em metal, pl\u00e1sticos e madeira.\" \/>\n<meta name=\"robots\" content=\"index, follow, max-snippet:-1, max-image-preview:large, max-video-preview:-1\" \/>\n<link rel=\"canonical\" href=\"https:\/\/chemitool.com\/pt-pt\/products\/cutting\/escovas-industriais\/catrabuchas\/escova-copo-em-aco-ondulado-probrush\/\" \/>\n<meta property=\"og:locale\" content=\"pt_PT\" \/>\n<meta property=\"og:type\" content=\"article\" \/>\n<meta property=\"og:title\" content=\"ESCOVA COPO EM A\u00c7O ONDULADO PROBRUSH &ndash; Chemitool\" \/>\n<meta property=\"og:description\" content=\"Escova Copo em A\u00e7o Ondulado Latonado Com Haste PROBRUSH CHEMITOOL proporciona um acabamento suave das superf\u00edcies. Possui arame em a\u00e7o ondulado latonado para aplica\u00e7\u00f5es de limpeza e remo\u00e7\u00e3o fina de tintas, vernizes, oxida\u00e7\u00e3o em metal, pl\u00e1sticos e madeira.\" \/>\n<meta property=\"og:url\" content=\"https:\/\/chemitool.com\/pt-pt\/products\/cutting\/escovas-industriais\/catrabuchas\/escova-copo-em-aco-ondulado-probrush\/\" \/>\n<meta property=\"og:site_name\" content=\"Chemitool\" \/>\n<meta property=\"article:publisher\" content=\"https:\/\/www.facebook.com\/chemitool\" \/>\n<meta property=\"article:modified_time\" content=\"2025-01-23T10:48:12+00:00\" \/>\n<meta property=\"og:image\" content=\"https:\/\/chemitool.com\/wp-content\/uploads\/2025\/01\/CRIMPED-BRASS-STEEL-CUP-BRUSH-WITH-SHAFT-1.png\" \/>\n\t<meta property=\"og:image:width\" content=\"800\" \/>\n\t<meta property=\"og:image:height\" content=\"800\" \/>\n<meta name=\"twitter:card\" content=\"summary_large_image\" \/>\n<meta name=\"twitter:label1\" content=\"Tempo estimado de leitura\" \/>\n\t<meta name=\"twitter:data1\" content=\"1 minuto\" \/>\n<script type=\"application\/ld+json\" class=\"yoast-schema-graph\">{\"@context\":\"https:\/\/schema.org\",\"@graph\":[{\"@type\":\"Organization\",\"@id\":\"https:\/\/chemitool.com\/#organization\",\"name\":\"Chemitool\",\"url\":\"https:\/\/chemitool.com\/\",\"sameAs\":[\"https:\/\/www.facebook.com\/chemitool\",\"https:\/\/www.instagram.com\/chemitool\/\"],\"logo\":{\"@type\":\"ImageObject\",\"@id\":\"https:\/\/chemitool.com\/#logo\",\"inLanguage\":\"pt-PT\",\"url\":\"https:\/\/chemitool.com\/wp-content\/uploads\/2020\/10\/logo_chemitool.png\",\"contentUrl\":\"https:\/\/chemitool.com\/wp-content\/uploads\/2020\/10\/logo_chemitool.png\",\"width\":400,\"height\":400,\"caption\":\"Chemitool\"},\"image\":{\"@id\":\"https:\/\/chemitool.com\/#logo\"}},{\"@type\":\"WebSite\",\"@id\":\"https:\/\/chemitool.com\/#website\",\"url\":\"https:\/\/chemitool.com\/\",\"name\":\"Chemitool\",\"description\":\"Chemitool - hardware and tools\",\"publisher\":{\"@id\":\"https:\/\/chemitool.com\/#organization\"},\"potentialAction\":[{\"@type\":\"SearchAction\",\"target\":{\"@type\":\"EntryPoint\",\"urlTemplate\":\"https:\/\/chemitool.com\/?s={search_term_string}\"},\"query-input\":\"required name=search_term_string\"}],\"inLanguage\":\"pt-PT\"},{\"@type\":\"ImageObject\",\"@id\":\"https:\/\/chemitool.com\/pt-pt\/products\/cutting\/escovas-industriais\/catrabuchas\/escova-copo-em-aco-ondulado-probrush\/#primaryimage\",\"inLanguage\":\"pt-PT\",\"url\":\"https:\/\/chemitool.com\/wp-content\/uploads\/2025\/01\/CRIMPED-BRASS-STEEL-CUP-BRUSH-WITH-SHAFT-1.png\",\"contentUrl\":\"https:\/\/chemitool.com\/wp-content\/uploads\/2025\/01\/CRIMPED-BRASS-STEEL-CUP-BRUSH-WITH-SHAFT-1.png\",\"width\":800,\"height\":800},{\"@type\":\"WebPage\",\"@id\":\"https:\/\/chemitool.com\/pt-pt\/products\/cutting\/escovas-industriais\/catrabuchas\/escova-copo-em-aco-ondulado-probrush\/#webpage\",\"url\":\"https:\/\/chemitool.com\/pt-pt\/products\/cutting\/escovas-industriais\/catrabuchas\/escova-copo-em-aco-ondulado-probrush\/\",\"name\":\"ESCOVA COPO EM A\\u00c7O ONDULADO PROBRUSH &ndash; Chemitool\",\"isPartOf\":{\"@id\":\"https:\/\/chemitool.com\/#website\"},\"primaryImageOfPage\":{\"@id\":\"https:\/\/chemitool.com\/pt-pt\/products\/cutting\/escovas-industriais\/catrabuchas\/escova-copo-em-aco-ondulado-probrush\/#primaryimage\"},\"datePublished\":\"2024-09-06T09:29:31+00:00\",\"dateModified\":\"2025-01-23T10:48:12+00:00\",\"description\":\"Escova Copo em A\\u00e7o Ondulado Latonado Com Haste PROBRUSH CHEMITOOL proporciona um acabamento suave das superf\\u00edcies. Possui arame em a\\u00e7o ondulado latonado para aplica\\u00e7\\u00f5es de limpeza e remo\\u00e7\\u00e3o fina de tintas, vernizes, oxida\\u00e7\\u00e3o em metal, pl\\u00e1sticos e madeira.\",\"breadcrumb\":{\"@id\":\"https:\/\/chemitool.com\/pt-pt\/products\/cutting\/escovas-industriais\/catrabuchas\/escova-copo-em-aco-ondulado-probrush\/#breadcrumb\"},\"inLanguage\":\"pt-PT\",\"potentialAction\":[{\"@type\":\"ReadAction\",\"target\":[\"https:\/\/chemitool.com\/pt-pt\/products\/cutting\/escovas-industriais\/catrabuchas\/escova-copo-em-aco-ondulado-probrush\/\"]}]},{\"@type\":\"BreadcrumbList\",\"@id\":\"https:\/\/chemitool.com\/pt-pt\/products\/cutting\/escovas-industriais\/catrabuchas\/escova-copo-em-aco-ondulado-probrush\/#breadcrumb\",\"itemListElement\":[{\"@type\":\"ListItem\",\"position\":1,\"name\":\"Home\",\"item\":\"https:\/\/chemitool.com\/pt-pt\/\"},{\"@type\":\"ListItem\",\"position\":2,\"name\":\"Produtos\",\"item\":\"https:\/\/chemitool.com\/pt-pt\/produtos\/\"},{\"@type\":\"ListItem\",\"position\":3,\"name\":\"Cutting\",\"item\":\"https:\/\/chemitool.com\/pt-pt\/categoria-produto\/cutting\/\"},{\"@type\":\"ListItem\",\"position\":4,\"name\":\"Escovas Industriais\",\"item\":\"https:\/\/chemitool.com\/pt-pt\/categoria-produto\/cutting\/escovas-industriais\/\"},{\"@type\":\"ListItem\",\"position\":5,\"name\":\"Catrabuchas\",\"item\":\"https:\/\/chemitool.com\/pt-pt\/categoria-produto\/cutting\/escovas-industriais\/catrabuchas\/\"},{\"@type\":\"ListItem\",\"position\":6,\"name\":\"ESCOVA COPO EM A\\u00c7O ONDULADO PROBRUSH\"}]}]}<\/script>\n<!-- \/ Yoast SEO plugin. -->","yoast_head_json":{"title":"ESCOVA COPO EM A\u00c7O ONDULADO PROBRUSH &ndash; Chemitool","description":"Escova Copo em A\u00e7o Ondulado Latonado Com Haste PROBRUSH CHEMITOOL proporciona um acabamento suave das superf\u00edcies. Possui arame em a\u00e7o ondulado latonado para aplica\u00e7\u00f5es de limpeza e remo\u00e7\u00e3o fina de tintas, vernizes, oxida\u00e7\u00e3o em metal, pl\u00e1sticos e madeira.","robots":{"index":"index","follow":"follow","max-snippet":"max-snippet:-1","max-image-preview":"max-image-preview:large","max-video-preview":"max-video-preview:-1"},"canonical":"https:\/\/chemitool.com\/pt-pt\/products\/cutting\/escovas-industriais\/catrabuchas\/escova-copo-em-aco-ondulado-probrush\/","og_locale":"pt_PT","og_type":"article","og_title":"ESCOVA COPO EM A\u00c7O ONDULADO PROBRUSH &ndash; Chemitool","og_description":"Escova Copo em A\u00e7o Ondulado Latonado Com Haste PROBRUSH CHEMITOOL proporciona um acabamento suave das superf\u00edcies. Possui arame em a\u00e7o ondulado latonado para aplica\u00e7\u00f5es de limpeza e remo\u00e7\u00e3o fina de tintas, vernizes, oxida\u00e7\u00e3o em metal, pl\u00e1sticos e madeira.","og_url":"https:\/\/chemitool.com\/pt-pt\/products\/cutting\/escovas-industriais\/catrabuchas\/escova-copo-em-aco-ondulado-probrush\/","og_site_name":"Chemitool","article_publisher":"https:\/\/www.facebook.com\/chemitool","article_modified_time":"2025-01-23T10:48:12+00:00","og_image":[{"width":800,"height":800,"url":"https:\/\/chemitool.com\/wp-content\/uploads\/2025\/01\/CRIMPED-BRASS-STEEL-CUP-BRUSH-WITH-SHAFT-1.png","type":"image\/png"}],"twitter_card":"summary_large_image","twitter_misc":{"Tempo estimado de leitura":"1 minuto"},"schema":{"@context":"https:\/\/schema.org","@graph":[{"@type":"Organization","@id":"https:\/\/chemitool.com\/#organization","name":"Chemitool","url":"https:\/\/chemitool.com\/","sameAs":["https:\/\/www.facebook.com\/chemitool","https:\/\/www.instagram.com\/chemitool\/"],"logo":{"@type":"ImageObject","@id":"https:\/\/chemitool.com\/#logo","inLanguage":"pt-PT","url":"https:\/\/chemitool.com\/wp-content\/uploads\/2020\/10\/logo_chemitool.png","contentUrl":"https:\/\/chemitool.com\/wp-content\/uploads\/2020\/10\/logo_chemitool.png","width":400,"height":400,"caption":"Chemitool"},"image":{"@id":"https:\/\/chemitool.com\/#logo"}},{"@type":"WebSite","@id":"https:\/\/chemitool.com\/#website","url":"https:\/\/chemitool.com\/","name":"Chemitool","description":"Chemitool - hardware and tools","publisher":{"@id":"https:\/\/chemitool.com\/#organization"},"potentialAction":[{"@type":"SearchAction","target":{"@type":"EntryPoint","urlTemplate":"https:\/\/chemitool.com\/?s={search_term_string}"},"query-input":"required name=search_term_string"}],"inLanguage":"pt-PT"},{"@type":"ImageObject","@id":"https:\/\/chemitool.com\/pt-pt\/products\/cutting\/escovas-industriais\/catrabuchas\/escova-copo-em-aco-ondulado-probrush\/#primaryimage","inLanguage":"pt-PT","url":"https:\/\/chemitool.com\/wp-content\/uploads\/2025\/01\/CRIMPED-BRASS-STEEL-CUP-BRUSH-WITH-SHAFT-1.png","contentUrl":"https:\/\/chemitool.com\/wp-content\/uploads\/2025\/01\/CRIMPED-BRASS-STEEL-CUP-BRUSH-WITH-SHAFT-1.png","width":800,"height":800},{"@type":"WebPage","@id":"https:\/\/chemitool.com\/pt-pt\/products\/cutting\/escovas-industriais\/catrabuchas\/escova-copo-em-aco-ondulado-probrush\/#webpage","url":"https:\/\/chemitool.com\/pt-pt\/products\/cutting\/escovas-industriais\/catrabuchas\/escova-copo-em-aco-ondulado-probrush\/","name":"ESCOVA COPO EM A\u00c7O ONDULADO PROBRUSH &ndash; Chemitool","isPartOf":{"@id":"https:\/\/chemitool.com\/#website"},"primaryImageOfPage":{"@id":"https:\/\/chemitool.com\/pt-pt\/products\/cutting\/escovas-industriais\/catrabuchas\/escova-copo-em-aco-ondulado-probrush\/#primaryimage"},"datePublished":"2024-09-06T09:29:31+00:00","dateModified":"2025-01-23T10:48:12+00:00","description":"Escova Copo em A\u00e7o Ondulado Latonado Com Haste PROBRUSH CHEMITOOL proporciona um acabamento suave das superf\u00edcies. Possui arame em a\u00e7o ondulado latonado para aplica\u00e7\u00f5es de limpeza e remo\u00e7\u00e3o fina de tintas, vernizes, oxida\u00e7\u00e3o em metal, pl\u00e1sticos e madeira.","breadcrumb":{"@id":"https:\/\/chemitool.com\/pt-pt\/products\/cutting\/escovas-industriais\/catrabuchas\/escova-copo-em-aco-ondulado-probrush\/#breadcrumb"},"inLanguage":"pt-PT","potentialAction":[{"@type":"ReadAction","target":["https:\/\/chemitool.com\/pt-pt\/products\/cutting\/escovas-industriais\/catrabuchas\/escova-copo-em-aco-ondulado-probrush\/"]}]},{"@type":"BreadcrumbList","@id":"https:\/\/chemitool.com\/pt-pt\/products\/cutting\/escovas-industriais\/catrabuchas\/escova-copo-em-aco-ondulado-probrush\/#breadcrumb","itemListElement":[{"@type":"ListItem","position":1,"name":"Home","item":"https:\/\/chemitool.com\/pt-pt\/"},{"@type":"ListItem","position":2,"name":"Produtos","item":"https:\/\/chemitool.com\/pt-pt\/produtos\/"},{"@type":"ListItem","position":3,"name":"Cutting","item":"https:\/\/chemitool.com\/pt-pt\/categoria-produto\/cutting\/"},{"@type":"ListItem","position":4,"name":"Escovas Industriais","item":"https:\/\/chemitool.com\/pt-pt\/categoria-produto\/cutting\/escovas-industriais\/"},{"@type":"ListItem","position":5,"name":"Catrabuchas","item":"https:\/\/chemitool.com\/pt-pt\/categoria-produto\/cutting\/escovas-industriais\/catrabuchas\/"},{"@type":"ListItem","position":6,"name":"ESCOVA COPO EM A\u00c7O ONDULADO PROBRUSH"}]}]}},"_links":{"self":[{"href":"https:\/\/chemitool.com\/pt-pt\/wp-json\/wp\/v2\/product\/38699"}],"collection":[{"href":"https:\/\/chemitool.com\/pt-pt\/wp-json\/wp\/v2\/product"}],"about":[{"href":"https:\/\/chemitool.com\/pt-pt\/wp-json\/wp\/v2\/types\/product"}],"wp:featuredmedia":[{"embeddable":true,"href":"https:\/\/chemitool.com\/pt-pt\/wp-json\/wp\/v2\/media\/41099"}],"wp:attachment":[{"href":"https:\/\/chemitool.com\/pt-pt\/wp-json\/wp\/v2\/media?parent=38699"}],"wp:term":[{"taxonomy":"product_cat","embeddable":true,"href":"https:\/\/chemitool.com\/pt-pt\/wp-json\/wp\/v2\/product_cat?post=38699"},{"taxonomy":"product_tag","embeddable":true,"href":"https:\/\/chemitool.com\/pt-pt\/wp-json\/wp\/v2\/product_tag?post=38699"}],"curies":[{"name":"wp","href":"https:\/\/api.w.org\/{rel}","templated":true}]}}