{"id":38650,"date":"2024-09-05T11:03:30","date_gmt":"2024-09-05T11:03:31","guid":{"rendered":"https:\/\/chemitool.com\/?post_type=product&#038;p=38650"},"modified":"2025-01-21T14:15:16","modified_gmt":"2025-01-21T14:15:16","slug":"rolo-de-nylon-pronylon","status":"publish","type":"product","link":"https:\/\/chemitool.com\/pt-pt\/products\/cutting\/abrasivos-flexiveis\/rolos-de-lixa\/rolo-de-nylon-pronylon\/","title":{"rendered":"ROLO DE NYLON PRONYLON"},"content":{"rendered":"<p><strong>VANTAGENS<\/strong><\/p>\n<ul>\n<li>Desbaste a frio e baixa carga t\u00e9rmica<\/li>\n<li>Grande \u00e1rea de trabalho<\/li>\n<li>N\u00e3o empapa<\/li>\n<li>Altamente resistente<\/li>\n<li>Longa vida \u00fatil da ferramenta<\/li>\n<\/ul>\n<p>O <em>Rolo de nylon CHEMITOOL<\/em> \u00e9 adequado para trabalhos de decapagem e limpeza de superf\u00edcies de grandes dimens\u00f5es, permitindo aumentar a rapidez de trabalho, em que o foco \u00e9 a uniformiza\u00e7\u00e3o na limpeza da pe\u00e7a. Devido \u00e1 sua rigidez, este tipo de produto n\u00e3o \u00e9 indicado para trabalhos em que se tenha que efetuar contornos acentuados, sendo porem poss\u00edvel realizar opera\u00e7\u00f5es em superf\u00edcies com curvaturas ligeiras. Indicado para limpeza soldadura, remo\u00e7\u00e3o de rugosidade e acabamento superficial.<\/p>\n<p>Para um melhor desempenho, recomendamos o uso a uma velocidade de 15-30 m\/s. Assim, \u00e9 garantido o compromisso ideal entre a taxa de remo\u00e7\u00e3o do material, a qualidade da superf\u00edcie, a carga t\u00e9rmica na pe\u00e7a de trabalho e o desgaste da ferramenta.<\/p>\n","protected":false},"excerpt":{"rendered":"<p>O<em> Rolo de Nylon Pronylon CHEMITOOL <\/em>\u00e9 composto por material n\u00e3o-tecido de estrutura grossa, desenvolvido atrav\u00e9s de uma combina\u00e7\u00e3o especial de fibras de poli\u00e9ster com gr\u00e3os abrasivos de carboneto de sil\u00edcio, sendo indicado para opera\u00e7\u00f5es que necessitem de desbaste e acabamento na mesma opera\u00e7\u00e3o.<\/p>\n","protected":false},"featured_media":40907,"template":"","meta":[],"product_cat":[1422,1485,1446],"product_tag":[5216],"yoast_head":"<!-- This site is optimized with the Yoast SEO plugin v17.4 - https:\/\/yoast.com\/wordpress\/plugins\/seo\/ -->\n<title>ROLO DE NYLON PRONYLON &ndash; Chemitool<\/title>\n<meta name=\"description\" content=\"O Rolo de Nylon Pronylon CHEMITOOL \u00e9 composto por material n\u00e3o-tecido de estrutura grossa, desenvolvido atrav\u00e9s de uma combina\u00e7\u00e3o especial de fibras de poli\u00e9ster com gr\u00e3os abrasivos de carboneto de sil\u00edcio, sendo indicado para opera\u00e7\u00f5es que necessitem de desbaste e acabamento na mesma opera\u00e7\u00e3o.\" \/>\n<meta name=\"robots\" content=\"index, follow, max-snippet:-1, max-image-preview:large, max-video-preview:-1\" \/>\n<link rel=\"canonical\" href=\"https:\/\/chemitool.com\/pt-pt\/products\/cutting\/abrasivos-flexiveis\/rolos-de-lixa\/rolo-de-nylon-pronylon\/\" \/>\n<meta property=\"og:locale\" content=\"pt_PT\" \/>\n<meta property=\"og:type\" content=\"article\" \/>\n<meta property=\"og:title\" content=\"ROLO DE NYLON PRONYLON &ndash; Chemitool\" \/>\n<meta property=\"og:description\" content=\"O Rolo de Nylon Pronylon CHEMITOOL \u00e9 composto por material n\u00e3o-tecido de estrutura grossa, desenvolvido atrav\u00e9s de uma combina\u00e7\u00e3o especial de fibras de poli\u00e9ster com gr\u00e3os abrasivos de carboneto de sil\u00edcio, sendo indicado para opera\u00e7\u00f5es que necessitem de desbaste e acabamento na mesma opera\u00e7\u00e3o.\" \/>\n<meta property=\"og:url\" content=\"https:\/\/chemitool.com\/pt-pt\/products\/cutting\/abrasivos-flexiveis\/rolos-de-lixa\/rolo-de-nylon-pronylon\/\" \/>\n<meta property=\"og:site_name\" content=\"Chemitool\" \/>\n<meta property=\"article:publisher\" content=\"https:\/\/www.facebook.com\/chemitool\" \/>\n<meta property=\"article:modified_time\" content=\"2025-01-21T14:15:16+00:00\" \/>\n<meta property=\"og:image\" content=\"https:\/\/chemitool.com\/wp-content\/uploads\/2025\/01\/ROLOS_LIXA_NAO_TECIDO_3.png\" \/>\n\t<meta property=\"og:image:width\" content=\"800\" \/>\n\t<meta property=\"og:image:height\" content=\"800\" \/>\n<meta name=\"twitter:card\" content=\"summary_large_image\" \/>\n<meta name=\"twitter:label1\" content=\"Tempo estimado de leitura\" \/>\n\t<meta name=\"twitter:data1\" content=\"1 minuto\" \/>\n<script type=\"application\/ld+json\" class=\"yoast-schema-graph\">{\"@context\":\"https:\/\/schema.org\",\"@graph\":[{\"@type\":\"Organization\",\"@id\":\"https:\/\/chemitool.com\/#organization\",\"name\":\"Chemitool\",\"url\":\"https:\/\/chemitool.com\/\",\"sameAs\":[\"https:\/\/www.facebook.com\/chemitool\",\"https:\/\/www.instagram.com\/chemitool\/\"],\"logo\":{\"@type\":\"ImageObject\",\"@id\":\"https:\/\/chemitool.com\/#logo\",\"inLanguage\":\"pt-PT\",\"url\":\"https:\/\/chemitool.com\/wp-content\/uploads\/2020\/10\/logo_chemitool.png\",\"contentUrl\":\"https:\/\/chemitool.com\/wp-content\/uploads\/2020\/10\/logo_chemitool.png\",\"width\":400,\"height\":400,\"caption\":\"Chemitool\"},\"image\":{\"@id\":\"https:\/\/chemitool.com\/#logo\"}},{\"@type\":\"WebSite\",\"@id\":\"https:\/\/chemitool.com\/#website\",\"url\":\"https:\/\/chemitool.com\/\",\"name\":\"Chemitool\",\"description\":\"Chemitool - hardware and tools\",\"publisher\":{\"@id\":\"https:\/\/chemitool.com\/#organization\"},\"potentialAction\":[{\"@type\":\"SearchAction\",\"target\":{\"@type\":\"EntryPoint\",\"urlTemplate\":\"https:\/\/chemitool.com\/?s={search_term_string}\"},\"query-input\":\"required name=search_term_string\"}],\"inLanguage\":\"pt-PT\"},{\"@type\":\"ImageObject\",\"@id\":\"https:\/\/chemitool.com\/pt-pt\/products\/cutting\/abrasivos-flexiveis\/rolos-de-lixa\/rolo-de-nylon-pronylon\/#primaryimage\",\"inLanguage\":\"pt-PT\",\"url\":\"https:\/\/chemitool.com\/wp-content\/uploads\/2025\/01\/ROLOS_LIXA_NAO_TECIDO_3.png\",\"contentUrl\":\"https:\/\/chemitool.com\/wp-content\/uploads\/2025\/01\/ROLOS_LIXA_NAO_TECIDO_3.png\",\"width\":800,\"height\":800},{\"@type\":\"WebPage\",\"@id\":\"https:\/\/chemitool.com\/pt-pt\/products\/cutting\/abrasivos-flexiveis\/rolos-de-lixa\/rolo-de-nylon-pronylon\/#webpage\",\"url\":\"https:\/\/chemitool.com\/pt-pt\/products\/cutting\/abrasivos-flexiveis\/rolos-de-lixa\/rolo-de-nylon-pronylon\/\",\"name\":\"ROLO DE NYLON PRONYLON &ndash; Chemitool\",\"isPartOf\":{\"@id\":\"https:\/\/chemitool.com\/#website\"},\"primaryImageOfPage\":{\"@id\":\"https:\/\/chemitool.com\/pt-pt\/products\/cutting\/abrasivos-flexiveis\/rolos-de-lixa\/rolo-de-nylon-pronylon\/#primaryimage\"},\"datePublished\":\"2024-09-05T11:03:31+00:00\",\"dateModified\":\"2025-01-21T14:15:16+00:00\",\"description\":\"O Rolo de Nylon Pronylon CHEMITOOL \\u00e9 composto por material n\\u00e3o-tecido de estrutura grossa, desenvolvido atrav\\u00e9s de uma combina\\u00e7\\u00e3o especial de fibras de poli\\u00e9ster com gr\\u00e3os abrasivos de carboneto de sil\\u00edcio, sendo indicado para opera\\u00e7\\u00f5es que necessitem de desbaste e acabamento na mesma opera\\u00e7\\u00e3o.\",\"breadcrumb\":{\"@id\":\"https:\/\/chemitool.com\/pt-pt\/products\/cutting\/abrasivos-flexiveis\/rolos-de-lixa\/rolo-de-nylon-pronylon\/#breadcrumb\"},\"inLanguage\":\"pt-PT\",\"potentialAction\":[{\"@type\":\"ReadAction\",\"target\":[\"https:\/\/chemitool.com\/pt-pt\/products\/cutting\/abrasivos-flexiveis\/rolos-de-lixa\/rolo-de-nylon-pronylon\/\"]}]},{\"@type\":\"BreadcrumbList\",\"@id\":\"https:\/\/chemitool.com\/pt-pt\/products\/cutting\/abrasivos-flexiveis\/rolos-de-lixa\/rolo-de-nylon-pronylon\/#breadcrumb\",\"itemListElement\":[{\"@type\":\"ListItem\",\"position\":1,\"name\":\"Home\",\"item\":\"https:\/\/chemitool.com\/pt-pt\/\"},{\"@type\":\"ListItem\",\"position\":2,\"name\":\"Produtos\",\"item\":\"https:\/\/chemitool.com\/pt-pt\/produtos\/\"},{\"@type\":\"ListItem\",\"position\":3,\"name\":\"Cutting\",\"item\":\"https:\/\/chemitool.com\/pt-pt\/categoria-produto\/cutting\/\"},{\"@type\":\"ListItem\",\"position\":4,\"name\":\"Abrasivos Flex\\u00edveis\",\"item\":\"https:\/\/chemitool.com\/pt-pt\/categoria-produto\/cutting\/abrasivos-flexiveis\/\"},{\"@type\":\"ListItem\",\"position\":5,\"name\":\"Rolos de lixa e n\\u00e3o-tecido\",\"item\":\"https:\/\/chemitool.com\/pt-pt\/categoria-produto\/cutting\/abrasivos-flexiveis\/rolos-de-lixa\/\"},{\"@type\":\"ListItem\",\"position\":6,\"name\":\"ROLO DE NYLON PRONYLON\"}]}]}<\/script>\n<!-- \/ Yoast SEO plugin. -->","yoast_head_json":{"title":"ROLO DE NYLON PRONYLON &ndash; Chemitool","description":"O Rolo de Nylon Pronylon CHEMITOOL \u00e9 composto por material n\u00e3o-tecido de estrutura grossa, desenvolvido atrav\u00e9s de uma combina\u00e7\u00e3o especial de fibras de poli\u00e9ster com gr\u00e3os abrasivos de carboneto de sil\u00edcio, sendo indicado para opera\u00e7\u00f5es que necessitem de desbaste e acabamento na mesma opera\u00e7\u00e3o.","robots":{"index":"index","follow":"follow","max-snippet":"max-snippet:-1","max-image-preview":"max-image-preview:large","max-video-preview":"max-video-preview:-1"},"canonical":"https:\/\/chemitool.com\/pt-pt\/products\/cutting\/abrasivos-flexiveis\/rolos-de-lixa\/rolo-de-nylon-pronylon\/","og_locale":"pt_PT","og_type":"article","og_title":"ROLO DE NYLON PRONYLON &ndash; Chemitool","og_description":"O Rolo de Nylon Pronylon CHEMITOOL \u00e9 composto por material n\u00e3o-tecido de estrutura grossa, desenvolvido atrav\u00e9s de uma combina\u00e7\u00e3o especial de fibras de poli\u00e9ster com gr\u00e3os abrasivos de carboneto de sil\u00edcio, sendo indicado para opera\u00e7\u00f5es que necessitem de desbaste e acabamento na mesma opera\u00e7\u00e3o.","og_url":"https:\/\/chemitool.com\/pt-pt\/products\/cutting\/abrasivos-flexiveis\/rolos-de-lixa\/rolo-de-nylon-pronylon\/","og_site_name":"Chemitool","article_publisher":"https:\/\/www.facebook.com\/chemitool","article_modified_time":"2025-01-21T14:15:16+00:00","og_image":[{"width":800,"height":800,"url":"https:\/\/chemitool.com\/wp-content\/uploads\/2025\/01\/ROLOS_LIXA_NAO_TECIDO_3.png","type":"image\/png"}],"twitter_card":"summary_large_image","twitter_misc":{"Tempo estimado de leitura":"1 minuto"},"schema":{"@context":"https:\/\/schema.org","@graph":[{"@type":"Organization","@id":"https:\/\/chemitool.com\/#organization","name":"Chemitool","url":"https:\/\/chemitool.com\/","sameAs":["https:\/\/www.facebook.com\/chemitool","https:\/\/www.instagram.com\/chemitool\/"],"logo":{"@type":"ImageObject","@id":"https:\/\/chemitool.com\/#logo","inLanguage":"pt-PT","url":"https:\/\/chemitool.com\/wp-content\/uploads\/2020\/10\/logo_chemitool.png","contentUrl":"https:\/\/chemitool.com\/wp-content\/uploads\/2020\/10\/logo_chemitool.png","width":400,"height":400,"caption":"Chemitool"},"image":{"@id":"https:\/\/chemitool.com\/#logo"}},{"@type":"WebSite","@id":"https:\/\/chemitool.com\/#website","url":"https:\/\/chemitool.com\/","name":"Chemitool","description":"Chemitool - hardware and tools","publisher":{"@id":"https:\/\/chemitool.com\/#organization"},"potentialAction":[{"@type":"SearchAction","target":{"@type":"EntryPoint","urlTemplate":"https:\/\/chemitool.com\/?s={search_term_string}"},"query-input":"required name=search_term_string"}],"inLanguage":"pt-PT"},{"@type":"ImageObject","@id":"https:\/\/chemitool.com\/pt-pt\/products\/cutting\/abrasivos-flexiveis\/rolos-de-lixa\/rolo-de-nylon-pronylon\/#primaryimage","inLanguage":"pt-PT","url":"https:\/\/chemitool.com\/wp-content\/uploads\/2025\/01\/ROLOS_LIXA_NAO_TECIDO_3.png","contentUrl":"https:\/\/chemitool.com\/wp-content\/uploads\/2025\/01\/ROLOS_LIXA_NAO_TECIDO_3.png","width":800,"height":800},{"@type":"WebPage","@id":"https:\/\/chemitool.com\/pt-pt\/products\/cutting\/abrasivos-flexiveis\/rolos-de-lixa\/rolo-de-nylon-pronylon\/#webpage","url":"https:\/\/chemitool.com\/pt-pt\/products\/cutting\/abrasivos-flexiveis\/rolos-de-lixa\/rolo-de-nylon-pronylon\/","name":"ROLO DE NYLON PRONYLON &ndash; Chemitool","isPartOf":{"@id":"https:\/\/chemitool.com\/#website"},"primaryImageOfPage":{"@id":"https:\/\/chemitool.com\/pt-pt\/products\/cutting\/abrasivos-flexiveis\/rolos-de-lixa\/rolo-de-nylon-pronylon\/#primaryimage"},"datePublished":"2024-09-05T11:03:31+00:00","dateModified":"2025-01-21T14:15:16+00:00","description":"O Rolo de Nylon Pronylon CHEMITOOL \u00e9 composto por material n\u00e3o-tecido de estrutura grossa, desenvolvido atrav\u00e9s de uma combina\u00e7\u00e3o especial de fibras de poli\u00e9ster com gr\u00e3os abrasivos de carboneto de sil\u00edcio, sendo indicado para opera\u00e7\u00f5es que necessitem de desbaste e acabamento na mesma opera\u00e7\u00e3o.","breadcrumb":{"@id":"https:\/\/chemitool.com\/pt-pt\/products\/cutting\/abrasivos-flexiveis\/rolos-de-lixa\/rolo-de-nylon-pronylon\/#breadcrumb"},"inLanguage":"pt-PT","potentialAction":[{"@type":"ReadAction","target":["https:\/\/chemitool.com\/pt-pt\/products\/cutting\/abrasivos-flexiveis\/rolos-de-lixa\/rolo-de-nylon-pronylon\/"]}]},{"@type":"BreadcrumbList","@id":"https:\/\/chemitool.com\/pt-pt\/products\/cutting\/abrasivos-flexiveis\/rolos-de-lixa\/rolo-de-nylon-pronylon\/#breadcrumb","itemListElement":[{"@type":"ListItem","position":1,"name":"Home","item":"https:\/\/chemitool.com\/pt-pt\/"},{"@type":"ListItem","position":2,"name":"Produtos","item":"https:\/\/chemitool.com\/pt-pt\/produtos\/"},{"@type":"ListItem","position":3,"name":"Cutting","item":"https:\/\/chemitool.com\/pt-pt\/categoria-produto\/cutting\/"},{"@type":"ListItem","position":4,"name":"Abrasivos Flex\u00edveis","item":"https:\/\/chemitool.com\/pt-pt\/categoria-produto\/cutting\/abrasivos-flexiveis\/"},{"@type":"ListItem","position":5,"name":"Rolos de lixa e n\u00e3o-tecido","item":"https:\/\/chemitool.com\/pt-pt\/categoria-produto\/cutting\/abrasivos-flexiveis\/rolos-de-lixa\/"},{"@type":"ListItem","position":6,"name":"ROLO DE NYLON PRONYLON"}]}]}},"_links":{"self":[{"href":"https:\/\/chemitool.com\/pt-pt\/wp-json\/wp\/v2\/product\/38650"}],"collection":[{"href":"https:\/\/chemitool.com\/pt-pt\/wp-json\/wp\/v2\/product"}],"about":[{"href":"https:\/\/chemitool.com\/pt-pt\/wp-json\/wp\/v2\/types\/product"}],"wp:featuredmedia":[{"embeddable":true,"href":"https:\/\/chemitool.com\/pt-pt\/wp-json\/wp\/v2\/media\/40907"}],"wp:attachment":[{"href":"https:\/\/chemitool.com\/pt-pt\/wp-json\/wp\/v2\/media?parent=38650"}],"wp:term":[{"taxonomy":"product_cat","embeddable":true,"href":"https:\/\/chemitool.com\/pt-pt\/wp-json\/wp\/v2\/product_cat?post=38650"},{"taxonomy":"product_tag","embeddable":true,"href":"https:\/\/chemitool.com\/pt-pt\/wp-json\/wp\/v2\/product_tag?post=38650"}],"curies":[{"name":"wp","href":"https:\/\/api.w.org\/{rel}","templated":true}]}}