{"id":38512,"date":"2024-09-04T08:06:03","date_gmt":"2024-09-04T08:06:07","guid":{"rendered":"https:\/\/chemitool.com\/?post_type=product&#038;p=38512"},"modified":"2024-09-04T14:43:17","modified_gmt":"2024-09-04T14:43:17","slug":"capa-de-chuva-chemitool","status":"publish","type":"product","link":"https:\/\/chemitool.com\/pt-pt\/products\/safety\/vestuario-tecnico\/impermeavel\/capa-de-chuva-chemitool\/","title":{"rendered":"CAPA DE CHUVA CHEMITOOL"},"content":{"rendered":"<ul>\n<li>Fecho ZIP recoberto com aperto de molas<\/li>\n<li>Punho interior el\u00e1stico para ajuste perfeito<\/li>\n<li>Costuras termo seladas para maior conforto<\/li>\n<li>Dois bolsos frontais com pala<\/li>\n<li>Capuz oculto<\/li>\n<li>Ventila\u00e7\u00e3o traseira e ilh\u00f3s nas axilas para maior<br \/>\nrespirabilidade<\/li>\n<li>Saco para armazenamento seguro<\/li>\n<\/ul>\n<p><img class=\"alignnone size-full wp-image-15379\" src=\"https:\/\/chemitool.com\/wp-content\/uploads\/2021\/09\/MAN.png\" alt=\"\" width=\"85\" height=\"97\" \/><img class=\"alignnone size-medium wp-image-15275\" src=\"https:\/\/chemitool.com\/wp-content\/uploads\/2021\/09\/REGULAR-FIT-2.png\" alt=\"\" width=\"85\" height=\"97\" \/><img class=\"alignnone size-medium wp-image-15278\" src=\"https:\/\/chemitool.com\/wp-content\/uploads\/2021\/09\/WINDPROOF.png\" alt=\"\" width=\"85\" height=\"97\" \/><img class=\"alignnone size-medium wp-image-15347\" src=\"https:\/\/chemitool.com\/wp-content\/uploads\/2021\/09\/WATERPROOF-FABRIC.png\" alt=\"\" width=\"85\" height=\"97\" \/><\/p>\n","protected":false},"excerpt":{"rendered":"<p><em>Capa de chuva CHEMITOOL<\/em> tem um fecho por ZIP frontal com capucho oculto na gola ajust\u00e1vel com cord\u00e3o, mangas com punhos interiores el\u00e1sticos e bolsos inferiores com pala para que n\u00e3o entre a \u00e1gua. Ventila\u00e7\u00e3o nas costas e nas axilas e costuras termo coladas para maior prote\u00e7\u00e3o contra a chuva.<\/p>\n","protected":false},"featured_media":38906,"template":"","meta":[],"product_cat":[1453,3454,3460],"product_tag":[],"yoast_head":"<!-- This site is optimized with the Yoast SEO plugin v17.4 - https:\/\/yoast.com\/wordpress\/plugins\/seo\/ -->\n<title>CAPA DE CHUVA CHEMITOOL &ndash; Chemitool<\/title>\n<meta name=\"description\" content=\"Capa de chuva CHEMITOOL tem um fecho por ZIP frontal com capucho oculto na gola ajust\u00e1vel com cord\u00e3o, mangas com punhos interiores el\u00e1sticos e bolsos inferiores com pala para que n\u00e3o entre a \u00e1gua. Ventila\u00e7\u00e3o nas costas e nas axilas e costuras termo coladas para maior prote\u00e7\u00e3o contra a chuva.\" \/>\n<meta name=\"robots\" content=\"index, follow, max-snippet:-1, max-image-preview:large, max-video-preview:-1\" \/>\n<link rel=\"canonical\" href=\"https:\/\/chemitool.com\/pt-pt\/products\/safety\/vestuario-tecnico\/impermeavel\/capa-de-chuva-chemitool\/\" \/>\n<meta property=\"og:locale\" content=\"pt_PT\" \/>\n<meta property=\"og:type\" content=\"article\" \/>\n<meta property=\"og:title\" content=\"CAPA DE CHUVA CHEMITOOL &ndash; Chemitool\" \/>\n<meta property=\"og:description\" content=\"Capa de chuva CHEMITOOL tem um fecho por ZIP frontal com capucho oculto na gola ajust\u00e1vel com cord\u00e3o, mangas com punhos interiores el\u00e1sticos e bolsos inferiores com pala para que n\u00e3o entre a \u00e1gua. Ventila\u00e7\u00e3o nas costas e nas axilas e costuras termo coladas para maior prote\u00e7\u00e3o contra a chuva.\" \/>\n<meta property=\"og:url\" content=\"https:\/\/chemitool.com\/pt-pt\/products\/safety\/vestuario-tecnico\/impermeavel\/capa-de-chuva-chemitool\/\" \/>\n<meta property=\"og:site_name\" content=\"Chemitool\" \/>\n<meta property=\"article:publisher\" content=\"https:\/\/www.facebook.com\/chemitool\" \/>\n<meta property=\"article:modified_time\" content=\"2024-09-04T14:43:17+00:00\" \/>\n<meta property=\"og:image\" content=\"https:\/\/chemitool.com\/wp-content\/uploads\/2024\/09\/CHS10040203L.png\" \/>\n\t<meta property=\"og:image:width\" content=\"800\" \/>\n\t<meta property=\"og:image:height\" content=\"800\" \/>\n<meta name=\"twitter:card\" content=\"summary_large_image\" \/>\n<script type=\"application\/ld+json\" class=\"yoast-schema-graph\">{\"@context\":\"https:\/\/schema.org\",\"@graph\":[{\"@type\":\"Organization\",\"@id\":\"https:\/\/chemitool.com\/#organization\",\"name\":\"Chemitool\",\"url\":\"https:\/\/chemitool.com\/\",\"sameAs\":[\"https:\/\/www.facebook.com\/chemitool\",\"https:\/\/www.instagram.com\/chemitool\/\"],\"logo\":{\"@type\":\"ImageObject\",\"@id\":\"https:\/\/chemitool.com\/#logo\",\"inLanguage\":\"pt-PT\",\"url\":\"https:\/\/chemitool.com\/wp-content\/uploads\/2020\/10\/logo_chemitool.png\",\"contentUrl\":\"https:\/\/chemitool.com\/wp-content\/uploads\/2020\/10\/logo_chemitool.png\",\"width\":400,\"height\":400,\"caption\":\"Chemitool\"},\"image\":{\"@id\":\"https:\/\/chemitool.com\/#logo\"}},{\"@type\":\"WebSite\",\"@id\":\"https:\/\/chemitool.com\/#website\",\"url\":\"https:\/\/chemitool.com\/\",\"name\":\"Chemitool\",\"description\":\"Chemitool - hardware and tools\",\"publisher\":{\"@id\":\"https:\/\/chemitool.com\/#organization\"},\"potentialAction\":[{\"@type\":\"SearchAction\",\"target\":{\"@type\":\"EntryPoint\",\"urlTemplate\":\"https:\/\/chemitool.com\/?s={search_term_string}\"},\"query-input\":\"required name=search_term_string\"}],\"inLanguage\":\"pt-PT\"},{\"@type\":\"ImageObject\",\"@id\":\"https:\/\/chemitool.com\/pt-pt\/products\/safety\/vestuario-tecnico\/impermeavel\/capa-de-chuva-chemitool\/#primaryimage\",\"inLanguage\":\"pt-PT\",\"url\":\"https:\/\/chemitool.com\/wp-content\/uploads\/2024\/09\/CHS10040203_web.png\",\"contentUrl\":\"https:\/\/chemitool.com\/wp-content\/uploads\/2024\/09\/CHS10040203_web.png\",\"width\":800,\"height\":800},{\"@type\":\"WebPage\",\"@id\":\"https:\/\/chemitool.com\/pt-pt\/products\/safety\/vestuario-tecnico\/impermeavel\/capa-de-chuva-chemitool\/#webpage\",\"url\":\"https:\/\/chemitool.com\/pt-pt\/products\/safety\/vestuario-tecnico\/impermeavel\/capa-de-chuva-chemitool\/\",\"name\":\"CAPA DE CHUVA CHEMITOOL &ndash; Chemitool\",\"isPartOf\":{\"@id\":\"https:\/\/chemitool.com\/#website\"},\"primaryImageOfPage\":{\"@id\":\"https:\/\/chemitool.com\/pt-pt\/products\/safety\/vestuario-tecnico\/impermeavel\/capa-de-chuva-chemitool\/#primaryimage\"},\"datePublished\":\"2024-09-04T08:06:07+00:00\",\"dateModified\":\"2024-09-04T14:43:17+00:00\",\"description\":\"Capa de chuva CHEMITOOL tem um fecho por ZIP frontal com capucho oculto na gola ajust\\u00e1vel com cord\\u00e3o, mangas com punhos interiores el\\u00e1sticos e bolsos inferiores com pala para que n\\u00e3o entre a \\u00e1gua. Ventila\\u00e7\\u00e3o nas costas e nas axilas e costuras termo coladas para maior prote\\u00e7\\u00e3o contra a chuva.\",\"breadcrumb\":{\"@id\":\"https:\/\/chemitool.com\/pt-pt\/products\/safety\/vestuario-tecnico\/impermeavel\/capa-de-chuva-chemitool\/#breadcrumb\"},\"inLanguage\":\"pt-PT\",\"potentialAction\":[{\"@type\":\"ReadAction\",\"target\":[\"https:\/\/chemitool.com\/pt-pt\/products\/safety\/vestuario-tecnico\/impermeavel\/capa-de-chuva-chemitool\/\"]}]},{\"@type\":\"BreadcrumbList\",\"@id\":\"https:\/\/chemitool.com\/pt-pt\/products\/safety\/vestuario-tecnico\/impermeavel\/capa-de-chuva-chemitool\/#breadcrumb\",\"itemListElement\":[{\"@type\":\"ListItem\",\"position\":1,\"name\":\"Home\",\"item\":\"https:\/\/chemitool.com\/pt-pt\/\"},{\"@type\":\"ListItem\",\"position\":2,\"name\":\"Produtos\",\"item\":\"https:\/\/chemitool.com\/pt-pt\/produtos\/\"},{\"@type\":\"ListItem\",\"position\":3,\"name\":\"Safety\",\"item\":\"https:\/\/chemitool.com\/pt-pt\/categoria-produto\/safety\/\"},{\"@type\":\"ListItem\",\"position\":4,\"name\":\"Vestu\\u00e1rio T\\u00e9cnico\",\"item\":\"https:\/\/chemitool.com\/pt-pt\/categoria-produto\/safety\/vestuario-tecnico\/\"},{\"@type\":\"ListItem\",\"position\":5,\"name\":\"Imperme\\u00e1vel\",\"item\":\"https:\/\/chemitool.com\/pt-pt\/categoria-produto\/safety\/vestuario-tecnico\/impermeavel\/\"},{\"@type\":\"ListItem\",\"position\":6,\"name\":\"CAPA DE CHUVA CHEMITOOL\"}]}]}<\/script>\n<!-- \/ Yoast SEO plugin. -->","yoast_head_json":{"title":"CAPA DE CHUVA CHEMITOOL &ndash; Chemitool","description":"Capa de chuva CHEMITOOL tem um fecho por ZIP frontal com capucho oculto na gola ajust\u00e1vel com cord\u00e3o, mangas com punhos interiores el\u00e1sticos e bolsos inferiores com pala para que n\u00e3o entre a \u00e1gua. Ventila\u00e7\u00e3o nas costas e nas axilas e costuras termo coladas para maior prote\u00e7\u00e3o contra a chuva.","robots":{"index":"index","follow":"follow","max-snippet":"max-snippet:-1","max-image-preview":"max-image-preview:large","max-video-preview":"max-video-preview:-1"},"canonical":"https:\/\/chemitool.com\/pt-pt\/products\/safety\/vestuario-tecnico\/impermeavel\/capa-de-chuva-chemitool\/","og_locale":"pt_PT","og_type":"article","og_title":"CAPA DE CHUVA CHEMITOOL &ndash; Chemitool","og_description":"Capa de chuva CHEMITOOL tem um fecho por ZIP frontal com capucho oculto na gola ajust\u00e1vel com cord\u00e3o, mangas com punhos interiores el\u00e1sticos e bolsos inferiores com pala para que n\u00e3o entre a \u00e1gua. Ventila\u00e7\u00e3o nas costas e nas axilas e costuras termo coladas para maior prote\u00e7\u00e3o contra a chuva.","og_url":"https:\/\/chemitool.com\/pt-pt\/products\/safety\/vestuario-tecnico\/impermeavel\/capa-de-chuva-chemitool\/","og_site_name":"Chemitool","article_publisher":"https:\/\/www.facebook.com\/chemitool","article_modified_time":"2024-09-04T14:43:17+00:00","og_image":[{"width":800,"height":800,"url":"https:\/\/chemitool.com\/wp-content\/uploads\/2024\/09\/CHS10040203L.png","type":"image\/png"}],"twitter_card":"summary_large_image","schema":{"@context":"https:\/\/schema.org","@graph":[{"@type":"Organization","@id":"https:\/\/chemitool.com\/#organization","name":"Chemitool","url":"https:\/\/chemitool.com\/","sameAs":["https:\/\/www.facebook.com\/chemitool","https:\/\/www.instagram.com\/chemitool\/"],"logo":{"@type":"ImageObject","@id":"https:\/\/chemitool.com\/#logo","inLanguage":"pt-PT","url":"https:\/\/chemitool.com\/wp-content\/uploads\/2020\/10\/logo_chemitool.png","contentUrl":"https:\/\/chemitool.com\/wp-content\/uploads\/2020\/10\/logo_chemitool.png","width":400,"height":400,"caption":"Chemitool"},"image":{"@id":"https:\/\/chemitool.com\/#logo"}},{"@type":"WebSite","@id":"https:\/\/chemitool.com\/#website","url":"https:\/\/chemitool.com\/","name":"Chemitool","description":"Chemitool - hardware and tools","publisher":{"@id":"https:\/\/chemitool.com\/#organization"},"potentialAction":[{"@type":"SearchAction","target":{"@type":"EntryPoint","urlTemplate":"https:\/\/chemitool.com\/?s={search_term_string}"},"query-input":"required name=search_term_string"}],"inLanguage":"pt-PT"},{"@type":"ImageObject","@id":"https:\/\/chemitool.com\/pt-pt\/products\/safety\/vestuario-tecnico\/impermeavel\/capa-de-chuva-chemitool\/#primaryimage","inLanguage":"pt-PT","url":"https:\/\/chemitool.com\/wp-content\/uploads\/2024\/09\/CHS10040203_web.png","contentUrl":"https:\/\/chemitool.com\/wp-content\/uploads\/2024\/09\/CHS10040203_web.png","width":800,"height":800},{"@type":"WebPage","@id":"https:\/\/chemitool.com\/pt-pt\/products\/safety\/vestuario-tecnico\/impermeavel\/capa-de-chuva-chemitool\/#webpage","url":"https:\/\/chemitool.com\/pt-pt\/products\/safety\/vestuario-tecnico\/impermeavel\/capa-de-chuva-chemitool\/","name":"CAPA DE CHUVA CHEMITOOL &ndash; Chemitool","isPartOf":{"@id":"https:\/\/chemitool.com\/#website"},"primaryImageOfPage":{"@id":"https:\/\/chemitool.com\/pt-pt\/products\/safety\/vestuario-tecnico\/impermeavel\/capa-de-chuva-chemitool\/#primaryimage"},"datePublished":"2024-09-04T08:06:07+00:00","dateModified":"2024-09-04T14:43:17+00:00","description":"Capa de chuva CHEMITOOL tem um fecho por ZIP frontal com capucho oculto na gola ajust\u00e1vel com cord\u00e3o, mangas com punhos interiores el\u00e1sticos e bolsos inferiores com pala para que n\u00e3o entre a \u00e1gua. Ventila\u00e7\u00e3o nas costas e nas axilas e costuras termo coladas para maior prote\u00e7\u00e3o contra a chuva.","breadcrumb":{"@id":"https:\/\/chemitool.com\/pt-pt\/products\/safety\/vestuario-tecnico\/impermeavel\/capa-de-chuva-chemitool\/#breadcrumb"},"inLanguage":"pt-PT","potentialAction":[{"@type":"ReadAction","target":["https:\/\/chemitool.com\/pt-pt\/products\/safety\/vestuario-tecnico\/impermeavel\/capa-de-chuva-chemitool\/"]}]},{"@type":"BreadcrumbList","@id":"https:\/\/chemitool.com\/pt-pt\/products\/safety\/vestuario-tecnico\/impermeavel\/capa-de-chuva-chemitool\/#breadcrumb","itemListElement":[{"@type":"ListItem","position":1,"name":"Home","item":"https:\/\/chemitool.com\/pt-pt\/"},{"@type":"ListItem","position":2,"name":"Produtos","item":"https:\/\/chemitool.com\/pt-pt\/produtos\/"},{"@type":"ListItem","position":3,"name":"Safety","item":"https:\/\/chemitool.com\/pt-pt\/categoria-produto\/safety\/"},{"@type":"ListItem","position":4,"name":"Vestu\u00e1rio T\u00e9cnico","item":"https:\/\/chemitool.com\/pt-pt\/categoria-produto\/safety\/vestuario-tecnico\/"},{"@type":"ListItem","position":5,"name":"Imperme\u00e1vel","item":"https:\/\/chemitool.com\/pt-pt\/categoria-produto\/safety\/vestuario-tecnico\/impermeavel\/"},{"@type":"ListItem","position":6,"name":"CAPA DE CHUVA CHEMITOOL"}]}]}},"_links":{"self":[{"href":"https:\/\/chemitool.com\/pt-pt\/wp-json\/wp\/v2\/product\/38512"}],"collection":[{"href":"https:\/\/chemitool.com\/pt-pt\/wp-json\/wp\/v2\/product"}],"about":[{"href":"https:\/\/chemitool.com\/pt-pt\/wp-json\/wp\/v2\/types\/product"}],"wp:featuredmedia":[{"embeddable":true,"href":"https:\/\/chemitool.com\/pt-pt\/wp-json\/wp\/v2\/media\/38906"}],"wp:attachment":[{"href":"https:\/\/chemitool.com\/pt-pt\/wp-json\/wp\/v2\/media?parent=38512"}],"wp:term":[{"taxonomy":"product_cat","embeddable":true,"href":"https:\/\/chemitool.com\/pt-pt\/wp-json\/wp\/v2\/product_cat?post=38512"},{"taxonomy":"product_tag","embeddable":true,"href":"https:\/\/chemitool.com\/pt-pt\/wp-json\/wp\/v2\/product_tag?post=38512"}],"curies":[{"name":"wp","href":"https:\/\/api.w.org\/{rel}","templated":true}]}}