{"id":37554,"date":"2024-02-27T16:20:33","date_gmt":"2024-02-27T16:20:38","guid":{"rendered":"https:\/\/chemitool.com\/?post_type=product&#038;p=37554"},"modified":"2024-02-29T14:48:31","modified_gmt":"2024-02-29T14:48:31","slug":"espatula-inox","status":"publish","type":"product","link":"https:\/\/chemitool.com\/pt-pt\/products\/tools\/ferramentas-construcao\/espatulas\/espatula-inox\/","title":{"rendered":"ESP\u00c1TULA INOX"},"content":{"rendered":"<ul>\n<li>Resistente ao desgaste. L\u00e2mina de a\u00e7o inox de alta qualidade. Angulada, alinhada e polida.<\/li>\n<li>Gessos, alisa, preenche fendas ou pregos salientes de forma flex\u00edvel e c\u00f3moda.<\/li>\n<li>Vers\u00e1til e leve. Cabo ergon\u00f3mico, bi-material com base e n\u00facleo de alum\u00ednio, liso ao toque.<\/li>\n<\/ul>\n<p>Utiliza\u00e7\u00e3o recomendada:<\/p>\n<ul>\n<li>Rebocos<\/li>\n<li>Alisamentos<\/li>\n<li>Preenchimento de fendas<\/li>\n<\/ul>\n","protected":false},"excerpt":{"rendered":"<p><i>Esp\u00e1tula Inox CHEMITOOL <\/i>produzida em a\u00e7o inox de alta qualidade, \u00e9 uma esp\u00e1tula profissional com m\u00e1xima durabilidade, sem deteriora\u00e7\u00e3o. L\u00e2mina retificada, alinhada e polida, excelente flexibilidade e conforto durante o trabalho (sem folga). Cabo bi-material muito ergon\u00f3mico. Para trabalhos de acabamento.<\/p>\n","protected":false},"featured_media":37557,"template":"","meta":[],"product_cat":[1455,3836,5039],"product_tag":[],"yoast_head":"<!-- This site is optimized with the Yoast SEO plugin v17.4 - https:\/\/yoast.com\/wordpress\/plugins\/seo\/ -->\n<title>ESP\u00c1TULA INOX &ndash; Chemitool<\/title>\n<meta name=\"description\" content=\"Esp\u00e1tula Inox CHEMITOOL produzida em a\u00e7o inox de alta qualidade, \u00e9 uma esp\u00e1tula profissional com m\u00e1xima durabilidade, sem deteriora\u00e7\u00e3o. L\u00e2mina retificada, alinhada e polida, excelente flexibilidade e conforto durante o trabalho (sem folga). Cabo bi-material muito ergon\u00f3mico. Para trabalhos de acabamento.\" \/>\n<meta name=\"robots\" content=\"index, follow, max-snippet:-1, max-image-preview:large, max-video-preview:-1\" \/>\n<link rel=\"canonical\" href=\"https:\/\/chemitool.com\/pt-pt\/products\/tools\/ferramentas-construcao\/espatulas\/espatula-inox\/\" \/>\n<meta property=\"og:locale\" content=\"pt_PT\" \/>\n<meta property=\"og:type\" content=\"article\" \/>\n<meta property=\"og:title\" content=\"ESP\u00c1TULA INOX &ndash; Chemitool\" \/>\n<meta property=\"og:description\" content=\"Esp\u00e1tula Inox CHEMITOOL produzida em a\u00e7o inox de alta qualidade, \u00e9 uma esp\u00e1tula profissional com m\u00e1xima durabilidade, sem deteriora\u00e7\u00e3o. L\u00e2mina retificada, alinhada e polida, excelente flexibilidade e conforto durante o trabalho (sem folga). Cabo bi-material muito ergon\u00f3mico. Para trabalhos de acabamento.\" \/>\n<meta property=\"og:url\" content=\"https:\/\/chemitool.com\/pt-pt\/products\/tools\/ferramentas-construcao\/espatulas\/espatula-inox\/\" \/>\n<meta property=\"og:site_name\" content=\"Chemitool\" \/>\n<meta property=\"article:publisher\" content=\"https:\/\/www.facebook.com\/chemitool\" \/>\n<meta property=\"article:modified_time\" content=\"2024-02-29T14:48:31+00:00\" \/>\n<meta property=\"og:image\" content=\"https:\/\/chemitool.com\/wp-content\/uploads\/2024\/02\/CHT2006010xx.png\" \/>\n\t<meta property=\"og:image:width\" content=\"800\" \/>\n\t<meta property=\"og:image:height\" content=\"800\" \/>\n<meta name=\"twitter:card\" content=\"summary_large_image\" \/>\n<script type=\"application\/ld+json\" class=\"yoast-schema-graph\">{\"@context\":\"https:\/\/schema.org\",\"@graph\":[{\"@type\":\"Organization\",\"@id\":\"https:\/\/chemitool.com\/#organization\",\"name\":\"Chemitool\",\"url\":\"https:\/\/chemitool.com\/\",\"sameAs\":[\"https:\/\/www.facebook.com\/chemitool\",\"https:\/\/www.instagram.com\/chemitool\/\"],\"logo\":{\"@type\":\"ImageObject\",\"@id\":\"https:\/\/chemitool.com\/#logo\",\"inLanguage\":\"pt-PT\",\"url\":\"https:\/\/chemitool.com\/wp-content\/uploads\/2020\/10\/logo_chemitool.png\",\"contentUrl\":\"https:\/\/chemitool.com\/wp-content\/uploads\/2020\/10\/logo_chemitool.png\",\"width\":400,\"height\":400,\"caption\":\"Chemitool\"},\"image\":{\"@id\":\"https:\/\/chemitool.com\/#logo\"}},{\"@type\":\"WebSite\",\"@id\":\"https:\/\/chemitool.com\/#website\",\"url\":\"https:\/\/chemitool.com\/\",\"name\":\"Chemitool\",\"description\":\"Chemitool - hardware and tools\",\"publisher\":{\"@id\":\"https:\/\/chemitool.com\/#organization\"},\"potentialAction\":[{\"@type\":\"SearchAction\",\"target\":{\"@type\":\"EntryPoint\",\"urlTemplate\":\"https:\/\/chemitool.com\/?s={search_term_string}\"},\"query-input\":\"required name=search_term_string\"}],\"inLanguage\":\"pt-PT\"},{\"@type\":\"ImageObject\",\"@id\":\"https:\/\/chemitool.com\/pt-pt\/products\/tools\/ferramentas-construcao\/espatulas\/espatula-inox\/#primaryimage\",\"inLanguage\":\"pt-PT\",\"url\":\"https:\/\/chemitool.com\/wp-content\/uploads\/2024\/02\/CHT2006010xx.png\",\"contentUrl\":\"https:\/\/chemitool.com\/wp-content\/uploads\/2024\/02\/CHT2006010xx.png\",\"width\":800,\"height\":800},{\"@type\":\"WebPage\",\"@id\":\"https:\/\/chemitool.com\/pt-pt\/products\/tools\/ferramentas-construcao\/espatulas\/espatula-inox\/#webpage\",\"url\":\"https:\/\/chemitool.com\/pt-pt\/products\/tools\/ferramentas-construcao\/espatulas\/espatula-inox\/\",\"name\":\"ESP\\u00c1TULA INOX &ndash; Chemitool\",\"isPartOf\":{\"@id\":\"https:\/\/chemitool.com\/#website\"},\"primaryImageOfPage\":{\"@id\":\"https:\/\/chemitool.com\/pt-pt\/products\/tools\/ferramentas-construcao\/espatulas\/espatula-inox\/#primaryimage\"},\"datePublished\":\"2024-02-27T16:20:38+00:00\",\"dateModified\":\"2024-02-29T14:48:31+00:00\",\"description\":\"Esp\\u00e1tula Inox CHEMITOOL produzida em a\\u00e7o inox de alta qualidade, \\u00e9 uma esp\\u00e1tula profissional com m\\u00e1xima durabilidade, sem deteriora\\u00e7\\u00e3o. L\\u00e2mina retificada, alinhada e polida, excelente flexibilidade e conforto durante o trabalho (sem folga). Cabo bi-material muito ergon\\u00f3mico. Para trabalhos de acabamento.\",\"breadcrumb\":{\"@id\":\"https:\/\/chemitool.com\/pt-pt\/products\/tools\/ferramentas-construcao\/espatulas\/espatula-inox\/#breadcrumb\"},\"inLanguage\":\"pt-PT\",\"potentialAction\":[{\"@type\":\"ReadAction\",\"target\":[\"https:\/\/chemitool.com\/pt-pt\/products\/tools\/ferramentas-construcao\/espatulas\/espatula-inox\/\"]}]},{\"@type\":\"BreadcrumbList\",\"@id\":\"https:\/\/chemitool.com\/pt-pt\/products\/tools\/ferramentas-construcao\/espatulas\/espatula-inox\/#breadcrumb\",\"itemListElement\":[{\"@type\":\"ListItem\",\"position\":1,\"name\":\"Home\",\"item\":\"https:\/\/chemitool.com\/pt-pt\/\"},{\"@type\":\"ListItem\",\"position\":2,\"name\":\"Produtos\",\"item\":\"https:\/\/chemitool.com\/pt-pt\/produtos\/\"},{\"@type\":\"ListItem\",\"position\":3,\"name\":\"Chemicals\",\"item\":\"https:\/\/chemitool.com\/product-category\/chemical-products\/\"},{\"@type\":\"ListItem\",\"position\":4,\"name\":\"ESP\\u00c1TULA INOX\"}]}]}<\/script>\n<!-- \/ Yoast SEO plugin. -->","yoast_head_json":{"title":"ESP\u00c1TULA INOX &ndash; Chemitool","description":"Esp\u00e1tula Inox CHEMITOOL produzida em a\u00e7o inox de alta qualidade, \u00e9 uma esp\u00e1tula profissional com m\u00e1xima durabilidade, sem deteriora\u00e7\u00e3o. L\u00e2mina retificada, alinhada e polida, excelente flexibilidade e conforto durante o trabalho (sem folga). Cabo bi-material muito ergon\u00f3mico. Para trabalhos de acabamento.","robots":{"index":"index","follow":"follow","max-snippet":"max-snippet:-1","max-image-preview":"max-image-preview:large","max-video-preview":"max-video-preview:-1"},"canonical":"https:\/\/chemitool.com\/pt-pt\/products\/tools\/ferramentas-construcao\/espatulas\/espatula-inox\/","og_locale":"pt_PT","og_type":"article","og_title":"ESP\u00c1TULA INOX &ndash; Chemitool","og_description":"Esp\u00e1tula Inox CHEMITOOL produzida em a\u00e7o inox de alta qualidade, \u00e9 uma esp\u00e1tula profissional com m\u00e1xima durabilidade, sem deteriora\u00e7\u00e3o. L\u00e2mina retificada, alinhada e polida, excelente flexibilidade e conforto durante o trabalho (sem folga). Cabo bi-material muito ergon\u00f3mico. Para trabalhos de acabamento.","og_url":"https:\/\/chemitool.com\/pt-pt\/products\/tools\/ferramentas-construcao\/espatulas\/espatula-inox\/","og_site_name":"Chemitool","article_publisher":"https:\/\/www.facebook.com\/chemitool","article_modified_time":"2024-02-29T14:48:31+00:00","og_image":[{"width":800,"height":800,"url":"https:\/\/chemitool.com\/wp-content\/uploads\/2024\/02\/CHT2006010xx.png","type":"image\/png"}],"twitter_card":"summary_large_image","schema":{"@context":"https:\/\/schema.org","@graph":[{"@type":"Organization","@id":"https:\/\/chemitool.com\/#organization","name":"Chemitool","url":"https:\/\/chemitool.com\/","sameAs":["https:\/\/www.facebook.com\/chemitool","https:\/\/www.instagram.com\/chemitool\/"],"logo":{"@type":"ImageObject","@id":"https:\/\/chemitool.com\/#logo","inLanguage":"pt-PT","url":"https:\/\/chemitool.com\/wp-content\/uploads\/2020\/10\/logo_chemitool.png","contentUrl":"https:\/\/chemitool.com\/wp-content\/uploads\/2020\/10\/logo_chemitool.png","width":400,"height":400,"caption":"Chemitool"},"image":{"@id":"https:\/\/chemitool.com\/#logo"}},{"@type":"WebSite","@id":"https:\/\/chemitool.com\/#website","url":"https:\/\/chemitool.com\/","name":"Chemitool","description":"Chemitool - hardware and tools","publisher":{"@id":"https:\/\/chemitool.com\/#organization"},"potentialAction":[{"@type":"SearchAction","target":{"@type":"EntryPoint","urlTemplate":"https:\/\/chemitool.com\/?s={search_term_string}"},"query-input":"required name=search_term_string"}],"inLanguage":"pt-PT"},{"@type":"ImageObject","@id":"https:\/\/chemitool.com\/pt-pt\/products\/tools\/ferramentas-construcao\/espatulas\/espatula-inox\/#primaryimage","inLanguage":"pt-PT","url":"https:\/\/chemitool.com\/wp-content\/uploads\/2024\/02\/CHT2006010xx.png","contentUrl":"https:\/\/chemitool.com\/wp-content\/uploads\/2024\/02\/CHT2006010xx.png","width":800,"height":800},{"@type":"WebPage","@id":"https:\/\/chemitool.com\/pt-pt\/products\/tools\/ferramentas-construcao\/espatulas\/espatula-inox\/#webpage","url":"https:\/\/chemitool.com\/pt-pt\/products\/tools\/ferramentas-construcao\/espatulas\/espatula-inox\/","name":"ESP\u00c1TULA INOX &ndash; Chemitool","isPartOf":{"@id":"https:\/\/chemitool.com\/#website"},"primaryImageOfPage":{"@id":"https:\/\/chemitool.com\/pt-pt\/products\/tools\/ferramentas-construcao\/espatulas\/espatula-inox\/#primaryimage"},"datePublished":"2024-02-27T16:20:38+00:00","dateModified":"2024-02-29T14:48:31+00:00","description":"Esp\u00e1tula Inox CHEMITOOL produzida em a\u00e7o inox de alta qualidade, \u00e9 uma esp\u00e1tula profissional com m\u00e1xima durabilidade, sem deteriora\u00e7\u00e3o. L\u00e2mina retificada, alinhada e polida, excelente flexibilidade e conforto durante o trabalho (sem folga). Cabo bi-material muito ergon\u00f3mico. Para trabalhos de acabamento.","breadcrumb":{"@id":"https:\/\/chemitool.com\/pt-pt\/products\/tools\/ferramentas-construcao\/espatulas\/espatula-inox\/#breadcrumb"},"inLanguage":"pt-PT","potentialAction":[{"@type":"ReadAction","target":["https:\/\/chemitool.com\/pt-pt\/products\/tools\/ferramentas-construcao\/espatulas\/espatula-inox\/"]}]},{"@type":"BreadcrumbList","@id":"https:\/\/chemitool.com\/pt-pt\/products\/tools\/ferramentas-construcao\/espatulas\/espatula-inox\/#breadcrumb","itemListElement":[{"@type":"ListItem","position":1,"name":"Home","item":"https:\/\/chemitool.com\/pt-pt\/"},{"@type":"ListItem","position":2,"name":"Produtos","item":"https:\/\/chemitool.com\/pt-pt\/produtos\/"},{"@type":"ListItem","position":3,"name":"Chemicals","item":"https:\/\/chemitool.com\/product-category\/chemical-products\/"},{"@type":"ListItem","position":4,"name":"ESP\u00c1TULA INOX"}]}]}},"_links":{"self":[{"href":"https:\/\/chemitool.com\/pt-pt\/wp-json\/wp\/v2\/product\/37554"}],"collection":[{"href":"https:\/\/chemitool.com\/pt-pt\/wp-json\/wp\/v2\/product"}],"about":[{"href":"https:\/\/chemitool.com\/pt-pt\/wp-json\/wp\/v2\/types\/product"}],"wp:featuredmedia":[{"embeddable":true,"href":"https:\/\/chemitool.com\/pt-pt\/wp-json\/wp\/v2\/media\/37557"}],"wp:attachment":[{"href":"https:\/\/chemitool.com\/pt-pt\/wp-json\/wp\/v2\/media?parent=37554"}],"wp:term":[{"taxonomy":"product_cat","embeddable":true,"href":"https:\/\/chemitool.com\/pt-pt\/wp-json\/wp\/v2\/product_cat?post=37554"},{"taxonomy":"product_tag","embeddable":true,"href":"https:\/\/chemitool.com\/pt-pt\/wp-json\/wp\/v2\/product_tag?post=37554"}],"curies":[{"name":"wp","href":"https:\/\/api.w.org\/{rel}","templated":true}]}}