{"id":3735,"date":"2020-03-26T14:25:45","date_gmt":"2020-03-26T14:25:45","guid":{"rendered":"https:\/\/chemitool.com\/products\/sem%20categoria\/silicone-acetico-chemisil-2\/"},"modified":"2020-09-23T08:55:46","modified_gmt":"2020-09-23T08:55:46","slug":"silicone-acetato-chemisil","status":"publish","type":"product","link":"https:\/\/chemitool.com\/pt-pt\/products\/chemicals\/silicones-pt\/silicone-acetato-chemisil\/","title":{"rendered":"SILICONE ACETATO CHEMISIL"},"content":{"rendered":"<p><strong>VANTAGENS<\/strong><\/p>\n<ul>\n<li>Cura r\u00e1pida em contacto com a humidade atmosf\u00e9rica<\/li>\n<li>Excelente ader\u00eancia<\/li>\n<li>R\u00e1pida forma\u00e7\u00e3o de pel\u00edcula<\/li>\n<li>Elasticidade de forma permanente<\/li>\n<li>Para uso interno e externo<\/li>\n<li>Alta resist\u00eancia aos raios U.V. e mudan\u00e7as de temperatura<\/li>\n<li>A\u00e7\u00e3o fungicida<\/li>\n<\/ul>\n<p><strong>INDICA\u00c7\u00d5ES<\/strong><\/p>\n<p>Para aplicar em substratos porosos, como o bet\u00e3o, \u00e9 necess\u00e1rio limpar mecanicamente a superf\u00edcie utilizando escovas ou discos de polimento.<br \/>\nAplicar o silicone com a ajuda de uma pistola de acordo com a espessura da junta e alisar, antes de formar uma pel\u00edcula. O silicone antes de curar pode ser limpo com um dissolvente, uma vez curado, s\u00f3 se poder\u00e1 eliminar mecanicamente.<br \/>\nEm alguns materiais pode haver problemas de ader\u00eancia e por isso recomendamos a realiza\u00e7\u00e3o de testes pr\u00e9vios.<\/p>\n","protected":false},"excerpt":{"rendered":"<p><em>Silicone Acetato CHEMISIL <\/em>\u00e9 um vedante mono componente de cura ac\u00e9tica que, em contacto com a humidade atmosf\u00e9rica, torna-se uma junta el\u00e1stica.<\/p>\n","protected":false},"featured_media":29977,"template":"","meta":[],"product_cat":[109,1219],"product_tag":[111],"yoast_head":"<!-- This site is optimized with the Yoast SEO plugin v17.4 - https:\/\/yoast.com\/wordpress\/plugins\/seo\/ -->\n<title>SILICONE ACETATO CHEMISIL &ndash; Chemitool<\/title>\n<meta name=\"description\" content=\"Silicone Acetato CHEMISIL \u00e9 um vedante mono componente de cura ac\u00e9tica que, em contacto com a humidade atmosf\u00e9rica, torna-se uma junta el\u00e1stica.\" \/>\n<meta name=\"robots\" content=\"index, follow, max-snippet:-1, max-image-preview:large, max-video-preview:-1\" \/>\n<link rel=\"canonical\" href=\"https:\/\/chemitool.com\/pt-pt\/products\/chemicals\/silicones-pt\/silicone-acetato-chemisil\/\" \/>\n<meta property=\"og:locale\" content=\"pt_PT\" \/>\n<meta property=\"og:type\" content=\"article\" \/>\n<meta property=\"og:title\" content=\"SILICONE ACETATO CHEMISIL &ndash; Chemitool\" \/>\n<meta property=\"og:description\" content=\"Silicone Acetato CHEMISIL \u00e9 um vedante mono componente de cura ac\u00e9tica que, em contacto com a humidade atmosf\u00e9rica, torna-se uma junta el\u00e1stica.\" \/>\n<meta property=\"og:url\" content=\"https:\/\/chemitool.com\/pt-pt\/products\/chemicals\/silicones-pt\/silicone-acetato-chemisil\/\" \/>\n<meta property=\"og:site_name\" content=\"Chemitool\" \/>\n<meta property=\"article:publisher\" content=\"https:\/\/www.facebook.com\/chemitool\" \/>\n<meta property=\"article:modified_time\" content=\"2020-09-23T08:55:46+00:00\" \/>\n<meta property=\"og:image\" content=\"https:\/\/chemitool.com\/wp-content\/uploads\/2020\/03\/CH0101-ACETOXY.png\" \/>\n\t<meta property=\"og:image:width\" content=\"800\" \/>\n\t<meta property=\"og:image:height\" content=\"800\" \/>\n<meta name=\"twitter:card\" content=\"summary_large_image\" \/>\n<meta name=\"twitter:label1\" content=\"Tempo estimado de leitura\" \/>\n\t<meta name=\"twitter:data1\" content=\"1 minuto\" \/>\n<script type=\"application\/ld+json\" class=\"yoast-schema-graph\">{\"@context\":\"https:\/\/schema.org\",\"@graph\":[{\"@type\":\"Organization\",\"@id\":\"https:\/\/chemitool.com\/#organization\",\"name\":\"Chemitool\",\"url\":\"https:\/\/chemitool.com\/\",\"sameAs\":[\"https:\/\/www.facebook.com\/chemitool\",\"https:\/\/www.instagram.com\/chemitool\/\"],\"logo\":{\"@type\":\"ImageObject\",\"@id\":\"https:\/\/chemitool.com\/#logo\",\"inLanguage\":\"pt-PT\",\"url\":\"https:\/\/chemitool.com\/wp-content\/uploads\/2020\/10\/logo_chemitool.png\",\"contentUrl\":\"https:\/\/chemitool.com\/wp-content\/uploads\/2020\/10\/logo_chemitool.png\",\"width\":400,\"height\":400,\"caption\":\"Chemitool\"},\"image\":{\"@id\":\"https:\/\/chemitool.com\/#logo\"}},{\"@type\":\"WebSite\",\"@id\":\"https:\/\/chemitool.com\/#website\",\"url\":\"https:\/\/chemitool.com\/\",\"name\":\"Chemitool\",\"description\":\"Chemitool - hardware and tools\",\"publisher\":{\"@id\":\"https:\/\/chemitool.com\/#organization\"},\"potentialAction\":[{\"@type\":\"SearchAction\",\"target\":{\"@type\":\"EntryPoint\",\"urlTemplate\":\"https:\/\/chemitool.com\/?s={search_term_string}\"},\"query-input\":\"required name=search_term_string\"}],\"inLanguage\":\"pt-PT\"},{\"@type\":\"ImageObject\",\"@id\":\"https:\/\/chemitool.com\/pt-pt\/products\/chemicals\/silicones-pt\/silicone-acetato-chemisil\/#primaryimage\",\"inLanguage\":\"pt-PT\",\"url\":\"https:\/\/chemitool.com\/wp-content\/uploads\/2020\/03\/CH0101.png\",\"contentUrl\":\"https:\/\/chemitool.com\/wp-content\/uploads\/2020\/03\/CH0101.png\",\"width\":800,\"height\":800},{\"@type\":\"WebPage\",\"@id\":\"https:\/\/chemitool.com\/pt-pt\/products\/chemicals\/silicones-pt\/silicone-acetato-chemisil\/#webpage\",\"url\":\"https:\/\/chemitool.com\/pt-pt\/products\/chemicals\/silicones-pt\/silicone-acetato-chemisil\/\",\"name\":\"SILICONE ACETATO CHEMISIL &ndash; Chemitool\",\"isPartOf\":{\"@id\":\"https:\/\/chemitool.com\/#website\"},\"primaryImageOfPage\":{\"@id\":\"https:\/\/chemitool.com\/pt-pt\/products\/chemicals\/silicones-pt\/silicone-acetato-chemisil\/#primaryimage\"},\"datePublished\":\"2020-03-26T14:25:45+00:00\",\"dateModified\":\"2020-09-23T08:55:46+00:00\",\"description\":\"Silicone Acetato CHEMISIL \\u00e9 um vedante mono componente de cura ac\\u00e9tica que, em contacto com a humidade atmosf\\u00e9rica, torna-se uma junta el\\u00e1stica.\",\"breadcrumb\":{\"@id\":\"https:\/\/chemitool.com\/pt-pt\/products\/chemicals\/silicones-pt\/silicone-acetato-chemisil\/#breadcrumb\"},\"inLanguage\":\"pt-PT\",\"potentialAction\":[{\"@type\":\"ReadAction\",\"target\":[\"https:\/\/chemitool.com\/pt-pt\/products\/chemicals\/silicones-pt\/silicone-acetato-chemisil\/\"]}]},{\"@type\":\"BreadcrumbList\",\"@id\":\"https:\/\/chemitool.com\/pt-pt\/products\/chemicals\/silicones-pt\/silicone-acetato-chemisil\/#breadcrumb\",\"itemListElement\":[{\"@type\":\"ListItem\",\"position\":1,\"name\":\"Home\",\"item\":\"https:\/\/chemitool.com\/pt-pt\/\"},{\"@type\":\"ListItem\",\"position\":2,\"name\":\"Produtos\",\"item\":\"https:\/\/chemitool.com\/pt-pt\/produtos\/\"},{\"@type\":\"ListItem\",\"position\":3,\"name\":\"Chemicals\",\"item\":\"https:\/\/chemitool.com\/product-category\/chemical-products\/\"},{\"@type\":\"ListItem\",\"position\":4,\"name\":\"SILICONE ACETATO CHEMISIL\"}]}]}<\/script>\n<!-- \/ Yoast SEO plugin. -->","yoast_head_json":{"title":"SILICONE ACETATO CHEMISIL &ndash; Chemitool","description":"Silicone Acetato CHEMISIL \u00e9 um vedante mono componente de cura ac\u00e9tica que, em contacto com a humidade atmosf\u00e9rica, torna-se uma junta el\u00e1stica.","robots":{"index":"index","follow":"follow","max-snippet":"max-snippet:-1","max-image-preview":"max-image-preview:large","max-video-preview":"max-video-preview:-1"},"canonical":"https:\/\/chemitool.com\/pt-pt\/products\/chemicals\/silicones-pt\/silicone-acetato-chemisil\/","og_locale":"pt_PT","og_type":"article","og_title":"SILICONE ACETATO CHEMISIL &ndash; Chemitool","og_description":"Silicone Acetato CHEMISIL \u00e9 um vedante mono componente de cura ac\u00e9tica que, em contacto com a humidade atmosf\u00e9rica, torna-se uma junta el\u00e1stica.","og_url":"https:\/\/chemitool.com\/pt-pt\/products\/chemicals\/silicones-pt\/silicone-acetato-chemisil\/","og_site_name":"Chemitool","article_publisher":"https:\/\/www.facebook.com\/chemitool","article_modified_time":"2020-09-23T08:55:46+00:00","og_image":[{"width":800,"height":800,"url":"https:\/\/chemitool.com\/wp-content\/uploads\/2020\/03\/CH0101-ACETOXY.png","type":"image\/png"}],"twitter_card":"summary_large_image","twitter_misc":{"Tempo estimado de leitura":"1 minuto"},"schema":{"@context":"https:\/\/schema.org","@graph":[{"@type":"Organization","@id":"https:\/\/chemitool.com\/#organization","name":"Chemitool","url":"https:\/\/chemitool.com\/","sameAs":["https:\/\/www.facebook.com\/chemitool","https:\/\/www.instagram.com\/chemitool\/"],"logo":{"@type":"ImageObject","@id":"https:\/\/chemitool.com\/#logo","inLanguage":"pt-PT","url":"https:\/\/chemitool.com\/wp-content\/uploads\/2020\/10\/logo_chemitool.png","contentUrl":"https:\/\/chemitool.com\/wp-content\/uploads\/2020\/10\/logo_chemitool.png","width":400,"height":400,"caption":"Chemitool"},"image":{"@id":"https:\/\/chemitool.com\/#logo"}},{"@type":"WebSite","@id":"https:\/\/chemitool.com\/#website","url":"https:\/\/chemitool.com\/","name":"Chemitool","description":"Chemitool - hardware and tools","publisher":{"@id":"https:\/\/chemitool.com\/#organization"},"potentialAction":[{"@type":"SearchAction","target":{"@type":"EntryPoint","urlTemplate":"https:\/\/chemitool.com\/?s={search_term_string}"},"query-input":"required name=search_term_string"}],"inLanguage":"pt-PT"},{"@type":"ImageObject","@id":"https:\/\/chemitool.com\/pt-pt\/products\/chemicals\/silicones-pt\/silicone-acetato-chemisil\/#primaryimage","inLanguage":"pt-PT","url":"https:\/\/chemitool.com\/wp-content\/uploads\/2020\/03\/CH0101.png","contentUrl":"https:\/\/chemitool.com\/wp-content\/uploads\/2020\/03\/CH0101.png","width":800,"height":800},{"@type":"WebPage","@id":"https:\/\/chemitool.com\/pt-pt\/products\/chemicals\/silicones-pt\/silicone-acetato-chemisil\/#webpage","url":"https:\/\/chemitool.com\/pt-pt\/products\/chemicals\/silicones-pt\/silicone-acetato-chemisil\/","name":"SILICONE ACETATO CHEMISIL &ndash; Chemitool","isPartOf":{"@id":"https:\/\/chemitool.com\/#website"},"primaryImageOfPage":{"@id":"https:\/\/chemitool.com\/pt-pt\/products\/chemicals\/silicones-pt\/silicone-acetato-chemisil\/#primaryimage"},"datePublished":"2020-03-26T14:25:45+00:00","dateModified":"2020-09-23T08:55:46+00:00","description":"Silicone Acetato CHEMISIL \u00e9 um vedante mono componente de cura ac\u00e9tica que, em contacto com a humidade atmosf\u00e9rica, torna-se uma junta el\u00e1stica.","breadcrumb":{"@id":"https:\/\/chemitool.com\/pt-pt\/products\/chemicals\/silicones-pt\/silicone-acetato-chemisil\/#breadcrumb"},"inLanguage":"pt-PT","potentialAction":[{"@type":"ReadAction","target":["https:\/\/chemitool.com\/pt-pt\/products\/chemicals\/silicones-pt\/silicone-acetato-chemisil\/"]}]},{"@type":"BreadcrumbList","@id":"https:\/\/chemitool.com\/pt-pt\/products\/chemicals\/silicones-pt\/silicone-acetato-chemisil\/#breadcrumb","itemListElement":[{"@type":"ListItem","position":1,"name":"Home","item":"https:\/\/chemitool.com\/pt-pt\/"},{"@type":"ListItem","position":2,"name":"Produtos","item":"https:\/\/chemitool.com\/pt-pt\/produtos\/"},{"@type":"ListItem","position":3,"name":"Chemicals","item":"https:\/\/chemitool.com\/product-category\/chemical-products\/"},{"@type":"ListItem","position":4,"name":"SILICONE ACETATO CHEMISIL"}]}]}},"_links":{"self":[{"href":"https:\/\/chemitool.com\/pt-pt\/wp-json\/wp\/v2\/product\/3735"}],"collection":[{"href":"https:\/\/chemitool.com\/pt-pt\/wp-json\/wp\/v2\/product"}],"about":[{"href":"https:\/\/chemitool.com\/pt-pt\/wp-json\/wp\/v2\/types\/product"}],"wp:featuredmedia":[{"embeddable":true,"href":"https:\/\/chemitool.com\/pt-pt\/wp-json\/wp\/v2\/media\/29977"}],"wp:attachment":[{"href":"https:\/\/chemitool.com\/pt-pt\/wp-json\/wp\/v2\/media?parent=3735"}],"wp:term":[{"taxonomy":"product_cat","embeddable":true,"href":"https:\/\/chemitool.com\/pt-pt\/wp-json\/wp\/v2\/product_cat?post=3735"},{"taxonomy":"product_tag","embeddable":true,"href":"https:\/\/chemitool.com\/pt-pt\/wp-json\/wp\/v2\/product_tag?post=3735"}],"curies":[{"name":"wp","href":"https:\/\/api.w.org\/{rel}","templated":true}]}}