{"id":3727,"date":"2020-03-26T15:51:25","date_gmt":"2020-03-26T15:51:25","guid":{"rendered":"https:\/\/chemitool.com\/products\/sem%20categoria\/silicone-neutro-alta-temperatura-chemisil\/"},"modified":"2024-10-21T17:09:53","modified_gmt":"2024-10-21T17:09:53","slug":"silicone-neutro-ultimate-ht-chemisil","status":"publish","type":"product","link":"https:\/\/chemitool.com\/pt-pt\/products\/chemicals\/silicones-pt\/silicone-neutro-ultimate-ht-chemisil\/","title":{"rendered":"SILICONE NEUTRO ULTIMATE HT CHEMISIL"},"content":{"rendered":"<p><strong>VANTAGENS<\/strong><\/p>\n<ul>\n<li>F\u00e1cil aplica\u00e7\u00e3o e manuseamento<\/li>\n<li>Silicone de cura neutra<\/li>\n<li>Cura com a humidade atmosf\u00e9rica<\/li>\n<li>Resistente a temperaturas at\u00e9 300\u00baC<\/li>\n<li>Alto m\u00f3dulo e elevada elasticidade e flexibilidade<\/li>\n<li>Grande resist\u00eancia aos raios U.V. e \u00e1s intemp\u00e9ries<\/li>\n<li>Grande poder de ades\u00e3o \u00e1 maioria dos substratos<\/li>\n<li>Excelente resist\u00eancia a combust\u00edveis, \u00f3leos e gorduras<\/li>\n<li>N\u00e3o corrosivo<\/li>\n<\/ul>\n","protected":false},"excerpt":{"rendered":"<p><b class=\"sap-label\">SAP:<\/b> CH21010003<\/p>\n<p><em>Silicone Neutro Ultimate HT CHEMISIL <\/em>\u00e9 um selante mono componente, com reticula\u00e7\u00e3o neutra, que cura com a humidade atmosf\u00e9rica \u00e0 temperatura ambiente. \u00c9 especialmente formulado para selagem de materiais sujeitos a temperaturas elevadas. Apresenta uma boa resist\u00eancia \u00e0 \u00e1gua, solventes alif\u00e1ticos, \u00f3leos minerais, gorduras e \u00e1lcalis e \u00e1cidos inorg\u00e2nicos dilu\u00eddos.<\/p>\n","protected":false},"featured_media":29981,"template":"","meta":[],"product_cat":[109,1219],"product_tag":[111],"yoast_head":"<!-- This site is optimized with the Yoast SEO plugin v17.4 - https:\/\/yoast.com\/wordpress\/plugins\/seo\/ -->\n<title>SILICONE NEUTRO ULTIMATE HT CHEMISIL &ndash; Chemitool<\/title>\n<meta name=\"description\" content=\"SAP: CH21010003  Silicone Neutro Ultimate HT CHEMISIL \u00e9 um selante mono componente, com reticula\u00e7\u00e3o neutra, que cura com a humidade atmosf\u00e9rica \u00e0 temperatura ambiente. \u00c9 especialmente formulado para selagem de materiais sujeitos a temperaturas elevadas. Apresenta uma boa resist\u00eancia \u00e0 \u00e1gua, solventes alif\u00e1ticos, \u00f3leos minerais, gorduras e \u00e1lcalis e \u00e1cidos inorg\u00e2nicos dilu\u00eddos.\" \/>\n<meta name=\"robots\" content=\"index, follow, max-snippet:-1, max-image-preview:large, max-video-preview:-1\" \/>\n<link rel=\"canonical\" href=\"https:\/\/chemitool.com\/pt-pt\/products\/chemicals\/silicones-pt\/silicone-neutro-ultimate-ht-chemisil\/\" \/>\n<meta property=\"og:locale\" content=\"pt_PT\" \/>\n<meta property=\"og:type\" content=\"article\" \/>\n<meta property=\"og:title\" content=\"SILICONE NEUTRO ULTIMATE HT CHEMISIL &ndash; Chemitool\" \/>\n<meta property=\"og:description\" content=\"SAP: CH21010003  Silicone Neutro Ultimate HT CHEMISIL \u00e9 um selante mono componente, com reticula\u00e7\u00e3o neutra, que cura com a humidade atmosf\u00e9rica \u00e0 temperatura ambiente. \u00c9 especialmente formulado para selagem de materiais sujeitos a temperaturas elevadas. Apresenta uma boa resist\u00eancia \u00e0 \u00e1gua, solventes alif\u00e1ticos, \u00f3leos minerais, gorduras e \u00e1lcalis e \u00e1cidos inorg\u00e2nicos dilu\u00eddos.\" \/>\n<meta property=\"og:url\" content=\"https:\/\/chemitool.com\/pt-pt\/products\/chemicals\/silicones-pt\/silicone-neutro-ultimate-ht-chemisil\/\" \/>\n<meta property=\"og:site_name\" content=\"Chemitool\" \/>\n<meta property=\"article:publisher\" content=\"https:\/\/www.facebook.com\/chemitool\" \/>\n<meta property=\"article:modified_time\" content=\"2024-10-21T17:09:53+00:00\" \/>\n<meta property=\"og:image\" content=\"https:\/\/chemitool.com\/wp-content\/uploads\/2020\/03\/CH21010003.png\" \/>\n\t<meta property=\"og:image:width\" content=\"800\" \/>\n\t<meta property=\"og:image:height\" content=\"800\" \/>\n<meta name=\"twitter:card\" content=\"summary_large_image\" \/>\n<script type=\"application\/ld+json\" class=\"yoast-schema-graph\">{\"@context\":\"https:\/\/schema.org\",\"@graph\":[{\"@type\":\"Organization\",\"@id\":\"https:\/\/chemitool.com\/#organization\",\"name\":\"Chemitool\",\"url\":\"https:\/\/chemitool.com\/\",\"sameAs\":[\"https:\/\/www.facebook.com\/chemitool\",\"https:\/\/www.instagram.com\/chemitool\/\"],\"logo\":{\"@type\":\"ImageObject\",\"@id\":\"https:\/\/chemitool.com\/#logo\",\"inLanguage\":\"pt-PT\",\"url\":\"https:\/\/chemitool.com\/wp-content\/uploads\/2020\/10\/logo_chemitool.png\",\"contentUrl\":\"https:\/\/chemitool.com\/wp-content\/uploads\/2020\/10\/logo_chemitool.png\",\"width\":400,\"height\":400,\"caption\":\"Chemitool\"},\"image\":{\"@id\":\"https:\/\/chemitool.com\/#logo\"}},{\"@type\":\"WebSite\",\"@id\":\"https:\/\/chemitool.com\/#website\",\"url\":\"https:\/\/chemitool.com\/\",\"name\":\"Chemitool\",\"description\":\"Chemitool - hardware and tools\",\"publisher\":{\"@id\":\"https:\/\/chemitool.com\/#organization\"},\"potentialAction\":[{\"@type\":\"SearchAction\",\"target\":{\"@type\":\"EntryPoint\",\"urlTemplate\":\"https:\/\/chemitool.com\/?s={search_term_string}\"},\"query-input\":\"required name=search_term_string\"}],\"inLanguage\":\"pt-PT\"},{\"@type\":\"ImageObject\",\"@id\":\"https:\/\/chemitool.com\/pt-pt\/products\/chemicals\/silicones-pt\/silicone-neutro-ultimate-ht-chemisil\/#primaryimage\",\"inLanguage\":\"pt-PT\",\"url\":\"https:\/\/chemitool.com\/wp-content\/uploads\/2020\/03\/CH21010003.png\",\"contentUrl\":\"https:\/\/chemitool.com\/wp-content\/uploads\/2020\/03\/CH21010003.png\",\"width\":800,\"height\":800},{\"@type\":\"WebPage\",\"@id\":\"https:\/\/chemitool.com\/pt-pt\/products\/chemicals\/silicones-pt\/silicone-neutro-ultimate-ht-chemisil\/#webpage\",\"url\":\"https:\/\/chemitool.com\/pt-pt\/products\/chemicals\/silicones-pt\/silicone-neutro-ultimate-ht-chemisil\/\",\"name\":\"SILICONE NEUTRO ULTIMATE HT CHEMISIL &ndash; Chemitool\",\"isPartOf\":{\"@id\":\"https:\/\/chemitool.com\/#website\"},\"primaryImageOfPage\":{\"@id\":\"https:\/\/chemitool.com\/pt-pt\/products\/chemicals\/silicones-pt\/silicone-neutro-ultimate-ht-chemisil\/#primaryimage\"},\"datePublished\":\"2020-03-26T15:51:25+00:00\",\"dateModified\":\"2024-10-21T17:09:53+00:00\",\"description\":\"SAP: CH21010003 Silicone Neutro Ultimate HT CHEMISIL \\u00e9 um selante mono componente, com reticula\\u00e7\\u00e3o neutra, que cura com a humidade atmosf\\u00e9rica \\u00e0 temperatura ambiente. \\u00c9 especialmente formulado para selagem de materiais sujeitos a temperaturas elevadas. Apresenta uma boa resist\\u00eancia \\u00e0 \\u00e1gua, solventes alif\\u00e1ticos, \\u00f3leos minerais, gorduras e \\u00e1lcalis e \\u00e1cidos inorg\\u00e2nicos dilu\\u00eddos.\",\"breadcrumb\":{\"@id\":\"https:\/\/chemitool.com\/pt-pt\/products\/chemicals\/silicones-pt\/silicone-neutro-ultimate-ht-chemisil\/#breadcrumb\"},\"inLanguage\":\"pt-PT\",\"potentialAction\":[{\"@type\":\"ReadAction\",\"target\":[\"https:\/\/chemitool.com\/pt-pt\/products\/chemicals\/silicones-pt\/silicone-neutro-ultimate-ht-chemisil\/\"]}]},{\"@type\":\"BreadcrumbList\",\"@id\":\"https:\/\/chemitool.com\/pt-pt\/products\/chemicals\/silicones-pt\/silicone-neutro-ultimate-ht-chemisil\/#breadcrumb\",\"itemListElement\":[{\"@type\":\"ListItem\",\"position\":1,\"name\":\"Home\",\"item\":\"https:\/\/chemitool.com\/pt-pt\/\"},{\"@type\":\"ListItem\",\"position\":2,\"name\":\"Produtos\",\"item\":\"https:\/\/chemitool.com\/pt-pt\/produtos\/\"},{\"@type\":\"ListItem\",\"position\":3,\"name\":\"Chemicals\",\"item\":\"https:\/\/chemitool.com\/product-category\/chemical-products\/\"},{\"@type\":\"ListItem\",\"position\":4,\"name\":\"SILICONE NEUTRO ULTIMATE HT CHEMISIL\"}]}]}<\/script>\n<!-- \/ Yoast SEO plugin. -->","yoast_head_json":{"title":"SILICONE NEUTRO ULTIMATE HT CHEMISIL &ndash; Chemitool","description":"SAP: CH21010003  Silicone Neutro Ultimate HT CHEMISIL \u00e9 um selante mono componente, com reticula\u00e7\u00e3o neutra, que cura com a humidade atmosf\u00e9rica \u00e0 temperatura ambiente. \u00c9 especialmente formulado para selagem de materiais sujeitos a temperaturas elevadas. Apresenta uma boa resist\u00eancia \u00e0 \u00e1gua, solventes alif\u00e1ticos, \u00f3leos minerais, gorduras e \u00e1lcalis e \u00e1cidos inorg\u00e2nicos dilu\u00eddos.","robots":{"index":"index","follow":"follow","max-snippet":"max-snippet:-1","max-image-preview":"max-image-preview:large","max-video-preview":"max-video-preview:-1"},"canonical":"https:\/\/chemitool.com\/pt-pt\/products\/chemicals\/silicones-pt\/silicone-neutro-ultimate-ht-chemisil\/","og_locale":"pt_PT","og_type":"article","og_title":"SILICONE NEUTRO ULTIMATE HT CHEMISIL &ndash; Chemitool","og_description":"SAP: CH21010003  Silicone Neutro Ultimate HT CHEMISIL \u00e9 um selante mono componente, com reticula\u00e7\u00e3o neutra, que cura com a humidade atmosf\u00e9rica \u00e0 temperatura ambiente. \u00c9 especialmente formulado para selagem de materiais sujeitos a temperaturas elevadas. Apresenta uma boa resist\u00eancia \u00e0 \u00e1gua, solventes alif\u00e1ticos, \u00f3leos minerais, gorduras e \u00e1lcalis e \u00e1cidos inorg\u00e2nicos dilu\u00eddos.","og_url":"https:\/\/chemitool.com\/pt-pt\/products\/chemicals\/silicones-pt\/silicone-neutro-ultimate-ht-chemisil\/","og_site_name":"Chemitool","article_publisher":"https:\/\/www.facebook.com\/chemitool","article_modified_time":"2024-10-21T17:09:53+00:00","og_image":[{"width":800,"height":800,"url":"https:\/\/chemitool.com\/wp-content\/uploads\/2020\/03\/CH21010003.png","type":"image\/png"}],"twitter_card":"summary_large_image","schema":{"@context":"https:\/\/schema.org","@graph":[{"@type":"Organization","@id":"https:\/\/chemitool.com\/#organization","name":"Chemitool","url":"https:\/\/chemitool.com\/","sameAs":["https:\/\/www.facebook.com\/chemitool","https:\/\/www.instagram.com\/chemitool\/"],"logo":{"@type":"ImageObject","@id":"https:\/\/chemitool.com\/#logo","inLanguage":"pt-PT","url":"https:\/\/chemitool.com\/wp-content\/uploads\/2020\/10\/logo_chemitool.png","contentUrl":"https:\/\/chemitool.com\/wp-content\/uploads\/2020\/10\/logo_chemitool.png","width":400,"height":400,"caption":"Chemitool"},"image":{"@id":"https:\/\/chemitool.com\/#logo"}},{"@type":"WebSite","@id":"https:\/\/chemitool.com\/#website","url":"https:\/\/chemitool.com\/","name":"Chemitool","description":"Chemitool - hardware and tools","publisher":{"@id":"https:\/\/chemitool.com\/#organization"},"potentialAction":[{"@type":"SearchAction","target":{"@type":"EntryPoint","urlTemplate":"https:\/\/chemitool.com\/?s={search_term_string}"},"query-input":"required name=search_term_string"}],"inLanguage":"pt-PT"},{"@type":"ImageObject","@id":"https:\/\/chemitool.com\/pt-pt\/products\/chemicals\/silicones-pt\/silicone-neutro-ultimate-ht-chemisil\/#primaryimage","inLanguage":"pt-PT","url":"https:\/\/chemitool.com\/wp-content\/uploads\/2020\/03\/CH21010003.png","contentUrl":"https:\/\/chemitool.com\/wp-content\/uploads\/2020\/03\/CH21010003.png","width":800,"height":800},{"@type":"WebPage","@id":"https:\/\/chemitool.com\/pt-pt\/products\/chemicals\/silicones-pt\/silicone-neutro-ultimate-ht-chemisil\/#webpage","url":"https:\/\/chemitool.com\/pt-pt\/products\/chemicals\/silicones-pt\/silicone-neutro-ultimate-ht-chemisil\/","name":"SILICONE NEUTRO ULTIMATE HT CHEMISIL &ndash; Chemitool","isPartOf":{"@id":"https:\/\/chemitool.com\/#website"},"primaryImageOfPage":{"@id":"https:\/\/chemitool.com\/pt-pt\/products\/chemicals\/silicones-pt\/silicone-neutro-ultimate-ht-chemisil\/#primaryimage"},"datePublished":"2020-03-26T15:51:25+00:00","dateModified":"2024-10-21T17:09:53+00:00","description":"SAP: CH21010003 Silicone Neutro Ultimate HT CHEMISIL \u00e9 um selante mono componente, com reticula\u00e7\u00e3o neutra, que cura com a humidade atmosf\u00e9rica \u00e0 temperatura ambiente. \u00c9 especialmente formulado para selagem de materiais sujeitos a temperaturas elevadas. Apresenta uma boa resist\u00eancia \u00e0 \u00e1gua, solventes alif\u00e1ticos, \u00f3leos minerais, gorduras e \u00e1lcalis e \u00e1cidos inorg\u00e2nicos dilu\u00eddos.","breadcrumb":{"@id":"https:\/\/chemitool.com\/pt-pt\/products\/chemicals\/silicones-pt\/silicone-neutro-ultimate-ht-chemisil\/#breadcrumb"},"inLanguage":"pt-PT","potentialAction":[{"@type":"ReadAction","target":["https:\/\/chemitool.com\/pt-pt\/products\/chemicals\/silicones-pt\/silicone-neutro-ultimate-ht-chemisil\/"]}]},{"@type":"BreadcrumbList","@id":"https:\/\/chemitool.com\/pt-pt\/products\/chemicals\/silicones-pt\/silicone-neutro-ultimate-ht-chemisil\/#breadcrumb","itemListElement":[{"@type":"ListItem","position":1,"name":"Home","item":"https:\/\/chemitool.com\/pt-pt\/"},{"@type":"ListItem","position":2,"name":"Produtos","item":"https:\/\/chemitool.com\/pt-pt\/produtos\/"},{"@type":"ListItem","position":3,"name":"Chemicals","item":"https:\/\/chemitool.com\/product-category\/chemical-products\/"},{"@type":"ListItem","position":4,"name":"SILICONE NEUTRO ULTIMATE HT CHEMISIL"}]}]}},"_links":{"self":[{"href":"https:\/\/chemitool.com\/pt-pt\/wp-json\/wp\/v2\/product\/3727"}],"collection":[{"href":"https:\/\/chemitool.com\/pt-pt\/wp-json\/wp\/v2\/product"}],"about":[{"href":"https:\/\/chemitool.com\/pt-pt\/wp-json\/wp\/v2\/types\/product"}],"wp:featuredmedia":[{"embeddable":true,"href":"https:\/\/chemitool.com\/pt-pt\/wp-json\/wp\/v2\/media\/29981"}],"wp:attachment":[{"href":"https:\/\/chemitool.com\/pt-pt\/wp-json\/wp\/v2\/media?parent=3727"}],"wp:term":[{"taxonomy":"product_cat","embeddable":true,"href":"https:\/\/chemitool.com\/pt-pt\/wp-json\/wp\/v2\/product_cat?post=3727"},{"taxonomy":"product_tag","embeddable":true,"href":"https:\/\/chemitool.com\/pt-pt\/wp-json\/wp\/v2\/product_tag?post=3727"}],"curies":[{"name":"wp","href":"https:\/\/api.w.org\/{rel}","templated":true}]}}