{"id":3726,"date":"2020-03-26T16:27:55","date_gmt":"2020-03-26T16:27:55","guid":{"rendered":"https:\/\/chemitool.com\/products\/sem%20categoria\/vedante-ms-polimero-chemihyb\/"},"modified":"2022-09-19T10:16:09","modified_gmt":"2022-09-19T10:16:09","slug":"sealbond-50-ms-chemihyb","status":"publish","type":"product","link":"https:\/\/chemitool.com\/pt-pt\/products\/chemicals\/vedantes-e-colas\/ms-polimero\/sealbond-50-ms-chemihyb\/","title":{"rendered":"SEAL&#038;BOND 50 MS CHEMIHYB"},"content":{"rendered":"<p><strong>VANTAGENS<\/strong><\/p>\n<ul>\n<li>Resistente \u00e0s intemp\u00e9ries e raios U.V.<\/li>\n<li>Excelente ader\u00eancia em v\u00e1rios tipos de substratos<\/li>\n<li>\u00c9 aplic\u00e1vel em superf\u00edcies h\u00famidas garantindo uma correta ader\u00eancia<\/li>\n<li>Pint\u00e1vel depois de seco<\/li>\n<li>\u00c9 inodoro e est\u00e1 livre de isocianatos<\/li>\n<li>N\u00e3o corrosivo em colagens sobre metal<\/li>\n<li>Elasticidade permanente e excelente ader\u00eancia<\/li>\n<li>Uso interior e exterior<\/li>\n<li>Permanece est\u00e1vel \u00e0s condi\u00e7\u00f5es atmosf\u00e9ricas, sem envelhecer<\/li>\n<\/ul>\n<p><strong>INDICA\u00c7\u00d5ES<\/strong><\/p>\n<p>Armazenar num ambiente fresco, seco e bem ventilado, entre os +5\u00b0C e + 35\u00b0C, afastado de fontes de calor e humidade.<\/p>\n","protected":false},"excerpt":{"rendered":"<p><em>Seal&amp;Bond 50 MS CHEMIHYB<\/em> \u00e9 um cola e veda \u00e0 base de MS Pol\u00edmeros de alta qualidade, de alto m\u00f3dulo para colagem e selagem na maioria dos substratos utilizados na constru\u00e7\u00e3o, ind\u00fastria autom\u00f3vel, ind\u00fastria naval, etc. Elasticidade permanente ap\u00f3s cura. Excelente ader\u00eancia e resist\u00eancia qu\u00edmica. Boa ader\u00eancia em superf\u00edcies h\u00famidas, mesmo debaixo de \u00e1gua.<\/p>\n","protected":false},"featured_media":29996,"template":"","meta":[],"product_cat":[109,1221,3631],"product_tag":[119,4426],"yoast_head":"<!-- This site is optimized with the Yoast SEO plugin v17.4 - https:\/\/yoast.com\/wordpress\/plugins\/seo\/ -->\n<title>SEAL&amp;BOND 50 MS CHEMIHYB &ndash; Chemitool<\/title>\n<meta name=\"description\" content=\"Seal&amp;Bond 50 MS CHEMIHYB \u00e9 um cola e veda \u00e0 base de MS Pol\u00edmeros de alta qualidade, de alto m\u00f3dulo para colagem e selagem na maioria dos substratos utilizados na constru\u00e7\u00e3o, ind\u00fastria autom\u00f3vel, ind\u00fastria naval, etc. Elasticidade permanente ap\u00f3s cura. Excelente ader\u00eancia e resist\u00eancia qu\u00edmica. Boa ader\u00eancia em superf\u00edcies h\u00famidas, mesmo debaixo de \u00e1gua.\" \/>\n<meta name=\"robots\" content=\"index, follow, max-snippet:-1, max-image-preview:large, max-video-preview:-1\" \/>\n<link rel=\"canonical\" href=\"https:\/\/chemitool.com\/pt-pt\/products\/chemicals\/vedantes-e-colas\/ms-polimero\/sealbond-50-ms-chemihyb\/\" \/>\n<meta property=\"og:locale\" content=\"pt_PT\" \/>\n<meta property=\"og:type\" content=\"article\" \/>\n<meta property=\"og:title\" content=\"SEAL&amp;BOND 50 MS CHEMIHYB &ndash; Chemitool\" \/>\n<meta property=\"og:description\" content=\"Seal&amp;Bond 50 MS CHEMIHYB \u00e9 um cola e veda \u00e0 base de MS Pol\u00edmeros de alta qualidade, de alto m\u00f3dulo para colagem e selagem na maioria dos substratos utilizados na constru\u00e7\u00e3o, ind\u00fastria autom\u00f3vel, ind\u00fastria naval, etc. Elasticidade permanente ap\u00f3s cura. Excelente ader\u00eancia e resist\u00eancia qu\u00edmica. Boa ader\u00eancia em superf\u00edcies h\u00famidas, mesmo debaixo de \u00e1gua.\" \/>\n<meta property=\"og:url\" content=\"https:\/\/chemitool.com\/pt-pt\/products\/chemicals\/vedantes-e-colas\/ms-polimero\/sealbond-50-ms-chemihyb\/\" \/>\n<meta property=\"og:site_name\" content=\"Chemitool\" \/>\n<meta property=\"article:publisher\" content=\"https:\/\/www.facebook.com\/chemitool\" \/>\n<meta property=\"article:modified_time\" content=\"2022-09-19T10:16:09+00:00\" \/>\n<meta property=\"og:image\" content=\"https:\/\/chemitool.com\/wp-content\/uploads\/2020\/03\/CH0301_new.png\" \/>\n\t<meta property=\"og:image:width\" content=\"800\" \/>\n\t<meta property=\"og:image:height\" content=\"800\" \/>\n<meta name=\"twitter:card\" content=\"summary_large_image\" \/>\n<script type=\"application\/ld+json\" class=\"yoast-schema-graph\">{\"@context\":\"https:\/\/schema.org\",\"@graph\":[{\"@type\":\"Organization\",\"@id\":\"https:\/\/chemitool.com\/#organization\",\"name\":\"Chemitool\",\"url\":\"https:\/\/chemitool.com\/\",\"sameAs\":[\"https:\/\/www.facebook.com\/chemitool\",\"https:\/\/www.instagram.com\/chemitool\/\"],\"logo\":{\"@type\":\"ImageObject\",\"@id\":\"https:\/\/chemitool.com\/#logo\",\"inLanguage\":\"pt-PT\",\"url\":\"https:\/\/chemitool.com\/wp-content\/uploads\/2020\/10\/logo_chemitool.png\",\"contentUrl\":\"https:\/\/chemitool.com\/wp-content\/uploads\/2020\/10\/logo_chemitool.png\",\"width\":400,\"height\":400,\"caption\":\"Chemitool\"},\"image\":{\"@id\":\"https:\/\/chemitool.com\/#logo\"}},{\"@type\":\"WebSite\",\"@id\":\"https:\/\/chemitool.com\/#website\",\"url\":\"https:\/\/chemitool.com\/\",\"name\":\"Chemitool\",\"description\":\"Chemitool - hardware and tools\",\"publisher\":{\"@id\":\"https:\/\/chemitool.com\/#organization\"},\"potentialAction\":[{\"@type\":\"SearchAction\",\"target\":{\"@type\":\"EntryPoint\",\"urlTemplate\":\"https:\/\/chemitool.com\/?s={search_term_string}\"},\"query-input\":\"required name=search_term_string\"}],\"inLanguage\":\"pt-PT\"},{\"@type\":\"ImageObject\",\"@id\":\"https:\/\/chemitool.com\/pt-pt\/products\/chemicals\/vedantes-e-colas\/ms-polimero\/sealbond-50-ms-chemihyb\/#primaryimage\",\"inLanguage\":\"pt-PT\",\"url\":\"https:\/\/chemitool.com\/wp-content\/uploads\/2020\/03\/CH030.png\",\"contentUrl\":\"https:\/\/chemitool.com\/wp-content\/uploads\/2020\/03\/CH030.png\",\"width\":800,\"height\":800},{\"@type\":\"WebPage\",\"@id\":\"https:\/\/chemitool.com\/pt-pt\/products\/chemicals\/vedantes-e-colas\/ms-polimero\/sealbond-50-ms-chemihyb\/#webpage\",\"url\":\"https:\/\/chemitool.com\/pt-pt\/products\/chemicals\/vedantes-e-colas\/ms-polimero\/sealbond-50-ms-chemihyb\/\",\"name\":\"SEAL&BOND 50 MS CHEMIHYB &ndash; Chemitool\",\"isPartOf\":{\"@id\":\"https:\/\/chemitool.com\/#website\"},\"primaryImageOfPage\":{\"@id\":\"https:\/\/chemitool.com\/pt-pt\/products\/chemicals\/vedantes-e-colas\/ms-polimero\/sealbond-50-ms-chemihyb\/#primaryimage\"},\"datePublished\":\"2020-03-26T16:27:55+00:00\",\"dateModified\":\"2022-09-19T10:16:09+00:00\",\"description\":\"Seal&amp;Bond 50 MS CHEMIHYB \\u00e9 um cola e veda \\u00e0 base de MS Pol\\u00edmeros de alta qualidade, de alto m\\u00f3dulo para colagem e selagem na maioria dos substratos utilizados na constru\\u00e7\\u00e3o, ind\\u00fastria autom\\u00f3vel, ind\\u00fastria naval, etc. Elasticidade permanente ap\\u00f3s cura. Excelente ader\\u00eancia e resist\\u00eancia qu\\u00edmica. Boa ader\\u00eancia em superf\\u00edcies h\\u00famidas, mesmo debaixo de \\u00e1gua.\",\"breadcrumb\":{\"@id\":\"https:\/\/chemitool.com\/pt-pt\/products\/chemicals\/vedantes-e-colas\/ms-polimero\/sealbond-50-ms-chemihyb\/#breadcrumb\"},\"inLanguage\":\"pt-PT\",\"potentialAction\":[{\"@type\":\"ReadAction\",\"target\":[\"https:\/\/chemitool.com\/pt-pt\/products\/chemicals\/vedantes-e-colas\/ms-polimero\/sealbond-50-ms-chemihyb\/\"]}]},{\"@type\":\"BreadcrumbList\",\"@id\":\"https:\/\/chemitool.com\/pt-pt\/products\/chemicals\/vedantes-e-colas\/ms-polimero\/sealbond-50-ms-chemihyb\/#breadcrumb\",\"itemListElement\":[{\"@type\":\"ListItem\",\"position\":1,\"name\":\"Home\",\"item\":\"https:\/\/chemitool.com\/pt-pt\/\"},{\"@type\":\"ListItem\",\"position\":2,\"name\":\"Produtos\",\"item\":\"https:\/\/chemitool.com\/pt-pt\/produtos\/\"},{\"@type\":\"ListItem\",\"position\":3,\"name\":\"Chemicals\",\"item\":\"https:\/\/chemitool.com\/product-category\/chemical-products\/\"},{\"@type\":\"ListItem\",\"position\":4,\"name\":\"SEAL&#038;BOND 50 MS CHEMIHYB\"}]}]}<\/script>\n<!-- \/ Yoast SEO plugin. -->","yoast_head_json":{"title":"SEAL&BOND 50 MS CHEMIHYB &ndash; Chemitool","description":"Seal&amp;Bond 50 MS CHEMIHYB \u00e9 um cola e veda \u00e0 base de MS Pol\u00edmeros de alta qualidade, de alto m\u00f3dulo para colagem e selagem na maioria dos substratos utilizados na constru\u00e7\u00e3o, ind\u00fastria autom\u00f3vel, ind\u00fastria naval, etc. Elasticidade permanente ap\u00f3s cura. Excelente ader\u00eancia e resist\u00eancia qu\u00edmica. Boa ader\u00eancia em superf\u00edcies h\u00famidas, mesmo debaixo de \u00e1gua.","robots":{"index":"index","follow":"follow","max-snippet":"max-snippet:-1","max-image-preview":"max-image-preview:large","max-video-preview":"max-video-preview:-1"},"canonical":"https:\/\/chemitool.com\/pt-pt\/products\/chemicals\/vedantes-e-colas\/ms-polimero\/sealbond-50-ms-chemihyb\/","og_locale":"pt_PT","og_type":"article","og_title":"SEAL&BOND 50 MS CHEMIHYB &ndash; Chemitool","og_description":"Seal&amp;Bond 50 MS CHEMIHYB \u00e9 um cola e veda \u00e0 base de MS Pol\u00edmeros de alta qualidade, de alto m\u00f3dulo para colagem e selagem na maioria dos substratos utilizados na constru\u00e7\u00e3o, ind\u00fastria autom\u00f3vel, ind\u00fastria naval, etc. Elasticidade permanente ap\u00f3s cura. Excelente ader\u00eancia e resist\u00eancia qu\u00edmica. Boa ader\u00eancia em superf\u00edcies h\u00famidas, mesmo debaixo de \u00e1gua.","og_url":"https:\/\/chemitool.com\/pt-pt\/products\/chemicals\/vedantes-e-colas\/ms-polimero\/sealbond-50-ms-chemihyb\/","og_site_name":"Chemitool","article_publisher":"https:\/\/www.facebook.com\/chemitool","article_modified_time":"2022-09-19T10:16:09+00:00","og_image":[{"width":800,"height":800,"url":"https:\/\/chemitool.com\/wp-content\/uploads\/2020\/03\/CH0301_new.png","type":"image\/png"}],"twitter_card":"summary_large_image","schema":{"@context":"https:\/\/schema.org","@graph":[{"@type":"Organization","@id":"https:\/\/chemitool.com\/#organization","name":"Chemitool","url":"https:\/\/chemitool.com\/","sameAs":["https:\/\/www.facebook.com\/chemitool","https:\/\/www.instagram.com\/chemitool\/"],"logo":{"@type":"ImageObject","@id":"https:\/\/chemitool.com\/#logo","inLanguage":"pt-PT","url":"https:\/\/chemitool.com\/wp-content\/uploads\/2020\/10\/logo_chemitool.png","contentUrl":"https:\/\/chemitool.com\/wp-content\/uploads\/2020\/10\/logo_chemitool.png","width":400,"height":400,"caption":"Chemitool"},"image":{"@id":"https:\/\/chemitool.com\/#logo"}},{"@type":"WebSite","@id":"https:\/\/chemitool.com\/#website","url":"https:\/\/chemitool.com\/","name":"Chemitool","description":"Chemitool - hardware and tools","publisher":{"@id":"https:\/\/chemitool.com\/#organization"},"potentialAction":[{"@type":"SearchAction","target":{"@type":"EntryPoint","urlTemplate":"https:\/\/chemitool.com\/?s={search_term_string}"},"query-input":"required name=search_term_string"}],"inLanguage":"pt-PT"},{"@type":"ImageObject","@id":"https:\/\/chemitool.com\/pt-pt\/products\/chemicals\/vedantes-e-colas\/ms-polimero\/sealbond-50-ms-chemihyb\/#primaryimage","inLanguage":"pt-PT","url":"https:\/\/chemitool.com\/wp-content\/uploads\/2020\/03\/CH030.png","contentUrl":"https:\/\/chemitool.com\/wp-content\/uploads\/2020\/03\/CH030.png","width":800,"height":800},{"@type":"WebPage","@id":"https:\/\/chemitool.com\/pt-pt\/products\/chemicals\/vedantes-e-colas\/ms-polimero\/sealbond-50-ms-chemihyb\/#webpage","url":"https:\/\/chemitool.com\/pt-pt\/products\/chemicals\/vedantes-e-colas\/ms-polimero\/sealbond-50-ms-chemihyb\/","name":"SEAL&BOND 50 MS CHEMIHYB &ndash; Chemitool","isPartOf":{"@id":"https:\/\/chemitool.com\/#website"},"primaryImageOfPage":{"@id":"https:\/\/chemitool.com\/pt-pt\/products\/chemicals\/vedantes-e-colas\/ms-polimero\/sealbond-50-ms-chemihyb\/#primaryimage"},"datePublished":"2020-03-26T16:27:55+00:00","dateModified":"2022-09-19T10:16:09+00:00","description":"Seal&amp;Bond 50 MS CHEMIHYB \u00e9 um cola e veda \u00e0 base de MS Pol\u00edmeros de alta qualidade, de alto m\u00f3dulo para colagem e selagem na maioria dos substratos utilizados na constru\u00e7\u00e3o, ind\u00fastria autom\u00f3vel, ind\u00fastria naval, etc. Elasticidade permanente ap\u00f3s cura. Excelente ader\u00eancia e resist\u00eancia qu\u00edmica. Boa ader\u00eancia em superf\u00edcies h\u00famidas, mesmo debaixo de \u00e1gua.","breadcrumb":{"@id":"https:\/\/chemitool.com\/pt-pt\/products\/chemicals\/vedantes-e-colas\/ms-polimero\/sealbond-50-ms-chemihyb\/#breadcrumb"},"inLanguage":"pt-PT","potentialAction":[{"@type":"ReadAction","target":["https:\/\/chemitool.com\/pt-pt\/products\/chemicals\/vedantes-e-colas\/ms-polimero\/sealbond-50-ms-chemihyb\/"]}]},{"@type":"BreadcrumbList","@id":"https:\/\/chemitool.com\/pt-pt\/products\/chemicals\/vedantes-e-colas\/ms-polimero\/sealbond-50-ms-chemihyb\/#breadcrumb","itemListElement":[{"@type":"ListItem","position":1,"name":"Home","item":"https:\/\/chemitool.com\/pt-pt\/"},{"@type":"ListItem","position":2,"name":"Produtos","item":"https:\/\/chemitool.com\/pt-pt\/produtos\/"},{"@type":"ListItem","position":3,"name":"Chemicals","item":"https:\/\/chemitool.com\/product-category\/chemical-products\/"},{"@type":"ListItem","position":4,"name":"SEAL&#038;BOND 50 MS CHEMIHYB"}]}]}},"_links":{"self":[{"href":"https:\/\/chemitool.com\/pt-pt\/wp-json\/wp\/v2\/product\/3726"}],"collection":[{"href":"https:\/\/chemitool.com\/pt-pt\/wp-json\/wp\/v2\/product"}],"about":[{"href":"https:\/\/chemitool.com\/pt-pt\/wp-json\/wp\/v2\/types\/product"}],"wp:featuredmedia":[{"embeddable":true,"href":"https:\/\/chemitool.com\/pt-pt\/wp-json\/wp\/v2\/media\/29996"}],"wp:attachment":[{"href":"https:\/\/chemitool.com\/pt-pt\/wp-json\/wp\/v2\/media?parent=3726"}],"wp:term":[{"taxonomy":"product_cat","embeddable":true,"href":"https:\/\/chemitool.com\/pt-pt\/wp-json\/wp\/v2\/product_cat?post=3726"},{"taxonomy":"product_tag","embeddable":true,"href":"https:\/\/chemitool.com\/pt-pt\/wp-json\/wp\/v2\/product_tag?post=3726"}],"curies":[{"name":"wp","href":"https:\/\/api.w.org\/{rel}","templated":true}]}}