{"id":3713,"date":"2020-03-26T16:28:10","date_gmt":"2020-03-26T16:28:10","guid":{"rendered":"https:\/\/chemitool.com\/products\/sem%20categoria\/vedante-ms-polimero-turbo-3s-chemihyb\/"},"modified":"2021-11-03T11:37:24","modified_gmt":"2021-11-03T11:37:24","slug":"vedante-ms-polimero-turbo-3s-chemihyb","status":"publish","type":"product","link":"https:\/\/chemitool.com\/pt-pt\/products\/chemicals\/vedantes-e-colas\/ms-polimero\/vedante-ms-polimero-turbo-3s-chemihyb\/","title":{"rendered":"VEDANTE MS POL\u00cdMERO TURBO 3S CHEMIHYB"},"content":{"rendered":"<p><strong>VANTAGENS<\/strong><\/p>\n<ul>\n<li>Resist\u00eancia \u00e0 temperatura -40\u00b0C a + 90\u00b0C<\/li>\n<li>Resist\u00eancia ao envelhecimento, ao clima e aos raios U.V.<\/li>\n<li>Boa ader\u00eancia em superf\u00edcies molhadas<\/li>\n<li>Pouco cheiro, n\u00e3o encolhe nem fica amarelo<\/li>\n<li>Para uso interior e exterior<\/li>\n<li>Ader\u00eancia inicial alta e elasticidade permanente<\/li>\n<li>\u00c9 pint\u00e1vel, depois de curado<\/li>\n<li>Sem solventes e isento de isocianatos<\/li>\n<\/ul>\n<p><strong>INDICA\u00c7\u00d5ES<\/strong><\/p>\n<p>Resistente \u00e0 \u00e1gua, solventes alif\u00e1ticos, \u00e1cidos inorg\u00e2nicos dilu\u00eddos e \u00e1lcalis, \u00f3leos e gorduras.<br \/>\nM\u00e1 resist\u00eancia a solventes arom\u00e1ticos, a \u00e1cidos concentrados e hidrocarbonetos clorados.<br \/>\n\u00c9 pass\u00edvel de pintura ap\u00f3s a forma\u00e7\u00e3o da pel\u00edcula do produto. 10 minutos ap\u00f3s a aplica\u00e7\u00e3o \u00e9 o momento em que a tinta adere melhor \u00e0 pel\u00edcula de adesivo. Recomenda-se aplicar uma camada de tinta que seja grossa o suficiente para cobrir o adesivo para que fique nivelado.<br \/>\nPode ser pintado molhado ou seco, com tintas \u00e0 base de \u00e1gua.<br \/>\nPode ser utilizado nas proximidades da cabina de pintura, uma vez que n\u00e3o as contamina.<\/p>\n","protected":false},"excerpt":{"rendered":"<p><b class=\"sap-label\">SAP:<\/b> <span class=\"codesap-label\">CH03210001<\/span><\/p>\n<p><em>Vedante MS Pol\u00edmero Turbo 3S CHEMIHYB <\/em>\u00e9 um adesivo el\u00e1stico de pol\u00edmero mono componente de nova gera\u00e7\u00e3o (silano modificado).<\/p>\n","protected":false},"featured_media":30030,"template":"","meta":[],"product_cat":[109,1221,3631],"product_tag":[119],"yoast_head":"<!-- This site is optimized with the Yoast SEO plugin v17.4 - https:\/\/yoast.com\/wordpress\/plugins\/seo\/ -->\n<title>VEDANTE MS POL\u00cdMERO TURBO 3S CHEMIHYB &ndash; Chemitool<\/title>\n<meta name=\"description\" content=\"SAP: CH03210001  Vedante MS Pol\u00edmero Turbo 3S CHEMIHYB \u00e9 um adesivo el\u00e1stico de pol\u00edmero mono componente de nova gera\u00e7\u00e3o (silano modificado).\" \/>\n<meta name=\"robots\" content=\"index, follow, max-snippet:-1, max-image-preview:large, max-video-preview:-1\" \/>\n<link rel=\"canonical\" href=\"https:\/\/chemitool.com\/pt-pt\/products\/chemicals\/vedantes-e-colas\/ms-polimero\/vedante-ms-polimero-turbo-3s-chemihyb\/\" \/>\n<meta property=\"og:locale\" content=\"pt_PT\" \/>\n<meta property=\"og:type\" content=\"article\" \/>\n<meta property=\"og:title\" content=\"VEDANTE MS POL\u00cdMERO TURBO 3S CHEMIHYB &ndash; Chemitool\" \/>\n<meta property=\"og:description\" content=\"SAP: CH03210001  Vedante MS Pol\u00edmero Turbo 3S CHEMIHYB \u00e9 um adesivo el\u00e1stico de pol\u00edmero mono componente de nova gera\u00e7\u00e3o (silano modificado).\" \/>\n<meta property=\"og:url\" content=\"https:\/\/chemitool.com\/pt-pt\/products\/chemicals\/vedantes-e-colas\/ms-polimero\/vedante-ms-polimero-turbo-3s-chemihyb\/\" \/>\n<meta property=\"og:site_name\" content=\"Chemitool\" \/>\n<meta property=\"article:publisher\" content=\"https:\/\/www.facebook.com\/chemitool\" \/>\n<meta property=\"article:modified_time\" content=\"2021-11-03T11:37:24+00:00\" \/>\n<meta property=\"og:image\" content=\"https:\/\/chemitool.com\/wp-content\/uploads\/2020\/03\/CH0321-MSP-TURBO-3S-1.png\" \/>\n\t<meta property=\"og:image:width\" content=\"800\" \/>\n\t<meta property=\"og:image:height\" content=\"800\" \/>\n<meta name=\"twitter:card\" content=\"summary_large_image\" \/>\n<meta name=\"twitter:label1\" content=\"Tempo estimado de leitura\" \/>\n\t<meta name=\"twitter:data1\" content=\"1 minuto\" \/>\n<script type=\"application\/ld+json\" class=\"yoast-schema-graph\">{\"@context\":\"https:\/\/schema.org\",\"@graph\":[{\"@type\":\"Organization\",\"@id\":\"https:\/\/chemitool.com\/#organization\",\"name\":\"Chemitool\",\"url\":\"https:\/\/chemitool.com\/\",\"sameAs\":[\"https:\/\/www.facebook.com\/chemitool\",\"https:\/\/www.instagram.com\/chemitool\/\"],\"logo\":{\"@type\":\"ImageObject\",\"@id\":\"https:\/\/chemitool.com\/#logo\",\"inLanguage\":\"pt-PT\",\"url\":\"https:\/\/chemitool.com\/wp-content\/uploads\/2020\/10\/logo_chemitool.png\",\"contentUrl\":\"https:\/\/chemitool.com\/wp-content\/uploads\/2020\/10\/logo_chemitool.png\",\"width\":400,\"height\":400,\"caption\":\"Chemitool\"},\"image\":{\"@id\":\"https:\/\/chemitool.com\/#logo\"}},{\"@type\":\"WebSite\",\"@id\":\"https:\/\/chemitool.com\/#website\",\"url\":\"https:\/\/chemitool.com\/\",\"name\":\"Chemitool\",\"description\":\"Chemitool - hardware and tools\",\"publisher\":{\"@id\":\"https:\/\/chemitool.com\/#organization\"},\"potentialAction\":[{\"@type\":\"SearchAction\",\"target\":{\"@type\":\"EntryPoint\",\"urlTemplate\":\"https:\/\/chemitool.com\/?s={search_term_string}\"},\"query-input\":\"required name=search_term_string\"}],\"inLanguage\":\"pt-PT\"},{\"@type\":\"ImageObject\",\"@id\":\"https:\/\/chemitool.com\/pt-pt\/products\/chemicals\/vedantes-e-colas\/ms-polimero\/vedante-ms-polimero-turbo-3s-chemihyb\/#primaryimage\",\"inLanguage\":\"pt-PT\",\"url\":\"https:\/\/chemitool.com\/wp-content\/uploads\/2020\/03\/CH03210001.png\",\"contentUrl\":\"https:\/\/chemitool.com\/wp-content\/uploads\/2020\/03\/CH03210001.png\",\"width\":800,\"height\":800},{\"@type\":\"WebPage\",\"@id\":\"https:\/\/chemitool.com\/pt-pt\/products\/chemicals\/vedantes-e-colas\/ms-polimero\/vedante-ms-polimero-turbo-3s-chemihyb\/#webpage\",\"url\":\"https:\/\/chemitool.com\/pt-pt\/products\/chemicals\/vedantes-e-colas\/ms-polimero\/vedante-ms-polimero-turbo-3s-chemihyb\/\",\"name\":\"VEDANTE MS POL\\u00cdMERO TURBO 3S CHEMIHYB &ndash; Chemitool\",\"isPartOf\":{\"@id\":\"https:\/\/chemitool.com\/#website\"},\"primaryImageOfPage\":{\"@id\":\"https:\/\/chemitool.com\/pt-pt\/products\/chemicals\/vedantes-e-colas\/ms-polimero\/vedante-ms-polimero-turbo-3s-chemihyb\/#primaryimage\"},\"datePublished\":\"2020-03-26T16:28:10+00:00\",\"dateModified\":\"2021-11-03T11:37:24+00:00\",\"description\":\"SAP: CH03210001 Vedante MS Pol\\u00edmero Turbo 3S CHEMIHYB \\u00e9 um adesivo el\\u00e1stico de pol\\u00edmero mono componente de nova gera\\u00e7\\u00e3o (silano modificado).\",\"breadcrumb\":{\"@id\":\"https:\/\/chemitool.com\/pt-pt\/products\/chemicals\/vedantes-e-colas\/ms-polimero\/vedante-ms-polimero-turbo-3s-chemihyb\/#breadcrumb\"},\"inLanguage\":\"pt-PT\",\"potentialAction\":[{\"@type\":\"ReadAction\",\"target\":[\"https:\/\/chemitool.com\/pt-pt\/products\/chemicals\/vedantes-e-colas\/ms-polimero\/vedante-ms-polimero-turbo-3s-chemihyb\/\"]}]},{\"@type\":\"BreadcrumbList\",\"@id\":\"https:\/\/chemitool.com\/pt-pt\/products\/chemicals\/vedantes-e-colas\/ms-polimero\/vedante-ms-polimero-turbo-3s-chemihyb\/#breadcrumb\",\"itemListElement\":[{\"@type\":\"ListItem\",\"position\":1,\"name\":\"Home\",\"item\":\"https:\/\/chemitool.com\/pt-pt\/\"},{\"@type\":\"ListItem\",\"position\":2,\"name\":\"Produtos\",\"item\":\"https:\/\/chemitool.com\/pt-pt\/produtos\/\"},{\"@type\":\"ListItem\",\"position\":3,\"name\":\"Chemicals\",\"item\":\"https:\/\/chemitool.com\/product-category\/chemical-products\/\"},{\"@type\":\"ListItem\",\"position\":4,\"name\":\"VEDANTE MS POL\\u00cdMERO TURBO 3S CHEMIHYB\"}]}]}<\/script>\n<!-- \/ Yoast SEO plugin. -->","yoast_head_json":{"title":"VEDANTE MS POL\u00cdMERO TURBO 3S CHEMIHYB &ndash; Chemitool","description":"SAP: CH03210001  Vedante MS Pol\u00edmero Turbo 3S CHEMIHYB \u00e9 um adesivo el\u00e1stico de pol\u00edmero mono componente de nova gera\u00e7\u00e3o (silano modificado).","robots":{"index":"index","follow":"follow","max-snippet":"max-snippet:-1","max-image-preview":"max-image-preview:large","max-video-preview":"max-video-preview:-1"},"canonical":"https:\/\/chemitool.com\/pt-pt\/products\/chemicals\/vedantes-e-colas\/ms-polimero\/vedante-ms-polimero-turbo-3s-chemihyb\/","og_locale":"pt_PT","og_type":"article","og_title":"VEDANTE MS POL\u00cdMERO TURBO 3S CHEMIHYB &ndash; Chemitool","og_description":"SAP: CH03210001  Vedante MS Pol\u00edmero Turbo 3S CHEMIHYB \u00e9 um adesivo el\u00e1stico de pol\u00edmero mono componente de nova gera\u00e7\u00e3o (silano modificado).","og_url":"https:\/\/chemitool.com\/pt-pt\/products\/chemicals\/vedantes-e-colas\/ms-polimero\/vedante-ms-polimero-turbo-3s-chemihyb\/","og_site_name":"Chemitool","article_publisher":"https:\/\/www.facebook.com\/chemitool","article_modified_time":"2021-11-03T11:37:24+00:00","og_image":[{"width":800,"height":800,"url":"https:\/\/chemitool.com\/wp-content\/uploads\/2020\/03\/CH0321-MSP-TURBO-3S-1.png","type":"image\/png"}],"twitter_card":"summary_large_image","twitter_misc":{"Tempo estimado de leitura":"1 minuto"},"schema":{"@context":"https:\/\/schema.org","@graph":[{"@type":"Organization","@id":"https:\/\/chemitool.com\/#organization","name":"Chemitool","url":"https:\/\/chemitool.com\/","sameAs":["https:\/\/www.facebook.com\/chemitool","https:\/\/www.instagram.com\/chemitool\/"],"logo":{"@type":"ImageObject","@id":"https:\/\/chemitool.com\/#logo","inLanguage":"pt-PT","url":"https:\/\/chemitool.com\/wp-content\/uploads\/2020\/10\/logo_chemitool.png","contentUrl":"https:\/\/chemitool.com\/wp-content\/uploads\/2020\/10\/logo_chemitool.png","width":400,"height":400,"caption":"Chemitool"},"image":{"@id":"https:\/\/chemitool.com\/#logo"}},{"@type":"WebSite","@id":"https:\/\/chemitool.com\/#website","url":"https:\/\/chemitool.com\/","name":"Chemitool","description":"Chemitool - hardware and tools","publisher":{"@id":"https:\/\/chemitool.com\/#organization"},"potentialAction":[{"@type":"SearchAction","target":{"@type":"EntryPoint","urlTemplate":"https:\/\/chemitool.com\/?s={search_term_string}"},"query-input":"required name=search_term_string"}],"inLanguage":"pt-PT"},{"@type":"ImageObject","@id":"https:\/\/chemitool.com\/pt-pt\/products\/chemicals\/vedantes-e-colas\/ms-polimero\/vedante-ms-polimero-turbo-3s-chemihyb\/#primaryimage","inLanguage":"pt-PT","url":"https:\/\/chemitool.com\/wp-content\/uploads\/2020\/03\/CH03210001.png","contentUrl":"https:\/\/chemitool.com\/wp-content\/uploads\/2020\/03\/CH03210001.png","width":800,"height":800},{"@type":"WebPage","@id":"https:\/\/chemitool.com\/pt-pt\/products\/chemicals\/vedantes-e-colas\/ms-polimero\/vedante-ms-polimero-turbo-3s-chemihyb\/#webpage","url":"https:\/\/chemitool.com\/pt-pt\/products\/chemicals\/vedantes-e-colas\/ms-polimero\/vedante-ms-polimero-turbo-3s-chemihyb\/","name":"VEDANTE MS POL\u00cdMERO TURBO 3S CHEMIHYB &ndash; Chemitool","isPartOf":{"@id":"https:\/\/chemitool.com\/#website"},"primaryImageOfPage":{"@id":"https:\/\/chemitool.com\/pt-pt\/products\/chemicals\/vedantes-e-colas\/ms-polimero\/vedante-ms-polimero-turbo-3s-chemihyb\/#primaryimage"},"datePublished":"2020-03-26T16:28:10+00:00","dateModified":"2021-11-03T11:37:24+00:00","description":"SAP: CH03210001 Vedante MS Pol\u00edmero Turbo 3S CHEMIHYB \u00e9 um adesivo el\u00e1stico de pol\u00edmero mono componente de nova gera\u00e7\u00e3o (silano modificado).","breadcrumb":{"@id":"https:\/\/chemitool.com\/pt-pt\/products\/chemicals\/vedantes-e-colas\/ms-polimero\/vedante-ms-polimero-turbo-3s-chemihyb\/#breadcrumb"},"inLanguage":"pt-PT","potentialAction":[{"@type":"ReadAction","target":["https:\/\/chemitool.com\/pt-pt\/products\/chemicals\/vedantes-e-colas\/ms-polimero\/vedante-ms-polimero-turbo-3s-chemihyb\/"]}]},{"@type":"BreadcrumbList","@id":"https:\/\/chemitool.com\/pt-pt\/products\/chemicals\/vedantes-e-colas\/ms-polimero\/vedante-ms-polimero-turbo-3s-chemihyb\/#breadcrumb","itemListElement":[{"@type":"ListItem","position":1,"name":"Home","item":"https:\/\/chemitool.com\/pt-pt\/"},{"@type":"ListItem","position":2,"name":"Produtos","item":"https:\/\/chemitool.com\/pt-pt\/produtos\/"},{"@type":"ListItem","position":3,"name":"Chemicals","item":"https:\/\/chemitool.com\/product-category\/chemical-products\/"},{"@type":"ListItem","position":4,"name":"VEDANTE MS POL\u00cdMERO TURBO 3S CHEMIHYB"}]}]}},"_links":{"self":[{"href":"https:\/\/chemitool.com\/pt-pt\/wp-json\/wp\/v2\/product\/3713"}],"collection":[{"href":"https:\/\/chemitool.com\/pt-pt\/wp-json\/wp\/v2\/product"}],"about":[{"href":"https:\/\/chemitool.com\/pt-pt\/wp-json\/wp\/v2\/types\/product"}],"wp:featuredmedia":[{"embeddable":true,"href":"https:\/\/chemitool.com\/pt-pt\/wp-json\/wp\/v2\/media\/30030"}],"wp:attachment":[{"href":"https:\/\/chemitool.com\/pt-pt\/wp-json\/wp\/v2\/media?parent=3713"}],"wp:term":[{"taxonomy":"product_cat","embeddable":true,"href":"https:\/\/chemitool.com\/pt-pt\/wp-json\/wp\/v2\/product_cat?post=3713"},{"taxonomy":"product_tag","embeddable":true,"href":"https:\/\/chemitool.com\/pt-pt\/wp-json\/wp\/v2\/product_tag?post=3713"}],"curies":[{"name":"wp","href":"https:\/\/api.w.org\/{rel}","templated":true}]}}