{"id":3712,"date":"2020-03-26T17:05:24","date_gmt":"2020-03-26T17:05:24","guid":{"rendered":"https:\/\/chemitool.com\/products\/sem%20categoria\/cola-e-veda-poliuretano-chemipol\/"},"modified":"2025-07-11T16:09:50","modified_gmt":"2025-07-11T16:09:50","slug":"sealbond-pu-40-chemipol","status":"publish","type":"product","link":"https:\/\/chemitool.com\/pt-pt\/products\/chemicals\/vedantes-e-colas\/poliuretano\/sealbond-pu-40-chemipol\/","title":{"rendered":"SEAL&#038;BOND PU 40 CHEMIPOL"},"content":{"rendered":"<p><b>PROPRIEDADES<\/b><\/p>\n<ul>\n<li>Elevada elasticidade<\/li>\n<li>Pode ser aplicado no interior e exterior<\/li>\n<li>Elevada capacidade de movimento (25%)<\/li>\n<li>Boa resist\u00eancia aos raios UV e \u00e1s intemp\u00e9ries<\/li>\n<li>Grande resist\u00eancia qu\u00edmica, \u00e1gua salgada, gorduras, detergentes, etc.<\/li>\n<li>Excelente ader\u00eancia em materiais de constru\u00e7\u00e3o<\/li>\n<li>Pint\u00e1vel ap\u00f3s cura<\/li>\n<li>Ideal para juntas de dilata\u00e7\u00e3o e expans\u00e3o<\/li>\n<li>Certifica\u00e7\u00e3o SNJF com a classifica\u00e7\u00e3o Mastic \u00e9lastom\u00e8re, classe 25E para alum\u00ednio anodizado sem prim\u00e1rio, com registo n.\u00ba4389.<\/li>\n<\/ul>\n<p><img class=\"alignnone  wp-image-19250\" src=\"https:\/\/chemitool.com\/wp-content\/uploads\/2022\/02\/snjf.png\" alt=\"\" width=\"124\" height=\"143\" \/><\/p>\n<p><strong>INDICA\u00c7\u00d5ES DE SEGURAN\u00c7A<\/strong><\/p>\n<p>Deve utilizar-se em \u00e1reas ventiladas, evitando o contacto com a pele, os olhos e as mucosas. Manter fora do alcance das crian\u00e7as.<br \/>\nPara mais informa\u00e7\u00f5es e conselhos sobre seguran\u00e7a no manuseamento, armazenamento e disposi\u00e7\u00e3o dos produtos qu\u00edmicos, o utilizador deve consultar a vers\u00e3o mais recente da Ficha de Seguran\u00e7a do produto que cont\u00e9m os dados f\u00edsicos, ecol\u00f3gicos e toxicol\u00f3gicos e outros relacionados com a seguran\u00e7a.<\/p>\n","protected":false},"excerpt":{"rendered":"<p><em>SEAL&amp;BOND PU 40<\/em><em>CHEMIPOL <\/em>\u00e9 um Cola e Veda de base Poliuretano monocomponente, com elevada elasticidade, excelente desempenho mec\u00e2nico e grande resist\u00eancia \u00e1s intemp\u00e9ries. Forma uma junta flex\u00edvel e resistente na generalidade dos materiais de constru\u00e7\u00e3o. Possui certifica\u00e7\u00e3o SNJF para aplica\u00e7\u00e3o em alum\u00ednio anodizado e aplica\u00e7\u00e3o de fachadas.<\/p>\n","protected":false},"featured_media":29989,"template":"","meta":[],"product_cat":[109,1221,3634],"product_tag":[120],"yoast_head":"<!-- This site is optimized with the Yoast SEO plugin v17.4 - https:\/\/yoast.com\/wordpress\/plugins\/seo\/ -->\n<title>SEAL&amp;BOND PU 40 CHEMIPOL &ndash; Chemitool<\/title>\n<meta name=\"description\" content=\"SEAL&amp;BOND PU 40CHEMIPOL \u00e9 um Cola e Veda de base Poliuretano monocomponente, com elevada elasticidade, excelente desempenho mec\u00e2nico e grande resist\u00eancia \u00e1s intemp\u00e9ries. Forma uma junta flex\u00edvel e resistente na generalidade dos materiais de constru\u00e7\u00e3o. Possui certifica\u00e7\u00e3o SNJF para aplica\u00e7\u00e3o em alum\u00ednio anodizado e aplica\u00e7\u00e3o de fachadas.\" \/>\n<meta name=\"robots\" content=\"index, follow, max-snippet:-1, max-image-preview:large, max-video-preview:-1\" \/>\n<link rel=\"canonical\" href=\"https:\/\/chemitool.com\/pt-pt\/products\/chemicals\/vedantes-e-colas\/poliuretano\/sealbond-pu-40-chemipol\/\" \/>\n<meta property=\"og:locale\" content=\"pt_PT\" \/>\n<meta property=\"og:type\" content=\"article\" \/>\n<meta property=\"og:title\" content=\"SEAL&amp;BOND PU 40 CHEMIPOL &ndash; Chemitool\" \/>\n<meta property=\"og:description\" content=\"SEAL&amp;BOND PU 40CHEMIPOL \u00e9 um Cola e Veda de base Poliuretano monocomponente, com elevada elasticidade, excelente desempenho mec\u00e2nico e grande resist\u00eancia \u00e1s intemp\u00e9ries. Forma uma junta flex\u00edvel e resistente na generalidade dos materiais de constru\u00e7\u00e3o. Possui certifica\u00e7\u00e3o SNJF para aplica\u00e7\u00e3o em alum\u00ednio anodizado e aplica\u00e7\u00e3o de fachadas.\" \/>\n<meta property=\"og:url\" content=\"https:\/\/chemitool.com\/pt-pt\/products\/chemicals\/vedantes-e-colas\/poliuretano\/sealbond-pu-40-chemipol\/\" \/>\n<meta property=\"og:site_name\" content=\"Chemitool\" \/>\n<meta property=\"article:publisher\" content=\"https:\/\/www.facebook.com\/chemitool\" \/>\n<meta property=\"article:modified_time\" content=\"2025-07-11T16:09:50+00:00\" \/>\n<meta property=\"og:image\" content=\"https:\/\/chemitool.com\/wp-content\/uploads\/2020\/03\/POLYURETHANE_aluminum.png\" \/>\n\t<meta property=\"og:image:width\" content=\"800\" \/>\n\t<meta property=\"og:image:height\" content=\"800\" \/>\n<meta name=\"twitter:card\" content=\"summary_large_image\" \/>\n<meta name=\"twitter:label1\" content=\"Tempo estimado de leitura\" \/>\n\t<meta name=\"twitter:data1\" content=\"1 minuto\" \/>\n<script type=\"application\/ld+json\" class=\"yoast-schema-graph\">{\"@context\":\"https:\/\/schema.org\",\"@graph\":[{\"@type\":\"Organization\",\"@id\":\"https:\/\/chemitool.com\/#organization\",\"name\":\"Chemitool\",\"url\":\"https:\/\/chemitool.com\/\",\"sameAs\":[\"https:\/\/www.facebook.com\/chemitool\",\"https:\/\/www.instagram.com\/chemitool\/\"],\"logo\":{\"@type\":\"ImageObject\",\"@id\":\"https:\/\/chemitool.com\/#logo\",\"inLanguage\":\"pt-PT\",\"url\":\"https:\/\/chemitool.com\/wp-content\/uploads\/2020\/10\/logo_chemitool.png\",\"contentUrl\":\"https:\/\/chemitool.com\/wp-content\/uploads\/2020\/10\/logo_chemitool.png\",\"width\":400,\"height\":400,\"caption\":\"Chemitool\"},\"image\":{\"@id\":\"https:\/\/chemitool.com\/#logo\"}},{\"@type\":\"WebSite\",\"@id\":\"https:\/\/chemitool.com\/#website\",\"url\":\"https:\/\/chemitool.com\/\",\"name\":\"Chemitool\",\"description\":\"Chemitool - hardware and tools\",\"publisher\":{\"@id\":\"https:\/\/chemitool.com\/#organization\"},\"potentialAction\":[{\"@type\":\"SearchAction\",\"target\":{\"@type\":\"EntryPoint\",\"urlTemplate\":\"https:\/\/chemitool.com\/?s={search_term_string}\"},\"query-input\":\"required name=search_term_string\"}],\"inLanguage\":\"pt-PT\"},{\"@type\":\"ImageObject\",\"@id\":\"https:\/\/chemitool.com\/pt-pt\/products\/chemicals\/vedantes-e-colas\/poliuretano\/sealbond-pu-40-chemipol\/#primaryimage\",\"inLanguage\":\"pt-PT\",\"url\":\"https:\/\/chemitool.com\/wp-content\/uploads\/2020\/03\/POLYURETHANE_aluminum.png\",\"contentUrl\":\"https:\/\/chemitool.com\/wp-content\/uploads\/2020\/03\/POLYURETHANE_aluminum.png\",\"width\":800,\"height\":800},{\"@type\":\"WebPage\",\"@id\":\"https:\/\/chemitool.com\/pt-pt\/products\/chemicals\/vedantes-e-colas\/poliuretano\/sealbond-pu-40-chemipol\/#webpage\",\"url\":\"https:\/\/chemitool.com\/pt-pt\/products\/chemicals\/vedantes-e-colas\/poliuretano\/sealbond-pu-40-chemipol\/\",\"name\":\"SEAL&BOND PU 40 CHEMIPOL &ndash; Chemitool\",\"isPartOf\":{\"@id\":\"https:\/\/chemitool.com\/#website\"},\"primaryImageOfPage\":{\"@id\":\"https:\/\/chemitool.com\/pt-pt\/products\/chemicals\/vedantes-e-colas\/poliuretano\/sealbond-pu-40-chemipol\/#primaryimage\"},\"datePublished\":\"2020-03-26T17:05:24+00:00\",\"dateModified\":\"2025-07-11T16:09:50+00:00\",\"description\":\"SEAL&amp;BOND PU 40CHEMIPOL \\u00e9 um Cola e Veda de base Poliuretano monocomponente, com elevada elasticidade, excelente desempenho mec\\u00e2nico e grande resist\\u00eancia \\u00e1s intemp\\u00e9ries. Forma uma junta flex\\u00edvel e resistente na generalidade dos materiais de constru\\u00e7\\u00e3o. Possui certifica\\u00e7\\u00e3o SNJF para aplica\\u00e7\\u00e3o em alum\\u00ednio anodizado e aplica\\u00e7\\u00e3o de fachadas.\",\"breadcrumb\":{\"@id\":\"https:\/\/chemitool.com\/pt-pt\/products\/chemicals\/vedantes-e-colas\/poliuretano\/sealbond-pu-40-chemipol\/#breadcrumb\"},\"inLanguage\":\"pt-PT\",\"potentialAction\":[{\"@type\":\"ReadAction\",\"target\":[\"https:\/\/chemitool.com\/pt-pt\/products\/chemicals\/vedantes-e-colas\/poliuretano\/sealbond-pu-40-chemipol\/\"]}]},{\"@type\":\"BreadcrumbList\",\"@id\":\"https:\/\/chemitool.com\/pt-pt\/products\/chemicals\/vedantes-e-colas\/poliuretano\/sealbond-pu-40-chemipol\/#breadcrumb\",\"itemListElement\":[{\"@type\":\"ListItem\",\"position\":1,\"name\":\"Home\",\"item\":\"https:\/\/chemitool.com\/pt-pt\/\"},{\"@type\":\"ListItem\",\"position\":2,\"name\":\"Produtos\",\"item\":\"https:\/\/chemitool.com\/pt-pt\/produtos\/\"},{\"@type\":\"ListItem\",\"position\":3,\"name\":\"Chemicals\",\"item\":\"https:\/\/chemitool.com\/product-category\/chemical-products\/\"},{\"@type\":\"ListItem\",\"position\":4,\"name\":\"SEAL&#038;BOND PU 40 CHEMIPOL\"}]}]}<\/script>\n<!-- \/ Yoast SEO plugin. -->","yoast_head_json":{"title":"SEAL&BOND PU 40 CHEMIPOL &ndash; Chemitool","description":"SEAL&amp;BOND PU 40CHEMIPOL \u00e9 um Cola e Veda de base Poliuretano monocomponente, com elevada elasticidade, excelente desempenho mec\u00e2nico e grande resist\u00eancia \u00e1s intemp\u00e9ries. Forma uma junta flex\u00edvel e resistente na generalidade dos materiais de constru\u00e7\u00e3o. Possui certifica\u00e7\u00e3o SNJF para aplica\u00e7\u00e3o em alum\u00ednio anodizado e aplica\u00e7\u00e3o de fachadas.","robots":{"index":"index","follow":"follow","max-snippet":"max-snippet:-1","max-image-preview":"max-image-preview:large","max-video-preview":"max-video-preview:-1"},"canonical":"https:\/\/chemitool.com\/pt-pt\/products\/chemicals\/vedantes-e-colas\/poliuretano\/sealbond-pu-40-chemipol\/","og_locale":"pt_PT","og_type":"article","og_title":"SEAL&BOND PU 40 CHEMIPOL &ndash; Chemitool","og_description":"SEAL&amp;BOND PU 40CHEMIPOL \u00e9 um Cola e Veda de base Poliuretano monocomponente, com elevada elasticidade, excelente desempenho mec\u00e2nico e grande resist\u00eancia \u00e1s intemp\u00e9ries. Forma uma junta flex\u00edvel e resistente na generalidade dos materiais de constru\u00e7\u00e3o. Possui certifica\u00e7\u00e3o SNJF para aplica\u00e7\u00e3o em alum\u00ednio anodizado e aplica\u00e7\u00e3o de fachadas.","og_url":"https:\/\/chemitool.com\/pt-pt\/products\/chemicals\/vedantes-e-colas\/poliuretano\/sealbond-pu-40-chemipol\/","og_site_name":"Chemitool","article_publisher":"https:\/\/www.facebook.com\/chemitool","article_modified_time":"2025-07-11T16:09:50+00:00","og_image":[{"width":800,"height":800,"url":"https:\/\/chemitool.com\/wp-content\/uploads\/2020\/03\/POLYURETHANE_aluminum.png","type":"image\/png"}],"twitter_card":"summary_large_image","twitter_misc":{"Tempo estimado de leitura":"1 minuto"},"schema":{"@context":"https:\/\/schema.org","@graph":[{"@type":"Organization","@id":"https:\/\/chemitool.com\/#organization","name":"Chemitool","url":"https:\/\/chemitool.com\/","sameAs":["https:\/\/www.facebook.com\/chemitool","https:\/\/www.instagram.com\/chemitool\/"],"logo":{"@type":"ImageObject","@id":"https:\/\/chemitool.com\/#logo","inLanguage":"pt-PT","url":"https:\/\/chemitool.com\/wp-content\/uploads\/2020\/10\/logo_chemitool.png","contentUrl":"https:\/\/chemitool.com\/wp-content\/uploads\/2020\/10\/logo_chemitool.png","width":400,"height":400,"caption":"Chemitool"},"image":{"@id":"https:\/\/chemitool.com\/#logo"}},{"@type":"WebSite","@id":"https:\/\/chemitool.com\/#website","url":"https:\/\/chemitool.com\/","name":"Chemitool","description":"Chemitool - hardware and tools","publisher":{"@id":"https:\/\/chemitool.com\/#organization"},"potentialAction":[{"@type":"SearchAction","target":{"@type":"EntryPoint","urlTemplate":"https:\/\/chemitool.com\/?s={search_term_string}"},"query-input":"required name=search_term_string"}],"inLanguage":"pt-PT"},{"@type":"ImageObject","@id":"https:\/\/chemitool.com\/pt-pt\/products\/chemicals\/vedantes-e-colas\/poliuretano\/sealbond-pu-40-chemipol\/#primaryimage","inLanguage":"pt-PT","url":"https:\/\/chemitool.com\/wp-content\/uploads\/2020\/03\/POLYURETHANE_aluminum.png","contentUrl":"https:\/\/chemitool.com\/wp-content\/uploads\/2020\/03\/POLYURETHANE_aluminum.png","width":800,"height":800},{"@type":"WebPage","@id":"https:\/\/chemitool.com\/pt-pt\/products\/chemicals\/vedantes-e-colas\/poliuretano\/sealbond-pu-40-chemipol\/#webpage","url":"https:\/\/chemitool.com\/pt-pt\/products\/chemicals\/vedantes-e-colas\/poliuretano\/sealbond-pu-40-chemipol\/","name":"SEAL&BOND PU 40 CHEMIPOL &ndash; Chemitool","isPartOf":{"@id":"https:\/\/chemitool.com\/#website"},"primaryImageOfPage":{"@id":"https:\/\/chemitool.com\/pt-pt\/products\/chemicals\/vedantes-e-colas\/poliuretano\/sealbond-pu-40-chemipol\/#primaryimage"},"datePublished":"2020-03-26T17:05:24+00:00","dateModified":"2025-07-11T16:09:50+00:00","description":"SEAL&amp;BOND PU 40CHEMIPOL \u00e9 um Cola e Veda de base Poliuretano monocomponente, com elevada elasticidade, excelente desempenho mec\u00e2nico e grande resist\u00eancia \u00e1s intemp\u00e9ries. Forma uma junta flex\u00edvel e resistente na generalidade dos materiais de constru\u00e7\u00e3o. Possui certifica\u00e7\u00e3o SNJF para aplica\u00e7\u00e3o em alum\u00ednio anodizado e aplica\u00e7\u00e3o de fachadas.","breadcrumb":{"@id":"https:\/\/chemitool.com\/pt-pt\/products\/chemicals\/vedantes-e-colas\/poliuretano\/sealbond-pu-40-chemipol\/#breadcrumb"},"inLanguage":"pt-PT","potentialAction":[{"@type":"ReadAction","target":["https:\/\/chemitool.com\/pt-pt\/products\/chemicals\/vedantes-e-colas\/poliuretano\/sealbond-pu-40-chemipol\/"]}]},{"@type":"BreadcrumbList","@id":"https:\/\/chemitool.com\/pt-pt\/products\/chemicals\/vedantes-e-colas\/poliuretano\/sealbond-pu-40-chemipol\/#breadcrumb","itemListElement":[{"@type":"ListItem","position":1,"name":"Home","item":"https:\/\/chemitool.com\/pt-pt\/"},{"@type":"ListItem","position":2,"name":"Produtos","item":"https:\/\/chemitool.com\/pt-pt\/produtos\/"},{"@type":"ListItem","position":3,"name":"Chemicals","item":"https:\/\/chemitool.com\/product-category\/chemical-products\/"},{"@type":"ListItem","position":4,"name":"SEAL&#038;BOND PU 40 CHEMIPOL"}]}]}},"_links":{"self":[{"href":"https:\/\/chemitool.com\/pt-pt\/wp-json\/wp\/v2\/product\/3712"}],"collection":[{"href":"https:\/\/chemitool.com\/pt-pt\/wp-json\/wp\/v2\/product"}],"about":[{"href":"https:\/\/chemitool.com\/pt-pt\/wp-json\/wp\/v2\/types\/product"}],"wp:featuredmedia":[{"embeddable":true,"href":"https:\/\/chemitool.com\/pt-pt\/wp-json\/wp\/v2\/media\/29989"}],"wp:attachment":[{"href":"https:\/\/chemitool.com\/pt-pt\/wp-json\/wp\/v2\/media?parent=3712"}],"wp:term":[{"taxonomy":"product_cat","embeddable":true,"href":"https:\/\/chemitool.com\/pt-pt\/wp-json\/wp\/v2\/product_cat?post=3712"},{"taxonomy":"product_tag","embeddable":true,"href":"https:\/\/chemitool.com\/pt-pt\/wp-json\/wp\/v2\/product_tag?post=3712"}],"curies":[{"name":"wp","href":"https:\/\/api.w.org\/{rel}","templated":true}]}}