{"id":3710,"date":"2020-03-26T17:05:29","date_gmt":"2020-03-26T17:05:29","guid":{"rendered":"https:\/\/chemitool.com\/products\/sem%20categoria\/selante-acrilico-chemiacryl\/"},"modified":"2023-03-08T15:55:57","modified_gmt":"2023-03-08T15:55:57","slug":"selante-acrilico-chemiacryl","status":"publish","type":"product","link":"https:\/\/chemitool.com\/pt-pt\/products\/chemicals\/selantes\/selante-acrilico-chemiacryl\/","title":{"rendered":"SELANTE ACR\u00cdLICO CHEMIACRYL"},"content":{"rendered":"<p><strong>VANTAGENS<\/strong><\/p>\n<ul>\n<li>F\u00e1cil de aplicar<\/li>\n<li>Pode ser pintado<\/li>\n<li>Facilmente alisado e nivelado<\/li>\n<li>Depois de seco forma uma camada que repele a \u00e1gua<\/li>\n<li>Mant\u00e9m a flexibilidade, mesmo depois de seco<\/li>\n<li>Boa resist\u00eancia \u00e0 \u00e1gua e \u00e0s intemp\u00e9ries<\/li>\n<\/ul>\n<p><strong>INDICA\u00c7\u00d5ES<\/strong><br \/>\nO produto cura por desidrata\u00e7\u00e3o (seca por perda de \u00e1gua), por isso deve proteger da \u00e1gua at\u00e9 que as juntas formem uma pel\u00edcula resistente e s\u00f3lida.<br \/>\nFatores como humidade elevada, baixas temperaturas e juntas demasiado espessas, podem retardar significativamente a forma\u00e7\u00e3o de pel\u00edcula e a secagem.<br \/>\nEm aplica\u00e7\u00f5es no exterior, o produto seco deve ser protegido da chuva torrencial e deve evitar-se o contacto permanente com a \u00e1gua e a humidade.<br \/>\nDurante o processo de secagem, a cor do selante pode variar ligeiramente.<br \/>\nO produto \u00e9 compat\u00edvel com diversos sistemas de pinturas, no entanto, recomenda-se realizar um teste pr\u00e9vio.<br \/>\nAntes de pintar, o selante deve estar completamente seco.<br \/>\nN\u00e3o aplicar em contacto com superf\u00edcies que podem libertar betume, alcatr\u00e3o ou plastificantes.<\/p>\n","protected":false},"excerpt":{"rendered":"<p><em>Selante Acr\u00edlico CHEMIACRYL <\/em>\u00e9 um vedante el\u00e1stico de base acr\u00edlica que protege do p\u00f3 e da \u00e1gua.<\/p>\n","protected":false},"featured_media":22917,"template":"","meta":[],"product_cat":[109,1530],"product_tag":[118],"yoast_head":"<!-- This site is optimized with the Yoast SEO plugin v17.4 - https:\/\/yoast.com\/wordpress\/plugins\/seo\/ -->\n<title>SELANTE ACR\u00cdLICO CHEMIACRYL &ndash; Chemitool<\/title>\n<meta name=\"description\" content=\"Selante Acr\u00edlico CHEMIACRYL \u00e9 um vedante el\u00e1stico de base acr\u00edlica que protege do p\u00f3 e da \u00e1gua.\" \/>\n<meta name=\"robots\" content=\"index, follow, max-snippet:-1, max-image-preview:large, max-video-preview:-1\" \/>\n<link rel=\"canonical\" href=\"https:\/\/chemitool.com\/pt-pt\/products\/chemicals\/selantes\/selante-acrilico-chemiacryl\/\" \/>\n<meta property=\"og:locale\" content=\"pt_PT\" \/>\n<meta property=\"og:type\" content=\"article\" \/>\n<meta property=\"og:title\" content=\"SELANTE ACR\u00cdLICO CHEMIACRYL &ndash; Chemitool\" \/>\n<meta property=\"og:description\" content=\"Selante Acr\u00edlico CHEMIACRYL \u00e9 um vedante el\u00e1stico de base acr\u00edlica que protege do p\u00f3 e da \u00e1gua.\" \/>\n<meta property=\"og:url\" content=\"https:\/\/chemitool.com\/pt-pt\/products\/chemicals\/selantes\/selante-acrilico-chemiacryl\/\" \/>\n<meta property=\"og:site_name\" content=\"Chemitool\" \/>\n<meta property=\"article:publisher\" content=\"https:\/\/www.facebook.com\/chemitool\" \/>\n<meta property=\"article:modified_time\" content=\"2023-03-08T15:55:57+00:00\" \/>\n<meta property=\"og:image\" content=\"https:\/\/chemitool.com\/wp-content\/uploads\/2022\/05\/CH1401_new.png\" \/>\n\t<meta property=\"og:image:width\" content=\"800\" \/>\n\t<meta property=\"og:image:height\" content=\"800\" \/>\n<meta name=\"twitter:card\" content=\"summary_large_image\" \/>\n<meta name=\"twitter:label1\" content=\"Tempo estimado de leitura\" \/>\n\t<meta name=\"twitter:data1\" content=\"1 minuto\" \/>\n<script type=\"application\/ld+json\" class=\"yoast-schema-graph\">{\"@context\":\"https:\/\/schema.org\",\"@graph\":[{\"@type\":\"Organization\",\"@id\":\"https:\/\/chemitool.com\/#organization\",\"name\":\"Chemitool\",\"url\":\"https:\/\/chemitool.com\/\",\"sameAs\":[\"https:\/\/www.facebook.com\/chemitool\",\"https:\/\/www.instagram.com\/chemitool\/\"],\"logo\":{\"@type\":\"ImageObject\",\"@id\":\"https:\/\/chemitool.com\/#logo\",\"inLanguage\":\"pt-PT\",\"url\":\"https:\/\/chemitool.com\/wp-content\/uploads\/2020\/10\/logo_chemitool.png\",\"contentUrl\":\"https:\/\/chemitool.com\/wp-content\/uploads\/2020\/10\/logo_chemitool.png\",\"width\":400,\"height\":400,\"caption\":\"Chemitool\"},\"image\":{\"@id\":\"https:\/\/chemitool.com\/#logo\"}},{\"@type\":\"WebSite\",\"@id\":\"https:\/\/chemitool.com\/#website\",\"url\":\"https:\/\/chemitool.com\/\",\"name\":\"Chemitool\",\"description\":\"Chemitool - hardware and tools\",\"publisher\":{\"@id\":\"https:\/\/chemitool.com\/#organization\"},\"potentialAction\":[{\"@type\":\"SearchAction\",\"target\":{\"@type\":\"EntryPoint\",\"urlTemplate\":\"https:\/\/chemitool.com\/?s={search_term_string}\"},\"query-input\":\"required name=search_term_string\"}],\"inLanguage\":\"pt-PT\"},{\"@type\":\"ImageObject\",\"@id\":\"https:\/\/chemitool.com\/pt-pt\/products\/chemicals\/selantes\/selante-acrilico-chemiacryl\/#primaryimage\",\"inLanguage\":\"pt-PT\",\"url\":\"https:\/\/chemitool.com\/wp-content\/uploads\/2022\/05\/CH1401_new.png\",\"contentUrl\":\"https:\/\/chemitool.com\/wp-content\/uploads\/2022\/05\/CH1401_new.png\",\"width\":800,\"height\":800},{\"@type\":\"WebPage\",\"@id\":\"https:\/\/chemitool.com\/pt-pt\/products\/chemicals\/selantes\/selante-acrilico-chemiacryl\/#webpage\",\"url\":\"https:\/\/chemitool.com\/pt-pt\/products\/chemicals\/selantes\/selante-acrilico-chemiacryl\/\",\"name\":\"SELANTE ACR\\u00cdLICO CHEMIACRYL &ndash; Chemitool\",\"isPartOf\":{\"@id\":\"https:\/\/chemitool.com\/#website\"},\"primaryImageOfPage\":{\"@id\":\"https:\/\/chemitool.com\/pt-pt\/products\/chemicals\/selantes\/selante-acrilico-chemiacryl\/#primaryimage\"},\"datePublished\":\"2020-03-26T17:05:29+00:00\",\"dateModified\":\"2023-03-08T15:55:57+00:00\",\"description\":\"Selante Acr\\u00edlico CHEMIACRYL \\u00e9 um vedante el\\u00e1stico de base acr\\u00edlica que protege do p\\u00f3 e da \\u00e1gua.\",\"breadcrumb\":{\"@id\":\"https:\/\/chemitool.com\/pt-pt\/products\/chemicals\/selantes\/selante-acrilico-chemiacryl\/#breadcrumb\"},\"inLanguage\":\"pt-PT\",\"potentialAction\":[{\"@type\":\"ReadAction\",\"target\":[\"https:\/\/chemitool.com\/pt-pt\/products\/chemicals\/selantes\/selante-acrilico-chemiacryl\/\"]}]},{\"@type\":\"BreadcrumbList\",\"@id\":\"https:\/\/chemitool.com\/pt-pt\/products\/chemicals\/selantes\/selante-acrilico-chemiacryl\/#breadcrumb\",\"itemListElement\":[{\"@type\":\"ListItem\",\"position\":1,\"name\":\"Home\",\"item\":\"https:\/\/chemitool.com\/pt-pt\/\"},{\"@type\":\"ListItem\",\"position\":2,\"name\":\"Produtos\",\"item\":\"https:\/\/chemitool.com\/pt-pt\/produtos\/\"},{\"@type\":\"ListItem\",\"position\":3,\"name\":\"Chemicals\",\"item\":\"https:\/\/chemitool.com\/product-category\/chemical-products\/\"},{\"@type\":\"ListItem\",\"position\":4,\"name\":\"SELANTE ACR\\u00cdLICO CHEMIACRYL\"}]}]}<\/script>\n<!-- \/ Yoast SEO plugin. -->","yoast_head_json":{"title":"SELANTE ACR\u00cdLICO CHEMIACRYL &ndash; Chemitool","description":"Selante Acr\u00edlico CHEMIACRYL \u00e9 um vedante el\u00e1stico de base acr\u00edlica que protege do p\u00f3 e da \u00e1gua.","robots":{"index":"index","follow":"follow","max-snippet":"max-snippet:-1","max-image-preview":"max-image-preview:large","max-video-preview":"max-video-preview:-1"},"canonical":"https:\/\/chemitool.com\/pt-pt\/products\/chemicals\/selantes\/selante-acrilico-chemiacryl\/","og_locale":"pt_PT","og_type":"article","og_title":"SELANTE ACR\u00cdLICO CHEMIACRYL &ndash; Chemitool","og_description":"Selante Acr\u00edlico CHEMIACRYL \u00e9 um vedante el\u00e1stico de base acr\u00edlica que protege do p\u00f3 e da \u00e1gua.","og_url":"https:\/\/chemitool.com\/pt-pt\/products\/chemicals\/selantes\/selante-acrilico-chemiacryl\/","og_site_name":"Chemitool","article_publisher":"https:\/\/www.facebook.com\/chemitool","article_modified_time":"2023-03-08T15:55:57+00:00","og_image":[{"width":800,"height":800,"url":"https:\/\/chemitool.com\/wp-content\/uploads\/2022\/05\/CH1401_new.png","type":"image\/png"}],"twitter_card":"summary_large_image","twitter_misc":{"Tempo estimado de leitura":"1 minuto"},"schema":{"@context":"https:\/\/schema.org","@graph":[{"@type":"Organization","@id":"https:\/\/chemitool.com\/#organization","name":"Chemitool","url":"https:\/\/chemitool.com\/","sameAs":["https:\/\/www.facebook.com\/chemitool","https:\/\/www.instagram.com\/chemitool\/"],"logo":{"@type":"ImageObject","@id":"https:\/\/chemitool.com\/#logo","inLanguage":"pt-PT","url":"https:\/\/chemitool.com\/wp-content\/uploads\/2020\/10\/logo_chemitool.png","contentUrl":"https:\/\/chemitool.com\/wp-content\/uploads\/2020\/10\/logo_chemitool.png","width":400,"height":400,"caption":"Chemitool"},"image":{"@id":"https:\/\/chemitool.com\/#logo"}},{"@type":"WebSite","@id":"https:\/\/chemitool.com\/#website","url":"https:\/\/chemitool.com\/","name":"Chemitool","description":"Chemitool - hardware and tools","publisher":{"@id":"https:\/\/chemitool.com\/#organization"},"potentialAction":[{"@type":"SearchAction","target":{"@type":"EntryPoint","urlTemplate":"https:\/\/chemitool.com\/?s={search_term_string}"},"query-input":"required name=search_term_string"}],"inLanguage":"pt-PT"},{"@type":"ImageObject","@id":"https:\/\/chemitool.com\/pt-pt\/products\/chemicals\/selantes\/selante-acrilico-chemiacryl\/#primaryimage","inLanguage":"pt-PT","url":"https:\/\/chemitool.com\/wp-content\/uploads\/2022\/05\/CH1401_new.png","contentUrl":"https:\/\/chemitool.com\/wp-content\/uploads\/2022\/05\/CH1401_new.png","width":800,"height":800},{"@type":"WebPage","@id":"https:\/\/chemitool.com\/pt-pt\/products\/chemicals\/selantes\/selante-acrilico-chemiacryl\/#webpage","url":"https:\/\/chemitool.com\/pt-pt\/products\/chemicals\/selantes\/selante-acrilico-chemiacryl\/","name":"SELANTE ACR\u00cdLICO CHEMIACRYL &ndash; Chemitool","isPartOf":{"@id":"https:\/\/chemitool.com\/#website"},"primaryImageOfPage":{"@id":"https:\/\/chemitool.com\/pt-pt\/products\/chemicals\/selantes\/selante-acrilico-chemiacryl\/#primaryimage"},"datePublished":"2020-03-26T17:05:29+00:00","dateModified":"2023-03-08T15:55:57+00:00","description":"Selante Acr\u00edlico CHEMIACRYL \u00e9 um vedante el\u00e1stico de base acr\u00edlica que protege do p\u00f3 e da \u00e1gua.","breadcrumb":{"@id":"https:\/\/chemitool.com\/pt-pt\/products\/chemicals\/selantes\/selante-acrilico-chemiacryl\/#breadcrumb"},"inLanguage":"pt-PT","potentialAction":[{"@type":"ReadAction","target":["https:\/\/chemitool.com\/pt-pt\/products\/chemicals\/selantes\/selante-acrilico-chemiacryl\/"]}]},{"@type":"BreadcrumbList","@id":"https:\/\/chemitool.com\/pt-pt\/products\/chemicals\/selantes\/selante-acrilico-chemiacryl\/#breadcrumb","itemListElement":[{"@type":"ListItem","position":1,"name":"Home","item":"https:\/\/chemitool.com\/pt-pt\/"},{"@type":"ListItem","position":2,"name":"Produtos","item":"https:\/\/chemitool.com\/pt-pt\/produtos\/"},{"@type":"ListItem","position":3,"name":"Chemicals","item":"https:\/\/chemitool.com\/product-category\/chemical-products\/"},{"@type":"ListItem","position":4,"name":"SELANTE ACR\u00cdLICO CHEMIACRYL"}]}]}},"_links":{"self":[{"href":"https:\/\/chemitool.com\/pt-pt\/wp-json\/wp\/v2\/product\/3710"}],"collection":[{"href":"https:\/\/chemitool.com\/pt-pt\/wp-json\/wp\/v2\/product"}],"about":[{"href":"https:\/\/chemitool.com\/pt-pt\/wp-json\/wp\/v2\/types\/product"}],"wp:featuredmedia":[{"embeddable":true,"href":"https:\/\/chemitool.com\/pt-pt\/wp-json\/wp\/v2\/media\/22917"}],"wp:attachment":[{"href":"https:\/\/chemitool.com\/pt-pt\/wp-json\/wp\/v2\/media?parent=3710"}],"wp:term":[{"taxonomy":"product_cat","embeddable":true,"href":"https:\/\/chemitool.com\/pt-pt\/wp-json\/wp\/v2\/product_cat?post=3710"},{"taxonomy":"product_tag","embeddable":true,"href":"https:\/\/chemitool.com\/pt-pt\/wp-json\/wp\/v2\/product_tag?post=3710"}],"curies":[{"name":"wp","href":"https:\/\/api.w.org\/{rel}","templated":true}]}}